{"id":7155,"date":"2024-09-17T22:15:44","date_gmt":"2024-09-17T22:15:44","guid":{"rendered":"https:\/\/kmblock.com\/product\/audi-a8-s8-rs8-d5\/"},"modified":"2024-09-17T22:15:44","modified_gmt":"2024-09-17T22:15:44","slug":"audi-a8-s8-rs8-d5","status":"publish","type":"product","link":"https:\/\/kmblock.com\/de\/product\/audi-a8-s8-rs8-d5\/","title":{"rendered":"Audi A8\/S8\/RS8\/D5"},"content":{"rendered":"<div class=\"flex max-w-full flex-col flex-grow\">\n<div class=\"min-h-[20px] text-message flex w-full flex-col items-end gap-2 whitespace-normal break-words [.text-message+&amp;]:mt-5\" dir=\"auto\" data-message-author-role=\"assistant\" data-message-id=\"765a5d77-1b34-437a-a971-026f3a7fac57\">\n<div class=\"flex w-full flex-col gap-1 empty:hidden first:pt-[3px]\">\n<div class=\"markdown prose w-full break-words dark:prose-invert dark\">\n<h3><strong>Laufleistungssperre f\u00fcr Audi A8\/S8\/RS8 &#8211; D5<\/strong><\/h3>\n<p>Der Audi A8\/S8\/RS8 &#8211; D5 Mileage Blocker, auch bekannt als Odometer Blocker, Odometer Stopper, Can Blocker, Mileage Stopper, Trip Odometer, Can Filter oder Mileage Correction Tool, ist f\u00fcr alle Audi A8\/S8\/RS8\/D5 Modelle, die seit 2017 auf den Markt gekommen sind, geeignet.<\/p>\n<h3><strong>Spezifikationen:<\/strong><\/h3>\n<ul>\n<li><strong>Nahtlose Installation:<\/strong> Die Anschlussfl\u00e4che und die Rillen des Steckers sorgen f\u00fcr eine einfache Installation.<\/li>\n<li><strong>Hochwertige Komponenten:<\/strong> Mit hochwertigen Steckern und hitzebest\u00e4ndigen Kabeln.<\/li>\n<li><strong>Stabile Leistung:<\/strong> Der Kilometerstand erh\u00f6ht sich nach dem Ausbau nicht.<\/li>\n<li><strong>Aktivierung:<\/strong> Kann durch Dr\u00fccken einer Taste am Lenkrad aktiviert werden.<\/li>\n<li><strong>Nicht nachweisbar:<\/strong> Diagnosetester k\u00f6nnen keine \u00c4nderungen des Kilometerstandes feststellen.<\/li>\n<li><strong>Dauerhafte Einstellungen:<\/strong> Einmal eingestellte Konfigurationen werden dauerhaft gespeichert.<\/li>\n<li><strong>Funktionsf\u00e4higkeit:<\/strong> Tachometer und andere Assistenzsysteme funktionieren einwandfrei.<\/li>\n<li><strong>Heimwerkerfreundlich:<\/strong> Einfache Installation ohne tiefgreifende Fahrzeugkenntnisse erforderlich.<\/li>\n<li><strong>Keine Modifikationen erforderlich:<\/strong> Kein L\u00f6ten oder Schneiden von Kabeln erforderlich.<\/li>\n<li><strong>Keine Fehlermeldungen:<\/strong> Keine Fehler auf dem Tachometer oder dem Navigationspanel.<\/li>\n<li><strong>Mehrere Modi:<\/strong> Bietet verschiedene Betriebsmodi.<\/li>\n<li><strong>Motorleuchte:<\/strong> Die Aktivierung des Ger\u00e4ts kann bei Modellen ab Ende 2020 die Motorkontrollleuchte ausl\u00f6sen.<\/li>\n<li><strong>Abweichung beim Kilometerstand:<\/strong> F\u00fcr den Modus, der den Kilometerstand vollst\u00e4ndig ver\u00e4ndert, ist eine Abweichung von bis zu 1% erlaubt. Der angezeigte Kilometerstand ist ein N\u00e4herungswert und kann geringf\u00fcgig abweichen. <\/li>\n<li><strong>Wichtiger Update-Hinweis:<\/strong> Aktuelle Hersteller-Updates erfordern m\u00f6glicherweise andere Aktivierungsmethoden. In diesem Fall funktionieren nur die Modi 3 (vollst\u00e4ndiger Stopp) und 4 (vollst\u00e4ndige Z\u00e4hlung). Zur Aktivierung muss das Fahrzeug f\u00fcnfmal hintereinander vollst\u00e4ndig ausgeschaltet werden. Eine PDF-Datei mit detaillierten Anweisungen wird Ihnen nach dem Kauf zur Verf\u00fcgung gestellt.   <\/li>\n<\/ul>\n<h3><strong>Aktivierung &amp; Deaktivierung:<\/strong><\/h3>\n<p>&#8220; Bet\u00e4tigen Sie die Taste &#8218;ok&#8216; am Lenker. Halten Sie die Taste gedr\u00fcckt, bis der Blinker zu blinken beginnt. <\/p>\n<p><strong>Modus 1:<\/strong> 1 Blinken links 20 Prozent<br \/>\n<strong>Modus 2:<\/strong> 2 linke Blinkzeichen 10 Prozent<br \/>\n<strong>Modus 3:<\/strong> 3 Mal links blinken 0 Prozent<br \/>\n<strong>Modus 4:<\/strong> 1 rechtes Blinken 100 Prozent<\/p>\n<p>F\u00fcr den Modus 3: 0 Prozent m\u00fcssen Sie den Modus einschalten, dann das Auto ausschalten und f\u00fcr 2 Minuten verriegeln und dann starten und fahren.&#8220;<\/p>\n<h3><strong>Was ist der Audi A8, S8, RS8, D5 Kilometerz\u00e4hler-Blocker oder Kilometerstandskorrektur-Tool?<\/strong><\/h3>\n<p>Der Mileage Blocker\/Odometer Blocker wird verwendet, um zu verhindern, dass bei Leistungstests ein zus\u00e4tzlicher Kilometerstand aufgezeichnet wird. Wir von KM Block bieten Ihnen qualitativ hochwertige Module mit echten Komponenten. Ganz gleich, ob Ihr Kilometerz\u00e4hler in Meilen oder Kilometern misst, unser Ger\u00e4t wird effektiv arbeiten. Unsere Software ist f\u00fcr jede Marke und jedes Modell ma\u00dfgeschneidert, um eine optimale Leistung zu gew\u00e4hrleisten.   <\/p>\n<p>Bitte beachten Sie, dass wir keine Tools zur Kilometerkorrektur verkaufen, die f\u00fcr betr\u00fcgerische Zwecke gedacht sind, wie z.B. das Zur\u00fccksetzen von Kilometerst\u00e4nden. Diese Tools werden oft verwendet, um den Kilometerstand zur\u00fcckzusetzen, sind aber in allen Datenspeichern des Fahrzeugs unwirksam. <\/p>\n<p>Wir bieten eine Reihe von Mileage Stopper-Ger\u00e4ten an, die f\u00fcr verschiedene Fahrzeuge geeignet sind. Der Einbau ist unkompliziert und erfordert keine speziellen Fahrzeugkenntnisse. Schlie\u00dfen Sie das Ger\u00e4t einfach zwischen dem Tachoanschluss und dem Kombiinstrument an und verwenden Sie die voreingestellten Tastenkombinationen, um den Modus zu wechseln. <\/p>\n<p>Der Mileage Blocker ist mit Diesel-, Benzin-, Plug-in-Hybrid-Elektrofahrzeugen (PHEVs) und Elektroautos kompatibel, was ihn zu einem au\u00dfergew\u00f6hnlichen Ger\u00e4t f\u00fcr kontrollierte Leistungstests macht.<\/p>\n<\/div>\n<\/div>\n<\/div>\n<\/div>\n","protected":false},"excerpt":{"rendered":"<div class=\"flex-shrink-0 flex flex-col relative items-end\">\n<div class=\"pt-0\">\n<div class=\"gizmo-bot-avatar flex h-8 w-8 items-center justify-center overflow-hidden rounded-full\">\n<div class=\"relative p-1 rounded-sm flex items-center justify-center bg-token-main-surface-primary text-token-text-primary h-8 w-8\">\n<p>Bevor Sie Ihre Bestellung aufgeben, lesen Sie bitte die folgenden wichtigen Informationen zur Modulaktivierung, zu Fehlermeldungen und zur Ger\u00e4tefunktion:<\/p>\n<p><strong>DIESES GER\u00c4T IST F\u00dcR ALLE AUDI A6\/S6\/RS6\/C8 MODELLE GEEIGNET, DIE SEIT 2018 ERSCHIENEN SIND.  <\/strong>Entwickelt f\u00fcr den einfachen Einbau zum Selbermachen. Es sind keine speziellen Fahrzeugkenntnisse erforderlich. Der Tachometer und alle Hilfsprogramme funktionieren einwandfrei mit diesem Ger\u00e4t. Erh\u00e4ltlich mit oder ohne App und entweder f\u00fcr 18- oder 32-polige Anschl\u00fcsse.   <\/p>\n<p class=\"p1\"><b> \u2705 Nahtlose Integration<\/b><b><\/b><\/p>\n<p class=\"p1\">\u2705<b> Einfache Installation<\/b><b><\/b><\/p>\n<p class=\"p1\">\u2705<b> Genaue Verwaltung des Kilometerstandes<\/b><b><\/b><\/p>\n<p class=\"p1\"><b> \u2705 Betrieb im Tarnkappenmodus<\/b><b><\/b><\/p>\n<p class=\"p1\"><span class=\"s1\">\u2705<\/span><b> Lebenslanger Support und Updates<\/b><\/p>\n<\/div>\n<\/div>\n<\/div>\n<\/div>\n","protected":false},"featured_media":669,"comment_status":"open","ping_status":"closed","template":"","meta":[],"product_brand":[],"product_cat":[746],"product_tag":[],"class_list":{"0":"post-7155","1":"product","2":"type-product","3":"status-publish","4":"has-post-thumbnail","6":"product_cat-audi","8":"first","9":"instock","10":"taxable","11":"shipping-taxable","12":"purchasable","13":"product-type-variable"},"yoast_head":"<!-- This site is optimized with the Yoast SEO plugin v27.5 - https:\/\/yoast.com\/product\/yoast-seo-wordpress\/ -->\n<title>Audi A8\/S8\/RS8\/D5 Mileage Blocker (KM stopper) \u2192 KM Block<\/title>\n<meta name=\"description\" content=\"Buy a Audi A8\/S8\/RS8\/D5 Mileage Blocker for the Best Prices \u2713 Free Shipping \u2713 Incl. Installation Guides\" \/>\n<meta name=\"robots\" content=\"index, follow, max-snippet:-1, max-image-preview:large, max-video-preview:-1\" \/>\n<meta property=\"og:locale\" content=\"de_DE\" \/>\n<meta property=\"og:type\" content=\"article\" \/>\n<meta property=\"og:title\" content=\"Audi A8\/S8\/RS8\/D5 Mileage Blocker (KM stopper) \u2192 KM Block\" \/>\n<meta property=\"og:description\" content=\"Buy a Audi A8\/S8\/RS8\/D5 Mileage Blocker for the Best Prices \u2713 Free Shipping \u2713 Incl. Installation Guides\" \/>\n<meta property=\"og:url\" content=\"https:\/\/kmblock.com\/de\/product\/audi-a8-s8-rs8-d5\/\" \/>\n<meta property=\"og:site_name\" content=\"KM Block\" \/>\n<meta property=\"og:image\" content=\"https:\/\/kmblock.com\/wp-content\/uploads\/2024\/09\/Audi-A8S8RS8D4-1.jpg\" \/>\n\t<meta property=\"og:image:width\" content=\"800\" \/>\n\t<meta property=\"og:image:height\" content=\"800\" \/>\n\t<meta property=\"og:image:type\" content=\"image\/jpeg\" \/>\n<meta name=\"twitter:card\" content=\"summary_large_image\" \/>\n<meta name=\"twitter:label1\" content=\"Gesch\u00e4tzte Lesezeit\" \/>\n\t<meta name=\"twitter:data1\" content=\"3\u00a0Minuten\" \/>\n<script type=\"application\/ld+json\" class=\"yoast-schema-graph\">{\"@context\":\"https:\\\/\\\/schema.org\",\"@graph\":[{\"@type\":\"WebPage\",\"@id\":\"https:\\\/\\\/kmblock.com\\\/de\\\/product\\\/audi-a8-s8-rs8-d5\\\/\",\"url\":\"https:\\\/\\\/kmblock.com\\\/de\\\/product\\\/audi-a8-s8-rs8-d5\\\/\",\"name\":\"Audi A8\\\/S8\\\/RS8\\\/D5 Mileage Blocker (KM stopper) \u2192 KM Block\",\"isPartOf\":{\"@id\":\"https:\\\/\\\/kmblock.com\\\/de\\\/#website\"},\"primaryImageOfPage\":{\"@id\":\"https:\\\/\\\/kmblock.com\\\/de\\\/product\\\/audi-a8-s8-rs8-d5\\\/#primaryimage\"},\"image\":{\"@id\":\"https:\\\/\\\/kmblock.com\\\/de\\\/product\\\/audi-a8-s8-rs8-d5\\\/#primaryimage\"},\"thumbnailUrl\":\"https:\\\/\\\/kmblock.com\\\/wp-content\\\/uploads\\\/2024\\\/09\\\/Audi-A8S8RS8D4-1.jpg\",\"datePublished\":\"2024-09-17T22:15:44+00:00\",\"description\":\"Buy a Audi A8\\\/S8\\\/RS8\\\/D5 Mileage Blocker for the Best Prices \u2713 Free Shipping \u2713 Incl. Installation Guides\",\"breadcrumb\":{\"@id\":\"https:\\\/\\\/kmblock.com\\\/de\\\/product\\\/audi-a8-s8-rs8-d5\\\/#breadcrumb\"},\"inLanguage\":\"de\",\"potentialAction\":[{\"@type\":\"ReadAction\",\"target\":[\"https:\\\/\\\/kmblock.com\\\/de\\\/product\\\/audi-a8-s8-rs8-d5\\\/\"]}]},{\"@type\":\"ImageObject\",\"inLanguage\":\"de\",\"@id\":\"https:\\\/\\\/kmblock.com\\\/de\\\/product\\\/audi-a8-s8-rs8-d5\\\/#primaryimage\",\"url\":\"https:\\\/\\\/kmblock.com\\\/wp-content\\\/uploads\\\/2024\\\/09\\\/Audi-A8S8RS8D4-1.jpg\",\"contentUrl\":\"https:\\\/\\\/kmblock.com\\\/wp-content\\\/uploads\\\/2024\\\/09\\\/Audi-A8S8RS8D4-1.jpg\",\"width\":800,\"height\":800,\"caption\":\"Audi A8\\\/S8\\\/RS8\\\/D5\"},{\"@type\":\"BreadcrumbList\",\"@id\":\"https:\\\/\\\/kmblock.com\\\/de\\\/product\\\/audi-a8-s8-rs8-d5\\\/#breadcrumb\",\"itemListElement\":[{\"@type\":\"ListItem\",\"position\":1,\"name\":\"Startseite\",\"item\":\"https:\\\/\\\/kmblock.com\\\/de\\\/\"},{\"@type\":\"ListItem\",\"position\":2,\"name\":\"Produkte\",\"item\":\"https:\\\/\\\/kmblock.com\\\/de\\\/shop\\\/\"},{\"@type\":\"ListItem\",\"position\":3,\"name\":\"Audi A8\\\/S8\\\/RS8\\\/D5\"}]},{\"@type\":\"WebSite\",\"@id\":\"https:\\\/\\\/kmblock.com\\\/de\\\/#website\",\"url\":\"https:\\\/\\\/kmblock.com\\\/de\\\/\",\"name\":\"KM Block\",\"description\":\"\",\"publisher\":{\"@id\":\"https:\\\/\\\/kmblock.com\\\/de\\\/#organization\"},\"potentialAction\":[{\"@type\":\"SearchAction\",\"target\":{\"@type\":\"EntryPoint\",\"urlTemplate\":\"https:\\\/\\\/kmblock.com\\\/de\\\/?s={search_term_string}\"},\"query-input\":{\"@type\":\"PropertyValueSpecification\",\"valueRequired\":true,\"valueName\":\"search_term_string\"}}],\"inLanguage\":\"de\"},{\"@type\":\"Organization\",\"@id\":\"https:\\\/\\\/kmblock.com\\\/de\\\/#organization\",\"name\":\"KM-Block\",\"url\":\"https:\\\/\\\/kmblock.com\\\/de\\\/\",\"logo\":{\"@type\":\"ImageObject\",\"inLanguage\":\"de\",\"@id\":\"https:\\\/\\\/kmblock.com\\\/de\\\/#\\\/schema\\\/logo\\\/image\\\/\",\"url\":\"https:\\\/\\\/kmblock.com\\\/wp-content\\\/uploads\\\/2024\\\/08\\\/main-logo.png\",\"contentUrl\":\"https:\\\/\\\/kmblock.com\\\/wp-content\\\/uploads\\\/2024\\\/08\\\/main-logo.png\",\"width\":186,\"height\":28,\"caption\":\"KM-Block\"},\"image\":{\"@id\":\"https:\\\/\\\/kmblock.com\\\/de\\\/#\\\/schema\\\/logo\\\/image\\\/\"}}]}<\/script>\n<!-- \/ Yoast SEO plugin. -->","yoast_head_json":{"title":"Audi A8\/S8\/RS8\/D5 Mileage Blocker (KM stopper) \u2192 KM Block","description":"Buy a Audi A8\/S8\/RS8\/D5 Mileage Blocker for the Best Prices \u2713 Free Shipping \u2713 Incl. Installation Guides","robots":{"index":"index","follow":"follow","max-snippet":"max-snippet:-1","max-image-preview":"max-image-preview:large","max-video-preview":"max-video-preview:-1"},"og_locale":"de_DE","og_type":"article","og_title":"Audi A8\/S8\/RS8\/D5 Mileage Blocker (KM stopper) \u2192 KM Block","og_description":"Buy a Audi A8\/S8\/RS8\/D5 Mileage Blocker for the Best Prices \u2713 Free Shipping \u2713 Incl. Installation Guides","og_url":"https:\/\/kmblock.com\/de\/product\/audi-a8-s8-rs8-d5\/","og_site_name":"KM Block","og_image":[{"width":800,"height":800,"url":"https:\/\/kmblock.com\/wp-content\/uploads\/2024\/09\/Audi-A8S8RS8D4-1.jpg","type":"image\/jpeg"}],"twitter_card":"summary_large_image","twitter_misc":{"Gesch\u00e4tzte Lesezeit":"3\u00a0Minuten"},"schema":{"@context":"https:\/\/schema.org","@graph":[{"@type":"WebPage","@id":"https:\/\/kmblock.com\/de\/product\/audi-a8-s8-rs8-d5\/","url":"https:\/\/kmblock.com\/de\/product\/audi-a8-s8-rs8-d5\/","name":"Audi A8\/S8\/RS8\/D5 Mileage Blocker (KM stopper) \u2192 KM Block","isPartOf":{"@id":"https:\/\/kmblock.com\/de\/#website"},"primaryImageOfPage":{"@id":"https:\/\/kmblock.com\/de\/product\/audi-a8-s8-rs8-d5\/#primaryimage"},"image":{"@id":"https:\/\/kmblock.com\/de\/product\/audi-a8-s8-rs8-d5\/#primaryimage"},"thumbnailUrl":"https:\/\/kmblock.com\/wp-content\/uploads\/2024\/09\/Audi-A8S8RS8D4-1.jpg","datePublished":"2024-09-17T22:15:44+00:00","description":"Buy a Audi A8\/S8\/RS8\/D5 Mileage Blocker for the Best Prices \u2713 Free Shipping \u2713 Incl. Installation Guides","breadcrumb":{"@id":"https:\/\/kmblock.com\/de\/product\/audi-a8-s8-rs8-d5\/#breadcrumb"},"inLanguage":"de","potentialAction":[{"@type":"ReadAction","target":["https:\/\/kmblock.com\/de\/product\/audi-a8-s8-rs8-d5\/"]}]},{"@type":"ImageObject","inLanguage":"de","@id":"https:\/\/kmblock.com\/de\/product\/audi-a8-s8-rs8-d5\/#primaryimage","url":"https:\/\/kmblock.com\/wp-content\/uploads\/2024\/09\/Audi-A8S8RS8D4-1.jpg","contentUrl":"https:\/\/kmblock.com\/wp-content\/uploads\/2024\/09\/Audi-A8S8RS8D4-1.jpg","width":800,"height":800,"caption":"Audi A8\/S8\/RS8\/D5"},{"@type":"BreadcrumbList","@id":"https:\/\/kmblock.com\/de\/product\/audi-a8-s8-rs8-d5\/#breadcrumb","itemListElement":[{"@type":"ListItem","position":1,"name":"Startseite","item":"https:\/\/kmblock.com\/de\/"},{"@type":"ListItem","position":2,"name":"Produkte","item":"https:\/\/kmblock.com\/de\/shop\/"},{"@type":"ListItem","position":3,"name":"Audi A8\/S8\/RS8\/D5"}]},{"@type":"WebSite","@id":"https:\/\/kmblock.com\/de\/#website","url":"https:\/\/kmblock.com\/de\/","name":"KM Block","description":"","publisher":{"@id":"https:\/\/kmblock.com\/de\/#organization"},"potentialAction":[{"@type":"SearchAction","target":{"@type":"EntryPoint","urlTemplate":"https:\/\/kmblock.com\/de\/?s={search_term_string}"},"query-input":{"@type":"PropertyValueSpecification","valueRequired":true,"valueName":"search_term_string"}}],"inLanguage":"de"},{"@type":"Organization","@id":"https:\/\/kmblock.com\/de\/#organization","name":"KM-Block","url":"https:\/\/kmblock.com\/de\/","logo":{"@type":"ImageObject","inLanguage":"de","@id":"https:\/\/kmblock.com\/de\/#\/schema\/logo\/image\/","url":"https:\/\/kmblock.com\/wp-content\/uploads\/2024\/08\/main-logo.png","contentUrl":"https:\/\/kmblock.com\/wp-content\/uploads\/2024\/08\/main-logo.png","width":186,"height":28,"caption":"KM-Block"},"image":{"@id":"https:\/\/kmblock.com\/de\/#\/schema\/logo\/image\/"}}]}},"_links":{"self":[{"href":"https:\/\/kmblock.com\/de\/wp-json\/wp\/v2\/product\/7155","targetHints":{"allow":["GET"]}}],"collection":[{"href":"https:\/\/kmblock.com\/de\/wp-json\/wp\/v2\/product"}],"about":[{"href":"https:\/\/kmblock.com\/de\/wp-json\/wp\/v2\/types\/product"}],"replies":[{"embeddable":true,"href":"https:\/\/kmblock.com\/de\/wp-json\/wp\/v2\/comments?post=7155"}],"wp:featuredmedia":[{"embeddable":true,"href":"https:\/\/kmblock.com\/de\/wp-json\/wp\/v2\/media\/669"}],"wp:attachment":[{"href":"https:\/\/kmblock.com\/de\/wp-json\/wp\/v2\/media?parent=7155"}],"wp:term":[{"taxonomy":"product_brand","embeddable":true,"href":"https:\/\/kmblock.com\/de\/wp-json\/wp\/v2\/product_brand?post=7155"},{"taxonomy":"product_cat","embeddable":true,"href":"https:\/\/kmblock.com\/de\/wp-json\/wp\/v2\/product_cat?post=7155"},{"taxonomy":"product_tag","embeddable":true,"href":"https:\/\/kmblock.com\/de\/wp-json\/wp\/v2\/product_tag?post=7155"}],"curies":[{"name":"wp","href":"https:\/\/api.w.org\/{rel}","templated":true}]}}