{"id":7127,"date":"2024-09-17T23:48:25","date_gmt":"2024-09-17T23:48:25","guid":{"rendered":"https:\/\/kmblock.com\/product\/audi-e-tron-ge-gt-fw\/"},"modified":"2024-09-17T23:48:25","modified_gmt":"2024-09-17T23:48:25","slug":"audi-e-tron-ge-gt-fw","status":"publish","type":"product","link":"https:\/\/kmblock.com\/de\/product\/audi-e-tron-ge-gt-fw\/","title":{"rendered":"Audi E-tron GE GT FW"},"content":{"rendered":"<div class=\"flex max-w-full flex-col flex-grow\">\n<div class=\"min-h-[20px] text-message flex w-full flex-col items-end gap-2 whitespace-normal break-words [.text-message+&amp;]:mt-5\" dir=\"auto\" data-message-author-role=\"assistant\" data-message-id=\"765a5d77-1b34-437a-a971-026f3a7fac57\">\n<div class=\"flex w-full flex-col gap-1 empty:hidden first:pt-[3px]\">\n<div class=\"markdown prose w-full break-words dark:prose-invert dark\">\n<h3><strong>Laufleistungssperre f\u00fcr Audi E-Tron GE GT FW<\/strong><\/h3>\n<p>Der Audi E-Tron GE GT FW Mileage Blocker, auch bekannt als Odometer Blocker, Odometer Stopper, Can Blocker, Mileage Stopper, Trip Odometer oder Can Filter, ist f\u00fcr alle Audi E-Tron GE GT FW Modelle, die seit 2018 auf den Markt gekommen sind, geeignet.<\/p>\n<h3><strong>Spezifikationen:<\/strong><\/h3>\n<ul>\n<li><strong>Nahtlose Installation:<\/strong> Die Steckseite und die Rillen am Stecker sorgen f\u00fcr eine reibungslose Installation.<\/li>\n<li><strong>Hochwertige Komponenten:<\/strong> Ausgestattet mit hochwertigen Steckern und hitzebest\u00e4ndigen Kabeln.<\/li>\n<li><strong>Stabile Leistung:<\/strong> Der Kilometerstand erh\u00f6ht sich nach dem Ausbau nicht.<\/li>\n<li><strong>Aktivierung:<\/strong> Einfach durch Dr\u00fccken einer Taste am Lenkrad zu aktivieren.<\/li>\n<li><strong>Nicht nachweisbar:<\/strong> Diagnosetester k\u00f6nnen keine \u00c4nderungen des Kilometerstandes feststellen.<\/li>\n<li><strong>Dauerhafte Einstellungen:<\/strong> Einmal eingestellte Konfigurationen werden dauerhaft gespeichert.<\/li>\n<li><strong>Funktionsf\u00e4higkeit:<\/strong> Der Tachometer und alle Assistenzsysteme funktionieren einwandfrei.<\/li>\n<li><strong>DIY-Installation:<\/strong> F\u00fcr die Installation sind keine tiefgreifenden Fahrzeugkenntnisse erforderlich.<\/li>\n<li><strong>Keine Modifikationen erforderlich:<\/strong> Kein L\u00f6ten oder Schneiden von Kabeln erforderlich.<\/li>\n<li><strong>Fehlerfreier Betrieb:<\/strong> Keine Fehlermeldungen auf dem Tachometer oder dem Navigationspanel.<\/li>\n<li><strong>Mehrere Modi:<\/strong> W\u00e4hlen Sie aus verschiedenen Betriebsmodi.<\/li>\n<li><strong>Hinweis zur Motorkontrolleuchte:<\/strong> Bei Fahrzeugen ab Ende 2020 kann die Aktivierung des Ger\u00e4ts die Motorkontrollleuchte ausl\u00f6sen.<\/li>\n<li><strong>Abweichung vom Kilometerstand:<\/strong> F\u00fcr den Modus, der den Kilometerstand ver\u00e4ndert, ist eine Abweichung von bis zu 1% zul\u00e4ssig. Der abgelesene Kilometerstand ist ein N\u00e4herungswert und kann geringf\u00fcgige Abweichungen aufweisen. <\/li>\n<li><strong>Wichtiger Update-Hinweis:<\/strong> Wenn Ihr Fahrzeug vor kurzem ein Hersteller-Update erhalten hat, funktionieren nur die Modi 3 (voller Stopp) und 4 (voller Z\u00e4hler). Um das Modul zu aktivieren, schalten Sie das Fahrzeug f\u00fcnfmal hintereinander vollst\u00e4ndig aus. Ein PDF mit weiteren Details wird Ihnen nach dem Kauf zur Verf\u00fcgung gestellt.  <\/li>\n<\/ul>\n<h3><strong>Aktivierung &amp; Deaktivierung:<\/strong><\/h3>\n<p>&#8220; Bet\u00e4tigen Sie die Taste &#8218;ok&#8216; am Lenker. Halten Sie die Taste gedr\u00fcckt, bis der Blinker zu blinken beginnt. <\/p>\n<p><strong>Modus 1:<\/strong> 1 Blinken links 20 Prozent<br \/>\n<strong>Modus 2:<\/strong> 2 linke Blinkzeichen 10 Prozent<br \/>\n<strong>Modus 3:<\/strong> 3 Mal links blinken 0 Prozent<br \/>\n<strong>Modus 4:<\/strong> 1 rechtes Blinken 100 Prozent<\/p>\n<p>F\u00fcr den Modus 3: 0 Prozent m\u00fcssen Sie den Modus einschalten, dann das Auto ausschalten und f\u00fcr 2 Minuten verriegeln und dann starten und fahren.&#8220;<\/p>\n<h3><strong>Was ist der Audi E-Tron GE GT FW Kilometerz\u00e4hler-Blocker oder Kilometerstandskorrektur-Tool?<\/strong><\/h3>\n<p>Mit dem Mileage Blocker\/Odometer Blocker k\u00f6nnen Sie verhindern, dass unn\u00f6tige Kilometer aufgezeichnet werden, w\u00e4hrend Sie die Leistung Ihres Fahrzeugs testen. Unsere bei KM Block erh\u00e4ltlichen Module verwenden Originalbauteile mit einer f\u00fcr jede Fahrzeugmarke und jedes Modell ma\u00dfgeschneiderten Software, die eine einwandfreie Funktion gew\u00e4hrleistet. Unabh\u00e4ngig davon, ob Ihr Kilometerz\u00e4hler in Meilen oder Kilometern misst, funktioniert das Ger\u00e4t effektiv bei Diesel-, Benzin-, Plug-in-Hybrid-Elektrofahrzeugen (PHEVs) und Elektrofahrzeugen.  <\/p>\n<p>Bitte beachten Sie, dass wir keine Tools zur Kilometerkorrektur verkaufen, die f\u00fcr betr\u00fcgerische Zwecke wie das Zur\u00fcckdrehen von Kilometerst\u00e4nden gedacht sind. Diese Tools k\u00f6nnen den Kilometerstand in den Datenspeichern des Fahrzeugs nicht vollst\u00e4ndig r\u00fcckg\u00e4ngig machen. <\/p>\n<p>Wir bieten eine Vielzahl von Mileage Stopper-Ger\u00e4ten f\u00fcr verschiedene Fahrzeugmodelle an, die alle den gleichen einfachen Installationsprozess haben. Schlie\u00dfen Sie es einfach zwischen dem Tachoanschluss und dem Kombiinstrument an, um die Vorteile dieses fortschrittlichen Moduls zu nutzen. <\/p>\n<p>Der Audi E-Tron GE GT FW Mileage Blocker ist ein unverzichtbares Werkzeug, um die Fahrzeugleistung in einer kontrollierten Umgebung zu testen.<\/p>\n<\/div>\n<\/div>\n<\/div>\n<\/div>\n","protected":false},"excerpt":{"rendered":"<div class=\"flex-shrink-0 flex flex-col relative items-end\">\n<div class=\"pt-0\">\n<div class=\"gizmo-bot-avatar flex h-8 w-8 items-center justify-center overflow-hidden rounded-full\">\n<div class=\"relative p-1 rounded-sm flex items-center justify-center bg-token-main-surface-primary text-token-text-primary h-8 w-8\">\n<div class=\"flex max-w-full flex-col flex-grow\">\n<div class=\"min-h-[20px] text-message flex w-full flex-col items-end gap-2 whitespace-normal break-words [.text-message+&amp;]:mt-5\" dir=\"auto\" data-message-author-role=\"assistant\" data-message-id=\"0fd9fd7f-13eb-4ff1-af2d-832792e7df5d\">\n<div class=\"flex w-full flex-col gap-1 empty:hidden first:pt-[3px]\">\n<div class=\"markdown prose w-full break-words dark:prose-invert dark\">\n<h4>Bitte lesen Sie vor dem Kauf sorgf\u00e4ltig die unten stehenden Informationen zur Aktivierung des Moduls, zu Fehlermeldungen und zur Funktionalit\u00e4t.<\/h4>\n<p><strong>DIESES GER\u00c4T IST KOMPATIBEL MIT ALLEN AUDI E-TRON GE GT FW MODELLEN, DIE SEIT 2018 ERSCHIENEN SIND.  <\/strong>Vergewissern Sie sich vor der Bestellung, ob Ihr Fahrzeug einen 18-poligen oder 32-poligen Stecker hat. Einfache DIY-Installation. Tachometer und Assistenzsysteme funktionieren einwandfrei.  <\/p>\n<p class=\"p1\"><b> \u2705 Nahtlose Integration<\/b><b><\/b><\/p>\n<p class=\"p1\">\u2705<b> Einfache Installation<\/b><b><\/b><\/p>\n<p class=\"p1\">\u2705<b> Genaue Verwaltung des Kilometerstandes<\/b><b><\/b><\/p>\n<p class=\"p1\"><b> \u2705 Betrieb im Tarnkappenmodus<\/b><b><\/b><\/p>\n<p class=\"p1\"><span class=\"s1\">\u2705<\/span><b> Lebenslanger Support und Updates<\/b><\/p>\n<\/div>\n<\/div>\n<\/div>\n<\/div>\n<\/div>\n<\/div>\n<\/div>\n<\/div>\n","protected":false},"featured_media":671,"comment_status":"open","ping_status":"closed","template":"","meta":[],"product_brand":[],"product_cat":[746],"product_tag":[],"class_list":{"0":"post-7127","1":"product","2":"type-product","3":"status-publish","4":"has-post-thumbnail","6":"product_cat-audi","8":"first","9":"instock","10":"taxable","11":"shipping-taxable","12":"purchasable","13":"product-type-variable"},"yoast_head":"<!-- This site is optimized with the Yoast SEO plugin v27.5 - https:\/\/yoast.com\/product\/yoast-seo-wordpress\/ -->\n<title>Audi E-tron GE GT FW Mileage Blocker (KM stopper) \u2192 KM Block<\/title>\n<meta name=\"description\" content=\"Buy a Audi E-tron GE GT FW Mileage Blocker for the Best Prices \u2713 Free Shipping \u2713 Incl. Installation Guides\" \/>\n<meta name=\"robots\" content=\"index, follow, max-snippet:-1, max-image-preview:large, max-video-preview:-1\" \/>\n<meta property=\"og:locale\" content=\"de_DE\" \/>\n<meta property=\"og:type\" content=\"article\" \/>\n<meta property=\"og:title\" content=\"Audi E-tron GE GT FW Mileage Blocker (KM stopper) \u2192 KM Block\" \/>\n<meta property=\"og:description\" content=\"Buy a Audi E-tron GE GT FW Mileage Blocker for the Best Prices \u2713 Free Shipping \u2713 Incl. Installation Guides\" \/>\n<meta property=\"og:url\" content=\"https:\/\/kmblock.com\/de\/product\/audi-e-tron-ge-gt-fw\/\" \/>\n<meta property=\"og:site_name\" content=\"KM Block\" \/>\n<meta property=\"og:image\" content=\"https:\/\/kmblock.com\/wp-content\/uploads\/2024\/09\/Audi-E-tron-GE-GT-FW.webp\" \/>\n\t<meta property=\"og:image:width\" content=\"800\" \/>\n\t<meta property=\"og:image:height\" content=\"800\" \/>\n\t<meta property=\"og:image:type\" content=\"image\/webp\" \/>\n<meta name=\"twitter:card\" content=\"summary_large_image\" \/>\n<meta name=\"twitter:label1\" content=\"Gesch\u00e4tzte Lesezeit\" \/>\n\t<meta name=\"twitter:data1\" content=\"3\u00a0Minuten\" \/>\n<script type=\"application\/ld+json\" class=\"yoast-schema-graph\">{\"@context\":\"https:\\\/\\\/schema.org\",\"@graph\":[{\"@type\":\"WebPage\",\"@id\":\"https:\\\/\\\/kmblock.com\\\/de\\\/product\\\/audi-e-tron-ge-gt-fw\\\/\",\"url\":\"https:\\\/\\\/kmblock.com\\\/de\\\/product\\\/audi-e-tron-ge-gt-fw\\\/\",\"name\":\"Audi E-tron GE GT FW Mileage Blocker (KM stopper) \u2192 KM Block\",\"isPartOf\":{\"@id\":\"https:\\\/\\\/kmblock.com\\\/de\\\/#website\"},\"primaryImageOfPage\":{\"@id\":\"https:\\\/\\\/kmblock.com\\\/de\\\/product\\\/audi-e-tron-ge-gt-fw\\\/#primaryimage\"},\"image\":{\"@id\":\"https:\\\/\\\/kmblock.com\\\/de\\\/product\\\/audi-e-tron-ge-gt-fw\\\/#primaryimage\"},\"thumbnailUrl\":\"https:\\\/\\\/kmblock.com\\\/wp-content\\\/uploads\\\/2024\\\/09\\\/Audi-E-tron-GE-GT-FW.webp\",\"datePublished\":\"2024-09-17T23:48:25+00:00\",\"description\":\"Buy a Audi E-tron GE GT FW Mileage Blocker for the Best Prices \u2713 Free Shipping \u2713 Incl. Installation Guides\",\"breadcrumb\":{\"@id\":\"https:\\\/\\\/kmblock.com\\\/de\\\/product\\\/audi-e-tron-ge-gt-fw\\\/#breadcrumb\"},\"inLanguage\":\"de\",\"potentialAction\":[{\"@type\":\"ReadAction\",\"target\":[\"https:\\\/\\\/kmblock.com\\\/de\\\/product\\\/audi-e-tron-ge-gt-fw\\\/\"]}]},{\"@type\":\"ImageObject\",\"inLanguage\":\"de\",\"@id\":\"https:\\\/\\\/kmblock.com\\\/de\\\/product\\\/audi-e-tron-ge-gt-fw\\\/#primaryimage\",\"url\":\"https:\\\/\\\/kmblock.com\\\/wp-content\\\/uploads\\\/2024\\\/09\\\/Audi-E-tron-GE-GT-FW.webp\",\"contentUrl\":\"https:\\\/\\\/kmblock.com\\\/wp-content\\\/uploads\\\/2024\\\/09\\\/Audi-E-tron-GE-GT-FW.webp\",\"width\":800,\"height\":800,\"caption\":\"Audi E-tron GE GT FW\"},{\"@type\":\"BreadcrumbList\",\"@id\":\"https:\\\/\\\/kmblock.com\\\/de\\\/product\\\/audi-e-tron-ge-gt-fw\\\/#breadcrumb\",\"itemListElement\":[{\"@type\":\"ListItem\",\"position\":1,\"name\":\"Startseite\",\"item\":\"https:\\\/\\\/kmblock.com\\\/de\\\/\"},{\"@type\":\"ListItem\",\"position\":2,\"name\":\"Produkte\",\"item\":\"https:\\\/\\\/kmblock.com\\\/de\\\/shop\\\/\"},{\"@type\":\"ListItem\",\"position\":3,\"name\":\"Audi E-tron GE GT FW\"}]},{\"@type\":\"WebSite\",\"@id\":\"https:\\\/\\\/kmblock.com\\\/de\\\/#website\",\"url\":\"https:\\\/\\\/kmblock.com\\\/de\\\/\",\"name\":\"KM Block\",\"description\":\"\",\"publisher\":{\"@id\":\"https:\\\/\\\/kmblock.com\\\/de\\\/#organization\"},\"potentialAction\":[{\"@type\":\"SearchAction\",\"target\":{\"@type\":\"EntryPoint\",\"urlTemplate\":\"https:\\\/\\\/kmblock.com\\\/de\\\/?s={search_term_string}\"},\"query-input\":{\"@type\":\"PropertyValueSpecification\",\"valueRequired\":true,\"valueName\":\"search_term_string\"}}],\"inLanguage\":\"de\"},{\"@type\":\"Organization\",\"@id\":\"https:\\\/\\\/kmblock.com\\\/de\\\/#organization\",\"name\":\"KM-Block\",\"url\":\"https:\\\/\\\/kmblock.com\\\/de\\\/\",\"logo\":{\"@type\":\"ImageObject\",\"inLanguage\":\"de\",\"@id\":\"https:\\\/\\\/kmblock.com\\\/de\\\/#\\\/schema\\\/logo\\\/image\\\/\",\"url\":\"https:\\\/\\\/kmblock.com\\\/wp-content\\\/uploads\\\/2024\\\/08\\\/main-logo.png\",\"contentUrl\":\"https:\\\/\\\/kmblock.com\\\/wp-content\\\/uploads\\\/2024\\\/08\\\/main-logo.png\",\"width\":186,\"height\":28,\"caption\":\"KM-Block\"},\"image\":{\"@id\":\"https:\\\/\\\/kmblock.com\\\/de\\\/#\\\/schema\\\/logo\\\/image\\\/\"}}]}<\/script>\n<!-- \/ Yoast SEO plugin. -->","yoast_head_json":{"title":"Audi E-tron GE GT FW Mileage Blocker (KM stopper) \u2192 KM Block","description":"Buy a Audi E-tron GE GT FW Mileage Blocker for the Best Prices \u2713 Free Shipping \u2713 Incl. Installation Guides","robots":{"index":"index","follow":"follow","max-snippet":"max-snippet:-1","max-image-preview":"max-image-preview:large","max-video-preview":"max-video-preview:-1"},"og_locale":"de_DE","og_type":"article","og_title":"Audi E-tron GE GT FW Mileage Blocker (KM stopper) \u2192 KM Block","og_description":"Buy a Audi E-tron GE GT FW Mileage Blocker for the Best Prices \u2713 Free Shipping \u2713 Incl. Installation Guides","og_url":"https:\/\/kmblock.com\/de\/product\/audi-e-tron-ge-gt-fw\/","og_site_name":"KM Block","og_image":[{"width":800,"height":800,"url":"https:\/\/kmblock.com\/wp-content\/uploads\/2024\/09\/Audi-E-tron-GE-GT-FW.webp","type":"image\/webp"}],"twitter_card":"summary_large_image","twitter_misc":{"Gesch\u00e4tzte Lesezeit":"3\u00a0Minuten"},"schema":{"@context":"https:\/\/schema.org","@graph":[{"@type":"WebPage","@id":"https:\/\/kmblock.com\/de\/product\/audi-e-tron-ge-gt-fw\/","url":"https:\/\/kmblock.com\/de\/product\/audi-e-tron-ge-gt-fw\/","name":"Audi E-tron GE GT FW Mileage Blocker (KM stopper) \u2192 KM Block","isPartOf":{"@id":"https:\/\/kmblock.com\/de\/#website"},"primaryImageOfPage":{"@id":"https:\/\/kmblock.com\/de\/product\/audi-e-tron-ge-gt-fw\/#primaryimage"},"image":{"@id":"https:\/\/kmblock.com\/de\/product\/audi-e-tron-ge-gt-fw\/#primaryimage"},"thumbnailUrl":"https:\/\/kmblock.com\/wp-content\/uploads\/2024\/09\/Audi-E-tron-GE-GT-FW.webp","datePublished":"2024-09-17T23:48:25+00:00","description":"Buy a Audi E-tron GE GT FW Mileage Blocker for the Best Prices \u2713 Free Shipping \u2713 Incl. Installation Guides","breadcrumb":{"@id":"https:\/\/kmblock.com\/de\/product\/audi-e-tron-ge-gt-fw\/#breadcrumb"},"inLanguage":"de","potentialAction":[{"@type":"ReadAction","target":["https:\/\/kmblock.com\/de\/product\/audi-e-tron-ge-gt-fw\/"]}]},{"@type":"ImageObject","inLanguage":"de","@id":"https:\/\/kmblock.com\/de\/product\/audi-e-tron-ge-gt-fw\/#primaryimage","url":"https:\/\/kmblock.com\/wp-content\/uploads\/2024\/09\/Audi-E-tron-GE-GT-FW.webp","contentUrl":"https:\/\/kmblock.com\/wp-content\/uploads\/2024\/09\/Audi-E-tron-GE-GT-FW.webp","width":800,"height":800,"caption":"Audi E-tron GE GT FW"},{"@type":"BreadcrumbList","@id":"https:\/\/kmblock.com\/de\/product\/audi-e-tron-ge-gt-fw\/#breadcrumb","itemListElement":[{"@type":"ListItem","position":1,"name":"Startseite","item":"https:\/\/kmblock.com\/de\/"},{"@type":"ListItem","position":2,"name":"Produkte","item":"https:\/\/kmblock.com\/de\/shop\/"},{"@type":"ListItem","position":3,"name":"Audi E-tron GE GT FW"}]},{"@type":"WebSite","@id":"https:\/\/kmblock.com\/de\/#website","url":"https:\/\/kmblock.com\/de\/","name":"KM Block","description":"","publisher":{"@id":"https:\/\/kmblock.com\/de\/#organization"},"potentialAction":[{"@type":"SearchAction","target":{"@type":"EntryPoint","urlTemplate":"https:\/\/kmblock.com\/de\/?s={search_term_string}"},"query-input":{"@type":"PropertyValueSpecification","valueRequired":true,"valueName":"search_term_string"}}],"inLanguage":"de"},{"@type":"Organization","@id":"https:\/\/kmblock.com\/de\/#organization","name":"KM-Block","url":"https:\/\/kmblock.com\/de\/","logo":{"@type":"ImageObject","inLanguage":"de","@id":"https:\/\/kmblock.com\/de\/#\/schema\/logo\/image\/","url":"https:\/\/kmblock.com\/wp-content\/uploads\/2024\/08\/main-logo.png","contentUrl":"https:\/\/kmblock.com\/wp-content\/uploads\/2024\/08\/main-logo.png","width":186,"height":28,"caption":"KM-Block"},"image":{"@id":"https:\/\/kmblock.com\/de\/#\/schema\/logo\/image\/"}}]}},"_links":{"self":[{"href":"https:\/\/kmblock.com\/de\/wp-json\/wp\/v2\/product\/7127","targetHints":{"allow":["GET"]}}],"collection":[{"href":"https:\/\/kmblock.com\/de\/wp-json\/wp\/v2\/product"}],"about":[{"href":"https:\/\/kmblock.com\/de\/wp-json\/wp\/v2\/types\/product"}],"replies":[{"embeddable":true,"href":"https:\/\/kmblock.com\/de\/wp-json\/wp\/v2\/comments?post=7127"}],"wp:featuredmedia":[{"embeddable":true,"href":"https:\/\/kmblock.com\/de\/wp-json\/wp\/v2\/media\/671"}],"wp:attachment":[{"href":"https:\/\/kmblock.com\/de\/wp-json\/wp\/v2\/media?parent=7127"}],"wp:term":[{"taxonomy":"product_brand","embeddable":true,"href":"https:\/\/kmblock.com\/de\/wp-json\/wp\/v2\/product_brand?post=7127"},{"taxonomy":"product_cat","embeddable":true,"href":"https:\/\/kmblock.com\/de\/wp-json\/wp\/v2\/product_cat?post=7127"},{"taxonomy":"product_tag","embeddable":true,"href":"https:\/\/kmblock.com\/de\/wp-json\/wp\/v2\/product_tag?post=7127"}],"curies":[{"name":"wp","href":"https:\/\/api.w.org\/{rel}","templated":true}]}}