{"id":7113,"date":"2024-09-17T21:55:34","date_gmt":"2024-09-17T21:55:34","guid":{"rendered":"https:\/\/kmblock.com\/product\/audi-a7-s7-rs7-c8\/"},"modified":"2024-09-17T21:55:34","modified_gmt":"2024-09-17T21:55:34","slug":"audi-a7-s7-rs7-c8","status":"publish","type":"product","link":"https:\/\/kmblock.com\/de\/product\/audi-a7-s7-rs7-c8\/","title":{"rendered":"Audi A7\/S7\/RS7\/C8"},"content":{"rendered":"<div class=\"flex max-w-full flex-col flex-grow\">\n<div class=\"min-h-[20px] text-message flex w-full flex-col items-end gap-2 whitespace-normal break-words [.text-message+&amp;]:mt-5\" dir=\"auto\" data-message-author-role=\"assistant\" data-message-id=\"765a5d77-1b34-437a-a971-026f3a7fac57\">\n<div class=\"flex w-full flex-col gap-1 empty:hidden first:pt-[3px]\">\n<div class=\"markdown prose w-full break-words dark:prose-invert dark\">\n<h3><strong>Laufleistungssperre f\u00fcr Audi A6\/S6\/RS6 &#8211; C8<\/strong><\/h3>\n<p>Der Audi A6\/S6\/RS6 &#8211; C8 Mileage Blocker ist auch bekannt als Odometer Blocker, Odometer Stopper, Can Blocker, Mileage Stopper, Trip Odometer, Can Filter oder gelegentlich als Tool zur Kilometerstandskorrektur. Er ist kompatibel mit allen Audi A6\/S6\/RS6\/C8 Modellen, die seit 2018 auf den Markt gekommen sind. <\/p>\n<h3><strong>Spezifikationen<\/strong><\/h3>\n<ul>\n<li>Entwickelt f\u00fcr eine einfache Installation mit einem Stecker, der eine Gegenfl\u00e4che und Rippen aufweist.<\/li>\n<li>Inklusive hochwertigen Steckern und hitzebest\u00e4ndigen Kabeln.<\/li>\n<li>Der Kilometerstand erh\u00f6ht sich nach dem Ausbau nicht.<\/li>\n<li>Die Aktivierung erfolgt durch Dr\u00fccken einer Taste am Lenkrad.<\/li>\n<li>Die von diesem Ger\u00e4t vorgenommenen \u00c4nderungen des Kilometerstandes sind von Diagnosetestern nicht nachweisbar.<\/li>\n<li>Die Einstellungen werden nach der ersten Auswahl dauerhaft gespeichert.<\/li>\n<li>Der Tachometer und andere Assistenzsysteme funktionieren einwandfrei.<\/li>\n<li>Die einfache DIY-Installation erfordert keine speziellen Fahrzeugkenntnisse.<\/li>\n<li>Es ist kein L\u00f6ten oder Schneiden von Kabeln erforderlich.<\/li>\n<li>Es werden keine Fehlermeldungen auf dem Tachometer oder dem Navigationspanel angezeigt.<\/li>\n<li>Bei Fahrzeugen ab Ende 2020 kann die Aktivierung des Ger\u00e4ts die Motorkontrollleuchte ausl\u00f6sen.<\/li>\n<li>Bei einer vollst\u00e4ndigen \u00c4nderung des Kilometerstandes ist eine Abweichung von bis zu 1% von der tats\u00e4chlichen Entfernung zul\u00e4ssig. Der angegebene Kilometerstand ist ein N\u00e4herungswert und kann leicht variieren. <\/li>\n<\/ul>\n<p><strong>Wichtiger Hinweis:<\/strong> Wenn Ihr Fahrzeug vor kurzem ein Hersteller-Update erhalten hat, funktionieren die bisherigen Aktivierungsmethoden nicht. Nur Modus 3 (Vollstopp) und Modus 4 (Vollz\u00e4hligkeit) sind wirksam. Um das Modul zu aktivieren, schalten Sie das Fahrzeug f\u00fcnfmal hintereinander vollst\u00e4ndig aus. Eine PDF-Datei mit detaillierten Anweisungen wird Ihnen beim Kauf zur Verf\u00fcgung gestellt.   <\/p>\n<h3><strong>Aktivierung &amp; Deaktivierung<\/strong><\/h3>\n<p>&#8220; Bet\u00e4tigen Sie die Taste &#8218;ok&#8216; am Lenker. Halten Sie die Taste gedr\u00fcckt, bis der Blinker zu blinken beginnt. <\/p>\n<p><strong>Modus 1:<\/strong> 1 Blinken links 20 Prozent<br \/>\n<strong>Modus 2:<\/strong> 2 linke Blinkzeichen 10 Prozent<br \/>\n<strong>Modus 3:<\/strong> 3 Mal links blinken 0 Prozent<br \/>\n<strong>Modus 4:<\/strong> 1 rechtes Blinken 100 Prozent<\/p>\n<p>F\u00fcr den Modus 3: 0 Prozent m\u00fcssen Sie den Modus einschalten, dann das Auto ausschalten und f\u00fcr 2 Minuten verriegeln und dann starten und fahren.&#8220;<\/p>\n<h3><strong>Was ist der Audi A6, S6, RS6, C8 Kilometerz\u00e4hler-Blocker oder Kilometerstandskorrektur-Tool?<\/strong><\/h3>\n<p>Der Audi A6, S6, RS6, C8 Mileage Blocker\/Odometer Blocker wurde entwickelt, um die Ansammlung von Kilometern zu stoppen und gleichzeitig die Fahrzeugleistung zu testen. Wir von KM Block liefern hochwertige Module mit einzigartigen Komponenten, die auf jedes Fahrzeug zugeschnitten sind. Egal, ob Ihr Kilometerz\u00e4hler in Meilen oder Kilometern misst, dieses Ger\u00e4t funktioniert effizient. Unsere Software wurde speziell f\u00fcr jede Fahrzeugmarke und jedes Modell entwickelt, um eine einwandfreie Leistung zu gew\u00e4hrleisten. Die Installation ist einfach und erfolgt \u00fcber vorgegebene Tastenkombinationen, um den Modus zu wechseln.    <\/p>\n<p>Bitte beachten Sie, dass wir f\u00fcr diese Modelle keine Tools zur Kilometerkorrektur anbieten, da diese in der Regel f\u00fcr betr\u00fcgerische Zwecke wie das Zur\u00fccksetzen des Kilometerstandes verwendet werden. Solche Tools sind oft unwirksam, da die Fahrzeuge \u00fcber mehrere Datenspeicher verf\u00fcgen, was ein vollst\u00e4ndiges Rollback erschwert. <\/p>\n<p>Die Installation ist f\u00fcr alle Modelle gleich und erfordert keine speziellen Fahrzeugkenntnisse. Schlie\u00dfen Sie das Ger\u00e4t einfach zwischen dem Tachoanschluss und dem Kombiinstrument an, um seine Vorteile zu nutzen. Der Mileage Blocker ist mit Diesel- und Benzinmotoren, Plug-in-Hybrid-Elektrofahrzeugen (PHEVs) und Elektroautos kompatibel.  <\/p>\n<p>Der Audi A6, S6, RS6, C8 Mileage Blocker ist ein bemerkenswertes Werkzeug, mit dem Sie die Leistung Ihres Fahrzeugs in einer kontrollierten Umgebung testen k\u00f6nnen.<\/p>\n<\/div>\n<\/div>\n<\/div>\n<\/div>\n<div class=\"mt-1 flex gap-3 empty:hidden -ml-2\">\n<div class=\"items-center justify-start rounded-xl p-1 flex\">\n<div class=\"flex items-center\">\n<p>&nbsp;<\/p>\n<div class=\"flex\"><\/div>\n<div class=\"flex items-center pb-0\"><\/div>\n<\/div>\n<\/div>\n<\/div>\n","protected":false},"excerpt":{"rendered":"<div class=\"flex-shrink-0 flex flex-col relative items-end\">\n<div class=\"pt-0\">\n<div class=\"gizmo-bot-avatar flex h-8 w-8 items-center justify-center overflow-hidden rounded-full\">\n<div class=\"relative p-1 rounded-sm flex items-center justify-center bg-token-main-surface-primary text-token-text-primary h-8 w-8\">\n<p>Bevor Sie Ihre Bestellung aufgeben, lesen Sie bitte die folgenden wichtigen Informationen zur Modulaktivierung, zu Fehlermeldungen und zur Ger\u00e4tefunktion:<\/p>\n<p><strong>DIESES GER\u00c4T IST F\u00dcR ALLE AUDI A6\/S6\/RS6\/C8 MODELLE GEEIGNET, DIE SEIT 2018 ERSCHIENEN SIND.  <\/strong>  Vergewissern Sie sich vor der Bestellung, dass Ihr Fahrzeug entweder einen 18-poligen oder einen 32-poligen Stecker hat. F\u00fcr den Selbsteinbau konzipiert. Tachometer und Assistenzprogramme funktionieren einwandfrei.  <\/p>\n<p class=\"p1\"><b> \u2705 Nahtlose Integration<\/b><b><\/b><\/p>\n<p class=\"p1\">\u2705<b> Einfache Installation<\/b><b><\/b><\/p>\n<p class=\"p1\">\u2705<b> Genaue Verwaltung des Kilometerstandes<\/b><b><\/b><\/p>\n<p class=\"p1\"><b> \u2705 Betrieb im Tarnkappenmodus<\/b><b><\/b><\/p>\n<p class=\"p1\"><span class=\"s1\">\u2705<\/span><b> Lebenslanger Support und Updates<\/b><\/p>\n<\/div>\n<\/div>\n<\/div>\n<\/div>\n","protected":false},"featured_media":665,"comment_status":"open","ping_status":"closed","template":"","meta":[],"product_brand":[],"product_cat":[746],"product_tag":[],"class_list":{"0":"post-7113","1":"product","2":"type-product","3":"status-publish","4":"has-post-thumbnail","6":"product_cat-audi","8":"first","9":"instock","10":"taxable","11":"shipping-taxable","12":"purchasable","13":"product-type-variable"},"yoast_head":"<!-- This site is optimized with the Yoast SEO plugin v27.5 - https:\/\/yoast.com\/product\/yoast-seo-wordpress\/ -->\n<title>Audi A7\/S7\/RS7\/C8 Mileage Blocker (KM stopper) \u2192 KM Block<\/title>\n<meta name=\"description\" content=\"Buy a Audi A7\/S7\/RS7\/C8 Mileage Blocker for the Best Prices \u2713 Free Shipping \u2713 Incl. Installation Guides\" \/>\n<meta name=\"robots\" content=\"index, follow, max-snippet:-1, max-image-preview:large, max-video-preview:-1\" \/>\n<meta property=\"og:locale\" content=\"de_DE\" \/>\n<meta property=\"og:type\" content=\"article\" \/>\n<meta property=\"og:title\" content=\"Audi A7\/S7\/RS7\/C8 Mileage Blocker (KM stopper) \u2192 KM Block\" \/>\n<meta property=\"og:description\" content=\"Buy a Audi A7\/S7\/RS7\/C8 Mileage Blocker for the Best Prices \u2713 Free Shipping \u2713 Incl. Installation Guides\" \/>\n<meta property=\"og:url\" content=\"https:\/\/kmblock.com\/de\/product\/audi-a7-s7-rs7-c8\/\" \/>\n<meta property=\"og:site_name\" content=\"KM Block\" \/>\n<meta property=\"og:image\" content=\"https:\/\/kmblock.com\/wp-content\/uploads\/2024\/09\/Audi-A7S7RS7C8.jpg\" \/>\n\t<meta property=\"og:image:width\" content=\"800\" \/>\n\t<meta property=\"og:image:height\" content=\"800\" \/>\n\t<meta property=\"og:image:type\" content=\"image\/jpeg\" \/>\n<meta name=\"twitter:card\" content=\"summary_large_image\" \/>\n<meta name=\"twitter:label1\" content=\"Gesch\u00e4tzte Lesezeit\" \/>\n\t<meta name=\"twitter:data1\" content=\"3\u00a0Minuten\" \/>\n<script type=\"application\/ld+json\" class=\"yoast-schema-graph\">{\"@context\":\"https:\\\/\\\/schema.org\",\"@graph\":[{\"@type\":\"WebPage\",\"@id\":\"https:\\\/\\\/kmblock.com\\\/de\\\/product\\\/audi-a7-s7-rs7-c8\\\/\",\"url\":\"https:\\\/\\\/kmblock.com\\\/de\\\/product\\\/audi-a7-s7-rs7-c8\\\/\",\"name\":\"Audi A7\\\/S7\\\/RS7\\\/C8 Mileage Blocker (KM stopper) \u2192 KM Block\",\"isPartOf\":{\"@id\":\"https:\\\/\\\/kmblock.com\\\/de\\\/#website\"},\"primaryImageOfPage\":{\"@id\":\"https:\\\/\\\/kmblock.com\\\/de\\\/product\\\/audi-a7-s7-rs7-c8\\\/#primaryimage\"},\"image\":{\"@id\":\"https:\\\/\\\/kmblock.com\\\/de\\\/product\\\/audi-a7-s7-rs7-c8\\\/#primaryimage\"},\"thumbnailUrl\":\"https:\\\/\\\/kmblock.com\\\/wp-content\\\/uploads\\\/2024\\\/09\\\/Audi-A7S7RS7C8.jpg\",\"datePublished\":\"2024-09-17T21:55:34+00:00\",\"description\":\"Buy a Audi A7\\\/S7\\\/RS7\\\/C8 Mileage Blocker for the Best Prices \u2713 Free Shipping \u2713 Incl. Installation Guides\",\"breadcrumb\":{\"@id\":\"https:\\\/\\\/kmblock.com\\\/de\\\/product\\\/audi-a7-s7-rs7-c8\\\/#breadcrumb\"},\"inLanguage\":\"de\",\"potentialAction\":[{\"@type\":\"ReadAction\",\"target\":[\"https:\\\/\\\/kmblock.com\\\/de\\\/product\\\/audi-a7-s7-rs7-c8\\\/\"]}]},{\"@type\":\"ImageObject\",\"inLanguage\":\"de\",\"@id\":\"https:\\\/\\\/kmblock.com\\\/de\\\/product\\\/audi-a7-s7-rs7-c8\\\/#primaryimage\",\"url\":\"https:\\\/\\\/kmblock.com\\\/wp-content\\\/uploads\\\/2024\\\/09\\\/Audi-A7S7RS7C8.jpg\",\"contentUrl\":\"https:\\\/\\\/kmblock.com\\\/wp-content\\\/uploads\\\/2024\\\/09\\\/Audi-A7S7RS7C8.jpg\",\"width\":800,\"height\":800,\"caption\":\"Audi A7\\\/S7\\\/RS7\\\/C8\"},{\"@type\":\"BreadcrumbList\",\"@id\":\"https:\\\/\\\/kmblock.com\\\/de\\\/product\\\/audi-a7-s7-rs7-c8\\\/#breadcrumb\",\"itemListElement\":[{\"@type\":\"ListItem\",\"position\":1,\"name\":\"Startseite\",\"item\":\"https:\\\/\\\/kmblock.com\\\/de\\\/\"},{\"@type\":\"ListItem\",\"position\":2,\"name\":\"Produkte\",\"item\":\"https:\\\/\\\/kmblock.com\\\/de\\\/shop\\\/\"},{\"@type\":\"ListItem\",\"position\":3,\"name\":\"Audi A7\\\/S7\\\/RS7\\\/C8\"}]},{\"@type\":\"WebSite\",\"@id\":\"https:\\\/\\\/kmblock.com\\\/de\\\/#website\",\"url\":\"https:\\\/\\\/kmblock.com\\\/de\\\/\",\"name\":\"KM Block\",\"description\":\"\",\"publisher\":{\"@id\":\"https:\\\/\\\/kmblock.com\\\/de\\\/#organization\"},\"potentialAction\":[{\"@type\":\"SearchAction\",\"target\":{\"@type\":\"EntryPoint\",\"urlTemplate\":\"https:\\\/\\\/kmblock.com\\\/de\\\/?s={search_term_string}\"},\"query-input\":{\"@type\":\"PropertyValueSpecification\",\"valueRequired\":true,\"valueName\":\"search_term_string\"}}],\"inLanguage\":\"de\"},{\"@type\":\"Organization\",\"@id\":\"https:\\\/\\\/kmblock.com\\\/de\\\/#organization\",\"name\":\"KM-Block\",\"url\":\"https:\\\/\\\/kmblock.com\\\/de\\\/\",\"logo\":{\"@type\":\"ImageObject\",\"inLanguage\":\"de\",\"@id\":\"https:\\\/\\\/kmblock.com\\\/de\\\/#\\\/schema\\\/logo\\\/image\\\/\",\"url\":\"https:\\\/\\\/kmblock.com\\\/wp-content\\\/uploads\\\/2024\\\/08\\\/main-logo.png\",\"contentUrl\":\"https:\\\/\\\/kmblock.com\\\/wp-content\\\/uploads\\\/2024\\\/08\\\/main-logo.png\",\"width\":186,\"height\":28,\"caption\":\"KM-Block\"},\"image\":{\"@id\":\"https:\\\/\\\/kmblock.com\\\/de\\\/#\\\/schema\\\/logo\\\/image\\\/\"}}]}<\/script>\n<!-- \/ Yoast SEO plugin. -->","yoast_head_json":{"title":"Audi A7\/S7\/RS7\/C8 Mileage Blocker (KM stopper) \u2192 KM Block","description":"Buy a Audi A7\/S7\/RS7\/C8 Mileage Blocker for the Best Prices \u2713 Free Shipping \u2713 Incl. Installation Guides","robots":{"index":"index","follow":"follow","max-snippet":"max-snippet:-1","max-image-preview":"max-image-preview:large","max-video-preview":"max-video-preview:-1"},"og_locale":"de_DE","og_type":"article","og_title":"Audi A7\/S7\/RS7\/C8 Mileage Blocker (KM stopper) \u2192 KM Block","og_description":"Buy a Audi A7\/S7\/RS7\/C8 Mileage Blocker for the Best Prices \u2713 Free Shipping \u2713 Incl. Installation Guides","og_url":"https:\/\/kmblock.com\/de\/product\/audi-a7-s7-rs7-c8\/","og_site_name":"KM Block","og_image":[{"width":800,"height":800,"url":"https:\/\/kmblock.com\/wp-content\/uploads\/2024\/09\/Audi-A7S7RS7C8.jpg","type":"image\/jpeg"}],"twitter_card":"summary_large_image","twitter_misc":{"Gesch\u00e4tzte Lesezeit":"3\u00a0Minuten"},"schema":{"@context":"https:\/\/schema.org","@graph":[{"@type":"WebPage","@id":"https:\/\/kmblock.com\/de\/product\/audi-a7-s7-rs7-c8\/","url":"https:\/\/kmblock.com\/de\/product\/audi-a7-s7-rs7-c8\/","name":"Audi A7\/S7\/RS7\/C8 Mileage Blocker (KM stopper) \u2192 KM Block","isPartOf":{"@id":"https:\/\/kmblock.com\/de\/#website"},"primaryImageOfPage":{"@id":"https:\/\/kmblock.com\/de\/product\/audi-a7-s7-rs7-c8\/#primaryimage"},"image":{"@id":"https:\/\/kmblock.com\/de\/product\/audi-a7-s7-rs7-c8\/#primaryimage"},"thumbnailUrl":"https:\/\/kmblock.com\/wp-content\/uploads\/2024\/09\/Audi-A7S7RS7C8.jpg","datePublished":"2024-09-17T21:55:34+00:00","description":"Buy a Audi A7\/S7\/RS7\/C8 Mileage Blocker for the Best Prices \u2713 Free Shipping \u2713 Incl. Installation Guides","breadcrumb":{"@id":"https:\/\/kmblock.com\/de\/product\/audi-a7-s7-rs7-c8\/#breadcrumb"},"inLanguage":"de","potentialAction":[{"@type":"ReadAction","target":["https:\/\/kmblock.com\/de\/product\/audi-a7-s7-rs7-c8\/"]}]},{"@type":"ImageObject","inLanguage":"de","@id":"https:\/\/kmblock.com\/de\/product\/audi-a7-s7-rs7-c8\/#primaryimage","url":"https:\/\/kmblock.com\/wp-content\/uploads\/2024\/09\/Audi-A7S7RS7C8.jpg","contentUrl":"https:\/\/kmblock.com\/wp-content\/uploads\/2024\/09\/Audi-A7S7RS7C8.jpg","width":800,"height":800,"caption":"Audi A7\/S7\/RS7\/C8"},{"@type":"BreadcrumbList","@id":"https:\/\/kmblock.com\/de\/product\/audi-a7-s7-rs7-c8\/#breadcrumb","itemListElement":[{"@type":"ListItem","position":1,"name":"Startseite","item":"https:\/\/kmblock.com\/de\/"},{"@type":"ListItem","position":2,"name":"Produkte","item":"https:\/\/kmblock.com\/de\/shop\/"},{"@type":"ListItem","position":3,"name":"Audi A7\/S7\/RS7\/C8"}]},{"@type":"WebSite","@id":"https:\/\/kmblock.com\/de\/#website","url":"https:\/\/kmblock.com\/de\/","name":"KM Block","description":"","publisher":{"@id":"https:\/\/kmblock.com\/de\/#organization"},"potentialAction":[{"@type":"SearchAction","target":{"@type":"EntryPoint","urlTemplate":"https:\/\/kmblock.com\/de\/?s={search_term_string}"},"query-input":{"@type":"PropertyValueSpecification","valueRequired":true,"valueName":"search_term_string"}}],"inLanguage":"de"},{"@type":"Organization","@id":"https:\/\/kmblock.com\/de\/#organization","name":"KM-Block","url":"https:\/\/kmblock.com\/de\/","logo":{"@type":"ImageObject","inLanguage":"de","@id":"https:\/\/kmblock.com\/de\/#\/schema\/logo\/image\/","url":"https:\/\/kmblock.com\/wp-content\/uploads\/2024\/08\/main-logo.png","contentUrl":"https:\/\/kmblock.com\/wp-content\/uploads\/2024\/08\/main-logo.png","width":186,"height":28,"caption":"KM-Block"},"image":{"@id":"https:\/\/kmblock.com\/de\/#\/schema\/logo\/image\/"}}]}},"_links":{"self":[{"href":"https:\/\/kmblock.com\/de\/wp-json\/wp\/v2\/product\/7113","targetHints":{"allow":["GET"]}}],"collection":[{"href":"https:\/\/kmblock.com\/de\/wp-json\/wp\/v2\/product"}],"about":[{"href":"https:\/\/kmblock.com\/de\/wp-json\/wp\/v2\/types\/product"}],"replies":[{"embeddable":true,"href":"https:\/\/kmblock.com\/de\/wp-json\/wp\/v2\/comments?post=7113"}],"wp:featuredmedia":[{"embeddable":true,"href":"https:\/\/kmblock.com\/de\/wp-json\/wp\/v2\/media\/665"}],"wp:attachment":[{"href":"https:\/\/kmblock.com\/de\/wp-json\/wp\/v2\/media?parent=7113"}],"wp:term":[{"taxonomy":"product_brand","embeddable":true,"href":"https:\/\/kmblock.com\/de\/wp-json\/wp\/v2\/product_brand?post=7113"},{"taxonomy":"product_cat","embeddable":true,"href":"https:\/\/kmblock.com\/de\/wp-json\/wp\/v2\/product_cat?post=7113"},{"taxonomy":"product_tag","embeddable":true,"href":"https:\/\/kmblock.com\/de\/wp-json\/wp\/v2\/product_tag?post=7113"}],"curies":[{"name":"wp","href":"https:\/\/api.w.org\/{rel}","templated":true}]}}