{"id":7085,"date":"2024-09-17T21:55:55","date_gmt":"2024-09-17T21:55:55","guid":{"rendered":"https:\/\/kmblock.com\/product\/audi-a7-s7-rs7-c7\/"},"modified":"2024-09-17T21:55:55","modified_gmt":"2024-09-17T21:55:55","slug":"audi-a7-s7-rs7-c7","status":"publish","type":"product","link":"https:\/\/kmblock.com\/de\/product\/audi-a7-s7-rs7-c7\/","title":{"rendered":"Audi A7\/S7\/RS7\/C7"},"content":{"rendered":"<div class=\"flex-shrink-0 flex flex-col relative items-end\">\n<div>\n<div class=\"pt-0\">\n<div class=\"gizmo-bot-avatar flex h-8 w-8 items-center justify-center overflow-hidden rounded-full\">\n<div class=\"relative p-1 rounded-sm flex items-center justify-center bg-token-main-surface-primary text-token-text-primary h-8 w-8\"><\/div>\n<\/div>\n<\/div>\n<\/div>\n<\/div>\n<div class=\"group\/conversation-turn relative flex w-full min-w-0 flex-col agent-turn\">\n<div class=\"flex-col gap-1 md:gap-3\">\n<div class=\"flex max-w-full flex-col flex-grow\">\n<div class=\"min-h-[20px] text-message flex w-full flex-col items-end gap-2 whitespace-normal break-words [.text-message+&amp;]:mt-5\" dir=\"auto\" data-message-author-role=\"assistant\" data-message-id=\"9de38a8a-6722-463e-8ea9-6e014062db7d\">\n<div class=\"flex w-full flex-col gap-1 empty:hidden first:pt-[3px]\">\n<div class=\"markdown prose w-full break-words dark:prose-invert dark\">\n<h3><strong>KILOMETERSTANDSBLOCKER F\u00dcR AUDI A7\/S7\/RS7 &#8211; C7<\/strong><\/h3>\n<p>Der <strong>AUDI A7\/S7\/RS7 &#8211; C7 Mileage Blocker<\/strong>, auch als Odometer Blocker, Odometer Stopper, Can Blocker, Mileage Stopper, Trip Odometer, Can Filter und gelegentlich als Mileage Correction Tool bezeichnet, ist f\u00fcr alle <strong>Audi A7\/S7\/RS7\/C7 Modelle von 2010 &#8211; 2018<\/strong> geeignet.<\/p>\n<h3>SPEZIFIKATIONEN<\/h3>\n<ul>\n<li><strong>DIY-Installation<\/strong>: Schnelle und einfache Installation, ohne dass Sie professionelle Hilfe ben\u00f6tigen.<\/li>\n<li><strong>Keine Fehlermeldungen<\/strong>: Tachometer und Navigationspanel bleiben frei von Fehlermeldungen.<\/li>\n<li><strong>Keine Erh\u00f6hung des Kilometerstandes<\/strong>: Nachdem Sie das Modul entfernt haben, erh\u00f6ht sich der Kilometerstand nicht automatisch.<\/li>\n<li><strong>Hochwertige Komponenten<\/strong>: Ausgestattet mit hochwertigen Steckern und hitzebest\u00e4ndigen Kabeln.<\/li>\n<li><strong>Kein Entfernen von Spuren<\/strong>: Kann leicht entfernt werden, ohne Spuren zu hinterlassen &#8211; kein L\u00f6ten oder Schneiden von Kabeln erforderlich.<\/li>\n<li><strong>Tastenkombinationen<\/strong>: Einfach zu bedienen mit vordefinierten Tastenkombinationen.<\/li>\n<li><strong>Unterwegs-Aktivierung<\/strong>: Kann w\u00e4hrend der Bewegung aktiviert oder deaktiviert werden.<\/li>\n<li><strong>Nicht nachweisbar<\/strong>: Diagnosetester sind nicht in der Lage, die durch den Audi A7 C7 Mileage Stopper vorgenommenen \u00c4nderungen des Kilometerstandes zu erkennen.<\/li>\n<li><strong>Dauerhafte Einstellungen<\/strong>: Einmal konfiguriert, werden die Einstellungen dauerhaft gespeichert und m\u00fcssen bei sp\u00e4terer Verwendung nicht mehr angepasst werden.<\/li>\n<li><strong>Nahtlose Funktionalit\u00e4t<\/strong>: Der Tachometer und alle anderen Assistenzsysteme funktionieren ohne Unterbrechung.<\/li>\n<li><strong>Reibungslose Installation<\/strong>: Die Passfl\u00e4che und die Rillen am Stecker sorgen f\u00fcr eine reibungslose Installation.<\/li>\n<li><strong>Kilometerstand-Genauigkeit<\/strong>: Bei Modi, die das Z\u00e4hlen der Kilometer komplett einstellen, ist eine Abweichung von bis zu 1% der gefahrenen Strecke m\u00f6glich. Bei den Angaben zum Kilometerstand handelt es sich um N\u00e4herungswerte, und es k\u00f6nnen geringf\u00fcgige Abweichungen auftreten. <\/li>\n<\/ul>\n<h3>AKTIVIERUNG &amp; DEAKTIVIERUNG<\/h3>\n<p>Aktivieren Sie die Funktion durch gleichzeitiges Dr\u00fccken der Tasten &#8218;Ok&#8216; und &#8218;Lautst\u00e4rke&#8216; am Lenker.<\/p>\n<p><strong>Modus Ein:<\/strong> z\u00e4hlt 0% der Meilen. Beide Blinker blinken. <\/p>\n<p><strong>Modus Aus:<\/strong> z\u00e4hlt 100 Prozent der Meilen. Beide Blinker blinken. <\/p>\n<h3>Was ist der Audi A7, S7, RS7, C7 Kilometerz\u00e4hler-Blocker oder Kilometerstandskorrektur-Tool?<\/h3>\n<p>Der <strong>Audi A7, S7, RS7, C7 Mileage Blocker\/Odometer Blocker<\/strong> wurde entwickelt, um den Kilometerstand des Fahrzeugs zu stoppen und gleichzeitig die Leistung zu testen. KM Block bietet Module mit authentischen Komponenten, die speziell f\u00fcr jede Marke und jedes Modell programmiert sind und eine nahtlose Funktionalit\u00e4t f\u00fcr alle Arten von Motoren gew\u00e4hrleisten, einschlie\u00dflich Diesel-Benzin, Plug-in-Hybrid-Elektrofahrzeuge (PHEVs) und Elektroautos. <\/p>\n<p><strong>Wichtiger Hinweis<\/strong>: KM Block verkauft keine Tools zur Kilometerkorrektur f\u00fcr Audi A7, S7, RS7, C7. Tools zur Kilometerstandskorrektur werden in der Regel f\u00fcr unethische Zwecke wie das Zur\u00fccksetzen von Kilometerz\u00e4hlern verwendet und entfernen den Kilometerstand nicht vollst\u00e4ndig aus allen Datenspeichern des Fahrzeugs. <\/p>\n<h3>Installation<\/h3>\n<p>Die Installation ist einfach und f\u00fcr alle Modelle gleich. Es sind keine besonderen Kenntnisse der Fahrzeugwartung erforderlich. Schlie\u00dfen Sie das Modul einfach zwischen dem Tachometeranschluss und dem Kombiinstrument an, um das Ger\u00e4t zu verwenden. Genie\u00dfen Sie die Vorteile dieses fortschrittlichen Moduls, das f\u00fcr verschiedene Fahrzeugtypen geeignet ist.   <\/p>\n<p>Der <strong>Audi A7, S7, RS7, C7 Mileage Blocker<\/strong> kann jederzeit aktiviert oder deaktiviert werden, egal ob das Auto f\u00e4hrt oder geparkt ist.<\/p>\n<\/div>\n<\/div>\n<\/div>\n<\/div>\n<\/div>\n<\/div>\n","protected":false},"excerpt":{"rendered":"<div class=\"flex-shrink-0 flex flex-col relative items-end\">\n<div class=\"pt-0\">\n<div class=\"gizmo-bot-avatar flex h-8 w-8 items-center justify-center overflow-hidden rounded-full\">\n<div class=\"relative p-1 rounded-sm flex items-center justify-center bg-token-main-surface-primary text-token-text-primary h-8 w-8\">\n<p><strong>Vor der Bestellung: Wichtige Informationen<\/strong><\/p>\n<p>Dieser <strong>Mileage Blocker<\/strong> ist f\u00fcr <strong>alle Audi A7\/S7\/RS7\/C7 Modelle von 2010 bis 2018<\/strong> geeignet. Bitte beachten Sie das Folgende: Einfach selbst zu installieren. Die Leistung bleibt unbemerkt. Kann w\u00e4hrend der Fahrt ein- und ausgeschaltet werden. Mit hochwertigen Steckern und hitzebest\u00e4ndigen Kabeln. Tachometer und Assistenzsysteme funktionieren ohne Probleme.     <\/p>\n<p class=\"p1\"><b> \u2705 Nahtlose Integration<\/b><b><\/b><\/p>\n<p class=\"p1\">\u2705<b> Einfache Installation<\/b><b><\/b><\/p>\n<p class=\"p1\">\u2705<b> Genaue Verwaltung des Kilometerstandes<\/b><b><\/b><\/p>\n<p class=\"p1\"><b> \u2705 Betrieb im Tarnkappenmodus<\/b><b><\/b><\/p>\n<p class=\"p1\"><span class=\"s1\">\u2705<\/span><b> Lebenslanger Support und Updates<\/b><\/p>\n<\/div>\n<\/div>\n<\/div>\n<\/div>\n","protected":false},"featured_media":664,"comment_status":"open","ping_status":"closed","template":"","meta":[],"product_brand":[],"product_cat":[746],"product_tag":[],"class_list":{"0":"post-7085","1":"product","2":"type-product","3":"status-publish","4":"has-post-thumbnail","6":"product_cat-audi","8":"first","9":"instock","10":"taxable","11":"shipping-taxable","12":"purchasable","13":"product-type-variable"},"yoast_head":"<!-- This site is optimized with the Yoast SEO plugin v27.5 - https:\/\/yoast.com\/product\/yoast-seo-wordpress\/ -->\n<title>Audi A7\/S7\/RS7\/C7 Mileage Blocker (KM stopper) \u2192 KM Block<\/title>\n<meta name=\"description\" content=\"Buy a Audi A7\/S7\/RS7\/C7 Mileage Blocker for the Best Prices \u2713 Free Shipping \u2713 Incl. Installation Guides\" \/>\n<meta name=\"robots\" content=\"index, follow, max-snippet:-1, max-image-preview:large, max-video-preview:-1\" \/>\n<meta property=\"og:locale\" content=\"de_DE\" \/>\n<meta property=\"og:type\" content=\"article\" \/>\n<meta property=\"og:title\" content=\"Audi A7\/S7\/RS7\/C7 Mileage Blocker (KM stopper) \u2192 KM Block\" \/>\n<meta property=\"og:description\" content=\"Buy a Audi A7\/S7\/RS7\/C7 Mileage Blocker for the Best Prices \u2713 Free Shipping \u2713 Incl. Installation Guides\" \/>\n<meta property=\"og:url\" content=\"https:\/\/kmblock.com\/de\/product\/audi-a7-s7-rs7-c7\/\" \/>\n<meta property=\"og:site_name\" content=\"KM Block\" \/>\n<meta property=\"og:image\" content=\"https:\/\/kmblock.com\/wp-content\/uploads\/2024\/09\/Audi-A7S7RS7C7.jpg\" \/>\n\t<meta property=\"og:image:width\" content=\"800\" \/>\n\t<meta property=\"og:image:height\" content=\"800\" \/>\n\t<meta property=\"og:image:type\" content=\"image\/jpeg\" \/>\n<meta name=\"twitter:card\" content=\"summary_large_image\" \/>\n<meta name=\"twitter:label1\" content=\"Gesch\u00e4tzte Lesezeit\" \/>\n\t<meta name=\"twitter:data1\" content=\"2\u00a0Minuten\" \/>\n<script type=\"application\/ld+json\" class=\"yoast-schema-graph\">{\"@context\":\"https:\\\/\\\/schema.org\",\"@graph\":[{\"@type\":\"WebPage\",\"@id\":\"https:\\\/\\\/kmblock.com\\\/de\\\/product\\\/audi-a7-s7-rs7-c7\\\/\",\"url\":\"https:\\\/\\\/kmblock.com\\\/de\\\/product\\\/audi-a7-s7-rs7-c7\\\/\",\"name\":\"Audi A7\\\/S7\\\/RS7\\\/C7 Mileage Blocker (KM stopper) \u2192 KM Block\",\"isPartOf\":{\"@id\":\"https:\\\/\\\/kmblock.com\\\/de\\\/#website\"},\"primaryImageOfPage\":{\"@id\":\"https:\\\/\\\/kmblock.com\\\/de\\\/product\\\/audi-a7-s7-rs7-c7\\\/#primaryimage\"},\"image\":{\"@id\":\"https:\\\/\\\/kmblock.com\\\/de\\\/product\\\/audi-a7-s7-rs7-c7\\\/#primaryimage\"},\"thumbnailUrl\":\"https:\\\/\\\/kmblock.com\\\/wp-content\\\/uploads\\\/2024\\\/09\\\/Audi-A7S7RS7C7.jpg\",\"datePublished\":\"2024-09-17T21:55:55+00:00\",\"description\":\"Buy a Audi A7\\\/S7\\\/RS7\\\/C7 Mileage Blocker for the Best Prices \u2713 Free Shipping \u2713 Incl. Installation Guides\",\"breadcrumb\":{\"@id\":\"https:\\\/\\\/kmblock.com\\\/de\\\/product\\\/audi-a7-s7-rs7-c7\\\/#breadcrumb\"},\"inLanguage\":\"de\",\"potentialAction\":[{\"@type\":\"ReadAction\",\"target\":[\"https:\\\/\\\/kmblock.com\\\/de\\\/product\\\/audi-a7-s7-rs7-c7\\\/\"]}]},{\"@type\":\"ImageObject\",\"inLanguage\":\"de\",\"@id\":\"https:\\\/\\\/kmblock.com\\\/de\\\/product\\\/audi-a7-s7-rs7-c7\\\/#primaryimage\",\"url\":\"https:\\\/\\\/kmblock.com\\\/wp-content\\\/uploads\\\/2024\\\/09\\\/Audi-A7S7RS7C7.jpg\",\"contentUrl\":\"https:\\\/\\\/kmblock.com\\\/wp-content\\\/uploads\\\/2024\\\/09\\\/Audi-A7S7RS7C7.jpg\",\"width\":800,\"height\":800,\"caption\":\"Audi A7\\\/S7\\\/RS7\\\/C7\"},{\"@type\":\"BreadcrumbList\",\"@id\":\"https:\\\/\\\/kmblock.com\\\/de\\\/product\\\/audi-a7-s7-rs7-c7\\\/#breadcrumb\",\"itemListElement\":[{\"@type\":\"ListItem\",\"position\":1,\"name\":\"Startseite\",\"item\":\"https:\\\/\\\/kmblock.com\\\/de\\\/\"},{\"@type\":\"ListItem\",\"position\":2,\"name\":\"Produkte\",\"item\":\"https:\\\/\\\/kmblock.com\\\/de\\\/shop\\\/\"},{\"@type\":\"ListItem\",\"position\":3,\"name\":\"Audi A7\\\/S7\\\/RS7\\\/C7\"}]},{\"@type\":\"WebSite\",\"@id\":\"https:\\\/\\\/kmblock.com\\\/de\\\/#website\",\"url\":\"https:\\\/\\\/kmblock.com\\\/de\\\/\",\"name\":\"KM Block\",\"description\":\"\",\"publisher\":{\"@id\":\"https:\\\/\\\/kmblock.com\\\/de\\\/#organization\"},\"potentialAction\":[{\"@type\":\"SearchAction\",\"target\":{\"@type\":\"EntryPoint\",\"urlTemplate\":\"https:\\\/\\\/kmblock.com\\\/de\\\/?s={search_term_string}\"},\"query-input\":{\"@type\":\"PropertyValueSpecification\",\"valueRequired\":true,\"valueName\":\"search_term_string\"}}],\"inLanguage\":\"de\"},{\"@type\":\"Organization\",\"@id\":\"https:\\\/\\\/kmblock.com\\\/de\\\/#organization\",\"name\":\"KM-Block\",\"url\":\"https:\\\/\\\/kmblock.com\\\/de\\\/\",\"logo\":{\"@type\":\"ImageObject\",\"inLanguage\":\"de\",\"@id\":\"https:\\\/\\\/kmblock.com\\\/de\\\/#\\\/schema\\\/logo\\\/image\\\/\",\"url\":\"https:\\\/\\\/kmblock.com\\\/wp-content\\\/uploads\\\/2024\\\/08\\\/main-logo.png\",\"contentUrl\":\"https:\\\/\\\/kmblock.com\\\/wp-content\\\/uploads\\\/2024\\\/08\\\/main-logo.png\",\"width\":186,\"height\":28,\"caption\":\"KM-Block\"},\"image\":{\"@id\":\"https:\\\/\\\/kmblock.com\\\/de\\\/#\\\/schema\\\/logo\\\/image\\\/\"}}]}<\/script>\n<!-- \/ Yoast SEO plugin. -->","yoast_head_json":{"title":"Audi A7\/S7\/RS7\/C7 Mileage Blocker (KM stopper) \u2192 KM Block","description":"Buy a Audi A7\/S7\/RS7\/C7 Mileage Blocker for the Best Prices \u2713 Free Shipping \u2713 Incl. Installation Guides","robots":{"index":"index","follow":"follow","max-snippet":"max-snippet:-1","max-image-preview":"max-image-preview:large","max-video-preview":"max-video-preview:-1"},"og_locale":"de_DE","og_type":"article","og_title":"Audi A7\/S7\/RS7\/C7 Mileage Blocker (KM stopper) \u2192 KM Block","og_description":"Buy a Audi A7\/S7\/RS7\/C7 Mileage Blocker for the Best Prices \u2713 Free Shipping \u2713 Incl. Installation Guides","og_url":"https:\/\/kmblock.com\/de\/product\/audi-a7-s7-rs7-c7\/","og_site_name":"KM Block","og_image":[{"width":800,"height":800,"url":"https:\/\/kmblock.com\/wp-content\/uploads\/2024\/09\/Audi-A7S7RS7C7.jpg","type":"image\/jpeg"}],"twitter_card":"summary_large_image","twitter_misc":{"Gesch\u00e4tzte Lesezeit":"2\u00a0Minuten"},"schema":{"@context":"https:\/\/schema.org","@graph":[{"@type":"WebPage","@id":"https:\/\/kmblock.com\/de\/product\/audi-a7-s7-rs7-c7\/","url":"https:\/\/kmblock.com\/de\/product\/audi-a7-s7-rs7-c7\/","name":"Audi A7\/S7\/RS7\/C7 Mileage Blocker (KM stopper) \u2192 KM Block","isPartOf":{"@id":"https:\/\/kmblock.com\/de\/#website"},"primaryImageOfPage":{"@id":"https:\/\/kmblock.com\/de\/product\/audi-a7-s7-rs7-c7\/#primaryimage"},"image":{"@id":"https:\/\/kmblock.com\/de\/product\/audi-a7-s7-rs7-c7\/#primaryimage"},"thumbnailUrl":"https:\/\/kmblock.com\/wp-content\/uploads\/2024\/09\/Audi-A7S7RS7C7.jpg","datePublished":"2024-09-17T21:55:55+00:00","description":"Buy a Audi A7\/S7\/RS7\/C7 Mileage Blocker for the Best Prices \u2713 Free Shipping \u2713 Incl. Installation Guides","breadcrumb":{"@id":"https:\/\/kmblock.com\/de\/product\/audi-a7-s7-rs7-c7\/#breadcrumb"},"inLanguage":"de","potentialAction":[{"@type":"ReadAction","target":["https:\/\/kmblock.com\/de\/product\/audi-a7-s7-rs7-c7\/"]}]},{"@type":"ImageObject","inLanguage":"de","@id":"https:\/\/kmblock.com\/de\/product\/audi-a7-s7-rs7-c7\/#primaryimage","url":"https:\/\/kmblock.com\/wp-content\/uploads\/2024\/09\/Audi-A7S7RS7C7.jpg","contentUrl":"https:\/\/kmblock.com\/wp-content\/uploads\/2024\/09\/Audi-A7S7RS7C7.jpg","width":800,"height":800,"caption":"Audi A7\/S7\/RS7\/C7"},{"@type":"BreadcrumbList","@id":"https:\/\/kmblock.com\/de\/product\/audi-a7-s7-rs7-c7\/#breadcrumb","itemListElement":[{"@type":"ListItem","position":1,"name":"Startseite","item":"https:\/\/kmblock.com\/de\/"},{"@type":"ListItem","position":2,"name":"Produkte","item":"https:\/\/kmblock.com\/de\/shop\/"},{"@type":"ListItem","position":3,"name":"Audi A7\/S7\/RS7\/C7"}]},{"@type":"WebSite","@id":"https:\/\/kmblock.com\/de\/#website","url":"https:\/\/kmblock.com\/de\/","name":"KM Block","description":"","publisher":{"@id":"https:\/\/kmblock.com\/de\/#organization"},"potentialAction":[{"@type":"SearchAction","target":{"@type":"EntryPoint","urlTemplate":"https:\/\/kmblock.com\/de\/?s={search_term_string}"},"query-input":{"@type":"PropertyValueSpecification","valueRequired":true,"valueName":"search_term_string"}}],"inLanguage":"de"},{"@type":"Organization","@id":"https:\/\/kmblock.com\/de\/#organization","name":"KM-Block","url":"https:\/\/kmblock.com\/de\/","logo":{"@type":"ImageObject","inLanguage":"de","@id":"https:\/\/kmblock.com\/de\/#\/schema\/logo\/image\/","url":"https:\/\/kmblock.com\/wp-content\/uploads\/2024\/08\/main-logo.png","contentUrl":"https:\/\/kmblock.com\/wp-content\/uploads\/2024\/08\/main-logo.png","width":186,"height":28,"caption":"KM-Block"},"image":{"@id":"https:\/\/kmblock.com\/de\/#\/schema\/logo\/image\/"}}]}},"_links":{"self":[{"href":"https:\/\/kmblock.com\/de\/wp-json\/wp\/v2\/product\/7085","targetHints":{"allow":["GET"]}}],"collection":[{"href":"https:\/\/kmblock.com\/de\/wp-json\/wp\/v2\/product"}],"about":[{"href":"https:\/\/kmblock.com\/de\/wp-json\/wp\/v2\/types\/product"}],"replies":[{"embeddable":true,"href":"https:\/\/kmblock.com\/de\/wp-json\/wp\/v2\/comments?post=7085"}],"wp:featuredmedia":[{"embeddable":true,"href":"https:\/\/kmblock.com\/de\/wp-json\/wp\/v2\/media\/664"}],"wp:attachment":[{"href":"https:\/\/kmblock.com\/de\/wp-json\/wp\/v2\/media?parent=7085"}],"wp:term":[{"taxonomy":"product_brand","embeddable":true,"href":"https:\/\/kmblock.com\/de\/wp-json\/wp\/v2\/product_brand?post=7085"},{"taxonomy":"product_cat","embeddable":true,"href":"https:\/\/kmblock.com\/de\/wp-json\/wp\/v2\/product_cat?post=7085"},{"taxonomy":"product_tag","embeddable":true,"href":"https:\/\/kmblock.com\/de\/wp-json\/wp\/v2\/product_tag?post=7085"}],"curies":[{"name":"wp","href":"https:\/\/api.w.org\/{rel}","templated":true}]}}