{"id":7053,"date":"2024-09-17T22:15:43","date_gmt":"2024-09-17T22:15:43","guid":{"rendered":"https:\/\/kmblock.com\/product\/audi-a8-s8-rs8-d4\/"},"modified":"2024-09-17T22:15:43","modified_gmt":"2024-09-17T22:15:43","slug":"audi-a8-s8-rs8-d4","status":"publish","type":"product","link":"https:\/\/kmblock.com\/de\/product\/audi-a8-s8-rs8-d4\/","title":{"rendered":"Audi A8\/S8\/RS8\/D4"},"content":{"rendered":"<div class=\"flex-shrink-0 flex flex-col relative items-end\">\n<div class=\"pt-0\">\n<div class=\"gizmo-bot-avatar flex h-8 w-8 items-center justify-center overflow-hidden rounded-full\">\n<div class=\"relative p-1 rounded-sm flex items-center justify-center bg-token-main-surface-primary text-token-text-primary h-8 w-8\">\n<h3><strong>Laufleistungssperre f\u00fcr Audi A8\/S8\/RS8 &#8211; D4<\/strong><\/h3>\n<p>Der Audi A8\/S8\/RS8 &#8211; D4 Mileage Blocker wird auch als Odometer Blocker, Odometer Stopper, Can Blocker, Mileage Stopper, Trip Odometer, Can Filter und manchmal auch als Tool zur Korrektur des Kilometerstandes bezeichnet. Dieses Ger\u00e4t ist f\u00fcr alle Audi A8\/S8\/RS8\/D4 Modelle geeignet, die zwischen 2010 und 2017 hergestellt wurden. <\/p>\n<h3><strong>Spezifikationen<\/strong><\/h3>\n<ul>\n<li>Es werden keine Fehlermeldungen auf dem Tachometer oder dem Navigationspanel angezeigt.<\/li>\n<li>Einfache DIY-Installation.<\/li>\n<li>Verf\u00fcgt \u00fcber einen Stecker mit einer Gegenfl\u00e4che und Rillen f\u00fcr eine reibungslose Installation.<\/li>\n<li>Funktioniert mit verschiedenen Tastenkombinationen.<\/li>\n<li>Hinterl\u00e4sst beim Entfernen keine Spuren: kein L\u00f6ten oder Schneiden von Kabeln erforderlich.<\/li>\n<li>Kann w\u00e4hrend der Fahrt aktiviert oder deaktiviert werden.<\/li>\n<li>Inklusive hochwertigen Steckern und hitzebest\u00e4ndigen Kabeln.<\/li>\n<li>Ausgew\u00e4hlte Einstellungen werden dauerhaft gespeichert.<\/li>\n<li>Der Kilometerstand erh\u00f6ht sich nach dem Entfernen des Moduls nicht.<\/li>\n<li>Der Tachometer und andere Assistenzsysteme funktionieren korrekt.<\/li>\n<li>Bei vollst\u00e4ndiger \u00c4nderung des Kilometerstandes ist eine Abweichung von bis zu 1% von der tats\u00e4chlichen Entfernung zul\u00e4ssig. Der angegebene Kilometerstand ist ein N\u00e4herungswert und kann geringf\u00fcgige Abweichungen aufweisen. <\/li>\n<\/ul>\n<h3><strong>Aktivierung &amp; Deaktivierung<\/strong><\/h3>\n<p>Aktivieren Sie die Funktion durch gleichzeitiges Dr\u00fccken der Tasten &#8218;Ok&#8216; und &#8218;Lautst\u00e4rke&#8216; am Lenker.<\/p>\n<p><strong>Modus Ein:<\/strong> z\u00e4hlt 0% der Meilen. Beide Blinker blinken. <\/p>\n<p><strong>Modus Aus:<\/strong> z\u00e4hlt 100 Prozent der Meilen. Beide Blinker blinken. <\/p>\n<h3><strong>Was ist der Audi A8, S8, RS8, D4 Kilometerz\u00e4hler-Blocker oder Kilometerstandskorrektur-Tool?<\/strong><\/h3>\n<p>Der Audi A8 D4 Mileage Blocker\/Odometer Blocker dient dazu, die Ansammlung von Kilometern zu stoppen und gleichzeitig die Leistung des Fahrzeugs zu testen. Wir von KM Block bieten eine Reihe von Kilometerstoppern an, die auf verschiedene Fahrzeuge zugeschnitten sind. Unser Modul funktioniert effizient mit Diesel- und Benzinmotoren, Plug-in-Hybrid-Elektrofahrzeugen (PHEVs) und Elektroautos. Unabh\u00e4ngig davon, ob Ihr digitaler Kilometerz\u00e4hler in Meilen oder Kilometern misst, funktioniert das Ger\u00e4t reibungslos.   <\/p>\n<p>Bitte beachten Sie, dass wir keine Tools zur Kilometerkorrektur f\u00fcr Audi A8 D4 verkaufen, da diese oft zu betr\u00fcgerischen Zwecken verwendet werden, wie z.B. zur R\u00fcckrechnung des Kilometerstandes. Diese Tools werden in der Regel verwendet, um die zur\u00fcckgelegte Strecke zu \u00e4ndern, k\u00f6nnen aber aufgrund der vielen Datenspeicher in modernen Fahrzeugen den Kilometerstand nicht vollst\u00e4ndig umkehren. <\/p>\n<p>Die Installation ist bei allen Modellen unkompliziert und erfordert keine speziellen Fahrzeugkenntnisse. Schlie\u00dfen Sie das Ger\u00e4t einfach zwischen dem Tachometeranschluss und dem Kombiinstrument an, um seine Vorteile zu nutzen. Unsere Software ist f\u00fcr jede Fahrzeugmarke und jedes Modell ma\u00dfgeschneidert, um eine einwandfreie Funktion zu gew\u00e4hrleisten. Sie k\u00f6nnen den Audi A8 D4 Mileage Blocker jederzeit aktivieren oder deaktivieren, unabh\u00e4ngig davon, ob das Fahrzeug in Bewegung ist oder steht.   <\/p>\n<\/div>\n<\/div>\n<\/div>\n<\/div>\n","protected":false},"excerpt":{"rendered":"<div class=\"flex-shrink-0 flex flex-col relative items-end\">\n<div class=\"pt-0\">\n<div class=\"gizmo-bot-avatar flex h-8 w-8 items-center justify-center overflow-hidden rounded-full\">\n<div class=\"relative p-1 rounded-sm flex items-center justify-center bg-token-main-surface-primary text-token-text-primary h-8 w-8\">\n<p>Bevor Sie Ihre Bestellung aufgeben, lesen Sie bitte sorgf\u00e4ltig die Informationen zur Modulaktivierung, zu Fehlermeldungen und zur Funktionalit\u00e4t unten.<\/p>\n<p><strong>Kompatibilit\u00e4t:<\/strong> Dieses Ger\u00e4t ist f\u00fcr alle Audi A8\/S8\/RS8\/D4 Modelle geeignet, die zwischen 2010 und 2017 erschienen sind. Einfach selbst zu installieren. Hinterl\u00e4sst keine Spuren von Modifikationen. Kann aktiviert werden, w\u00e4hrend das Fahrzeug f\u00e4hrt. Inklusive hochwertiger Stecker und hitzebest\u00e4ndiger Kabel, Tachometer und Assistenzsysteme funktionieren einwandfrei.    <\/p>\n<p class=\"p1\"><b> \u2705 Nahtlose Integration<\/b><b><\/b><\/p>\n<p class=\"p1\">\u2705<b> Einfache Installation<\/b><b><\/b><\/p>\n<p class=\"p1\">\u2705<b> Genaue Verwaltung des Kilometerstandes<\/b><b><\/b><\/p>\n<p class=\"p1\"><b> \u2705 Betrieb im Tarnkappenmodus<\/b><b><\/b><\/p>\n<p class=\"p1\"><span class=\"s1\">\u2705<\/span><b> Lebenslanger Support und Updates<\/b><\/p>\n<\/div>\n<\/div>\n<\/div>\n<\/div>\n","protected":false},"featured_media":668,"comment_status":"open","ping_status":"closed","template":"","meta":[],"product_brand":[],"product_cat":[746],"product_tag":[],"class_list":{"0":"post-7053","1":"product","2":"type-product","3":"status-publish","4":"has-post-thumbnail","6":"product_cat-audi","8":"first","9":"instock","10":"taxable","11":"shipping-taxable","12":"purchasable","13":"product-type-variable"},"yoast_head":"<!-- This site is optimized with the Yoast SEO plugin v27.5 - https:\/\/yoast.com\/product\/yoast-seo-wordpress\/ -->\n<title>Audi A8\/S8\/RS8\/D4 Mileage Blocker (KM stopper) \u2192 KM Block<\/title>\n<meta name=\"description\" content=\"Buy a Audi A8\/S8\/RS8\/D4 Mileage Blocker for the Best Prices \u2713 Free Shipping \u2713 Incl. Installation Guides\" \/>\n<meta name=\"robots\" content=\"index, follow, max-snippet:-1, max-image-preview:large, max-video-preview:-1\" \/>\n<meta property=\"og:locale\" content=\"de_DE\" \/>\n<meta property=\"og:type\" content=\"article\" \/>\n<meta property=\"og:title\" content=\"Audi A8\/S8\/RS8\/D4 Mileage Blocker (KM stopper) \u2192 KM Block\" \/>\n<meta property=\"og:description\" content=\"Buy a Audi A8\/S8\/RS8\/D4 Mileage Blocker for the Best Prices \u2713 Free Shipping \u2713 Incl. Installation Guides\" \/>\n<meta property=\"og:url\" content=\"https:\/\/kmblock.com\/de\/product\/audi-a8-s8-rs8-d4\/\" \/>\n<meta property=\"og:site_name\" content=\"KM Block\" \/>\n<meta property=\"og:image\" content=\"https:\/\/kmblock.com\/wp-content\/uploads\/2024\/09\/Audi-A8S8RS8D4.jpg\" \/>\n\t<meta property=\"og:image:width\" content=\"800\" \/>\n\t<meta property=\"og:image:height\" content=\"800\" \/>\n\t<meta property=\"og:image:type\" content=\"image\/jpeg\" \/>\n<meta name=\"twitter:card\" content=\"summary_large_image\" \/>\n<meta name=\"twitter:label1\" content=\"Gesch\u00e4tzte Lesezeit\" \/>\n\t<meta name=\"twitter:data1\" content=\"2\u00a0Minuten\" \/>\n<script type=\"application\/ld+json\" class=\"yoast-schema-graph\">{\"@context\":\"https:\\\/\\\/schema.org\",\"@graph\":[{\"@type\":\"WebPage\",\"@id\":\"https:\\\/\\\/kmblock.com\\\/de\\\/product\\\/audi-a8-s8-rs8-d4\\\/\",\"url\":\"https:\\\/\\\/kmblock.com\\\/de\\\/product\\\/audi-a8-s8-rs8-d4\\\/\",\"name\":\"Audi A8\\\/S8\\\/RS8\\\/D4 Mileage Blocker (KM stopper) \u2192 KM Block\",\"isPartOf\":{\"@id\":\"https:\\\/\\\/kmblock.com\\\/de\\\/#website\"},\"primaryImageOfPage\":{\"@id\":\"https:\\\/\\\/kmblock.com\\\/de\\\/product\\\/audi-a8-s8-rs8-d4\\\/#primaryimage\"},\"image\":{\"@id\":\"https:\\\/\\\/kmblock.com\\\/de\\\/product\\\/audi-a8-s8-rs8-d4\\\/#primaryimage\"},\"thumbnailUrl\":\"https:\\\/\\\/kmblock.com\\\/wp-content\\\/uploads\\\/2024\\\/09\\\/Audi-A8S8RS8D4.jpg\",\"datePublished\":\"2024-09-17T22:15:43+00:00\",\"description\":\"Buy a Audi A8\\\/S8\\\/RS8\\\/D4 Mileage Blocker for the Best Prices \u2713 Free Shipping \u2713 Incl. Installation Guides\",\"breadcrumb\":{\"@id\":\"https:\\\/\\\/kmblock.com\\\/de\\\/product\\\/audi-a8-s8-rs8-d4\\\/#breadcrumb\"},\"inLanguage\":\"de\",\"potentialAction\":[{\"@type\":\"ReadAction\",\"target\":[\"https:\\\/\\\/kmblock.com\\\/de\\\/product\\\/audi-a8-s8-rs8-d4\\\/\"]}]},{\"@type\":\"ImageObject\",\"inLanguage\":\"de\",\"@id\":\"https:\\\/\\\/kmblock.com\\\/de\\\/product\\\/audi-a8-s8-rs8-d4\\\/#primaryimage\",\"url\":\"https:\\\/\\\/kmblock.com\\\/wp-content\\\/uploads\\\/2024\\\/09\\\/Audi-A8S8RS8D4.jpg\",\"contentUrl\":\"https:\\\/\\\/kmblock.com\\\/wp-content\\\/uploads\\\/2024\\\/09\\\/Audi-A8S8RS8D4.jpg\",\"width\":800,\"height\":800,\"caption\":\"Audi A8\\\/S8\\\/RS8\\\/D4\"},{\"@type\":\"BreadcrumbList\",\"@id\":\"https:\\\/\\\/kmblock.com\\\/de\\\/product\\\/audi-a8-s8-rs8-d4\\\/#breadcrumb\",\"itemListElement\":[{\"@type\":\"ListItem\",\"position\":1,\"name\":\"Startseite\",\"item\":\"https:\\\/\\\/kmblock.com\\\/de\\\/\"},{\"@type\":\"ListItem\",\"position\":2,\"name\":\"Produkte\",\"item\":\"https:\\\/\\\/kmblock.com\\\/de\\\/shop\\\/\"},{\"@type\":\"ListItem\",\"position\":3,\"name\":\"Audi A8\\\/S8\\\/RS8\\\/D4\"}]},{\"@type\":\"WebSite\",\"@id\":\"https:\\\/\\\/kmblock.com\\\/de\\\/#website\",\"url\":\"https:\\\/\\\/kmblock.com\\\/de\\\/\",\"name\":\"KM Block\",\"description\":\"\",\"publisher\":{\"@id\":\"https:\\\/\\\/kmblock.com\\\/de\\\/#organization\"},\"potentialAction\":[{\"@type\":\"SearchAction\",\"target\":{\"@type\":\"EntryPoint\",\"urlTemplate\":\"https:\\\/\\\/kmblock.com\\\/de\\\/?s={search_term_string}\"},\"query-input\":{\"@type\":\"PropertyValueSpecification\",\"valueRequired\":true,\"valueName\":\"search_term_string\"}}],\"inLanguage\":\"de\"},{\"@type\":\"Organization\",\"@id\":\"https:\\\/\\\/kmblock.com\\\/de\\\/#organization\",\"name\":\"KM-Block\",\"url\":\"https:\\\/\\\/kmblock.com\\\/de\\\/\",\"logo\":{\"@type\":\"ImageObject\",\"inLanguage\":\"de\",\"@id\":\"https:\\\/\\\/kmblock.com\\\/de\\\/#\\\/schema\\\/logo\\\/image\\\/\",\"url\":\"https:\\\/\\\/kmblock.com\\\/wp-content\\\/uploads\\\/2024\\\/08\\\/main-logo.png\",\"contentUrl\":\"https:\\\/\\\/kmblock.com\\\/wp-content\\\/uploads\\\/2024\\\/08\\\/main-logo.png\",\"width\":186,\"height\":28,\"caption\":\"KM-Block\"},\"image\":{\"@id\":\"https:\\\/\\\/kmblock.com\\\/de\\\/#\\\/schema\\\/logo\\\/image\\\/\"}}]}<\/script>\n<!-- \/ Yoast SEO plugin. -->","yoast_head_json":{"title":"Audi A8\/S8\/RS8\/D4 Mileage Blocker (KM stopper) \u2192 KM Block","description":"Buy a Audi A8\/S8\/RS8\/D4 Mileage Blocker for the Best Prices \u2713 Free Shipping \u2713 Incl. Installation Guides","robots":{"index":"index","follow":"follow","max-snippet":"max-snippet:-1","max-image-preview":"max-image-preview:large","max-video-preview":"max-video-preview:-1"},"og_locale":"de_DE","og_type":"article","og_title":"Audi A8\/S8\/RS8\/D4 Mileage Blocker (KM stopper) \u2192 KM Block","og_description":"Buy a Audi A8\/S8\/RS8\/D4 Mileage Blocker for the Best Prices \u2713 Free Shipping \u2713 Incl. Installation Guides","og_url":"https:\/\/kmblock.com\/de\/product\/audi-a8-s8-rs8-d4\/","og_site_name":"KM Block","og_image":[{"width":800,"height":800,"url":"https:\/\/kmblock.com\/wp-content\/uploads\/2024\/09\/Audi-A8S8RS8D4.jpg","type":"image\/jpeg"}],"twitter_card":"summary_large_image","twitter_misc":{"Gesch\u00e4tzte Lesezeit":"2\u00a0Minuten"},"schema":{"@context":"https:\/\/schema.org","@graph":[{"@type":"WebPage","@id":"https:\/\/kmblock.com\/de\/product\/audi-a8-s8-rs8-d4\/","url":"https:\/\/kmblock.com\/de\/product\/audi-a8-s8-rs8-d4\/","name":"Audi A8\/S8\/RS8\/D4 Mileage Blocker (KM stopper) \u2192 KM Block","isPartOf":{"@id":"https:\/\/kmblock.com\/de\/#website"},"primaryImageOfPage":{"@id":"https:\/\/kmblock.com\/de\/product\/audi-a8-s8-rs8-d4\/#primaryimage"},"image":{"@id":"https:\/\/kmblock.com\/de\/product\/audi-a8-s8-rs8-d4\/#primaryimage"},"thumbnailUrl":"https:\/\/kmblock.com\/wp-content\/uploads\/2024\/09\/Audi-A8S8RS8D4.jpg","datePublished":"2024-09-17T22:15:43+00:00","description":"Buy a Audi A8\/S8\/RS8\/D4 Mileage Blocker for the Best Prices \u2713 Free Shipping \u2713 Incl. Installation Guides","breadcrumb":{"@id":"https:\/\/kmblock.com\/de\/product\/audi-a8-s8-rs8-d4\/#breadcrumb"},"inLanguage":"de","potentialAction":[{"@type":"ReadAction","target":["https:\/\/kmblock.com\/de\/product\/audi-a8-s8-rs8-d4\/"]}]},{"@type":"ImageObject","inLanguage":"de","@id":"https:\/\/kmblock.com\/de\/product\/audi-a8-s8-rs8-d4\/#primaryimage","url":"https:\/\/kmblock.com\/wp-content\/uploads\/2024\/09\/Audi-A8S8RS8D4.jpg","contentUrl":"https:\/\/kmblock.com\/wp-content\/uploads\/2024\/09\/Audi-A8S8RS8D4.jpg","width":800,"height":800,"caption":"Audi A8\/S8\/RS8\/D4"},{"@type":"BreadcrumbList","@id":"https:\/\/kmblock.com\/de\/product\/audi-a8-s8-rs8-d4\/#breadcrumb","itemListElement":[{"@type":"ListItem","position":1,"name":"Startseite","item":"https:\/\/kmblock.com\/de\/"},{"@type":"ListItem","position":2,"name":"Produkte","item":"https:\/\/kmblock.com\/de\/shop\/"},{"@type":"ListItem","position":3,"name":"Audi A8\/S8\/RS8\/D4"}]},{"@type":"WebSite","@id":"https:\/\/kmblock.com\/de\/#website","url":"https:\/\/kmblock.com\/de\/","name":"KM Block","description":"","publisher":{"@id":"https:\/\/kmblock.com\/de\/#organization"},"potentialAction":[{"@type":"SearchAction","target":{"@type":"EntryPoint","urlTemplate":"https:\/\/kmblock.com\/de\/?s={search_term_string}"},"query-input":{"@type":"PropertyValueSpecification","valueRequired":true,"valueName":"search_term_string"}}],"inLanguage":"de"},{"@type":"Organization","@id":"https:\/\/kmblock.com\/de\/#organization","name":"KM-Block","url":"https:\/\/kmblock.com\/de\/","logo":{"@type":"ImageObject","inLanguage":"de","@id":"https:\/\/kmblock.com\/de\/#\/schema\/logo\/image\/","url":"https:\/\/kmblock.com\/wp-content\/uploads\/2024\/08\/main-logo.png","contentUrl":"https:\/\/kmblock.com\/wp-content\/uploads\/2024\/08\/main-logo.png","width":186,"height":28,"caption":"KM-Block"},"image":{"@id":"https:\/\/kmblock.com\/de\/#\/schema\/logo\/image\/"}}]}},"_links":{"self":[{"href":"https:\/\/kmblock.com\/de\/wp-json\/wp\/v2\/product\/7053","targetHints":{"allow":["GET"]}}],"collection":[{"href":"https:\/\/kmblock.com\/de\/wp-json\/wp\/v2\/product"}],"about":[{"href":"https:\/\/kmblock.com\/de\/wp-json\/wp\/v2\/types\/product"}],"replies":[{"embeddable":true,"href":"https:\/\/kmblock.com\/de\/wp-json\/wp\/v2\/comments?post=7053"}],"wp:featuredmedia":[{"embeddable":true,"href":"https:\/\/kmblock.com\/de\/wp-json\/wp\/v2\/media\/668"}],"wp:attachment":[{"href":"https:\/\/kmblock.com\/de\/wp-json\/wp\/v2\/media?parent=7053"}],"wp:term":[{"taxonomy":"product_brand","embeddable":true,"href":"https:\/\/kmblock.com\/de\/wp-json\/wp\/v2\/product_brand?post=7053"},{"taxonomy":"product_cat","embeddable":true,"href":"https:\/\/kmblock.com\/de\/wp-json\/wp\/v2\/product_cat?post=7053"},{"taxonomy":"product_tag","embeddable":true,"href":"https:\/\/kmblock.com\/de\/wp-json\/wp\/v2\/product_tag?post=7053"}],"curies":[{"name":"wp","href":"https:\/\/api.w.org\/{rel}","templated":true}]}}