{"id":7038,"date":"2024-09-18T01:53:18","date_gmt":"2024-09-18T01:53:18","guid":{"rendered":"https:\/\/kmblock.com\/product\/audi-q4-e-tron\/"},"modified":"2024-09-18T01:53:18","modified_gmt":"2024-09-18T01:53:18","slug":"audi-q4-e-tron","status":"publish","type":"product","link":"https:\/\/kmblock.com\/de\/product\/audi-q4-e-tron\/","title":{"rendered":"Audi Q4 E-tron"},"content":{"rendered":"<h3>Laufleistungssperre f\u00fcr Audi Q4 e-tron<\/h3>\n<p>Der Audi Q4 e-tron Mileage Blocker, auch bekannt als Odometer Blocker, Odometer Stopper, Can Blocker, Mileage Stopper, Trip Odometer, Can Filter oder gelegentlich als Mileage Correction Tool, ist kompatibel mit allen Audi Q4 e-tron Modellen ab 2021.<\/p>\n<h3>Spezifikationen:<\/h3>\n<ul>\n<li>Keine Fehlermeldungen auf dem Tachometer oder dem Navigationspanel<\/li>\n<li>Einfache DIY-Installation<\/li>\n<li>Sicherer Sitz mit Gegenst\u00fcck und geriffelten Anschl\u00fcssen f\u00fcr eine einfache Einrichtung<\/li>\n<li>Bedienung \u00fcber eine Vielzahl von Tastenkombinationen<\/li>\n<li>Vollst\u00e4ndig abnehmbar ohne R\u00fcckverfolgung &#8211; kein L\u00f6ten oder Schneiden von Kabeln erforderlich<\/li>\n<li>Erh\u00e4ltlich mit oder ohne begleitende App<\/li>\n<li>Der durchschnittliche Verbrauch ist m\u00f6glicherweise nicht genau, aber der Akkustand wird korrekt angezeigt<\/li>\n<li>Kann w\u00e4hrend der Fahrt aktiviert oder deaktiviert werden<\/li>\n<li>Ausgestattet mit erstklassigen Steckern und hitzebest\u00e4ndigen Kabeln<\/li>\n<li>Einstellungen werden automatisch gespeichert<\/li>\n<li>Der Kilometerstand erh\u00f6ht sich nicht, nachdem das Modul entfernt wurde.<\/li>\n<li>Alle Assistenzsysteme, einschlie\u00dflich des Tachometers, funktionieren weiterhin ohne Probleme.<\/li>\n<li>Der Ladevorgang wird nicht beeintr\u00e4chtigt, wenn das Modul aktiv ist, und es muss zum Laden nicht deaktiviert werden.<\/li>\n<li>In dem Modus, in dem der Kilometerstand vollst\u00e4ndig gestoppt wird, kann es zu einer leichten Abweichung von bis zu 1% kommen. Die gesch\u00e4tzten Kilometerst\u00e4nde bei angehaltenem Betrieb sind ungef\u00e4hre Angaben, die geringf\u00fcgig abweichen k\u00f6nnen. <\/li>\n<\/ul>\n<h3>Aktivierung &amp; Deaktivierung:<\/h3>\n<p><span style=\"font-family: -apple-system, BlinkMacSystemFont, 'Segoe UI', Roboto, 'Helvetica Neue', Arial, 'Noto Sans', sans-serif, 'Apple Color Emoji', 'Segoe UI Emoji', 'Segoe UI Symbol', 'Noto Color Emoji'\"><span data-sheets-root=\"1\">&#8220; Bet\u00e4tigen Sie die Taste &#8218;ok&#8216; am Lenker. Halten Sie die Taste gedr\u00fcckt, bis der Blinker zu blinken beginnt. <\/span><\/span><\/p>\n<p><strong>Modus 1:<\/strong> 1 Blinken links 20 Prozent<br \/>\n<strong>Modus 2: <\/strong>2 linke Blinkzeichen 10 Prozent<br \/>\n<strong>Modus 3:<\/strong> 3 Mal links blinken 0 Prozent<br \/>\n<strong>Modus 4<\/strong>: 1 rechtes Blinken 100 Prozent<\/p>\n<p>F\u00fcr den Modus 3: 0 Prozent m\u00fcssen Sie den Modus einschalten, dann das Auto ausschalten und f\u00fcr 2 Minuten verriegeln und dann starten und fahren.&#8220;<\/p>\n<p><span style=\"font-family: -apple-system, BlinkMacSystemFont, 'Segoe UI', Roboto, 'Helvetica Neue', Arial, 'Noto Sans', sans-serif, 'Apple Color Emoji', 'Segoe UI Emoji', 'Segoe UI Symbol', 'Noto Color Emoji'\">Der Q4 e-tron Kilometerstopper speichert die zuletzt verwendeten Einstellungen und spart so Zeit, da er nicht vor jeder Fahrt neu konfiguriert werden muss. Die Aktivierung und Deaktivierung kann sowohl bei stehendem als auch bei fahrendem Fahrzeug erfolgen. <\/span><\/p>\n<h3>Was ist der Audi Q4 e-tron Kilometerz\u00e4hler-Blocker oder das Tool zur Kilometerstandskorrektur?<\/h3>\n<p>Der Audi Q4 e-tron Mileage Blocker (auch bekannt als Odometer Blocker) wurde entwickelt, um das Z\u00e4hlen von zus\u00e4tzlichen Kilometern zu verhindern, w\u00e4hrend die Leistung des Fahrzeugs getestet wird. Wir von KM Block bieten hochwertige Module mit Originalbauteilen an. Unabh\u00e4ngig davon, ob Ihr digitaler Kilometerz\u00e4hler Meilen oder Kilometer z\u00e4hlt, wird dieses Tool nahtlos funktionieren. Unsere Software wird f\u00fcr jede Fahrzeugmarke und jedes Modell angepasst, um einen einwandfreien Betrieb zu gew\u00e4hrleisten. Sie k\u00f6nnen das Modul ganz einfach installieren und die Modi \u00fcber Tastenkombinationen wechseln.    <\/p>\n<p>Bitte beachten Sie, dass <strong>wir keine Tools zur Kilometerkorrektur<\/strong> f\u00fcr den Audi Q4 e-tron <strong>verkaufen<\/strong>, da diese f\u00fcr den betr\u00fcgerischen Gebrauch gedacht sind, indem sie den Kilometerstand vom Kilometerz\u00e4hler l\u00f6schen. Diese Tools k\u00f6nnen versuchen, den Kilometerz\u00e4hler zur\u00fcckzusetzen, aber die Fahrzeuge speichern den Kilometerstand an mehreren Stellen, so dass solche Methoden nicht ganz effektiv sind. <\/p>\n<p>Die Installation ist f\u00fcr alle Modelle gleich und erfordert keine speziellen Kenntnisse in der Fahrzeugwartung. Schlie\u00dfen Sie das Modul einfach zwischen dem Tachometer und dem Kombiinstrument an, um die Vorteile seiner Funktionen voll auszusch\u00f6pfen. <\/p>\n<p>Wir bieten eine breite Palette von Mileage Stopper Ger\u00e4ten f\u00fcr verschiedene Fahrzeugtypen an. Der Mileage Blocker funktioniert einwandfrei bei Diesel-Benzinmotoren, Plug-in-Hybrid-Elektrofahrzeugen (PHEVs) und Elektroautos. Der Audi Q4 e-tron Mileage Blocker kann jederzeit aktiviert oder deaktiviert werden, egal ob das Fahrzeug steht oder f\u00e4hrt.  <\/p>\n","protected":false},"excerpt":{"rendered":"<div class=\"flex-shrink-0 flex flex-col relative items-end\">\n<div class=\"pt-0\">\n<div class=\"gizmo-bot-avatar flex h-8 w-8 items-center justify-center overflow-hidden rounded-full\">\n<div class=\"relative p-1 rounded-sm flex items-center justify-center bg-token-main-surface-primary text-token-text-primary h-8 w-8\">\n<p><strong>Bevor Sie Ihre Bestellung aufgeben, lesen Sie bitte sorgf\u00e4ltig die Anweisungen zur Aktivierung des Moduls und wichtige Hinweise zu Fehlermeldungen und Funktionen:<\/strong><\/p>\n<p><strong>Kompatibilit\u00e4t:<\/strong> Dieses Ger\u00e4t ist f\u00fcr alle Modelle geeignet, die ab 2021 auf den Markt kommen. Konzipiert f\u00fcr den Einbau zum Selbermachen. Bietet eine nicht nachweisbare Leistung. Kann aktiviert werden, w\u00e4hrend das Fahrzeug in Bewegung ist. Mit hochwertigen Steckern und hitzebest\u00e4ndigen Kabeln. Sorgt daf\u00fcr, dass der Tachometer und alle Assistenzprogramme einwandfrei funktionieren.     <\/p>\n<p class=\"p1\"><b> \u2705 Nahtlose Integration<\/b><b><\/b><\/p>\n<p class=\"p1\">\u2705<b> Einfache Installation<\/b><b><\/b><\/p>\n<p class=\"p1\">\u2705<b> Genaue Verwaltung des Kilometerstandes<\/b><b><\/b><\/p>\n<p class=\"p1\"><b> \u2705 Betrieb im Tarnkappenmodus<\/b><b><\/b><\/p>\n<p class=\"p1\"><span class=\"s1\">\u2705<\/span><b> Lebenslanger Support und Updates<\/b><\/p>\n<\/div>\n<\/div>\n<\/div>\n<\/div>\n","protected":false},"featured_media":679,"comment_status":"open","ping_status":"closed","template":"","meta":[],"product_brand":[],"product_cat":[746],"product_tag":[],"class_list":{"0":"post-7038","1":"product","2":"type-product","3":"status-publish","4":"has-post-thumbnail","6":"product_cat-audi","8":"first","9":"instock","10":"taxable","11":"shipping-taxable","12":"purchasable","13":"product-type-variable"},"yoast_head":"<!-- This site is optimized with the Yoast SEO plugin v27.5 - https:\/\/yoast.com\/product\/yoast-seo-wordpress\/ -->\n<title>Audi Q4 E-tron Mileage Blocker (KM stopper) \u2192 KM Block<\/title>\n<meta name=\"description\" content=\"Buy a Audi Q4 E-tron Mileage Blocker for the Best Prices \u2713 Free Shipping \u2713 Incl. Installation Guides\" \/>\n<meta name=\"robots\" content=\"index, follow, max-snippet:-1, max-image-preview:large, max-video-preview:-1\" \/>\n<meta property=\"og:locale\" content=\"de_DE\" \/>\n<meta property=\"og:type\" content=\"article\" \/>\n<meta property=\"og:title\" content=\"Audi Q4 E-tron Mileage Blocker (KM stopper) \u2192 KM Block\" \/>\n<meta property=\"og:description\" content=\"Buy a Audi Q4 E-tron Mileage Blocker for the Best Prices \u2713 Free Shipping \u2713 Incl. Installation Guides\" \/>\n<meta property=\"og:url\" content=\"https:\/\/kmblock.com\/de\/product\/audi-q4-e-tron\/\" \/>\n<meta property=\"og:site_name\" content=\"KM Block\" \/>\n<meta property=\"og:image\" content=\"https:\/\/kmblock.com\/wp-content\/uploads\/2024\/09\/Audi-Q4-E-tron.webp\" \/>\n\t<meta property=\"og:image:width\" content=\"800\" \/>\n\t<meta property=\"og:image:height\" content=\"800\" \/>\n\t<meta property=\"og:image:type\" content=\"image\/webp\" \/>\n<meta name=\"twitter:card\" content=\"summary_large_image\" \/>\n<meta name=\"twitter:label1\" content=\"Gesch\u00e4tzte Lesezeit\" \/>\n\t<meta name=\"twitter:data1\" content=\"3\u00a0Minuten\" \/>\n<script type=\"application\/ld+json\" class=\"yoast-schema-graph\">{\"@context\":\"https:\\\/\\\/schema.org\",\"@graph\":[{\"@type\":\"WebPage\",\"@id\":\"https:\\\/\\\/kmblock.com\\\/de\\\/product\\\/audi-q4-e-tron\\\/\",\"url\":\"https:\\\/\\\/kmblock.com\\\/de\\\/product\\\/audi-q4-e-tron\\\/\",\"name\":\"Audi Q4 E-tron Mileage Blocker (KM stopper) \u2192 KM Block\",\"isPartOf\":{\"@id\":\"https:\\\/\\\/kmblock.com\\\/de\\\/#website\"},\"primaryImageOfPage\":{\"@id\":\"https:\\\/\\\/kmblock.com\\\/de\\\/product\\\/audi-q4-e-tron\\\/#primaryimage\"},\"image\":{\"@id\":\"https:\\\/\\\/kmblock.com\\\/de\\\/product\\\/audi-q4-e-tron\\\/#primaryimage\"},\"thumbnailUrl\":\"https:\\\/\\\/kmblock.com\\\/wp-content\\\/uploads\\\/2024\\\/09\\\/Audi-Q4-E-tron.webp\",\"datePublished\":\"2024-09-18T01:53:18+00:00\",\"description\":\"Buy a Audi Q4 E-tron Mileage Blocker for the Best Prices \u2713 Free Shipping \u2713 Incl. Installation Guides\",\"breadcrumb\":{\"@id\":\"https:\\\/\\\/kmblock.com\\\/de\\\/product\\\/audi-q4-e-tron\\\/#breadcrumb\"},\"inLanguage\":\"de\",\"potentialAction\":[{\"@type\":\"ReadAction\",\"target\":[\"https:\\\/\\\/kmblock.com\\\/de\\\/product\\\/audi-q4-e-tron\\\/\"]}]},{\"@type\":\"ImageObject\",\"inLanguage\":\"de\",\"@id\":\"https:\\\/\\\/kmblock.com\\\/de\\\/product\\\/audi-q4-e-tron\\\/#primaryimage\",\"url\":\"https:\\\/\\\/kmblock.com\\\/wp-content\\\/uploads\\\/2024\\\/09\\\/Audi-Q4-E-tron.webp\",\"contentUrl\":\"https:\\\/\\\/kmblock.com\\\/wp-content\\\/uploads\\\/2024\\\/09\\\/Audi-Q4-E-tron.webp\",\"width\":800,\"height\":800,\"caption\":\"Audi Q4 E-tron\"},{\"@type\":\"BreadcrumbList\",\"@id\":\"https:\\\/\\\/kmblock.com\\\/de\\\/product\\\/audi-q4-e-tron\\\/#breadcrumb\",\"itemListElement\":[{\"@type\":\"ListItem\",\"position\":1,\"name\":\"Startseite\",\"item\":\"https:\\\/\\\/kmblock.com\\\/de\\\/\"},{\"@type\":\"ListItem\",\"position\":2,\"name\":\"Produkte\",\"item\":\"https:\\\/\\\/kmblock.com\\\/de\\\/shop\\\/\"},{\"@type\":\"ListItem\",\"position\":3,\"name\":\"Audi Q4 E-tron\"}]},{\"@type\":\"WebSite\",\"@id\":\"https:\\\/\\\/kmblock.com\\\/de\\\/#website\",\"url\":\"https:\\\/\\\/kmblock.com\\\/de\\\/\",\"name\":\"KM Block\",\"description\":\"\",\"publisher\":{\"@id\":\"https:\\\/\\\/kmblock.com\\\/de\\\/#organization\"},\"potentialAction\":[{\"@type\":\"SearchAction\",\"target\":{\"@type\":\"EntryPoint\",\"urlTemplate\":\"https:\\\/\\\/kmblock.com\\\/de\\\/?s={search_term_string}\"},\"query-input\":{\"@type\":\"PropertyValueSpecification\",\"valueRequired\":true,\"valueName\":\"search_term_string\"}}],\"inLanguage\":\"de\"},{\"@type\":\"Organization\",\"@id\":\"https:\\\/\\\/kmblock.com\\\/de\\\/#organization\",\"name\":\"KM-Block\",\"url\":\"https:\\\/\\\/kmblock.com\\\/de\\\/\",\"logo\":{\"@type\":\"ImageObject\",\"inLanguage\":\"de\",\"@id\":\"https:\\\/\\\/kmblock.com\\\/de\\\/#\\\/schema\\\/logo\\\/image\\\/\",\"url\":\"https:\\\/\\\/kmblock.com\\\/wp-content\\\/uploads\\\/2024\\\/08\\\/main-logo.png\",\"contentUrl\":\"https:\\\/\\\/kmblock.com\\\/wp-content\\\/uploads\\\/2024\\\/08\\\/main-logo.png\",\"width\":186,\"height\":28,\"caption\":\"KM-Block\"},\"image\":{\"@id\":\"https:\\\/\\\/kmblock.com\\\/de\\\/#\\\/schema\\\/logo\\\/image\\\/\"}}]}<\/script>\n<!-- \/ Yoast SEO plugin. -->","yoast_head_json":{"title":"Audi Q4 E-tron Mileage Blocker (KM stopper) \u2192 KM Block","description":"Buy a Audi Q4 E-tron Mileage Blocker for the Best Prices \u2713 Free Shipping \u2713 Incl. Installation Guides","robots":{"index":"index","follow":"follow","max-snippet":"max-snippet:-1","max-image-preview":"max-image-preview:large","max-video-preview":"max-video-preview:-1"},"og_locale":"de_DE","og_type":"article","og_title":"Audi Q4 E-tron Mileage Blocker (KM stopper) \u2192 KM Block","og_description":"Buy a Audi Q4 E-tron Mileage Blocker for the Best Prices \u2713 Free Shipping \u2713 Incl. Installation Guides","og_url":"https:\/\/kmblock.com\/de\/product\/audi-q4-e-tron\/","og_site_name":"KM Block","og_image":[{"width":800,"height":800,"url":"https:\/\/kmblock.com\/wp-content\/uploads\/2024\/09\/Audi-Q4-E-tron.webp","type":"image\/webp"}],"twitter_card":"summary_large_image","twitter_misc":{"Gesch\u00e4tzte Lesezeit":"3\u00a0Minuten"},"schema":{"@context":"https:\/\/schema.org","@graph":[{"@type":"WebPage","@id":"https:\/\/kmblock.com\/de\/product\/audi-q4-e-tron\/","url":"https:\/\/kmblock.com\/de\/product\/audi-q4-e-tron\/","name":"Audi Q4 E-tron Mileage Blocker (KM stopper) \u2192 KM Block","isPartOf":{"@id":"https:\/\/kmblock.com\/de\/#website"},"primaryImageOfPage":{"@id":"https:\/\/kmblock.com\/de\/product\/audi-q4-e-tron\/#primaryimage"},"image":{"@id":"https:\/\/kmblock.com\/de\/product\/audi-q4-e-tron\/#primaryimage"},"thumbnailUrl":"https:\/\/kmblock.com\/wp-content\/uploads\/2024\/09\/Audi-Q4-E-tron.webp","datePublished":"2024-09-18T01:53:18+00:00","description":"Buy a Audi Q4 E-tron Mileage Blocker for the Best Prices \u2713 Free Shipping \u2713 Incl. Installation Guides","breadcrumb":{"@id":"https:\/\/kmblock.com\/de\/product\/audi-q4-e-tron\/#breadcrumb"},"inLanguage":"de","potentialAction":[{"@type":"ReadAction","target":["https:\/\/kmblock.com\/de\/product\/audi-q4-e-tron\/"]}]},{"@type":"ImageObject","inLanguage":"de","@id":"https:\/\/kmblock.com\/de\/product\/audi-q4-e-tron\/#primaryimage","url":"https:\/\/kmblock.com\/wp-content\/uploads\/2024\/09\/Audi-Q4-E-tron.webp","contentUrl":"https:\/\/kmblock.com\/wp-content\/uploads\/2024\/09\/Audi-Q4-E-tron.webp","width":800,"height":800,"caption":"Audi Q4 E-tron"},{"@type":"BreadcrumbList","@id":"https:\/\/kmblock.com\/de\/product\/audi-q4-e-tron\/#breadcrumb","itemListElement":[{"@type":"ListItem","position":1,"name":"Startseite","item":"https:\/\/kmblock.com\/de\/"},{"@type":"ListItem","position":2,"name":"Produkte","item":"https:\/\/kmblock.com\/de\/shop\/"},{"@type":"ListItem","position":3,"name":"Audi Q4 E-tron"}]},{"@type":"WebSite","@id":"https:\/\/kmblock.com\/de\/#website","url":"https:\/\/kmblock.com\/de\/","name":"KM Block","description":"","publisher":{"@id":"https:\/\/kmblock.com\/de\/#organization"},"potentialAction":[{"@type":"SearchAction","target":{"@type":"EntryPoint","urlTemplate":"https:\/\/kmblock.com\/de\/?s={search_term_string}"},"query-input":{"@type":"PropertyValueSpecification","valueRequired":true,"valueName":"search_term_string"}}],"inLanguage":"de"},{"@type":"Organization","@id":"https:\/\/kmblock.com\/de\/#organization","name":"KM-Block","url":"https:\/\/kmblock.com\/de\/","logo":{"@type":"ImageObject","inLanguage":"de","@id":"https:\/\/kmblock.com\/de\/#\/schema\/logo\/image\/","url":"https:\/\/kmblock.com\/wp-content\/uploads\/2024\/08\/main-logo.png","contentUrl":"https:\/\/kmblock.com\/wp-content\/uploads\/2024\/08\/main-logo.png","width":186,"height":28,"caption":"KM-Block"},"image":{"@id":"https:\/\/kmblock.com\/de\/#\/schema\/logo\/image\/"}}]}},"_links":{"self":[{"href":"https:\/\/kmblock.com\/de\/wp-json\/wp\/v2\/product\/7038","targetHints":{"allow":["GET"]}}],"collection":[{"href":"https:\/\/kmblock.com\/de\/wp-json\/wp\/v2\/product"}],"about":[{"href":"https:\/\/kmblock.com\/de\/wp-json\/wp\/v2\/types\/product"}],"replies":[{"embeddable":true,"href":"https:\/\/kmblock.com\/de\/wp-json\/wp\/v2\/comments?post=7038"}],"wp:featuredmedia":[{"embeddable":true,"href":"https:\/\/kmblock.com\/de\/wp-json\/wp\/v2\/media\/679"}],"wp:attachment":[{"href":"https:\/\/kmblock.com\/de\/wp-json\/wp\/v2\/media?parent=7038"}],"wp:term":[{"taxonomy":"product_brand","embeddable":true,"href":"https:\/\/kmblock.com\/de\/wp-json\/wp\/v2\/product_brand?post=7038"},{"taxonomy":"product_cat","embeddable":true,"href":"https:\/\/kmblock.com\/de\/wp-json\/wp\/v2\/product_cat?post=7038"},{"taxonomy":"product_tag","embeddable":true,"href":"https:\/\/kmblock.com\/de\/wp-json\/wp\/v2\/product_tag?post=7038"}],"curies":[{"name":"wp","href":"https:\/\/api.w.org\/{rel}","templated":true}]}}