{"id":7006,"date":"2024-09-18T01:58:15","date_gmt":"2024-09-18T01:58:15","guid":{"rendered":"https:\/\/kmblock.com\/product\/bentley-bentayga\/"},"modified":"2024-09-18T01:58:15","modified_gmt":"2024-09-18T01:58:15","slug":"bentley-bentayga","status":"publish","type":"product","link":"https:\/\/kmblock.com\/de\/product\/bentley-bentayga\/","title":{"rendered":"Bentley Bentayga"},"content":{"rendered":"<h3>KILOMETERZ\u00c4HLER F\u00dcR BENTLEY BENTAYGA 4V<\/h3>\n<p>Der <strong>Bentley Bentayga 4V Mileage Blocker<\/strong> ist ein Werkzeug, das die Aufzeichnung des Kilometerstandes zu Testzwecken stoppt oder reduziert. Er wird manchmal auch als <strong>Kilometerz\u00e4hler-Blocker, Kilometerz\u00e4hler-Stopper, Dosen-Blocker, Kilometerz\u00e4hler-Stopper, Dosen-Filter<\/strong> oder in manchen F\u00e4llen auch als <strong>Kilometer-Korrekturger\u00e4t<\/strong> bezeichnet. <\/p>\n<h4><strong>KOMPATIBILIT\u00c4T:<\/strong><\/h4>\n<ul>\n<li>Dieses Ger\u00e4t ist f\u00fcr alle Bentley Bentayga Modelle geeignet, die seit 2016 erschienen sind.<\/li>\n<\/ul>\n<h4>SPEZIFIKATIONEN:<\/h4>\n<ul>\n<li><strong>DIY-Installation:<\/strong> Einfach ohne professionelle Hilfe zu installieren.<\/li>\n<li><strong>Gespeicherte Einstellungen:<\/strong> Die ausgew\u00e4hlten Einstellungen werden automatisch gespeichert und m\u00fcssen nicht nach jeder Verwendung neu angewendet werden.<\/li>\n<li><strong>Keine R\u00fcckst\u00e4nde:<\/strong> Sobald das Modul entfernt wurde, hinterl\u00e4sst es keine Spuren; es ist kein L\u00f6ten oder Schneiden von Kabeln erforderlich.<\/li>\n<li><strong>Mehrere Modi:<\/strong> Bietet mehrere Modi f\u00fcr einen flexiblen Betrieb.<\/li>\n<li><strong>Hochwertige Komponenten:<\/strong> Mit hochwertigen Steckern und hitzebest\u00e4ndigen Kabeln.<\/li>\n<li><strong>Benutzerfreundlich:<\/strong> Mit einfachen Tastenkombinationen zu bedienen.<\/li>\n<li><strong>Schutz des Kilometerstandes:<\/strong> Nach dem Ausbau des Moduls erh\u00f6ht sich der Kilometerstand nicht.<\/li>\n<li><strong>Nicht nachweisbar:<\/strong> Der ge\u00e4nderte Kilometerstand kann von Diagnosetestern nicht erkannt werden.<\/li>\n<li><strong>Tadelloser Betrieb:<\/strong> Der Tachometer und alle Assistenzsysteme funktionieren weiterhin einwandfrei.<\/li>\n<li><strong>Keine Fehlermeldungen:<\/strong> Es erscheinen keine Warnleuchten oder Fehlermeldungen auf dem Tachometer oder dem Navigationspanel.<\/li>\n<li><strong>Nahtlose Installation:<\/strong> Die Steckseite und die Rillen am Stecker sorgen f\u00fcr eine reibungslose Installation.<\/li>\n<li><strong>Genauigkeit:<\/strong> In Modi, die den Kilometerstand vollst\u00e4ndig \u00e4ndern, ist eine Abweichung von bis zu 1% von der tats\u00e4chlichen Entfernung zul\u00e4ssig. Die Angaben zum gestoppten Kilometerstand sind N\u00e4herungswerte mit geringf\u00fcgigen Abweichungen. <\/li>\n<\/ul>\n<p><strong>WICHTIGER HINWEIS:<\/strong> Wenn Ihr Fahrzeug k\u00fcrzlich ein Hersteller-Update erhalten hat, funktionieren nur die <strong>Modi 1 (Vollstopp)<\/strong> und <strong>4 (Vollz\u00e4hligkeit)<\/strong>. Um das Modul nach dem Update zu aktivieren, m\u00fcssen Sie das Fahrzeug f\u00fcnfmal hintereinander ausschalten. Nach dem Kauf erhalten Sie eine PDF-Datei mit detaillierten Anweisungen.  <\/p>\n<h4><strong>AKTIVIERUNG &amp; DEAKTIVIERUNG:<\/strong><\/h4>\n<p>&#8220; Bet\u00e4tigen Sie die Taste &#8218;ok&#8216; am Lenker. Halten Sie die Taste gedr\u00fcckt, bis der Blinker zu blinken beginnt. <\/p>\n<p><strong>Modus 1:<\/strong> 1 Blinken links 20 Prozent<br \/>\n<strong>Modus 2:<\/strong> 2 linke Blinkzeichen 10 Prozent<br \/>\n<strong>Modus 3:<\/strong> 3 Mal links blinken 0 Prozent<br \/>\n<strong>Modus 4:<\/strong> 1 rechtes Blinken 100 Prozent<\/p>\n<p>F\u00fcr den Modus 3: 0 Prozent m\u00fcssen Sie den Modus einschalten, dann das Auto ausschalten und f\u00fcr 2 Minuten verriegeln und dann starten und fahren.&#8220;<\/p>\n<hr>\n<h3><strong>WAS IST EIN BENTLEY BENTAYGA KILOMETERZ\u00c4HLER-BLOCKER ODER EIN WERKZEUG ZUR KORREKTUR DES KILOMETERSTANDES?<\/strong><\/h3>\n<p>Der Bentley Bentayga Mileage Blocker erm\u00f6glicht es Ihnen, die Ansammlung von Kilometern zu stoppen und gleichzeitig die Leistung Ihres Fahrzeugs zu testen. Bei KM Block finden Sie Module von h\u00f6chster Qualit\u00e4t, die mit Originalbauteilen hergestellt werden. Egal, ob Ihr digitaler Kilometerz\u00e4hler Meilen oder Kilometer misst, das Tool funktioniert effizient f\u00fcr beide. Das Modul kann einfach zwischen dem Tachometer und dem Kombiinstrument installiert werden, und voreingestellte Tastenkombinationen erm\u00f6glichen einen einfachen Wechsel zwischen den Modi.   <\/p>\n<p>Bitte beachten Sie, dass <strong>Tools zur Kilometerkorrektur<\/strong>, mit denen der Kilometerstand entfernt oder zur\u00fcckgesetzt werden kann, f\u00fcr den Bentley Bentayga nicht verf\u00fcgbar sind, da diese Tools oft f\u00fcr betr\u00fcgerische Zwecke verwendet werden. Moderne Autos speichern Daten in mehreren Einheiten, so dass es f\u00fcr Rollback-Tools schwierig ist, den Kilometerstand vollst\u00e4ndig r\u00fcckg\u00e4ngig zu machen. <\/p>\n<p>Die Installation dieses Ger\u00e4ts ist einfach und erfordert keine tiefgreifenden Kenntnisse der Fahrzeugwartung. Der <strong>Mileage Blocker<\/strong> funktioniert mit Diesel-, Benzin-, Plug-in-Hybrid-Elektrofahrzeugen (PHEVs) und Elektroautos. <\/p>\n<p>Der <strong>Bentley Bentayga Mileage Blocker<\/strong> ist ideal f\u00fcr kontrollierte Leistungstests Ihres Fahrzeugs und bietet eine vielseitige, zuverl\u00e4ssige und einfach zu bedienende L\u00f6sung.<\/p>\n","protected":false},"excerpt":{"rendered":"<div class=\"flex-shrink-0 flex flex-col relative items-end\">\n<div class=\"pt-0\">\n<div class=\"gizmo-bot-avatar flex h-8 w-8 items-center justify-center overflow-hidden rounded-full\">\n<div class=\"relative p-1 rounded-sm flex items-center justify-center bg-token-main-surface-primary text-token-text-primary h-8 w-8\">\n<p><strong>Bitte lesen Sie vor der Bestellung sorgf\u00e4ltig die Aktivierungsanweisungen und die wichtigen Hinweise zu Fehlermeldungen und Funktionen.<\/strong><\/p>\n<p><strong>Kompatibilit\u00e4t: Geeignet f\u00fcr Bentley Bentayga Modelle, die seit 2016 ver\u00f6ffentlicht wurden.  <\/strong>Stellen Sie sicher, dass Sie den Steckertyp Ihres Fahrzeugs &#8211; entweder 18 Pin oder 32 Pin &#8211; \u00fcberpr\u00fcfen, bevor Sie Ihre Bestellung aufgeben. Einfache Do-it-yourself-Installation, kein Spezialwerkzeug erforderlich. Tachometer und Assistenzsysteme funktionieren perfekt, wenn das Modul installiert ist. Vollst\u00e4ndig kompatibel mit Fahrzeugen, die mit virtuellen Cockpits ausgestattet sind.   <\/p>\n<p class=\"p1\"><b> \u2705 Nahtlose Integration<\/b><b><\/b><\/p>\n<p class=\"p1\">\u2705<b> Einfache Installation<\/b><b><\/b><\/p>\n<p class=\"p1\">\u2705<b> Genaue Verwaltung des Kilometerstandes<\/b><b><\/b><\/p>\n<p class=\"p1\"><b> \u2705 Betrieb im Tarnkappenmodus<\/b><b><\/b><\/p>\n<p class=\"p1\"><span class=\"s1\">\u2705<\/span><b> Lebenslanger Support und Updates<\/b><\/p>\n<\/div>\n<\/div>\n<\/div>\n<\/div>\n","protected":false},"featured_media":707,"comment_status":"open","ping_status":"closed","template":"","meta":[],"product_brand":[],"product_cat":[739],"product_tag":[],"class_list":{"0":"post-7006","1":"product","2":"type-product","3":"status-publish","4":"has-post-thumbnail","6":"product_cat-bentley","8":"first","9":"instock","10":"taxable","11":"shipping-taxable","12":"purchasable","13":"product-type-variable"},"yoast_head":"<!-- This site is optimized with the Yoast SEO plugin v27.5 - https:\/\/yoast.com\/product\/yoast-seo-wordpress\/ -->\n<title>Bentley Bentayga Mileage Blocker (KM stopper) \u2192 KM Block<\/title>\n<meta name=\"description\" content=\"Buy a Bentley Bentayga Mileage Blocker for the Best Prices \u2713 Free Shipping \u2713 Incl. Installation Guides\" \/>\n<meta name=\"robots\" content=\"index, follow, max-snippet:-1, max-image-preview:large, max-video-preview:-1\" \/>\n<meta property=\"og:locale\" content=\"de_DE\" \/>\n<meta property=\"og:type\" content=\"article\" \/>\n<meta property=\"og:title\" content=\"Bentley Bentayga Mileage Blocker (KM stopper) \u2192 KM Block\" \/>\n<meta property=\"og:description\" content=\"Buy a Bentley Bentayga Mileage Blocker for the Best Prices \u2713 Free Shipping \u2713 Incl. Installation Guides\" \/>\n<meta property=\"og:url\" content=\"https:\/\/kmblock.com\/de\/product\/bentley-bentayga\/\" \/>\n<meta property=\"og:site_name\" content=\"KM Block\" \/>\n<meta property=\"og:image\" content=\"https:\/\/kmblock.com\/wp-content\/uploads\/2024\/09\/Bentley-Bentayga.jpg\" \/>\n\t<meta property=\"og:image:width\" content=\"800\" \/>\n\t<meta property=\"og:image:height\" content=\"800\" \/>\n\t<meta property=\"og:image:type\" content=\"image\/jpeg\" \/>\n<meta name=\"twitter:card\" content=\"summary_large_image\" \/>\n<meta name=\"twitter:label1\" content=\"Gesch\u00e4tzte Lesezeit\" \/>\n\t<meta name=\"twitter:data1\" content=\"3\u00a0Minuten\" \/>\n<script type=\"application\/ld+json\" class=\"yoast-schema-graph\">{\"@context\":\"https:\\\/\\\/schema.org\",\"@graph\":[{\"@type\":\"WebPage\",\"@id\":\"https:\\\/\\\/kmblock.com\\\/de\\\/product\\\/bentley-bentayga\\\/\",\"url\":\"https:\\\/\\\/kmblock.com\\\/de\\\/product\\\/bentley-bentayga\\\/\",\"name\":\"Bentley Bentayga Mileage Blocker (KM stopper) \u2192 KM Block\",\"isPartOf\":{\"@id\":\"https:\\\/\\\/kmblock.com\\\/de\\\/#website\"},\"primaryImageOfPage\":{\"@id\":\"https:\\\/\\\/kmblock.com\\\/de\\\/product\\\/bentley-bentayga\\\/#primaryimage\"},\"image\":{\"@id\":\"https:\\\/\\\/kmblock.com\\\/de\\\/product\\\/bentley-bentayga\\\/#primaryimage\"},\"thumbnailUrl\":\"https:\\\/\\\/kmblock.com\\\/wp-content\\\/uploads\\\/2024\\\/09\\\/Bentley-Bentayga.jpg\",\"datePublished\":\"2024-09-18T01:58:15+00:00\",\"description\":\"Buy a Bentley Bentayga Mileage Blocker for the Best Prices \u2713 Free Shipping \u2713 Incl. Installation Guides\",\"breadcrumb\":{\"@id\":\"https:\\\/\\\/kmblock.com\\\/de\\\/product\\\/bentley-bentayga\\\/#breadcrumb\"},\"inLanguage\":\"de\",\"potentialAction\":[{\"@type\":\"ReadAction\",\"target\":[\"https:\\\/\\\/kmblock.com\\\/de\\\/product\\\/bentley-bentayga\\\/\"]}]},{\"@type\":\"ImageObject\",\"inLanguage\":\"de\",\"@id\":\"https:\\\/\\\/kmblock.com\\\/de\\\/product\\\/bentley-bentayga\\\/#primaryimage\",\"url\":\"https:\\\/\\\/kmblock.com\\\/wp-content\\\/uploads\\\/2024\\\/09\\\/Bentley-Bentayga.jpg\",\"contentUrl\":\"https:\\\/\\\/kmblock.com\\\/wp-content\\\/uploads\\\/2024\\\/09\\\/Bentley-Bentayga.jpg\",\"width\":800,\"height\":800,\"caption\":\"Bentley Bentayga\"},{\"@type\":\"BreadcrumbList\",\"@id\":\"https:\\\/\\\/kmblock.com\\\/de\\\/product\\\/bentley-bentayga\\\/#breadcrumb\",\"itemListElement\":[{\"@type\":\"ListItem\",\"position\":1,\"name\":\"Startseite\",\"item\":\"https:\\\/\\\/kmblock.com\\\/de\\\/\"},{\"@type\":\"ListItem\",\"position\":2,\"name\":\"Produkte\",\"item\":\"https:\\\/\\\/kmblock.com\\\/de\\\/shop\\\/\"},{\"@type\":\"ListItem\",\"position\":3,\"name\":\"Bentley Bentayga\"}]},{\"@type\":\"WebSite\",\"@id\":\"https:\\\/\\\/kmblock.com\\\/de\\\/#website\",\"url\":\"https:\\\/\\\/kmblock.com\\\/de\\\/\",\"name\":\"KM Block\",\"description\":\"\",\"publisher\":{\"@id\":\"https:\\\/\\\/kmblock.com\\\/de\\\/#organization\"},\"potentialAction\":[{\"@type\":\"SearchAction\",\"target\":{\"@type\":\"EntryPoint\",\"urlTemplate\":\"https:\\\/\\\/kmblock.com\\\/de\\\/?s={search_term_string}\"},\"query-input\":{\"@type\":\"PropertyValueSpecification\",\"valueRequired\":true,\"valueName\":\"search_term_string\"}}],\"inLanguage\":\"de\"},{\"@type\":\"Organization\",\"@id\":\"https:\\\/\\\/kmblock.com\\\/de\\\/#organization\",\"name\":\"KM-Block\",\"url\":\"https:\\\/\\\/kmblock.com\\\/de\\\/\",\"logo\":{\"@type\":\"ImageObject\",\"inLanguage\":\"de\",\"@id\":\"https:\\\/\\\/kmblock.com\\\/de\\\/#\\\/schema\\\/logo\\\/image\\\/\",\"url\":\"https:\\\/\\\/kmblock.com\\\/wp-content\\\/uploads\\\/2024\\\/08\\\/main-logo.png\",\"contentUrl\":\"https:\\\/\\\/kmblock.com\\\/wp-content\\\/uploads\\\/2024\\\/08\\\/main-logo.png\",\"width\":186,\"height\":28,\"caption\":\"KM-Block\"},\"image\":{\"@id\":\"https:\\\/\\\/kmblock.com\\\/de\\\/#\\\/schema\\\/logo\\\/image\\\/\"}}]}<\/script>\n<!-- \/ Yoast SEO plugin. -->","yoast_head_json":{"title":"Bentley Bentayga Mileage Blocker (KM stopper) \u2192 KM Block","description":"Buy a Bentley Bentayga Mileage Blocker for the Best Prices \u2713 Free Shipping \u2713 Incl. Installation Guides","robots":{"index":"index","follow":"follow","max-snippet":"max-snippet:-1","max-image-preview":"max-image-preview:large","max-video-preview":"max-video-preview:-1"},"og_locale":"de_DE","og_type":"article","og_title":"Bentley Bentayga Mileage Blocker (KM stopper) \u2192 KM Block","og_description":"Buy a Bentley Bentayga Mileage Blocker for the Best Prices \u2713 Free Shipping \u2713 Incl. Installation Guides","og_url":"https:\/\/kmblock.com\/de\/product\/bentley-bentayga\/","og_site_name":"KM Block","og_image":[{"width":800,"height":800,"url":"https:\/\/kmblock.com\/wp-content\/uploads\/2024\/09\/Bentley-Bentayga.jpg","type":"image\/jpeg"}],"twitter_card":"summary_large_image","twitter_misc":{"Gesch\u00e4tzte Lesezeit":"3\u00a0Minuten"},"schema":{"@context":"https:\/\/schema.org","@graph":[{"@type":"WebPage","@id":"https:\/\/kmblock.com\/de\/product\/bentley-bentayga\/","url":"https:\/\/kmblock.com\/de\/product\/bentley-bentayga\/","name":"Bentley Bentayga Mileage Blocker (KM stopper) \u2192 KM Block","isPartOf":{"@id":"https:\/\/kmblock.com\/de\/#website"},"primaryImageOfPage":{"@id":"https:\/\/kmblock.com\/de\/product\/bentley-bentayga\/#primaryimage"},"image":{"@id":"https:\/\/kmblock.com\/de\/product\/bentley-bentayga\/#primaryimage"},"thumbnailUrl":"https:\/\/kmblock.com\/wp-content\/uploads\/2024\/09\/Bentley-Bentayga.jpg","datePublished":"2024-09-18T01:58:15+00:00","description":"Buy a Bentley Bentayga Mileage Blocker for the Best Prices \u2713 Free Shipping \u2713 Incl. Installation Guides","breadcrumb":{"@id":"https:\/\/kmblock.com\/de\/product\/bentley-bentayga\/#breadcrumb"},"inLanguage":"de","potentialAction":[{"@type":"ReadAction","target":["https:\/\/kmblock.com\/de\/product\/bentley-bentayga\/"]}]},{"@type":"ImageObject","inLanguage":"de","@id":"https:\/\/kmblock.com\/de\/product\/bentley-bentayga\/#primaryimage","url":"https:\/\/kmblock.com\/wp-content\/uploads\/2024\/09\/Bentley-Bentayga.jpg","contentUrl":"https:\/\/kmblock.com\/wp-content\/uploads\/2024\/09\/Bentley-Bentayga.jpg","width":800,"height":800,"caption":"Bentley Bentayga"},{"@type":"BreadcrumbList","@id":"https:\/\/kmblock.com\/de\/product\/bentley-bentayga\/#breadcrumb","itemListElement":[{"@type":"ListItem","position":1,"name":"Startseite","item":"https:\/\/kmblock.com\/de\/"},{"@type":"ListItem","position":2,"name":"Produkte","item":"https:\/\/kmblock.com\/de\/shop\/"},{"@type":"ListItem","position":3,"name":"Bentley Bentayga"}]},{"@type":"WebSite","@id":"https:\/\/kmblock.com\/de\/#website","url":"https:\/\/kmblock.com\/de\/","name":"KM Block","description":"","publisher":{"@id":"https:\/\/kmblock.com\/de\/#organization"},"potentialAction":[{"@type":"SearchAction","target":{"@type":"EntryPoint","urlTemplate":"https:\/\/kmblock.com\/de\/?s={search_term_string}"},"query-input":{"@type":"PropertyValueSpecification","valueRequired":true,"valueName":"search_term_string"}}],"inLanguage":"de"},{"@type":"Organization","@id":"https:\/\/kmblock.com\/de\/#organization","name":"KM-Block","url":"https:\/\/kmblock.com\/de\/","logo":{"@type":"ImageObject","inLanguage":"de","@id":"https:\/\/kmblock.com\/de\/#\/schema\/logo\/image\/","url":"https:\/\/kmblock.com\/wp-content\/uploads\/2024\/08\/main-logo.png","contentUrl":"https:\/\/kmblock.com\/wp-content\/uploads\/2024\/08\/main-logo.png","width":186,"height":28,"caption":"KM-Block"},"image":{"@id":"https:\/\/kmblock.com\/de\/#\/schema\/logo\/image\/"}}]}},"_links":{"self":[{"href":"https:\/\/kmblock.com\/de\/wp-json\/wp\/v2\/product\/7006","targetHints":{"allow":["GET"]}}],"collection":[{"href":"https:\/\/kmblock.com\/de\/wp-json\/wp\/v2\/product"}],"about":[{"href":"https:\/\/kmblock.com\/de\/wp-json\/wp\/v2\/types\/product"}],"replies":[{"embeddable":true,"href":"https:\/\/kmblock.com\/de\/wp-json\/wp\/v2\/comments?post=7006"}],"wp:featuredmedia":[{"embeddable":true,"href":"https:\/\/kmblock.com\/de\/wp-json\/wp\/v2\/media\/707"}],"wp:attachment":[{"href":"https:\/\/kmblock.com\/de\/wp-json\/wp\/v2\/media?parent=7006"}],"wp:term":[{"taxonomy":"product_brand","embeddable":true,"href":"https:\/\/kmblock.com\/de\/wp-json\/wp\/v2\/product_brand?post=7006"},{"taxonomy":"product_cat","embeddable":true,"href":"https:\/\/kmblock.com\/de\/wp-json\/wp\/v2\/product_cat?post=7006"},{"taxonomy":"product_tag","embeddable":true,"href":"https:\/\/kmblock.com\/de\/wp-json\/wp\/v2\/product_tag?post=7006"}],"curies":[{"name":"wp","href":"https:\/\/api.w.org\/{rel}","templated":true}]}}