{"id":6951,"date":"2024-09-18T14:57:26","date_gmt":"2024-09-18T14:57:26","guid":{"rendered":"https:\/\/kmblock.com\/product\/audi-tt-tt-rs-fv\/"},"modified":"2025-11-10T09:27:29","modified_gmt":"2025-11-10T09:27:29","slug":"audi-tt-tt-rs-fv","status":"publish","type":"product","link":"https:\/\/kmblock.com\/de\/product\/audi-tt-tt-rs-fv\/","title":{"rendered":"Audi TT\/TT RS FV"},"content":{"rendered":"<h3>Laufleistungssperre f\u00fcr Audi TT\/TTRS &#8211; FV<\/h3>\n<p>Der Audi TT\/TTRS &#8211; FV Mileage Blocker, der auch als Kilometerz\u00e4hler-Blocker, Kilometerz\u00e4hler-Stopper, Dosen-Blocker, Kilometerz\u00e4hler-Stopper, Dosen-Filter oder Kilometerz\u00e4hler-Korrektur-Tool bezeichnet wird, ist mit allen Audi TT und TT RS FV Modellen kompatibel, die seit 2014 auf den Markt kamen.<\/p>\n<h3>Spezifikationen<\/h3>\n<ul>\n<li><strong>Reibungslose Installation<\/strong>: Die Passfl\u00e4che und die Rillen am Stecker sorgen f\u00fcr eine einfache Installation.<\/li>\n<li><strong>Hochwertige Komponenten<\/strong>: Mit hochwertigen Steckern und hitzebest\u00e4ndigen Kabeln.<\/li>\n<li><strong>Stabile Laufleistung<\/strong>: Die Spanne wird sich nach dem Ausbau nicht unerwartet erh\u00f6hen.<\/li>\n<li><strong>Bequeme Aktivierung<\/strong>: Einfache Aktivierung durch Dr\u00fccken einer Taste am Lenkrad.<\/li>\n<li><strong>Sicherheit beim Kilometerstand<\/strong>: Diagnosetester k\u00f6nnen keine \u00c4nderungen des Kilometerstandes durch den Audi TT, TT RS, FV, 8S Mileage Stopper erkennen.<\/li>\n<li><strong>Dauerhafte Einstellungen<\/strong>: Ausgew\u00e4hlte Einstellungen werden dauerhaft gespeichert.<\/li>\n<li><strong>Einwandfreie Funktionalit\u00e4t<\/strong>: Tachometer und Assistenzsysteme funktionieren reibungslos.<\/li>\n<li><strong>Benutzerfreundlicher Einbau<\/strong>: Einfache DIY-Installation, die keine fortgeschrittenen Fahrzeugkenntnisse erfordert.<\/li>\n<li><strong>Keine Modifikationen erforderlich<\/strong>: Es ist kein L\u00f6ten oder Schneiden von Kabeln erforderlich.<\/li>\n<li><strong>Fehlerfreier Betrieb<\/strong>: Keine Fehlermeldungen auf dem Tachometer oder dem Navigationspanel.<\/li>\n<li><strong>Mehrere Modi<\/strong>: W\u00e4hlen Sie aus verschiedenen Betriebsmodi.<\/li>\n<li><strong>Motorkontrollleuchte<\/strong>: Die Aktivierung kann bei Fahrzeugen ab Ende 2020 die Motorkontrollleuchte ausl\u00f6sen.<\/li>\n<\/ul>\n<h3>Aktivierung &amp; Deaktivierung<\/h3>\n<p>&#8220; Bet\u00e4tigen Sie die Taste &#8218;ok&#8216; am Lenker. Halten Sie die Taste gedr\u00fcckt, bis der Blinker zu blinken beginnt. <\/p>\n<p><strong>Modus 1:<\/strong> 1 Blinken links 20 Prozent<br \/>\n<strong>Modus 2:<\/strong> 2 linke Blinkzeichen 10 Prozent<br \/>\n<strong>Modus 3:<\/strong> 3 Mal links blinken 0 Prozent<br \/>\n<strong>Modus 4:<\/strong> 1 rechtes Blinken 100 Prozent<\/p>\n<p>F\u00fcr den Modus 3: 0 Prozent m\u00fcssen Sie den Modus einschalten, dann das Auto ausschalten und f\u00fcr 2 Minuten verriegeln und dann starten und fahren.&#8220;<\/p>\n<h3>Was ist der Audi TT, TT RS, FV, 8S Kilometerz\u00e4hler-Blocker?<\/h3>\n<p>Der Audi TT, TT RS, FV, 8S Mileage Blocker\/Odometer Blocker wurde entwickelt, um den Kilometerstand zu stoppen und gleichzeitig die Fahrzeugleistung zu testen. Wir bieten bei KM Block eine Reihe von Kilometerstoppern f\u00fcr verschiedene Fahrzeuge an. Unsere Module bestehen aus Originalbauteilen und funktionieren unabh\u00e4ngig davon, ob Ihr digitaler Kilometerz\u00e4hler in Meilen oder Kilometern misst.  <\/p>\n<p><strong>Hinweis<\/strong>: Wir verkaufen keine Kilometerz\u00e4hler-Kalibrierungswerkzeuge f\u00fcr den Audi TT, TT RS, FV, 8S, da sie f\u00fcr betr\u00fcgerische Zwecke gedacht sind und nur dazu dienen, die Kilometerst\u00e4nde zu l\u00f6schen. Diese Werkzeuge werden in der Regel verwendet, um die zur\u00fcckgelegte Strecke zur\u00fcckzuspulen oder zur\u00fcckzudrehen, aber sie k\u00f6nnen den Kilometerstand nicht vollst\u00e4ndig r\u00fcckg\u00e4ngig machen, da die Fahrzeuge \u00fcber mehrere Datenspeichereinheiten verf\u00fcgen. <\/p>\n<p>Der Einbau ist bei allen Modellen gleich und erfordert keine fortgeschrittenen Kenntnisse der Fahrzeugwartung. Stecken Sie ihn einfach zwischen den Tachoanschluss und das Kombiinstrument, um die Vorteile dieses innovativen Moduls zu nutzen. Der Mileage Blocker kann jederzeit aktiviert oder deaktiviert werden, egal ob das Fahrzeug in Bewegung ist oder steht.  <\/p>\n","protected":false},"excerpt":{"rendered":"<div class=\"flex-shrink-0 flex flex-col relative items-end\">\n<div class=\"pt-0\">\n<div class=\"gizmo-bot-avatar flex h-8 w-8 items-center justify-center overflow-hidden rounded-full\">\n<div class=\"relative p-1 rounded-sm flex items-center justify-center bg-token-main-surface-primary text-token-text-primary h-8 w-8\">\n<p>Bevor Sie Ihre Bestellung aufgeben, lesen Sie bitte die Anweisungen zur Aktivierung des Moduls und die wichtigen Hinweise zu Fehlermeldungen und Funktionen unten.<\/p>\n<p><strong>Kompatibilit\u00e4t: Dieses Ger\u00e4t ist f\u00fcr alle Audi TT und TT RS FV Modelle geeignet, die seit 2014 erschienen sind.  <\/strong><span style=\"font-family: -apple-system, BlinkMacSystemFont, 'Segoe UI', Roboto, 'Helvetica Neue', Arial, 'Noto Sans', sans-serif, 'Apple Color Emoji', 'Segoe UI Emoji', 'Segoe UI Symbol', 'Noto Color Emoji'\">Bitte vergewissern Sie sich vor der Bestellung, dass Sie einen 18- oder 32-poligen Stecker gew\u00e4hlt haben. Einfacher Do-it-yourself-Einrichtungsprozess. Mit hochwertigen Steckern und hitzebest\u00e4ndigen Kabeln. Tachometer und Assistenzprogramme funktionieren einwandfrei.   <\/span><\/p>\n<p class=\"p1\"><b> \u2705 Nahtlose Integration<\/b><b><\/b><\/p>\n<p class=\"p1\">\u2705<b> Einfache Installation<\/b><b><\/b><\/p>\n<p class=\"p1\">\u2705<b> Genaue Verwaltung des Kilometerstandes<\/b><b><\/b><\/p>\n<p class=\"p1\"><b> \u2705 Betrieb im Tarnkappenmodus<\/b><b><\/b><\/p>\n<p class=\"p1\"><span class=\"s1\">\u2705<\/span><b> Lebenslanger Support und Updates<\/b><\/p>\n<\/div>\n<\/div>\n<\/div>\n<\/div>\n","protected":false},"featured_media":695,"comment_status":"open","ping_status":"closed","template":"","meta":[],"product_brand":[],"product_cat":[746],"product_tag":[],"class_list":{"0":"post-6951","1":"product","2":"type-product","3":"status-publish","4":"has-post-thumbnail","6":"product_cat-audi","8":"first","9":"instock","10":"taxable","11":"shipping-taxable","12":"purchasable","13":"product-type-variable"},"yoast_head":"<!-- This site is optimized with the Yoast SEO plugin v27.5 - https:\/\/yoast.com\/product\/yoast-seo-wordpress\/ -->\n<title>Audi TT\/TT RS FV Mileage Blocker (KM stopper) \u2192 KM Block<\/title>\n<meta name=\"description\" content=\"Buy a Audi TT\/TT RS FV Mileage Blocker for the Best Prices \u2713 Free Shipping \u2713 Incl. Installation Guides\" \/>\n<meta name=\"robots\" content=\"index, follow, max-snippet:-1, max-image-preview:large, max-video-preview:-1\" \/>\n<meta property=\"og:locale\" content=\"de_DE\" \/>\n<meta property=\"og:type\" content=\"article\" \/>\n<meta property=\"og:title\" content=\"Audi TT\/TT RS FV Mileage Blocker (KM stopper) \u2192 KM Block\" \/>\n<meta property=\"og:description\" content=\"Buy a Audi TT\/TT RS FV Mileage Blocker for the Best Prices \u2713 Free Shipping \u2713 Incl. Installation Guides\" \/>\n<meta property=\"og:url\" content=\"https:\/\/kmblock.com\/de\/product\/audi-tt-tt-rs-fv\/\" \/>\n<meta property=\"og:site_name\" content=\"KM Block\" \/>\n<meta property=\"article:modified_time\" content=\"2025-11-10T09:27:29+00:00\" \/>\n<meta property=\"og:image\" content=\"https:\/\/kmblock.com\/wp-content\/uploads\/2024\/09\/Audi-TT-RS-FV-600x600-1.jpg\" \/>\n\t<meta property=\"og:image:width\" content=\"600\" \/>\n\t<meta property=\"og:image:height\" content=\"600\" \/>\n\t<meta property=\"og:image:type\" content=\"image\/jpeg\" \/>\n<meta name=\"twitter:card\" content=\"summary_large_image\" \/>\n<meta name=\"twitter:label1\" content=\"Gesch\u00e4tzte Lesezeit\" \/>\n\t<meta name=\"twitter:data1\" content=\"2\u00a0Minuten\" \/>\n<script type=\"application\/ld+json\" class=\"yoast-schema-graph\">{\"@context\":\"https:\\\/\\\/schema.org\",\"@graph\":[{\"@type\":\"WebPage\",\"@id\":\"https:\\\/\\\/kmblock.com\\\/de\\\/product\\\/audi-tt-tt-rs-fv\\\/\",\"url\":\"https:\\\/\\\/kmblock.com\\\/de\\\/product\\\/audi-tt-tt-rs-fv\\\/\",\"name\":\"Audi TT\\\/TT RS FV Mileage Blocker (KM stopper) \u2192 KM Block\",\"isPartOf\":{\"@id\":\"https:\\\/\\\/kmblock.com\\\/de\\\/#website\"},\"primaryImageOfPage\":{\"@id\":\"https:\\\/\\\/kmblock.com\\\/de\\\/product\\\/audi-tt-tt-rs-fv\\\/#primaryimage\"},\"image\":{\"@id\":\"https:\\\/\\\/kmblock.com\\\/de\\\/product\\\/audi-tt-tt-rs-fv\\\/#primaryimage\"},\"thumbnailUrl\":\"https:\\\/\\\/kmblock.com\\\/wp-content\\\/uploads\\\/2024\\\/09\\\/Audi-TT-RS-FV-600x600-1.jpg\",\"datePublished\":\"2024-09-18T14:57:26+00:00\",\"dateModified\":\"2025-11-10T09:27:29+00:00\",\"description\":\"Buy a Audi TT\\\/TT RS FV Mileage Blocker for the Best Prices \u2713 Free Shipping \u2713 Incl. Installation Guides\",\"breadcrumb\":{\"@id\":\"https:\\\/\\\/kmblock.com\\\/de\\\/product\\\/audi-tt-tt-rs-fv\\\/#breadcrumb\"},\"inLanguage\":\"de\",\"potentialAction\":[{\"@type\":\"ReadAction\",\"target\":[\"https:\\\/\\\/kmblock.com\\\/de\\\/product\\\/audi-tt-tt-rs-fv\\\/\"]}]},{\"@type\":\"ImageObject\",\"inLanguage\":\"de\",\"@id\":\"https:\\\/\\\/kmblock.com\\\/de\\\/product\\\/audi-tt-tt-rs-fv\\\/#primaryimage\",\"url\":\"https:\\\/\\\/kmblock.com\\\/wp-content\\\/uploads\\\/2024\\\/09\\\/Audi-TT-RS-FV-600x600-1.jpg\",\"contentUrl\":\"https:\\\/\\\/kmblock.com\\\/wp-content\\\/uploads\\\/2024\\\/09\\\/Audi-TT-RS-FV-600x600-1.jpg\",\"width\":600,\"height\":600,\"caption\":\"Audi-TT-RS-FV-600x600\"},{\"@type\":\"BreadcrumbList\",\"@id\":\"https:\\\/\\\/kmblock.com\\\/de\\\/product\\\/audi-tt-tt-rs-fv\\\/#breadcrumb\",\"itemListElement\":[{\"@type\":\"ListItem\",\"position\":1,\"name\":\"Startseite\",\"item\":\"https:\\\/\\\/kmblock.com\\\/de\\\/\"},{\"@type\":\"ListItem\",\"position\":2,\"name\":\"Produkte\",\"item\":\"https:\\\/\\\/kmblock.com\\\/de\\\/shop\\\/\"},{\"@type\":\"ListItem\",\"position\":3,\"name\":\"Audi TT\\\/TT RS FV\"}]},{\"@type\":\"WebSite\",\"@id\":\"https:\\\/\\\/kmblock.com\\\/de\\\/#website\",\"url\":\"https:\\\/\\\/kmblock.com\\\/de\\\/\",\"name\":\"KM Block\",\"description\":\"\",\"publisher\":{\"@id\":\"https:\\\/\\\/kmblock.com\\\/de\\\/#organization\"},\"potentialAction\":[{\"@type\":\"SearchAction\",\"target\":{\"@type\":\"EntryPoint\",\"urlTemplate\":\"https:\\\/\\\/kmblock.com\\\/de\\\/?s={search_term_string}\"},\"query-input\":{\"@type\":\"PropertyValueSpecification\",\"valueRequired\":true,\"valueName\":\"search_term_string\"}}],\"inLanguage\":\"de\"},{\"@type\":\"Organization\",\"@id\":\"https:\\\/\\\/kmblock.com\\\/de\\\/#organization\",\"name\":\"KM-Block\",\"url\":\"https:\\\/\\\/kmblock.com\\\/de\\\/\",\"logo\":{\"@type\":\"ImageObject\",\"inLanguage\":\"de\",\"@id\":\"https:\\\/\\\/kmblock.com\\\/de\\\/#\\\/schema\\\/logo\\\/image\\\/\",\"url\":\"https:\\\/\\\/kmblock.com\\\/wp-content\\\/uploads\\\/2024\\\/08\\\/main-logo.png\",\"contentUrl\":\"https:\\\/\\\/kmblock.com\\\/wp-content\\\/uploads\\\/2024\\\/08\\\/main-logo.png\",\"width\":186,\"height\":28,\"caption\":\"KM-Block\"},\"image\":{\"@id\":\"https:\\\/\\\/kmblock.com\\\/de\\\/#\\\/schema\\\/logo\\\/image\\\/\"}}]}<\/script>\n<!-- \/ Yoast SEO plugin. -->","yoast_head_json":{"title":"Audi TT\/TT RS FV Mileage Blocker (KM stopper) \u2192 KM Block","description":"Buy a Audi TT\/TT RS FV Mileage Blocker for the Best Prices \u2713 Free Shipping \u2713 Incl. Installation Guides","robots":{"index":"index","follow":"follow","max-snippet":"max-snippet:-1","max-image-preview":"max-image-preview:large","max-video-preview":"max-video-preview:-1"},"og_locale":"de_DE","og_type":"article","og_title":"Audi TT\/TT RS FV Mileage Blocker (KM stopper) \u2192 KM Block","og_description":"Buy a Audi TT\/TT RS FV Mileage Blocker for the Best Prices \u2713 Free Shipping \u2713 Incl. Installation Guides","og_url":"https:\/\/kmblock.com\/de\/product\/audi-tt-tt-rs-fv\/","og_site_name":"KM Block","article_modified_time":"2025-11-10T09:27:29+00:00","og_image":[{"width":600,"height":600,"url":"https:\/\/kmblock.com\/wp-content\/uploads\/2024\/09\/Audi-TT-RS-FV-600x600-1.jpg","type":"image\/jpeg"}],"twitter_card":"summary_large_image","twitter_misc":{"Gesch\u00e4tzte Lesezeit":"2\u00a0Minuten"},"schema":{"@context":"https:\/\/schema.org","@graph":[{"@type":"WebPage","@id":"https:\/\/kmblock.com\/de\/product\/audi-tt-tt-rs-fv\/","url":"https:\/\/kmblock.com\/de\/product\/audi-tt-tt-rs-fv\/","name":"Audi TT\/TT RS FV Mileage Blocker (KM stopper) \u2192 KM Block","isPartOf":{"@id":"https:\/\/kmblock.com\/de\/#website"},"primaryImageOfPage":{"@id":"https:\/\/kmblock.com\/de\/product\/audi-tt-tt-rs-fv\/#primaryimage"},"image":{"@id":"https:\/\/kmblock.com\/de\/product\/audi-tt-tt-rs-fv\/#primaryimage"},"thumbnailUrl":"https:\/\/kmblock.com\/wp-content\/uploads\/2024\/09\/Audi-TT-RS-FV-600x600-1.jpg","datePublished":"2024-09-18T14:57:26+00:00","dateModified":"2025-11-10T09:27:29+00:00","description":"Buy a Audi TT\/TT RS FV Mileage Blocker for the Best Prices \u2713 Free Shipping \u2713 Incl. Installation Guides","breadcrumb":{"@id":"https:\/\/kmblock.com\/de\/product\/audi-tt-tt-rs-fv\/#breadcrumb"},"inLanguage":"de","potentialAction":[{"@type":"ReadAction","target":["https:\/\/kmblock.com\/de\/product\/audi-tt-tt-rs-fv\/"]}]},{"@type":"ImageObject","inLanguage":"de","@id":"https:\/\/kmblock.com\/de\/product\/audi-tt-tt-rs-fv\/#primaryimage","url":"https:\/\/kmblock.com\/wp-content\/uploads\/2024\/09\/Audi-TT-RS-FV-600x600-1.jpg","contentUrl":"https:\/\/kmblock.com\/wp-content\/uploads\/2024\/09\/Audi-TT-RS-FV-600x600-1.jpg","width":600,"height":600,"caption":"Audi-TT-RS-FV-600x600"},{"@type":"BreadcrumbList","@id":"https:\/\/kmblock.com\/de\/product\/audi-tt-tt-rs-fv\/#breadcrumb","itemListElement":[{"@type":"ListItem","position":1,"name":"Startseite","item":"https:\/\/kmblock.com\/de\/"},{"@type":"ListItem","position":2,"name":"Produkte","item":"https:\/\/kmblock.com\/de\/shop\/"},{"@type":"ListItem","position":3,"name":"Audi TT\/TT RS FV"}]},{"@type":"WebSite","@id":"https:\/\/kmblock.com\/de\/#website","url":"https:\/\/kmblock.com\/de\/","name":"KM Block","description":"","publisher":{"@id":"https:\/\/kmblock.com\/de\/#organization"},"potentialAction":[{"@type":"SearchAction","target":{"@type":"EntryPoint","urlTemplate":"https:\/\/kmblock.com\/de\/?s={search_term_string}"},"query-input":{"@type":"PropertyValueSpecification","valueRequired":true,"valueName":"search_term_string"}}],"inLanguage":"de"},{"@type":"Organization","@id":"https:\/\/kmblock.com\/de\/#organization","name":"KM-Block","url":"https:\/\/kmblock.com\/de\/","logo":{"@type":"ImageObject","inLanguage":"de","@id":"https:\/\/kmblock.com\/de\/#\/schema\/logo\/image\/","url":"https:\/\/kmblock.com\/wp-content\/uploads\/2024\/08\/main-logo.png","contentUrl":"https:\/\/kmblock.com\/wp-content\/uploads\/2024\/08\/main-logo.png","width":186,"height":28,"caption":"KM-Block"},"image":{"@id":"https:\/\/kmblock.com\/de\/#\/schema\/logo\/image\/"}}]}},"_links":{"self":[{"href":"https:\/\/kmblock.com\/de\/wp-json\/wp\/v2\/product\/6951","targetHints":{"allow":["GET"]}}],"collection":[{"href":"https:\/\/kmblock.com\/de\/wp-json\/wp\/v2\/product"}],"about":[{"href":"https:\/\/kmblock.com\/de\/wp-json\/wp\/v2\/types\/product"}],"replies":[{"embeddable":true,"href":"https:\/\/kmblock.com\/de\/wp-json\/wp\/v2\/comments?post=6951"}],"wp:featuredmedia":[{"embeddable":true,"href":"https:\/\/kmblock.com\/de\/wp-json\/wp\/v2\/media\/695"}],"wp:attachment":[{"href":"https:\/\/kmblock.com\/de\/wp-json\/wp\/v2\/media?parent=6951"}],"wp:term":[{"taxonomy":"product_brand","embeddable":true,"href":"https:\/\/kmblock.com\/de\/wp-json\/wp\/v2\/product_brand?post=6951"},{"taxonomy":"product_cat","embeddable":true,"href":"https:\/\/kmblock.com\/de\/wp-json\/wp\/v2\/product_cat?post=6951"},{"taxonomy":"product_tag","embeddable":true,"href":"https:\/\/kmblock.com\/de\/wp-json\/wp\/v2\/product_tag?post=6951"}],"curies":[{"name":"wp","href":"https:\/\/api.w.org\/{rel}","templated":true}]}}