{"id":6929,"date":"2024-09-18T14:24:58","date_gmt":"2024-09-18T14:24:58","guid":{"rendered":"https:\/\/kmblock.com\/product\/audi-q5-sq5-fy\/"},"modified":"2024-09-18T14:24:58","modified_gmt":"2024-09-18T14:24:58","slug":"audi-q5-sq5-fy","status":"publish","type":"product","link":"https:\/\/kmblock.com\/de\/product\/audi-q5-sq5-fy\/","title":{"rendered":"Audi Q5 SQ5 FY"},"content":{"rendered":"<h3>Laufleistungssperre f\u00fcr Audi Q5\/SQ5 &#8211; FY<\/h3>\n<p>Der Audi Q5\/SQ5 &#8211; FY Mileage Blocker ist auch bekannt als Odometer Blocker, Odometer Stopper, Can Blocker, Mileage Stopper, Trip Odometer, Can Filter und manchmal auch als Kilometerstandskorrekturger\u00e4t. Dieses Ger\u00e4t ist f\u00fcr alle Audi Q5 und SQ5 FY Modelle geeignet, die seit 2016 auf den Markt gekommen sind. <\/p>\n<h3><strong>Spezifikationen<\/strong><\/h3>\n<ul>\n<li>Mehrere Modi verf\u00fcgbar<\/li>\n<li>Einfache DIY-Installation<\/li>\n<li>Das Design des Anschlusses gew\u00e4hrleistet eine reibungslose Installation<\/li>\n<li>Funktioniert mit verschiedenen Tastenkombinationen<\/li>\n<li>Hinterl\u00e4sst beim Entfernen keine Spuren &#8211; kein L\u00f6ten oder Schneiden erforderlich<\/li>\n<li>Keine Fehlermeldungen auf dem Tachometer oder dem Navigationspanel<\/li>\n<li>Die Motorkontrollleuchte kann bei Modellen ab Ende 2020 aktiviert werden<\/li>\n<li>Hochwertige Stecker und hitzebest\u00e4ndige Kabel<\/li>\n<li>Speichert die gew\u00e4hlten Einstellungen dauerhaft<\/li>\n<li>Die Laufleistung erh\u00f6ht sich nach dem Ausbau des Moduls nicht<\/li>\n<li>Tachometer und Assistenzsysteme funktionieren einwandfrei<\/li>\n<\/ul>\n<h3><strong>Wichtiger Hinweis<\/strong><\/h3>\n<p>Wenn Ihr Fahrzeug k\u00fcrzlich ein Hersteller-Update erhalten hat, kann es sein, dass die vorherige Aktivierungsmethode nicht mehr gilt. Es funktionieren nur noch die Modi 3 (Vollstopp) und 4 (Vollz\u00e4hligkeit). Um das Modul zu aktivieren, schalten Sie das Fahrzeug f\u00fcnfmal hintereinander vollst\u00e4ndig aus. Nach dem Kauf erhalten Sie eine PDF-Datei mit weiteren Anweisungen.   <\/p>\n<h3><strong>Aktivierung &amp; Deaktivierung (mit Anzeige der Arbeitsgeschwindigkeit)<\/strong><\/h3>\n<p>&#8220; Bet\u00e4tigen Sie die Taste &#8218;ok&#8216; am Lenker. Halten Sie die Taste gedr\u00fcckt, bis der Blinker zu blinken beginnt. <\/p>\n<p><strong>Modus 1:<\/strong> 1 Blinken links 20 Prozent<br \/>\n<strong>Modus 2:<\/strong> 2 linke Blinkzeichen 10 Prozent<br \/>\n<strong>Modus 3:<\/strong> 3 Mal links blinken 0 Prozent<br \/>\n<strong>Modus 4:<\/strong> 1 rechtes Blinken 100 Prozent<\/p>\n<p>F\u00fcr den Modus 3: 0 Prozent m\u00fcssen Sie den Modus einschalten, dann das Auto ausschalten und f\u00fcr 2 Minuten verriegeln und dann starten und fahren.&#8220;<\/p>\n<h3><strong>Was ist der Q5\/SQ5 &#8211; FY Odometer Blocker?<\/strong><\/h3>\n<p>Der Audi Q5\/SQ5 &#8211; FY Mileage Blocker erm\u00f6glicht es Ihnen, die Ansammlung von Kilometern zu stoppen und gleichzeitig die Fahrzeugleistung zu testen. Wir bieten eine Reihe von Mileage Stopper-Ger\u00e4ten f\u00fcr verschiedene Fahrzeuge an, die bei KM Block erh\u00e4ltlich sind und aus Originalteilen bestehen. Egal, ob Ihr Kilometerz\u00e4hler in Meilen oder Kilometern z\u00e4hlt, dieses Ger\u00e4t arbeitet effizient. Unsere Software ist f\u00fcr jedes Modell ma\u00dfgeschneidert, um eine einwandfreie Leistung zu gew\u00e4hrleisten.   <\/p>\n<p>Bitte beachten Sie, dass wir keine Tools zur Kilometerkorrektur f\u00fcr den Audi Q5\/SQ5 &#8211; FY verkaufen, da diese oft f\u00fcr betr\u00fcgerische Zwecke verwendet werden, wie z.B. zum Zur\u00fcckdrehen von Kilometerst\u00e4nden. Diese Tools k\u00f6nnen den Kilometerstand nicht vollst\u00e4ndig r\u00fcckg\u00e4ngig machen, da die Fahrzeuge \u00fcber mehrere Datenspeicher verf\u00fcgen. <\/p>\n<p>Die Installation ist unkompliziert und erfordert keine speziellen Fahrzeugkenntnisse. Schlie\u00dfen Sie das Ger\u00e4t einfach zwischen dem Tachoanschluss und dem Kombiinstrument an, um seine Vorteile zu nutzen. Der Mileage Blocker funktioniert mit Diesel-, Benzin-, PHEV- und Elektrofahrzeugen und ist damit ein wertvolles Werkzeug f\u00fcr Leistungstests.  <\/p>\n","protected":false},"excerpt":{"rendered":"<div class=\"flex-shrink-0 flex flex-col relative items-end\">\n<div class=\"pt-0\">\n<div class=\"gizmo-bot-avatar flex h-8 w-8 items-center justify-center overflow-hidden rounded-full\">\n<div class=\"relative p-1 rounded-sm flex items-center justify-center bg-token-main-surface-primary text-token-text-primary h-8 w-8\">\n<p>Bevor Sie Ihre Bestellung aufgeben, lesen Sie bitte die Anweisungen zur Aktivierung des Moduls und die wichtigen Hinweise zu Fehlermeldungen und Funktionen unten.<\/p>\n<p><strong>Kompatibilit\u00e4t: <\/strong>Dieses Ger\u00e4t ist mit allen Audi Q5 und SQ5 FY Modellen kompatibel, die seit 2016 ver\u00f6ffentlicht wurden. Einfache DIY-Installation. Unverfolgbare Leistung. Hochwertige Stecker und hitzebest\u00e4ndige Kabel. Tachometer und Assistenzsysteme funktionieren einwandfrei. Funktioniert mit oder ohne Geschwindigkeitsanzeige.     <\/p>\n<p class=\"p1\"><b> \u2705 Nahtlose Integration<\/b><b><\/b><\/p>\n<p class=\"p1\">\u2705<b> Einfache Installation<\/b><b><\/b><\/p>\n<p class=\"p1\">\u2705<b> Genaue Verwaltung des Kilometerstandes<\/b><b><\/b><\/p>\n<p class=\"p1\"><b> \u2705 Betrieb im Tarnkappenmodus<\/b><b><\/b><\/p>\n<p class=\"p1\"><span class=\"s1\">\u2705<\/span><b> Lebenslanger Support und Updates<\/b><\/p>\n<\/div>\n<\/div>\n<\/div>\n<\/div>\n","protected":false},"featured_media":686,"comment_status":"open","ping_status":"closed","template":"","meta":[],"product_brand":[],"product_cat":[746],"product_tag":[],"class_list":{"0":"post-6929","1":"product","2":"type-product","3":"status-publish","4":"has-post-thumbnail","6":"product_cat-audi","8":"first","9":"instock","10":"taxable","11":"shipping-taxable","12":"purchasable","13":"product-type-variable"},"yoast_head":"<!-- This site is optimized with the Yoast SEO plugin v27.5 - https:\/\/yoast.com\/product\/yoast-seo-wordpress\/ -->\n<title>Audi Q5 SQ5 FY Mileage Blocker (KM stopper) \u2192 KM Block<\/title>\n<meta name=\"description\" content=\"Buy a Audi Q5 SQ5 FY Mileage Blocker for the Best Prices \u2713 Free Shipping \u2713 Incl. Installation Guides\" \/>\n<meta name=\"robots\" content=\"index, follow, max-snippet:-1, max-image-preview:large, max-video-preview:-1\" \/>\n<meta property=\"og:locale\" content=\"de_DE\" \/>\n<meta property=\"og:type\" content=\"article\" \/>\n<meta property=\"og:title\" content=\"Audi Q5 SQ5 FY Mileage Blocker (KM stopper) \u2192 KM Block\" \/>\n<meta property=\"og:description\" content=\"Buy a Audi Q5 SQ5 FY Mileage Blocker for the Best Prices \u2713 Free Shipping \u2713 Incl. Installation Guides\" \/>\n<meta property=\"og:url\" content=\"https:\/\/kmblock.com\/de\/product\/audi-q5-sq5-fy\/\" \/>\n<meta property=\"og:site_name\" content=\"KM Block\" \/>\n<meta property=\"og:image\" content=\"https:\/\/kmblock.com\/wp-content\/uploads\/2024\/09\/Audi-Q5-SQ5-FY-600x600-1.jpg\" \/>\n\t<meta property=\"og:image:width\" content=\"600\" \/>\n\t<meta property=\"og:image:height\" content=\"600\" \/>\n\t<meta property=\"og:image:type\" content=\"image\/jpeg\" \/>\n<meta name=\"twitter:card\" content=\"summary_large_image\" \/>\n<meta name=\"twitter:label1\" content=\"Gesch\u00e4tzte Lesezeit\" \/>\n\t<meta name=\"twitter:data1\" content=\"2\u00a0Minuten\" \/>\n<script type=\"application\/ld+json\" class=\"yoast-schema-graph\">{\"@context\":\"https:\\\/\\\/schema.org\",\"@graph\":[{\"@type\":\"WebPage\",\"@id\":\"https:\\\/\\\/kmblock.com\\\/de\\\/product\\\/audi-q5-sq5-fy\\\/\",\"url\":\"https:\\\/\\\/kmblock.com\\\/de\\\/product\\\/audi-q5-sq5-fy\\\/\",\"name\":\"Audi Q5 SQ5 FY Mileage Blocker (KM stopper) \u2192 KM Block\",\"isPartOf\":{\"@id\":\"https:\\\/\\\/kmblock.com\\\/de\\\/#website\"},\"primaryImageOfPage\":{\"@id\":\"https:\\\/\\\/kmblock.com\\\/de\\\/product\\\/audi-q5-sq5-fy\\\/#primaryimage\"},\"image\":{\"@id\":\"https:\\\/\\\/kmblock.com\\\/de\\\/product\\\/audi-q5-sq5-fy\\\/#primaryimage\"},\"thumbnailUrl\":\"https:\\\/\\\/kmblock.com\\\/wp-content\\\/uploads\\\/2024\\\/09\\\/Audi-Q5-SQ5-FY-600x600-1.jpg\",\"datePublished\":\"2024-09-18T14:24:58+00:00\",\"description\":\"Buy a Audi Q5 SQ5 FY Mileage Blocker for the Best Prices \u2713 Free Shipping \u2713 Incl. Installation Guides\",\"breadcrumb\":{\"@id\":\"https:\\\/\\\/kmblock.com\\\/de\\\/product\\\/audi-q5-sq5-fy\\\/#breadcrumb\"},\"inLanguage\":\"de\",\"potentialAction\":[{\"@type\":\"ReadAction\",\"target\":[\"https:\\\/\\\/kmblock.com\\\/de\\\/product\\\/audi-q5-sq5-fy\\\/\"]}]},{\"@type\":\"ImageObject\",\"inLanguage\":\"de\",\"@id\":\"https:\\\/\\\/kmblock.com\\\/de\\\/product\\\/audi-q5-sq5-fy\\\/#primaryimage\",\"url\":\"https:\\\/\\\/kmblock.com\\\/wp-content\\\/uploads\\\/2024\\\/09\\\/Audi-Q5-SQ5-FY-600x600-1.jpg\",\"contentUrl\":\"https:\\\/\\\/kmblock.com\\\/wp-content\\\/uploads\\\/2024\\\/09\\\/Audi-Q5-SQ5-FY-600x600-1.jpg\",\"width\":600,\"height\":600,\"caption\":\"Audi-Q5-SQ5-FY-600x600\"},{\"@type\":\"BreadcrumbList\",\"@id\":\"https:\\\/\\\/kmblock.com\\\/de\\\/product\\\/audi-q5-sq5-fy\\\/#breadcrumb\",\"itemListElement\":[{\"@type\":\"ListItem\",\"position\":1,\"name\":\"Startseite\",\"item\":\"https:\\\/\\\/kmblock.com\\\/de\\\/\"},{\"@type\":\"ListItem\",\"position\":2,\"name\":\"Produkte\",\"item\":\"https:\\\/\\\/kmblock.com\\\/de\\\/shop\\\/\"},{\"@type\":\"ListItem\",\"position\":3,\"name\":\"Audi Q5 SQ5 FY\"}]},{\"@type\":\"WebSite\",\"@id\":\"https:\\\/\\\/kmblock.com\\\/de\\\/#website\",\"url\":\"https:\\\/\\\/kmblock.com\\\/de\\\/\",\"name\":\"KM Block\",\"description\":\"\",\"publisher\":{\"@id\":\"https:\\\/\\\/kmblock.com\\\/de\\\/#organization\"},\"potentialAction\":[{\"@type\":\"SearchAction\",\"target\":{\"@type\":\"EntryPoint\",\"urlTemplate\":\"https:\\\/\\\/kmblock.com\\\/de\\\/?s={search_term_string}\"},\"query-input\":{\"@type\":\"PropertyValueSpecification\",\"valueRequired\":true,\"valueName\":\"search_term_string\"}}],\"inLanguage\":\"de\"},{\"@type\":\"Organization\",\"@id\":\"https:\\\/\\\/kmblock.com\\\/de\\\/#organization\",\"name\":\"KM-Block\",\"url\":\"https:\\\/\\\/kmblock.com\\\/de\\\/\",\"logo\":{\"@type\":\"ImageObject\",\"inLanguage\":\"de\",\"@id\":\"https:\\\/\\\/kmblock.com\\\/de\\\/#\\\/schema\\\/logo\\\/image\\\/\",\"url\":\"https:\\\/\\\/kmblock.com\\\/wp-content\\\/uploads\\\/2024\\\/08\\\/main-logo.png\",\"contentUrl\":\"https:\\\/\\\/kmblock.com\\\/wp-content\\\/uploads\\\/2024\\\/08\\\/main-logo.png\",\"width\":186,\"height\":28,\"caption\":\"KM-Block\"},\"image\":{\"@id\":\"https:\\\/\\\/kmblock.com\\\/de\\\/#\\\/schema\\\/logo\\\/image\\\/\"}}]}<\/script>\n<!-- \/ Yoast SEO plugin. -->","yoast_head_json":{"title":"Audi Q5 SQ5 FY Mileage Blocker (KM stopper) \u2192 KM Block","description":"Buy a Audi Q5 SQ5 FY Mileage Blocker for the Best Prices \u2713 Free Shipping \u2713 Incl. Installation Guides","robots":{"index":"index","follow":"follow","max-snippet":"max-snippet:-1","max-image-preview":"max-image-preview:large","max-video-preview":"max-video-preview:-1"},"og_locale":"de_DE","og_type":"article","og_title":"Audi Q5 SQ5 FY Mileage Blocker (KM stopper) \u2192 KM Block","og_description":"Buy a Audi Q5 SQ5 FY Mileage Blocker for the Best Prices \u2713 Free Shipping \u2713 Incl. Installation Guides","og_url":"https:\/\/kmblock.com\/de\/product\/audi-q5-sq5-fy\/","og_site_name":"KM Block","og_image":[{"width":600,"height":600,"url":"https:\/\/kmblock.com\/wp-content\/uploads\/2024\/09\/Audi-Q5-SQ5-FY-600x600-1.jpg","type":"image\/jpeg"}],"twitter_card":"summary_large_image","twitter_misc":{"Gesch\u00e4tzte Lesezeit":"2\u00a0Minuten"},"schema":{"@context":"https:\/\/schema.org","@graph":[{"@type":"WebPage","@id":"https:\/\/kmblock.com\/de\/product\/audi-q5-sq5-fy\/","url":"https:\/\/kmblock.com\/de\/product\/audi-q5-sq5-fy\/","name":"Audi Q5 SQ5 FY Mileage Blocker (KM stopper) \u2192 KM Block","isPartOf":{"@id":"https:\/\/kmblock.com\/de\/#website"},"primaryImageOfPage":{"@id":"https:\/\/kmblock.com\/de\/product\/audi-q5-sq5-fy\/#primaryimage"},"image":{"@id":"https:\/\/kmblock.com\/de\/product\/audi-q5-sq5-fy\/#primaryimage"},"thumbnailUrl":"https:\/\/kmblock.com\/wp-content\/uploads\/2024\/09\/Audi-Q5-SQ5-FY-600x600-1.jpg","datePublished":"2024-09-18T14:24:58+00:00","description":"Buy a Audi Q5 SQ5 FY Mileage Blocker for the Best Prices \u2713 Free Shipping \u2713 Incl. Installation Guides","breadcrumb":{"@id":"https:\/\/kmblock.com\/de\/product\/audi-q5-sq5-fy\/#breadcrumb"},"inLanguage":"de","potentialAction":[{"@type":"ReadAction","target":["https:\/\/kmblock.com\/de\/product\/audi-q5-sq5-fy\/"]}]},{"@type":"ImageObject","inLanguage":"de","@id":"https:\/\/kmblock.com\/de\/product\/audi-q5-sq5-fy\/#primaryimage","url":"https:\/\/kmblock.com\/wp-content\/uploads\/2024\/09\/Audi-Q5-SQ5-FY-600x600-1.jpg","contentUrl":"https:\/\/kmblock.com\/wp-content\/uploads\/2024\/09\/Audi-Q5-SQ5-FY-600x600-1.jpg","width":600,"height":600,"caption":"Audi-Q5-SQ5-FY-600x600"},{"@type":"BreadcrumbList","@id":"https:\/\/kmblock.com\/de\/product\/audi-q5-sq5-fy\/#breadcrumb","itemListElement":[{"@type":"ListItem","position":1,"name":"Startseite","item":"https:\/\/kmblock.com\/de\/"},{"@type":"ListItem","position":2,"name":"Produkte","item":"https:\/\/kmblock.com\/de\/shop\/"},{"@type":"ListItem","position":3,"name":"Audi Q5 SQ5 FY"}]},{"@type":"WebSite","@id":"https:\/\/kmblock.com\/de\/#website","url":"https:\/\/kmblock.com\/de\/","name":"KM Block","description":"","publisher":{"@id":"https:\/\/kmblock.com\/de\/#organization"},"potentialAction":[{"@type":"SearchAction","target":{"@type":"EntryPoint","urlTemplate":"https:\/\/kmblock.com\/de\/?s={search_term_string}"},"query-input":{"@type":"PropertyValueSpecification","valueRequired":true,"valueName":"search_term_string"}}],"inLanguage":"de"},{"@type":"Organization","@id":"https:\/\/kmblock.com\/de\/#organization","name":"KM-Block","url":"https:\/\/kmblock.com\/de\/","logo":{"@type":"ImageObject","inLanguage":"de","@id":"https:\/\/kmblock.com\/de\/#\/schema\/logo\/image\/","url":"https:\/\/kmblock.com\/wp-content\/uploads\/2024\/08\/main-logo.png","contentUrl":"https:\/\/kmblock.com\/wp-content\/uploads\/2024\/08\/main-logo.png","width":186,"height":28,"caption":"KM-Block"},"image":{"@id":"https:\/\/kmblock.com\/de\/#\/schema\/logo\/image\/"}}]}},"_links":{"self":[{"href":"https:\/\/kmblock.com\/de\/wp-json\/wp\/v2\/product\/6929","targetHints":{"allow":["GET"]}}],"collection":[{"href":"https:\/\/kmblock.com\/de\/wp-json\/wp\/v2\/product"}],"about":[{"href":"https:\/\/kmblock.com\/de\/wp-json\/wp\/v2\/types\/product"}],"replies":[{"embeddable":true,"href":"https:\/\/kmblock.com\/de\/wp-json\/wp\/v2\/comments?post=6929"}],"wp:featuredmedia":[{"embeddable":true,"href":"https:\/\/kmblock.com\/de\/wp-json\/wp\/v2\/media\/686"}],"wp:attachment":[{"href":"https:\/\/kmblock.com\/de\/wp-json\/wp\/v2\/media?parent=6929"}],"wp:term":[{"taxonomy":"product_brand","embeddable":true,"href":"https:\/\/kmblock.com\/de\/wp-json\/wp\/v2\/product_brand?post=6929"},{"taxonomy":"product_cat","embeddable":true,"href":"https:\/\/kmblock.com\/de\/wp-json\/wp\/v2\/product_cat?post=6929"},{"taxonomy":"product_tag","embeddable":true,"href":"https:\/\/kmblock.com\/de\/wp-json\/wp\/v2\/product_tag?post=6929"}],"curies":[{"name":"wp","href":"https:\/\/api.w.org\/{rel}","templated":true}]}}