{"id":6925,"date":"2024-09-18T15:05:20","date_gmt":"2024-09-18T15:05:20","guid":{"rendered":"https:\/\/kmblock.com\/product\/bentley-continental-gt-3-generation\/"},"modified":"2026-02-18T20:12:00","modified_gmt":"2026-02-18T20:12:00","slug":"bentley-continental-gt-3-generation","status":"publish","type":"product","link":"https:\/\/kmblock.com\/de\/product\/bentley-continental-gt-3-generation\/","title":{"rendered":"Bentley Continental GT (3. Generation)"},"content":{"rendered":"<h3>Kilometerstand-Blocker f\u00fcr Bentley Continental GT (3. Generation)<\/h3>\n<p>Der Bentley Continental GT (3rd Gen) Mileage Blocker, auch bekannt als Odometer Blocker, Odometer Stopper, Can Blocker, Mileage Stopper, Trip Odometer, Can Filter und manchmal auch als Mileage Correction Tool, ist kompatibel mit allen Bentley Continental GT (3rd Gen) Modellen, die seit 2018 ver\u00f6ffentlicht wurden.<\/p>\n<h3>Spezifikationen<\/h3>\n<ul>\n<li><strong>Einfache DIY-Installation<\/strong>: Entwickelt f\u00fcr eine unkomplizierte Installation.<\/li>\n<li><strong>Reibungslose Installation<\/strong>: Die Passfl\u00e4che und die Rillen am Stecker sorgen f\u00fcr eine einfache Installation.<\/li>\n<li><strong>Mehrere Modi<\/strong>: W\u00e4hlen Sie aus verschiedenen Betriebsmodi.<\/li>\n<li><strong>Hochwertige Komponenten<\/strong>: Ausgestattet mit hochwertigen Steckern und hitzebest\u00e4ndigen Kabeln.<\/li>\n<li><strong>R\u00fcckstandslose Entfernung<\/strong>: Kein L\u00f6ten oder Schneiden erforderlich; hinterl\u00e4sst keine Spuren beim Entfernen.<\/li>\n<li><strong>Benutzerfreundliche Bedienung<\/strong>: Einfache Bedienung \u00fcber mehrere Tastenkombinationen.<\/li>\n<li><strong>Stabiler Kilometerstand<\/strong>: Der Kilometerstand erh\u00f6ht sich nach dem Ausbau des Moduls nicht.<\/li>\n<li><strong>Diagnostische Sicherheit<\/strong>: Der Bentley Continental GT Mileage Stopper kann keine \u00c4nderungen des Kilometerstandes feststellen, die von den Pr\u00fcfern vorgenommen werden.<\/li>\n<li><strong>Dauerhafte Einstellungen<\/strong>: Ausgew\u00e4hlte Einstellungen werden automatisch gespeichert.<\/li>\n<li><strong>Tadellose Funktionalit\u00e4t<\/strong>: Tachometer und Assistenzsysteme funktionieren reibungslos.<\/li>\n<li><strong>Fehlerfreier Betrieb<\/strong>: Keine Fehlermeldungen auf dem Tachometer oder dem Navigationspanel.<\/li>\n<\/ul>\n<h3>Wichtiger Hinweis<\/h3>\n<p>Wenn Ihr Fahrzeug k\u00fcrzlich ein Hersteller-Update erhalten hat, kann es sein, dass die vorherige Aktivierungsmethode nicht mehr gilt. Es funktionieren nur noch die Modi 3 (Vollstopp) und 4 (Vollz\u00e4hligkeit). Um das Modul zu aktivieren, schalten Sie das Fahrzeug f\u00fcnfmal hintereinander vollst\u00e4ndig aus. Eine PDF-Datei mit weiteren Details wird Ihnen nach dem Kauf zur Verf\u00fcgung gestellt.   <\/p>\n<h3>Aktivierung &amp; Deaktivierung<\/h3>\n<p>&#8220; Bet\u00e4tigen Sie die Taste &#8218;ok&#8216; am Lenker. Halten Sie die Taste gedr\u00fcckt, bis der Blinker zu blinken beginnt. <\/p>\n<p><strong>Modus 1:<\/strong> 1 Blinken links 20 Prozent<br \/>\n<strong>Modus 2:<\/strong> 2 linke Blinkzeichen 10 Prozent<br \/>\n<strong>Modus 3:<\/strong> 3 Mal links blinken 0 Prozent<br \/>\n<strong>Modus 4:<\/strong> 1 rechtes Blinken 100 Prozent<\/p>\n<p>F\u00fcr den Modus 3: 0 Prozent m\u00fcssen Sie den Modus einschalten, dann das Auto ausschalten und f\u00fcr 2 Minuten verriegeln und dann starten und fahren.&#8220;<\/p>\n<h3>Was ist der Bentley Continental GT Kilometerz\u00e4hler-Blocker?<\/h3>\n<p>Der Bentley Continental GT Mileage Blocker\/Odometer Blocker wurde entwickelt, um das Z\u00e4hlen von Kilometern zu verhindern und gleichzeitig die Fahrzeugleistung zu testen. Wir von KM Block bieten die besten Module mit Originalbauteilen an. Dieses Tool ist sowohl f\u00fcr Diesel- und Benzinmotoren als auch f\u00fcr Plug-in-Hybrid-Elektrofahrzeuge (PHEVs) und Elektroautos geeignet. Unsere Software ist f\u00fcr jede Marke und jedes Modell ma\u00dfgeschneidert, um eine einwandfreie Leistung zu gew\u00e4hrleisten.   <\/p>\n<p><strong>Hinweis<\/strong>: Wir verkaufen keine Tools zur Kilometerkorrektur f\u00fcr den Bentley Continental GT, da diese f\u00fcr betr\u00fcgerische Zwecke gedacht sind und nur dazu dienen, den Kilometerstand zu l\u00f6schen. Aufgrund der vielen Datenspeicher in modernen Fahrzeugen k\u00f6nnen diese Tools den Kilometerstand oft nicht vollst\u00e4ndig r\u00fcckg\u00e4ngig machen. <\/p>\n<p>Wir bieten eine gro\u00dfe Auswahl an Mileage Stopper f\u00fcr verschiedene Fahrzeuge an. Der Einbau ist bei allen Modellen gleich und erfordert keine fortgeschrittenen Kenntnisse der Fahrzeugwartung. Schlie\u00dfen Sie das Ger\u00e4t einfach zwischen dem Tachometeranschluss und dem Kombiinstrument an, um die Vorteile dieses einzigartigen Moduls zu nutzen. Ganz gleich, ob Ihr digitaler Kilometerz\u00e4hler Meilen oder Kilometer misst, das Ger\u00e4t arbeitet effizient.   <\/p>\n<p>Der Bentley Continental GT Mileage Blocker ist ein au\u00dfergew\u00f6hnliches Werkzeug, mit dem Sie die Leistung Ihres Fahrzeugs in einer kontrollierten Umgebung testen k\u00f6nnen.<\/p>\n","protected":false},"excerpt":{"rendered":"<div class=\"flex-shrink-0 flex flex-col relative items-end\">\n<div class=\"pt-0\">\n<div class=\"gizmo-bot-avatar flex h-8 w-8 items-center justify-center overflow-hidden rounded-full\">\n<div class=\"relative p-1 rounded-sm flex items-center justify-center bg-token-main-surface-primary text-token-text-primary h-8 w-8\">\n<h4>Bevor Sie Ihre Bestellung aufgeben, lesen Sie bitte die Anweisungen zur Aktivierung des Moduls und die wichtigen Hinweise zu Fehlermeldungen und Funktionen unten.<\/h4>\n<p><strong>Kompatibilit\u00e4t: Geeignet f\u00fcr alle Modelle, die seit 2018 ver\u00f6ffentlicht wurden.  <\/strong>Bitte vergewissern Sie sich vor der Bestellung, dass Sie einen 18- oder 32-poligen Stecker gew\u00e4hlt haben. Einfacher Do-it-yourself-Einrichtungsprozess. Mit hochwertigen Steckern und hitzebest\u00e4ndigen Kabeln. Tachometer und Assistenzprogramme funktionieren einwandfrei.   <\/p>\n<p class=\"p1\"><b> \u2705 Nahtlose Integration<\/b><b><\/b><\/p>\n<p class=\"p1\">\u2705<b> Einfache Installation<\/b><b><\/b><\/p>\n<p class=\"p1\">\u2705<b> Genaue Verwaltung des Kilometerstandes<\/b><b><\/b><\/p>\n<p class=\"p1\"><b> \u2705 Betrieb im Tarnkappenmodus<\/b><b><\/b><\/p>\n<p class=\"p1\"><span class=\"s1\">\u2705<\/span><b> Lebenslanger Support und Updates<\/b><\/p>\n<\/div>\n<\/div>\n<\/div>\n<\/div>\n","protected":false},"featured_media":699,"comment_status":"open","ping_status":"closed","template":"","meta":[],"product_brand":[],"product_cat":[739],"product_tag":[],"class_list":{"0":"post-6925","1":"product","2":"type-product","3":"status-publish","4":"has-post-thumbnail","6":"product_cat-bentley","8":"first","9":"instock","10":"taxable","11":"shipping-taxable","12":"purchasable","13":"product-type-variable"},"yoast_head":"<!-- This site is optimized with the Yoast SEO plugin v27.5 - https:\/\/yoast.com\/product\/yoast-seo-wordpress\/ -->\n<title>Bentley Continental GT (3. Generation) Mileage Blocker (KM stopper) \u2192 KM Block<\/title>\n<meta name=\"description\" content=\"Buy a Bentley Continental GT (3. Generation) Mileage Blocker for the Best Prices \u2713 Free Shipping \u2713 Incl. Installation Guides\" \/>\n<meta name=\"robots\" content=\"index, follow, max-snippet:-1, max-image-preview:large, max-video-preview:-1\" \/>\n<meta property=\"og:locale\" content=\"de_DE\" \/>\n<meta property=\"og:type\" content=\"article\" \/>\n<meta property=\"og:title\" content=\"Bentley Continental GT (3. Generation) Mileage Blocker (KM stopper) \u2192 KM Block\" \/>\n<meta property=\"og:description\" content=\"Buy a Bentley Continental GT (3. Generation) Mileage Blocker for the Best Prices \u2713 Free Shipping \u2713 Incl. Installation Guides\" \/>\n<meta property=\"og:url\" content=\"https:\/\/kmblock.com\/de\/product\/bentley-continental-gt-3-generation\/\" \/>\n<meta property=\"og:site_name\" content=\"KM Block\" \/>\n<meta property=\"article:modified_time\" content=\"2026-02-18T20:12:00+00:00\" \/>\n<meta property=\"og:image\" content=\"https:\/\/kmblock.com\/wp-content\/uploads\/2024\/09\/Bentley-Continental-GT-Odometer-Blocker-600x600-1.webp\" \/>\n\t<meta property=\"og:image:width\" content=\"600\" \/>\n\t<meta property=\"og:image:height\" content=\"600\" \/>\n\t<meta property=\"og:image:type\" content=\"image\/webp\" \/>\n<meta name=\"twitter:card\" content=\"summary_large_image\" \/>\n<meta name=\"twitter:label1\" content=\"Gesch\u00e4tzte Lesezeit\" \/>\n\t<meta name=\"twitter:data1\" content=\"3\u00a0Minuten\" \/>\n<script type=\"application\/ld+json\" class=\"yoast-schema-graph\">{\"@context\":\"https:\\\/\\\/schema.org\",\"@graph\":[{\"@type\":\"WebPage\",\"@id\":\"https:\\\/\\\/kmblock.com\\\/de\\\/product\\\/bentley-continental-gt-3-generation\\\/\",\"url\":\"https:\\\/\\\/kmblock.com\\\/de\\\/product\\\/bentley-continental-gt-3-generation\\\/\",\"name\":\"Bentley Continental GT (3. Generation) Mileage Blocker (KM stopper) \u2192 KM Block\",\"isPartOf\":{\"@id\":\"https:\\\/\\\/kmblock.com\\\/de\\\/#website\"},\"primaryImageOfPage\":{\"@id\":\"https:\\\/\\\/kmblock.com\\\/de\\\/product\\\/bentley-continental-gt-3-generation\\\/#primaryimage\"},\"image\":{\"@id\":\"https:\\\/\\\/kmblock.com\\\/de\\\/product\\\/bentley-continental-gt-3-generation\\\/#primaryimage\"},\"thumbnailUrl\":\"https:\\\/\\\/kmblock.com\\\/wp-content\\\/uploads\\\/2024\\\/09\\\/Bentley-Continental-GT-Odometer-Blocker-600x600-1.webp\",\"datePublished\":\"2024-09-18T15:05:20+00:00\",\"dateModified\":\"2026-02-18T20:12:00+00:00\",\"description\":\"Buy a Bentley Continental GT (3. Generation) Mileage Blocker for the Best Prices \u2713 Free Shipping \u2713 Incl. Installation Guides\",\"breadcrumb\":{\"@id\":\"https:\\\/\\\/kmblock.com\\\/de\\\/product\\\/bentley-continental-gt-3-generation\\\/#breadcrumb\"},\"inLanguage\":\"de\",\"potentialAction\":[{\"@type\":\"ReadAction\",\"target\":[\"https:\\\/\\\/kmblock.com\\\/de\\\/product\\\/bentley-continental-gt-3-generation\\\/\"]}]},{\"@type\":\"ImageObject\",\"inLanguage\":\"de\",\"@id\":\"https:\\\/\\\/kmblock.com\\\/de\\\/product\\\/bentley-continental-gt-3-generation\\\/#primaryimage\",\"url\":\"https:\\\/\\\/kmblock.com\\\/wp-content\\\/uploads\\\/2024\\\/09\\\/Bentley-Continental-GT-Odometer-Blocker-600x600-1.webp\",\"contentUrl\":\"https:\\\/\\\/kmblock.com\\\/wp-content\\\/uploads\\\/2024\\\/09\\\/Bentley-Continental-GT-Odometer-Blocker-600x600-1.webp\",\"width\":600,\"height\":600,\"caption\":\"Bentley-Continental-GT\"},{\"@type\":\"BreadcrumbList\",\"@id\":\"https:\\\/\\\/kmblock.com\\\/de\\\/product\\\/bentley-continental-gt-3-generation\\\/#breadcrumb\",\"itemListElement\":[{\"@type\":\"ListItem\",\"position\":1,\"name\":\"Startseite\",\"item\":\"https:\\\/\\\/kmblock.com\\\/de\\\/\"},{\"@type\":\"ListItem\",\"position\":2,\"name\":\"Produkte\",\"item\":\"https:\\\/\\\/kmblock.com\\\/de\\\/shop\\\/\"},{\"@type\":\"ListItem\",\"position\":3,\"name\":\"Bentley Continental GT (3. Generation)\"}]},{\"@type\":\"WebSite\",\"@id\":\"https:\\\/\\\/kmblock.com\\\/de\\\/#website\",\"url\":\"https:\\\/\\\/kmblock.com\\\/de\\\/\",\"name\":\"KM Block\",\"description\":\"\",\"publisher\":{\"@id\":\"https:\\\/\\\/kmblock.com\\\/de\\\/#organization\"},\"potentialAction\":[{\"@type\":\"SearchAction\",\"target\":{\"@type\":\"EntryPoint\",\"urlTemplate\":\"https:\\\/\\\/kmblock.com\\\/de\\\/?s={search_term_string}\"},\"query-input\":{\"@type\":\"PropertyValueSpecification\",\"valueRequired\":true,\"valueName\":\"search_term_string\"}}],\"inLanguage\":\"de\"},{\"@type\":\"Organization\",\"@id\":\"https:\\\/\\\/kmblock.com\\\/de\\\/#organization\",\"name\":\"KM-Block\",\"url\":\"https:\\\/\\\/kmblock.com\\\/de\\\/\",\"logo\":{\"@type\":\"ImageObject\",\"inLanguage\":\"de\",\"@id\":\"https:\\\/\\\/kmblock.com\\\/de\\\/#\\\/schema\\\/logo\\\/image\\\/\",\"url\":\"https:\\\/\\\/kmblock.com\\\/wp-content\\\/uploads\\\/2024\\\/08\\\/main-logo.png\",\"contentUrl\":\"https:\\\/\\\/kmblock.com\\\/wp-content\\\/uploads\\\/2024\\\/08\\\/main-logo.png\",\"width\":186,\"height\":28,\"caption\":\"KM-Block\"},\"image\":{\"@id\":\"https:\\\/\\\/kmblock.com\\\/de\\\/#\\\/schema\\\/logo\\\/image\\\/\"}}]}<\/script>\n<!-- \/ Yoast SEO plugin. -->","yoast_head_json":{"title":"Bentley Continental GT (3. Generation) Mileage Blocker (KM stopper) \u2192 KM Block","description":"Buy a Bentley Continental GT (3. Generation) Mileage Blocker for the Best Prices \u2713 Free Shipping \u2713 Incl. Installation Guides","robots":{"index":"index","follow":"follow","max-snippet":"max-snippet:-1","max-image-preview":"max-image-preview:large","max-video-preview":"max-video-preview:-1"},"og_locale":"de_DE","og_type":"article","og_title":"Bentley Continental GT (3. Generation) Mileage Blocker (KM stopper) \u2192 KM Block","og_description":"Buy a Bentley Continental GT (3. Generation) Mileage Blocker for the Best Prices \u2713 Free Shipping \u2713 Incl. Installation Guides","og_url":"https:\/\/kmblock.com\/de\/product\/bentley-continental-gt-3-generation\/","og_site_name":"KM Block","article_modified_time":"2026-02-18T20:12:00+00:00","og_image":[{"width":600,"height":600,"url":"https:\/\/kmblock.com\/wp-content\/uploads\/2024\/09\/Bentley-Continental-GT-Odometer-Blocker-600x600-1.webp","type":"image\/webp"}],"twitter_card":"summary_large_image","twitter_misc":{"Gesch\u00e4tzte Lesezeit":"3\u00a0Minuten"},"schema":{"@context":"https:\/\/schema.org","@graph":[{"@type":"WebPage","@id":"https:\/\/kmblock.com\/de\/product\/bentley-continental-gt-3-generation\/","url":"https:\/\/kmblock.com\/de\/product\/bentley-continental-gt-3-generation\/","name":"Bentley Continental GT (3. Generation) Mileage Blocker (KM stopper) \u2192 KM Block","isPartOf":{"@id":"https:\/\/kmblock.com\/de\/#website"},"primaryImageOfPage":{"@id":"https:\/\/kmblock.com\/de\/product\/bentley-continental-gt-3-generation\/#primaryimage"},"image":{"@id":"https:\/\/kmblock.com\/de\/product\/bentley-continental-gt-3-generation\/#primaryimage"},"thumbnailUrl":"https:\/\/kmblock.com\/wp-content\/uploads\/2024\/09\/Bentley-Continental-GT-Odometer-Blocker-600x600-1.webp","datePublished":"2024-09-18T15:05:20+00:00","dateModified":"2026-02-18T20:12:00+00:00","description":"Buy a Bentley Continental GT (3. Generation) Mileage Blocker for the Best Prices \u2713 Free Shipping \u2713 Incl. Installation Guides","breadcrumb":{"@id":"https:\/\/kmblock.com\/de\/product\/bentley-continental-gt-3-generation\/#breadcrumb"},"inLanguage":"de","potentialAction":[{"@type":"ReadAction","target":["https:\/\/kmblock.com\/de\/product\/bentley-continental-gt-3-generation\/"]}]},{"@type":"ImageObject","inLanguage":"de","@id":"https:\/\/kmblock.com\/de\/product\/bentley-continental-gt-3-generation\/#primaryimage","url":"https:\/\/kmblock.com\/wp-content\/uploads\/2024\/09\/Bentley-Continental-GT-Odometer-Blocker-600x600-1.webp","contentUrl":"https:\/\/kmblock.com\/wp-content\/uploads\/2024\/09\/Bentley-Continental-GT-Odometer-Blocker-600x600-1.webp","width":600,"height":600,"caption":"Bentley-Continental-GT"},{"@type":"BreadcrumbList","@id":"https:\/\/kmblock.com\/de\/product\/bentley-continental-gt-3-generation\/#breadcrumb","itemListElement":[{"@type":"ListItem","position":1,"name":"Startseite","item":"https:\/\/kmblock.com\/de\/"},{"@type":"ListItem","position":2,"name":"Produkte","item":"https:\/\/kmblock.com\/de\/shop\/"},{"@type":"ListItem","position":3,"name":"Bentley Continental GT (3. Generation)"}]},{"@type":"WebSite","@id":"https:\/\/kmblock.com\/de\/#website","url":"https:\/\/kmblock.com\/de\/","name":"KM Block","description":"","publisher":{"@id":"https:\/\/kmblock.com\/de\/#organization"},"potentialAction":[{"@type":"SearchAction","target":{"@type":"EntryPoint","urlTemplate":"https:\/\/kmblock.com\/de\/?s={search_term_string}"},"query-input":{"@type":"PropertyValueSpecification","valueRequired":true,"valueName":"search_term_string"}}],"inLanguage":"de"},{"@type":"Organization","@id":"https:\/\/kmblock.com\/de\/#organization","name":"KM-Block","url":"https:\/\/kmblock.com\/de\/","logo":{"@type":"ImageObject","inLanguage":"de","@id":"https:\/\/kmblock.com\/de\/#\/schema\/logo\/image\/","url":"https:\/\/kmblock.com\/wp-content\/uploads\/2024\/08\/main-logo.png","contentUrl":"https:\/\/kmblock.com\/wp-content\/uploads\/2024\/08\/main-logo.png","width":186,"height":28,"caption":"KM-Block"},"image":{"@id":"https:\/\/kmblock.com\/de\/#\/schema\/logo\/image\/"}}]}},"_links":{"self":[{"href":"https:\/\/kmblock.com\/de\/wp-json\/wp\/v2\/product\/6925","targetHints":{"allow":["GET"]}}],"collection":[{"href":"https:\/\/kmblock.com\/de\/wp-json\/wp\/v2\/product"}],"about":[{"href":"https:\/\/kmblock.com\/de\/wp-json\/wp\/v2\/types\/product"}],"replies":[{"embeddable":true,"href":"https:\/\/kmblock.com\/de\/wp-json\/wp\/v2\/comments?post=6925"}],"wp:featuredmedia":[{"embeddable":true,"href":"https:\/\/kmblock.com\/de\/wp-json\/wp\/v2\/media\/699"}],"wp:attachment":[{"href":"https:\/\/kmblock.com\/de\/wp-json\/wp\/v2\/media?parent=6925"}],"wp:term":[{"taxonomy":"product_brand","embeddable":true,"href":"https:\/\/kmblock.com\/de\/wp-json\/wp\/v2\/product_brand?post=6925"},{"taxonomy":"product_cat","embeddable":true,"href":"https:\/\/kmblock.com\/de\/wp-json\/wp\/v2\/product_cat?post=6925"},{"taxonomy":"product_tag","embeddable":true,"href":"https:\/\/kmblock.com\/de\/wp-json\/wp\/v2\/product_tag?post=6925"}],"curies":[{"name":"wp","href":"https:\/\/api.w.org\/{rel}","templated":true}]}}