{"id":6914,"date":"2024-09-18T15:10:18","date_gmt":"2024-09-18T15:10:18","guid":{"rendered":"https:\/\/kmblock.com\/product\/bentley-flying-spur-2-generation\/"},"modified":"2024-09-18T15:10:18","modified_gmt":"2024-09-18T15:10:18","slug":"bentley-flying-spur-2-generation","status":"publish","type":"product","link":"https:\/\/kmblock.com\/de\/product\/bentley-flying-spur-2-generation\/","title":{"rendered":"Bentley Flying Spur (2. Generation)"},"content":{"rendered":"<h3>Kilometerstand-Blocker f\u00fcr Bentley Flying Spur (2. Generation)<\/h3>\n<p>Der Bentley Flying Spur (2nd Gen) Mileage Blocker, auch bekannt als Odometer Blocker, Odometer Stopper, Can Blocker, Mileage Stopper, Trip Odometer, Can Filter und gelegentlich auch als Mileage Correction Tool, ist mit allen Bentley Flying Spur (2nd Gen) Modellen ab 2019 kompatibel.<\/p>\n<h3>Spezifikationen<\/h3>\n<ul>\n<li><strong>Mehrere Modi<\/strong>: Sie k\u00f6nnen zwischen verschiedenen Betriebsmodi w\u00e4hlen.<\/li>\n<li><strong>R\u00fcckstandsfreie Entfernung<\/strong>: Hinterl\u00e4sst nach der Entfernung keine Spuren.<\/li>\n<li><strong>Stabile Laufleistung<\/strong>: Die Kilometerleistung erh\u00f6ht sich nicht spontan, nachdem das Modul entfernt wurde.<\/li>\n<li><strong>Dauerhafte Einstellungen<\/strong>: Ausgew\u00e4hlte Einstellungen werden automatisch gespeichert.<\/li>\n<li><strong>Einwandfreie Funktionalit\u00e4t<\/strong>: Tachometer und Assistenzsysteme funktionieren reibungslos.<\/li>\n<li><strong>Diagnostische Sicherheit<\/strong>: Diagnosetester k\u00f6nnen die vom Mileage Stopper vorgenommenen \u00c4nderungen des Kilometerstandes nicht erkennen.<\/li>\n<li><strong>DIY-Installation<\/strong>: Einfache Do-it-yourself-Installation, in der Regel innerhalb einer Stunde abgeschlossen.<\/li>\n<li><strong>Hochwertige Komponenten<\/strong>: Wird mit hitzebest\u00e4ndigen Kabeln geliefert.<\/li>\n<li><strong>Keine Modifikationen erforderlich<\/strong>: Kein L\u00f6ten oder Schneiden von Dr\u00e4hten erforderlich.<\/li>\n<li><strong>Benutzerfreundliche Bedienung<\/strong>: Einfache Bedienung mit mehreren Tastenkombinationen.<\/li>\n<li><strong>Fehlerfreie Anzeige<\/strong>: Keine Fehlermeldungen auf dem Tachometer oder dem Navigationspanel.<\/li>\n<li><strong>Reibungslose Installation<\/strong>: Die Steckseite und die Rillen am Stecker sorgen f\u00fcr eine einfache Installation.<\/li>\n<\/ul>\n<h3>Wichtiger Hinweis<\/h3>\n<p>Wenn Ihr Fahrzeug k\u00fcrzlich ein Hersteller-Update erhalten hat, kann es sein, dass die vorherige Aktivierungsmethode nicht mehr funktioniert. Nur die Modi 3 (Vollstopp) und 4 (Vollz\u00e4hligkeit) sind dann funktionsf\u00e4hig. Um das Modul zu aktivieren, schalten Sie das Fahrzeug f\u00fcnfmal hintereinander vollst\u00e4ndig aus. Ein PDF mit weiteren Details wird Ihnen nach dem Kauf zur Verf\u00fcgung gestellt.   <\/p>\n<h3>Aktivierung &amp; Deaktivierung<\/h3>\n<p>&#8220; Bet\u00e4tigen Sie die Taste &#8218;ok&#8216; am Lenker. Halten Sie die Taste gedr\u00fcckt, bis der Blinker zu blinken beginnt. <\/p>\n<p><strong>Modus 1:<\/strong> 1 Blinken links 20 Prozent<br \/>\n<strong>Modus 2:<\/strong> 2 linke Blinkzeichen 10 Prozent<br \/>\n<strong>Modus 3:<\/strong> 3 Mal links blinken 0 Prozent<br \/>\n<strong>Modus 4:<\/strong> 1 rechtes Blinken 100 Prozent<\/p>\n<p>F\u00fcr den Modus 3: 0 Prozent m\u00fcssen Sie den Modus einschalten, dann das Auto ausschalten und f\u00fcr 2 Minuten verriegeln und dann starten und fahren.&#8220;<\/p>\n<h3>Was ist der Bentley Flying Spur Kilometerz\u00e4hler-Blocker?<\/h3>\n<p>Der Bentley Flying Spur Mileage Blocker\/Odometer Blocker wurde entwickelt, um das Z\u00e4hlen von Kilometern zu stoppen und gleichzeitig die Fahrzeugleistung zu testen. Bei KM Block finden Sie die besten Module mit Originalbauteilen. Dieser Mileage Blocker funktioniert effizient bei Diesel- und Benzinmotoren, Plug-in-Hybrid-Elektrofahrzeugen (PHEVs) und Elektroautos. Egal, ob Ihr digitaler Kilometerz\u00e4hler in Meilen oder Kilometern misst, dieses Ger\u00e4t wird effektiv funktionieren.   <\/p>\n<p><strong>Hinweis<\/strong>: Wir verkaufen keine Tools zur Kilometerkorrektur f\u00fcr den Bentley Flying Spur, da diese f\u00fcr betr\u00fcgerische Zwecke gedacht sind und nur die Kilometerst\u00e4nde entfernen. Diese Tools k\u00f6nnen den Kilometerstand oft nicht vollst\u00e4ndig r\u00fcckg\u00e4ngig machen, da in modernen Fahrzeugen mehrere Datenspeicher vorhanden sind. <\/p>\n<p>Wir bieten eine gro\u00dfe Auswahl an Mileage Stopper f\u00fcr verschiedene Fahrzeuge an. Der Einbau ist bei allen Modellen gleich und erfordert keine fortgeschrittenen Kenntnisse der Fahrzeugwartung. Schlie\u00dfen Sie es einfach zwischen dem Tachometeranschluss und dem Kombiinstrument an, um alle Vorteile dieses einzigartigen Moduls zu nutzen.  <\/p>\n<p>Der Bentley Flying Spur Mileage Blocker ist ein au\u00dfergew\u00f6hnliches Tool, mit dem Sie die Leistung Ihres Fahrzeugs in einer kontrollierten Umgebung testen k\u00f6nnen.<\/p>\n","protected":false},"excerpt":{"rendered":"<div class=\"flex-shrink-0 flex flex-col relative items-end\">\n<div class=\"pt-0\">\n<div class=\"gizmo-bot-avatar flex h-8 w-8 items-center justify-center overflow-hidden rounded-full\">\n<div class=\"relative p-1 rounded-sm flex items-center justify-center bg-token-main-surface-primary text-token-text-primary h-8 w-8\">\n<h4>Bevor Sie Ihre Bestellung aufgeben, lesen Sie bitte die Anweisungen zur Aktivierung des Moduls und die wichtigen Hinweise zu Fehlermeldungen und Funktionen unten.<\/h4>\n<p><strong>Geeignet f\u00fcr alle Modelle, die seit 2019 ver\u00f6ffentlicht wurden.  <\/strong>Bitte vergewissern Sie sich vor der Bestellung, dass Sie einen 18- oder 32-poligen Stecker gew\u00e4hlt haben. Einfacher Do-it-yourself-Einrichtungsprozess. Mit hochwertigen Steckern und hitzebest\u00e4ndigen Kabeln. Tachometer und Assistenzprogramme funktionieren einwandfrei.   <\/p>\n<p class=\"p1\"><b> \u2705 Nahtlose Integration<\/b><b><\/b><\/p>\n<p class=\"p1\">\u2705<b> Einfache Installation<\/b><b><\/b><\/p>\n<p class=\"p1\">\u2705<b> Genaue Verwaltung des Kilometerstandes<\/b><b><\/b><\/p>\n<p class=\"p1\"><b> \u2705 Betrieb im Tarnkappenmodus<\/b><b><\/b><\/p>\n<p class=\"p1\"><span class=\"s1\">\u2705<\/span><b> Lebenslanger Support und Updates<\/b><\/p>\n<\/div>\n<\/div>\n<\/div>\n<\/div>\n","protected":false},"featured_media":701,"comment_status":"open","ping_status":"closed","template":"","meta":[],"product_brand":[],"product_cat":[739],"product_tag":[],"class_list":{"0":"post-6914","1":"product","2":"type-product","3":"status-publish","4":"has-post-thumbnail","6":"product_cat-bentley","8":"first","9":"instock","10":"taxable","11":"shipping-taxable","12":"purchasable","13":"product-type-variable"},"yoast_head":"<!-- This site is optimized with the Yoast SEO plugin v27.5 - https:\/\/yoast.com\/product\/yoast-seo-wordpress\/ -->\n<title>Bentley Flying Spur (2. Generation) Mileage Blocker (KM stopper) \u2192 KM Block<\/title>\n<meta name=\"description\" content=\"Buy a Bentley Flying Spur (2. Generation) Mileage Blocker for the Best Prices \u2713 Free Shipping \u2713 Incl. Installation Guides\" \/>\n<meta name=\"robots\" content=\"index, follow, max-snippet:-1, max-image-preview:large, max-video-preview:-1\" \/>\n<meta property=\"og:locale\" content=\"de_DE\" \/>\n<meta property=\"og:type\" content=\"article\" \/>\n<meta property=\"og:title\" content=\"Bentley Flying Spur (2. Generation) Mileage Blocker (KM stopper) \u2192 KM Block\" \/>\n<meta property=\"og:description\" content=\"Buy a Bentley Flying Spur (2. Generation) Mileage Blocker for the Best Prices \u2713 Free Shipping \u2713 Incl. Installation Guides\" \/>\n<meta property=\"og:url\" content=\"https:\/\/kmblock.com\/de\/product\/bentley-flying-spur-2-generation\/\" \/>\n<meta property=\"og:site_name\" content=\"KM Block\" \/>\n<meta property=\"og:image\" content=\"https:\/\/kmblock.com\/wp-content\/uploads\/2024\/09\/Bentley-Flying-Spur-Odometer-Blocker-600x600-1.webp\" \/>\n\t<meta property=\"og:image:width\" content=\"600\" \/>\n\t<meta property=\"og:image:height\" content=\"600\" \/>\n\t<meta property=\"og:image:type\" content=\"image\/webp\" \/>\n<meta name=\"twitter:card\" content=\"summary_large_image\" \/>\n<meta name=\"twitter:label1\" content=\"Gesch\u00e4tzte Lesezeit\" \/>\n\t<meta name=\"twitter:data1\" content=\"2\u00a0Minuten\" \/>\n<script type=\"application\/ld+json\" class=\"yoast-schema-graph\">{\"@context\":\"https:\\\/\\\/schema.org\",\"@graph\":[{\"@type\":\"WebPage\",\"@id\":\"https:\\\/\\\/kmblock.com\\\/de\\\/product\\\/bentley-flying-spur-2-generation\\\/\",\"url\":\"https:\\\/\\\/kmblock.com\\\/de\\\/product\\\/bentley-flying-spur-2-generation\\\/\",\"name\":\"Bentley Flying Spur (2. Generation) Mileage Blocker (KM stopper) \u2192 KM Block\",\"isPartOf\":{\"@id\":\"https:\\\/\\\/kmblock.com\\\/de\\\/#website\"},\"primaryImageOfPage\":{\"@id\":\"https:\\\/\\\/kmblock.com\\\/de\\\/product\\\/bentley-flying-spur-2-generation\\\/#primaryimage\"},\"image\":{\"@id\":\"https:\\\/\\\/kmblock.com\\\/de\\\/product\\\/bentley-flying-spur-2-generation\\\/#primaryimage\"},\"thumbnailUrl\":\"https:\\\/\\\/kmblock.com\\\/wp-content\\\/uploads\\\/2024\\\/09\\\/Bentley-Flying-Spur-Odometer-Blocker-600x600-1.webp\",\"datePublished\":\"2024-09-18T15:10:18+00:00\",\"description\":\"Buy a Bentley Flying Spur (2. Generation) Mileage Blocker for the Best Prices \u2713 Free Shipping \u2713 Incl. Installation Guides\",\"breadcrumb\":{\"@id\":\"https:\\\/\\\/kmblock.com\\\/de\\\/product\\\/bentley-flying-spur-2-generation\\\/#breadcrumb\"},\"inLanguage\":\"de\",\"potentialAction\":[{\"@type\":\"ReadAction\",\"target\":[\"https:\\\/\\\/kmblock.com\\\/de\\\/product\\\/bentley-flying-spur-2-generation\\\/\"]}]},{\"@type\":\"ImageObject\",\"inLanguage\":\"de\",\"@id\":\"https:\\\/\\\/kmblock.com\\\/de\\\/product\\\/bentley-flying-spur-2-generation\\\/#primaryimage\",\"url\":\"https:\\\/\\\/kmblock.com\\\/wp-content\\\/uploads\\\/2024\\\/09\\\/Bentley-Flying-Spur-Odometer-Blocker-600x600-1.webp\",\"contentUrl\":\"https:\\\/\\\/kmblock.com\\\/wp-content\\\/uploads\\\/2024\\\/09\\\/Bentley-Flying-Spur-Odometer-Blocker-600x600-1.webp\",\"width\":600,\"height\":600,\"caption\":\"Bentley-Flying-Spur\"},{\"@type\":\"BreadcrumbList\",\"@id\":\"https:\\\/\\\/kmblock.com\\\/de\\\/product\\\/bentley-flying-spur-2-generation\\\/#breadcrumb\",\"itemListElement\":[{\"@type\":\"ListItem\",\"position\":1,\"name\":\"Startseite\",\"item\":\"https:\\\/\\\/kmblock.com\\\/de\\\/\"},{\"@type\":\"ListItem\",\"position\":2,\"name\":\"Produkte\",\"item\":\"https:\\\/\\\/kmblock.com\\\/de\\\/shop\\\/\"},{\"@type\":\"ListItem\",\"position\":3,\"name\":\"Bentley Flying Spur (2. Generation)\"}]},{\"@type\":\"WebSite\",\"@id\":\"https:\\\/\\\/kmblock.com\\\/de\\\/#website\",\"url\":\"https:\\\/\\\/kmblock.com\\\/de\\\/\",\"name\":\"KM Block\",\"description\":\"\",\"publisher\":{\"@id\":\"https:\\\/\\\/kmblock.com\\\/de\\\/#organization\"},\"potentialAction\":[{\"@type\":\"SearchAction\",\"target\":{\"@type\":\"EntryPoint\",\"urlTemplate\":\"https:\\\/\\\/kmblock.com\\\/de\\\/?s={search_term_string}\"},\"query-input\":{\"@type\":\"PropertyValueSpecification\",\"valueRequired\":true,\"valueName\":\"search_term_string\"}}],\"inLanguage\":\"de\"},{\"@type\":\"Organization\",\"@id\":\"https:\\\/\\\/kmblock.com\\\/de\\\/#organization\",\"name\":\"KM-Block\",\"url\":\"https:\\\/\\\/kmblock.com\\\/de\\\/\",\"logo\":{\"@type\":\"ImageObject\",\"inLanguage\":\"de\",\"@id\":\"https:\\\/\\\/kmblock.com\\\/de\\\/#\\\/schema\\\/logo\\\/image\\\/\",\"url\":\"https:\\\/\\\/kmblock.com\\\/wp-content\\\/uploads\\\/2024\\\/08\\\/main-logo.png\",\"contentUrl\":\"https:\\\/\\\/kmblock.com\\\/wp-content\\\/uploads\\\/2024\\\/08\\\/main-logo.png\",\"width\":186,\"height\":28,\"caption\":\"KM-Block\"},\"image\":{\"@id\":\"https:\\\/\\\/kmblock.com\\\/de\\\/#\\\/schema\\\/logo\\\/image\\\/\"}}]}<\/script>\n<!-- \/ Yoast SEO plugin. -->","yoast_head_json":{"title":"Bentley Flying Spur (2. Generation) Mileage Blocker (KM stopper) \u2192 KM Block","description":"Buy a Bentley Flying Spur (2. Generation) Mileage Blocker for the Best Prices \u2713 Free Shipping \u2713 Incl. Installation Guides","robots":{"index":"index","follow":"follow","max-snippet":"max-snippet:-1","max-image-preview":"max-image-preview:large","max-video-preview":"max-video-preview:-1"},"og_locale":"de_DE","og_type":"article","og_title":"Bentley Flying Spur (2. Generation) Mileage Blocker (KM stopper) \u2192 KM Block","og_description":"Buy a Bentley Flying Spur (2. Generation) Mileage Blocker for the Best Prices \u2713 Free Shipping \u2713 Incl. Installation Guides","og_url":"https:\/\/kmblock.com\/de\/product\/bentley-flying-spur-2-generation\/","og_site_name":"KM Block","og_image":[{"width":600,"height":600,"url":"https:\/\/kmblock.com\/wp-content\/uploads\/2024\/09\/Bentley-Flying-Spur-Odometer-Blocker-600x600-1.webp","type":"image\/webp"}],"twitter_card":"summary_large_image","twitter_misc":{"Gesch\u00e4tzte Lesezeit":"2\u00a0Minuten"},"schema":{"@context":"https:\/\/schema.org","@graph":[{"@type":"WebPage","@id":"https:\/\/kmblock.com\/de\/product\/bentley-flying-spur-2-generation\/","url":"https:\/\/kmblock.com\/de\/product\/bentley-flying-spur-2-generation\/","name":"Bentley Flying Spur (2. Generation) Mileage Blocker (KM stopper) \u2192 KM Block","isPartOf":{"@id":"https:\/\/kmblock.com\/de\/#website"},"primaryImageOfPage":{"@id":"https:\/\/kmblock.com\/de\/product\/bentley-flying-spur-2-generation\/#primaryimage"},"image":{"@id":"https:\/\/kmblock.com\/de\/product\/bentley-flying-spur-2-generation\/#primaryimage"},"thumbnailUrl":"https:\/\/kmblock.com\/wp-content\/uploads\/2024\/09\/Bentley-Flying-Spur-Odometer-Blocker-600x600-1.webp","datePublished":"2024-09-18T15:10:18+00:00","description":"Buy a Bentley Flying Spur (2. Generation) Mileage Blocker for the Best Prices \u2713 Free Shipping \u2713 Incl. Installation Guides","breadcrumb":{"@id":"https:\/\/kmblock.com\/de\/product\/bentley-flying-spur-2-generation\/#breadcrumb"},"inLanguage":"de","potentialAction":[{"@type":"ReadAction","target":["https:\/\/kmblock.com\/de\/product\/bentley-flying-spur-2-generation\/"]}]},{"@type":"ImageObject","inLanguage":"de","@id":"https:\/\/kmblock.com\/de\/product\/bentley-flying-spur-2-generation\/#primaryimage","url":"https:\/\/kmblock.com\/wp-content\/uploads\/2024\/09\/Bentley-Flying-Spur-Odometer-Blocker-600x600-1.webp","contentUrl":"https:\/\/kmblock.com\/wp-content\/uploads\/2024\/09\/Bentley-Flying-Spur-Odometer-Blocker-600x600-1.webp","width":600,"height":600,"caption":"Bentley-Flying-Spur"},{"@type":"BreadcrumbList","@id":"https:\/\/kmblock.com\/de\/product\/bentley-flying-spur-2-generation\/#breadcrumb","itemListElement":[{"@type":"ListItem","position":1,"name":"Startseite","item":"https:\/\/kmblock.com\/de\/"},{"@type":"ListItem","position":2,"name":"Produkte","item":"https:\/\/kmblock.com\/de\/shop\/"},{"@type":"ListItem","position":3,"name":"Bentley Flying Spur (2. Generation)"}]},{"@type":"WebSite","@id":"https:\/\/kmblock.com\/de\/#website","url":"https:\/\/kmblock.com\/de\/","name":"KM Block","description":"","publisher":{"@id":"https:\/\/kmblock.com\/de\/#organization"},"potentialAction":[{"@type":"SearchAction","target":{"@type":"EntryPoint","urlTemplate":"https:\/\/kmblock.com\/de\/?s={search_term_string}"},"query-input":{"@type":"PropertyValueSpecification","valueRequired":true,"valueName":"search_term_string"}}],"inLanguage":"de"},{"@type":"Organization","@id":"https:\/\/kmblock.com\/de\/#organization","name":"KM-Block","url":"https:\/\/kmblock.com\/de\/","logo":{"@type":"ImageObject","inLanguage":"de","@id":"https:\/\/kmblock.com\/de\/#\/schema\/logo\/image\/","url":"https:\/\/kmblock.com\/wp-content\/uploads\/2024\/08\/main-logo.png","contentUrl":"https:\/\/kmblock.com\/wp-content\/uploads\/2024\/08\/main-logo.png","width":186,"height":28,"caption":"KM-Block"},"image":{"@id":"https:\/\/kmblock.com\/de\/#\/schema\/logo\/image\/"}}]}},"_links":{"self":[{"href":"https:\/\/kmblock.com\/de\/wp-json\/wp\/v2\/product\/6914","targetHints":{"allow":["GET"]}}],"collection":[{"href":"https:\/\/kmblock.com\/de\/wp-json\/wp\/v2\/product"}],"about":[{"href":"https:\/\/kmblock.com\/de\/wp-json\/wp\/v2\/types\/product"}],"replies":[{"embeddable":true,"href":"https:\/\/kmblock.com\/de\/wp-json\/wp\/v2\/comments?post=6914"}],"wp:featuredmedia":[{"embeddable":true,"href":"https:\/\/kmblock.com\/de\/wp-json\/wp\/v2\/media\/701"}],"wp:attachment":[{"href":"https:\/\/kmblock.com\/de\/wp-json\/wp\/v2\/media?parent=6914"}],"wp:term":[{"taxonomy":"product_brand","embeddable":true,"href":"https:\/\/kmblock.com\/de\/wp-json\/wp\/v2\/product_brand?post=6914"},{"taxonomy":"product_cat","embeddable":true,"href":"https:\/\/kmblock.com\/de\/wp-json\/wp\/v2\/product_cat?post=6914"},{"taxonomy":"product_tag","embeddable":true,"href":"https:\/\/kmblock.com\/de\/wp-json\/wp\/v2\/product_tag?post=6914"}],"curies":[{"name":"wp","href":"https:\/\/api.w.org\/{rel}","templated":true}]}}