{"id":6888,"date":"2024-09-18T18:46:58","date_gmt":"2024-09-18T18:46:58","guid":{"rendered":"https:\/\/kmblock.com\/product\/bmw-2er-f44-g42-g87\/"},"modified":"2024-09-18T18:46:58","modified_gmt":"2024-09-18T18:46:58","slug":"bmw-2er-f44-g42-g87","status":"publish","type":"product","link":"https:\/\/kmblock.com\/de\/product\/bmw-2er-f44-g42-g87\/","title":{"rendered":"BMW 2ER F44\/G42\/G87"},"content":{"rendered":"<div class=\"flex max-w-full flex-col flex-grow\">\n<div class=\"min-h-[20px] text-message flex w-full flex-col items-end gap-2 whitespace-normal break-words [.text-message+&amp;]:mt-5\" dir=\"auto\" data-message-author-role=\"assistant\" data-message-id=\"486fbb14-d9b0-4abf-8aac-69dd9ef3f888\">\n<div class=\"flex w-full flex-col gap-1 empty:hidden first:pt-[3px]\">\n<div class=\"markdown prose w-full break-words dark:prose-invert dark\">\n<h3><strong>KILOMETERSTANDSBLOCKER F\u00dcR BMW 2ER F44\/G42\/G87<\/strong><\/h3>\n<p>Der BMW 2ER F44\/G42\/G87 Mileage Blocker, auch bekannt als Odometer Blocker, Odometer Stopper, Can Blocker, Mileage Stopper, Trip Odometer, Can Filter oder Mileage Correction Tool, wurde f\u00fcr BMW 2ER F44\/G42\/G87 Modelle ab 2019 entwickelt.<\/p>\n<h3><strong>SPEZIFIKATIONEN<\/strong><\/h3>\n<ul>\n<li><strong>Installation<\/strong>: Einfache DIY-Einrichtung mit hochwertigen Steckern und hitzebest\u00e4ndigen Kabeln; kein L\u00f6ten oder Schneiden von Kabeln erforderlich.<\/li>\n<li><strong>Modi<\/strong>: Es sind mehrere Modi verf\u00fcgbar, die jeweils unterschiedliche Funktionen erf\u00fcllen.<\/li>\n<li><strong>Kompatibilit\u00e4t<\/strong>: Funktioniert mit Fahrzeugen, die Software-Updates erhalten haben; Modus zwei erm\u00f6glicht die weitere Nutzung ohne die Notwendigkeit von Updates oder Umtausch.<\/li>\n<li><strong>Service-Anpassung<\/strong>: Automatische Anpassung an Serviceintervalle; kein \u00d6ffnen der ECUs erforderlich.<\/li>\n<li><strong>Kilometerstand<\/strong>: Nach dem Entfernen des Moduls erh\u00f6ht sich der Kilometerstand nicht spontan. Die Einstellungen werden ohne Einschr\u00e4nkung gespeichert. <\/li>\n<li><strong>Fehlerfreier Betrieb<\/strong>: Keine Fehlermeldungen im Zusammenhang mit dem Totwinkel-Assistenten oder dem Tempomat. Geschwindigkeitsanzeige und Assistenzsysteme funktionieren in bestimmten Modi korrekt. <\/li>\n<\/ul>\n<h3><strong>AKTIVIERUNG &amp; DEAKTIVIERUNG<\/strong><\/h3>\n<p>&#8220; Schalten Sie das Ger\u00e4t ein, indem Sie die Taste BC 10 Sekunden lang gedr\u00fcckt halten, bis alle Lichter auf dem Display aufleuchten.<\/p>\n<p><strong>Modus Gr\u00fcn:<\/strong> Original-Kilometerz\u00e4hler wieder original 100%. Alles funktioniert einwandfrei. <\/p>\n<p><strong>Modus Gelb:<\/strong> Die Kilometerz\u00e4hlung wird um 30% verlangsamt. Auf alle 100 km 30 km. Alles funktioniert gut.  <\/p>\n<p><strong>Modus Rot:<\/strong> Kilometerz\u00e4hler nicht mehr auf 0%. Die Geschwindigkeit funktioniert nicht.&#8220; <\/p>\n<h3><strong>SERVICE ANPASSUNG<\/strong><\/h3>\n<ul>\n<li>Der Mileage Blocker h\u00f6rt nicht nur auf, die Entfernung zu z\u00e4hlen, sondern passt auch das Serviceintervall automatisch an. Er z\u00e4hlt den Service weiter herunter, bis noch 30% verbleiben, und setzt dann auf 90% zur\u00fcck. Wenn zum Beispiel ein Service bei 30.000 km f\u00e4llig ist und Sie 1.000 km gefahren sind, wird die verbleibende Servicestrecke entsprechend angepasst.  <\/li>\n<\/ul>\n<h3><strong>PRODUKTINFORMATION<\/strong><\/h3>\n<p>Der BMW 2ER F44\/G42\/G87 Mileage Blocker hilft Ihnen, den Kilometerstand f\u00fcr Leistungstests zu stoppen und funktioniert mit Diesel-, Benzin-, Plug-in-Hybrid-Elektrofahrzeugen (PHEVs) und Elektroautos. Unser Modul wurde mit Pr\u00e4zision f\u00fcr jedes einzelne Modell entwickelt, um einen einwandfreien Betrieb zu gew\u00e4hrleisten. <\/p>\n<p><strong>Hinweis<\/strong>: Wir bieten keine Tools zur Kilometerkorrektur an, die darauf abzielen, durch das Zur\u00fcckdrehen von Kilometerst\u00e4nden zu t\u00e4uschen. Unser Schwerpunkt liegt auf Tests und Leistungsmanagement. <\/p>\n<p><strong>Installation<\/strong>: Schlie\u00dfen Sie das Modul zwischen dem Tachometeranschluss und dem Kombiinstrument an. F\u00fcr die detaillierte Installation lesen Sie bitte die mitgelieferte Anleitung. <\/p>\n<p>Der BMW 2ER F44\/G42\/G87 Mileage Blocker ist ein au\u00dfergew\u00f6hnliches Werkzeug f\u00fcr kontrollierte Leistungstests und stellt sicher, dass die Systeme Ihres Fahrzeugs funktionst\u00fcchtig bleiben, w\u00e4hrend Sie den Kilometerstand anpassen.<\/p>\n<\/div>\n<\/div>\n<\/div>\n<\/div>\n","protected":false},"excerpt":{"rendered":"<div class=\"flex-shrink-0 flex flex-col relative items-end\">\n<div class=\"pt-0\">\n<div class=\"gizmo-bot-avatar flex h-8 w-8 items-center justify-center overflow-hidden rounded-full\">\n<div class=\"relative p-1 rounded-sm flex items-center justify-center bg-token-main-surface-primary text-token-text-primary h-8 w-8\">\n<p><strong>WICHTIG: BITTE VOR DER BESTELLUNG SORGF\u00c4LTIG LESEN<\/strong><\/p>\n<p>Dieses Ger\u00e4t ist f\u00fcr alle BMW 2ER F44\/G42\/G87 Modelle ab 2019 geeignet. Geschwindigkeitsanzeige &amp; Hilfsprogramme: Funktioniert in bestimmten Modi. Keine Fehlermeldungen im Zusammenhang mit dem Totwinkel-Assistenten oder dem Ausfall des Tempomats. Einfache Do-it-yourself-Einrichtung. Hochwertige Stecker und hitzebest\u00e4ndige Kabel im Lieferumfang enthalten.    <\/p>\n<p class=\"p1\"><b> \u2705 Nahtlose Integration<\/b><b><\/b><\/p>\n<p class=\"p1\">\u2705<b> Einfache Installation<\/b><b><\/b><\/p>\n<p class=\"p1\">\u2705<b> Genaue Verwaltung des Kilometerstandes<\/b><b><\/b><\/p>\n<p class=\"p1\"><b> \u2705 Betrieb im Tarnkappenmodus<\/b><b><\/b><\/p>\n<p class=\"p1\"><span class=\"s1\">\u2705<\/span><b> Lebenslanger Support und Updates<\/b><\/p>\n<\/div>\n<\/div>\n<\/div>\n<\/div>\n","protected":false},"featured_media":715,"comment_status":"open","ping_status":"closed","template":"","meta":[],"product_brand":[],"product_cat":[709],"product_tag":[],"class_list":{"0":"post-6888","1":"product","2":"type-product","3":"status-publish","4":"has-post-thumbnail","6":"product_cat-bmw","8":"first","9":"instock","10":"taxable","11":"shipping-taxable","12":"purchasable","13":"product-type-variable"},"yoast_head":"<!-- This site is optimized with the Yoast SEO plugin v27.5 - https:\/\/yoast.com\/product\/yoast-seo-wordpress\/ -->\n<title>BMW 2ER F44\/G42\/G87 Mileage Blocker (KM stopper) \u2192 KM Block<\/title>\n<meta name=\"description\" content=\"Buy a BMW 2ER F44\/G42\/G87 Mileage Blocker for the Best Prices \u2713 Free Shipping \u2713 Incl. Installation Guides\" \/>\n<meta name=\"robots\" content=\"index, follow, max-snippet:-1, max-image-preview:large, max-video-preview:-1\" \/>\n<meta property=\"og:locale\" content=\"de_DE\" \/>\n<meta property=\"og:type\" content=\"article\" \/>\n<meta property=\"og:title\" content=\"BMW 2ER F44\/G42\/G87 Mileage Blocker (KM stopper) \u2192 KM Block\" \/>\n<meta property=\"og:description\" content=\"Buy a BMW 2ER F44\/G42\/G87 Mileage Blocker for the Best Prices \u2713 Free Shipping \u2713 Incl. Installation Guides\" \/>\n<meta property=\"og:url\" content=\"https:\/\/kmblock.com\/de\/product\/bmw-2er-f44-g42-g87\/\" \/>\n<meta property=\"og:site_name\" content=\"KM Block\" \/>\n<meta property=\"og:image\" content=\"https:\/\/kmblock.com\/wp-content\/uploads\/2024\/09\/BMW-2ER-F44G42G87.webp\" \/>\n\t<meta property=\"og:image:width\" content=\"600\" \/>\n\t<meta property=\"og:image:height\" content=\"600\" \/>\n\t<meta property=\"og:image:type\" content=\"image\/webp\" \/>\n<meta name=\"twitter:card\" content=\"summary_large_image\" \/>\n<meta name=\"twitter:label1\" content=\"Gesch\u00e4tzte Lesezeit\" \/>\n\t<meta name=\"twitter:data1\" content=\"2\u00a0Minuten\" \/>\n<script type=\"application\/ld+json\" class=\"yoast-schema-graph\">{\"@context\":\"https:\\\/\\\/schema.org\",\"@graph\":[{\"@type\":\"WebPage\",\"@id\":\"https:\\\/\\\/kmblock.com\\\/de\\\/product\\\/bmw-2er-f44-g42-g87\\\/\",\"url\":\"https:\\\/\\\/kmblock.com\\\/de\\\/product\\\/bmw-2er-f44-g42-g87\\\/\",\"name\":\"BMW 2ER F44\\\/G42\\\/G87 Mileage Blocker (KM stopper) \u2192 KM Block\",\"isPartOf\":{\"@id\":\"https:\\\/\\\/kmblock.com\\\/de\\\/#website\"},\"primaryImageOfPage\":{\"@id\":\"https:\\\/\\\/kmblock.com\\\/de\\\/product\\\/bmw-2er-f44-g42-g87\\\/#primaryimage\"},\"image\":{\"@id\":\"https:\\\/\\\/kmblock.com\\\/de\\\/product\\\/bmw-2er-f44-g42-g87\\\/#primaryimage\"},\"thumbnailUrl\":\"https:\\\/\\\/kmblock.com\\\/wp-content\\\/uploads\\\/2024\\\/09\\\/BMW-2ER-F44G42G87.webp\",\"datePublished\":\"2024-09-18T18:46:58+00:00\",\"description\":\"Buy a BMW 2ER F44\\\/G42\\\/G87 Mileage Blocker for the Best Prices \u2713 Free Shipping \u2713 Incl. Installation Guides\",\"breadcrumb\":{\"@id\":\"https:\\\/\\\/kmblock.com\\\/de\\\/product\\\/bmw-2er-f44-g42-g87\\\/#breadcrumb\"},\"inLanguage\":\"de\",\"potentialAction\":[{\"@type\":\"ReadAction\",\"target\":[\"https:\\\/\\\/kmblock.com\\\/de\\\/product\\\/bmw-2er-f44-g42-g87\\\/\"]}]},{\"@type\":\"ImageObject\",\"inLanguage\":\"de\",\"@id\":\"https:\\\/\\\/kmblock.com\\\/de\\\/product\\\/bmw-2er-f44-g42-g87\\\/#primaryimage\",\"url\":\"https:\\\/\\\/kmblock.com\\\/wp-content\\\/uploads\\\/2024\\\/09\\\/BMW-2ER-F44G42G87.webp\",\"contentUrl\":\"https:\\\/\\\/kmblock.com\\\/wp-content\\\/uploads\\\/2024\\\/09\\\/BMW-2ER-F44G42G87.webp\",\"width\":600,\"height\":600,\"caption\":\"BMW 2ER F44\\\/G42\\\/G87\"},{\"@type\":\"BreadcrumbList\",\"@id\":\"https:\\\/\\\/kmblock.com\\\/de\\\/product\\\/bmw-2er-f44-g42-g87\\\/#breadcrumb\",\"itemListElement\":[{\"@type\":\"ListItem\",\"position\":1,\"name\":\"Startseite\",\"item\":\"https:\\\/\\\/kmblock.com\\\/de\\\/\"},{\"@type\":\"ListItem\",\"position\":2,\"name\":\"Produkte\",\"item\":\"https:\\\/\\\/kmblock.com\\\/de\\\/shop\\\/\"},{\"@type\":\"ListItem\",\"position\":3,\"name\":\"BMW 2ER F44\\\/G42\\\/G87\"}]},{\"@type\":\"WebSite\",\"@id\":\"https:\\\/\\\/kmblock.com\\\/de\\\/#website\",\"url\":\"https:\\\/\\\/kmblock.com\\\/de\\\/\",\"name\":\"KM Block\",\"description\":\"\",\"publisher\":{\"@id\":\"https:\\\/\\\/kmblock.com\\\/de\\\/#organization\"},\"potentialAction\":[{\"@type\":\"SearchAction\",\"target\":{\"@type\":\"EntryPoint\",\"urlTemplate\":\"https:\\\/\\\/kmblock.com\\\/de\\\/?s={search_term_string}\"},\"query-input\":{\"@type\":\"PropertyValueSpecification\",\"valueRequired\":true,\"valueName\":\"search_term_string\"}}],\"inLanguage\":\"de\"},{\"@type\":\"Organization\",\"@id\":\"https:\\\/\\\/kmblock.com\\\/de\\\/#organization\",\"name\":\"KM-Block\",\"url\":\"https:\\\/\\\/kmblock.com\\\/de\\\/\",\"logo\":{\"@type\":\"ImageObject\",\"inLanguage\":\"de\",\"@id\":\"https:\\\/\\\/kmblock.com\\\/de\\\/#\\\/schema\\\/logo\\\/image\\\/\",\"url\":\"https:\\\/\\\/kmblock.com\\\/wp-content\\\/uploads\\\/2024\\\/08\\\/main-logo.png\",\"contentUrl\":\"https:\\\/\\\/kmblock.com\\\/wp-content\\\/uploads\\\/2024\\\/08\\\/main-logo.png\",\"width\":186,\"height\":28,\"caption\":\"KM-Block\"},\"image\":{\"@id\":\"https:\\\/\\\/kmblock.com\\\/de\\\/#\\\/schema\\\/logo\\\/image\\\/\"}}]}<\/script>\n<!-- \/ Yoast SEO plugin. -->","yoast_head_json":{"title":"BMW 2ER F44\/G42\/G87 Mileage Blocker (KM stopper) \u2192 KM Block","description":"Buy a BMW 2ER F44\/G42\/G87 Mileage Blocker for the Best Prices \u2713 Free Shipping \u2713 Incl. Installation Guides","robots":{"index":"index","follow":"follow","max-snippet":"max-snippet:-1","max-image-preview":"max-image-preview:large","max-video-preview":"max-video-preview:-1"},"og_locale":"de_DE","og_type":"article","og_title":"BMW 2ER F44\/G42\/G87 Mileage Blocker (KM stopper) \u2192 KM Block","og_description":"Buy a BMW 2ER F44\/G42\/G87 Mileage Blocker for the Best Prices \u2713 Free Shipping \u2713 Incl. Installation Guides","og_url":"https:\/\/kmblock.com\/de\/product\/bmw-2er-f44-g42-g87\/","og_site_name":"KM Block","og_image":[{"width":600,"height":600,"url":"https:\/\/kmblock.com\/wp-content\/uploads\/2024\/09\/BMW-2ER-F44G42G87.webp","type":"image\/webp"}],"twitter_card":"summary_large_image","twitter_misc":{"Gesch\u00e4tzte Lesezeit":"2\u00a0Minuten"},"schema":{"@context":"https:\/\/schema.org","@graph":[{"@type":"WebPage","@id":"https:\/\/kmblock.com\/de\/product\/bmw-2er-f44-g42-g87\/","url":"https:\/\/kmblock.com\/de\/product\/bmw-2er-f44-g42-g87\/","name":"BMW 2ER F44\/G42\/G87 Mileage Blocker (KM stopper) \u2192 KM Block","isPartOf":{"@id":"https:\/\/kmblock.com\/de\/#website"},"primaryImageOfPage":{"@id":"https:\/\/kmblock.com\/de\/product\/bmw-2er-f44-g42-g87\/#primaryimage"},"image":{"@id":"https:\/\/kmblock.com\/de\/product\/bmw-2er-f44-g42-g87\/#primaryimage"},"thumbnailUrl":"https:\/\/kmblock.com\/wp-content\/uploads\/2024\/09\/BMW-2ER-F44G42G87.webp","datePublished":"2024-09-18T18:46:58+00:00","description":"Buy a BMW 2ER F44\/G42\/G87 Mileage Blocker for the Best Prices \u2713 Free Shipping \u2713 Incl. Installation Guides","breadcrumb":{"@id":"https:\/\/kmblock.com\/de\/product\/bmw-2er-f44-g42-g87\/#breadcrumb"},"inLanguage":"de","potentialAction":[{"@type":"ReadAction","target":["https:\/\/kmblock.com\/de\/product\/bmw-2er-f44-g42-g87\/"]}]},{"@type":"ImageObject","inLanguage":"de","@id":"https:\/\/kmblock.com\/de\/product\/bmw-2er-f44-g42-g87\/#primaryimage","url":"https:\/\/kmblock.com\/wp-content\/uploads\/2024\/09\/BMW-2ER-F44G42G87.webp","contentUrl":"https:\/\/kmblock.com\/wp-content\/uploads\/2024\/09\/BMW-2ER-F44G42G87.webp","width":600,"height":600,"caption":"BMW 2ER F44\/G42\/G87"},{"@type":"BreadcrumbList","@id":"https:\/\/kmblock.com\/de\/product\/bmw-2er-f44-g42-g87\/#breadcrumb","itemListElement":[{"@type":"ListItem","position":1,"name":"Startseite","item":"https:\/\/kmblock.com\/de\/"},{"@type":"ListItem","position":2,"name":"Produkte","item":"https:\/\/kmblock.com\/de\/shop\/"},{"@type":"ListItem","position":3,"name":"BMW 2ER F44\/G42\/G87"}]},{"@type":"WebSite","@id":"https:\/\/kmblock.com\/de\/#website","url":"https:\/\/kmblock.com\/de\/","name":"KM Block","description":"","publisher":{"@id":"https:\/\/kmblock.com\/de\/#organization"},"potentialAction":[{"@type":"SearchAction","target":{"@type":"EntryPoint","urlTemplate":"https:\/\/kmblock.com\/de\/?s={search_term_string}"},"query-input":{"@type":"PropertyValueSpecification","valueRequired":true,"valueName":"search_term_string"}}],"inLanguage":"de"},{"@type":"Organization","@id":"https:\/\/kmblock.com\/de\/#organization","name":"KM-Block","url":"https:\/\/kmblock.com\/de\/","logo":{"@type":"ImageObject","inLanguage":"de","@id":"https:\/\/kmblock.com\/de\/#\/schema\/logo\/image\/","url":"https:\/\/kmblock.com\/wp-content\/uploads\/2024\/08\/main-logo.png","contentUrl":"https:\/\/kmblock.com\/wp-content\/uploads\/2024\/08\/main-logo.png","width":186,"height":28,"caption":"KM-Block"},"image":{"@id":"https:\/\/kmblock.com\/de\/#\/schema\/logo\/image\/"}}]}},"_links":{"self":[{"href":"https:\/\/kmblock.com\/de\/wp-json\/wp\/v2\/product\/6888","targetHints":{"allow":["GET"]}}],"collection":[{"href":"https:\/\/kmblock.com\/de\/wp-json\/wp\/v2\/product"}],"about":[{"href":"https:\/\/kmblock.com\/de\/wp-json\/wp\/v2\/types\/product"}],"replies":[{"embeddable":true,"href":"https:\/\/kmblock.com\/de\/wp-json\/wp\/v2\/comments?post=6888"}],"wp:featuredmedia":[{"embeddable":true,"href":"https:\/\/kmblock.com\/de\/wp-json\/wp\/v2\/media\/715"}],"wp:attachment":[{"href":"https:\/\/kmblock.com\/de\/wp-json\/wp\/v2\/media?parent=6888"}],"wp:term":[{"taxonomy":"product_brand","embeddable":true,"href":"https:\/\/kmblock.com\/de\/wp-json\/wp\/v2\/product_brand?post=6888"},{"taxonomy":"product_cat","embeddable":true,"href":"https:\/\/kmblock.com\/de\/wp-json\/wp\/v2\/product_cat?post=6888"},{"taxonomy":"product_tag","embeddable":true,"href":"https:\/\/kmblock.com\/de\/wp-json\/wp\/v2\/product_tag?post=6888"}],"curies":[{"name":"wp","href":"https:\/\/api.w.org\/{rel}","templated":true}]}}