{"id":6851,"date":"2024-09-18T18:15:37","date_gmt":"2024-09-18T18:15:37","guid":{"rendered":"https:\/\/kmblock.com\/product\/bmw-1er-f20-f21\/"},"modified":"2024-09-18T18:15:37","modified_gmt":"2024-09-18T18:15:37","slug":"bmw-1er-f20-f21","status":"publish","type":"product","link":"https:\/\/kmblock.com\/de\/product\/bmw-1er-f20-f21\/","title":{"rendered":"BMW 1ER F20\/F21"},"content":{"rendered":"<h3><strong>KILOMETERSTANDSBLOCKER F\u00dcR BMW 1ER F20\/F21<\/strong><\/h3>\n<p>Der BMW 1ER F20\/F21 Mileage Blocker, der auch als Odometer Blocker, Odometer Stopper, Can Blocker, Mileage Stopper, Trip Odometer oder Can Filter bezeichnet wird, wurde entwickelt, um die Aufzeichnung des Kilometerstandes in Ihrem Fahrzeug zu stoppen und gleichzeitig die Leistung zu testen. Dieses Tool ist mit allen BMW 1ER F20\/F21 Modellen kompatibel, die zwischen 2011 und 2019 hergestellt wurden. <\/p>\n<h3><strong>SPEZIFIKATIONEN<\/strong><\/h3>\n<ul>\n<li><strong>DIY-Installation<\/strong>: Keine professionelle Hilfe erforderlich.<\/li>\n<li><strong>Mehrere Modi<\/strong>: Bietet verschiedene Modi f\u00fcr unterschiedliche Bed\u00fcrfnisse.<\/li>\n<li><strong>Unbedingte Einstellungen<\/strong>: Die Einstellungen werden nach der Auswahl dauerhaft gespeichert.<\/li>\n<li><strong>Keine Erh\u00f6hung des Kilometerstandes nach der Entfernung<\/strong>: Der Kilometerz\u00e4hler zeigt nach dem Ausbau keinen zus\u00e4tzlichen Kilometerstand an.<\/li>\n<li><strong>Kein L\u00f6ten oder Schneiden erforderlich<\/strong>: Einfache Installation, ohne dass die Fahrzeugverkabelung ge\u00e4ndert werden muss.<\/li>\n<li><strong>Kein Zugang zur ECU erforderlich<\/strong>: Sie m\u00fcssen die Motorsteuerger\u00e4te nicht \u00f6ffnen.<\/li>\n<li><strong>Hochwertige Komponenten<\/strong>: Lieferung mit hochwertigen Steckern und hitzebest\u00e4ndigen Kabeln.<\/li>\n<li><strong>Automatische Serviceanpassung<\/strong>: Das Ger\u00e4t passt die Wartungsintervalle automatisch an.<\/li>\n<li><strong>Tastenkombinationsbetrieb<\/strong>: Einfaches Umschalten zwischen den Modi durch bestimmte Tastenkombinationen.<\/li>\n<li><strong>Tachometer und Assistenzsysteme funktionieren einwandfrei<\/strong>: Die Systeme funktionieren in bestimmten Modi einwandfrei.<\/li>\n<li><strong>Keine Fehlermeldungen<\/strong>: Tachometer und Navigationsanzeige bleiben fehlerfrei.<\/li>\n<li><strong>Reibungslose Installation<\/strong>: Die Steckfl\u00e4che und die Rillen am Stecker sorgen f\u00fcr eine problemlose Installation.<\/li>\n<li><strong>Kompatibel mit Software-Updates<\/strong>: Nach einem Software-Update kann Modus zwei aktiviert werden, ohne dass das Modul ausgetauscht oder aktualisiert werden muss.<\/li>\n<li><strong>Keine Fehler des Totwinkel-Assistenten oder des Geschwindigkeitsreglers<\/strong>: Keine Fehlfunktionen der Assistenzsysteme.<\/li>\n<\/ul>\n<p>Bei Modi, die den Kilometerstand vollst\u00e4ndig ver\u00e4ndern, ist eine Abweichung von bis zu 1% der gefahrenen Strecke zu erwarten, und die Angaben zum gestoppten Kilometerstand sind N\u00e4herungswerte.<\/p>\n<h3><strong>SERVICE ANPASSUNG<\/strong><\/h3>\n<p>Der Kilometerstopper verhindert nicht nur die Aufzeichnung von Kilometern, sondern passt auch automatisch das Serviceintervall an. W\u00e4hrend der Service-Countdown weiterl\u00e4uft, bis noch 30 % \u00fcbrig sind, springt er auf 90 % zur\u00fcck, wenn der Kilometer-Stopper aktiv ist. Dadurch wird sichergestellt, dass das Serviceintervall nicht vorzeitig den Kilometerstand aufzeichnet, w\u00e4hrend das Ger\u00e4t in Gebrauch ist.  <\/p>\n<h3><strong>AKTIVIERUNG &amp; DEAKTIVIERUNG<\/strong><\/h3>\n<p>&#8220; Aktivieren durch Dr\u00fccken von *BC mit Modus *.<br \/>\n<strong>Modus 1:<\/strong> 1 Blinken nach links 30 Prozent<\/p>\n<p><strong>Modus 2:<\/strong> 2 Blinksignale nach links 0 Prozent (keine Geschwindigkeit)<\/p>\n<p><strong>Modus 3:<\/strong> 3 Blinksignale nach links 0 Prozent ( Geschwindigkeit, funktioniert nur ohne Update)<\/p>\n<p><strong>Modus 4:<\/strong> 1 Blinken nach rechts 100 Prozent&#8220;<\/p>\n<h3><strong>Was ist der BMW 1er F20\/F21 Kilometerz\u00e4hler-Blocker oder Kilometerstandskorrektur-Tool?<\/strong><\/h3>\n<p>Der BMW 1ER F20\/F21 Mileage Blocker verhindert, dass der Kilometerz\u00e4hler beim Testen der Fahrzeugleistung Meilen z\u00e4hlt. Er ist so konzipiert, dass er sowohl mit Meilen als auch mit Kilometern auf dem Kilometerz\u00e4hler funktioniert. Dieses Tool funktioniert bei Benzin- und Dieselmotoren, Plug-in-Hybrid-Elektrofahrzeugen (PHEVs) und Elektrofahrzeugen.  <\/p>\n<p>Bitte beachten Sie: <strong>Wir verkaufen keine Tools zur Kilometerkorrektur<\/strong>, da diese f\u00fcr betr\u00fcgerische Zwecke wie das Zur\u00fcckspulen oder Zur\u00fcckdrehen des Kilometerz\u00e4hlers gedacht sind. Die Fahrzeuge verf\u00fcgen \u00fcber mehrere Datenspeicher, und Rollback-Tools k\u00f6nnen den Kilometerstand nicht vollst\u00e4ndig zur\u00fccksetzen. <\/p>\n<h3><strong>Installation und Verwendung<\/strong><\/h3>\n<p>Das Mileage Stopper Modul ist einfach zu installieren, indem Sie es zwischen Tachometer und Kombiinstrument anschlie\u00dfen. Vorgegebene Tastenkombinationen erm\u00f6glichen es Ihnen, m\u00fchelos zwischen den Modi zu wechseln. <\/p>\n<p>Mit dem BMW 1ER F20\/F21 Mileage Blocker k\u00f6nnen Sie die Leistung Ihres Fahrzeugs in einer kontrollierten Umgebung testen. Er ist ein wertvolles Werkzeug f\u00fcr Tests und Tuning, das genaue Serviceintervalle und eine einwandfreie Leistung unter verschiedenen Fahrbedingungen gew\u00e4hrleistet. <\/p>\n<hr>\n<p><strong>Warnung<\/strong>: Der Kilometerstopper ist ausschlie\u00dflich f\u00fcr Test- und Tuningzwecke gedacht, nicht f\u00fcr die Verwendung auf \u00f6ffentlichen Stra\u00dfen. Er sollte nicht verwendet werden, um den Kilometerstand zu betr\u00fcgerischen Zwecken zu manipulieren. <\/p>\n","protected":false},"excerpt":{"rendered":"<div class=\"flex-shrink-0 flex flex-col relative items-end\">\n<div class=\"pt-0\">\n<div class=\"gizmo-bot-avatar flex h-8 w-8 items-center justify-center overflow-hidden rounded-full\">\n<div class=\"relative p-1 rounded-sm flex items-center justify-center bg-token-main-surface-primary text-token-text-primary h-8 w-8\">\n<p><strong>Bevor Sie bestellen, lesen Sie bitte sorgf\u00e4ltig die folgenden Details zur Aktivierung des Moduls und wichtige Hinweise zu Fehlermeldungen und Funktionen:<\/strong><\/p>\n<p><strong>KOMPATIBILIT\u00c4T: Dieses Ger\u00e4t ist f\u00fcr alle BMW 1ER F20\/F21 Modelle geeignet, die zwischen 2011 und 2019 erschienen sind.  <\/strong>Geschwindigkeitsanzeige &amp; Hilfsprogramme: Diese Systeme funktionieren in bestimmten Modi nahtlos. Toter-Winkel-Assistent und Tempomat zeigen keine Fehlermeldungen an. Einfacher Einbau ohne professionelle Hilfe. Wird mit hochwertigen Steckern und hitzebest\u00e4ndigen Kabeln geliefert.   <\/p>\n<p class=\"p1\"><b> \u2705 Nahtlose Integration<\/b><b><\/b><\/p>\n<p class=\"p1\">\u2705<b> Einfache Installation<\/b><b><\/b><\/p>\n<p class=\"p1\">\u2705<b> Genaue Verwaltung des Kilometerstandes<\/b><b><\/b><\/p>\n<p class=\"p1\"><b> \u2705 Betrieb im Tarnkappenmodus<\/b><b><\/b><\/p>\n<p class=\"p1\"><span class=\"s1\">\u2705<\/span><b> Lebenslanger Support und Updates<\/b><\/p>\n<\/div>\n<\/div>\n<\/div>\n<\/div>\n","protected":false},"featured_media":709,"comment_status":"open","ping_status":"closed","template":"","meta":[],"product_brand":[],"product_cat":[709],"product_tag":[],"class_list":{"0":"post-6851","1":"product","2":"type-product","3":"status-publish","4":"has-post-thumbnail","6":"product_cat-bmw","8":"first","9":"instock","10":"taxable","11":"shipping-taxable","12":"purchasable","13":"product-type-variable"},"yoast_head":"<!-- This site is optimized with the Yoast SEO plugin v27.5 - https:\/\/yoast.com\/product\/yoast-seo-wordpress\/ -->\n<title>BMW 1ER F20\/F21 Mileage Blocker (KM stopper) \u2192 KM Block<\/title>\n<meta name=\"description\" content=\"Buy a BMW 1ER F20\/F21 Mileage Blocker for the Best Prices \u2713 Free Shipping \u2713 Incl. Installation Guides\" \/>\n<meta name=\"robots\" content=\"index, follow, max-snippet:-1, max-image-preview:large, max-video-preview:-1\" \/>\n<meta property=\"og:locale\" content=\"de_DE\" \/>\n<meta property=\"og:type\" content=\"article\" \/>\n<meta property=\"og:title\" content=\"BMW 1ER F20\/F21 Mileage Blocker (KM stopper) \u2192 KM Block\" \/>\n<meta property=\"og:description\" content=\"Buy a BMW 1ER F20\/F21 Mileage Blocker for the Best Prices \u2713 Free Shipping \u2713 Incl. Installation Guides\" \/>\n<meta property=\"og:url\" content=\"https:\/\/kmblock.com\/de\/product\/bmw-1er-f20-f21\/\" \/>\n<meta property=\"og:site_name\" content=\"KM Block\" \/>\n<meta property=\"og:image\" content=\"https:\/\/kmblock.com\/wp-content\/uploads\/2024\/09\/BMW-1ER-F20F21.jpg\" \/>\n\t<meta property=\"og:image:width\" content=\"800\" \/>\n\t<meta property=\"og:image:height\" content=\"800\" \/>\n\t<meta property=\"og:image:type\" content=\"image\/jpeg\" \/>\n<meta name=\"twitter:card\" content=\"summary_large_image\" \/>\n<meta name=\"twitter:label1\" content=\"Gesch\u00e4tzte Lesezeit\" \/>\n\t<meta name=\"twitter:data1\" content=\"3\u00a0Minuten\" \/>\n<script type=\"application\/ld+json\" class=\"yoast-schema-graph\">{\"@context\":\"https:\\\/\\\/schema.org\",\"@graph\":[{\"@type\":\"WebPage\",\"@id\":\"https:\\\/\\\/kmblock.com\\\/de\\\/product\\\/bmw-1er-f20-f21\\\/\",\"url\":\"https:\\\/\\\/kmblock.com\\\/de\\\/product\\\/bmw-1er-f20-f21\\\/\",\"name\":\"BMW 1ER F20\\\/F21 Mileage Blocker (KM stopper) \u2192 KM Block\",\"isPartOf\":{\"@id\":\"https:\\\/\\\/kmblock.com\\\/de\\\/#website\"},\"primaryImageOfPage\":{\"@id\":\"https:\\\/\\\/kmblock.com\\\/de\\\/product\\\/bmw-1er-f20-f21\\\/#primaryimage\"},\"image\":{\"@id\":\"https:\\\/\\\/kmblock.com\\\/de\\\/product\\\/bmw-1er-f20-f21\\\/#primaryimage\"},\"thumbnailUrl\":\"https:\\\/\\\/kmblock.com\\\/wp-content\\\/uploads\\\/2024\\\/09\\\/BMW-1ER-F20F21.jpg\",\"datePublished\":\"2024-09-18T18:15:37+00:00\",\"description\":\"Buy a BMW 1ER F20\\\/F21 Mileage Blocker for the Best Prices \u2713 Free Shipping \u2713 Incl. Installation Guides\",\"breadcrumb\":{\"@id\":\"https:\\\/\\\/kmblock.com\\\/de\\\/product\\\/bmw-1er-f20-f21\\\/#breadcrumb\"},\"inLanguage\":\"de\",\"potentialAction\":[{\"@type\":\"ReadAction\",\"target\":[\"https:\\\/\\\/kmblock.com\\\/de\\\/product\\\/bmw-1er-f20-f21\\\/\"]}]},{\"@type\":\"ImageObject\",\"inLanguage\":\"de\",\"@id\":\"https:\\\/\\\/kmblock.com\\\/de\\\/product\\\/bmw-1er-f20-f21\\\/#primaryimage\",\"url\":\"https:\\\/\\\/kmblock.com\\\/wp-content\\\/uploads\\\/2024\\\/09\\\/BMW-1ER-F20F21.jpg\",\"contentUrl\":\"https:\\\/\\\/kmblock.com\\\/wp-content\\\/uploads\\\/2024\\\/09\\\/BMW-1ER-F20F21.jpg\",\"width\":800,\"height\":800,\"caption\":\"BMW 1ER F20\\\/F21\"},{\"@type\":\"BreadcrumbList\",\"@id\":\"https:\\\/\\\/kmblock.com\\\/de\\\/product\\\/bmw-1er-f20-f21\\\/#breadcrumb\",\"itemListElement\":[{\"@type\":\"ListItem\",\"position\":1,\"name\":\"Startseite\",\"item\":\"https:\\\/\\\/kmblock.com\\\/de\\\/\"},{\"@type\":\"ListItem\",\"position\":2,\"name\":\"Produkte\",\"item\":\"https:\\\/\\\/kmblock.com\\\/de\\\/shop\\\/\"},{\"@type\":\"ListItem\",\"position\":3,\"name\":\"BMW 1ER F20\\\/F21\"}]},{\"@type\":\"WebSite\",\"@id\":\"https:\\\/\\\/kmblock.com\\\/de\\\/#website\",\"url\":\"https:\\\/\\\/kmblock.com\\\/de\\\/\",\"name\":\"KM Block\",\"description\":\"\",\"publisher\":{\"@id\":\"https:\\\/\\\/kmblock.com\\\/de\\\/#organization\"},\"potentialAction\":[{\"@type\":\"SearchAction\",\"target\":{\"@type\":\"EntryPoint\",\"urlTemplate\":\"https:\\\/\\\/kmblock.com\\\/de\\\/?s={search_term_string}\"},\"query-input\":{\"@type\":\"PropertyValueSpecification\",\"valueRequired\":true,\"valueName\":\"search_term_string\"}}],\"inLanguage\":\"de\"},{\"@type\":\"Organization\",\"@id\":\"https:\\\/\\\/kmblock.com\\\/de\\\/#organization\",\"name\":\"KM-Block\",\"url\":\"https:\\\/\\\/kmblock.com\\\/de\\\/\",\"logo\":{\"@type\":\"ImageObject\",\"inLanguage\":\"de\",\"@id\":\"https:\\\/\\\/kmblock.com\\\/de\\\/#\\\/schema\\\/logo\\\/image\\\/\",\"url\":\"https:\\\/\\\/kmblock.com\\\/wp-content\\\/uploads\\\/2024\\\/08\\\/main-logo.png\",\"contentUrl\":\"https:\\\/\\\/kmblock.com\\\/wp-content\\\/uploads\\\/2024\\\/08\\\/main-logo.png\",\"width\":186,\"height\":28,\"caption\":\"KM-Block\"},\"image\":{\"@id\":\"https:\\\/\\\/kmblock.com\\\/de\\\/#\\\/schema\\\/logo\\\/image\\\/\"}}]}<\/script>\n<!-- \/ Yoast SEO plugin. -->","yoast_head_json":{"title":"BMW 1ER F20\/F21 Mileage Blocker (KM stopper) \u2192 KM Block","description":"Buy a BMW 1ER F20\/F21 Mileage Blocker for the Best Prices \u2713 Free Shipping \u2713 Incl. Installation Guides","robots":{"index":"index","follow":"follow","max-snippet":"max-snippet:-1","max-image-preview":"max-image-preview:large","max-video-preview":"max-video-preview:-1"},"og_locale":"de_DE","og_type":"article","og_title":"BMW 1ER F20\/F21 Mileage Blocker (KM stopper) \u2192 KM Block","og_description":"Buy a BMW 1ER F20\/F21 Mileage Blocker for the Best Prices \u2713 Free Shipping \u2713 Incl. Installation Guides","og_url":"https:\/\/kmblock.com\/de\/product\/bmw-1er-f20-f21\/","og_site_name":"KM Block","og_image":[{"width":800,"height":800,"url":"https:\/\/kmblock.com\/wp-content\/uploads\/2024\/09\/BMW-1ER-F20F21.jpg","type":"image\/jpeg"}],"twitter_card":"summary_large_image","twitter_misc":{"Gesch\u00e4tzte Lesezeit":"3\u00a0Minuten"},"schema":{"@context":"https:\/\/schema.org","@graph":[{"@type":"WebPage","@id":"https:\/\/kmblock.com\/de\/product\/bmw-1er-f20-f21\/","url":"https:\/\/kmblock.com\/de\/product\/bmw-1er-f20-f21\/","name":"BMW 1ER F20\/F21 Mileage Blocker (KM stopper) \u2192 KM Block","isPartOf":{"@id":"https:\/\/kmblock.com\/de\/#website"},"primaryImageOfPage":{"@id":"https:\/\/kmblock.com\/de\/product\/bmw-1er-f20-f21\/#primaryimage"},"image":{"@id":"https:\/\/kmblock.com\/de\/product\/bmw-1er-f20-f21\/#primaryimage"},"thumbnailUrl":"https:\/\/kmblock.com\/wp-content\/uploads\/2024\/09\/BMW-1ER-F20F21.jpg","datePublished":"2024-09-18T18:15:37+00:00","description":"Buy a BMW 1ER F20\/F21 Mileage Blocker for the Best Prices \u2713 Free Shipping \u2713 Incl. Installation Guides","breadcrumb":{"@id":"https:\/\/kmblock.com\/de\/product\/bmw-1er-f20-f21\/#breadcrumb"},"inLanguage":"de","potentialAction":[{"@type":"ReadAction","target":["https:\/\/kmblock.com\/de\/product\/bmw-1er-f20-f21\/"]}]},{"@type":"ImageObject","inLanguage":"de","@id":"https:\/\/kmblock.com\/de\/product\/bmw-1er-f20-f21\/#primaryimage","url":"https:\/\/kmblock.com\/wp-content\/uploads\/2024\/09\/BMW-1ER-F20F21.jpg","contentUrl":"https:\/\/kmblock.com\/wp-content\/uploads\/2024\/09\/BMW-1ER-F20F21.jpg","width":800,"height":800,"caption":"BMW 1ER F20\/F21"},{"@type":"BreadcrumbList","@id":"https:\/\/kmblock.com\/de\/product\/bmw-1er-f20-f21\/#breadcrumb","itemListElement":[{"@type":"ListItem","position":1,"name":"Startseite","item":"https:\/\/kmblock.com\/de\/"},{"@type":"ListItem","position":2,"name":"Produkte","item":"https:\/\/kmblock.com\/de\/shop\/"},{"@type":"ListItem","position":3,"name":"BMW 1ER F20\/F21"}]},{"@type":"WebSite","@id":"https:\/\/kmblock.com\/de\/#website","url":"https:\/\/kmblock.com\/de\/","name":"KM Block","description":"","publisher":{"@id":"https:\/\/kmblock.com\/de\/#organization"},"potentialAction":[{"@type":"SearchAction","target":{"@type":"EntryPoint","urlTemplate":"https:\/\/kmblock.com\/de\/?s={search_term_string}"},"query-input":{"@type":"PropertyValueSpecification","valueRequired":true,"valueName":"search_term_string"}}],"inLanguage":"de"},{"@type":"Organization","@id":"https:\/\/kmblock.com\/de\/#organization","name":"KM-Block","url":"https:\/\/kmblock.com\/de\/","logo":{"@type":"ImageObject","inLanguage":"de","@id":"https:\/\/kmblock.com\/de\/#\/schema\/logo\/image\/","url":"https:\/\/kmblock.com\/wp-content\/uploads\/2024\/08\/main-logo.png","contentUrl":"https:\/\/kmblock.com\/wp-content\/uploads\/2024\/08\/main-logo.png","width":186,"height":28,"caption":"KM-Block"},"image":{"@id":"https:\/\/kmblock.com\/de\/#\/schema\/logo\/image\/"}}]}},"_links":{"self":[{"href":"https:\/\/kmblock.com\/de\/wp-json\/wp\/v2\/product\/6851","targetHints":{"allow":["GET"]}}],"collection":[{"href":"https:\/\/kmblock.com\/de\/wp-json\/wp\/v2\/product"}],"about":[{"href":"https:\/\/kmblock.com\/de\/wp-json\/wp\/v2\/types\/product"}],"replies":[{"embeddable":true,"href":"https:\/\/kmblock.com\/de\/wp-json\/wp\/v2\/comments?post=6851"}],"wp:featuredmedia":[{"embeddable":true,"href":"https:\/\/kmblock.com\/de\/wp-json\/wp\/v2\/media\/709"}],"wp:attachment":[{"href":"https:\/\/kmblock.com\/de\/wp-json\/wp\/v2\/media?parent=6851"}],"wp:term":[{"taxonomy":"product_brand","embeddable":true,"href":"https:\/\/kmblock.com\/de\/wp-json\/wp\/v2\/product_brand?post=6851"},{"taxonomy":"product_cat","embeddable":true,"href":"https:\/\/kmblock.com\/de\/wp-json\/wp\/v2\/product_cat?post=6851"},{"taxonomy":"product_tag","embeddable":true,"href":"https:\/\/kmblock.com\/de\/wp-json\/wp\/v2\/product_tag?post=6851"}],"curies":[{"name":"wp","href":"https:\/\/api.w.org\/{rel}","templated":true}]}}