{"id":6828,"date":"2025-01-01T18:34:40","date_gmt":"2025-01-01T18:34:40","guid":{"rendered":"https:\/\/kmblock.com\/product\/bmw-1er-f40\/"},"modified":"2025-01-01T18:34:40","modified_gmt":"2025-01-01T18:34:40","slug":"bmw-1er-f40","status":"publish","type":"product","link":"https:\/\/kmblock.com\/de\/product\/bmw-1er-f40\/","title":{"rendered":"BMW 1ER F40"},"content":{"rendered":"<h3><strong>KILOMETERSTANDSBLOCKER F\u00dcR BMW 1ER F40<\/strong><\/h3>\n<p>Der <strong>BMW 1ER F40 Mileage Blocker<\/strong>, manchmal auch als Odometer Blocker, Odometer Stopper, Can Blocker, Mileage Stopper, Trip Odometer oder Can Filter bezeichnet, ist ein Werkzeug, das die Aufzeichnung des Kilometerstandes w\u00e4hrend der Fahrzeugpr\u00fcfung verhindert.<\/p>\n<p><strong>KOMPATIBILIT\u00c4T<\/strong><br \/>\nDieses Ger\u00e4t ist f\u00fcr alle BMW 1ER F40 Modelle ab 2019 geeignet.<\/p>\n<hr>\n<h3><strong>SPEZIFIKATIONEN<\/strong><\/h3>\n<ul>\n<li><strong>DIY-Installation<\/strong>: Einfach ohne professionelle Hilfe zu installieren.<\/li>\n<li><strong>Hochwertige Materialien<\/strong>: Qualitativ hochwertige Stecker und hitzebest\u00e4ndige Kabel.<\/li>\n<li><strong>Keine Modifikationen erforderlich<\/strong>: Kein L\u00f6ten, Schneiden von Kabeln oder \u00d6ffnen von ECUs.<\/li>\n<li><strong>Mehrere Modi<\/strong>: Wechseln Sie mit Tastenkombinationen zwischen verschiedenen Modi.<\/li>\n<li><strong>Software-Updates<\/strong>: Kein Austausch oder Updates nach Software-Updates erforderlich, aktivieren Sie einfach Modus zwei.<\/li>\n<li><strong>Sichere Einstellungen<\/strong>: Die Einstellungen werden nach der Auswahl dauerhaft gespeichert.<\/li>\n<li><strong>Keine spontane Erh\u00f6hung des Kilometerstandes<\/strong>: Der Kilometerstand erh\u00f6ht sich nicht, nachdem das Modul entfernt wurde.<\/li>\n<li><strong>Volle Funktionalit\u00e4t<\/strong>: Geschwindigkeitsanzeige und Assistenzsysteme funktionieren in ausgew\u00e4hlten Modi.<\/li>\n<li><strong>Keine Fehlermeldungen<\/strong>: Keine Fehler auf dem Tachometer, der Navigation, dem Totwinkel-Assistenten oder dem Tempomat.<\/li>\n<li><strong>Reibungslose Installation<\/strong>: Die Passfl\u00e4che und die Rillen am Stecker sorgen f\u00fcr eine einfache Installation.<\/li>\n<li><strong>Service-Anpassung<\/strong>: Automatische Anpassung der Wartungsintervalle.<\/li>\n<\/ul>\n<h3><strong>SERVICE ANPASSUNG<\/strong><\/h3>\n<p>Der Kilometerstopper stoppt die Aufzeichnung des Kilometerstands in allen Speichern und passt das Serviceintervall automatisch an. Der Servicez\u00e4hler bleibt aktiv, bis noch 30% verbleiben, und wird dann automatisch auf 90% zur\u00fcckgesetzt, sobald der Kilometer-Stopper aktiviert wird. Bei einem Fahrzeug mit einem Serviceintervall von 30.000 km entsprechen 30% Restkilometer beispielsweise 9.000 km. Das System setzt die verbleibende Strecke auf 27.000 km (90%) zur\u00fcck.   <\/p>\n<h3><strong>AKTIVIERUNG &amp; DEAKTIVIERUNG<\/strong><\/h3>\n<p>&#8220; Schalten Sie das Ger\u00e4t ein, indem Sie die Taste BC 10 Sekunden lang gedr\u00fcckt halten, bis alle Lichter auf dem Display aufleuchten.<\/p>\n<p><strong>Modus Gr\u00fcn:<\/strong> Original-Kilometerz\u00e4hler wieder original 100%. Alles funktioniert einwandfrei. <\/p>\n<p><strong>Modus Gelb:<\/strong> Die Kilometerz\u00e4hlung wird um 30% verlangsamt. Auf alle 100 km 30 km. Alles funktioniert gut.  <\/p>\n<p><strong>Modus Rot:<\/strong> Kilometerz\u00e4hler nicht mehr auf 0%. Die Geschwindigkeit funktioniert nicht.&#8220; <\/p>\n<hr>\n<h3><strong>Was ist der BMW 1er F40 Kilometerz\u00e4hler-Blocker oder Kilometerstandskorrektur-Tool?<\/strong><\/h3>\n<p>Der <strong>BMW 1er F40 Mileage Blocker<\/strong> wird verwendet, um die Aufzeichnung des Kilometerstandes bei Leistungstests zu stoppen. Er funktioniert perfekt bei Diesel-, Benzin-, Hybrid- und Elektromotoren, unabh\u00e4ngig davon, ob Ihr Kilometerz\u00e4hler in Meilen oder Kilometern misst. <\/p>\n<p>Im Gegensatz zu Tools zur Korrektur des Kilometerstands, die den Kilometerz\u00e4hler zu betr\u00fcgerischen Zwecken manipulieren, wurde dieser Mileage Blocker f\u00fcr legitime Leistungstests entwickelt. Korrekturger\u00e4te k\u00f6nnen den Kilometerstand aufgrund der vielen Datenspeicher in modernen Fahrzeugen nicht vollst\u00e4ndig umkehren. Unser Ger\u00e4t gew\u00e4hrleistet genaue Tests und ist f\u00fcr kontrollierte Umgebungen gedacht, nicht f\u00fcr \u00f6ffentliche Stra\u00dfen.  <\/p>\n<p>Die Installation ist unkompliziert und erfordert keine besonderen Kenntnisse. Schlie\u00dfen Sie es einfach zwischen dem Tachoanschluss und dem Kombiinstrument an, und genie\u00dfen Sie die Vorteile dieses zuverl\u00e4ssigen Moduls. <\/p>\n<p><strong>Hinweis<\/strong>: Der Kilometerstopper ist nur f\u00fcr Test- und Tuningzwecke gedacht und sollte nicht auf \u00f6ffentlichen Stra\u00dfen verwendet werden. Er ist nicht f\u00fcr betr\u00fcgerische Aktivit\u00e4ten gedacht. <\/p>\n","protected":false},"excerpt":{"rendered":"<div class=\"flex-shrink-0 flex flex-col relative items-end\">\n<div class=\"pt-0\">\n<div class=\"gizmo-bot-avatar flex h-8 w-8 items-center justify-center overflow-hidden rounded-full\">\n<div class=\"relative p-1 rounded-sm flex items-center justify-center bg-token-main-surface-primary text-token-text-primary h-8 w-8\">\n<p><strong>Vor der Bestellung: Wichtige Hinweise zur Aktivierung und Funktionsweise <\/strong>Bitte lesen Sie die folgenden Informationen sorgf\u00e4ltig durch, bevor Sie Ihren Kauf t\u00e4tigen:<\/p>\n<p>Dieses Modul ist f\u00fcr alle <strong>BMW 1ER F40 Modelle<\/strong> ab <strong>2019<\/strong> geeignet. Geschwindigkeitsanzeige und Assistenzprogramme funktionieren korrekt, aber nur in bestimmten Modi. Keine Fehlermeldungen von Totwinkel-Assistent oder Tempomat. Do-it-yourself-Installation, keine professionelle Hilfe erforderlich. Inklusive hochwertiger Stecker und hitzebest\u00e4ndiger Kabel f\u00fcr lange Haltbarkeit.    <\/p>\n<\/div>\n<p><strong>\u2705 Nahtlose Integration<\/strong><\/p>\n<p><strong>\u2705 Einfache Installation<\/strong><\/p>\n<p><strong>\u2705 Genaue Verwaltung des Kilometerstandes<\/strong><\/p>\n<p><strong>\u2705 Betrieb im Tarnkappenmodus<\/strong><\/p>\n<p><strong>\u2705 Lebenslanger Support und Updates<\/strong><\/p>\n<\/div>\n<\/div>\n<\/div>\n","protected":false},"featured_media":711,"comment_status":"open","ping_status":"closed","template":"","meta":[],"product_brand":[],"product_cat":[709],"product_tag":[],"class_list":{"0":"post-6828","1":"product","2":"type-product","3":"status-publish","4":"has-post-thumbnail","6":"product_cat-bmw","8":"first","9":"instock","10":"taxable","11":"shipping-taxable","12":"purchasable","13":"product-type-variable"},"yoast_head":"<!-- This site is optimized with the Yoast SEO plugin v27.5 - https:\/\/yoast.com\/product\/yoast-seo-wordpress\/ -->\n<title>BMW 1ER F40 Mileage Blocker (KM stopper) \u2192 KM Block<\/title>\n<meta name=\"description\" content=\"Buy a BMW 1ER F40 Mileage Blocker for the Best Prices \u2713 Free Shipping \u2713 Incl. Installation Guides\" \/>\n<meta name=\"robots\" content=\"index, follow, max-snippet:-1, max-image-preview:large, max-video-preview:-1\" \/>\n<meta property=\"og:locale\" content=\"de_DE\" \/>\n<meta property=\"og:type\" content=\"article\" \/>\n<meta property=\"og:title\" content=\"BMW 1ER F40 Mileage Blocker (KM stopper) \u2192 KM Block\" \/>\n<meta property=\"og:description\" content=\"Buy a BMW 1ER F40 Mileage Blocker for the Best Prices \u2713 Free Shipping \u2713 Incl. Installation Guides\" \/>\n<meta property=\"og:url\" content=\"https:\/\/kmblock.com\/de\/product\/bmw-1er-f40\/\" \/>\n<meta property=\"og:site_name\" content=\"KM Block\" \/>\n<meta property=\"og:image\" content=\"https:\/\/kmblock.com\/wp-content\/uploads\/2024\/09\/BMW-1ER-F40.jpg\" \/>\n\t<meta property=\"og:image:width\" content=\"800\" \/>\n\t<meta property=\"og:image:height\" content=\"800\" \/>\n\t<meta property=\"og:image:type\" content=\"image\/jpeg\" \/>\n<meta name=\"twitter:card\" content=\"summary_large_image\" \/>\n<meta name=\"twitter:label1\" content=\"Gesch\u00e4tzte Lesezeit\" \/>\n\t<meta name=\"twitter:data1\" content=\"2\u00a0Minuten\" \/>\n<script type=\"application\/ld+json\" class=\"yoast-schema-graph\">{\"@context\":\"https:\\\/\\\/schema.org\",\"@graph\":[{\"@type\":\"WebPage\",\"@id\":\"https:\\\/\\\/kmblock.com\\\/de\\\/product\\\/bmw-1er-f40\\\/\",\"url\":\"https:\\\/\\\/kmblock.com\\\/de\\\/product\\\/bmw-1er-f40\\\/\",\"name\":\"BMW 1ER F40 Mileage Blocker (KM stopper) \u2192 KM Block\",\"isPartOf\":{\"@id\":\"https:\\\/\\\/kmblock.com\\\/de\\\/#website\"},\"primaryImageOfPage\":{\"@id\":\"https:\\\/\\\/kmblock.com\\\/de\\\/product\\\/bmw-1er-f40\\\/#primaryimage\"},\"image\":{\"@id\":\"https:\\\/\\\/kmblock.com\\\/de\\\/product\\\/bmw-1er-f40\\\/#primaryimage\"},\"thumbnailUrl\":\"https:\\\/\\\/kmblock.com\\\/wp-content\\\/uploads\\\/2024\\\/09\\\/BMW-1ER-F40.jpg\",\"datePublished\":\"2025-01-01T18:34:40+00:00\",\"description\":\"Buy a BMW 1ER F40 Mileage Blocker for the Best Prices \u2713 Free Shipping \u2713 Incl. Installation Guides\",\"breadcrumb\":{\"@id\":\"https:\\\/\\\/kmblock.com\\\/de\\\/product\\\/bmw-1er-f40\\\/#breadcrumb\"},\"inLanguage\":\"de\",\"potentialAction\":[{\"@type\":\"ReadAction\",\"target\":[\"https:\\\/\\\/kmblock.com\\\/de\\\/product\\\/bmw-1er-f40\\\/\"]}]},{\"@type\":\"ImageObject\",\"inLanguage\":\"de\",\"@id\":\"https:\\\/\\\/kmblock.com\\\/de\\\/product\\\/bmw-1er-f40\\\/#primaryimage\",\"url\":\"https:\\\/\\\/kmblock.com\\\/wp-content\\\/uploads\\\/2024\\\/09\\\/BMW-1ER-F40.jpg\",\"contentUrl\":\"https:\\\/\\\/kmblock.com\\\/wp-content\\\/uploads\\\/2024\\\/09\\\/BMW-1ER-F40.jpg\",\"width\":800,\"height\":800,\"caption\":\"BMW 1ER F40\"},{\"@type\":\"BreadcrumbList\",\"@id\":\"https:\\\/\\\/kmblock.com\\\/de\\\/product\\\/bmw-1er-f40\\\/#breadcrumb\",\"itemListElement\":[{\"@type\":\"ListItem\",\"position\":1,\"name\":\"Startseite\",\"item\":\"https:\\\/\\\/kmblock.com\\\/de\\\/\"},{\"@type\":\"ListItem\",\"position\":2,\"name\":\"Produkte\",\"item\":\"https:\\\/\\\/kmblock.com\\\/de\\\/shop\\\/\"},{\"@type\":\"ListItem\",\"position\":3,\"name\":\"BMW 1ER F40\"}]},{\"@type\":\"WebSite\",\"@id\":\"https:\\\/\\\/kmblock.com\\\/de\\\/#website\",\"url\":\"https:\\\/\\\/kmblock.com\\\/de\\\/\",\"name\":\"KM Block\",\"description\":\"\",\"publisher\":{\"@id\":\"https:\\\/\\\/kmblock.com\\\/de\\\/#organization\"},\"potentialAction\":[{\"@type\":\"SearchAction\",\"target\":{\"@type\":\"EntryPoint\",\"urlTemplate\":\"https:\\\/\\\/kmblock.com\\\/de\\\/?s={search_term_string}\"},\"query-input\":{\"@type\":\"PropertyValueSpecification\",\"valueRequired\":true,\"valueName\":\"search_term_string\"}}],\"inLanguage\":\"de\"},{\"@type\":\"Organization\",\"@id\":\"https:\\\/\\\/kmblock.com\\\/de\\\/#organization\",\"name\":\"KM-Block\",\"url\":\"https:\\\/\\\/kmblock.com\\\/de\\\/\",\"logo\":{\"@type\":\"ImageObject\",\"inLanguage\":\"de\",\"@id\":\"https:\\\/\\\/kmblock.com\\\/de\\\/#\\\/schema\\\/logo\\\/image\\\/\",\"url\":\"https:\\\/\\\/kmblock.com\\\/wp-content\\\/uploads\\\/2024\\\/08\\\/main-logo.png\",\"contentUrl\":\"https:\\\/\\\/kmblock.com\\\/wp-content\\\/uploads\\\/2024\\\/08\\\/main-logo.png\",\"width\":186,\"height\":28,\"caption\":\"KM-Block\"},\"image\":{\"@id\":\"https:\\\/\\\/kmblock.com\\\/de\\\/#\\\/schema\\\/logo\\\/image\\\/\"}}]}<\/script>\n<!-- \/ Yoast SEO plugin. -->","yoast_head_json":{"title":"BMW 1ER F40 Mileage Blocker (KM stopper) \u2192 KM Block","description":"Buy a BMW 1ER F40 Mileage Blocker for the Best Prices \u2713 Free Shipping \u2713 Incl. Installation Guides","robots":{"index":"index","follow":"follow","max-snippet":"max-snippet:-1","max-image-preview":"max-image-preview:large","max-video-preview":"max-video-preview:-1"},"og_locale":"de_DE","og_type":"article","og_title":"BMW 1ER F40 Mileage Blocker (KM stopper) \u2192 KM Block","og_description":"Buy a BMW 1ER F40 Mileage Blocker for the Best Prices \u2713 Free Shipping \u2713 Incl. Installation Guides","og_url":"https:\/\/kmblock.com\/de\/product\/bmw-1er-f40\/","og_site_name":"KM Block","og_image":[{"width":800,"height":800,"url":"https:\/\/kmblock.com\/wp-content\/uploads\/2024\/09\/BMW-1ER-F40.jpg","type":"image\/jpeg"}],"twitter_card":"summary_large_image","twitter_misc":{"Gesch\u00e4tzte Lesezeit":"2\u00a0Minuten"},"schema":{"@context":"https:\/\/schema.org","@graph":[{"@type":"WebPage","@id":"https:\/\/kmblock.com\/de\/product\/bmw-1er-f40\/","url":"https:\/\/kmblock.com\/de\/product\/bmw-1er-f40\/","name":"BMW 1ER F40 Mileage Blocker (KM stopper) \u2192 KM Block","isPartOf":{"@id":"https:\/\/kmblock.com\/de\/#website"},"primaryImageOfPage":{"@id":"https:\/\/kmblock.com\/de\/product\/bmw-1er-f40\/#primaryimage"},"image":{"@id":"https:\/\/kmblock.com\/de\/product\/bmw-1er-f40\/#primaryimage"},"thumbnailUrl":"https:\/\/kmblock.com\/wp-content\/uploads\/2024\/09\/BMW-1ER-F40.jpg","datePublished":"2025-01-01T18:34:40+00:00","description":"Buy a BMW 1ER F40 Mileage Blocker for the Best Prices \u2713 Free Shipping \u2713 Incl. Installation Guides","breadcrumb":{"@id":"https:\/\/kmblock.com\/de\/product\/bmw-1er-f40\/#breadcrumb"},"inLanguage":"de","potentialAction":[{"@type":"ReadAction","target":["https:\/\/kmblock.com\/de\/product\/bmw-1er-f40\/"]}]},{"@type":"ImageObject","inLanguage":"de","@id":"https:\/\/kmblock.com\/de\/product\/bmw-1er-f40\/#primaryimage","url":"https:\/\/kmblock.com\/wp-content\/uploads\/2024\/09\/BMW-1ER-F40.jpg","contentUrl":"https:\/\/kmblock.com\/wp-content\/uploads\/2024\/09\/BMW-1ER-F40.jpg","width":800,"height":800,"caption":"BMW 1ER F40"},{"@type":"BreadcrumbList","@id":"https:\/\/kmblock.com\/de\/product\/bmw-1er-f40\/#breadcrumb","itemListElement":[{"@type":"ListItem","position":1,"name":"Startseite","item":"https:\/\/kmblock.com\/de\/"},{"@type":"ListItem","position":2,"name":"Produkte","item":"https:\/\/kmblock.com\/de\/shop\/"},{"@type":"ListItem","position":3,"name":"BMW 1ER F40"}]},{"@type":"WebSite","@id":"https:\/\/kmblock.com\/de\/#website","url":"https:\/\/kmblock.com\/de\/","name":"KM Block","description":"","publisher":{"@id":"https:\/\/kmblock.com\/de\/#organization"},"potentialAction":[{"@type":"SearchAction","target":{"@type":"EntryPoint","urlTemplate":"https:\/\/kmblock.com\/de\/?s={search_term_string}"},"query-input":{"@type":"PropertyValueSpecification","valueRequired":true,"valueName":"search_term_string"}}],"inLanguage":"de"},{"@type":"Organization","@id":"https:\/\/kmblock.com\/de\/#organization","name":"KM-Block","url":"https:\/\/kmblock.com\/de\/","logo":{"@type":"ImageObject","inLanguage":"de","@id":"https:\/\/kmblock.com\/de\/#\/schema\/logo\/image\/","url":"https:\/\/kmblock.com\/wp-content\/uploads\/2024\/08\/main-logo.png","contentUrl":"https:\/\/kmblock.com\/wp-content\/uploads\/2024\/08\/main-logo.png","width":186,"height":28,"caption":"KM-Block"},"image":{"@id":"https:\/\/kmblock.com\/de\/#\/schema\/logo\/image\/"}}]}},"_links":{"self":[{"href":"https:\/\/kmblock.com\/de\/wp-json\/wp\/v2\/product\/6828","targetHints":{"allow":["GET"]}}],"collection":[{"href":"https:\/\/kmblock.com\/de\/wp-json\/wp\/v2\/product"}],"about":[{"href":"https:\/\/kmblock.com\/de\/wp-json\/wp\/v2\/types\/product"}],"replies":[{"embeddable":true,"href":"https:\/\/kmblock.com\/de\/wp-json\/wp\/v2\/comments?post=6828"}],"wp:featuredmedia":[{"embeddable":true,"href":"https:\/\/kmblock.com\/de\/wp-json\/wp\/v2\/media\/711"}],"wp:attachment":[{"href":"https:\/\/kmblock.com\/de\/wp-json\/wp\/v2\/media?parent=6828"}],"wp:term":[{"taxonomy":"product_brand","embeddable":true,"href":"https:\/\/kmblock.com\/de\/wp-json\/wp\/v2\/product_brand?post=6828"},{"taxonomy":"product_cat","embeddable":true,"href":"https:\/\/kmblock.com\/de\/wp-json\/wp\/v2\/product_cat?post=6828"},{"taxonomy":"product_tag","embeddable":true,"href":"https:\/\/kmblock.com\/de\/wp-json\/wp\/v2\/product_tag?post=6828"}],"curies":[{"name":"wp","href":"https:\/\/api.w.org\/{rel}","templated":true}]}}