{"id":6826,"date":"2024-09-18T22:16:05","date_gmt":"2024-09-18T22:16:05","guid":{"rendered":"https:\/\/kmblock.com\/product\/bmw-4er-f32-f33-f36-f82-f83\/"},"modified":"2025-11-07T12:43:08","modified_gmt":"2025-11-07T12:43:08","slug":"bmw-4er-f32-f33-f36-f82-f83","status":"publish","type":"product","link":"https:\/\/kmblock.com\/de\/product\/bmw-4er-f32-f33-f36-f82-f83\/","title":{"rendered":"BMW 4ER F32\/F33\/F36\/F82\/F83"},"content":{"rendered":"<div class=\"flex max-w-full flex-col flex-grow\">\n<div class=\"min-h-[20px] text-message flex w-full flex-col items-end gap-2 whitespace-normal break-words [.text-message+&amp;]:mt-5\" dir=\"auto\" data-message-author-role=\"assistant\" data-message-id=\"486fbb14-d9b0-4abf-8aac-69dd9ef3f888\">\n<div class=\"flex w-full flex-col gap-1 empty:hidden first:pt-[3px]\">\n<div class=\"markdown prose w-full break-words dark:prose-invert dark\">\n<h3><strong>KILOMETERSTANDSBLOCKER F\u00dcR BMW 4ER F32\/F33\/F36\/F82\/F83<\/strong><\/h3>\n<p>Der BMW 4ER F32\/F33\/F36\/F82\/F83 Mileage Blocker ist auch bekannt als Odometer Blocker, Odometer Stopper, Can Blocker, Mileage Stopper, Trip Odometer, Can Filter und manchmal auch als Tool zur Kilometerstandskorrektur.<\/p>\n<p><strong>Kompatible Modelle:<\/strong><br \/>\nPassend f\u00fcr alle BMW 4ER F32\/F33\/F36\/F82\/F83 Modelle, die zwischen 2013 und 2020 erschienen sind.<\/p>\n<h3>Wichtige Spezifikationen:<\/h3>\n<ul>\n<li><strong>DIY-Installation:<\/strong> Einfache Installation ohne Zugriff auf oder Modifikation von ECUs.<\/li>\n<li><strong>Mehrere Modi:<\/strong> Passen Sie die Funktionen des Ger\u00e4ts an unterschiedliche Bed\u00fcrfnisse an, einschlie\u00dflich Updates.<\/li>\n<li><strong>Kompatibilit\u00e4t mit Software-Updates:<\/strong> Nach einem Fahrzeug-Update wechseln Sie einfach in den Modus zwei &#8211; ein Austausch oder weitere Updates sind nicht erforderlich.<\/li>\n<li><strong>Hochwertige Konstruktion:<\/strong> Ausgestattet mit hochwertigen Steckern und hitzebest\u00e4ndigen Kabeln.<\/li>\n<li><strong>Fehlerfreier Betrieb:<\/strong> Keine Fehlermeldungen auf dem Tachometer oder dem Navigationspanel.<\/li>\n<li><strong>Problemlose Einrichtung:<\/strong> Kein L\u00f6ten oder Schneiden erforderlich.<\/li>\n<li><strong>Intuitive Steuerung:<\/strong> Einfache Steuerung mit Tastenkombinationen.<\/li>\n<li><strong>Konsistente Kontrolle des Kilometerstandes:<\/strong> Einmal entfernt, erh\u00f6ht sich der Kilometerstand nicht mehr unerwartet.<\/li>\n<li><strong>Dauerhafte Einstellungen:<\/strong> Einmal ausgew\u00e4hlt, werden die Einstellungen dauerhaft gespeichert.<\/li>\n<li><strong>Systemkompatibilit\u00e4t:<\/strong> Geschwindigkeitsanzeige und Assistenzsysteme funktionieren (in bestimmten Modi).<\/li>\n<li><strong>M\u00fchelose Installation:<\/strong> Die Passfl\u00e4che und die Rillen am Stecker sorgen f\u00fcr eine reibungslose Installation.<\/li>\n<li><strong>Automatische Serviceanpassung:<\/strong> Passt die Wartungsintervalle automatisch an.<\/li>\n<li><strong>Nahtlose Funktionalit\u00e4t:<\/strong> Keine Probleme mit dem Totwinkel-Assistenten oder dem Tempomat.<\/li>\n<li><strong>Pr\u00e4zise \u00c4nderung des Kilometerstandes:<\/strong> In Modi, die den Kilometerstand anpassen, kann es zu Abweichungen von bis zu 1% kommen; die Angaben sind N\u00e4herungswerte.<\/li>\n<\/ul>\n<h3>Service-Anpassung:<\/h3>\n<p>Der Mileage Blocker stoppt w\u00e4hrend der Fahrt die Z\u00e4hlung des Kilometerstandes in allen Speichern, au\u00dfer bei Serviceintervallen. Er korrigiert den Service-Countdown automatisch, indem er ihn auf 90% zur\u00fccksetzt, wenn er 30% des verbleibenden Serviceintervalls erreicht. Der Countdown wird an diesem Punkt fortgesetzt und nur zur\u00fcckgesetzt, wenn keine Servicemeldung gesendet wurde. Jedes Fahrzeug hat spezifische Serviceintervalle, aber die Prozents\u00e4tze bleiben genau.   <\/p>\n<h3>Aktivierung &amp; Deaktivierung:<\/h3>\n<p>&#8220; Aktivieren durch Dr\u00fccken von *BC mit Modus *.<br \/>\n<strong>Modus 1:<\/strong> 1 Blinken nach links 30 Prozent<\/p>\n<p><strong>Modus 2:<\/strong> 2 Blinksignale nach links 0 Prozent (keine Geschwindigkeit)<\/p>\n<p><strong>Modus 3:<\/strong> 3 Blinksignale nach links 0 Prozent ( Geschwindigkeit, funktioniert nur ohne Update)<\/p>\n<p><strong>Modus 4:<\/strong> 1 Blinken nach rechts 100 Prozent&#8220;<\/p>\n<h3>Was ist der BMW 4ER F32\/F33\/F36\/F82\/F83 Kilometerz\u00e4hler-Blocker?<\/h3>\n<p>Der Mileage Blocker wurde entwickelt, um die Fahrzeugleistung zu testen, ohne den Kilometerstand aufzuzeichnen. Er arbeitet sowohl mit Kilometern als auch mit Meilen, und jedes Modul ist f\u00fcr eine optimale Leistung auf bestimmte Modelle zugeschnitten. Dieses Tool unterscheidet sich von herk\u00f6mmlichen Kilometerkorrekturger\u00e4ten, die zwar versuchen k\u00f6nnen, den Kilometerstand r\u00fcckg\u00e4ngig zu machen, aber oft an der komplexen Datenspeicherung moderner Fahrzeuge scheitern.  <\/p>\n<p>Der BMW 4ER F32\/F33\/F36\/F82\/F83 Mileage Blocker ist ein vielseitiges und zuverl\u00e4ssiges Werkzeug, um die Leistung Ihres Fahrzeugs in einer kontrollierten Umgebung zu testen.<\/p>\n<\/div>\n<\/div>\n<\/div>\n<\/div>\n","protected":false},"excerpt":{"rendered":"<div class=\"flex-shrink-0 flex flex-col relative items-end\">\n<div class=\"pt-0\">\n<div class=\"gizmo-bot-avatar flex h-8 w-8 items-center justify-center overflow-hidden rounded-full\">\n<div class=\"relative p-1 rounded-sm flex items-center justify-center bg-token-main-surface-primary text-token-text-primary h-8 w-8\">\n<p>Bevor Sie Ihre Bestellung aufgeben, lesen Sie bitte sorgf\u00e4ltig die Details zur Modulaktivierung und die wichtigsten Informationen zu Fehlermeldungen und Funktionen.<\/p>\n<p><strong>Kompatibilit\u00e4t: <\/strong>Dieses Ger\u00e4t ist f\u00fcr alle BMW 4ER F32\/F33\/F36\/F82\/F83 Modelle geeignet, die zwischen 2013 und 2020 hergestellt wurden.<\/p>\n<p>Geschwindigkeitsanzeige &amp; Hilfsprogramme: Diese Funktionen sind in bestimmten Modi verf\u00fcgbar. Keine Fehlermeldungen durch den Totwinkel-Assistenten oder den Tempomat. Einfache, selbst\u00e4ndige Installation, ohne dass Sie professionelle Hilfe ben\u00f6tigen. Ausgestattet mit hochwertigen Steckern und hitzebest\u00e4ndigen Kabeln f\u00fcr lange Haltbarkeit.   <\/p>\n<p class=\"p1\"><b> \u2705 Nahtlose Integration<\/b><b><\/b><\/p>\n<p class=\"p1\">\u2705<b> Einfache Installation<\/b><b><\/b><\/p>\n<p class=\"p1\">\u2705<b> Genaue Verwaltung des Kilometerstandes<\/b><b><\/b><\/p>\n<p class=\"p1\"><b> \u2705 Betrieb im Tarnkappenmodus<\/b><b><\/b><\/p>\n<p class=\"p1\"><span class=\"s1\">\u2705<\/span><b> Lebenslanger Support und Updates<\/b><\/p>\n<\/div>\n<\/div>\n<\/div>\n<\/div>\n","protected":false},"featured_media":6827,"comment_status":"open","ping_status":"closed","template":"","meta":[],"product_brand":[],"product_cat":[709],"product_tag":[],"class_list":{"0":"post-6826","1":"product","2":"type-product","3":"status-publish","4":"has-post-thumbnail","6":"product_cat-bmw","8":"first","9":"instock","10":"taxable","11":"shipping-taxable","12":"purchasable","13":"product-type-variable"},"yoast_head":"<!-- This site is optimized with the Yoast SEO plugin v27.5 - https:\/\/yoast.com\/product\/yoast-seo-wordpress\/ -->\n<title>BMW 4ER F32\/F33\/F36\/F82\/F83 Mileage Blocker (KM stopper) \u2192 KM Block<\/title>\n<meta name=\"description\" content=\"Buy a BMW 4ER F32\/F33\/F36\/F82\/F83 Mileage Blocker for the Best Prices \u2713 Free Shipping \u2713 Incl. Installation Guides\" \/>\n<meta name=\"robots\" content=\"index, follow, max-snippet:-1, max-image-preview:large, max-video-preview:-1\" \/>\n<meta property=\"og:locale\" content=\"de_DE\" \/>\n<meta property=\"og:type\" content=\"article\" \/>\n<meta property=\"og:title\" content=\"BMW 4ER F32\/F33\/F36\/F82\/F83 Mileage Blocker (KM stopper) \u2192 KM Block\" \/>\n<meta property=\"og:description\" content=\"Buy a BMW 4ER F32\/F33\/F36\/F82\/F83 Mileage Blocker for the Best Prices \u2713 Free Shipping \u2713 Incl. Installation Guides\" \/>\n<meta property=\"og:url\" content=\"https:\/\/kmblock.com\/de\/product\/bmw-4er-f32-f33-f36-f82-f83\/\" \/>\n<meta property=\"og:site_name\" content=\"KM Block\" \/>\n<meta property=\"article:modified_time\" content=\"2025-11-07T12:43:08+00:00\" \/>\n<meta property=\"og:image\" content=\"https:\/\/kmblock.com\/wp-content\/uploads\/2024\/09\/BMW-4ER-G22G23G26G83I4.jpg\" \/>\n\t<meta property=\"og:image:width\" content=\"800\" \/>\n\t<meta property=\"og:image:height\" content=\"800\" \/>\n\t<meta property=\"og:image:type\" content=\"image\/jpeg\" \/>\n<meta name=\"twitter:card\" content=\"summary_large_image\" \/>\n<meta name=\"twitter:label1\" content=\"Gesch\u00e4tzte Lesezeit\" \/>\n\t<meta name=\"twitter:data1\" content=\"2\u00a0Minuten\" \/>\n<script type=\"application\/ld+json\" class=\"yoast-schema-graph\">{\"@context\":\"https:\\\/\\\/schema.org\",\"@graph\":[{\"@type\":\"WebPage\",\"@id\":\"https:\\\/\\\/kmblock.com\\\/de\\\/product\\\/bmw-4er-f32-f33-f36-f82-f83\\\/\",\"url\":\"https:\\\/\\\/kmblock.com\\\/de\\\/product\\\/bmw-4er-f32-f33-f36-f82-f83\\\/\",\"name\":\"BMW 4ER F32\\\/F33\\\/F36\\\/F82\\\/F83 Mileage Blocker (KM stopper) \u2192 KM Block\",\"isPartOf\":{\"@id\":\"https:\\\/\\\/kmblock.com\\\/de\\\/#website\"},\"primaryImageOfPage\":{\"@id\":\"https:\\\/\\\/kmblock.com\\\/de\\\/product\\\/bmw-4er-f32-f33-f36-f82-f83\\\/#primaryimage\"},\"image\":{\"@id\":\"https:\\\/\\\/kmblock.com\\\/de\\\/product\\\/bmw-4er-f32-f33-f36-f82-f83\\\/#primaryimage\"},\"thumbnailUrl\":\"https:\\\/\\\/kmblock.com\\\/wp-content\\\/uploads\\\/2024\\\/09\\\/BMW-4ER-G22G23G26G83I4.jpg\",\"datePublished\":\"2024-09-18T22:16:05+00:00\",\"dateModified\":\"2025-11-07T12:43:08+00:00\",\"description\":\"Buy a BMW 4ER F32\\\/F33\\\/F36\\\/F82\\\/F83 Mileage Blocker for the Best Prices \u2713 Free Shipping \u2713 Incl. Installation Guides\",\"breadcrumb\":{\"@id\":\"https:\\\/\\\/kmblock.com\\\/de\\\/product\\\/bmw-4er-f32-f33-f36-f82-f83\\\/#breadcrumb\"},\"inLanguage\":\"de\",\"potentialAction\":[{\"@type\":\"ReadAction\",\"target\":[\"https:\\\/\\\/kmblock.com\\\/de\\\/product\\\/bmw-4er-f32-f33-f36-f82-f83\\\/\"]}]},{\"@type\":\"ImageObject\",\"inLanguage\":\"de\",\"@id\":\"https:\\\/\\\/kmblock.com\\\/de\\\/product\\\/bmw-4er-f32-f33-f36-f82-f83\\\/#primaryimage\",\"url\":\"https:\\\/\\\/kmblock.com\\\/wp-content\\\/uploads\\\/2024\\\/09\\\/BMW-4ER-G22G23G26G83I4.jpg\",\"contentUrl\":\"https:\\\/\\\/kmblock.com\\\/wp-content\\\/uploads\\\/2024\\\/09\\\/BMW-4ER-G22G23G26G83I4.jpg\",\"width\":800,\"height\":800,\"caption\":\"BMW 4ER F32\\\/F33\\\/F36\\\/F82\\\/F83\"},{\"@type\":\"BreadcrumbList\",\"@id\":\"https:\\\/\\\/kmblock.com\\\/de\\\/product\\\/bmw-4er-f32-f33-f36-f82-f83\\\/#breadcrumb\",\"itemListElement\":[{\"@type\":\"ListItem\",\"position\":1,\"name\":\"Startseite\",\"item\":\"https:\\\/\\\/kmblock.com\\\/de\\\/\"},{\"@type\":\"ListItem\",\"position\":2,\"name\":\"Produkte\",\"item\":\"https:\\\/\\\/kmblock.com\\\/de\\\/shop\\\/\"},{\"@type\":\"ListItem\",\"position\":3,\"name\":\"BMW 4ER F32\\\/F33\\\/F36\\\/F82\\\/F83\"}]},{\"@type\":\"WebSite\",\"@id\":\"https:\\\/\\\/kmblock.com\\\/de\\\/#website\",\"url\":\"https:\\\/\\\/kmblock.com\\\/de\\\/\",\"name\":\"KM Block\",\"description\":\"\",\"publisher\":{\"@id\":\"https:\\\/\\\/kmblock.com\\\/de\\\/#organization\"},\"potentialAction\":[{\"@type\":\"SearchAction\",\"target\":{\"@type\":\"EntryPoint\",\"urlTemplate\":\"https:\\\/\\\/kmblock.com\\\/de\\\/?s={search_term_string}\"},\"query-input\":{\"@type\":\"PropertyValueSpecification\",\"valueRequired\":true,\"valueName\":\"search_term_string\"}}],\"inLanguage\":\"de\"},{\"@type\":\"Organization\",\"@id\":\"https:\\\/\\\/kmblock.com\\\/de\\\/#organization\",\"name\":\"KM-Block\",\"url\":\"https:\\\/\\\/kmblock.com\\\/de\\\/\",\"logo\":{\"@type\":\"ImageObject\",\"inLanguage\":\"de\",\"@id\":\"https:\\\/\\\/kmblock.com\\\/de\\\/#\\\/schema\\\/logo\\\/image\\\/\",\"url\":\"https:\\\/\\\/kmblock.com\\\/wp-content\\\/uploads\\\/2024\\\/08\\\/main-logo.png\",\"contentUrl\":\"https:\\\/\\\/kmblock.com\\\/wp-content\\\/uploads\\\/2024\\\/08\\\/main-logo.png\",\"width\":186,\"height\":28,\"caption\":\"KM-Block\"},\"image\":{\"@id\":\"https:\\\/\\\/kmblock.com\\\/de\\\/#\\\/schema\\\/logo\\\/image\\\/\"}}]}<\/script>\n<!-- \/ Yoast SEO plugin. -->","yoast_head_json":{"title":"BMW 4ER F32\/F33\/F36\/F82\/F83 Mileage Blocker (KM stopper) \u2192 KM Block","description":"Buy a BMW 4ER F32\/F33\/F36\/F82\/F83 Mileage Blocker for the Best Prices \u2713 Free Shipping \u2713 Incl. Installation Guides","robots":{"index":"index","follow":"follow","max-snippet":"max-snippet:-1","max-image-preview":"max-image-preview:large","max-video-preview":"max-video-preview:-1"},"og_locale":"de_DE","og_type":"article","og_title":"BMW 4ER F32\/F33\/F36\/F82\/F83 Mileage Blocker (KM stopper) \u2192 KM Block","og_description":"Buy a BMW 4ER F32\/F33\/F36\/F82\/F83 Mileage Blocker for the Best Prices \u2713 Free Shipping \u2713 Incl. Installation Guides","og_url":"https:\/\/kmblock.com\/de\/product\/bmw-4er-f32-f33-f36-f82-f83\/","og_site_name":"KM Block","article_modified_time":"2025-11-07T12:43:08+00:00","og_image":[{"width":800,"height":800,"url":"https:\/\/kmblock.com\/wp-content\/uploads\/2024\/09\/BMW-4ER-G22G23G26G83I4.jpg","type":"image\/jpeg"}],"twitter_card":"summary_large_image","twitter_misc":{"Gesch\u00e4tzte Lesezeit":"2\u00a0Minuten"},"schema":{"@context":"https:\/\/schema.org","@graph":[{"@type":"WebPage","@id":"https:\/\/kmblock.com\/de\/product\/bmw-4er-f32-f33-f36-f82-f83\/","url":"https:\/\/kmblock.com\/de\/product\/bmw-4er-f32-f33-f36-f82-f83\/","name":"BMW 4ER F32\/F33\/F36\/F82\/F83 Mileage Blocker (KM stopper) \u2192 KM Block","isPartOf":{"@id":"https:\/\/kmblock.com\/de\/#website"},"primaryImageOfPage":{"@id":"https:\/\/kmblock.com\/de\/product\/bmw-4er-f32-f33-f36-f82-f83\/#primaryimage"},"image":{"@id":"https:\/\/kmblock.com\/de\/product\/bmw-4er-f32-f33-f36-f82-f83\/#primaryimage"},"thumbnailUrl":"https:\/\/kmblock.com\/wp-content\/uploads\/2024\/09\/BMW-4ER-G22G23G26G83I4.jpg","datePublished":"2024-09-18T22:16:05+00:00","dateModified":"2025-11-07T12:43:08+00:00","description":"Buy a BMW 4ER F32\/F33\/F36\/F82\/F83 Mileage Blocker for the Best Prices \u2713 Free Shipping \u2713 Incl. Installation Guides","breadcrumb":{"@id":"https:\/\/kmblock.com\/de\/product\/bmw-4er-f32-f33-f36-f82-f83\/#breadcrumb"},"inLanguage":"de","potentialAction":[{"@type":"ReadAction","target":["https:\/\/kmblock.com\/de\/product\/bmw-4er-f32-f33-f36-f82-f83\/"]}]},{"@type":"ImageObject","inLanguage":"de","@id":"https:\/\/kmblock.com\/de\/product\/bmw-4er-f32-f33-f36-f82-f83\/#primaryimage","url":"https:\/\/kmblock.com\/wp-content\/uploads\/2024\/09\/BMW-4ER-G22G23G26G83I4.jpg","contentUrl":"https:\/\/kmblock.com\/wp-content\/uploads\/2024\/09\/BMW-4ER-G22G23G26G83I4.jpg","width":800,"height":800,"caption":"BMW 4ER F32\/F33\/F36\/F82\/F83"},{"@type":"BreadcrumbList","@id":"https:\/\/kmblock.com\/de\/product\/bmw-4er-f32-f33-f36-f82-f83\/#breadcrumb","itemListElement":[{"@type":"ListItem","position":1,"name":"Startseite","item":"https:\/\/kmblock.com\/de\/"},{"@type":"ListItem","position":2,"name":"Produkte","item":"https:\/\/kmblock.com\/de\/shop\/"},{"@type":"ListItem","position":3,"name":"BMW 4ER F32\/F33\/F36\/F82\/F83"}]},{"@type":"WebSite","@id":"https:\/\/kmblock.com\/de\/#website","url":"https:\/\/kmblock.com\/de\/","name":"KM Block","description":"","publisher":{"@id":"https:\/\/kmblock.com\/de\/#organization"},"potentialAction":[{"@type":"SearchAction","target":{"@type":"EntryPoint","urlTemplate":"https:\/\/kmblock.com\/de\/?s={search_term_string}"},"query-input":{"@type":"PropertyValueSpecification","valueRequired":true,"valueName":"search_term_string"}}],"inLanguage":"de"},{"@type":"Organization","@id":"https:\/\/kmblock.com\/de\/#organization","name":"KM-Block","url":"https:\/\/kmblock.com\/de\/","logo":{"@type":"ImageObject","inLanguage":"de","@id":"https:\/\/kmblock.com\/de\/#\/schema\/logo\/image\/","url":"https:\/\/kmblock.com\/wp-content\/uploads\/2024\/08\/main-logo.png","contentUrl":"https:\/\/kmblock.com\/wp-content\/uploads\/2024\/08\/main-logo.png","width":186,"height":28,"caption":"KM-Block"},"image":{"@id":"https:\/\/kmblock.com\/de\/#\/schema\/logo\/image\/"}}]}},"_links":{"self":[{"href":"https:\/\/kmblock.com\/de\/wp-json\/wp\/v2\/product\/6826","targetHints":{"allow":["GET"]}}],"collection":[{"href":"https:\/\/kmblock.com\/de\/wp-json\/wp\/v2\/product"}],"about":[{"href":"https:\/\/kmblock.com\/de\/wp-json\/wp\/v2\/types\/product"}],"replies":[{"embeddable":true,"href":"https:\/\/kmblock.com\/de\/wp-json\/wp\/v2\/comments?post=6826"}],"wp:featuredmedia":[{"embeddable":true,"href":"https:\/\/kmblock.com\/de\/wp-json\/wp\/v2\/media\/6827"}],"wp:attachment":[{"href":"https:\/\/kmblock.com\/de\/wp-json\/wp\/v2\/media?parent=6826"}],"wp:term":[{"taxonomy":"product_brand","embeddable":true,"href":"https:\/\/kmblock.com\/de\/wp-json\/wp\/v2\/product_brand?post=6826"},{"taxonomy":"product_cat","embeddable":true,"href":"https:\/\/kmblock.com\/de\/wp-json\/wp\/v2\/product_cat?post=6826"},{"taxonomy":"product_tag","embeddable":true,"href":"https:\/\/kmblock.com\/de\/wp-json\/wp\/v2\/product_tag?post=6826"}],"curies":[{"name":"wp","href":"https:\/\/api.w.org\/{rel}","templated":true}]}}