{"id":6806,"date":"2024-09-18T18:39:14","date_gmt":"2024-09-18T18:39:14","guid":{"rendered":"https:\/\/kmblock.com\/product\/bmw-2er-f22-f23-f45-f46-f87\/"},"modified":"2024-09-18T18:39:14","modified_gmt":"2024-09-18T18:39:14","slug":"bmw-2er-f22-f23-f45-f46-f87","status":"publish","type":"product","link":"https:\/\/kmblock.com\/de\/product\/bmw-2er-f22-f23-f45-f46-f87\/","title":{"rendered":"BMW 2ER F22\/F23\/F45\/F46\/F87"},"content":{"rendered":"<div class=\"flex max-w-full flex-col flex-grow\">\n<div class=\"min-h-[20px] text-message flex w-full flex-col items-end gap-2 whitespace-normal break-words [.text-message+&amp;]:mt-5\" dir=\"auto\" data-message-author-role=\"assistant\" data-message-id=\"486fbb14-d9b0-4abf-8aac-69dd9ef3f888\">\n<div class=\"flex w-full flex-col gap-1 empty:hidden first:pt-[3px]\">\n<div class=\"markdown prose w-full break-words dark:prose-invert dark\">\n<h3><strong>KILOMETERSTANDSBLOCKER F\u00dcR BMW 2ER F22\/F23\/F45\/F46\/F87<\/strong><\/h3>\n<p>Der BMW 2ER F22\/F23\/F45\/F46\/F87 Mileage Blocker, auch bekannt als Odometer Blocker, Odometer Stopper, Can Blocker, Mileage Stopper, Trip Odometer, Can Filter oder Mileage Correction Tool, ist f\u00fcr alle BMW 2ER F22\/F23\/F45\/F46\/F87 Modelle ab 2013 geeignet.<\/p>\n<h3><strong>SPEZIFIKATIONEN<\/strong><\/h3>\n<ul>\n<li><strong>Installation<\/strong>: Do-it-yourself-Installation (DIY), keine professionelle Hilfe erforderlich.<\/li>\n<li><strong>Komponenten<\/strong>: Hochwertige Stecker und hitzebest\u00e4ndige Kabel im Lieferumfang enthalten.<\/li>\n<li><strong>Keine Modifikationen<\/strong>: Kein L\u00f6ten oder Schneiden von Kabeln erforderlich und kein \u00d6ffnen der ECUs.<\/li>\n<li><strong>Modi<\/strong>: Mehrere Modi f\u00fcr unterschiedliche Bed\u00fcrfnisse verf\u00fcgbar.<\/li>\n<li><strong>Software-Updates<\/strong>: Wenn Ihr Fahrzeug ein Software-Update erhalten hat, aktivieren Sie einfach Modus zwei, um das Ger\u00e4t weiter zu verwenden; ein Austausch oder ein Update ist nicht erforderlich.<\/li>\n<li><strong>Einstellungen<\/strong>: Einmal ausgew\u00e4hlt, werden die Einstellungen ohne Einschr\u00e4nkungen gespeichert.<\/li>\n<li><strong>Kilometerstand<\/strong>: Nach dem Ausbau des Moduls erh\u00f6ht sich der Kilometerstand nicht spontan.<\/li>\n<li><strong>Fehlerfreier Betrieb<\/strong>: Keine Fehlermeldungen von Totwinkel-Assistent oder Tempomat; Geschwindigkeitsanzeige und Assistenzsysteme funktionieren korrekt (in bestimmten Modi).<\/li>\n<li><strong>Service-Anpassung<\/strong>: Automatische Korrektur der Serviceintervalle.<\/li>\n<\/ul>\n<h3><strong>SERVICE ANPASSUNG<\/strong><\/h3>\n<p>Unser Mileage Blocker stoppt nicht nur die Kilometerz\u00e4hlung, sondern passt auch die Serviceerinnerung entsprechend an. W\u00e4hrend &#8222;Service&#8220; weiter herunterz\u00e4hlt, wird kein Kilometerstand aufgezeichnet, bis noch 30% des Serviceintervalls verbleiben. An diesem Punkt wird die Anzeige automatisch auf 90% zur\u00fcckgesetzt. Diese Einstellung stellt sicher, dass die Serviceerinnerung auch bei gestopptem Kilometerstand korrekt wiedergegeben wird. Wenn zum Beispiel alle 30.000 km eine Wartung f\u00e4llig ist und noch 9.000 km verbleiben, wird die Erinnerung auf 27.000 km zur\u00fcckgesetzt.    <\/p>\n<h3><strong>AKTIVIERUNG &amp; DEAKTIVIERUNG<\/strong><\/h3>\n<p>&#8220; Aktivieren durch Dr\u00fccken von *BC mit Modus *.<\/p>\n<p><strong>Modus 1:<\/strong> 1 Blinken nach links 30 Prozent<\/p>\n<p><strong>Modus 2:<\/strong> 2 Blinksignale nach links 0 Prozent (keine Geschwindigkeit)<\/p>\n<p><strong>Modus 3:<\/strong> 3 Blinksignale nach links 0 Prozent (Geschwindigkeit, funktioniert nur ohne Update)<\/p>\n<p><strong>Modus 4:<\/strong> 1 Blinken nach rechts 100 Prozent&#8220;<\/p>\n<h3><strong>Was ist der BMW 2ER F22\/F23\/F45\/F46\/F87 Mileage Blocker?<\/strong><\/h3>\n<p>Der BMW 2ER F22\/F23\/F45\/F46\/F87 Mileage Blocker wird verwendet, um die Kilometerz\u00e4hlung zu stoppen und die Leistung Ihres Fahrzeugs zu testen. Dieses bei KM Block erh\u00e4ltliche Modul wurde entwickelt, um effizient mit digitalen Kilometerz\u00e4hlern zu arbeiten, unabh\u00e4ngig davon, ob diese in Meilen oder Kilometern messen. Es funktioniert nahtlos mit verschiedenen Motortypen, einschlie\u00dflich Diesel, Benzin, Plug-in Hybrid Electric Vehicles (PHEVs) und Elektroautos.  <\/p>\n<p><strong>Hinweis<\/strong>: Wir verkaufen keine Tools zur Kilometerkorrektur f\u00fcr den BMW 2ER F22\/F23\/F45\/F46\/F87, da sie f\u00fcr betr\u00fcgerische Zwecke gedacht sind und lediglich den Kilometerstand ver\u00e4ndern. Unser Mileage Blocker wurde entwickelt, um bei Leistungstests in einer kontrollierten Umgebung zu helfen. <\/p>\n<p>F\u00fcr eine Vielzahl von Mileage Stopper-Ger\u00e4ten f\u00fcr verschiedene Fahrzeuge installieren Sie das Modul zwischen dem Tachometer und dem Kombiinstrument und schalten mit vorher festgelegten Tastenkombinationen zwischen den Modi um. Die Installation ist einfach und erfordert keine umfassenden Kenntnisse der Fahrzeugwartung. <\/p>\n<\/div>\n<\/div>\n<\/div>\n<\/div>\n","protected":false},"excerpt":{"rendered":"<div class=\"flex-shrink-0 flex flex-col relative items-end\">\n<div class=\"pt-0\">\n<div class=\"gizmo-bot-avatar flex h-8 w-8 items-center justify-center overflow-hidden rounded-full\">\n<div class=\"relative p-1 rounded-sm flex items-center justify-center bg-token-main-surface-primary text-token-text-primary h-8 w-8\">\n<p>Vor der Bestellung , Bitte lesen Sie die folgenden Hinweise zur Aktivierung des Moduls, zu Fehlermeldungen und Funktionen sorgf\u00e4ltig durch:<\/p>\n<p><strong>KOMPATIBILIT\u00c4T DES GER\u00c4TS: <\/strong>Dieser Kilometerz\u00e4hler ist f\u00fcr alle BMW 2ER F22\/F23\/F45\/F46\/F87 Modelle ab 2013 geeignet. Geschwindigkeitsanzeige und Hilfsprogramme: Funktionieren in bestimmten Modi korrekt. Keine Fehlermeldungen im Zusammenhang mit dem Totwinkel-Assistenten oder dem Tempomat. Do-it-yourself (DIY) mit hochwertigen Steckern und hitzebest\u00e4ndigen Kabeln; keine professionelle Hilfe erforderlich.   <\/p>\n<p class=\"p1\"><b> \u2705 Nahtlose Integration<\/b><b><\/b><\/p>\n<p class=\"p1\">\u2705<b> Einfache Installation<\/b><b><\/b><\/p>\n<p class=\"p1\">\u2705<b> Genaue Verwaltung des Kilometerstandes<\/b><b><\/b><\/p>\n<p class=\"p1\"><b> \u2705 Betrieb im Tarnkappenmodus<\/b><b><\/b><\/p>\n<p class=\"p1\"><span class=\"s1\">\u2705<\/span><b> Lebenslanger Support und Updates<\/b><\/p>\n<\/div>\n<\/div>\n<\/div>\n<\/div>\n","protected":false},"featured_media":713,"comment_status":"open","ping_status":"closed","template":"","meta":[],"product_brand":[],"product_cat":[709],"product_tag":[],"class_list":{"0":"post-6806","1":"product","2":"type-product","3":"status-publish","4":"has-post-thumbnail","6":"product_cat-bmw","8":"first","9":"instock","10":"taxable","11":"shipping-taxable","12":"purchasable","13":"product-type-variable"},"yoast_head":"<!-- This site is optimized with the Yoast SEO plugin v27.5 - https:\/\/yoast.com\/product\/yoast-seo-wordpress\/ -->\n<title>BMW 2ER F22\/F23\/F45\/F46\/F87 Mileage Blocker (KM stopper) \u2192 KM Block<\/title>\n<meta name=\"description\" content=\"Buy a BMW 2ER F22\/F23\/F45\/F46\/F87 Mileage Blocker for the Best Prices \u2713 Free Shipping \u2713 Incl. Installation Guides\" \/>\n<meta name=\"robots\" content=\"index, follow, max-snippet:-1, max-image-preview:large, max-video-preview:-1\" \/>\n<meta property=\"og:locale\" content=\"de_DE\" \/>\n<meta property=\"og:type\" content=\"article\" \/>\n<meta property=\"og:title\" content=\"BMW 2ER F22\/F23\/F45\/F46\/F87 Mileage Blocker (KM stopper) \u2192 KM Block\" \/>\n<meta property=\"og:description\" content=\"Buy a BMW 2ER F22\/F23\/F45\/F46\/F87 Mileage Blocker for the Best Prices \u2713 Free Shipping \u2713 Incl. Installation Guides\" \/>\n<meta property=\"og:url\" content=\"https:\/\/kmblock.com\/de\/product\/bmw-2er-f22-f23-f45-f46-f87\/\" \/>\n<meta property=\"og:site_name\" content=\"KM Block\" \/>\n<meta property=\"og:image\" content=\"https:\/\/kmblock.com\/wp-content\/uploads\/2024\/09\/BMW-2ER-F22F23F45F46F87.webp\" \/>\n\t<meta property=\"og:image:width\" content=\"800\" \/>\n\t<meta property=\"og:image:height\" content=\"800\" \/>\n\t<meta property=\"og:image:type\" content=\"image\/webp\" \/>\n<meta name=\"twitter:card\" content=\"summary_large_image\" \/>\n<meta name=\"twitter:label1\" content=\"Gesch\u00e4tzte Lesezeit\" \/>\n\t<meta name=\"twitter:data1\" content=\"2\u00a0Minuten\" \/>\n<script type=\"application\/ld+json\" class=\"yoast-schema-graph\">{\"@context\":\"https:\\\/\\\/schema.org\",\"@graph\":[{\"@type\":\"WebPage\",\"@id\":\"https:\\\/\\\/kmblock.com\\\/de\\\/product\\\/bmw-2er-f22-f23-f45-f46-f87\\\/\",\"url\":\"https:\\\/\\\/kmblock.com\\\/de\\\/product\\\/bmw-2er-f22-f23-f45-f46-f87\\\/\",\"name\":\"BMW 2ER F22\\\/F23\\\/F45\\\/F46\\\/F87 Mileage Blocker (KM stopper) \u2192 KM Block\",\"isPartOf\":{\"@id\":\"https:\\\/\\\/kmblock.com\\\/de\\\/#website\"},\"primaryImageOfPage\":{\"@id\":\"https:\\\/\\\/kmblock.com\\\/de\\\/product\\\/bmw-2er-f22-f23-f45-f46-f87\\\/#primaryimage\"},\"image\":{\"@id\":\"https:\\\/\\\/kmblock.com\\\/de\\\/product\\\/bmw-2er-f22-f23-f45-f46-f87\\\/#primaryimage\"},\"thumbnailUrl\":\"https:\\\/\\\/kmblock.com\\\/wp-content\\\/uploads\\\/2024\\\/09\\\/BMW-2ER-F22F23F45F46F87.webp\",\"datePublished\":\"2024-09-18T18:39:14+00:00\",\"description\":\"Buy a BMW 2ER F22\\\/F23\\\/F45\\\/F46\\\/F87 Mileage Blocker for the Best Prices \u2713 Free Shipping \u2713 Incl. Installation Guides\",\"breadcrumb\":{\"@id\":\"https:\\\/\\\/kmblock.com\\\/de\\\/product\\\/bmw-2er-f22-f23-f45-f46-f87\\\/#breadcrumb\"},\"inLanguage\":\"de\",\"potentialAction\":[{\"@type\":\"ReadAction\",\"target\":[\"https:\\\/\\\/kmblock.com\\\/de\\\/product\\\/bmw-2er-f22-f23-f45-f46-f87\\\/\"]}]},{\"@type\":\"ImageObject\",\"inLanguage\":\"de\",\"@id\":\"https:\\\/\\\/kmblock.com\\\/de\\\/product\\\/bmw-2er-f22-f23-f45-f46-f87\\\/#primaryimage\",\"url\":\"https:\\\/\\\/kmblock.com\\\/wp-content\\\/uploads\\\/2024\\\/09\\\/BMW-2ER-F22F23F45F46F87.webp\",\"contentUrl\":\"https:\\\/\\\/kmblock.com\\\/wp-content\\\/uploads\\\/2024\\\/09\\\/BMW-2ER-F22F23F45F46F87.webp\",\"width\":800,\"height\":800,\"caption\":\"BMW 2ER F22\\\/F23\\\/F45\\\/F46\\\/F87\"},{\"@type\":\"BreadcrumbList\",\"@id\":\"https:\\\/\\\/kmblock.com\\\/de\\\/product\\\/bmw-2er-f22-f23-f45-f46-f87\\\/#breadcrumb\",\"itemListElement\":[{\"@type\":\"ListItem\",\"position\":1,\"name\":\"Startseite\",\"item\":\"https:\\\/\\\/kmblock.com\\\/de\\\/\"},{\"@type\":\"ListItem\",\"position\":2,\"name\":\"Produkte\",\"item\":\"https:\\\/\\\/kmblock.com\\\/de\\\/shop\\\/\"},{\"@type\":\"ListItem\",\"position\":3,\"name\":\"BMW 2ER F22\\\/F23\\\/F45\\\/F46\\\/F87\"}]},{\"@type\":\"WebSite\",\"@id\":\"https:\\\/\\\/kmblock.com\\\/de\\\/#website\",\"url\":\"https:\\\/\\\/kmblock.com\\\/de\\\/\",\"name\":\"KM Block\",\"description\":\"\",\"publisher\":{\"@id\":\"https:\\\/\\\/kmblock.com\\\/de\\\/#organization\"},\"potentialAction\":[{\"@type\":\"SearchAction\",\"target\":{\"@type\":\"EntryPoint\",\"urlTemplate\":\"https:\\\/\\\/kmblock.com\\\/de\\\/?s={search_term_string}\"},\"query-input\":{\"@type\":\"PropertyValueSpecification\",\"valueRequired\":true,\"valueName\":\"search_term_string\"}}],\"inLanguage\":\"de\"},{\"@type\":\"Organization\",\"@id\":\"https:\\\/\\\/kmblock.com\\\/de\\\/#organization\",\"name\":\"KM-Block\",\"url\":\"https:\\\/\\\/kmblock.com\\\/de\\\/\",\"logo\":{\"@type\":\"ImageObject\",\"inLanguage\":\"de\",\"@id\":\"https:\\\/\\\/kmblock.com\\\/de\\\/#\\\/schema\\\/logo\\\/image\\\/\",\"url\":\"https:\\\/\\\/kmblock.com\\\/wp-content\\\/uploads\\\/2024\\\/08\\\/main-logo.png\",\"contentUrl\":\"https:\\\/\\\/kmblock.com\\\/wp-content\\\/uploads\\\/2024\\\/08\\\/main-logo.png\",\"width\":186,\"height\":28,\"caption\":\"KM-Block\"},\"image\":{\"@id\":\"https:\\\/\\\/kmblock.com\\\/de\\\/#\\\/schema\\\/logo\\\/image\\\/\"}}]}<\/script>\n<!-- \/ Yoast SEO plugin. -->","yoast_head_json":{"title":"BMW 2ER F22\/F23\/F45\/F46\/F87 Mileage Blocker (KM stopper) \u2192 KM Block","description":"Buy a BMW 2ER F22\/F23\/F45\/F46\/F87 Mileage Blocker for the Best Prices \u2713 Free Shipping \u2713 Incl. Installation Guides","robots":{"index":"index","follow":"follow","max-snippet":"max-snippet:-1","max-image-preview":"max-image-preview:large","max-video-preview":"max-video-preview:-1"},"og_locale":"de_DE","og_type":"article","og_title":"BMW 2ER F22\/F23\/F45\/F46\/F87 Mileage Blocker (KM stopper) \u2192 KM Block","og_description":"Buy a BMW 2ER F22\/F23\/F45\/F46\/F87 Mileage Blocker for the Best Prices \u2713 Free Shipping \u2713 Incl. Installation Guides","og_url":"https:\/\/kmblock.com\/de\/product\/bmw-2er-f22-f23-f45-f46-f87\/","og_site_name":"KM Block","og_image":[{"width":800,"height":800,"url":"https:\/\/kmblock.com\/wp-content\/uploads\/2024\/09\/BMW-2ER-F22F23F45F46F87.webp","type":"image\/webp"}],"twitter_card":"summary_large_image","twitter_misc":{"Gesch\u00e4tzte Lesezeit":"2\u00a0Minuten"},"schema":{"@context":"https:\/\/schema.org","@graph":[{"@type":"WebPage","@id":"https:\/\/kmblock.com\/de\/product\/bmw-2er-f22-f23-f45-f46-f87\/","url":"https:\/\/kmblock.com\/de\/product\/bmw-2er-f22-f23-f45-f46-f87\/","name":"BMW 2ER F22\/F23\/F45\/F46\/F87 Mileage Blocker (KM stopper) \u2192 KM Block","isPartOf":{"@id":"https:\/\/kmblock.com\/de\/#website"},"primaryImageOfPage":{"@id":"https:\/\/kmblock.com\/de\/product\/bmw-2er-f22-f23-f45-f46-f87\/#primaryimage"},"image":{"@id":"https:\/\/kmblock.com\/de\/product\/bmw-2er-f22-f23-f45-f46-f87\/#primaryimage"},"thumbnailUrl":"https:\/\/kmblock.com\/wp-content\/uploads\/2024\/09\/BMW-2ER-F22F23F45F46F87.webp","datePublished":"2024-09-18T18:39:14+00:00","description":"Buy a BMW 2ER F22\/F23\/F45\/F46\/F87 Mileage Blocker for the Best Prices \u2713 Free Shipping \u2713 Incl. Installation Guides","breadcrumb":{"@id":"https:\/\/kmblock.com\/de\/product\/bmw-2er-f22-f23-f45-f46-f87\/#breadcrumb"},"inLanguage":"de","potentialAction":[{"@type":"ReadAction","target":["https:\/\/kmblock.com\/de\/product\/bmw-2er-f22-f23-f45-f46-f87\/"]}]},{"@type":"ImageObject","inLanguage":"de","@id":"https:\/\/kmblock.com\/de\/product\/bmw-2er-f22-f23-f45-f46-f87\/#primaryimage","url":"https:\/\/kmblock.com\/wp-content\/uploads\/2024\/09\/BMW-2ER-F22F23F45F46F87.webp","contentUrl":"https:\/\/kmblock.com\/wp-content\/uploads\/2024\/09\/BMW-2ER-F22F23F45F46F87.webp","width":800,"height":800,"caption":"BMW 2ER F22\/F23\/F45\/F46\/F87"},{"@type":"BreadcrumbList","@id":"https:\/\/kmblock.com\/de\/product\/bmw-2er-f22-f23-f45-f46-f87\/#breadcrumb","itemListElement":[{"@type":"ListItem","position":1,"name":"Startseite","item":"https:\/\/kmblock.com\/de\/"},{"@type":"ListItem","position":2,"name":"Produkte","item":"https:\/\/kmblock.com\/de\/shop\/"},{"@type":"ListItem","position":3,"name":"BMW 2ER F22\/F23\/F45\/F46\/F87"}]},{"@type":"WebSite","@id":"https:\/\/kmblock.com\/de\/#website","url":"https:\/\/kmblock.com\/de\/","name":"KM Block","description":"","publisher":{"@id":"https:\/\/kmblock.com\/de\/#organization"},"potentialAction":[{"@type":"SearchAction","target":{"@type":"EntryPoint","urlTemplate":"https:\/\/kmblock.com\/de\/?s={search_term_string}"},"query-input":{"@type":"PropertyValueSpecification","valueRequired":true,"valueName":"search_term_string"}}],"inLanguage":"de"},{"@type":"Organization","@id":"https:\/\/kmblock.com\/de\/#organization","name":"KM-Block","url":"https:\/\/kmblock.com\/de\/","logo":{"@type":"ImageObject","inLanguage":"de","@id":"https:\/\/kmblock.com\/de\/#\/schema\/logo\/image\/","url":"https:\/\/kmblock.com\/wp-content\/uploads\/2024\/08\/main-logo.png","contentUrl":"https:\/\/kmblock.com\/wp-content\/uploads\/2024\/08\/main-logo.png","width":186,"height":28,"caption":"KM-Block"},"image":{"@id":"https:\/\/kmblock.com\/de\/#\/schema\/logo\/image\/"}}]}},"_links":{"self":[{"href":"https:\/\/kmblock.com\/de\/wp-json\/wp\/v2\/product\/6806","targetHints":{"allow":["GET"]}}],"collection":[{"href":"https:\/\/kmblock.com\/de\/wp-json\/wp\/v2\/product"}],"about":[{"href":"https:\/\/kmblock.com\/de\/wp-json\/wp\/v2\/types\/product"}],"replies":[{"embeddable":true,"href":"https:\/\/kmblock.com\/de\/wp-json\/wp\/v2\/comments?post=6806"}],"wp:featuredmedia":[{"embeddable":true,"href":"https:\/\/kmblock.com\/de\/wp-json\/wp\/v2\/media\/713"}],"wp:attachment":[{"href":"https:\/\/kmblock.com\/de\/wp-json\/wp\/v2\/media?parent=6806"}],"wp:term":[{"taxonomy":"product_brand","embeddable":true,"href":"https:\/\/kmblock.com\/de\/wp-json\/wp\/v2\/product_brand?post=6806"},{"taxonomy":"product_cat","embeddable":true,"href":"https:\/\/kmblock.com\/de\/wp-json\/wp\/v2\/product_cat?post=6806"},{"taxonomy":"product_tag","embeddable":true,"href":"https:\/\/kmblock.com\/de\/wp-json\/wp\/v2\/product_tag?post=6806"}],"curies":[{"name":"wp","href":"https:\/\/api.w.org\/{rel}","templated":true}]}}