{"id":6765,"date":"2024-09-19T00:33:06","date_gmt":"2024-09-19T00:33:06","guid":{"rendered":"https:\/\/kmblock.com\/product\/bmw-5er-i5-g30-g31-g38-f90\/"},"modified":"2024-09-19T00:33:06","modified_gmt":"2024-09-19T00:33:06","slug":"bmw-5er-i5-g30-g31-g38-f90","status":"publish","type":"product","link":"https:\/\/kmblock.com\/de\/product\/bmw-5er-i5-g30-g31-g38-f90\/","title":{"rendered":"BMW 5ER\/I5 G30\/G31\/G38\/F90"},"content":{"rendered":"<div class=\"flex max-w-full flex-col flex-grow\">\n<div class=\"min-h-[20px] text-message flex w-full flex-col items-end gap-2 whitespace-normal break-words [.text-message+&amp;]:mt-5\" dir=\"auto\" data-message-author-role=\"assistant\" data-message-id=\"486fbb14-d9b0-4abf-8aac-69dd9ef3f888\">\n<div class=\"flex w-full flex-col gap-1 empty:hidden first:pt-[3px]\">\n<div class=\"markdown prose w-full break-words dark:prose-invert dark\">\n<h3><strong>KILOMETERSTANDSBLOCKER F\u00dcR BMW 5ER G30\/G31\/G38\/F90<\/strong><\/h3>\n<p>BMW 5ER G30\/G31\/G38\/F90 Mileage Blocker wird auch als Odometer Blocker, Odometer Stopper, Can Blocker, Mileage Stopper, Trip Odometer, Can Filter oder Mileage Correction Tool bezeichnet.<\/p>\n<p><strong>DIESES GER\u00c4T IST GEEIGNET F\u00dcR ALLE BMW 5ER G30\/G31\/G38\/F90 MODELLE, DIE SEIT 2017 ERSCHIENEN SIND<\/strong><\/p>\n<h3>Spezifikationen:<\/h3>\n<ul>\n<li><strong>Do-it-yourself-Installation<\/strong> (kein L\u00f6ten oder Schneiden von Kabeln erforderlich)<\/li>\n<li><strong>Keine Fehlermeldungen<\/strong> auf dem Tachometer oder dem Navigationspanel<\/li>\n<li>Einfache Bedienung mit <strong>mehreren Tastenkombinationen<\/strong><\/li>\n<li><strong>Mehrere Modi<\/strong> f\u00fcr verschiedene Funktionalit\u00e4ten<\/li>\n<li><strong>Nach dem Ausbau des Moduls erh\u00f6ht sich der Kilometerstand nicht spontan<\/strong><\/li>\n<li><strong>Sie m\u00fcssen die ECU nicht \u00f6ffnen<\/strong><\/li>\n<li><strong>Hochwertige Stecker<\/strong> und <strong>hitzebest\u00e4ndige Kabel<\/strong><\/li>\n<li><strong>Geschwindigkeitsanzeige und Assistenzsysteme<\/strong> funktionieren in bestimmten Modi<\/li>\n<li><strong>Einstellungen werden bedingungslos gespeichert<\/strong><\/li>\n<li><strong>Reibungsloser Installationsprozess<\/strong> durch die Rillen und die Gegenfl\u00e4che am Stecker<\/li>\n<li><strong>Keine Fehlermeldungen von Totwinkel-Assistent oder Tempomat<\/strong><\/li>\n<li><strong>Automatische Service-Einstellung<\/strong><\/li>\n<li>In bestimmten Modi k\u00f6nnen <strong>Abweichungen von bis zu 1%<\/strong> der Laufleistung auftreten<\/li>\n<\/ul>\n<h3>Service-Anpassung:<\/h3>\n<p>Das Ger\u00e4t korrigiert automatisch die Serviceintervalle und stoppt gleichzeitig die Kilometerz\u00e4hlung des Fahrzeugs. Der Service arbeitet weiter, bis noch 30% des Intervalls \u00fcbrig sind, dann wird er auf 90% zur\u00fcckgesetzt. Dies verhindert verfr\u00fchte Service-Warnungen.  <\/p>\n<h3>Aktivierung &amp; Deaktivierung:<\/h3>\n<p>&#8220; Schalten Sie das Ger\u00e4t ein, indem Sie die Taste BC 10 Sekunden lang gedr\u00fcckt halten, bis alle Lichter auf dem Display aufleuchten.<\/p>\n<p><strong>Modus Gr\u00fcn:<\/strong> Original-Kilometerz\u00e4hler wieder original 100%. Alles funktioniert einwandfrei. <\/p>\n<p><strong>Modus Gelb:<\/strong> Die Kilometerz\u00e4hlung wird um 30% verlangsamt. Auf alle 100 km 30 km. Alles funktioniert gut.  <\/p>\n<p><strong>Modus Rot:<\/strong> Kilometerz\u00e4hler nicht mehr auf 0%. Die Geschwindigkeit funktioniert nicht.&#8220; <\/p>\n<p>Das Modul funktioniert mit Diesel-, Benzin-, PHEV- und Elektroautos. Der <strong>Mileage Blocker<\/strong> ist ein zuverl\u00e4ssiges Werkzeug zum Testen der Fahrzeugleistung in einer kontrollierten Umgebung. <\/p>\n<p><strong>Bitte beachten Sie<\/strong>: Wir verkaufen keine <strong>Tools zur Kilometerkorrektur<\/strong>, da diese f\u00fcr betr\u00fcgerische Zwecke, wie z.B. das Zur\u00fcckdrehen des Kilometerz\u00e4hlers, gedacht sind.<\/p>\n<\/div>\n<\/div>\n<\/div>\n<\/div>\n","protected":false},"excerpt":{"rendered":"<div class=\"flex-shrink-0 flex flex-col relative items-end\">\n<div class=\"pt-0\">\n<div class=\"gizmo-bot-avatar flex h-8 w-8 items-center justify-center overflow-hidden rounded-full\">\n<div class=\"relative p-1 rounded-sm flex items-center justify-center bg-token-main-surface-primary text-token-text-primary h-8 w-8\">\n<p>Bevor Sie bestellen, lesen Sie bitte sorgf\u00e4ltig die Informationen \u00fcber die Aktivierung des Moduls und wichtige Hinweise zu Fehlermeldungen und Funktionen unten.<\/p>\n<p><strong>Dieses Ger\u00e4t ist f\u00fcr alle BMW 5er G30\/G31\/G38\/F90 Modelle ab 2017 geeignet.  <\/strong>Geschwindigkeitsanzeige und Assistenzprogramme funktionieren in bestimmten Modi. Keine Fehlermeldungen durch den Totwinkel-Assistenten oder den Tempomat. Do-it-yourself-Installation mit erstklassigen Steckern und hitzebest\u00e4ndigen Kabeln. Funktioniert mit 6WB LCD und Live Cockpit.   <\/p>\n<p class=\"p1\"><b> \u2705 Nahtlose Integration<\/b><b><\/b><\/p>\n<p class=\"p1\">\u2705<b> Einfache Installation<\/b><b><\/b><\/p>\n<p class=\"p1\">\u2705<b> Genaue Verwaltung des Kilometerstandes<\/b><b><\/b><\/p>\n<p class=\"p1\"><b> \u2705 Betrieb im Tarnkappenmodus<\/b><b><\/b><\/p>\n<p class=\"p1\"><span class=\"s1\">\u2705<\/span><b> Lebenslanger Support und Updates<\/b><\/p>\n<\/div>\n<\/div>\n<\/div>\n<\/div>\n","protected":false},"featured_media":6767,"comment_status":"open","ping_status":"closed","template":"","meta":[],"product_brand":[],"product_cat":[709],"product_tag":[],"class_list":{"0":"post-6765","1":"product","2":"type-product","3":"status-publish","4":"has-post-thumbnail","6":"product_cat-bmw","8":"first","9":"instock","10":"taxable","11":"shipping-taxable","12":"purchasable","13":"product-type-variable"},"yoast_head":"<!-- This site is optimized with the Yoast SEO plugin v27.5 - https:\/\/yoast.com\/product\/yoast-seo-wordpress\/ -->\n<title>BMW 5ER\/I5 G30\/G31\/G38\/F90 Mileage Blocker (KM stopper) \u2192 KM Block<\/title>\n<meta name=\"description\" content=\"Buy a BMW 5ER\/I5 G30\/G31\/G38\/F90 Mileage Blocker for the Best Prices \u2713 Free Shipping \u2713 Incl. Installation Guides\" \/>\n<meta name=\"robots\" content=\"index, follow, max-snippet:-1, max-image-preview:large, max-video-preview:-1\" \/>\n<meta property=\"og:locale\" content=\"de_DE\" \/>\n<meta property=\"og:type\" content=\"article\" \/>\n<meta property=\"og:title\" content=\"BMW 5ER\/I5 G30\/G31\/G38\/F90 Mileage Blocker (KM stopper) \u2192 KM Block\" \/>\n<meta property=\"og:description\" content=\"Buy a BMW 5ER\/I5 G30\/G31\/G38\/F90 Mileage Blocker for the Best Prices \u2713 Free Shipping \u2713 Incl. Installation Guides\" \/>\n<meta property=\"og:url\" content=\"https:\/\/kmblock.com\/de\/product\/bmw-5er-i5-g30-g31-g38-f90\/\" \/>\n<meta property=\"og:site_name\" content=\"KM Block\" \/>\n<meta property=\"og:image\" content=\"https:\/\/kmblock.com\/wp-content\/uploads\/2024\/09\/BMW-5ERI5-G60G61G38F90.webp\" \/>\n\t<meta property=\"og:image:width\" content=\"800\" \/>\n\t<meta property=\"og:image:height\" content=\"800\" \/>\n\t<meta property=\"og:image:type\" content=\"image\/webp\" \/>\n<meta name=\"twitter:card\" content=\"summary_large_image\" \/>\n<meta name=\"twitter:label1\" content=\"Gesch\u00e4tzte Lesezeit\" \/>\n\t<meta name=\"twitter:data1\" content=\"2\u00a0Minuten\" \/>\n<script type=\"application\/ld+json\" class=\"yoast-schema-graph\">{\"@context\":\"https:\\\/\\\/schema.org\",\"@graph\":[{\"@type\":\"WebPage\",\"@id\":\"https:\\\/\\\/kmblock.com\\\/de\\\/product\\\/bmw-5er-i5-g30-g31-g38-f90\\\/\",\"url\":\"https:\\\/\\\/kmblock.com\\\/de\\\/product\\\/bmw-5er-i5-g30-g31-g38-f90\\\/\",\"name\":\"BMW 5ER\\\/I5 G30\\\/G31\\\/G38\\\/F90 Mileage Blocker (KM stopper) \u2192 KM Block\",\"isPartOf\":{\"@id\":\"https:\\\/\\\/kmblock.com\\\/de\\\/#website\"},\"primaryImageOfPage\":{\"@id\":\"https:\\\/\\\/kmblock.com\\\/de\\\/product\\\/bmw-5er-i5-g30-g31-g38-f90\\\/#primaryimage\"},\"image\":{\"@id\":\"https:\\\/\\\/kmblock.com\\\/de\\\/product\\\/bmw-5er-i5-g30-g31-g38-f90\\\/#primaryimage\"},\"thumbnailUrl\":\"https:\\\/\\\/kmblock.com\\\/wp-content\\\/uploads\\\/2024\\\/09\\\/BMW-5ERI5-G60G61G38F90.webp\",\"datePublished\":\"2024-09-19T00:33:06+00:00\",\"description\":\"Buy a BMW 5ER\\\/I5 G30\\\/G31\\\/G38\\\/F90 Mileage Blocker for the Best Prices \u2713 Free Shipping \u2713 Incl. Installation Guides\",\"breadcrumb\":{\"@id\":\"https:\\\/\\\/kmblock.com\\\/de\\\/product\\\/bmw-5er-i5-g30-g31-g38-f90\\\/#breadcrumb\"},\"inLanguage\":\"de\",\"potentialAction\":[{\"@type\":\"ReadAction\",\"target\":[\"https:\\\/\\\/kmblock.com\\\/de\\\/product\\\/bmw-5er-i5-g30-g31-g38-f90\\\/\"]}]},{\"@type\":\"ImageObject\",\"inLanguage\":\"de\",\"@id\":\"https:\\\/\\\/kmblock.com\\\/de\\\/product\\\/bmw-5er-i5-g30-g31-g38-f90\\\/#primaryimage\",\"url\":\"https:\\\/\\\/kmblock.com\\\/wp-content\\\/uploads\\\/2024\\\/09\\\/BMW-5ERI5-G60G61G38F90.webp\",\"contentUrl\":\"https:\\\/\\\/kmblock.com\\\/wp-content\\\/uploads\\\/2024\\\/09\\\/BMW-5ERI5-G60G61G38F90.webp\",\"width\":800,\"height\":800,\"caption\":\"BMW 5ER\\\/I5 G60\\\/G61\\\/G38\\\/F90\"},{\"@type\":\"BreadcrumbList\",\"@id\":\"https:\\\/\\\/kmblock.com\\\/de\\\/product\\\/bmw-5er-i5-g30-g31-g38-f90\\\/#breadcrumb\",\"itemListElement\":[{\"@type\":\"ListItem\",\"position\":1,\"name\":\"Startseite\",\"item\":\"https:\\\/\\\/kmblock.com\\\/de\\\/\"},{\"@type\":\"ListItem\",\"position\":2,\"name\":\"Produkte\",\"item\":\"https:\\\/\\\/kmblock.com\\\/de\\\/shop\\\/\"},{\"@type\":\"ListItem\",\"position\":3,\"name\":\"BMW 5ER\\\/I5 G30\\\/G31\\\/G38\\\/F90\"}]},{\"@type\":\"WebSite\",\"@id\":\"https:\\\/\\\/kmblock.com\\\/de\\\/#website\",\"url\":\"https:\\\/\\\/kmblock.com\\\/de\\\/\",\"name\":\"KM Block\",\"description\":\"\",\"publisher\":{\"@id\":\"https:\\\/\\\/kmblock.com\\\/de\\\/#organization\"},\"potentialAction\":[{\"@type\":\"SearchAction\",\"target\":{\"@type\":\"EntryPoint\",\"urlTemplate\":\"https:\\\/\\\/kmblock.com\\\/de\\\/?s={search_term_string}\"},\"query-input\":{\"@type\":\"PropertyValueSpecification\",\"valueRequired\":true,\"valueName\":\"search_term_string\"}}],\"inLanguage\":\"de\"},{\"@type\":\"Organization\",\"@id\":\"https:\\\/\\\/kmblock.com\\\/de\\\/#organization\",\"name\":\"KM-Block\",\"url\":\"https:\\\/\\\/kmblock.com\\\/de\\\/\",\"logo\":{\"@type\":\"ImageObject\",\"inLanguage\":\"de\",\"@id\":\"https:\\\/\\\/kmblock.com\\\/de\\\/#\\\/schema\\\/logo\\\/image\\\/\",\"url\":\"https:\\\/\\\/kmblock.com\\\/wp-content\\\/uploads\\\/2024\\\/08\\\/main-logo.png\",\"contentUrl\":\"https:\\\/\\\/kmblock.com\\\/wp-content\\\/uploads\\\/2024\\\/08\\\/main-logo.png\",\"width\":186,\"height\":28,\"caption\":\"KM-Block\"},\"image\":{\"@id\":\"https:\\\/\\\/kmblock.com\\\/de\\\/#\\\/schema\\\/logo\\\/image\\\/\"}}]}<\/script>\n<!-- \/ Yoast SEO plugin. -->","yoast_head_json":{"title":"BMW 5ER\/I5 G30\/G31\/G38\/F90 Mileage Blocker (KM stopper) \u2192 KM Block","description":"Buy a BMW 5ER\/I5 G30\/G31\/G38\/F90 Mileage Blocker for the Best Prices \u2713 Free Shipping \u2713 Incl. Installation Guides","robots":{"index":"index","follow":"follow","max-snippet":"max-snippet:-1","max-image-preview":"max-image-preview:large","max-video-preview":"max-video-preview:-1"},"og_locale":"de_DE","og_type":"article","og_title":"BMW 5ER\/I5 G30\/G31\/G38\/F90 Mileage Blocker (KM stopper) \u2192 KM Block","og_description":"Buy a BMW 5ER\/I5 G30\/G31\/G38\/F90 Mileage Blocker for the Best Prices \u2713 Free Shipping \u2713 Incl. Installation Guides","og_url":"https:\/\/kmblock.com\/de\/product\/bmw-5er-i5-g30-g31-g38-f90\/","og_site_name":"KM Block","og_image":[{"width":800,"height":800,"url":"https:\/\/kmblock.com\/wp-content\/uploads\/2024\/09\/BMW-5ERI5-G60G61G38F90.webp","type":"image\/webp"}],"twitter_card":"summary_large_image","twitter_misc":{"Gesch\u00e4tzte Lesezeit":"2\u00a0Minuten"},"schema":{"@context":"https:\/\/schema.org","@graph":[{"@type":"WebPage","@id":"https:\/\/kmblock.com\/de\/product\/bmw-5er-i5-g30-g31-g38-f90\/","url":"https:\/\/kmblock.com\/de\/product\/bmw-5er-i5-g30-g31-g38-f90\/","name":"BMW 5ER\/I5 G30\/G31\/G38\/F90 Mileage Blocker (KM stopper) \u2192 KM Block","isPartOf":{"@id":"https:\/\/kmblock.com\/de\/#website"},"primaryImageOfPage":{"@id":"https:\/\/kmblock.com\/de\/product\/bmw-5er-i5-g30-g31-g38-f90\/#primaryimage"},"image":{"@id":"https:\/\/kmblock.com\/de\/product\/bmw-5er-i5-g30-g31-g38-f90\/#primaryimage"},"thumbnailUrl":"https:\/\/kmblock.com\/wp-content\/uploads\/2024\/09\/BMW-5ERI5-G60G61G38F90.webp","datePublished":"2024-09-19T00:33:06+00:00","description":"Buy a BMW 5ER\/I5 G30\/G31\/G38\/F90 Mileage Blocker for the Best Prices \u2713 Free Shipping \u2713 Incl. Installation Guides","breadcrumb":{"@id":"https:\/\/kmblock.com\/de\/product\/bmw-5er-i5-g30-g31-g38-f90\/#breadcrumb"},"inLanguage":"de","potentialAction":[{"@type":"ReadAction","target":["https:\/\/kmblock.com\/de\/product\/bmw-5er-i5-g30-g31-g38-f90\/"]}]},{"@type":"ImageObject","inLanguage":"de","@id":"https:\/\/kmblock.com\/de\/product\/bmw-5er-i5-g30-g31-g38-f90\/#primaryimage","url":"https:\/\/kmblock.com\/wp-content\/uploads\/2024\/09\/BMW-5ERI5-G60G61G38F90.webp","contentUrl":"https:\/\/kmblock.com\/wp-content\/uploads\/2024\/09\/BMW-5ERI5-G60G61G38F90.webp","width":800,"height":800,"caption":"BMW 5ER\/I5 G60\/G61\/G38\/F90"},{"@type":"BreadcrumbList","@id":"https:\/\/kmblock.com\/de\/product\/bmw-5er-i5-g30-g31-g38-f90\/#breadcrumb","itemListElement":[{"@type":"ListItem","position":1,"name":"Startseite","item":"https:\/\/kmblock.com\/de\/"},{"@type":"ListItem","position":2,"name":"Produkte","item":"https:\/\/kmblock.com\/de\/shop\/"},{"@type":"ListItem","position":3,"name":"BMW 5ER\/I5 G30\/G31\/G38\/F90"}]},{"@type":"WebSite","@id":"https:\/\/kmblock.com\/de\/#website","url":"https:\/\/kmblock.com\/de\/","name":"KM Block","description":"","publisher":{"@id":"https:\/\/kmblock.com\/de\/#organization"},"potentialAction":[{"@type":"SearchAction","target":{"@type":"EntryPoint","urlTemplate":"https:\/\/kmblock.com\/de\/?s={search_term_string}"},"query-input":{"@type":"PropertyValueSpecification","valueRequired":true,"valueName":"search_term_string"}}],"inLanguage":"de"},{"@type":"Organization","@id":"https:\/\/kmblock.com\/de\/#organization","name":"KM-Block","url":"https:\/\/kmblock.com\/de\/","logo":{"@type":"ImageObject","inLanguage":"de","@id":"https:\/\/kmblock.com\/de\/#\/schema\/logo\/image\/","url":"https:\/\/kmblock.com\/wp-content\/uploads\/2024\/08\/main-logo.png","contentUrl":"https:\/\/kmblock.com\/wp-content\/uploads\/2024\/08\/main-logo.png","width":186,"height":28,"caption":"KM-Block"},"image":{"@id":"https:\/\/kmblock.com\/de\/#\/schema\/logo\/image\/"}}]}},"_links":{"self":[{"href":"https:\/\/kmblock.com\/de\/wp-json\/wp\/v2\/product\/6765","targetHints":{"allow":["GET"]}}],"collection":[{"href":"https:\/\/kmblock.com\/de\/wp-json\/wp\/v2\/product"}],"about":[{"href":"https:\/\/kmblock.com\/de\/wp-json\/wp\/v2\/types\/product"}],"replies":[{"embeddable":true,"href":"https:\/\/kmblock.com\/de\/wp-json\/wp\/v2\/comments?post=6765"}],"wp:featuredmedia":[{"embeddable":true,"href":"https:\/\/kmblock.com\/de\/wp-json\/wp\/v2\/media\/6767"}],"wp:attachment":[{"href":"https:\/\/kmblock.com\/de\/wp-json\/wp\/v2\/media?parent=6765"}],"wp:term":[{"taxonomy":"product_brand","embeddable":true,"href":"https:\/\/kmblock.com\/de\/wp-json\/wp\/v2\/product_brand?post=6765"},{"taxonomy":"product_cat","embeddable":true,"href":"https:\/\/kmblock.com\/de\/wp-json\/wp\/v2\/product_cat?post=6765"},{"taxonomy":"product_tag","embeddable":true,"href":"https:\/\/kmblock.com\/de\/wp-json\/wp\/v2\/product_tag?post=6765"}],"curies":[{"name":"wp","href":"https:\/\/api.w.org\/{rel}","templated":true}]}}