{"id":6737,"date":"2024-09-19T01:09:11","date_gmt":"2024-09-19T01:09:11","guid":{"rendered":"https:\/\/kmblock.com\/product\/bmw-6er-f12-f13\/"},"modified":"2024-09-19T01:09:11","modified_gmt":"2024-09-19T01:09:11","slug":"bmw-6er-f12-f13","status":"publish","type":"product","link":"https:\/\/kmblock.com\/de\/product\/bmw-6er-f12-f13\/","title":{"rendered":"BMW 6ER F12\/F13"},"content":{"rendered":"<div class=\"flex max-w-full flex-col flex-grow\">\n<div class=\"min-h-[20px] text-message flex w-full flex-col items-end gap-2 whitespace-normal break-words [.text-message+&amp;]:mt-5\" dir=\"auto\" data-message-author-role=\"assistant\" data-message-id=\"486fbb14-d9b0-4abf-8aac-69dd9ef3f888\">\n<div class=\"flex w-full flex-col gap-1 empty:hidden first:pt-[3px]\">\n<div class=\"markdown prose w-full break-words dark:prose-invert dark\">\n<h3><strong>Kilometerstandsblocker f\u00fcr BMW 6er F12\/F13<\/strong><\/h3>\n<p>(Auch bekannt als: Kilometerz\u00e4hler-Blocker, Kilometerz\u00e4hler-Stopper, Dosen-Blocker, Kilometerz\u00e4hler-Stopper, Dosen-Filter, oder Kilometer-Korrektur-Tool)<\/p>\n<p><strong>Kompatibilit\u00e4t<\/strong>:<br \/>\nDieses Ger\u00e4t ist f\u00fcr alle BMW 6er F12\/F13 Modelle geeignet, die zwischen 2011 &#8211; 2018 erschienen sind.<\/p>\n<h3>Spezifikationen:<\/h3>\n<ul>\n<li><strong>DIY-Installation<\/strong>: Einfach, kein L\u00f6ten oder Kabelschneiden erforderlich.<\/li>\n<li><strong>Beibehaltener Kilometerstand<\/strong>: Der Kilometerstand erh\u00f6ht sich nicht, nachdem das Modul abgenommen wurde.<\/li>\n<li><strong>Erstklassige Ausf\u00fchrung<\/strong>: Ausgestattet mit hochwertigen Steckern und hitzebest\u00e4ndigen Kabeln.<\/li>\n<li><strong>Kein Zugang zur ECU<\/strong>: Sie m\u00fcssen das Steuerger\u00e4t f\u00fcr die Installation oder den Betrieb nicht \u00f6ffnen.<\/li>\n<li><strong>Fehlerfrei<\/strong>: Keine Fehlermeldungen auf dem Tachometer oder dem Navigationspanel.<\/li>\n<li><strong>Automatische Serviceanpassung<\/strong>: Das Ger\u00e4t korrigiert die Wartungsintervalle automatisch.<\/li>\n<li><strong>Software-Update-Kompatibilit\u00e4t<\/strong>: Funktioniert auch nach Software-Updates des Fahrzeugs, aktivieren Sie einfach Modus 2.<\/li>\n<\/ul>\n<h3>Wichtige Merkmale:<\/h3>\n<ul>\n<li><strong>Geschwindigkeitsanzeige<\/strong>: Die Geschwindigkeitsanzeige funktioniert, aber die Assistenzsysteme funktionieren nur in bestimmten Modi.<\/li>\n<li><strong>Fehlerfreie Systeme<\/strong>: Keine Fehlermeldungen f\u00fcr Toter-Winkel-Assistent oder Tempomat.<\/li>\n<li><strong>Einstellungen<\/strong>: Einmal ausgew\u00e4hlt, werden die Einstellungen dauerhaft gespeichert.<\/li>\n<li><strong>Ungef\u00e4hre Abweichung beim Kilometerstand<\/strong>: Der blockierte Kilometerstand kann um bis zu 1% abweichen.<\/li>\n<\/ul>\n<h3>Service-Anpassung:<\/h3>\n<p>Der Mileage Blocker unterbricht die Kilometerz\u00e4hlung in allen Speichern, passt aber den Servicez\u00e4hler automatisch an. Die Serviceintervalle werden beibehalten, mit automatischen Spr\u00fcngen von 30 % zur\u00fcck auf 90 %, sobald das Modul aktiviert ist, was eine nahtlose Erfahrung bei der Serviceplanung gew\u00e4hrleistet. <\/p>\n<h3>Aktivierung &amp; Modi:<\/h3>\n<p>&#8220; Aktivieren durch Dr\u00fccken von *BC mit Modus *.<br \/>\n<strong>Modus 1:<\/strong> 1 Blinken nach links 30 Prozent<\/p>\n<p><strong>Modus 2:<\/strong> 2 Blinksignale nach links 0 Prozent (keine Geschwindigkeit)<\/p>\n<p><strong>Modus 3:<\/strong> 3 Blinksignale nach links 0 Prozent ( Geschwindigkeit, funktioniert nur ohne Update)<\/p>\n<p><strong>Modus 4:<\/strong> 1 Blinken nach rechts 100 Prozent&#8220;<\/p>\n<h3>Zweck:<\/h3>\n<p>Dieses Tool ist f\u00fcr den Test der Fahrzeugleistung in kontrollierten Umgebungen gedacht. Es funktioniert sowohl mit Benzin- und Dieselmotoren als auch mit Plug-in-Hybrid-Elektrofahrzeugen (PHEVs) und Elektroautos. <\/p>\n<p><strong>Hinweis<\/strong>: Wir verkaufen keine Tools zur Kilometerkorrektur f\u00fcr betr\u00fcgerische Zwecke wie das Zur\u00fcckspulen oder Zur\u00fcckrollen von Kilometern. Mehrere Datenspeicher in Autos verhindern eine vollst\u00e4ndige Umkehrung des Kilometerstandes. <\/p>\n<p>Der BMW 6er F12\/F13 Mileage Blocker ist ein fortschrittliches Tool zum Testen der Leistung Ihres Fahrzeugs. Er bietet eine zuverl\u00e4ssige und effiziente Leistung, ohne die Gesamtintegrit\u00e4t der Kilometersysteme des Fahrzeugs zu beeintr\u00e4chtigen.<\/p>\n<\/div>\n<\/div>\n<\/div>\n<\/div>\n","protected":false},"excerpt":{"rendered":"<div class=\"flex-shrink-0 flex flex-col relative items-end\">\n<div class=\"pt-0\">\n<div class=\"gizmo-bot-avatar flex h-8 w-8 items-center justify-center overflow-hidden rounded-full\">\n<div class=\"relative p-1 rounded-sm flex items-center justify-center bg-token-main-surface-primary text-token-text-primary h-8 w-8\">\n<p>Bevor Sie bestellen, lesen Sie bitte sorgf\u00e4ltig die Informationen \u00fcber die Aktivierung des Moduls und wichtige Hinweise zu Fehlermeldungen und Funktionen unten.<\/p>\n<p><strong>Dieser Mileage Blocker ist f\u00fcr alle BMW 6er F12\/F13 Modelle geeignet, die zwischen 2011 &#8211; 2018 erschienen sind.<\/strong>  Die Funktionsf\u00e4higkeit dieser Systeme bleibt in bestimmten Modi erhalten. Es werden keine Fehlermeldungen f\u00fcr den Totwinkel-Assistenten oder den Tempomat angezeigt. Einfacher Selbsteinbau mit hochwertigen Steckern und hitzebest\u00e4ndigen Kabeln. Sie brauchen nicht zu l\u00f6ten oder zu schneiden.   <\/p>\n<p class=\"p1\"><b> \u2705 Nahtlose Integration<\/b><b><\/b><\/p>\n<p class=\"p1\">\u2705<b> Einfache Installation<\/b><b><\/b><\/p>\n<p class=\"p1\">\u2705<b> Genaue Verwaltung des Kilometerstandes<\/b><b><\/b><\/p>\n<p class=\"p1\"><b> \u2705 Betrieb im Tarnkappenmodus<\/b><b><\/b><\/p>\n<p class=\"p1\"><span class=\"s1\">\u2705<\/span><b> Lebenslanger Support und Updates<\/b><\/p>\n<\/div>\n<\/div>\n<\/div>\n<\/div>\n","protected":false},"featured_media":729,"comment_status":"open","ping_status":"closed","template":"","meta":[],"product_brand":[],"product_cat":[709],"product_tag":[],"class_list":{"0":"post-6737","1":"product","2":"type-product","3":"status-publish","4":"has-post-thumbnail","6":"product_cat-bmw","8":"first","9":"instock","10":"taxable","11":"shipping-taxable","12":"purchasable","13":"product-type-variable"},"yoast_head":"<!-- This site is optimized with the Yoast SEO plugin v27.5 - https:\/\/yoast.com\/product\/yoast-seo-wordpress\/ -->\n<title>BMW 6ER F12\/F13 Mileage Blocker (KM stopper) \u2192 KM Block<\/title>\n<meta name=\"description\" content=\"Buy a BMW 6ER F12\/F13 Mileage Blocker for the Best Prices \u2713 Free Shipping \u2713 Incl. Installation Guides\" \/>\n<meta name=\"robots\" content=\"index, follow, max-snippet:-1, max-image-preview:large, max-video-preview:-1\" \/>\n<meta property=\"og:locale\" content=\"de_DE\" \/>\n<meta property=\"og:type\" content=\"article\" \/>\n<meta property=\"og:title\" content=\"BMW 6ER F12\/F13 Mileage Blocker (KM stopper) \u2192 KM Block\" \/>\n<meta property=\"og:description\" content=\"Buy a BMW 6ER F12\/F13 Mileage Blocker for the Best Prices \u2713 Free Shipping \u2713 Incl. Installation Guides\" \/>\n<meta property=\"og:url\" content=\"https:\/\/kmblock.com\/de\/product\/bmw-6er-f12-f13\/\" \/>\n<meta property=\"og:site_name\" content=\"KM Block\" \/>\n<meta property=\"og:image\" content=\"https:\/\/kmblock.com\/wp-content\/uploads\/2024\/09\/BMW-6ER-F12F13.webp\" \/>\n\t<meta property=\"og:image:width\" content=\"800\" \/>\n\t<meta property=\"og:image:height\" content=\"800\" \/>\n\t<meta property=\"og:image:type\" content=\"image\/webp\" \/>\n<meta name=\"twitter:card\" content=\"summary_large_image\" \/>\n<meta name=\"twitter:label1\" content=\"Gesch\u00e4tzte Lesezeit\" \/>\n\t<meta name=\"twitter:data1\" content=\"2\u00a0Minuten\" \/>\n<script type=\"application\/ld+json\" class=\"yoast-schema-graph\">{\"@context\":\"https:\\\/\\\/schema.org\",\"@graph\":[{\"@type\":\"WebPage\",\"@id\":\"https:\\\/\\\/kmblock.com\\\/de\\\/product\\\/bmw-6er-f12-f13\\\/\",\"url\":\"https:\\\/\\\/kmblock.com\\\/de\\\/product\\\/bmw-6er-f12-f13\\\/\",\"name\":\"BMW 6ER F12\\\/F13 Mileage Blocker (KM stopper) \u2192 KM Block\",\"isPartOf\":{\"@id\":\"https:\\\/\\\/kmblock.com\\\/de\\\/#website\"},\"primaryImageOfPage\":{\"@id\":\"https:\\\/\\\/kmblock.com\\\/de\\\/product\\\/bmw-6er-f12-f13\\\/#primaryimage\"},\"image\":{\"@id\":\"https:\\\/\\\/kmblock.com\\\/de\\\/product\\\/bmw-6er-f12-f13\\\/#primaryimage\"},\"thumbnailUrl\":\"https:\\\/\\\/kmblock.com\\\/wp-content\\\/uploads\\\/2024\\\/09\\\/BMW-6ER-F12F13.webp\",\"datePublished\":\"2024-09-19T01:09:11+00:00\",\"description\":\"Buy a BMW 6ER F12\\\/F13 Mileage Blocker for the Best Prices \u2713 Free Shipping \u2713 Incl. Installation Guides\",\"breadcrumb\":{\"@id\":\"https:\\\/\\\/kmblock.com\\\/de\\\/product\\\/bmw-6er-f12-f13\\\/#breadcrumb\"},\"inLanguage\":\"de\",\"potentialAction\":[{\"@type\":\"ReadAction\",\"target\":[\"https:\\\/\\\/kmblock.com\\\/de\\\/product\\\/bmw-6er-f12-f13\\\/\"]}]},{\"@type\":\"ImageObject\",\"inLanguage\":\"de\",\"@id\":\"https:\\\/\\\/kmblock.com\\\/de\\\/product\\\/bmw-6er-f12-f13\\\/#primaryimage\",\"url\":\"https:\\\/\\\/kmblock.com\\\/wp-content\\\/uploads\\\/2024\\\/09\\\/BMW-6ER-F12F13.webp\",\"contentUrl\":\"https:\\\/\\\/kmblock.com\\\/wp-content\\\/uploads\\\/2024\\\/09\\\/BMW-6ER-F12F13.webp\",\"width\":800,\"height\":800,\"caption\":\"BMW 6ER F12\\\/F13\"},{\"@type\":\"BreadcrumbList\",\"@id\":\"https:\\\/\\\/kmblock.com\\\/de\\\/product\\\/bmw-6er-f12-f13\\\/#breadcrumb\",\"itemListElement\":[{\"@type\":\"ListItem\",\"position\":1,\"name\":\"Startseite\",\"item\":\"https:\\\/\\\/kmblock.com\\\/de\\\/\"},{\"@type\":\"ListItem\",\"position\":2,\"name\":\"Produkte\",\"item\":\"https:\\\/\\\/kmblock.com\\\/de\\\/shop\\\/\"},{\"@type\":\"ListItem\",\"position\":3,\"name\":\"BMW 6ER F12\\\/F13\"}]},{\"@type\":\"WebSite\",\"@id\":\"https:\\\/\\\/kmblock.com\\\/de\\\/#website\",\"url\":\"https:\\\/\\\/kmblock.com\\\/de\\\/\",\"name\":\"KM Block\",\"description\":\"\",\"publisher\":{\"@id\":\"https:\\\/\\\/kmblock.com\\\/de\\\/#organization\"},\"potentialAction\":[{\"@type\":\"SearchAction\",\"target\":{\"@type\":\"EntryPoint\",\"urlTemplate\":\"https:\\\/\\\/kmblock.com\\\/de\\\/?s={search_term_string}\"},\"query-input\":{\"@type\":\"PropertyValueSpecification\",\"valueRequired\":true,\"valueName\":\"search_term_string\"}}],\"inLanguage\":\"de\"},{\"@type\":\"Organization\",\"@id\":\"https:\\\/\\\/kmblock.com\\\/de\\\/#organization\",\"name\":\"KM-Block\",\"url\":\"https:\\\/\\\/kmblock.com\\\/de\\\/\",\"logo\":{\"@type\":\"ImageObject\",\"inLanguage\":\"de\",\"@id\":\"https:\\\/\\\/kmblock.com\\\/de\\\/#\\\/schema\\\/logo\\\/image\\\/\",\"url\":\"https:\\\/\\\/kmblock.com\\\/wp-content\\\/uploads\\\/2024\\\/08\\\/main-logo.png\",\"contentUrl\":\"https:\\\/\\\/kmblock.com\\\/wp-content\\\/uploads\\\/2024\\\/08\\\/main-logo.png\",\"width\":186,\"height\":28,\"caption\":\"KM-Block\"},\"image\":{\"@id\":\"https:\\\/\\\/kmblock.com\\\/de\\\/#\\\/schema\\\/logo\\\/image\\\/\"}}]}<\/script>\n<!-- \/ Yoast SEO plugin. -->","yoast_head_json":{"title":"BMW 6ER F12\/F13 Mileage Blocker (KM stopper) \u2192 KM Block","description":"Buy a BMW 6ER F12\/F13 Mileage Blocker for the Best Prices \u2713 Free Shipping \u2713 Incl. Installation Guides","robots":{"index":"index","follow":"follow","max-snippet":"max-snippet:-1","max-image-preview":"max-image-preview:large","max-video-preview":"max-video-preview:-1"},"og_locale":"de_DE","og_type":"article","og_title":"BMW 6ER F12\/F13 Mileage Blocker (KM stopper) \u2192 KM Block","og_description":"Buy a BMW 6ER F12\/F13 Mileage Blocker for the Best Prices \u2713 Free Shipping \u2713 Incl. Installation Guides","og_url":"https:\/\/kmblock.com\/de\/product\/bmw-6er-f12-f13\/","og_site_name":"KM Block","og_image":[{"width":800,"height":800,"url":"https:\/\/kmblock.com\/wp-content\/uploads\/2024\/09\/BMW-6ER-F12F13.webp","type":"image\/webp"}],"twitter_card":"summary_large_image","twitter_misc":{"Gesch\u00e4tzte Lesezeit":"2\u00a0Minuten"},"schema":{"@context":"https:\/\/schema.org","@graph":[{"@type":"WebPage","@id":"https:\/\/kmblock.com\/de\/product\/bmw-6er-f12-f13\/","url":"https:\/\/kmblock.com\/de\/product\/bmw-6er-f12-f13\/","name":"BMW 6ER F12\/F13 Mileage Blocker (KM stopper) \u2192 KM Block","isPartOf":{"@id":"https:\/\/kmblock.com\/de\/#website"},"primaryImageOfPage":{"@id":"https:\/\/kmblock.com\/de\/product\/bmw-6er-f12-f13\/#primaryimage"},"image":{"@id":"https:\/\/kmblock.com\/de\/product\/bmw-6er-f12-f13\/#primaryimage"},"thumbnailUrl":"https:\/\/kmblock.com\/wp-content\/uploads\/2024\/09\/BMW-6ER-F12F13.webp","datePublished":"2024-09-19T01:09:11+00:00","description":"Buy a BMW 6ER F12\/F13 Mileage Blocker for the Best Prices \u2713 Free Shipping \u2713 Incl. Installation Guides","breadcrumb":{"@id":"https:\/\/kmblock.com\/de\/product\/bmw-6er-f12-f13\/#breadcrumb"},"inLanguage":"de","potentialAction":[{"@type":"ReadAction","target":["https:\/\/kmblock.com\/de\/product\/bmw-6er-f12-f13\/"]}]},{"@type":"ImageObject","inLanguage":"de","@id":"https:\/\/kmblock.com\/de\/product\/bmw-6er-f12-f13\/#primaryimage","url":"https:\/\/kmblock.com\/wp-content\/uploads\/2024\/09\/BMW-6ER-F12F13.webp","contentUrl":"https:\/\/kmblock.com\/wp-content\/uploads\/2024\/09\/BMW-6ER-F12F13.webp","width":800,"height":800,"caption":"BMW 6ER F12\/F13"},{"@type":"BreadcrumbList","@id":"https:\/\/kmblock.com\/de\/product\/bmw-6er-f12-f13\/#breadcrumb","itemListElement":[{"@type":"ListItem","position":1,"name":"Startseite","item":"https:\/\/kmblock.com\/de\/"},{"@type":"ListItem","position":2,"name":"Produkte","item":"https:\/\/kmblock.com\/de\/shop\/"},{"@type":"ListItem","position":3,"name":"BMW 6ER F12\/F13"}]},{"@type":"WebSite","@id":"https:\/\/kmblock.com\/de\/#website","url":"https:\/\/kmblock.com\/de\/","name":"KM Block","description":"","publisher":{"@id":"https:\/\/kmblock.com\/de\/#organization"},"potentialAction":[{"@type":"SearchAction","target":{"@type":"EntryPoint","urlTemplate":"https:\/\/kmblock.com\/de\/?s={search_term_string}"},"query-input":{"@type":"PropertyValueSpecification","valueRequired":true,"valueName":"search_term_string"}}],"inLanguage":"de"},{"@type":"Organization","@id":"https:\/\/kmblock.com\/de\/#organization","name":"KM-Block","url":"https:\/\/kmblock.com\/de\/","logo":{"@type":"ImageObject","inLanguage":"de","@id":"https:\/\/kmblock.com\/de\/#\/schema\/logo\/image\/","url":"https:\/\/kmblock.com\/wp-content\/uploads\/2024\/08\/main-logo.png","contentUrl":"https:\/\/kmblock.com\/wp-content\/uploads\/2024\/08\/main-logo.png","width":186,"height":28,"caption":"KM-Block"},"image":{"@id":"https:\/\/kmblock.com\/de\/#\/schema\/logo\/image\/"}}]}},"_links":{"self":[{"href":"https:\/\/kmblock.com\/de\/wp-json\/wp\/v2\/product\/6737","targetHints":{"allow":["GET"]}}],"collection":[{"href":"https:\/\/kmblock.com\/de\/wp-json\/wp\/v2\/product"}],"about":[{"href":"https:\/\/kmblock.com\/de\/wp-json\/wp\/v2\/types\/product"}],"replies":[{"embeddable":true,"href":"https:\/\/kmblock.com\/de\/wp-json\/wp\/v2\/comments?post=6737"}],"wp:featuredmedia":[{"embeddable":true,"href":"https:\/\/kmblock.com\/de\/wp-json\/wp\/v2\/media\/729"}],"wp:attachment":[{"href":"https:\/\/kmblock.com\/de\/wp-json\/wp\/v2\/media?parent=6737"}],"wp:term":[{"taxonomy":"product_brand","embeddable":true,"href":"https:\/\/kmblock.com\/de\/wp-json\/wp\/v2\/product_brand?post=6737"},{"taxonomy":"product_cat","embeddable":true,"href":"https:\/\/kmblock.com\/de\/wp-json\/wp\/v2\/product_cat?post=6737"},{"taxonomy":"product_tag","embeddable":true,"href":"https:\/\/kmblock.com\/de\/wp-json\/wp\/v2\/product_tag?post=6737"}],"curies":[{"name":"wp","href":"https:\/\/api.w.org\/{rel}","templated":true}]}}