{"id":6711,"date":"2024-09-19T01:25:51","date_gmt":"2024-09-19T01:25:51","guid":{"rendered":"https:\/\/kmblock.com\/product\/bmw-6er-g32-gt\/"},"modified":"2024-09-19T01:25:51","modified_gmt":"2024-09-19T01:25:51","slug":"bmw-6er-g32-gt","status":"publish","type":"product","link":"https:\/\/kmblock.com\/de\/product\/bmw-6er-g32-gt\/","title":{"rendered":"BMW 6ER G32 GT"},"content":{"rendered":"<div class=\"flex max-w-full flex-col flex-grow\">\n<div class=\"min-h-[20px] text-message flex w-full flex-col items-end gap-2 whitespace-normal break-words [.text-message+&amp;]:mt-5\" dir=\"auto\" data-message-author-role=\"assistant\" data-message-id=\"486fbb14-d9b0-4abf-8aac-69dd9ef3f888\">\n<div class=\"flex w-full flex-col gap-1 empty:hidden first:pt-[3px]\">\n<div class=\"markdown prose w-full break-words dark:prose-invert dark\">\n<h3><strong>Laufleistungssperre f\u00fcr BMW 6er G32 GT<\/strong><\/h3>\n<p>Der BMW 6er G32 GT Mileage Blocker wird auch als Odometer Blocker, Odometer Stopper, Can Blocker, Mileage Stopper, Trip Odometer, Can Filter oder Mileage Correction Tool bezeichnet.<\/p>\n<p><strong>Kompatibilit\u00e4t:<\/strong><br \/>\nDieses Ger\u00e4t ist f\u00fcr alle BMW 6er G32 GT Modelle ab 2017 geeignet.<\/p>\n<h3><strong>Spezifikationen:<\/strong><\/h3>\n<ul>\n<li><strong>DIY-Installation:<\/strong> Einfach, kein L\u00f6ten oder Schneiden von Kabeln erforderlich.<\/li>\n<li><strong>Fehlerfreier Betrieb:<\/strong> Keine Fehlermeldungen auf dem Tachometer oder dem Navigationspanel.<\/li>\n<li><strong>Einfacher Gebrauch:<\/strong> Funktioniert mit mehreren Tastenkombinationen und erfordert kein \u00d6ffnen des Steuerger\u00e4ts.<\/li>\n<li><strong>Hochwertige Komponenten:<\/strong> Lieferung mit hochwertigen Steckern und hitzebest\u00e4ndigen Kabeln.<\/li>\n<li><strong>Mehrere Modi:<\/strong> Erm\u00f6glicht verschiedene Einstellungen, die nach jeder Verwendung gespeichert werden.<\/li>\n<li><strong>Keine spontane Erh\u00f6hung des Kilometerstandes:<\/strong> Der Kilometerstand erh\u00f6ht sich nach dem Entfernen des Moduls nicht.<\/li>\n<li><strong>Automatische Serviceanpassung:<\/strong> Passt die Wartungsintervalle automatisch an, ohne Fehlermeldungen f\u00fcr den Toter-Winkel-Assistenten oder den Tempomat zu erzeugen.<\/li>\n<\/ul>\n<h3><strong>Service-Anpassung:<\/strong><\/h3>\n<ul>\n<li><strong>Service-\u00dcberwachung:<\/strong> Stoppt die Kilometerz\u00e4hlung, verfolgt aber weiterhin die Serviceintervalle. Der Service-Countdown pausiert, bis noch 30% des Intervalls verbleiben, und wird dann auf 90% zur\u00fcckgesetzt. <\/li>\n<li><strong>Details zum Wartungsintervall:<\/strong> Im Allgemeinen betragen die Wartungsintervalle 30.000 km f\u00fcr Diesel- und 15.000 km f\u00fcr Benzinmotoren. Die Prozents\u00e4tze f\u00fcr die Kilometerz\u00e4hlung sind Richtwerte und k\u00f6nnen je nach Fahrbedingungen variieren. <\/li>\n<\/ul>\n<h3><strong>Aktivierung &amp; Deaktivierung:<\/strong><\/h3>\n<p>&#8220; Schalten Sie das Ger\u00e4t ein, indem Sie die Taste BC 10 Sekunden lang gedr\u00fcckt halten, bis alle Lichter auf dem Display aufleuchten.<\/p>\n<p><strong>Modus Gr\u00fcn:<\/strong> Original-Kilometerz\u00e4hler wieder original 100%. Alles funktioniert einwandfrei. <\/p>\n<p><strong>Modus Gelb:<\/strong> Die Kilometerz\u00e4hlung wird um 30% verlangsamt. Auf alle 100 km 30 km. Alles funktioniert gut.  <\/p>\n<p><strong>Modus Rot:<\/strong> Kilometerz\u00e4hler nicht mehr auf 0%. Die Geschwindigkeit funktioniert nicht.&#8220; <\/p>\n<p><strong>Was ist das?<\/strong><br \/>\nDer BMW 6er G32 GT Mileage Blocker wurde entwickelt, um die Ansammlung von Kilometern zu verhindern und gleichzeitig die Leistung Ihres Fahrzeugs zu testen. Er funktioniert unabh\u00e4ngig davon, ob Ihr digitaler Kilometerz\u00e4hler den Kilometerstand in Meilen oder Kilometern misst. Bitte beachten Sie, dass wir keine Tools zur Kilometerkorrektur anbieten, die f\u00fcr betr\u00fcgerische Praktiken wie das Zur\u00fccksetzen des Kilometerstandes gedacht sind. Unser Mileage Blocker wurde entwickelt, um bei Leistungstests zu helfen und ist mit Diesel-, Benzin-, Hybrid- und Elektrofahrzeugen kompatibel.   <\/p>\n<p><strong>Installation:<\/strong><br \/>\nDie Installation ist einfach: Sie schlie\u00dfen das Ger\u00e4t zwischen dem Tachometeranschluss und dem Kombiinstrument an. Es funktioniert ohne tiefgreifende Fahrzeugkenntnisse und bietet ein wertvolles Werkzeug f\u00fcr kontrollierte Leistungstests. <\/p>\n<\/div>\n<\/div>\n<\/div>\n<\/div>\n","protected":false},"excerpt":{"rendered":"<div class=\"flex-shrink-0 flex flex-col relative items-end\">\n<div class=\"pt-0\">\n<div class=\"gizmo-bot-avatar flex h-8 w-8 items-center justify-center overflow-hidden rounded-full\">\n<div class=\"relative p-1 rounded-sm flex items-center justify-center bg-token-main-surface-primary text-token-text-primary h-8 w-8\">\n<p>Bevor Sie bestellen, lesen Sie bitte sorgf\u00e4ltig die Informationen \u00fcber die Aktivierung des Moduls und wichtige Hinweise zu Fehlermeldungen und Funktionen unten.<\/p>\n<p><strong>Dieses Ger\u00e4t ist f\u00fcr alle BMW 6er G32 GT Modelle ab 2017 geeignet.  <\/strong>  Funktioniert in bestimmten Modi. Keine Fehlermeldungen von Totwinkel-Assistent oder Tempomat. Einfach zu installieren, ohne dass Sie professionelle Hilfe ben\u00f6tigen. Wird mit hochwertigen Steckern und hitzebest\u00e4ndigen Kabeln geliefert. Funktioniert mit 6WB LCD und Live Cockpit.    <\/p>\n<p class=\"p1\"><b> \u2705 Nahtlose Integration<\/b><b><\/b><\/p>\n<p class=\"p1\">\u2705<b> Einfache Installation<\/b><b><\/b><\/p>\n<p class=\"p1\">\u2705<b> Genaue Verwaltung des Kilometerstandes<\/b><b><\/b><\/p>\n<p class=\"p1\"><b> \u2705 Betrieb im Tarnkappenmodus<\/b><b><\/b><\/p>\n<p class=\"p1\"><span class=\"s1\">\u2705<\/span><b> Lebenslanger Support und Updates<\/b><\/p>\n<\/div>\n<\/div>\n<\/div>\n<\/div>\n","protected":false},"featured_media":731,"comment_status":"open","ping_status":"closed","template":"","meta":[],"product_brand":[],"product_cat":[709],"product_tag":[],"class_list":{"0":"post-6711","1":"product","2":"type-product","3":"status-publish","4":"has-post-thumbnail","6":"product_cat-bmw","8":"first","9":"instock","10":"taxable","11":"shipping-taxable","12":"purchasable","13":"product-type-variable"},"yoast_head":"<!-- This site is optimized with the Yoast SEO plugin v27.5 - https:\/\/yoast.com\/product\/yoast-seo-wordpress\/ -->\n<title>BMW 6ER G32 GT Mileage Blocker (KM stopper) \u2192 KM Block<\/title>\n<meta name=\"description\" content=\"Buy a BMW 6ER G32 GT Mileage Blocker for the Best Prices \u2713 Free Shipping \u2713 Incl. Installation Guides\" \/>\n<meta name=\"robots\" content=\"index, follow, max-snippet:-1, max-image-preview:large, max-video-preview:-1\" \/>\n<meta property=\"og:locale\" content=\"de_DE\" \/>\n<meta property=\"og:type\" content=\"article\" \/>\n<meta property=\"og:title\" content=\"BMW 6ER G32 GT Mileage Blocker (KM stopper) \u2192 KM Block\" \/>\n<meta property=\"og:description\" content=\"Buy a BMW 6ER G32 GT Mileage Blocker for the Best Prices \u2713 Free Shipping \u2713 Incl. Installation Guides\" \/>\n<meta property=\"og:url\" content=\"https:\/\/kmblock.com\/de\/product\/bmw-6er-g32-gt\/\" \/>\n<meta property=\"og:site_name\" content=\"KM Block\" \/>\n<meta property=\"og:image\" content=\"https:\/\/kmblock.com\/wp-content\/uploads\/2024\/09\/BMW-6ER-G32-GT.jpg\" \/>\n\t<meta property=\"og:image:width\" content=\"800\" \/>\n\t<meta property=\"og:image:height\" content=\"800\" \/>\n\t<meta property=\"og:image:type\" content=\"image\/jpeg\" \/>\n<meta name=\"twitter:card\" content=\"summary_large_image\" \/>\n<meta name=\"twitter:label1\" content=\"Gesch\u00e4tzte Lesezeit\" \/>\n\t<meta name=\"twitter:data1\" content=\"2\u00a0Minuten\" \/>\n<script type=\"application\/ld+json\" class=\"yoast-schema-graph\">{\"@context\":\"https:\\\/\\\/schema.org\",\"@graph\":[{\"@type\":\"WebPage\",\"@id\":\"https:\\\/\\\/kmblock.com\\\/de\\\/product\\\/bmw-6er-g32-gt\\\/\",\"url\":\"https:\\\/\\\/kmblock.com\\\/de\\\/product\\\/bmw-6er-g32-gt\\\/\",\"name\":\"BMW 6ER G32 GT Mileage Blocker (KM stopper) \u2192 KM Block\",\"isPartOf\":{\"@id\":\"https:\\\/\\\/kmblock.com\\\/de\\\/#website\"},\"primaryImageOfPage\":{\"@id\":\"https:\\\/\\\/kmblock.com\\\/de\\\/product\\\/bmw-6er-g32-gt\\\/#primaryimage\"},\"image\":{\"@id\":\"https:\\\/\\\/kmblock.com\\\/de\\\/product\\\/bmw-6er-g32-gt\\\/#primaryimage\"},\"thumbnailUrl\":\"https:\\\/\\\/kmblock.com\\\/wp-content\\\/uploads\\\/2024\\\/09\\\/BMW-6ER-G32-GT.jpg\",\"datePublished\":\"2024-09-19T01:25:51+00:00\",\"description\":\"Buy a BMW 6ER G32 GT Mileage Blocker for the Best Prices \u2713 Free Shipping \u2713 Incl. Installation Guides\",\"breadcrumb\":{\"@id\":\"https:\\\/\\\/kmblock.com\\\/de\\\/product\\\/bmw-6er-g32-gt\\\/#breadcrumb\"},\"inLanguage\":\"de\",\"potentialAction\":[{\"@type\":\"ReadAction\",\"target\":[\"https:\\\/\\\/kmblock.com\\\/de\\\/product\\\/bmw-6er-g32-gt\\\/\"]}]},{\"@type\":\"ImageObject\",\"inLanguage\":\"de\",\"@id\":\"https:\\\/\\\/kmblock.com\\\/de\\\/product\\\/bmw-6er-g32-gt\\\/#primaryimage\",\"url\":\"https:\\\/\\\/kmblock.com\\\/wp-content\\\/uploads\\\/2024\\\/09\\\/BMW-6ER-G32-GT.jpg\",\"contentUrl\":\"https:\\\/\\\/kmblock.com\\\/wp-content\\\/uploads\\\/2024\\\/09\\\/BMW-6ER-G32-GT.jpg\",\"width\":800,\"height\":800,\"caption\":\"BMW 6ER G32 GT\"},{\"@type\":\"BreadcrumbList\",\"@id\":\"https:\\\/\\\/kmblock.com\\\/de\\\/product\\\/bmw-6er-g32-gt\\\/#breadcrumb\",\"itemListElement\":[{\"@type\":\"ListItem\",\"position\":1,\"name\":\"Startseite\",\"item\":\"https:\\\/\\\/kmblock.com\\\/de\\\/\"},{\"@type\":\"ListItem\",\"position\":2,\"name\":\"Produkte\",\"item\":\"https:\\\/\\\/kmblock.com\\\/de\\\/shop\\\/\"},{\"@type\":\"ListItem\",\"position\":3,\"name\":\"BMW 6ER G32 GT\"}]},{\"@type\":\"WebSite\",\"@id\":\"https:\\\/\\\/kmblock.com\\\/de\\\/#website\",\"url\":\"https:\\\/\\\/kmblock.com\\\/de\\\/\",\"name\":\"KM Block\",\"description\":\"\",\"publisher\":{\"@id\":\"https:\\\/\\\/kmblock.com\\\/de\\\/#organization\"},\"potentialAction\":[{\"@type\":\"SearchAction\",\"target\":{\"@type\":\"EntryPoint\",\"urlTemplate\":\"https:\\\/\\\/kmblock.com\\\/de\\\/?s={search_term_string}\"},\"query-input\":{\"@type\":\"PropertyValueSpecification\",\"valueRequired\":true,\"valueName\":\"search_term_string\"}}],\"inLanguage\":\"de\"},{\"@type\":\"Organization\",\"@id\":\"https:\\\/\\\/kmblock.com\\\/de\\\/#organization\",\"name\":\"KM-Block\",\"url\":\"https:\\\/\\\/kmblock.com\\\/de\\\/\",\"logo\":{\"@type\":\"ImageObject\",\"inLanguage\":\"de\",\"@id\":\"https:\\\/\\\/kmblock.com\\\/de\\\/#\\\/schema\\\/logo\\\/image\\\/\",\"url\":\"https:\\\/\\\/kmblock.com\\\/wp-content\\\/uploads\\\/2024\\\/08\\\/main-logo.png\",\"contentUrl\":\"https:\\\/\\\/kmblock.com\\\/wp-content\\\/uploads\\\/2024\\\/08\\\/main-logo.png\",\"width\":186,\"height\":28,\"caption\":\"KM-Block\"},\"image\":{\"@id\":\"https:\\\/\\\/kmblock.com\\\/de\\\/#\\\/schema\\\/logo\\\/image\\\/\"}}]}<\/script>\n<!-- \/ Yoast SEO plugin. -->","yoast_head_json":{"title":"BMW 6ER G32 GT Mileage Blocker (KM stopper) \u2192 KM Block","description":"Buy a BMW 6ER G32 GT Mileage Blocker for the Best Prices \u2713 Free Shipping \u2713 Incl. Installation Guides","robots":{"index":"index","follow":"follow","max-snippet":"max-snippet:-1","max-image-preview":"max-image-preview:large","max-video-preview":"max-video-preview:-1"},"og_locale":"de_DE","og_type":"article","og_title":"BMW 6ER G32 GT Mileage Blocker (KM stopper) \u2192 KM Block","og_description":"Buy a BMW 6ER G32 GT Mileage Blocker for the Best Prices \u2713 Free Shipping \u2713 Incl. Installation Guides","og_url":"https:\/\/kmblock.com\/de\/product\/bmw-6er-g32-gt\/","og_site_name":"KM Block","og_image":[{"width":800,"height":800,"url":"https:\/\/kmblock.com\/wp-content\/uploads\/2024\/09\/BMW-6ER-G32-GT.jpg","type":"image\/jpeg"}],"twitter_card":"summary_large_image","twitter_misc":{"Gesch\u00e4tzte Lesezeit":"2\u00a0Minuten"},"schema":{"@context":"https:\/\/schema.org","@graph":[{"@type":"WebPage","@id":"https:\/\/kmblock.com\/de\/product\/bmw-6er-g32-gt\/","url":"https:\/\/kmblock.com\/de\/product\/bmw-6er-g32-gt\/","name":"BMW 6ER G32 GT Mileage Blocker (KM stopper) \u2192 KM Block","isPartOf":{"@id":"https:\/\/kmblock.com\/de\/#website"},"primaryImageOfPage":{"@id":"https:\/\/kmblock.com\/de\/product\/bmw-6er-g32-gt\/#primaryimage"},"image":{"@id":"https:\/\/kmblock.com\/de\/product\/bmw-6er-g32-gt\/#primaryimage"},"thumbnailUrl":"https:\/\/kmblock.com\/wp-content\/uploads\/2024\/09\/BMW-6ER-G32-GT.jpg","datePublished":"2024-09-19T01:25:51+00:00","description":"Buy a BMW 6ER G32 GT Mileage Blocker for the Best Prices \u2713 Free Shipping \u2713 Incl. Installation Guides","breadcrumb":{"@id":"https:\/\/kmblock.com\/de\/product\/bmw-6er-g32-gt\/#breadcrumb"},"inLanguage":"de","potentialAction":[{"@type":"ReadAction","target":["https:\/\/kmblock.com\/de\/product\/bmw-6er-g32-gt\/"]}]},{"@type":"ImageObject","inLanguage":"de","@id":"https:\/\/kmblock.com\/de\/product\/bmw-6er-g32-gt\/#primaryimage","url":"https:\/\/kmblock.com\/wp-content\/uploads\/2024\/09\/BMW-6ER-G32-GT.jpg","contentUrl":"https:\/\/kmblock.com\/wp-content\/uploads\/2024\/09\/BMW-6ER-G32-GT.jpg","width":800,"height":800,"caption":"BMW 6ER G32 GT"},{"@type":"BreadcrumbList","@id":"https:\/\/kmblock.com\/de\/product\/bmw-6er-g32-gt\/#breadcrumb","itemListElement":[{"@type":"ListItem","position":1,"name":"Startseite","item":"https:\/\/kmblock.com\/de\/"},{"@type":"ListItem","position":2,"name":"Produkte","item":"https:\/\/kmblock.com\/de\/shop\/"},{"@type":"ListItem","position":3,"name":"BMW 6ER G32 GT"}]},{"@type":"WebSite","@id":"https:\/\/kmblock.com\/de\/#website","url":"https:\/\/kmblock.com\/de\/","name":"KM Block","description":"","publisher":{"@id":"https:\/\/kmblock.com\/de\/#organization"},"potentialAction":[{"@type":"SearchAction","target":{"@type":"EntryPoint","urlTemplate":"https:\/\/kmblock.com\/de\/?s={search_term_string}"},"query-input":{"@type":"PropertyValueSpecification","valueRequired":true,"valueName":"search_term_string"}}],"inLanguage":"de"},{"@type":"Organization","@id":"https:\/\/kmblock.com\/de\/#organization","name":"KM-Block","url":"https:\/\/kmblock.com\/de\/","logo":{"@type":"ImageObject","inLanguage":"de","@id":"https:\/\/kmblock.com\/de\/#\/schema\/logo\/image\/","url":"https:\/\/kmblock.com\/wp-content\/uploads\/2024\/08\/main-logo.png","contentUrl":"https:\/\/kmblock.com\/wp-content\/uploads\/2024\/08\/main-logo.png","width":186,"height":28,"caption":"KM-Block"},"image":{"@id":"https:\/\/kmblock.com\/de\/#\/schema\/logo\/image\/"}}]}},"_links":{"self":[{"href":"https:\/\/kmblock.com\/de\/wp-json\/wp\/v2\/product\/6711","targetHints":{"allow":["GET"]}}],"collection":[{"href":"https:\/\/kmblock.com\/de\/wp-json\/wp\/v2\/product"}],"about":[{"href":"https:\/\/kmblock.com\/de\/wp-json\/wp\/v2\/types\/product"}],"replies":[{"embeddable":true,"href":"https:\/\/kmblock.com\/de\/wp-json\/wp\/v2\/comments?post=6711"}],"wp:featuredmedia":[{"embeddable":true,"href":"https:\/\/kmblock.com\/de\/wp-json\/wp\/v2\/media\/731"}],"wp:attachment":[{"href":"https:\/\/kmblock.com\/de\/wp-json\/wp\/v2\/media?parent=6711"}],"wp:term":[{"taxonomy":"product_brand","embeddable":true,"href":"https:\/\/kmblock.com\/de\/wp-json\/wp\/v2\/product_brand?post=6711"},{"taxonomy":"product_cat","embeddable":true,"href":"https:\/\/kmblock.com\/de\/wp-json\/wp\/v2\/product_cat?post=6711"},{"taxonomy":"product_tag","embeddable":true,"href":"https:\/\/kmblock.com\/de\/wp-json\/wp\/v2\/product_tag?post=6711"}],"curies":[{"name":"wp","href":"https:\/\/api.w.org\/{rel}","templated":true}]}}