{"id":6689,"date":"2024-09-19T01:45:26","date_gmt":"2024-09-19T01:45:26","guid":{"rendered":"https:\/\/kmblock.com\/product\/bmw-7er-f01-f02\/"},"modified":"2024-09-19T01:45:26","modified_gmt":"2024-09-19T01:45:26","slug":"bmw-7er-f01-f02","status":"publish","type":"product","link":"https:\/\/kmblock.com\/de\/product\/bmw-7er-f01-f02\/","title":{"rendered":"BMW 7ER F01\/F02"},"content":{"rendered":"<div class=\"flex max-w-full flex-col flex-grow\">\n<div class=\"min-h-[20px] text-message flex w-full flex-col items-end gap-2 whitespace-normal break-words [.text-message+&amp;]:mt-5\" dir=\"auto\" data-message-author-role=\"assistant\" data-message-id=\"486fbb14-d9b0-4abf-8aac-69dd9ef3f888\">\n<div class=\"flex w-full flex-col gap-1 empty:hidden first:pt-[3px]\">\n<div class=\"markdown prose w-full break-words dark:prose-invert dark\">\n<h3><strong>KILOMETERSTANDSBLOCKER F\u00dcR BMW 7ER F01\/F02<\/strong><\/h3>\n<p><strong>Beschreibung:<\/strong> Der BMW 7ER F01\/F02 Mileage Blocker, der auch als Kilometerz\u00e4hler-Blocker, Kilometerz\u00e4hler-Stopper, Dosen-Blocker, Kilometerz\u00e4hler-Stopper, Dosen-Filter oder Kilometerz\u00e4hler-Korrekturwerkzeug bezeichnet wird, ist f\u00fcr alle BMW 7ER F01\/F02 Modelle gedacht, die zwischen 2008 und 2015 auf den Markt kamen.<\/p>\n<h3><strong>Spezifikationen:<\/strong><\/h3>\n<ul>\n<li><strong>DIY-Installation:<\/strong> Keine professionelle Hilfe erforderlich.<\/li>\n<li><strong>Hochwertige Komponenten:<\/strong> Mit hochwertigen Steckern und hitzebest\u00e4ndigen Kabeln.<\/li>\n<li><strong>Kein Schneiden erforderlich:<\/strong> Kein L\u00f6ten oder Schneiden von Kabeln.<\/li>\n<li><strong>Benutzerfreundliche Bedienung:<\/strong> Einfache Bedienung mit mehreren Tastenkombinationen.<\/li>\n<li><strong>Fehlerfreie Anzeige:<\/strong> Keine Fehlermeldungen auf dem Tachometer oder dem Navigationspanel.<\/li>\n<li><strong>Mehrere Modi:<\/strong> Bietet mehrere Betriebsmodi.<\/li>\n<li><strong>ECU-Zugriff nicht erforderlich:<\/strong> Das \u00d6ffnen von Steuerger\u00e4ten ist nicht erforderlich.<\/li>\n<li><strong>Stabile Einstellungen:<\/strong> Die Einstellungen werden nach der Auswahl bedingungslos gespeichert.<\/li>\n<li><strong>Kompatibilit\u00e4t:<\/strong> Geschwindigkeitsanzeige und Assistenzsysteme funktionieren in bestimmten Modi.<\/li>\n<li><strong>Automatische Serviceanpassung:<\/strong> Inklusive automatischer Service-Einstellung.<\/li>\n<li><strong>Kilometerstand-Genauigkeit:<\/strong> Erlaubt bis zu 1% Abweichung beim Kilometerstand; die Sch\u00e4tzungen k\u00f6nnen leicht variieren.<\/li>\n<\/ul>\n<h3><strong>Service-Anpassung:<\/strong><\/h3>\n<ul>\n<li><strong>Kilometerstand stoppen:<\/strong> Stoppt die Z\u00e4hlung des Kilometerstands in allen Fahrzeugspeichern.<\/li>\n<li><strong>Service-Countdown:<\/strong> Die Servicezeit wird weiter gez\u00e4hlt, aber der Kilometerstand wird erst aufgezeichnet, wenn noch 30% des Intervalls verbleiben. Wenn das Serviceintervall von 30% auf 90% verschoben wird, wird der Reset m\u00f6glicherweise nicht aufgezeichnet. <\/li>\n<li><strong>Wartungsintervalle:<\/strong> Normalerweise sind bei Dieselfahrzeugen alle 30.000 km und bei Benzinfahrzeugen alle 15.000 km eine Wartung f\u00e4llig. Das Tool passt den Service-Countdown entsprechend an. <\/li>\n<\/ul>\n<h3><strong>Aktivierung &amp; Deaktivierung:<\/strong><\/h3>\n<p>&#8220; Aktivieren durch Dr\u00fccken von *BC mit Modus *.<br \/>\n<strong>Modus 1:<\/strong> 1 Blinken nach links 30 Prozent<\/p>\n<p><strong>Modus 2:<\/strong> 2 Blinksignale nach links 0 Prozent (keine Geschwindigkeit)<\/p>\n<p><strong>Modus 3:<\/strong> 3 Blinksignale nach links 0 Prozent ( Geschwindigkeit, funktioniert nur ohne Update)<\/p>\n<p><strong>Modus 4:<\/strong> 1 Blinken nach rechts 100 Prozent&#8220;<\/p>\n<h3><strong>Funktionsweise:<\/strong><\/h3>\n<ul>\n<li>Das Ger\u00e4t beh\u00e4lt die zuletzt vorgenommenen Einstellungen automatisch bei, so dass Sie vor dem Starten des Fahrzeugs keine neue Konfiguration vornehmen m\u00fcssen.<\/li>\n<li>Kann w\u00e4hrend der Fahrt (bei einigen Fahrzeugen) oder im Stand aktiviert oder deaktiviert werden.<\/li>\n<\/ul>\n<p><strong>Zweck:<\/strong> Der BMW 7ER F01\/F02 Mileage Blocker hilft, den Kilometerstand zu verwalten und gleichzeitig die Fahrzeugleistung zu testen. Unsere Module werden mit Originalbauteilen und ma\u00dfgeschneiderter Software f\u00fcr jedes Modell hergestellt, um einen einwandfreien Betrieb zu gew\u00e4hrleisten. Das Tool ist mit Diesel-, Benzin-, PHEV- und Elektrofahrzeugen kompatibel und l\u00e4sst sich auch ohne umfangreiche Fahrzeugkenntnisse leicht installieren.  <\/p>\n<p><strong>Wichtiger Hinweis:<\/strong> Wir verkaufen keine Tools zur Kilometerkorrektur, die f\u00fcr betr\u00fcgerische Zwecke entwickelt wurden, wie z.B. das Zur\u00fcckdrehen von Kilometerst\u00e4nden. Moderne Fahrzeuge haben mehrere Datenspeicher, und diese Tools k\u00f6nnen den Kilometerstand nicht vollst\u00e4ndig umkehren. <\/p>\n<p>Entdecken Sie unser Angebot an Mileage Stopper-Ger\u00e4ten, die jeweils f\u00fcr spezielle Fahrzeuganforderungen entwickelt wurden.<\/p>\n<\/div>\n<\/div>\n<\/div>\n<\/div>\n","protected":false},"excerpt":{"rendered":"<div class=\"flex-shrink-0 flex flex-col relative items-end\">\n<div class=\"pt-0\">\n<div class=\"gizmo-bot-avatar flex h-8 w-8 items-center justify-center overflow-hidden rounded-full\">\n<div class=\"relative p-1 rounded-sm flex items-center justify-center bg-token-main-surface-primary text-token-text-primary h-8 w-8\">\n<p>Bevor Sie bestellen, lesen Sie bitte sorgf\u00e4ltig die Informationen \u00fcber die Aktivierung des Moduls und wichtige Hinweise zu Fehlermeldungen und Funktionen unten.<\/p>\n<p><strong>Kompatibilit\u00e4t: <\/strong><strong>Modelle:<\/strong> Geeignet f\u00fcr alle BMW 7ER F01\/F02 Modelle, die zwischen 2008 &#8211; 2015 erschienen sind. Funktion in bestimmten Modi. Keine Fehlermeldungen durch Totwinkel-Assistent oder Tempomat. Do-it-yourself-Installation (DIY), kein L\u00f6ten oder Schneiden von Kabeln erforderlich. Wird mit hochwertigen Steckern und hitzebest\u00e4ndigen Kabeln geliefert.    <\/p>\n<p class=\"p1\"><b> \u2705 Nahtlose Integration<\/b><b><\/b><\/p>\n<p class=\"p1\">\u2705<b> Einfache Installation<\/b><b><\/b><\/p>\n<p class=\"p1\">\u2705<b> Genaue Verwaltung des Kilometerstandes<\/b><b><\/b><\/p>\n<p class=\"p1\"><b> \u2705 Betrieb im Tarnkappenmodus<\/b><b><\/b><\/p>\n<p class=\"p1\"><span class=\"s1\">\u2705<\/span><b> Lebenslanger Support und Updates<\/b><\/p>\n<\/div>\n<\/div>\n<\/div>\n<\/div>\n","protected":false},"featured_media":733,"comment_status":"open","ping_status":"closed","template":"","meta":[],"product_brand":[],"product_cat":[709],"product_tag":[],"class_list":{"0":"post-6689","1":"product","2":"type-product","3":"status-publish","4":"has-post-thumbnail","6":"product_cat-bmw","8":"first","9":"instock","10":"taxable","11":"shipping-taxable","12":"purchasable","13":"product-type-variable"},"yoast_head":"<!-- This site is optimized with the Yoast SEO plugin v27.5 - https:\/\/yoast.com\/product\/yoast-seo-wordpress\/ -->\n<title>BMW 7ER F01\/F02 Mileage Blocker (KM stopper) \u2192 KM Block<\/title>\n<meta name=\"description\" content=\"Buy a BMW 7ER F01\/F02 Mileage Blocker for the Best Prices \u2713 Free Shipping \u2713 Incl. Installation Guides\" \/>\n<meta name=\"robots\" content=\"index, follow, max-snippet:-1, max-image-preview:large, max-video-preview:-1\" \/>\n<meta property=\"og:locale\" content=\"de_DE\" \/>\n<meta property=\"og:type\" content=\"article\" \/>\n<meta property=\"og:title\" content=\"BMW 7ER F01\/F02 Mileage Blocker (KM stopper) \u2192 KM Block\" \/>\n<meta property=\"og:description\" content=\"Buy a BMW 7ER F01\/F02 Mileage Blocker for the Best Prices \u2713 Free Shipping \u2713 Incl. Installation Guides\" \/>\n<meta property=\"og:url\" content=\"https:\/\/kmblock.com\/de\/product\/bmw-7er-f01-f02\/\" \/>\n<meta property=\"og:site_name\" content=\"KM Block\" \/>\n<meta property=\"og:image\" content=\"https:\/\/kmblock.com\/wp-content\/uploads\/2024\/09\/BMW-7ER-F01F02.webp\" \/>\n\t<meta property=\"og:image:width\" content=\"800\" \/>\n\t<meta property=\"og:image:height\" content=\"800\" \/>\n\t<meta property=\"og:image:type\" content=\"image\/webp\" \/>\n<meta name=\"twitter:card\" content=\"summary_large_image\" \/>\n<meta name=\"twitter:label1\" content=\"Gesch\u00e4tzte Lesezeit\" \/>\n\t<meta name=\"twitter:data1\" content=\"2\u00a0Minuten\" \/>\n<script type=\"application\/ld+json\" class=\"yoast-schema-graph\">{\"@context\":\"https:\\\/\\\/schema.org\",\"@graph\":[{\"@type\":\"WebPage\",\"@id\":\"https:\\\/\\\/kmblock.com\\\/de\\\/product\\\/bmw-7er-f01-f02\\\/\",\"url\":\"https:\\\/\\\/kmblock.com\\\/de\\\/product\\\/bmw-7er-f01-f02\\\/\",\"name\":\"BMW 7ER F01\\\/F02 Mileage Blocker (KM stopper) \u2192 KM Block\",\"isPartOf\":{\"@id\":\"https:\\\/\\\/kmblock.com\\\/de\\\/#website\"},\"primaryImageOfPage\":{\"@id\":\"https:\\\/\\\/kmblock.com\\\/de\\\/product\\\/bmw-7er-f01-f02\\\/#primaryimage\"},\"image\":{\"@id\":\"https:\\\/\\\/kmblock.com\\\/de\\\/product\\\/bmw-7er-f01-f02\\\/#primaryimage\"},\"thumbnailUrl\":\"https:\\\/\\\/kmblock.com\\\/wp-content\\\/uploads\\\/2024\\\/09\\\/BMW-7ER-F01F02.webp\",\"datePublished\":\"2024-09-19T01:45:26+00:00\",\"description\":\"Buy a BMW 7ER F01\\\/F02 Mileage Blocker for the Best Prices \u2713 Free Shipping \u2713 Incl. Installation Guides\",\"breadcrumb\":{\"@id\":\"https:\\\/\\\/kmblock.com\\\/de\\\/product\\\/bmw-7er-f01-f02\\\/#breadcrumb\"},\"inLanguage\":\"de\",\"potentialAction\":[{\"@type\":\"ReadAction\",\"target\":[\"https:\\\/\\\/kmblock.com\\\/de\\\/product\\\/bmw-7er-f01-f02\\\/\"]}]},{\"@type\":\"ImageObject\",\"inLanguage\":\"de\",\"@id\":\"https:\\\/\\\/kmblock.com\\\/de\\\/product\\\/bmw-7er-f01-f02\\\/#primaryimage\",\"url\":\"https:\\\/\\\/kmblock.com\\\/wp-content\\\/uploads\\\/2024\\\/09\\\/BMW-7ER-F01F02.webp\",\"contentUrl\":\"https:\\\/\\\/kmblock.com\\\/wp-content\\\/uploads\\\/2024\\\/09\\\/BMW-7ER-F01F02.webp\",\"width\":800,\"height\":800,\"caption\":\"BMW 7ER F01\\\/F02\"},{\"@type\":\"BreadcrumbList\",\"@id\":\"https:\\\/\\\/kmblock.com\\\/de\\\/product\\\/bmw-7er-f01-f02\\\/#breadcrumb\",\"itemListElement\":[{\"@type\":\"ListItem\",\"position\":1,\"name\":\"Startseite\",\"item\":\"https:\\\/\\\/kmblock.com\\\/de\\\/\"},{\"@type\":\"ListItem\",\"position\":2,\"name\":\"Produkte\",\"item\":\"https:\\\/\\\/kmblock.com\\\/de\\\/shop\\\/\"},{\"@type\":\"ListItem\",\"position\":3,\"name\":\"BMW 7ER F01\\\/F02\"}]},{\"@type\":\"WebSite\",\"@id\":\"https:\\\/\\\/kmblock.com\\\/de\\\/#website\",\"url\":\"https:\\\/\\\/kmblock.com\\\/de\\\/\",\"name\":\"KM Block\",\"description\":\"\",\"publisher\":{\"@id\":\"https:\\\/\\\/kmblock.com\\\/de\\\/#organization\"},\"potentialAction\":[{\"@type\":\"SearchAction\",\"target\":{\"@type\":\"EntryPoint\",\"urlTemplate\":\"https:\\\/\\\/kmblock.com\\\/de\\\/?s={search_term_string}\"},\"query-input\":{\"@type\":\"PropertyValueSpecification\",\"valueRequired\":true,\"valueName\":\"search_term_string\"}}],\"inLanguage\":\"de\"},{\"@type\":\"Organization\",\"@id\":\"https:\\\/\\\/kmblock.com\\\/de\\\/#organization\",\"name\":\"KM-Block\",\"url\":\"https:\\\/\\\/kmblock.com\\\/de\\\/\",\"logo\":{\"@type\":\"ImageObject\",\"inLanguage\":\"de\",\"@id\":\"https:\\\/\\\/kmblock.com\\\/de\\\/#\\\/schema\\\/logo\\\/image\\\/\",\"url\":\"https:\\\/\\\/kmblock.com\\\/wp-content\\\/uploads\\\/2024\\\/08\\\/main-logo.png\",\"contentUrl\":\"https:\\\/\\\/kmblock.com\\\/wp-content\\\/uploads\\\/2024\\\/08\\\/main-logo.png\",\"width\":186,\"height\":28,\"caption\":\"KM-Block\"},\"image\":{\"@id\":\"https:\\\/\\\/kmblock.com\\\/de\\\/#\\\/schema\\\/logo\\\/image\\\/\"}}]}<\/script>\n<!-- \/ Yoast SEO plugin. -->","yoast_head_json":{"title":"BMW 7ER F01\/F02 Mileage Blocker (KM stopper) \u2192 KM Block","description":"Buy a BMW 7ER F01\/F02 Mileage Blocker for the Best Prices \u2713 Free Shipping \u2713 Incl. Installation Guides","robots":{"index":"index","follow":"follow","max-snippet":"max-snippet:-1","max-image-preview":"max-image-preview:large","max-video-preview":"max-video-preview:-1"},"og_locale":"de_DE","og_type":"article","og_title":"BMW 7ER F01\/F02 Mileage Blocker (KM stopper) \u2192 KM Block","og_description":"Buy a BMW 7ER F01\/F02 Mileage Blocker for the Best Prices \u2713 Free Shipping \u2713 Incl. Installation Guides","og_url":"https:\/\/kmblock.com\/de\/product\/bmw-7er-f01-f02\/","og_site_name":"KM Block","og_image":[{"width":800,"height":800,"url":"https:\/\/kmblock.com\/wp-content\/uploads\/2024\/09\/BMW-7ER-F01F02.webp","type":"image\/webp"}],"twitter_card":"summary_large_image","twitter_misc":{"Gesch\u00e4tzte Lesezeit":"2\u00a0Minuten"},"schema":{"@context":"https:\/\/schema.org","@graph":[{"@type":"WebPage","@id":"https:\/\/kmblock.com\/de\/product\/bmw-7er-f01-f02\/","url":"https:\/\/kmblock.com\/de\/product\/bmw-7er-f01-f02\/","name":"BMW 7ER F01\/F02 Mileage Blocker (KM stopper) \u2192 KM Block","isPartOf":{"@id":"https:\/\/kmblock.com\/de\/#website"},"primaryImageOfPage":{"@id":"https:\/\/kmblock.com\/de\/product\/bmw-7er-f01-f02\/#primaryimage"},"image":{"@id":"https:\/\/kmblock.com\/de\/product\/bmw-7er-f01-f02\/#primaryimage"},"thumbnailUrl":"https:\/\/kmblock.com\/wp-content\/uploads\/2024\/09\/BMW-7ER-F01F02.webp","datePublished":"2024-09-19T01:45:26+00:00","description":"Buy a BMW 7ER F01\/F02 Mileage Blocker for the Best Prices \u2713 Free Shipping \u2713 Incl. Installation Guides","breadcrumb":{"@id":"https:\/\/kmblock.com\/de\/product\/bmw-7er-f01-f02\/#breadcrumb"},"inLanguage":"de","potentialAction":[{"@type":"ReadAction","target":["https:\/\/kmblock.com\/de\/product\/bmw-7er-f01-f02\/"]}]},{"@type":"ImageObject","inLanguage":"de","@id":"https:\/\/kmblock.com\/de\/product\/bmw-7er-f01-f02\/#primaryimage","url":"https:\/\/kmblock.com\/wp-content\/uploads\/2024\/09\/BMW-7ER-F01F02.webp","contentUrl":"https:\/\/kmblock.com\/wp-content\/uploads\/2024\/09\/BMW-7ER-F01F02.webp","width":800,"height":800,"caption":"BMW 7ER F01\/F02"},{"@type":"BreadcrumbList","@id":"https:\/\/kmblock.com\/de\/product\/bmw-7er-f01-f02\/#breadcrumb","itemListElement":[{"@type":"ListItem","position":1,"name":"Startseite","item":"https:\/\/kmblock.com\/de\/"},{"@type":"ListItem","position":2,"name":"Produkte","item":"https:\/\/kmblock.com\/de\/shop\/"},{"@type":"ListItem","position":3,"name":"BMW 7ER F01\/F02"}]},{"@type":"WebSite","@id":"https:\/\/kmblock.com\/de\/#website","url":"https:\/\/kmblock.com\/de\/","name":"KM Block","description":"","publisher":{"@id":"https:\/\/kmblock.com\/de\/#organization"},"potentialAction":[{"@type":"SearchAction","target":{"@type":"EntryPoint","urlTemplate":"https:\/\/kmblock.com\/de\/?s={search_term_string}"},"query-input":{"@type":"PropertyValueSpecification","valueRequired":true,"valueName":"search_term_string"}}],"inLanguage":"de"},{"@type":"Organization","@id":"https:\/\/kmblock.com\/de\/#organization","name":"KM-Block","url":"https:\/\/kmblock.com\/de\/","logo":{"@type":"ImageObject","inLanguage":"de","@id":"https:\/\/kmblock.com\/de\/#\/schema\/logo\/image\/","url":"https:\/\/kmblock.com\/wp-content\/uploads\/2024\/08\/main-logo.png","contentUrl":"https:\/\/kmblock.com\/wp-content\/uploads\/2024\/08\/main-logo.png","width":186,"height":28,"caption":"KM-Block"},"image":{"@id":"https:\/\/kmblock.com\/de\/#\/schema\/logo\/image\/"}}]}},"_links":{"self":[{"href":"https:\/\/kmblock.com\/de\/wp-json\/wp\/v2\/product\/6689","targetHints":{"allow":["GET"]}}],"collection":[{"href":"https:\/\/kmblock.com\/de\/wp-json\/wp\/v2\/product"}],"about":[{"href":"https:\/\/kmblock.com\/de\/wp-json\/wp\/v2\/types\/product"}],"replies":[{"embeddable":true,"href":"https:\/\/kmblock.com\/de\/wp-json\/wp\/v2\/comments?post=6689"}],"wp:featuredmedia":[{"embeddable":true,"href":"https:\/\/kmblock.com\/de\/wp-json\/wp\/v2\/media\/733"}],"wp:attachment":[{"href":"https:\/\/kmblock.com\/de\/wp-json\/wp\/v2\/media?parent=6689"}],"wp:term":[{"taxonomy":"product_brand","embeddable":true,"href":"https:\/\/kmblock.com\/de\/wp-json\/wp\/v2\/product_brand?post=6689"},{"taxonomy":"product_cat","embeddable":true,"href":"https:\/\/kmblock.com\/de\/wp-json\/wp\/v2\/product_cat?post=6689"},{"taxonomy":"product_tag","embeddable":true,"href":"https:\/\/kmblock.com\/de\/wp-json\/wp\/v2\/product_tag?post=6689"}],"curies":[{"name":"wp","href":"https:\/\/api.w.org\/{rel}","templated":true}]}}