{"id":6664,"date":"2024-09-19T15:54:35","date_gmt":"2024-09-19T15:54:35","guid":{"rendered":"https:\/\/kmblock.com\/product\/bmw-x5-g05\/"},"modified":"2024-09-19T15:54:35","modified_gmt":"2024-09-19T15:54:35","slug":"bmw-x5-g05","status":"publish","type":"product","link":"https:\/\/kmblock.com\/de\/product\/bmw-x5-g05\/","title":{"rendered":"BMW X5 G05"},"content":{"rendered":"<div class=\"flex max-w-full flex-col flex-grow\">\n<div class=\"min-h-[20px] text-message flex w-full flex-col items-end gap-2 whitespace-normal break-words [.text-message+&amp;]:mt-5\" dir=\"auto\" data-message-author-role=\"assistant\" data-message-id=\"486fbb14-d9b0-4abf-8aac-69dd9ef3f888\">\n<div class=\"flex w-full flex-col gap-1 empty:hidden first:pt-[3px]\">\n<div class=\"markdown prose w-full break-words dark:prose-invert dark\">\n<h3><strong>KILOMETERSTANDSBLOCKER F\u00dcR BMW X5 G05<\/strong><\/h3>\n<p>Der BMW X5 G05 Mileage Blocker, auch als Kilometerz\u00e4hler-Blocker, Kilometerz\u00e4hler-Stopper, Dosen-Blocker, Kilometerz\u00e4hler-Stopper, Tageskilometerz\u00e4hler oder Dosenfilter bezeichnet, ist ein spezielles Ger\u00e4t, das f\u00fcr alle BMW X5 G05 Modelle ab 2018 entwickelt wurde.<\/p>\n<h3>Spezifikationen:<\/h3>\n<ul>\n<li><strong>DIY-Installation<\/strong>: Einfacher Do-it-yourself-Installationsprozess.<\/li>\n<li><strong>Hochwertige Komponenten<\/strong>: Mit hochwertigen Steckern und hitzebest\u00e4ndigen Kabeln.<\/li>\n<li><strong>Keine L\u00f6tarbeiten erforderlich<\/strong>: Sie m\u00fcssen keine Kabel schneiden oder l\u00f6ten.<\/li>\n<li><strong>Einfache Bedienung<\/strong>: Mehrere Modi k\u00f6nnen \u00fcber Tastenkombinationen ausgew\u00e4hlt werden.<\/li>\n<li><strong>Beh\u00e4lt die Einstellungen bei<\/strong>: Einmal eingestellt, speichert das Ger\u00e4t Ihre Konfigurationen, ohne dass weitere Anpassungen erforderlich sind.<\/li>\n<li><strong>Geschwindigkeits- und Assistenzsysteme<\/strong>: Geschwindigkeitsanzeige und Assistenzsysteme funktionieren in bestimmten Modi nahtlos.<\/li>\n<li><strong>Keine Fehlermeldungen<\/strong>: Sorgt f\u00fcr eine fehlerfreie Leistung, ohne Warnungen auf dem Tachometer oder dem Navigationspanel.<\/li>\n<li><strong>Kompatibilit\u00e4t mit Software-Updates<\/strong>: Wechseln Sie einfach in den zweiten Modus, um das Ger\u00e4t nach einem Software-Update des Fahrzeugs weiter zu verwenden &#8211; Sie m\u00fcssen es nicht ersetzen.<\/li>\n<li><strong>Automatische Serviceanpassung<\/strong>: Die Serviceintervalle werden automatisch angepasst, ohne dass der Benutzer eingreifen muss.<\/li>\n<li><strong>Fehlerfreie Systeme<\/strong>: Keine Warnungen durch Funktionen wie Totwinkel-Assistent oder Tempomat-Fehlfunktionen.<\/li>\n<\/ul>\n<h3>Aktivierung &amp; Deaktivierung f\u00fcr Live Cockpit:<\/h3>\n<h4>Verf\u00fcgbare Modi:<\/h4>\n<p>&#8220; Schalten Sie das Ger\u00e4t ein, indem Sie die Taste BC 10 Sekunden lang gedr\u00fcckt halten, bis alle Lichter auf dem Display aufleuchten.<\/p>\n<p><strong>Modus Gr\u00fcn:<\/strong> Original-Kilometerz\u00e4hler wieder original 100%. Alles funktioniert einwandfrei. <\/p>\n<p><strong>Modus Gelb:<\/strong> Die Kilometerz\u00e4hlung wird um 30% verlangsamt. Auf alle 100 km 30 km. Alles funktioniert gut.  <\/p>\n<p><strong>Modus Rot:<\/strong> Kilometerz\u00e4hler nicht mehr auf 0%. Die Geschwindigkeit funktioniert nicht.&#8220; <\/p>\n<h3>Service-Anpassung:<\/h3>\n<p>Der Mileage Blocker stoppt nicht nur die Kilometerz\u00e4hlung in allen Systemen, sondern passt auch automatisch die Serviceintervalle an. W\u00e4hrend Sie das Tool verwenden, l\u00e4uft der Service-Countdown weiter, aber es wird kein Kilometerstand aufgezeichnet, bis nur noch 30% verbleiben. An diesem Punkt wird der Countdown automatisch auf 90% zur\u00fcckgesetzt. So wird sichergestellt, dass Ihr Fahrzeug ohne vorzeitige Benachrichtigung auf dem richtigen Weg zur Wartung bleibt.  <\/p>\n<p>Wenn beispielsweise bei einem Intervall von 30.000 km noch 9.000 km (30%) verbleiben, wird der Service-Reset auf 27.000 km (90%) zur\u00fcckgesetzt. Die genauen Abst\u00e4nde variieren je nach Motor, aber die Prozents\u00e4tze bleiben gleich. <\/p>\n<h3>Was ist ein BMW X5 G05 Kilometerz\u00e4hler-Blocker?<\/h3>\n<p>Mit dem BMW X5 G05 Mileage Blocker k\u00f6nnen Sie den Kilometerz\u00e4hler bei Leistungstests anhalten. Im Gegensatz zu herk\u00f6mmlichen Tools zur Korrektur des Kilometerstandes, die oft zu betr\u00fcgerischen Zwecken eingesetzt werden, wurde der Mileage Blocker f\u00fcr legale Leistungstests entwickelt, ohne den Kilometerz\u00e4hler zu manipulieren. Das Tool funktioniert sowohl bei Diesel- und Benzinmotoren als auch bei Plug-in-Hybrid-Elektrofahrzeugen (PHEVs) und vollelektrischen Fahrzeugen.  <\/p>\n<p>Wir bieten eine Reihe von Kilometerstoppern an, die einfach zu installieren sind und \u00fcber voreingestellte Tastenkombinationen zum Umschalten zwischen den Modi verf\u00fcgen. Schlie\u00dfen Sie das Ger\u00e4t einfach zwischen dem Tachometer und dem Kombiinstrument an, um alle Vorteile zu nutzen. <\/p>\n<p><strong>Der BMW X5 G05 Mileage Blocker<\/strong> ist eine innovative L\u00f6sung, mit der Sie die Leistung Ihres Fahrzeugs in einer kontrollierten Umgebung testen k\u00f6nnen, ohne sich Gedanken \u00fcber Service-Fehlberechnungen oder Systemfehler machen zu m\u00fcssen.<\/p>\n<\/div>\n<\/div>\n<\/div>\n<\/div>\n","protected":false},"excerpt":{"rendered":"<div class=\"flex-shrink-0 flex flex-col relative items-end\">\n<div class=\"pt-0\">\n<div class=\"gizmo-bot-avatar flex h-8 w-8 items-center justify-center overflow-hidden rounded-full\">\n<div class=\"relative p-1 rounded-sm flex items-center justify-center bg-token-main-surface-primary text-token-text-primary h-8 w-8\">\n<p>Bevor Sie Ihre Bestellung aufgeben, lesen Sie bitte sorgf\u00e4ltig die Aktivierungsanweisungen und die wichtigen Hinweise zu Fehlermeldungen und Funktionen unten:<\/p>\n<p><strong>Kompatibilit\u00e4t:<\/strong> Dieses Ger\u00e4t ist mit allen BMW X5 G05 Modellen kompatibel, die seit 2018 auf den Markt gekommen sind. Funktioniert nahtlos mit Geschwindigkeitsanzeigen und Assistenzprogrammen in bestimmten Modi. Stellt sicher, dass keine Fehler im Zusammenhang mit dem Totwinkel-Assistenten oder dem Tempomat auftreten. Einfache Einrichtung zum Selbermachen, ohne dass Sie Hilfe von Experten ben\u00f6tigen. Ausgestattet mit hochwertigen Steckern und hitzebest\u00e4ndigen Kabeln f\u00fcr lange Haltbarkeit.    <\/p>\n<p class=\"p1\"><b> \u2705 Nahtlose Integration<\/b><b><\/b><\/p>\n<p class=\"p1\">\u2705<b> Einfache Installation<\/b><b><\/b><\/p>\n<p class=\"p1\">\u2705<b> Genaue Verwaltung des Kilometerstandes<\/b><b><\/b><\/p>\n<p class=\"p1\"><b> \u2705 Betrieb im Tarnkappenmodus<\/b><b><\/b><\/p>\n<p class=\"p1\"><span class=\"s1\">\u2705<\/span><b> Lebenslanger Support und Updates<\/b><\/p>\n<\/div>\n<\/div>\n<\/div>\n<\/div>\n","protected":false},"featured_media":761,"comment_status":"open","ping_status":"closed","template":"","meta":[],"product_brand":[],"product_cat":[709],"product_tag":[],"class_list":{"0":"post-6664","1":"product","2":"type-product","3":"status-publish","4":"has-post-thumbnail","6":"product_cat-bmw","8":"first","9":"instock","10":"taxable","11":"shipping-taxable","12":"purchasable","13":"product-type-variable"},"yoast_head":"<!-- This site is optimized with the Yoast SEO plugin v27.5 - https:\/\/yoast.com\/product\/yoast-seo-wordpress\/ -->\n<title>BMW X5 G05 Mileage Blocker (KM stopper) \u2192 KM Block<\/title>\n<meta name=\"description\" content=\"Buy a BMW X5 G05 Mileage Blocker for the Best Prices \u2713 Free Shipping \u2713 Incl. Installation Guides\" \/>\n<meta name=\"robots\" content=\"index, follow, max-snippet:-1, max-image-preview:large, max-video-preview:-1\" \/>\n<meta property=\"og:locale\" content=\"de_DE\" \/>\n<meta property=\"og:type\" content=\"article\" \/>\n<meta property=\"og:title\" content=\"BMW X5 G05 Mileage Blocker (KM stopper) \u2192 KM Block\" \/>\n<meta property=\"og:description\" content=\"Buy a BMW X5 G05 Mileage Blocker for the Best Prices \u2713 Free Shipping \u2713 Incl. Installation Guides\" \/>\n<meta property=\"og:url\" content=\"https:\/\/kmblock.com\/de\/product\/bmw-x5-g05\/\" \/>\n<meta property=\"og:site_name\" content=\"KM Block\" \/>\n<meta property=\"og:image\" content=\"https:\/\/kmblock.com\/wp-content\/uploads\/2024\/09\/BMW-Series-X5-G05-600x600-1.jpg\" \/>\n\t<meta property=\"og:image:width\" content=\"600\" \/>\n\t<meta property=\"og:image:height\" content=\"600\" \/>\n\t<meta property=\"og:image:type\" content=\"image\/jpeg\" \/>\n<meta name=\"twitter:card\" content=\"summary_large_image\" \/>\n<meta name=\"twitter:label1\" content=\"Gesch\u00e4tzte Lesezeit\" \/>\n\t<meta name=\"twitter:data1\" content=\"2\u00a0Minuten\" \/>\n<script type=\"application\/ld+json\" class=\"yoast-schema-graph\">{\"@context\":\"https:\\\/\\\/schema.org\",\"@graph\":[{\"@type\":\"WebPage\",\"@id\":\"https:\\\/\\\/kmblock.com\\\/de\\\/product\\\/bmw-x5-g05\\\/\",\"url\":\"https:\\\/\\\/kmblock.com\\\/de\\\/product\\\/bmw-x5-g05\\\/\",\"name\":\"BMW X5 G05 Mileage Blocker (KM stopper) \u2192 KM Block\",\"isPartOf\":{\"@id\":\"https:\\\/\\\/kmblock.com\\\/de\\\/#website\"},\"primaryImageOfPage\":{\"@id\":\"https:\\\/\\\/kmblock.com\\\/de\\\/product\\\/bmw-x5-g05\\\/#primaryimage\"},\"image\":{\"@id\":\"https:\\\/\\\/kmblock.com\\\/de\\\/product\\\/bmw-x5-g05\\\/#primaryimage\"},\"thumbnailUrl\":\"https:\\\/\\\/kmblock.com\\\/wp-content\\\/uploads\\\/2024\\\/09\\\/BMW-Series-X5-G05-600x600-1.jpg\",\"datePublished\":\"2024-09-19T15:54:35+00:00\",\"description\":\"Buy a BMW X5 G05 Mileage Blocker for the Best Prices \u2713 Free Shipping \u2713 Incl. Installation Guides\",\"breadcrumb\":{\"@id\":\"https:\\\/\\\/kmblock.com\\\/de\\\/product\\\/bmw-x5-g05\\\/#breadcrumb\"},\"inLanguage\":\"de\",\"potentialAction\":[{\"@type\":\"ReadAction\",\"target\":[\"https:\\\/\\\/kmblock.com\\\/de\\\/product\\\/bmw-x5-g05\\\/\"]}]},{\"@type\":\"ImageObject\",\"inLanguage\":\"de\",\"@id\":\"https:\\\/\\\/kmblock.com\\\/de\\\/product\\\/bmw-x5-g05\\\/#primaryimage\",\"url\":\"https:\\\/\\\/kmblock.com\\\/wp-content\\\/uploads\\\/2024\\\/09\\\/BMW-Series-X5-G05-600x600-1.jpg\",\"contentUrl\":\"https:\\\/\\\/kmblock.com\\\/wp-content\\\/uploads\\\/2024\\\/09\\\/BMW-Series-X5-G05-600x600-1.jpg\",\"width\":600,\"height\":600,\"caption\":\"BMW-Series-X5-G05-600x600\"},{\"@type\":\"BreadcrumbList\",\"@id\":\"https:\\\/\\\/kmblock.com\\\/de\\\/product\\\/bmw-x5-g05\\\/#breadcrumb\",\"itemListElement\":[{\"@type\":\"ListItem\",\"position\":1,\"name\":\"Startseite\",\"item\":\"https:\\\/\\\/kmblock.com\\\/de\\\/\"},{\"@type\":\"ListItem\",\"position\":2,\"name\":\"Produkte\",\"item\":\"https:\\\/\\\/kmblock.com\\\/de\\\/shop\\\/\"},{\"@type\":\"ListItem\",\"position\":3,\"name\":\"BMW X5 G05\"}]},{\"@type\":\"WebSite\",\"@id\":\"https:\\\/\\\/kmblock.com\\\/de\\\/#website\",\"url\":\"https:\\\/\\\/kmblock.com\\\/de\\\/\",\"name\":\"KM Block\",\"description\":\"\",\"publisher\":{\"@id\":\"https:\\\/\\\/kmblock.com\\\/de\\\/#organization\"},\"potentialAction\":[{\"@type\":\"SearchAction\",\"target\":{\"@type\":\"EntryPoint\",\"urlTemplate\":\"https:\\\/\\\/kmblock.com\\\/de\\\/?s={search_term_string}\"},\"query-input\":{\"@type\":\"PropertyValueSpecification\",\"valueRequired\":true,\"valueName\":\"search_term_string\"}}],\"inLanguage\":\"de\"},{\"@type\":\"Organization\",\"@id\":\"https:\\\/\\\/kmblock.com\\\/de\\\/#organization\",\"name\":\"KM-Block\",\"url\":\"https:\\\/\\\/kmblock.com\\\/de\\\/\",\"logo\":{\"@type\":\"ImageObject\",\"inLanguage\":\"de\",\"@id\":\"https:\\\/\\\/kmblock.com\\\/de\\\/#\\\/schema\\\/logo\\\/image\\\/\",\"url\":\"https:\\\/\\\/kmblock.com\\\/wp-content\\\/uploads\\\/2024\\\/08\\\/main-logo.png\",\"contentUrl\":\"https:\\\/\\\/kmblock.com\\\/wp-content\\\/uploads\\\/2024\\\/08\\\/main-logo.png\",\"width\":186,\"height\":28,\"caption\":\"KM-Block\"},\"image\":{\"@id\":\"https:\\\/\\\/kmblock.com\\\/de\\\/#\\\/schema\\\/logo\\\/image\\\/\"}}]}<\/script>\n<!-- \/ Yoast SEO plugin. -->","yoast_head_json":{"title":"BMW X5 G05 Mileage Blocker (KM stopper) \u2192 KM Block","description":"Buy a BMW X5 G05 Mileage Blocker for the Best Prices \u2713 Free Shipping \u2713 Incl. Installation Guides","robots":{"index":"index","follow":"follow","max-snippet":"max-snippet:-1","max-image-preview":"max-image-preview:large","max-video-preview":"max-video-preview:-1"},"og_locale":"de_DE","og_type":"article","og_title":"BMW X5 G05 Mileage Blocker (KM stopper) \u2192 KM Block","og_description":"Buy a BMW X5 G05 Mileage Blocker for the Best Prices \u2713 Free Shipping \u2713 Incl. Installation Guides","og_url":"https:\/\/kmblock.com\/de\/product\/bmw-x5-g05\/","og_site_name":"KM Block","og_image":[{"width":600,"height":600,"url":"https:\/\/kmblock.com\/wp-content\/uploads\/2024\/09\/BMW-Series-X5-G05-600x600-1.jpg","type":"image\/jpeg"}],"twitter_card":"summary_large_image","twitter_misc":{"Gesch\u00e4tzte Lesezeit":"2\u00a0Minuten"},"schema":{"@context":"https:\/\/schema.org","@graph":[{"@type":"WebPage","@id":"https:\/\/kmblock.com\/de\/product\/bmw-x5-g05\/","url":"https:\/\/kmblock.com\/de\/product\/bmw-x5-g05\/","name":"BMW X5 G05 Mileage Blocker (KM stopper) \u2192 KM Block","isPartOf":{"@id":"https:\/\/kmblock.com\/de\/#website"},"primaryImageOfPage":{"@id":"https:\/\/kmblock.com\/de\/product\/bmw-x5-g05\/#primaryimage"},"image":{"@id":"https:\/\/kmblock.com\/de\/product\/bmw-x5-g05\/#primaryimage"},"thumbnailUrl":"https:\/\/kmblock.com\/wp-content\/uploads\/2024\/09\/BMW-Series-X5-G05-600x600-1.jpg","datePublished":"2024-09-19T15:54:35+00:00","description":"Buy a BMW X5 G05 Mileage Blocker for the Best Prices \u2713 Free Shipping \u2713 Incl. Installation Guides","breadcrumb":{"@id":"https:\/\/kmblock.com\/de\/product\/bmw-x5-g05\/#breadcrumb"},"inLanguage":"de","potentialAction":[{"@type":"ReadAction","target":["https:\/\/kmblock.com\/de\/product\/bmw-x5-g05\/"]}]},{"@type":"ImageObject","inLanguage":"de","@id":"https:\/\/kmblock.com\/de\/product\/bmw-x5-g05\/#primaryimage","url":"https:\/\/kmblock.com\/wp-content\/uploads\/2024\/09\/BMW-Series-X5-G05-600x600-1.jpg","contentUrl":"https:\/\/kmblock.com\/wp-content\/uploads\/2024\/09\/BMW-Series-X5-G05-600x600-1.jpg","width":600,"height":600,"caption":"BMW-Series-X5-G05-600x600"},{"@type":"BreadcrumbList","@id":"https:\/\/kmblock.com\/de\/product\/bmw-x5-g05\/#breadcrumb","itemListElement":[{"@type":"ListItem","position":1,"name":"Startseite","item":"https:\/\/kmblock.com\/de\/"},{"@type":"ListItem","position":2,"name":"Produkte","item":"https:\/\/kmblock.com\/de\/shop\/"},{"@type":"ListItem","position":3,"name":"BMW X5 G05"}]},{"@type":"WebSite","@id":"https:\/\/kmblock.com\/de\/#website","url":"https:\/\/kmblock.com\/de\/","name":"KM Block","description":"","publisher":{"@id":"https:\/\/kmblock.com\/de\/#organization"},"potentialAction":[{"@type":"SearchAction","target":{"@type":"EntryPoint","urlTemplate":"https:\/\/kmblock.com\/de\/?s={search_term_string}"},"query-input":{"@type":"PropertyValueSpecification","valueRequired":true,"valueName":"search_term_string"}}],"inLanguage":"de"},{"@type":"Organization","@id":"https:\/\/kmblock.com\/de\/#organization","name":"KM-Block","url":"https:\/\/kmblock.com\/de\/","logo":{"@type":"ImageObject","inLanguage":"de","@id":"https:\/\/kmblock.com\/de\/#\/schema\/logo\/image\/","url":"https:\/\/kmblock.com\/wp-content\/uploads\/2024\/08\/main-logo.png","contentUrl":"https:\/\/kmblock.com\/wp-content\/uploads\/2024\/08\/main-logo.png","width":186,"height":28,"caption":"KM-Block"},"image":{"@id":"https:\/\/kmblock.com\/de\/#\/schema\/logo\/image\/"}}]}},"_links":{"self":[{"href":"https:\/\/kmblock.com\/de\/wp-json\/wp\/v2\/product\/6664","targetHints":{"allow":["GET"]}}],"collection":[{"href":"https:\/\/kmblock.com\/de\/wp-json\/wp\/v2\/product"}],"about":[{"href":"https:\/\/kmblock.com\/de\/wp-json\/wp\/v2\/types\/product"}],"replies":[{"embeddable":true,"href":"https:\/\/kmblock.com\/de\/wp-json\/wp\/v2\/comments?post=6664"}],"wp:featuredmedia":[{"embeddable":true,"href":"https:\/\/kmblock.com\/de\/wp-json\/wp\/v2\/media\/761"}],"wp:attachment":[{"href":"https:\/\/kmblock.com\/de\/wp-json\/wp\/v2\/media?parent=6664"}],"wp:term":[{"taxonomy":"product_brand","embeddable":true,"href":"https:\/\/kmblock.com\/de\/wp-json\/wp\/v2\/product_brand?post=6664"},{"taxonomy":"product_cat","embeddable":true,"href":"https:\/\/kmblock.com\/de\/wp-json\/wp\/v2\/product_cat?post=6664"},{"taxonomy":"product_tag","embeddable":true,"href":"https:\/\/kmblock.com\/de\/wp-json\/wp\/v2\/product_tag?post=6664"}],"curies":[{"name":"wp","href":"https:\/\/api.w.org\/{rel}","templated":true}]}}