{"id":6636,"date":"2024-09-19T04:41:53","date_gmt":"2024-09-19T04:41:53","guid":{"rendered":"https:\/\/kmblock.com\/product\/bmw-x3-f25\/"},"modified":"2024-09-19T04:41:53","modified_gmt":"2024-09-19T04:41:53","slug":"bmw-x3-f25","status":"publish","type":"product","link":"https:\/\/kmblock.com\/de\/product\/bmw-x3-f25\/","title":{"rendered":"BMW X3 F25"},"content":{"rendered":"<div class=\"flex max-w-full flex-col flex-grow\">\n<div class=\"min-h-[20px] text-message flex w-full flex-col items-end gap-2 whitespace-normal break-words [.text-message+&amp;]:mt-5\" dir=\"auto\" data-message-author-role=\"assistant\" data-message-id=\"486fbb14-d9b0-4abf-8aac-69dd9ef3f888\">\n<div class=\"flex w-full flex-col gap-1 empty:hidden first:pt-[3px]\">\n<div class=\"markdown prose w-full break-words dark:prose-invert dark\">\n<h3><strong>KILOMETERSTANDSBLOCKER F\u00dcR BMW X3 F25<\/strong><\/h3>\n<p>Bitte lesen Sie vor dem Kauf die folgenden Informationen zur Aktivierung des Moduls, zu Fehlermeldungen und zur Funktionalit\u00e4t sorgf\u00e4ltig durch:<\/p>\n<h3><strong>Kompatibilit\u00e4t:<\/strong><\/h3>\n<ul>\n<li>Geeignet f\u00fcr alle BMW X3 F25 Modelle, die zwischen 2010 &#8211; 2017 erschienen sind.<\/li>\n<\/ul>\n<h3><strong>Spezifikationen:<\/strong><\/h3>\n<ul>\n<li><strong>Einbau:<\/strong> Do-it-yourself (DIY) ohne \u00d6ffnen der ECUs. Qualitativ hochwertige Stecker und hitzebest\u00e4ndige Kabel. Kein L\u00f6ten oder Schneiden von Kabeln erforderlich.  <\/li>\n<li><strong>Modi:<\/strong> Bietet mehrere Modi f\u00fcr mehr Flexibilit\u00e4t.<\/li>\n<li><strong>Bedienung:<\/strong> Einfach zu bedienen mit mehreren Tastenkombinationen.<\/li>\n<li><strong>Software-Updates:<\/strong> Wenn Ihr Fahrzeug ein Software-Update erhalten hat, aktivieren Sie einfach Modus zwei, um das Ger\u00e4t weiter zu verwenden &#8211; ein Austausch oder ein Update ist nicht erforderlich.<\/li>\n<li><strong>Nach dem Ausbau:<\/strong> Nach dem Ausbau des Moduls erh\u00f6ht sich der Kilometerstand nicht spontan.<\/li>\n<li><strong>Einstellungen:<\/strong> Die Einstellungen werden nach der Auswahl bedingungslos gespeichert.<\/li>\n<li><strong>Anzeigen:<\/strong> Keine Fehlermeldungen auf dem Tachometer oder dem Navigationspanel. Geschwindigkeitsanzeige und Assistenzsysteme funktionieren nur in bestimmten Modi. <\/li>\n<li><strong>Fehlermeldungen:<\/strong> Keine Probleme mit dem Totwinkel-Assistenten oder dem Tempomat.<\/li>\n<li><strong>Abweichung:<\/strong> F\u00fcr Modi, die den Kilometerstand vollst\u00e4ndig ver\u00e4ndern, ist eine Abweichung von bis zu 1% der gefahrenen Strecke zul\u00e4ssig.<\/li>\n<\/ul>\n<h3><strong>Service-Anpassung:<\/strong><\/h3>\n<ul>\n<li>Stoppt die Z\u00e4hlung der zur\u00fcckgelegten Strecke, passt aber automatisch das Serviceintervall an. Die Servicez\u00e4hlung wird nicht gestoppt, aber die Aufzeichnung der Kilometerst\u00e4nde wird angehalten, bis noch 30% des Intervalls verbleiben. Der Service wird dann wieder auf 90% erh\u00f6ht. Beachten Sie, dass diese Prozents\u00e4tze ungef\u00e4hre Werte sind und variieren k\u00f6nnen.   <\/li>\n<\/ul>\n<h3><strong>Aktivierung &amp; Deaktivierung:<\/strong><\/h3>\n<p>&#8220; Aktivieren durch Dr\u00fccken von *BC mit Modus *.<br \/>\n<strong>Modus 1:<\/strong> 1 Blinken nach links 30 Prozent<\/p>\n<p><strong>Modus 2:<\/strong> 2 Blinksignale nach links 0 Prozent (keine Geschwindigkeit)<\/p>\n<p><strong>Modus 3:<\/strong> 3 Blinksignale nach links 0 Prozent ( Geschwindigkeit, funktioniert nur ohne Update)<\/p>\n<p><strong>Modus 4:<\/strong> 1 Blinken nach rechts 100 Prozent&#8220;<\/p>\n<p><strong>Zweck:<\/strong><\/p>\n<ul>\n<li>Der BMW X3 F25 Mileage Blocker\/Odometer Blocker verhindert die Aufzeichnung von zus\u00e4tzlichen Kilometern bei Leistungstests. Er ist kompatibel mit Diesel- und Benzinmotoren, Plug-in-Hybrid-Elektrofahrzeugen (PHEVs) und Elektroautos. <\/li>\n<\/ul>\n<p><strong>Anmerkung:<\/strong><\/p>\n<ul>\n<li>Wir verkaufen keine Tools zur Kilometerkorrektur f\u00fcr den BMW X3 F25, da diese f\u00fcr betr\u00fcgerische Zwecke wie das Zur\u00fccksetzen von Kilometern verwendet werden. Unsere Tools konzentrieren sich auf Leistungstests und ver\u00e4ndern nicht den Kilometerstand zu betr\u00fcgerischen Zwecken. <\/li>\n<\/ul>\n<p><strong>Installation:<\/strong><\/p>\n<ul>\n<li>Einfach und schnell, erfordert keine tiefgreifenden Kenntnisse der Fahrzeugwartung. Schlie\u00dfen Sie es zwischen dem Tachometeranschluss und dem Kombiinstrument an. Das Ger\u00e4t kann w\u00e4hrend der Fahrt (bei einigen Fahrzeugen) oder im Stand aktiviert oder deaktiviert werden.  <\/li>\n<\/ul>\n<\/div>\n<\/div>\n<\/div>\n<\/div>\n","protected":false},"excerpt":{"rendered":"<div class=\"flex-shrink-0 flex flex-col relative items-end\">\n<div class=\"pt-0\">\n<div class=\"gizmo-bot-avatar flex h-8 w-8 items-center justify-center overflow-hidden rounded-full\">\n<div class=\"relative p-1 rounded-sm flex items-center justify-center bg-token-main-surface-primary text-token-text-primary h-8 w-8\">\n<p>Bevor Sie Ihre Bestellung aufgeben, lesen Sie bitte sorgf\u00e4ltig die Aktivierungsanweisungen und die wichtigen Hinweise zu Fehlermeldungen und Funktionen unten:<\/p>\n<p><strong>Geeignet f\u00fcr alle BMW X3 F25 Modelle, die zwischen 2010 &#8211; 2017 erschienen sind.  <\/strong>Funktion in bestimmten Modi. Keine Fehlermeldungen durch den Totwinkel-Assistenten oder den Tempomat. Do-it-yourself (DIY) Installation. Qualitativ hochwertige Stecker und hitzebest\u00e4ndige Kabel.   <\/p>\n<p class=\"p1\"><b> \u2705 Nahtlose Integration<\/b><b><\/b><\/p>\n<p class=\"p1\">\u2705<b> Einfache Installation<\/b><b><\/b><\/p>\n<p class=\"p1\">\u2705<b> Genaue Verwaltung des Kilometerstandes<\/b><b><\/b><\/p>\n<p class=\"p1\"><b> \u2705 Betrieb im Tarnkappenmodus<\/b><b><\/b><\/p>\n<p class=\"p1\"><span class=\"s1\">\u2705<\/span><b> Lebenslanger Support und Updates<\/b><\/p>\n<p>&nbsp;<\/p>\n<\/div>\n<\/div>\n<\/div>\n<\/div>\n","protected":false},"featured_media":751,"comment_status":"open","ping_status":"closed","template":"","meta":[],"product_brand":[],"product_cat":[709],"product_tag":[],"class_list":{"0":"post-6636","1":"product","2":"type-product","3":"status-publish","4":"has-post-thumbnail","6":"product_cat-bmw","8":"first","9":"instock","10":"taxable","11":"shipping-taxable","12":"purchasable","13":"product-type-variable"},"yoast_head":"<!-- This site is optimized with the Yoast SEO plugin v27.5 - https:\/\/yoast.com\/product\/yoast-seo-wordpress\/ -->\n<title>BMW X3 F25 Mileage Blocker (KM stopper) \u2192 KM Block<\/title>\n<meta name=\"description\" content=\"Buy a BMW X3 F25 Mileage Blocker for the Best Prices \u2713 Free Shipping \u2713 Incl. Installation Guides\" \/>\n<meta name=\"robots\" content=\"index, follow, max-snippet:-1, max-image-preview:large, max-video-preview:-1\" \/>\n<meta property=\"og:locale\" content=\"de_DE\" \/>\n<meta property=\"og:type\" content=\"article\" \/>\n<meta property=\"og:title\" content=\"BMW X3 F25 Mileage Blocker (KM stopper) \u2192 KM Block\" \/>\n<meta property=\"og:description\" content=\"Buy a BMW X3 F25 Mileage Blocker for the Best Prices \u2713 Free Shipping \u2713 Incl. Installation Guides\" \/>\n<meta property=\"og:url\" content=\"https:\/\/kmblock.com\/de\/product\/bmw-x3-f25\/\" \/>\n<meta property=\"og:site_name\" content=\"KM Block\" \/>\n<meta property=\"og:image\" content=\"https:\/\/kmblock.com\/wp-content\/uploads\/2024\/09\/BMW-X3-F25.jpg\" \/>\n\t<meta property=\"og:image:width\" content=\"800\" \/>\n\t<meta property=\"og:image:height\" content=\"800\" \/>\n\t<meta property=\"og:image:type\" content=\"image\/jpeg\" \/>\n<meta name=\"twitter:card\" content=\"summary_large_image\" \/>\n<meta name=\"twitter:label1\" content=\"Gesch\u00e4tzte Lesezeit\" \/>\n\t<meta name=\"twitter:data1\" content=\"2\u00a0Minuten\" \/>\n<script type=\"application\/ld+json\" class=\"yoast-schema-graph\">{\"@context\":\"https:\\\/\\\/schema.org\",\"@graph\":[{\"@type\":\"WebPage\",\"@id\":\"https:\\\/\\\/kmblock.com\\\/de\\\/product\\\/bmw-x3-f25\\\/\",\"url\":\"https:\\\/\\\/kmblock.com\\\/de\\\/product\\\/bmw-x3-f25\\\/\",\"name\":\"BMW X3 F25 Mileage Blocker (KM stopper) \u2192 KM Block\",\"isPartOf\":{\"@id\":\"https:\\\/\\\/kmblock.com\\\/de\\\/#website\"},\"primaryImageOfPage\":{\"@id\":\"https:\\\/\\\/kmblock.com\\\/de\\\/product\\\/bmw-x3-f25\\\/#primaryimage\"},\"image\":{\"@id\":\"https:\\\/\\\/kmblock.com\\\/de\\\/product\\\/bmw-x3-f25\\\/#primaryimage\"},\"thumbnailUrl\":\"https:\\\/\\\/kmblock.com\\\/wp-content\\\/uploads\\\/2024\\\/09\\\/BMW-X3-F25.jpg\",\"datePublished\":\"2024-09-19T04:41:53+00:00\",\"description\":\"Buy a BMW X3 F25 Mileage Blocker for the Best Prices \u2713 Free Shipping \u2713 Incl. Installation Guides\",\"breadcrumb\":{\"@id\":\"https:\\\/\\\/kmblock.com\\\/de\\\/product\\\/bmw-x3-f25\\\/#breadcrumb\"},\"inLanguage\":\"de\",\"potentialAction\":[{\"@type\":\"ReadAction\",\"target\":[\"https:\\\/\\\/kmblock.com\\\/de\\\/product\\\/bmw-x3-f25\\\/\"]}]},{\"@type\":\"ImageObject\",\"inLanguage\":\"de\",\"@id\":\"https:\\\/\\\/kmblock.com\\\/de\\\/product\\\/bmw-x3-f25\\\/#primaryimage\",\"url\":\"https:\\\/\\\/kmblock.com\\\/wp-content\\\/uploads\\\/2024\\\/09\\\/BMW-X3-F25.jpg\",\"contentUrl\":\"https:\\\/\\\/kmblock.com\\\/wp-content\\\/uploads\\\/2024\\\/09\\\/BMW-X3-F25.jpg\",\"width\":800,\"height\":800,\"caption\":\"BMW X3 F25\"},{\"@type\":\"BreadcrumbList\",\"@id\":\"https:\\\/\\\/kmblock.com\\\/de\\\/product\\\/bmw-x3-f25\\\/#breadcrumb\",\"itemListElement\":[{\"@type\":\"ListItem\",\"position\":1,\"name\":\"Startseite\",\"item\":\"https:\\\/\\\/kmblock.com\\\/de\\\/\"},{\"@type\":\"ListItem\",\"position\":2,\"name\":\"Produkte\",\"item\":\"https:\\\/\\\/kmblock.com\\\/de\\\/shop\\\/\"},{\"@type\":\"ListItem\",\"position\":3,\"name\":\"BMW X3 F25\"}]},{\"@type\":\"WebSite\",\"@id\":\"https:\\\/\\\/kmblock.com\\\/de\\\/#website\",\"url\":\"https:\\\/\\\/kmblock.com\\\/de\\\/\",\"name\":\"KM Block\",\"description\":\"\",\"publisher\":{\"@id\":\"https:\\\/\\\/kmblock.com\\\/de\\\/#organization\"},\"potentialAction\":[{\"@type\":\"SearchAction\",\"target\":{\"@type\":\"EntryPoint\",\"urlTemplate\":\"https:\\\/\\\/kmblock.com\\\/de\\\/?s={search_term_string}\"},\"query-input\":{\"@type\":\"PropertyValueSpecification\",\"valueRequired\":true,\"valueName\":\"search_term_string\"}}],\"inLanguage\":\"de\"},{\"@type\":\"Organization\",\"@id\":\"https:\\\/\\\/kmblock.com\\\/de\\\/#organization\",\"name\":\"KM-Block\",\"url\":\"https:\\\/\\\/kmblock.com\\\/de\\\/\",\"logo\":{\"@type\":\"ImageObject\",\"inLanguage\":\"de\",\"@id\":\"https:\\\/\\\/kmblock.com\\\/de\\\/#\\\/schema\\\/logo\\\/image\\\/\",\"url\":\"https:\\\/\\\/kmblock.com\\\/wp-content\\\/uploads\\\/2024\\\/08\\\/main-logo.png\",\"contentUrl\":\"https:\\\/\\\/kmblock.com\\\/wp-content\\\/uploads\\\/2024\\\/08\\\/main-logo.png\",\"width\":186,\"height\":28,\"caption\":\"KM-Block\"},\"image\":{\"@id\":\"https:\\\/\\\/kmblock.com\\\/de\\\/#\\\/schema\\\/logo\\\/image\\\/\"}}]}<\/script>\n<!-- \/ Yoast SEO plugin. -->","yoast_head_json":{"title":"BMW X3 F25 Mileage Blocker (KM stopper) \u2192 KM Block","description":"Buy a BMW X3 F25 Mileage Blocker for the Best Prices \u2713 Free Shipping \u2713 Incl. Installation Guides","robots":{"index":"index","follow":"follow","max-snippet":"max-snippet:-1","max-image-preview":"max-image-preview:large","max-video-preview":"max-video-preview:-1"},"og_locale":"de_DE","og_type":"article","og_title":"BMW X3 F25 Mileage Blocker (KM stopper) \u2192 KM Block","og_description":"Buy a BMW X3 F25 Mileage Blocker for the Best Prices \u2713 Free Shipping \u2713 Incl. Installation Guides","og_url":"https:\/\/kmblock.com\/de\/product\/bmw-x3-f25\/","og_site_name":"KM Block","og_image":[{"width":800,"height":800,"url":"https:\/\/kmblock.com\/wp-content\/uploads\/2024\/09\/BMW-X3-F25.jpg","type":"image\/jpeg"}],"twitter_card":"summary_large_image","twitter_misc":{"Gesch\u00e4tzte Lesezeit":"2\u00a0Minuten"},"schema":{"@context":"https:\/\/schema.org","@graph":[{"@type":"WebPage","@id":"https:\/\/kmblock.com\/de\/product\/bmw-x3-f25\/","url":"https:\/\/kmblock.com\/de\/product\/bmw-x3-f25\/","name":"BMW X3 F25 Mileage Blocker (KM stopper) \u2192 KM Block","isPartOf":{"@id":"https:\/\/kmblock.com\/de\/#website"},"primaryImageOfPage":{"@id":"https:\/\/kmblock.com\/de\/product\/bmw-x3-f25\/#primaryimage"},"image":{"@id":"https:\/\/kmblock.com\/de\/product\/bmw-x3-f25\/#primaryimage"},"thumbnailUrl":"https:\/\/kmblock.com\/wp-content\/uploads\/2024\/09\/BMW-X3-F25.jpg","datePublished":"2024-09-19T04:41:53+00:00","description":"Buy a BMW X3 F25 Mileage Blocker for the Best Prices \u2713 Free Shipping \u2713 Incl. Installation Guides","breadcrumb":{"@id":"https:\/\/kmblock.com\/de\/product\/bmw-x3-f25\/#breadcrumb"},"inLanguage":"de","potentialAction":[{"@type":"ReadAction","target":["https:\/\/kmblock.com\/de\/product\/bmw-x3-f25\/"]}]},{"@type":"ImageObject","inLanguage":"de","@id":"https:\/\/kmblock.com\/de\/product\/bmw-x3-f25\/#primaryimage","url":"https:\/\/kmblock.com\/wp-content\/uploads\/2024\/09\/BMW-X3-F25.jpg","contentUrl":"https:\/\/kmblock.com\/wp-content\/uploads\/2024\/09\/BMW-X3-F25.jpg","width":800,"height":800,"caption":"BMW X3 F25"},{"@type":"BreadcrumbList","@id":"https:\/\/kmblock.com\/de\/product\/bmw-x3-f25\/#breadcrumb","itemListElement":[{"@type":"ListItem","position":1,"name":"Startseite","item":"https:\/\/kmblock.com\/de\/"},{"@type":"ListItem","position":2,"name":"Produkte","item":"https:\/\/kmblock.com\/de\/shop\/"},{"@type":"ListItem","position":3,"name":"BMW X3 F25"}]},{"@type":"WebSite","@id":"https:\/\/kmblock.com\/de\/#website","url":"https:\/\/kmblock.com\/de\/","name":"KM Block","description":"","publisher":{"@id":"https:\/\/kmblock.com\/de\/#organization"},"potentialAction":[{"@type":"SearchAction","target":{"@type":"EntryPoint","urlTemplate":"https:\/\/kmblock.com\/de\/?s={search_term_string}"},"query-input":{"@type":"PropertyValueSpecification","valueRequired":true,"valueName":"search_term_string"}}],"inLanguage":"de"},{"@type":"Organization","@id":"https:\/\/kmblock.com\/de\/#organization","name":"KM-Block","url":"https:\/\/kmblock.com\/de\/","logo":{"@type":"ImageObject","inLanguage":"de","@id":"https:\/\/kmblock.com\/de\/#\/schema\/logo\/image\/","url":"https:\/\/kmblock.com\/wp-content\/uploads\/2024\/08\/main-logo.png","contentUrl":"https:\/\/kmblock.com\/wp-content\/uploads\/2024\/08\/main-logo.png","width":186,"height":28,"caption":"KM-Block"},"image":{"@id":"https:\/\/kmblock.com\/de\/#\/schema\/logo\/image\/"}}]}},"_links":{"self":[{"href":"https:\/\/kmblock.com\/de\/wp-json\/wp\/v2\/product\/6636","targetHints":{"allow":["GET"]}}],"collection":[{"href":"https:\/\/kmblock.com\/de\/wp-json\/wp\/v2\/product"}],"about":[{"href":"https:\/\/kmblock.com\/de\/wp-json\/wp\/v2\/types\/product"}],"replies":[{"embeddable":true,"href":"https:\/\/kmblock.com\/de\/wp-json\/wp\/v2\/comments?post=6636"}],"wp:featuredmedia":[{"embeddable":true,"href":"https:\/\/kmblock.com\/de\/wp-json\/wp\/v2\/media\/751"}],"wp:attachment":[{"href":"https:\/\/kmblock.com\/de\/wp-json\/wp\/v2\/media?parent=6636"}],"wp:term":[{"taxonomy":"product_brand","embeddable":true,"href":"https:\/\/kmblock.com\/de\/wp-json\/wp\/v2\/product_brand?post=6636"},{"taxonomy":"product_cat","embeddable":true,"href":"https:\/\/kmblock.com\/de\/wp-json\/wp\/v2\/product_cat?post=6636"},{"taxonomy":"product_tag","embeddable":true,"href":"https:\/\/kmblock.com\/de\/wp-json\/wp\/v2\/product_tag?post=6636"}],"curies":[{"name":"wp","href":"https:\/\/api.w.org\/{rel}","templated":true}]}}