{"id":6585,"date":"2024-09-19T05:33:53","date_gmt":"2024-09-19T05:33:53","guid":{"rendered":"https:\/\/kmblock.com\/product\/bmw-x4-g02\/"},"modified":"2024-09-19T05:33:53","modified_gmt":"2024-09-19T05:33:53","slug":"bmw-x4-g02","status":"publish","type":"product","link":"https:\/\/kmblock.com\/de\/product\/bmw-x4-g02\/","title":{"rendered":"BMW X4 G02"},"content":{"rendered":"<div class=\"flex max-w-full flex-col flex-grow\">\n<div class=\"min-h-[20px] text-message flex w-full flex-col items-end gap-2 whitespace-normal break-words [.text-message+&amp;]:mt-5\" dir=\"auto\" data-message-author-role=\"assistant\" data-message-id=\"486fbb14-d9b0-4abf-8aac-69dd9ef3f888\">\n<div class=\"flex w-full flex-col gap-1 empty:hidden first:pt-[3px]\">\n<div class=\"markdown prose w-full break-words dark:prose-invert dark\">\n<h3><strong>Kilometerstand-Blocker f\u00fcr BMW X4 G02<\/strong><\/h3>\n<p><strong>\u00dcberblick:<\/strong> Der BMW X4 G02 Mileage Blocker wird manchmal auch als Odometer Blocker, Odometer Stopper, Can Blocker, Mileage Stopper, Trip Odometer, Can Filter oder Mileage Correction Tool bezeichnet. Dieses Ger\u00e4t ist f\u00fcr alle BMW X4 G02 Modelle, die seit 2018 auf den Markt gekommen sind, geeignet. <\/p>\n<h3><strong>Spezifikationen:<\/strong><\/h3>\n<ul>\n<li><strong>Einbau:<\/strong> Do-it-yourself (DIY); Sie m\u00fcssen keine Steuerger\u00e4te \u00f6ffnen, l\u00f6ten oder Kabel durchtrennen.<\/li>\n<li><strong>Komponenten:<\/strong> Mit hochwertigen Steckern und hitzebest\u00e4ndigen Kabeln.<\/li>\n<li><strong>Modi:<\/strong> Verf\u00fcgt \u00fcber mehrere Betriebsmodi, die Sie mit Tastenkombinationen einfach umschalten k\u00f6nnen.<\/li>\n<li><strong>Einstellungen:<\/strong> Einmal einrichten und bedingungslos speichern.<\/li>\n<li><strong>Service-Anpassung:<\/strong> Passt den Servicez\u00e4hler automatisch an, um die gestoppte Laufleistung zu kompensieren.<\/li>\n<li><strong>Fehlermeldungen:<\/strong> Keine Fehlermeldungen auf dem Tachometer oder dem Navigationspanel. Keine Probleme mit dem Totwinkel-Assistenten oder dem Tempomat. <\/li>\n<li><strong>Kompatibilit\u00e4t:<\/strong> Funktioniert sowohl mit 6WB LCD als auch mit Live Cockpit Displays.<\/li>\n<li><strong>Nach dem Ausbau:<\/strong> Der Kilometerstand erh\u00f6ht sich nach dem Ausbau des Moduls nicht spontan.<\/li>\n<\/ul>\n<h3><strong>Details zur Serviceanpassung:<\/strong><\/h3>\n<ul>\n<li>Der Mileage Blocker h\u00f6rt auf, die zur\u00fcckgelegte Strecke zu z\u00e4hlen, verfolgt aber weiterhin die Serviceintervalle. Der Service-Countdown wird angehalten, wenn der Kilometerstand gestoppt wird, und wird erst wieder fortgesetzt, wenn noch 30% des Serviceintervalls verbleiben. Wenn der Kilometerstand bei 30% des Intervalls gestoppt wird, wird er automatisch auf 90% zur\u00fcckgesetzt.  <\/li>\n<li>Beispiel: Bei einem Serviceintervall von 30.000 km bleibt das Serviceintervall bei ca. 27.000 km stehen, bis die Laufleistung wieder zunimmt.<\/li>\n<\/ul>\n<h3><strong>Aktivierung &amp; Deaktivierung:<\/strong><\/h3>\n<p>&#8220; Schalten Sie das Ger\u00e4t ein, indem Sie die Taste BC 10 Sekunden lang gedr\u00fcckt halten, bis alle Lichter auf dem Display aufleuchten.<\/p>\n<p><strong>Modus Gr\u00fcn:<\/strong> Original-Kilometerz\u00e4hler wieder original 100%. Alles funktioniert einwandfrei. <\/p>\n<p><strong>Modus Gelb:<\/strong> Die Kilometerz\u00e4hlung wird um 30% verlangsamt. Auf alle 100 km 30 km. Alles funktioniert gut.  <\/p>\n<p><strong>Modus Rot:<\/strong> Kilometerz\u00e4hler nicht mehr auf 0%. Die Geschwindigkeit funktioniert nicht.&#8220; <\/p>\n<p><strong>Anmerkung:<\/strong><\/p>\n<ul>\n<li><strong>Tools zur Kilometerkorrektur:<\/strong> Wir verkaufen keine Tools, die f\u00fcr eine betr\u00fcgerische Korrektur oder R\u00fcckg\u00e4ngigmachung des Kilometerstandes gedacht sind. Moderne Fahrzeuge verf\u00fcgen \u00fcber mehrere Datenspeicher, so dass solche Tools f\u00fcr die R\u00fcckg\u00e4ngigmachung des Kilometerstandes unwirksam sind. <\/li>\n<\/ul>\n<p><strong>Kaufoptionen:<\/strong> Erh\u00e4ltlich bei KM Block, mit Originalkomponenten. Das Ger\u00e4t ist mit Diesel-, Benzin-, Hybrid- und Elektromotoren kompatibel. Die Installation ist schnell und einfach: Schlie\u00dfen Sie es einfach zwischen dem Tachoanschluss und dem Kombiinstrument an.  <\/p>\n<p>Der BMW X4 G02 Mileage Blocker ist ein au\u00dfergew\u00f6hnliches Werkzeug f\u00fcr kontrollierte Fahrzeugleistungstests.<\/p>\n<\/div>\n<\/div>\n<\/div>\n<\/div>\n","protected":false},"excerpt":{"rendered":"<div class=\"flex-shrink-0 flex flex-col relative items-end\">\n<div class=\"pt-0\">\n<div class=\"gizmo-bot-avatar flex h-8 w-8 items-center justify-center overflow-hidden rounded-full\">\n<div class=\"relative p-1 rounded-sm flex items-center justify-center bg-token-main-surface-primary text-token-text-primary h-8 w-8\">\n<p>Bevor Sie Ihre Bestellung aufgeben, lesen Sie bitte sorgf\u00e4ltig die Aktivierungsanweisungen und die wichtigen Hinweise zu Fehlermeldungen und Funktionen unten:<\/p>\n<p><strong>Geeignet f\u00fcr alle BMW X4 G02 Modelle ab 2018.<\/strong>  Funktioniert in bestimmten Modi korrekt. Keine Fehlermeldungen vom Totwinkel-Assistenten oder vom Tempomat. Do-it-yourself (DIY) Installation. Sie m\u00fcssen keine Steuerger\u00e4te \u00f6ffnen oder Kabel durchtrennen. Wird mit hochwertigen Steckern und hitzebest\u00e4ndigen Kabeln geliefert.    <\/p>\n<p class=\"p1\"><b> \u2705 Nahtlose Integration<\/b><b><\/b><\/p>\n<p class=\"p1\">\u2705<b> Einfache Installation<\/b><b><\/b><\/p>\n<p class=\"p1\">\u2705<b> Genaue Verwaltung des Kilometerstandes<\/b><b><\/b><\/p>\n<p class=\"p1\"><b> \u2705 Betrieb im Tarnkappenmodus<\/b><b><\/b><\/p>\n<p class=\"p1\"><span class=\"s1\">\u2705<\/span><b> Lebenslanger Support und Updates<\/b><\/p>\n<p>&nbsp;<\/p>\n<\/div>\n<\/div>\n<\/div>\n<\/div>\n","protected":false},"featured_media":757,"comment_status":"open","ping_status":"closed","template":"","meta":[],"product_brand":[],"product_cat":[709],"product_tag":[],"class_list":{"0":"post-6585","1":"product","2":"type-product","3":"status-publish","4":"has-post-thumbnail","6":"product_cat-bmw","8":"first","9":"instock","10":"taxable","11":"shipping-taxable","12":"purchasable","13":"product-type-variable"},"yoast_head":"<!-- This site is optimized with the Yoast SEO plugin v27.5 - https:\/\/yoast.com\/product\/yoast-seo-wordpress\/ -->\n<title>BMW X4 G02 Mileage Blocker (KM stopper) \u2192 KM Block<\/title>\n<meta name=\"description\" content=\"Buy a BMW X4 G02 Mileage Blocker for the Best Prices \u2713 Free Shipping \u2713 Incl. Installation Guides\" \/>\n<meta name=\"robots\" content=\"index, follow, max-snippet:-1, max-image-preview:large, max-video-preview:-1\" \/>\n<meta property=\"og:locale\" content=\"de_DE\" \/>\n<meta property=\"og:type\" content=\"article\" \/>\n<meta property=\"og:title\" content=\"BMW X4 G02 Mileage Blocker (KM stopper) \u2192 KM Block\" \/>\n<meta property=\"og:description\" content=\"Buy a BMW X4 G02 Mileage Blocker for the Best Prices \u2713 Free Shipping \u2713 Incl. Installation Guides\" \/>\n<meta property=\"og:url\" content=\"https:\/\/kmblock.com\/de\/product\/bmw-x4-g02\/\" \/>\n<meta property=\"og:site_name\" content=\"KM Block\" \/>\n<meta property=\"og:image\" content=\"https:\/\/kmblock.com\/wp-content\/uploads\/2024\/09\/BMW-X4-G02.jpg\" \/>\n\t<meta property=\"og:image:width\" content=\"800\" \/>\n\t<meta property=\"og:image:height\" content=\"800\" \/>\n\t<meta property=\"og:image:type\" content=\"image\/jpeg\" \/>\n<meta name=\"twitter:card\" content=\"summary_large_image\" \/>\n<meta name=\"twitter:label1\" content=\"Gesch\u00e4tzte Lesezeit\" \/>\n\t<meta name=\"twitter:data1\" content=\"2\u00a0Minuten\" \/>\n<script type=\"application\/ld+json\" class=\"yoast-schema-graph\">{\"@context\":\"https:\\\/\\\/schema.org\",\"@graph\":[{\"@type\":\"WebPage\",\"@id\":\"https:\\\/\\\/kmblock.com\\\/de\\\/product\\\/bmw-x4-g02\\\/\",\"url\":\"https:\\\/\\\/kmblock.com\\\/de\\\/product\\\/bmw-x4-g02\\\/\",\"name\":\"BMW X4 G02 Mileage Blocker (KM stopper) \u2192 KM Block\",\"isPartOf\":{\"@id\":\"https:\\\/\\\/kmblock.com\\\/de\\\/#website\"},\"primaryImageOfPage\":{\"@id\":\"https:\\\/\\\/kmblock.com\\\/de\\\/product\\\/bmw-x4-g02\\\/#primaryimage\"},\"image\":{\"@id\":\"https:\\\/\\\/kmblock.com\\\/de\\\/product\\\/bmw-x4-g02\\\/#primaryimage\"},\"thumbnailUrl\":\"https:\\\/\\\/kmblock.com\\\/wp-content\\\/uploads\\\/2024\\\/09\\\/BMW-X4-G02.jpg\",\"datePublished\":\"2024-09-19T05:33:53+00:00\",\"description\":\"Buy a BMW X4 G02 Mileage Blocker for the Best Prices \u2713 Free Shipping \u2713 Incl. Installation Guides\",\"breadcrumb\":{\"@id\":\"https:\\\/\\\/kmblock.com\\\/de\\\/product\\\/bmw-x4-g02\\\/#breadcrumb\"},\"inLanguage\":\"de\",\"potentialAction\":[{\"@type\":\"ReadAction\",\"target\":[\"https:\\\/\\\/kmblock.com\\\/de\\\/product\\\/bmw-x4-g02\\\/\"]}]},{\"@type\":\"ImageObject\",\"inLanguage\":\"de\",\"@id\":\"https:\\\/\\\/kmblock.com\\\/de\\\/product\\\/bmw-x4-g02\\\/#primaryimage\",\"url\":\"https:\\\/\\\/kmblock.com\\\/wp-content\\\/uploads\\\/2024\\\/09\\\/BMW-X4-G02.jpg\",\"contentUrl\":\"https:\\\/\\\/kmblock.com\\\/wp-content\\\/uploads\\\/2024\\\/09\\\/BMW-X4-G02.jpg\",\"width\":800,\"height\":800,\"caption\":\"BMW X4 G02\"},{\"@type\":\"BreadcrumbList\",\"@id\":\"https:\\\/\\\/kmblock.com\\\/de\\\/product\\\/bmw-x4-g02\\\/#breadcrumb\",\"itemListElement\":[{\"@type\":\"ListItem\",\"position\":1,\"name\":\"Startseite\",\"item\":\"https:\\\/\\\/kmblock.com\\\/de\\\/\"},{\"@type\":\"ListItem\",\"position\":2,\"name\":\"Produkte\",\"item\":\"https:\\\/\\\/kmblock.com\\\/de\\\/shop\\\/\"},{\"@type\":\"ListItem\",\"position\":3,\"name\":\"BMW X4 G02\"}]},{\"@type\":\"WebSite\",\"@id\":\"https:\\\/\\\/kmblock.com\\\/de\\\/#website\",\"url\":\"https:\\\/\\\/kmblock.com\\\/de\\\/\",\"name\":\"KM Block\",\"description\":\"\",\"publisher\":{\"@id\":\"https:\\\/\\\/kmblock.com\\\/de\\\/#organization\"},\"potentialAction\":[{\"@type\":\"SearchAction\",\"target\":{\"@type\":\"EntryPoint\",\"urlTemplate\":\"https:\\\/\\\/kmblock.com\\\/de\\\/?s={search_term_string}\"},\"query-input\":{\"@type\":\"PropertyValueSpecification\",\"valueRequired\":true,\"valueName\":\"search_term_string\"}}],\"inLanguage\":\"de\"},{\"@type\":\"Organization\",\"@id\":\"https:\\\/\\\/kmblock.com\\\/de\\\/#organization\",\"name\":\"KM-Block\",\"url\":\"https:\\\/\\\/kmblock.com\\\/de\\\/\",\"logo\":{\"@type\":\"ImageObject\",\"inLanguage\":\"de\",\"@id\":\"https:\\\/\\\/kmblock.com\\\/de\\\/#\\\/schema\\\/logo\\\/image\\\/\",\"url\":\"https:\\\/\\\/kmblock.com\\\/wp-content\\\/uploads\\\/2024\\\/08\\\/main-logo.png\",\"contentUrl\":\"https:\\\/\\\/kmblock.com\\\/wp-content\\\/uploads\\\/2024\\\/08\\\/main-logo.png\",\"width\":186,\"height\":28,\"caption\":\"KM-Block\"},\"image\":{\"@id\":\"https:\\\/\\\/kmblock.com\\\/de\\\/#\\\/schema\\\/logo\\\/image\\\/\"}}]}<\/script>\n<!-- \/ Yoast SEO plugin. -->","yoast_head_json":{"title":"BMW X4 G02 Mileage Blocker (KM stopper) \u2192 KM Block","description":"Buy a BMW X4 G02 Mileage Blocker for the Best Prices \u2713 Free Shipping \u2713 Incl. Installation Guides","robots":{"index":"index","follow":"follow","max-snippet":"max-snippet:-1","max-image-preview":"max-image-preview:large","max-video-preview":"max-video-preview:-1"},"og_locale":"de_DE","og_type":"article","og_title":"BMW X4 G02 Mileage Blocker (KM stopper) \u2192 KM Block","og_description":"Buy a BMW X4 G02 Mileage Blocker for the Best Prices \u2713 Free Shipping \u2713 Incl. Installation Guides","og_url":"https:\/\/kmblock.com\/de\/product\/bmw-x4-g02\/","og_site_name":"KM Block","og_image":[{"width":800,"height":800,"url":"https:\/\/kmblock.com\/wp-content\/uploads\/2024\/09\/BMW-X4-G02.jpg","type":"image\/jpeg"}],"twitter_card":"summary_large_image","twitter_misc":{"Gesch\u00e4tzte Lesezeit":"2\u00a0Minuten"},"schema":{"@context":"https:\/\/schema.org","@graph":[{"@type":"WebPage","@id":"https:\/\/kmblock.com\/de\/product\/bmw-x4-g02\/","url":"https:\/\/kmblock.com\/de\/product\/bmw-x4-g02\/","name":"BMW X4 G02 Mileage Blocker (KM stopper) \u2192 KM Block","isPartOf":{"@id":"https:\/\/kmblock.com\/de\/#website"},"primaryImageOfPage":{"@id":"https:\/\/kmblock.com\/de\/product\/bmw-x4-g02\/#primaryimage"},"image":{"@id":"https:\/\/kmblock.com\/de\/product\/bmw-x4-g02\/#primaryimage"},"thumbnailUrl":"https:\/\/kmblock.com\/wp-content\/uploads\/2024\/09\/BMW-X4-G02.jpg","datePublished":"2024-09-19T05:33:53+00:00","description":"Buy a BMW X4 G02 Mileage Blocker for the Best Prices \u2713 Free Shipping \u2713 Incl. Installation Guides","breadcrumb":{"@id":"https:\/\/kmblock.com\/de\/product\/bmw-x4-g02\/#breadcrumb"},"inLanguage":"de","potentialAction":[{"@type":"ReadAction","target":["https:\/\/kmblock.com\/de\/product\/bmw-x4-g02\/"]}]},{"@type":"ImageObject","inLanguage":"de","@id":"https:\/\/kmblock.com\/de\/product\/bmw-x4-g02\/#primaryimage","url":"https:\/\/kmblock.com\/wp-content\/uploads\/2024\/09\/BMW-X4-G02.jpg","contentUrl":"https:\/\/kmblock.com\/wp-content\/uploads\/2024\/09\/BMW-X4-G02.jpg","width":800,"height":800,"caption":"BMW X4 G02"},{"@type":"BreadcrumbList","@id":"https:\/\/kmblock.com\/de\/product\/bmw-x4-g02\/#breadcrumb","itemListElement":[{"@type":"ListItem","position":1,"name":"Startseite","item":"https:\/\/kmblock.com\/de\/"},{"@type":"ListItem","position":2,"name":"Produkte","item":"https:\/\/kmblock.com\/de\/shop\/"},{"@type":"ListItem","position":3,"name":"BMW X4 G02"}]},{"@type":"WebSite","@id":"https:\/\/kmblock.com\/de\/#website","url":"https:\/\/kmblock.com\/de\/","name":"KM Block","description":"","publisher":{"@id":"https:\/\/kmblock.com\/de\/#organization"},"potentialAction":[{"@type":"SearchAction","target":{"@type":"EntryPoint","urlTemplate":"https:\/\/kmblock.com\/de\/?s={search_term_string}"},"query-input":{"@type":"PropertyValueSpecification","valueRequired":true,"valueName":"search_term_string"}}],"inLanguage":"de"},{"@type":"Organization","@id":"https:\/\/kmblock.com\/de\/#organization","name":"KM-Block","url":"https:\/\/kmblock.com\/de\/","logo":{"@type":"ImageObject","inLanguage":"de","@id":"https:\/\/kmblock.com\/de\/#\/schema\/logo\/image\/","url":"https:\/\/kmblock.com\/wp-content\/uploads\/2024\/08\/main-logo.png","contentUrl":"https:\/\/kmblock.com\/wp-content\/uploads\/2024\/08\/main-logo.png","width":186,"height":28,"caption":"KM-Block"},"image":{"@id":"https:\/\/kmblock.com\/de\/#\/schema\/logo\/image\/"}}]}},"_links":{"self":[{"href":"https:\/\/kmblock.com\/de\/wp-json\/wp\/v2\/product\/6585","targetHints":{"allow":["GET"]}}],"collection":[{"href":"https:\/\/kmblock.com\/de\/wp-json\/wp\/v2\/product"}],"about":[{"href":"https:\/\/kmblock.com\/de\/wp-json\/wp\/v2\/types\/product"}],"replies":[{"embeddable":true,"href":"https:\/\/kmblock.com\/de\/wp-json\/wp\/v2\/comments?post=6585"}],"wp:featuredmedia":[{"embeddable":true,"href":"https:\/\/kmblock.com\/de\/wp-json\/wp\/v2\/media\/757"}],"wp:attachment":[{"href":"https:\/\/kmblock.com\/de\/wp-json\/wp\/v2\/media?parent=6585"}],"wp:term":[{"taxonomy":"product_brand","embeddable":true,"href":"https:\/\/kmblock.com\/de\/wp-json\/wp\/v2\/product_brand?post=6585"},{"taxonomy":"product_cat","embeddable":true,"href":"https:\/\/kmblock.com\/de\/wp-json\/wp\/v2\/product_cat?post=6585"},{"taxonomy":"product_tag","embeddable":true,"href":"https:\/\/kmblock.com\/de\/wp-json\/wp\/v2\/product_tag?post=6585"}],"curies":[{"name":"wp","href":"https:\/\/api.w.org\/{rel}","templated":true}]}}