{"id":6569,"date":"2024-09-21T16:45:37","date_gmt":"2024-09-21T16:45:37","guid":{"rendered":"https:\/\/kmblock.com\/product\/jaguar-xe-x760\/"},"modified":"2024-09-21T16:45:37","modified_gmt":"2024-09-21T16:45:37","slug":"jaguar-xe-x760","status":"publish","type":"product","link":"https:\/\/kmblock.com\/de\/product\/jaguar-xe-x760\/","title":{"rendered":"Jaguar XE (X760)"},"content":{"rendered":"<div class=\"flex max-w-full flex-col flex-grow\">\n<div class=\"min-h-[20px] text-message flex w-full flex-col items-end gap-2 whitespace-normal break-words [.text-message+&amp;]:mt-5\" dir=\"auto\" data-message-author-role=\"assistant\" data-message-id=\"486fbb14-d9b0-4abf-8aac-69dd9ef3f888\">\n<div class=\"flex w-full flex-col gap-1 empty:hidden first:pt-[3px]\">\n<div class=\"markdown prose w-full break-words dark:prose-invert dark\">\n<div class=\"flex max-w-full flex-col flex-grow\">\n<div class=\"min-h-[20px] text-message flex w-full flex-col items-end gap-2 whitespace-normal break-words [.text-message+&amp;]:mt-5\" dir=\"auto\" data-message-author-role=\"assistant\" data-message-id=\"583787e4-ced2-4497-934b-fd13934d3b5f\">\n<div class=\"flex w-full flex-col gap-1 empty:hidden first:pt-[3px]\">\n<div class=\"markdown prose w-full break-words dark:prose-invert dark\">\n<h3><strong>KILOMETERSTANDSBLOCKER F\u00dcR JAGUAR XE (X760)<\/strong><\/h3>\n<p>Der Jaguar XE (X760) Mileage Blocker ist auch bekannt als: Kilometerz\u00e4hler-Blocker, Kilometerz\u00e4hler-Stopper, Dosen-Blocker, Kilometerz\u00e4hler-Stopper, Dosen-Filter und manchmal auch als Werkzeug zur Korrektur des Kilometerstands.<\/p>\n<p><strong>DIESES GER\u00c4T IST F\u00dcR ALLE JAGUAR XE (X760) MODELLE GEEIGNET, DIE SEIT 2015 ERSCHIENEN SIND.<\/strong><\/p>\n<hr>\n<h3><strong>SPEZIFIKATIONEN:<\/strong><\/h3>\n<ul>\n<li><strong>DIY-Installation:<\/strong> Einfach, kein L\u00f6ten oder Schneiden von Kabeln erforderlich.<\/li>\n<li><strong>Aktivierung f\u00fcr unterwegs:<\/strong> Einfaches Ein- und Ausschalten w\u00e4hrend der Fahrt.<\/li>\n<li><strong>Qualitativ hochwertige Komponenten:<\/strong> Hitzebest\u00e4ndige Kabel und Stecker garantieren Langlebigkeit.<\/li>\n<li><strong>Nahtloser Betrieb:<\/strong> Tachometer und alle Assistenzsysteme funktionieren einwandfrei.<\/li>\n<li><strong>Tarnmodus:<\/strong> Es erscheinen keine Fehlermeldungen auf dem Tachometer oder dem Navigationspanel.<\/li>\n<li><strong>Sichere Verbindung:<\/strong> Passende Fl\u00e4che und Rillen am Stecker f\u00fcr eine reibungslose Installation.<\/li>\n<li><strong>Nicht nachvollziehbare Leistung:<\/strong> Diagnosetester k\u00f6nnen keine ver\u00e4nderte Laufleistung feststellen.<\/li>\n<li><strong>Beh\u00e4lt die Einstellungen bei:<\/strong> Einmal konfiguriert, werden die Einstellungen dauerhaft gespeichert.<\/li>\n<li><strong>Genauigkeit des Kilometerstandes:<\/strong> Bei ge\u00e4nderten Modi erlauben wir eine geringe Abweichung von bis zu 1% der gefahrenen Strecke. N\u00e4herungswerte k\u00f6nnen leicht variieren. <\/li>\n<\/ul>\n<h3><strong>AKTIVIERUNG &amp; DEAKTIVIERUNG:<\/strong><\/h3>\n<p>Schalten Sie es ein, indem Sie die Stummschalttaste 7 Sekunden lang gedr\u00fcckt halten. Gibt kein Signal, ist aber eingeschaltet. <\/p>\n<p><strong>Modus Ein:<\/strong> z\u00e4hlt 0% der Meilen. Alles funktioniert ordnungsgem\u00e4\u00df. <\/p>\n<p><strong>Modus Aus:<\/strong> Z\u00e4hlt 100% der Laufleistung. Alles funktioniert gut&#8220; <\/p>\n<hr>\n<h3><strong>Was ist der Jaguar XE X760 Kilometerz\u00e4hler-Blocker oder das Tool zur Kilometerstandskorrektur?<\/strong><\/h3>\n<p>Der Jaguar XE Mileage Blocker \/ Odometer Blocker wurde entwickelt, um die Kilometerz\u00e4hlung bei Leistungstests zu stoppen. Dieses Tool funktioniert bei Diesel-, Benzin-, Plug-in-Hybrid-Elektrofahrzeugen (PHEVs) und Elektroautos. Es funktioniert perfekt, unabh\u00e4ngig davon, ob der Kilometerz\u00e4hler in Meilen oder Kilometern misst. Die Software ist f\u00fcr jedes Fahrzeugmodell ma\u00dfgeschneidert, um eine einwandfreie Funktion zu gew\u00e4hrleisten.   <\/p>\n<p><strong>Hinweis:<\/strong> Wir verkaufen keine Tools zur Kilometerkorrektur f\u00fcr den Jaguar XE, da diese oft zu betr\u00fcgerischen Zwecken verwendet werden, um den Kilometerstand zu manipulieren. Solche Tools ver\u00e4ndern nur den Kilometerz\u00e4hler, k\u00f6nnen aber nicht den in anderen Fahrzeugdaten gespeicherten Kilometerstand zur\u00fccksetzen. <\/p>\n<hr>\n<p>Wir bieten eine Vielzahl von Mileage Stopper-Ger\u00e4ten f\u00fcr verschiedene Automodelle an. Die Installation ist einfach und erfordert keine technischen Kenntnisse. Das Ger\u00e4t wird zwischen dem Tachometeranschluss und dem Kombiinstrument angeschlossen, so dass Sie alle Vorteile dieses einzigartigen Moduls nutzen k\u00f6nnen.  <\/p>\n<p>Der Jaguar XE Mileage Blocker kann jederzeit aktiviert oder deaktiviert werden, egal ob das Fahrzeug in Bewegung ist oder steht.<\/p>\n<\/div>\n<\/div>\n<\/div>\n<\/div>\n<\/div>\n<\/div>\n<\/div>\n<\/div>\n","protected":false},"excerpt":{"rendered":"<div class=\"flex-shrink-0 flex flex-col relative items-end\">\n<div class=\"pt-0\">\n<div class=\"gizmo-bot-avatar flex h-8 w-8 items-center justify-center overflow-hidden rounded-full\">\n<div class=\"relative p-1 rounded-sm flex items-center justify-center bg-token-main-surface-primary text-token-text-primary h-8 w-8\">\n<p>Bevor Sie bestellen, lesen Sie bitte die folgenden wichtigen Details zur Aktivierung des Moduls, zu Fehlermeldungen und zur Funktionalit\u00e4t.<\/p>\n<p><strong>DIESES GER\u00c4T IST F\u00dcR ALLE JAGUAR XE (X760) MODELLE GEEIGNET, DIE SEIT 2015 ERSCHIENEN SIND.<\/strong><span style=\"font-family: -apple-system, BlinkMacSystemFont, 'Segoe UI', Roboto, 'Helvetica Neue', Arial, 'Noto Sans', sans-serif, 'Apple Color Emoji', 'Segoe UI Emoji', 'Segoe UI Symbol', 'Noto Color Emoji'\">  Einfache Einrichtung ohne spezielle Werkzeuge oder technisches Fachwissen.<\/span><span style=\"font-family: -apple-system, BlinkMacSystemFont, 'Segoe UI', Roboto, 'Helvetica Neue', Arial, 'Noto Sans', sans-serif, 'Apple Color Emoji', 'Segoe UI Emoji', 'Segoe UI Symbol', 'Noto Color Emoji'\">  Das Ger\u00e4t hinterl\u00e4sst keine Spuren und sorgt daf\u00fcr, dass die Anpassung des Kilometerstandes unentdeckt bleibt.<\/span><span style=\"font-family: -apple-system, BlinkMacSystemFont, 'Segoe UI', Roboto, 'Helvetica Neue', Arial, 'Noto Sans', sans-serif, 'Apple Color Emoji', 'Segoe UI Emoji', 'Segoe UI Symbol', 'Noto Color Emoji'\">  Sie k\u00f6nnen das Ger\u00e4t ganz einfach ein- und ausschalten, sogar w\u00e4hrend der Fahrt.<\/span><span style=\"font-family: -apple-system, BlinkMacSystemFont, 'Segoe UI', Roboto, 'Helvetica Neue', Arial, 'Noto Sans', sans-serif, 'Apple Color Emoji', 'Segoe UI Emoji', 'Segoe UI Symbol', 'Noto Color Emoji'\">  Ausgestattet mit hochwertigen Steckern und hitzebest\u00e4ndigen Kabeln f\u00fcr eine zuverl\u00e4ssige, langfristige Nutzung.<\/span><span style=\"font-family: -apple-system, BlinkMacSystemFont, 'Segoe UI', Roboto, 'Helvetica Neue', Arial, 'Noto Sans', sans-serif, 'Apple Color Emoji', 'Segoe UI Emoji', 'Segoe UI Symbol', 'Noto Color Emoji'\">  Der Tachometer und alle Assistenzsysteme, einschlie\u00dflich Armaturenbrett und Navigation, funktionieren einwandfrei.<\/span><span style=\"font-family: -apple-system, BlinkMacSystemFont, 'Segoe UI', Roboto, 'Helvetica Neue', Arial, 'Noto Sans', sans-serif, 'Apple Color Emoji', 'Segoe UI Emoji', 'Segoe UI Symbol', 'Noto Color Emoji'\">  Erh\u00e4ltlich f\u00fcr beide Versionen der Jaguar XE Modelle.<\/span><\/p>\n<p class=\"p1\"><b> \u2705 Nahtlose Integration<\/b><b><\/b><\/p>\n<p class=\"p1\">\u2705<b> Einfache Installation<\/b><b><\/b><\/p>\n<p class=\"p1\">\u2705<b> Genaue Verwaltung des Kilometerstandes<\/b><b><\/b><\/p>\n<p class=\"p1\"><b> \u2705 Betrieb im Tarnkappenmodus<\/b><b><\/b><\/p>\n<p class=\"p1\"><span class=\"s1\">\u2705<\/span><b> Lebenslanger Support und Updates<\/b><\/p>\n<\/div>\n<\/div>\n<\/div>\n<\/div>\n","protected":false},"featured_media":786,"comment_status":"open","ping_status":"closed","template":"","meta":[],"product_brand":[],"product_cat":[695],"product_tag":[],"class_list":{"0":"post-6569","1":"product","2":"type-product","3":"status-publish","4":"has-post-thumbnail","6":"product_cat-jaguar","8":"first","9":"instock","10":"taxable","11":"shipping-taxable","12":"purchasable","13":"product-type-variable"},"yoast_head":"<!-- This site is optimized with the Yoast SEO plugin v27.5 - https:\/\/yoast.com\/product\/yoast-seo-wordpress\/ -->\n<title>Jaguar XE (X760) Mileage Blocker (KM stopper) \u2192 KM Block<\/title>\n<meta name=\"description\" content=\"Buy a Jaguar XE (X760) Mileage Blocker for the Best Prices \u2713 Free Shipping \u2713 Incl. Installation Guides\" \/>\n<meta name=\"robots\" content=\"index, follow, max-snippet:-1, max-image-preview:large, max-video-preview:-1\" \/>\n<meta property=\"og:locale\" content=\"de_DE\" \/>\n<meta property=\"og:type\" content=\"article\" \/>\n<meta property=\"og:title\" content=\"Jaguar XE (X760) Mileage Blocker (KM stopper) \u2192 KM Block\" \/>\n<meta property=\"og:description\" content=\"Buy a Jaguar XE (X760) Mileage Blocker for the Best Prices \u2713 Free Shipping \u2713 Incl. Installation Guides\" \/>\n<meta property=\"og:url\" content=\"https:\/\/kmblock.com\/de\/product\/jaguar-xe-x760\/\" \/>\n<meta property=\"og:site_name\" content=\"KM Block\" \/>\n<meta property=\"og:image\" content=\"https:\/\/kmblock.com\/wp-content\/uploads\/2024\/09\/Jaguar-XE-X760.jpg\" \/>\n\t<meta property=\"og:image:width\" content=\"800\" \/>\n\t<meta property=\"og:image:height\" content=\"800\" \/>\n\t<meta property=\"og:image:type\" content=\"image\/jpeg\" \/>\n<meta name=\"twitter:card\" content=\"summary_large_image\" \/>\n<meta name=\"twitter:label1\" content=\"Gesch\u00e4tzte Lesezeit\" \/>\n\t<meta name=\"twitter:data1\" content=\"2\u00a0Minuten\" \/>\n<script type=\"application\/ld+json\" class=\"yoast-schema-graph\">{\"@context\":\"https:\\\/\\\/schema.org\",\"@graph\":[{\"@type\":\"WebPage\",\"@id\":\"https:\\\/\\\/kmblock.com\\\/de\\\/product\\\/jaguar-xe-x760\\\/\",\"url\":\"https:\\\/\\\/kmblock.com\\\/de\\\/product\\\/jaguar-xe-x760\\\/\",\"name\":\"Jaguar XE (X760) Mileage Blocker (KM stopper) \u2192 KM Block\",\"isPartOf\":{\"@id\":\"https:\\\/\\\/kmblock.com\\\/de\\\/#website\"},\"primaryImageOfPage\":{\"@id\":\"https:\\\/\\\/kmblock.com\\\/de\\\/product\\\/jaguar-xe-x760\\\/#primaryimage\"},\"image\":{\"@id\":\"https:\\\/\\\/kmblock.com\\\/de\\\/product\\\/jaguar-xe-x760\\\/#primaryimage\"},\"thumbnailUrl\":\"https:\\\/\\\/kmblock.com\\\/wp-content\\\/uploads\\\/2024\\\/09\\\/Jaguar-XE-X760.jpg\",\"datePublished\":\"2024-09-21T16:45:37+00:00\",\"description\":\"Buy a Jaguar XE (X760) Mileage Blocker for the Best Prices \u2713 Free Shipping \u2713 Incl. Installation Guides\",\"breadcrumb\":{\"@id\":\"https:\\\/\\\/kmblock.com\\\/de\\\/product\\\/jaguar-xe-x760\\\/#breadcrumb\"},\"inLanguage\":\"de\",\"potentialAction\":[{\"@type\":\"ReadAction\",\"target\":[\"https:\\\/\\\/kmblock.com\\\/de\\\/product\\\/jaguar-xe-x760\\\/\"]}]},{\"@type\":\"ImageObject\",\"inLanguage\":\"de\",\"@id\":\"https:\\\/\\\/kmblock.com\\\/de\\\/product\\\/jaguar-xe-x760\\\/#primaryimage\",\"url\":\"https:\\\/\\\/kmblock.com\\\/wp-content\\\/uploads\\\/2024\\\/09\\\/Jaguar-XE-X760.jpg\",\"contentUrl\":\"https:\\\/\\\/kmblock.com\\\/wp-content\\\/uploads\\\/2024\\\/09\\\/Jaguar-XE-X760.jpg\",\"width\":800,\"height\":800,\"caption\":\"Jaguar XE (X760)\"},{\"@type\":\"BreadcrumbList\",\"@id\":\"https:\\\/\\\/kmblock.com\\\/de\\\/product\\\/jaguar-xe-x760\\\/#breadcrumb\",\"itemListElement\":[{\"@type\":\"ListItem\",\"position\":1,\"name\":\"Startseite\",\"item\":\"https:\\\/\\\/kmblock.com\\\/de\\\/\"},{\"@type\":\"ListItem\",\"position\":2,\"name\":\"Produkte\",\"item\":\"https:\\\/\\\/kmblock.com\\\/de\\\/shop\\\/\"},{\"@type\":\"ListItem\",\"position\":3,\"name\":\"Jaguar XE (X760)\"}]},{\"@type\":\"WebSite\",\"@id\":\"https:\\\/\\\/kmblock.com\\\/de\\\/#website\",\"url\":\"https:\\\/\\\/kmblock.com\\\/de\\\/\",\"name\":\"KM Block\",\"description\":\"\",\"publisher\":{\"@id\":\"https:\\\/\\\/kmblock.com\\\/de\\\/#organization\"},\"potentialAction\":[{\"@type\":\"SearchAction\",\"target\":{\"@type\":\"EntryPoint\",\"urlTemplate\":\"https:\\\/\\\/kmblock.com\\\/de\\\/?s={search_term_string}\"},\"query-input\":{\"@type\":\"PropertyValueSpecification\",\"valueRequired\":true,\"valueName\":\"search_term_string\"}}],\"inLanguage\":\"de\"},{\"@type\":\"Organization\",\"@id\":\"https:\\\/\\\/kmblock.com\\\/de\\\/#organization\",\"name\":\"KM-Block\",\"url\":\"https:\\\/\\\/kmblock.com\\\/de\\\/\",\"logo\":{\"@type\":\"ImageObject\",\"inLanguage\":\"de\",\"@id\":\"https:\\\/\\\/kmblock.com\\\/de\\\/#\\\/schema\\\/logo\\\/image\\\/\",\"url\":\"https:\\\/\\\/kmblock.com\\\/wp-content\\\/uploads\\\/2024\\\/08\\\/main-logo.png\",\"contentUrl\":\"https:\\\/\\\/kmblock.com\\\/wp-content\\\/uploads\\\/2024\\\/08\\\/main-logo.png\",\"width\":186,\"height\":28,\"caption\":\"KM-Block\"},\"image\":{\"@id\":\"https:\\\/\\\/kmblock.com\\\/de\\\/#\\\/schema\\\/logo\\\/image\\\/\"}}]}<\/script>\n<!-- \/ Yoast SEO plugin. -->","yoast_head_json":{"title":"Jaguar XE (X760) Mileage Blocker (KM stopper) \u2192 KM Block","description":"Buy a Jaguar XE (X760) Mileage Blocker for the Best Prices \u2713 Free Shipping \u2713 Incl. Installation Guides","robots":{"index":"index","follow":"follow","max-snippet":"max-snippet:-1","max-image-preview":"max-image-preview:large","max-video-preview":"max-video-preview:-1"},"og_locale":"de_DE","og_type":"article","og_title":"Jaguar XE (X760) Mileage Blocker (KM stopper) \u2192 KM Block","og_description":"Buy a Jaguar XE (X760) Mileage Blocker for the Best Prices \u2713 Free Shipping \u2713 Incl. Installation Guides","og_url":"https:\/\/kmblock.com\/de\/product\/jaguar-xe-x760\/","og_site_name":"KM Block","og_image":[{"width":800,"height":800,"url":"https:\/\/kmblock.com\/wp-content\/uploads\/2024\/09\/Jaguar-XE-X760.jpg","type":"image\/jpeg"}],"twitter_card":"summary_large_image","twitter_misc":{"Gesch\u00e4tzte Lesezeit":"2\u00a0Minuten"},"schema":{"@context":"https:\/\/schema.org","@graph":[{"@type":"WebPage","@id":"https:\/\/kmblock.com\/de\/product\/jaguar-xe-x760\/","url":"https:\/\/kmblock.com\/de\/product\/jaguar-xe-x760\/","name":"Jaguar XE (X760) Mileage Blocker (KM stopper) \u2192 KM Block","isPartOf":{"@id":"https:\/\/kmblock.com\/de\/#website"},"primaryImageOfPage":{"@id":"https:\/\/kmblock.com\/de\/product\/jaguar-xe-x760\/#primaryimage"},"image":{"@id":"https:\/\/kmblock.com\/de\/product\/jaguar-xe-x760\/#primaryimage"},"thumbnailUrl":"https:\/\/kmblock.com\/wp-content\/uploads\/2024\/09\/Jaguar-XE-X760.jpg","datePublished":"2024-09-21T16:45:37+00:00","description":"Buy a Jaguar XE (X760) Mileage Blocker for the Best Prices \u2713 Free Shipping \u2713 Incl. Installation Guides","breadcrumb":{"@id":"https:\/\/kmblock.com\/de\/product\/jaguar-xe-x760\/#breadcrumb"},"inLanguage":"de","potentialAction":[{"@type":"ReadAction","target":["https:\/\/kmblock.com\/de\/product\/jaguar-xe-x760\/"]}]},{"@type":"ImageObject","inLanguage":"de","@id":"https:\/\/kmblock.com\/de\/product\/jaguar-xe-x760\/#primaryimage","url":"https:\/\/kmblock.com\/wp-content\/uploads\/2024\/09\/Jaguar-XE-X760.jpg","contentUrl":"https:\/\/kmblock.com\/wp-content\/uploads\/2024\/09\/Jaguar-XE-X760.jpg","width":800,"height":800,"caption":"Jaguar XE (X760)"},{"@type":"BreadcrumbList","@id":"https:\/\/kmblock.com\/de\/product\/jaguar-xe-x760\/#breadcrumb","itemListElement":[{"@type":"ListItem","position":1,"name":"Startseite","item":"https:\/\/kmblock.com\/de\/"},{"@type":"ListItem","position":2,"name":"Produkte","item":"https:\/\/kmblock.com\/de\/shop\/"},{"@type":"ListItem","position":3,"name":"Jaguar XE (X760)"}]},{"@type":"WebSite","@id":"https:\/\/kmblock.com\/de\/#website","url":"https:\/\/kmblock.com\/de\/","name":"KM Block","description":"","publisher":{"@id":"https:\/\/kmblock.com\/de\/#organization"},"potentialAction":[{"@type":"SearchAction","target":{"@type":"EntryPoint","urlTemplate":"https:\/\/kmblock.com\/de\/?s={search_term_string}"},"query-input":{"@type":"PropertyValueSpecification","valueRequired":true,"valueName":"search_term_string"}}],"inLanguage":"de"},{"@type":"Organization","@id":"https:\/\/kmblock.com\/de\/#organization","name":"KM-Block","url":"https:\/\/kmblock.com\/de\/","logo":{"@type":"ImageObject","inLanguage":"de","@id":"https:\/\/kmblock.com\/de\/#\/schema\/logo\/image\/","url":"https:\/\/kmblock.com\/wp-content\/uploads\/2024\/08\/main-logo.png","contentUrl":"https:\/\/kmblock.com\/wp-content\/uploads\/2024\/08\/main-logo.png","width":186,"height":28,"caption":"KM-Block"},"image":{"@id":"https:\/\/kmblock.com\/de\/#\/schema\/logo\/image\/"}}]}},"_links":{"self":[{"href":"https:\/\/kmblock.com\/de\/wp-json\/wp\/v2\/product\/6569","targetHints":{"allow":["GET"]}}],"collection":[{"href":"https:\/\/kmblock.com\/de\/wp-json\/wp\/v2\/product"}],"about":[{"href":"https:\/\/kmblock.com\/de\/wp-json\/wp\/v2\/types\/product"}],"replies":[{"embeddable":true,"href":"https:\/\/kmblock.com\/de\/wp-json\/wp\/v2\/comments?post=6569"}],"wp:featuredmedia":[{"embeddable":true,"href":"https:\/\/kmblock.com\/de\/wp-json\/wp\/v2\/media\/786"}],"wp:attachment":[{"href":"https:\/\/kmblock.com\/de\/wp-json\/wp\/v2\/media?parent=6569"}],"wp:term":[{"taxonomy":"product_brand","embeddable":true,"href":"https:\/\/kmblock.com\/de\/wp-json\/wp\/v2\/product_brand?post=6569"},{"taxonomy":"product_cat","embeddable":true,"href":"https:\/\/kmblock.com\/de\/wp-json\/wp\/v2\/product_cat?post=6569"},{"taxonomy":"product_tag","embeddable":true,"href":"https:\/\/kmblock.com\/de\/wp-json\/wp\/v2\/product_tag?post=6569"}],"curies":[{"name":"wp","href":"https:\/\/api.w.org\/{rel}","templated":true}]}}