{"id":6497,"date":"2024-09-21T16:25:52","date_gmt":"2024-09-21T16:25:52","guid":{"rendered":"https:\/\/kmblock.com\/product\/jaguar-f-pace-x761\/"},"modified":"2024-09-21T16:25:52","modified_gmt":"2024-09-21T16:25:52","slug":"jaguar-f-pace-x761","status":"publish","type":"product","link":"https:\/\/kmblock.com\/de\/product\/jaguar-f-pace-x761\/","title":{"rendered":"Jaguar F-Pace (X761)"},"content":{"rendered":"<div class=\"flex max-w-full flex-col flex-grow\">\n<div class=\"min-h-[20px] text-message flex w-full flex-col items-end gap-2 whitespace-normal break-words [.text-message+&amp;]:mt-5\" dir=\"auto\" data-message-author-role=\"assistant\" data-message-id=\"486fbb14-d9b0-4abf-8aac-69dd9ef3f888\">\n<div class=\"flex w-full flex-col gap-1 empty:hidden first:pt-[3px]\">\n<div class=\"markdown prose w-full break-words dark:prose-invert dark\">\n<div class=\"flex max-w-full flex-col flex-grow\">\n<div class=\"min-h-[20px] text-message flex w-full flex-col items-end gap-2 whitespace-normal break-words [.text-message+&amp;]:mt-5\" dir=\"auto\" data-message-author-role=\"assistant\" data-message-id=\"583787e4-ced2-4497-934b-fd13934d3b5f\">\n<div class=\"flex w-full flex-col gap-1 empty:hidden first:pt-[3px]\">\n<div class=\"markdown prose w-full break-words dark:prose-invert dark\">\n<h3><strong>KILOMETERSTANDSBLOCKER F\u00dcR JAGUAR F-PACE (X761)<\/strong><\/h3>\n<p>Der <strong>Jaguar F-Pace (X761) Mileage Blocker<\/strong> wird auch als <strong>Odometer Blocker<\/strong>, <g id=\"gid_2\">Odometer Stopper<\/g>, <strong>Can Blocker<\/strong>, <strong>Mileage Stopper<\/strong>, <strong>Trip Odometer<\/strong>, <strong>Can Filter<\/strong> und in manchen F\u00e4llen auch als <strong>Mileage Correction Tool<\/strong> bezeichnet.    <\/p>\n<p><strong>DIESES GER\u00c4T IST F\u00dcR ALLE JAGUAR F-PACE (X761) MODELLE GEEIGNET, DIE SEIT 2017 ERSCHIENEN SIND<\/strong><\/p>\n<hr>\n<h3><strong>SPEZIFIKATIONEN<\/strong><\/h3>\n<ul>\n<li><strong>DIY-Installation:<\/strong> Einfache Installation zum Selbermachen, ohne dass Sie professionelle Hilfe ben\u00f6tigen.<\/li>\n<li><strong>Aktivieren w\u00e4hrend der Fahrt:<\/strong> Kann w\u00e4hrend der Fahrt einfach ein- und ausgeschaltet werden.<\/li>\n<li><strong>Keine Spuren:<\/strong> Kein L\u00f6ten, Schneiden von Kabeln oder andere dauerhafte \u00c4nderungen erforderlich.<\/li>\n<li><strong>Erstklassige Qualit\u00e4t:<\/strong> Ausgestattet mit hochwertigen Steckern und hitzebest\u00e4ndigen Kabeln.<\/li>\n<li><strong>Einfache Bedienung:<\/strong> Gesteuert durch voreingestellte Tastenkombinationen.<\/li>\n<li><strong>Keine Spr\u00fcnge beim Kilometerstand:<\/strong> Nach dem Ausbau erh\u00f6ht sich der Kilometerstand nicht automatisch.<\/li>\n<li><strong>Nicht nachweisbar:<\/strong> Diagnosetools k\u00f6nnen einen ver\u00e4nderten Kilometerstand nicht erkennen.<\/li>\n<li><strong>Einstellungen aufbewahren:<\/strong> Einmal konfiguriert, werden die Einstellungen bedingungslos gespeichert.<\/li>\n<li><strong>Volle Systemkompatibilit\u00e4t:<\/strong> Tachometer und alle Assistenzsysteme funktionieren ohne Probleme.<\/li>\n<li><strong>Fehlerfreie Anzeige:<\/strong> Es werden keine Fehlermeldungen auf dem Tachometer oder dem Navigationspanel angezeigt.<\/li>\n<li><strong>Reibungslose Installation:<\/strong> Die Passfl\u00e4che und die Rillen am Stecker sorgen f\u00fcr eine nahtlose Installation.<\/li>\n<li><strong>Genauigkeit:<\/strong> Erlaubt eine Abweichung von bis zu 1% der gefahrenen Strecke im Modus Kilometerstand\u00e4nderung.<\/li>\n<\/ul>\n<hr>\n<h3><strong>AKTIVIERUNG &amp; DEAKTIVIERUNG<\/strong><\/h3>\n<p>Schalten Sie es ein, indem Sie die Stummschalttaste 7 Sekunden lang gedr\u00fcckt halten. Gibt kein Signal, ist aber eingeschaltet. <\/p>\n<p><strong>Modus Ein:<\/strong> z\u00e4hlt 0% der Meilen. Alles funktioniert ordnungsgem\u00e4\u00df. <\/p>\n<p><strong>Modus Aus:<\/strong> Z\u00e4hlt 100% der Laufleistung. Alles funktioniert gut&#8220; <\/p>\n<hr>\n<h3><strong>ZUS\u00c4TZLICHE FUNKTIONEN<\/strong><\/h3>\n<ul>\n<li>Das Ger\u00e4t kann aktiviert oder deaktiviert werden, egal ob das Fahrzeug in Bewegung ist oder steht.<\/li>\n<\/ul>\n<hr>\n<h3><strong>Was ist ein Jaguar F-Pace Kilometerz\u00e4hler-Blocker oder ein Werkzeug zur Korrektur des Kilometerstandes?<\/strong><\/h3>\n<p>Der <strong>Jaguar F-Pace Mileage Blocker<\/strong> (oder Odometer Blocker) wurde entwickelt, um die Ansammlung von Kilometern bei Leistungstests zu verhindern. Dieses \u00fcber <strong>KM Block<\/strong> erh\u00e4ltliche Modul besteht aus Originalbauteilen und einer ma\u00dfgeschneiderten Software, die perfekt mit Ihrem spezifischen Modell zusammenarbeitet, unabh\u00e4ngig davon, ob der Kilometerz\u00e4hler Meilen oder Kilometer anzeigt. Der Mileage Blocker ist mit Diesel- und Benzinmotoren, Plug-in-Hybrid-Elektrofahrzeugen (PHEVs) und Elektroautos kompatibel.  <\/p>\n<p><strong>Wichtiger Hinweis:<\/strong> Wir verkaufen keine <strong>Tools zur Kilometerkorrektur<\/strong> f\u00fcr den Jaguar F-Pace, da diese f\u00fcr betr\u00fcgerische Zwecke gedacht sind. Solche Tools k\u00f6nnen den Kilometerstand vom Kilometerz\u00e4hler entfernen, aber die Fahrzeuge speichern die Daten in mehreren Einheiten, und diese Rollback-Tools k\u00f6nnen den Kilometerstand oft nicht vollst\u00e4ndig l\u00f6schen. <\/p>\n<p>Wir bieten eine breite Palette von Kilometerstoppern f\u00fcr verschiedene Fahrzeuge an, die sich alle durch einen unkomplizierten Installationsprozess auszeichnen, der keine fortgeschrittenen Kenntnisse der Fahrzeugwartung erfordert. Schlie\u00dfen Sie das Ger\u00e4t einfach zwischen dem Tachometer und dem Kombiinstrument an, um die Vorteile dieses einzigartigen Tools zu nutzen. <\/p>\n<hr>\n<p>Der <strong>Jaguar F-Pace Mileage Blocker<\/strong> ist eine zuverl\u00e4ssige und effektive L\u00f6sung, um die Leistung Ihres Fahrzeugs zu testen, ohne den angezeigten Kilometerstand zu beeinflussen.<\/p>\n<\/div>\n<\/div>\n<\/div>\n<\/div>\n<\/div>\n<\/div>\n<\/div>\n<\/div>\n","protected":false},"excerpt":{"rendered":"<div class=\"flex-shrink-0 flex flex-col relative items-end\">\n<div class=\"pt-0\">\n<div class=\"gizmo-bot-avatar flex h-8 w-8 items-center justify-center overflow-hidden rounded-full\">\n<div class=\"relative p-1 rounded-sm flex items-center justify-center bg-token-main-surface-primary text-token-text-primary h-8 w-8\">\n<p>Bevor Sie bestellen, lesen Sie bitte die folgenden wichtigen Informationen zur Aktivierung des Moduls, zu Fehlermeldungen und zur Funktionalit\u00e4t.<\/p>\n<p><strong>DIESES GER\u00c4T IST F\u00dcR ALLE JAGUAR F-PACE (X761) MODELLE GEEIGNET, DIE SEIT 2017 ERSCHIENEN SIND.  <\/strong>Do-it-yourself-Installation, keine professionelle Hilfe erforderlich. Diagnosetools k\u00f6nnen das Ger\u00e4t nicht erkennen. Kann w\u00e4hrend der Fahrt oder im Stand aktiviert werden. Ausgestattet mit hochwertigen Steckern und hitzebest\u00e4ndigen Kabeln f\u00fcr lange Haltbarkeit. Tachometer und Assistenzprogramme funktionieren in allen Modi einwandfrei. Erh\u00e4ltlich sowohl f\u00fcr Facelift- als auch f\u00fcr Pre-Facelift-Versionen.     <\/p>\n<p class=\"p1\"><b> \u2705 Nahtlose Integration<\/b><b><\/b><\/p>\n<p class=\"p1\">\u2705<b> Einfache Installation<\/b><b><\/b><\/p>\n<p class=\"p1\">\u2705<b> Genaue Verwaltung des Kilometerstandes<\/b><b><\/b><\/p>\n<p class=\"p1\"><b> \u2705 Betrieb im Tarnkappenmodus<\/b><b><\/b><\/p>\n<p class=\"p1\"><span class=\"s1\">\u2705<\/span><b> Lebenslanger Support und Updates<\/b><\/p>\n<p>&nbsp;<\/p>\n<\/div>\n<\/div>\n<\/div>\n<\/div>\n","protected":false},"featured_media":780,"comment_status":"open","ping_status":"closed","template":"","meta":[],"product_brand":[],"product_cat":[695],"product_tag":[],"class_list":{"0":"post-6497","1":"product","2":"type-product","3":"status-publish","4":"has-post-thumbnail","6":"product_cat-jaguar","8":"first","9":"instock","10":"taxable","11":"shipping-taxable","12":"purchasable","13":"product-type-variable"},"yoast_head":"<!-- This site is optimized with the Yoast SEO plugin v27.5 - https:\/\/yoast.com\/product\/yoast-seo-wordpress\/ -->\n<title>Jaguar F-Pace (X761) Mileage Blocker (KM stopper) \u2192 KM Block<\/title>\n<meta name=\"description\" content=\"Buy a Jaguar F-Pace (X761) Mileage Blocker for the Best Prices \u2713 Free Shipping \u2713 Incl. Installation Guides\" \/>\n<meta name=\"robots\" content=\"index, follow, max-snippet:-1, max-image-preview:large, max-video-preview:-1\" \/>\n<meta property=\"og:locale\" content=\"de_DE\" \/>\n<meta property=\"og:type\" content=\"article\" \/>\n<meta property=\"og:title\" content=\"Jaguar F-Pace (X761) Mileage Blocker (KM stopper) \u2192 KM Block\" \/>\n<meta property=\"og:description\" content=\"Buy a Jaguar F-Pace (X761) Mileage Blocker for the Best Prices \u2713 Free Shipping \u2713 Incl. Installation Guides\" \/>\n<meta property=\"og:url\" content=\"https:\/\/kmblock.com\/de\/product\/jaguar-f-pace-x761\/\" \/>\n<meta property=\"og:site_name\" content=\"KM Block\" \/>\n<meta property=\"og:image\" content=\"https:\/\/kmblock.com\/wp-content\/uploads\/2024\/09\/Jaguar-F-Pace-X761.jpg\" \/>\n\t<meta property=\"og:image:width\" content=\"800\" \/>\n\t<meta property=\"og:image:height\" content=\"800\" \/>\n\t<meta property=\"og:image:type\" content=\"image\/jpeg\" \/>\n<meta name=\"twitter:card\" content=\"summary_large_image\" \/>\n<meta name=\"twitter:label1\" content=\"Gesch\u00e4tzte Lesezeit\" \/>\n\t<meta name=\"twitter:data1\" content=\"2\u00a0Minuten\" \/>\n<script type=\"application\/ld+json\" class=\"yoast-schema-graph\">{\"@context\":\"https:\\\/\\\/schema.org\",\"@graph\":[{\"@type\":\"WebPage\",\"@id\":\"https:\\\/\\\/kmblock.com\\\/de\\\/product\\\/jaguar-f-pace-x761\\\/\",\"url\":\"https:\\\/\\\/kmblock.com\\\/de\\\/product\\\/jaguar-f-pace-x761\\\/\",\"name\":\"Jaguar F-Pace (X761) Mileage Blocker (KM stopper) \u2192 KM Block\",\"isPartOf\":{\"@id\":\"https:\\\/\\\/kmblock.com\\\/de\\\/#website\"},\"primaryImageOfPage\":{\"@id\":\"https:\\\/\\\/kmblock.com\\\/de\\\/product\\\/jaguar-f-pace-x761\\\/#primaryimage\"},\"image\":{\"@id\":\"https:\\\/\\\/kmblock.com\\\/de\\\/product\\\/jaguar-f-pace-x761\\\/#primaryimage\"},\"thumbnailUrl\":\"https:\\\/\\\/kmblock.com\\\/wp-content\\\/uploads\\\/2024\\\/09\\\/Jaguar-F-Pace-X761.jpg\",\"datePublished\":\"2024-09-21T16:25:52+00:00\",\"description\":\"Buy a Jaguar F-Pace (X761) Mileage Blocker for the Best Prices \u2713 Free Shipping \u2713 Incl. Installation Guides\",\"breadcrumb\":{\"@id\":\"https:\\\/\\\/kmblock.com\\\/de\\\/product\\\/jaguar-f-pace-x761\\\/#breadcrumb\"},\"inLanguage\":\"de\",\"potentialAction\":[{\"@type\":\"ReadAction\",\"target\":[\"https:\\\/\\\/kmblock.com\\\/de\\\/product\\\/jaguar-f-pace-x761\\\/\"]}]},{\"@type\":\"ImageObject\",\"inLanguage\":\"de\",\"@id\":\"https:\\\/\\\/kmblock.com\\\/de\\\/product\\\/jaguar-f-pace-x761\\\/#primaryimage\",\"url\":\"https:\\\/\\\/kmblock.com\\\/wp-content\\\/uploads\\\/2024\\\/09\\\/Jaguar-F-Pace-X761.jpg\",\"contentUrl\":\"https:\\\/\\\/kmblock.com\\\/wp-content\\\/uploads\\\/2024\\\/09\\\/Jaguar-F-Pace-X761.jpg\",\"width\":800,\"height\":800,\"caption\":\"Jaguar F-Pace (X761)\"},{\"@type\":\"BreadcrumbList\",\"@id\":\"https:\\\/\\\/kmblock.com\\\/de\\\/product\\\/jaguar-f-pace-x761\\\/#breadcrumb\",\"itemListElement\":[{\"@type\":\"ListItem\",\"position\":1,\"name\":\"Startseite\",\"item\":\"https:\\\/\\\/kmblock.com\\\/de\\\/\"},{\"@type\":\"ListItem\",\"position\":2,\"name\":\"Produkte\",\"item\":\"https:\\\/\\\/kmblock.com\\\/de\\\/shop\\\/\"},{\"@type\":\"ListItem\",\"position\":3,\"name\":\"Jaguar F-Pace (X761)\"}]},{\"@type\":\"WebSite\",\"@id\":\"https:\\\/\\\/kmblock.com\\\/de\\\/#website\",\"url\":\"https:\\\/\\\/kmblock.com\\\/de\\\/\",\"name\":\"KM Block\",\"description\":\"\",\"publisher\":{\"@id\":\"https:\\\/\\\/kmblock.com\\\/de\\\/#organization\"},\"potentialAction\":[{\"@type\":\"SearchAction\",\"target\":{\"@type\":\"EntryPoint\",\"urlTemplate\":\"https:\\\/\\\/kmblock.com\\\/de\\\/?s={search_term_string}\"},\"query-input\":{\"@type\":\"PropertyValueSpecification\",\"valueRequired\":true,\"valueName\":\"search_term_string\"}}],\"inLanguage\":\"de\"},{\"@type\":\"Organization\",\"@id\":\"https:\\\/\\\/kmblock.com\\\/de\\\/#organization\",\"name\":\"KM-Block\",\"url\":\"https:\\\/\\\/kmblock.com\\\/de\\\/\",\"logo\":{\"@type\":\"ImageObject\",\"inLanguage\":\"de\",\"@id\":\"https:\\\/\\\/kmblock.com\\\/de\\\/#\\\/schema\\\/logo\\\/image\\\/\",\"url\":\"https:\\\/\\\/kmblock.com\\\/wp-content\\\/uploads\\\/2024\\\/08\\\/main-logo.png\",\"contentUrl\":\"https:\\\/\\\/kmblock.com\\\/wp-content\\\/uploads\\\/2024\\\/08\\\/main-logo.png\",\"width\":186,\"height\":28,\"caption\":\"KM-Block\"},\"image\":{\"@id\":\"https:\\\/\\\/kmblock.com\\\/de\\\/#\\\/schema\\\/logo\\\/image\\\/\"}}]}<\/script>\n<!-- \/ Yoast SEO plugin. -->","yoast_head_json":{"title":"Jaguar F-Pace (X761) Mileage Blocker (KM stopper) \u2192 KM Block","description":"Buy a Jaguar F-Pace (X761) Mileage Blocker for the Best Prices \u2713 Free Shipping \u2713 Incl. Installation Guides","robots":{"index":"index","follow":"follow","max-snippet":"max-snippet:-1","max-image-preview":"max-image-preview:large","max-video-preview":"max-video-preview:-1"},"og_locale":"de_DE","og_type":"article","og_title":"Jaguar F-Pace (X761) Mileage Blocker (KM stopper) \u2192 KM Block","og_description":"Buy a Jaguar F-Pace (X761) Mileage Blocker for the Best Prices \u2713 Free Shipping \u2713 Incl. Installation Guides","og_url":"https:\/\/kmblock.com\/de\/product\/jaguar-f-pace-x761\/","og_site_name":"KM Block","og_image":[{"width":800,"height":800,"url":"https:\/\/kmblock.com\/wp-content\/uploads\/2024\/09\/Jaguar-F-Pace-X761.jpg","type":"image\/jpeg"}],"twitter_card":"summary_large_image","twitter_misc":{"Gesch\u00e4tzte Lesezeit":"2\u00a0Minuten"},"schema":{"@context":"https:\/\/schema.org","@graph":[{"@type":"WebPage","@id":"https:\/\/kmblock.com\/de\/product\/jaguar-f-pace-x761\/","url":"https:\/\/kmblock.com\/de\/product\/jaguar-f-pace-x761\/","name":"Jaguar F-Pace (X761) Mileage Blocker (KM stopper) \u2192 KM Block","isPartOf":{"@id":"https:\/\/kmblock.com\/de\/#website"},"primaryImageOfPage":{"@id":"https:\/\/kmblock.com\/de\/product\/jaguar-f-pace-x761\/#primaryimage"},"image":{"@id":"https:\/\/kmblock.com\/de\/product\/jaguar-f-pace-x761\/#primaryimage"},"thumbnailUrl":"https:\/\/kmblock.com\/wp-content\/uploads\/2024\/09\/Jaguar-F-Pace-X761.jpg","datePublished":"2024-09-21T16:25:52+00:00","description":"Buy a Jaguar F-Pace (X761) Mileage Blocker for the Best Prices \u2713 Free Shipping \u2713 Incl. Installation Guides","breadcrumb":{"@id":"https:\/\/kmblock.com\/de\/product\/jaguar-f-pace-x761\/#breadcrumb"},"inLanguage":"de","potentialAction":[{"@type":"ReadAction","target":["https:\/\/kmblock.com\/de\/product\/jaguar-f-pace-x761\/"]}]},{"@type":"ImageObject","inLanguage":"de","@id":"https:\/\/kmblock.com\/de\/product\/jaguar-f-pace-x761\/#primaryimage","url":"https:\/\/kmblock.com\/wp-content\/uploads\/2024\/09\/Jaguar-F-Pace-X761.jpg","contentUrl":"https:\/\/kmblock.com\/wp-content\/uploads\/2024\/09\/Jaguar-F-Pace-X761.jpg","width":800,"height":800,"caption":"Jaguar F-Pace (X761)"},{"@type":"BreadcrumbList","@id":"https:\/\/kmblock.com\/de\/product\/jaguar-f-pace-x761\/#breadcrumb","itemListElement":[{"@type":"ListItem","position":1,"name":"Startseite","item":"https:\/\/kmblock.com\/de\/"},{"@type":"ListItem","position":2,"name":"Produkte","item":"https:\/\/kmblock.com\/de\/shop\/"},{"@type":"ListItem","position":3,"name":"Jaguar F-Pace (X761)"}]},{"@type":"WebSite","@id":"https:\/\/kmblock.com\/de\/#website","url":"https:\/\/kmblock.com\/de\/","name":"KM Block","description":"","publisher":{"@id":"https:\/\/kmblock.com\/de\/#organization"},"potentialAction":[{"@type":"SearchAction","target":{"@type":"EntryPoint","urlTemplate":"https:\/\/kmblock.com\/de\/?s={search_term_string}"},"query-input":{"@type":"PropertyValueSpecification","valueRequired":true,"valueName":"search_term_string"}}],"inLanguage":"de"},{"@type":"Organization","@id":"https:\/\/kmblock.com\/de\/#organization","name":"KM-Block","url":"https:\/\/kmblock.com\/de\/","logo":{"@type":"ImageObject","inLanguage":"de","@id":"https:\/\/kmblock.com\/de\/#\/schema\/logo\/image\/","url":"https:\/\/kmblock.com\/wp-content\/uploads\/2024\/08\/main-logo.png","contentUrl":"https:\/\/kmblock.com\/wp-content\/uploads\/2024\/08\/main-logo.png","width":186,"height":28,"caption":"KM-Block"},"image":{"@id":"https:\/\/kmblock.com\/de\/#\/schema\/logo\/image\/"}}]}},"_links":{"self":[{"href":"https:\/\/kmblock.com\/de\/wp-json\/wp\/v2\/product\/6497","targetHints":{"allow":["GET"]}}],"collection":[{"href":"https:\/\/kmblock.com\/de\/wp-json\/wp\/v2\/product"}],"about":[{"href":"https:\/\/kmblock.com\/de\/wp-json\/wp\/v2\/types\/product"}],"replies":[{"embeddable":true,"href":"https:\/\/kmblock.com\/de\/wp-json\/wp\/v2\/comments?post=6497"}],"wp:featuredmedia":[{"embeddable":true,"href":"https:\/\/kmblock.com\/de\/wp-json\/wp\/v2\/media\/780"}],"wp:attachment":[{"href":"https:\/\/kmblock.com\/de\/wp-json\/wp\/v2\/media?parent=6497"}],"wp:term":[{"taxonomy":"product_brand","embeddable":true,"href":"https:\/\/kmblock.com\/de\/wp-json\/wp\/v2\/product_brand?post=6497"},{"taxonomy":"product_cat","embeddable":true,"href":"https:\/\/kmblock.com\/de\/wp-json\/wp\/v2\/product_cat?post=6497"},{"taxonomy":"product_tag","embeddable":true,"href":"https:\/\/kmblock.com\/de\/wp-json\/wp\/v2\/product_tag?post=6497"}],"curies":[{"name":"wp","href":"https:\/\/api.w.org\/{rel}","templated":true}]}}