{"id":6478,"date":"2024-09-21T16:34:48","date_gmt":"2024-09-21T16:34:48","guid":{"rendered":"https:\/\/kmblock.com\/product\/jaguar-f-type-c-x16\/"},"modified":"2024-09-21T16:34:48","modified_gmt":"2024-09-21T16:34:48","slug":"jaguar-f-type-c-x16","status":"publish","type":"product","link":"https:\/\/kmblock.com\/de\/product\/jaguar-f-type-c-x16\/","title":{"rendered":"Jaguar F-Type (C-X16)"},"content":{"rendered":"<div class=\"flex max-w-full flex-col flex-grow\">\n<div class=\"min-h-[20px] text-message flex w-full flex-col items-end gap-2 whitespace-normal break-words [.text-message+&amp;]:mt-5\" dir=\"auto\" data-message-author-role=\"assistant\" data-message-id=\"486fbb14-d9b0-4abf-8aac-69dd9ef3f888\">\n<div class=\"flex w-full flex-col gap-1 empty:hidden first:pt-[3px]\">\n<div class=\"markdown prose w-full break-words dark:prose-invert dark\">\n<div class=\"flex max-w-full flex-col flex-grow\">\n<div class=\"min-h-[20px] text-message flex w-full flex-col items-end gap-2 whitespace-normal break-words [.text-message+&amp;]:mt-5\" dir=\"auto\" data-message-author-role=\"assistant\" data-message-id=\"583787e4-ced2-4497-934b-fd13934d3b5f\">\n<div class=\"flex w-full flex-col gap-1 empty:hidden first:pt-[3px]\">\n<div class=\"markdown prose w-full break-words dark:prose-invert dark\">\n<h3>KILOMETERZ\u00c4HLER F\u00dcR JAGUAR F-TYPE (C-X16)<\/h3>\n<p>Der <g id=\"gid_0\">Jaguar F-TYPE (C-X16) Mileage Blocker<\/g>, auch bekannt als <g id=\"gid_1\">Odometer Blocker<\/g>, <strong>Odometer Stopper<\/strong>, <strong>Can Blocker<\/strong>, <strong>Mileage Stopper<\/strong>, <strong>Trip Odometer<\/strong>, <strong>Can Filter<\/strong> und gelegentlich auch als <strong>Mileage Correction Tool<\/strong>, wurde speziell f\u00fcr die <strong>Jaguar F-TYPE (C-X16)<\/strong> Modelle von <strong>2017-2020<\/strong> entwickelt.      <\/p>\n<h4>SPEZIFIKATIONEN:<\/h4>\n<ul>\n<li><strong>DIY-Installation<\/strong> &#8211; keine professionelle Hilfe erforderlich<\/li>\n<li><strong>Aktivieren\/Deaktivieren w\u00e4hrend der Bewegung<\/strong> ohne Spuren zu hinterlassen<\/li>\n<li><strong>Kein L\u00f6ten oder Schneiden<\/strong> erforderlich<\/li>\n<li>Lieferung mit <strong>hochwertigen Steckern<\/strong> und <strong>hitzebest\u00e4ndigen Kabeln<\/strong><\/li>\n<li>Mit <strong>einfachen Tastenkombinationen<\/strong> zu bedienen<\/li>\n<li><strong>Die Kilometerleistung erh\u00f6ht sich nicht<\/strong>, nachdem das Modul entfernt wurde<\/li>\n<li><strong>Diagnosetester k\u00f6nnen<\/strong> den ver\u00e4nderten Kilometerstand <strong>nicht erkennen<\/strong> <\/li>\n<li><strong>Einstellungen<\/strong> nach der Konfiguration <strong>dauerhaft gespeichert<\/strong> <\/li>\n<li><strong>Tachometer und Assistenzsysteme funktionieren einwandfrei<\/strong><\/li>\n<li>Keine <strong>Fehlermeldungen<\/strong> auf dem Tachometer oder dem Navigationspanel<\/li>\n<li><strong>Reibungslose Installation<\/strong> mit geriffelten Anschl\u00fcssen<\/li>\n<li><strong>Abweichung von<\/strong> bis zu 1% beim \u00c4ndern des <strong>Kilometerstandes<\/strong> <\/li>\n<\/ul>\n<h4>AKTIVIERUNG &amp; DEAKTIVIERUNG (Vor-Facelift-Modelle):<\/h4>\n<p>&#8222;Einschalten, indem Sie die Stummschalttaste 7 Sekunden lang gedr\u00fcckt halten. Gibt kein Signal, ist aber eingeschaltet. <\/p>\n<p><strong>Modus Ein:<\/strong> z\u00e4hlt 0% der Meilen. Alles funktioniert ordnungsgem\u00e4\u00df. <\/p>\n<p><strong>Modus Aus:<\/strong> Z\u00e4hlt 100% der Laufleistung. Alles funktioniert gut&#8220; <\/p>\n<hr>\n<h3>Was ist der Jaguar F-TYPE (C-X16) Kilometerz\u00e4hler-Blocker oder das Tool zur Korrektur des Kilometerstandes?<\/h3>\n<p>Der <strong>Jaguar F-TYPE Mileage Blocker<\/strong> wurde entwickelt, um die Kilometerz\u00e4hlung beim Testen der Fahrzeugleistung zu stoppen. Das bei <strong>KM Block<\/strong> erh\u00e4ltliche Modul besteht aus hochwertigen Komponenten und funktioniert perfekt, unabh\u00e4ngig davon, ob der Kilometerz\u00e4hler in <strong>Meilen<\/strong> oder <strong>Kilometern<\/strong> anzeigt. Die Software ist mit <strong>Diesel-, Benzin-, Hybrid- und Elektrofahrzeugen<\/strong> kompatibel und wird f\u00fcr jedes Modell individuell programmiert, um einen einwandfreien Betrieb zu gew\u00e4hrleisten.  <\/p>\n<h4>Wichtiger Hinweis:<\/h4>\n<p>Wir verkaufen keine <strong>Ger\u00e4te zur Kilometerstandskorrektur<\/strong> f\u00fcr betr\u00fcgerische Zwecke, da diese Ger\u00e4te nur den Kilometerstand vom Kilometerz\u00e4hler entfernen. Solche Ger\u00e4te k\u00f6nnen den Kilometerstand nicht vollst\u00e4ndig r\u00fcckg\u00e4ngig machen, da Autos mehrere Datenspeichereinheiten haben. <\/p>\n<p>Wir bieten <strong>Mileage Stopper<\/strong> f\u00fcr eine Vielzahl von Fahrzeugen an, und die Installation ist ganz einfach. Schlie\u00dfen Sie das Ger\u00e4t einfach zwischen dem Tachoanschluss und dem Kombiinstrument an, um alle Vorteile dieses Moduls zu nutzen. Der <strong>Jaguar F-TYPE Mileage Blocker<\/strong> kann jederzeit aktiviert oder deaktiviert werden, unabh\u00e4ngig davon, ob das Fahrzeug in Bewegung ist oder steht.  <\/p>\n<\/div>\n<\/div>\n<\/div>\n<\/div>\n<\/div>\n<\/div>\n<\/div>\n<\/div>\n","protected":false},"excerpt":{"rendered":"<div class=\"flex-shrink-0 flex flex-col relative items-end\">\n<div class=\"pt-0\">\n<div class=\"gizmo-bot-avatar flex h-8 w-8 items-center justify-center overflow-hidden rounded-full\">\n<div class=\"relative p-1 rounded-sm flex items-center justify-center bg-token-main-surface-primary text-token-text-primary h-8 w-8\">\n<p>Bevor Sie bestellen, lesen Sie bitte die folgenden wichtigen Informationen zur Aktivierung des Moduls, zu Fehlermeldungen und zur Funktionalit\u00e4t.<\/p>\n<p><strong>DIESES GER\u00c4T IST F\u00dcR ALLE JAGUAR F-TYPE (C-X16) MODELLE GEEIGNET, DIE SEIT 2017-2020 ERSCHIENEN SIND.  <\/strong>Heimwerker-Installation &#8211; keine professionelle Hilfe erforderlich, kann von Diagnosetestern nicht erkannt werden. Kann w\u00e4hrend der Fahrt aktiviert\/deaktiviert werden. Ausgestattet mit qualitativ hochwertigen Steckern und hitzebest\u00e4ndigen Kabeln. Tachometer und Assistenzprogramme funktionieren weiterhin einwandfrei. Erh\u00e4ltlich f\u00fcr Facelift und Pre-Facelift Versionen.   <\/p>\n<p class=\"p1\"><b> \u2705 Nahtlose Integration<\/b><b><\/b><\/p>\n<p class=\"p1\">\u2705<b> Einfache Installation<\/b><b><\/b><\/p>\n<p class=\"p1\">\u2705<b> Genaue Verwaltung des Kilometerstandes<\/b><b><\/b><\/p>\n<p class=\"p1\"><b> \u2705 Betrieb im Tarnkappenmodus<\/b><b><\/b><\/p>\n<p class=\"p1\"><span class=\"s1\">\u2705<\/span><b> Lebenslanger Support und Updates<\/b><\/p>\n<\/div>\n<\/div>\n<\/div>\n<\/div>\n","protected":false},"featured_media":782,"comment_status":"open","ping_status":"closed","template":"","meta":[],"product_brand":[],"product_cat":[695],"product_tag":[],"class_list":{"0":"post-6478","1":"product","2":"type-product","3":"status-publish","4":"has-post-thumbnail","6":"product_cat-jaguar","8":"first","9":"instock","10":"taxable","11":"shipping-taxable","12":"purchasable","13":"product-type-variable"},"yoast_head":"<!-- This site is optimized with the Yoast SEO plugin v27.5 - https:\/\/yoast.com\/product\/yoast-seo-wordpress\/ -->\n<title>Jaguar F-Type (C-X16) Mileage Blocker (KM stopper) \u2192 KM Block<\/title>\n<meta name=\"description\" content=\"Buy a Jaguar F-Type (C-X16) Mileage Blocker for the Best Prices \u2713 Free Shipping \u2713 Incl. Installation Guides\" \/>\n<meta name=\"robots\" content=\"index, follow, max-snippet:-1, max-image-preview:large, max-video-preview:-1\" \/>\n<meta property=\"og:locale\" content=\"de_DE\" \/>\n<meta property=\"og:type\" content=\"article\" \/>\n<meta property=\"og:title\" content=\"Jaguar F-Type (C-X16) Mileage Blocker (KM stopper) \u2192 KM Block\" \/>\n<meta property=\"og:description\" content=\"Buy a Jaguar F-Type (C-X16) Mileage Blocker for the Best Prices \u2713 Free Shipping \u2713 Incl. Installation Guides\" \/>\n<meta property=\"og:url\" content=\"https:\/\/kmblock.com\/de\/product\/jaguar-f-type-c-x16\/\" \/>\n<meta property=\"og:site_name\" content=\"KM Block\" \/>\n<meta property=\"og:image\" content=\"https:\/\/kmblock.com\/wp-content\/uploads\/2024\/09\/Jaguar-F-Type-C-X16.jpg\" \/>\n\t<meta property=\"og:image:width\" content=\"800\" \/>\n\t<meta property=\"og:image:height\" content=\"800\" \/>\n\t<meta property=\"og:image:type\" content=\"image\/jpeg\" \/>\n<meta name=\"twitter:card\" content=\"summary_large_image\" \/>\n<meta name=\"twitter:label1\" content=\"Gesch\u00e4tzte Lesezeit\" \/>\n\t<meta name=\"twitter:data1\" content=\"2\u00a0Minuten\" \/>\n<script type=\"application\/ld+json\" class=\"yoast-schema-graph\">{\"@context\":\"https:\\\/\\\/schema.org\",\"@graph\":[{\"@type\":\"WebPage\",\"@id\":\"https:\\\/\\\/kmblock.com\\\/de\\\/product\\\/jaguar-f-type-c-x16\\\/\",\"url\":\"https:\\\/\\\/kmblock.com\\\/de\\\/product\\\/jaguar-f-type-c-x16\\\/\",\"name\":\"Jaguar F-Type (C-X16) Mileage Blocker (KM stopper) \u2192 KM Block\",\"isPartOf\":{\"@id\":\"https:\\\/\\\/kmblock.com\\\/de\\\/#website\"},\"primaryImageOfPage\":{\"@id\":\"https:\\\/\\\/kmblock.com\\\/de\\\/product\\\/jaguar-f-type-c-x16\\\/#primaryimage\"},\"image\":{\"@id\":\"https:\\\/\\\/kmblock.com\\\/de\\\/product\\\/jaguar-f-type-c-x16\\\/#primaryimage\"},\"thumbnailUrl\":\"https:\\\/\\\/kmblock.com\\\/wp-content\\\/uploads\\\/2024\\\/09\\\/Jaguar-F-Type-C-X16.jpg\",\"datePublished\":\"2024-09-21T16:34:48+00:00\",\"description\":\"Buy a Jaguar F-Type (C-X16) Mileage Blocker for the Best Prices \u2713 Free Shipping \u2713 Incl. Installation Guides\",\"breadcrumb\":{\"@id\":\"https:\\\/\\\/kmblock.com\\\/de\\\/product\\\/jaguar-f-type-c-x16\\\/#breadcrumb\"},\"inLanguage\":\"de\",\"potentialAction\":[{\"@type\":\"ReadAction\",\"target\":[\"https:\\\/\\\/kmblock.com\\\/de\\\/product\\\/jaguar-f-type-c-x16\\\/\"]}]},{\"@type\":\"ImageObject\",\"inLanguage\":\"de\",\"@id\":\"https:\\\/\\\/kmblock.com\\\/de\\\/product\\\/jaguar-f-type-c-x16\\\/#primaryimage\",\"url\":\"https:\\\/\\\/kmblock.com\\\/wp-content\\\/uploads\\\/2024\\\/09\\\/Jaguar-F-Type-C-X16.jpg\",\"contentUrl\":\"https:\\\/\\\/kmblock.com\\\/wp-content\\\/uploads\\\/2024\\\/09\\\/Jaguar-F-Type-C-X16.jpg\",\"width\":800,\"height\":800,\"caption\":\"Jaguar F-Type (C-X16)\"},{\"@type\":\"BreadcrumbList\",\"@id\":\"https:\\\/\\\/kmblock.com\\\/de\\\/product\\\/jaguar-f-type-c-x16\\\/#breadcrumb\",\"itemListElement\":[{\"@type\":\"ListItem\",\"position\":1,\"name\":\"Startseite\",\"item\":\"https:\\\/\\\/kmblock.com\\\/de\\\/\"},{\"@type\":\"ListItem\",\"position\":2,\"name\":\"Produkte\",\"item\":\"https:\\\/\\\/kmblock.com\\\/de\\\/shop\\\/\"},{\"@type\":\"ListItem\",\"position\":3,\"name\":\"Jaguar F-Type (C-X16)\"}]},{\"@type\":\"WebSite\",\"@id\":\"https:\\\/\\\/kmblock.com\\\/de\\\/#website\",\"url\":\"https:\\\/\\\/kmblock.com\\\/de\\\/\",\"name\":\"KM Block\",\"description\":\"\",\"publisher\":{\"@id\":\"https:\\\/\\\/kmblock.com\\\/de\\\/#organization\"},\"potentialAction\":[{\"@type\":\"SearchAction\",\"target\":{\"@type\":\"EntryPoint\",\"urlTemplate\":\"https:\\\/\\\/kmblock.com\\\/de\\\/?s={search_term_string}\"},\"query-input\":{\"@type\":\"PropertyValueSpecification\",\"valueRequired\":true,\"valueName\":\"search_term_string\"}}],\"inLanguage\":\"de\"},{\"@type\":\"Organization\",\"@id\":\"https:\\\/\\\/kmblock.com\\\/de\\\/#organization\",\"name\":\"KM-Block\",\"url\":\"https:\\\/\\\/kmblock.com\\\/de\\\/\",\"logo\":{\"@type\":\"ImageObject\",\"inLanguage\":\"de\",\"@id\":\"https:\\\/\\\/kmblock.com\\\/de\\\/#\\\/schema\\\/logo\\\/image\\\/\",\"url\":\"https:\\\/\\\/kmblock.com\\\/wp-content\\\/uploads\\\/2024\\\/08\\\/main-logo.png\",\"contentUrl\":\"https:\\\/\\\/kmblock.com\\\/wp-content\\\/uploads\\\/2024\\\/08\\\/main-logo.png\",\"width\":186,\"height\":28,\"caption\":\"KM-Block\"},\"image\":{\"@id\":\"https:\\\/\\\/kmblock.com\\\/de\\\/#\\\/schema\\\/logo\\\/image\\\/\"}}]}<\/script>\n<!-- \/ Yoast SEO plugin. -->","yoast_head_json":{"title":"Jaguar F-Type (C-X16) Mileage Blocker (KM stopper) \u2192 KM Block","description":"Buy a Jaguar F-Type (C-X16) Mileage Blocker for the Best Prices \u2713 Free Shipping \u2713 Incl. Installation Guides","robots":{"index":"index","follow":"follow","max-snippet":"max-snippet:-1","max-image-preview":"max-image-preview:large","max-video-preview":"max-video-preview:-1"},"og_locale":"de_DE","og_type":"article","og_title":"Jaguar F-Type (C-X16) Mileage Blocker (KM stopper) \u2192 KM Block","og_description":"Buy a Jaguar F-Type (C-X16) Mileage Blocker for the Best Prices \u2713 Free Shipping \u2713 Incl. Installation Guides","og_url":"https:\/\/kmblock.com\/de\/product\/jaguar-f-type-c-x16\/","og_site_name":"KM Block","og_image":[{"width":800,"height":800,"url":"https:\/\/kmblock.com\/wp-content\/uploads\/2024\/09\/Jaguar-F-Type-C-X16.jpg","type":"image\/jpeg"}],"twitter_card":"summary_large_image","twitter_misc":{"Gesch\u00e4tzte Lesezeit":"2\u00a0Minuten"},"schema":{"@context":"https:\/\/schema.org","@graph":[{"@type":"WebPage","@id":"https:\/\/kmblock.com\/de\/product\/jaguar-f-type-c-x16\/","url":"https:\/\/kmblock.com\/de\/product\/jaguar-f-type-c-x16\/","name":"Jaguar F-Type (C-X16) Mileage Blocker (KM stopper) \u2192 KM Block","isPartOf":{"@id":"https:\/\/kmblock.com\/de\/#website"},"primaryImageOfPage":{"@id":"https:\/\/kmblock.com\/de\/product\/jaguar-f-type-c-x16\/#primaryimage"},"image":{"@id":"https:\/\/kmblock.com\/de\/product\/jaguar-f-type-c-x16\/#primaryimage"},"thumbnailUrl":"https:\/\/kmblock.com\/wp-content\/uploads\/2024\/09\/Jaguar-F-Type-C-X16.jpg","datePublished":"2024-09-21T16:34:48+00:00","description":"Buy a Jaguar F-Type (C-X16) Mileage Blocker for the Best Prices \u2713 Free Shipping \u2713 Incl. Installation Guides","breadcrumb":{"@id":"https:\/\/kmblock.com\/de\/product\/jaguar-f-type-c-x16\/#breadcrumb"},"inLanguage":"de","potentialAction":[{"@type":"ReadAction","target":["https:\/\/kmblock.com\/de\/product\/jaguar-f-type-c-x16\/"]}]},{"@type":"ImageObject","inLanguage":"de","@id":"https:\/\/kmblock.com\/de\/product\/jaguar-f-type-c-x16\/#primaryimage","url":"https:\/\/kmblock.com\/wp-content\/uploads\/2024\/09\/Jaguar-F-Type-C-X16.jpg","contentUrl":"https:\/\/kmblock.com\/wp-content\/uploads\/2024\/09\/Jaguar-F-Type-C-X16.jpg","width":800,"height":800,"caption":"Jaguar F-Type (C-X16)"},{"@type":"BreadcrumbList","@id":"https:\/\/kmblock.com\/de\/product\/jaguar-f-type-c-x16\/#breadcrumb","itemListElement":[{"@type":"ListItem","position":1,"name":"Startseite","item":"https:\/\/kmblock.com\/de\/"},{"@type":"ListItem","position":2,"name":"Produkte","item":"https:\/\/kmblock.com\/de\/shop\/"},{"@type":"ListItem","position":3,"name":"Jaguar F-Type (C-X16)"}]},{"@type":"WebSite","@id":"https:\/\/kmblock.com\/de\/#website","url":"https:\/\/kmblock.com\/de\/","name":"KM Block","description":"","publisher":{"@id":"https:\/\/kmblock.com\/de\/#organization"},"potentialAction":[{"@type":"SearchAction","target":{"@type":"EntryPoint","urlTemplate":"https:\/\/kmblock.com\/de\/?s={search_term_string}"},"query-input":{"@type":"PropertyValueSpecification","valueRequired":true,"valueName":"search_term_string"}}],"inLanguage":"de"},{"@type":"Organization","@id":"https:\/\/kmblock.com\/de\/#organization","name":"KM-Block","url":"https:\/\/kmblock.com\/de\/","logo":{"@type":"ImageObject","inLanguage":"de","@id":"https:\/\/kmblock.com\/de\/#\/schema\/logo\/image\/","url":"https:\/\/kmblock.com\/wp-content\/uploads\/2024\/08\/main-logo.png","contentUrl":"https:\/\/kmblock.com\/wp-content\/uploads\/2024\/08\/main-logo.png","width":186,"height":28,"caption":"KM-Block"},"image":{"@id":"https:\/\/kmblock.com\/de\/#\/schema\/logo\/image\/"}}]}},"_links":{"self":[{"href":"https:\/\/kmblock.com\/de\/wp-json\/wp\/v2\/product\/6478","targetHints":{"allow":["GET"]}}],"collection":[{"href":"https:\/\/kmblock.com\/de\/wp-json\/wp\/v2\/product"}],"about":[{"href":"https:\/\/kmblock.com\/de\/wp-json\/wp\/v2\/types\/product"}],"replies":[{"embeddable":true,"href":"https:\/\/kmblock.com\/de\/wp-json\/wp\/v2\/comments?post=6478"}],"wp:featuredmedia":[{"embeddable":true,"href":"https:\/\/kmblock.com\/de\/wp-json\/wp\/v2\/media\/782"}],"wp:attachment":[{"href":"https:\/\/kmblock.com\/de\/wp-json\/wp\/v2\/media?parent=6478"}],"wp:term":[{"taxonomy":"product_brand","embeddable":true,"href":"https:\/\/kmblock.com\/de\/wp-json\/wp\/v2\/product_brand?post=6478"},{"taxonomy":"product_cat","embeddable":true,"href":"https:\/\/kmblock.com\/de\/wp-json\/wp\/v2\/product_cat?post=6478"},{"taxonomy":"product_tag","embeddable":true,"href":"https:\/\/kmblock.com\/de\/wp-json\/wp\/v2\/product_tag?post=6478"}],"curies":[{"name":"wp","href":"https:\/\/api.w.org\/{rel}","templated":true}]}}