{"id":6477,"date":"2024-09-21T17:25:44","date_gmt":"2024-09-21T17:25:44","guid":{"rendered":"https:\/\/kmblock.com\/product\/lamborghini-aventador-aventador-svj\/"},"modified":"2025-11-09T10:18:36","modified_gmt":"2025-11-09T10:18:36","slug":"lamborghini-aventador-aventador-svj","status":"publish","type":"product","link":"https:\/\/kmblock.com\/de\/product\/lamborghini-aventador-aventador-svj\/","title":{"rendered":"Lamborghini Aventador \/ Aventador SVJ"},"content":{"rendered":"<div class=\"flex max-w-full flex-col flex-grow\">\n<div class=\"min-h-[20px] text-message flex w-full flex-col items-end gap-2 whitespace-normal break-words [.text-message+&amp;]:mt-5\" dir=\"auto\" data-message-author-role=\"assistant\" data-message-id=\"486fbb14-d9b0-4abf-8aac-69dd9ef3f888\">\n<div class=\"flex w-full flex-col gap-1 empty:hidden first:pt-[3px]\">\n<div class=\"markdown prose w-full break-words dark:prose-invert dark\">\n<div class=\"flex max-w-full flex-col flex-grow\">\n<div class=\"min-h-[20px] text-message flex w-full flex-col items-end gap-2 whitespace-normal break-words [.text-message+&amp;]:mt-5\" dir=\"auto\" data-message-author-role=\"assistant\" data-message-id=\"583787e4-ced2-4497-934b-fd13934d3b5f\">\n<div class=\"flex w-full flex-col gap-1 empty:hidden first:pt-[3px]\">\n<div class=\"markdown prose w-full break-words dark:prose-invert dark\">\n<h3><strong>Kilometerstand-Blocker f\u00fcr Lamborghini Aventador \/ Aventador SVJ<\/strong><\/h3>\n<p><strong>Auch bekannt als:<\/strong> Kilometerz\u00e4hler-Blocker, Kilometerz\u00e4hler-Stopper, Dosen-Blocker, Kilometerstand-Stopper, Tageskilometerz\u00e4hler, Dosenfilter.<\/p>\n<h4>Wichtige Spezifikationen:<\/h4>\n<ul>\n<li><strong>Einfache DIY-Installation:<\/strong> Schneller und unkomplizierter Aufbau.<\/li>\n<li><strong>Hochwertige Komponenten:<\/strong> Mit hochwertigen Steckern und hitzebest\u00e4ndigen Kabeln.<\/li>\n<li><strong>Kontrolle des Kilometerstandes:<\/strong> Der Kilometerstand erh\u00f6ht sich nicht spontan nach dem Entfernen des Werkzeugs.<\/li>\n<li><strong>Unverfolgbare Entfernung:<\/strong> Kein L\u00f6ten oder Schneiden von Kabeln erforderlich; hinterl\u00e4sst keine Spuren.<\/li>\n<li><strong>Benutzerfreundliche Bedienung:<\/strong> Mit einfachen Tastenkombinationen zu bedienen.<\/li>\n<li><strong>Keine Fehlermeldungen:<\/strong> Tachometer und Navigationspanel bleiben unbeeinflusst.<\/li>\n<li><strong>Gespeicherte Einstellungen:<\/strong> Einmal eingestellt, werden die Einstellungen automatisch gespeichert.<\/li>\n<li><strong>In-Motion-Aktivierung:<\/strong> Kann w\u00e4hrend der Fahrt ein- oder ausgeschaltet werden.<\/li>\n<li><strong>Diagnostische Tarnung:<\/strong> Kann von Diagnosetestern nicht entdeckt werden.<\/li>\n<\/ul>\n<h4>Aktivierung &amp; Deaktivierung:<\/h4>\n<p>Bet\u00e4tigen Sie die Taste &#8218;ok&#8216; am Lenker. Halten Sie die Taste gedr\u00fcckt, bis der Blinker zu blinken beginnt. <\/p>\n<p><strong>Modus 1:<\/strong> 1 Blinken links 20 Prozent<br \/>\n<strong>Modus 2:<\/strong> 2 linke Blinkzeichen 10 Prozent<br \/>\n<strong>Modus 3:<\/strong> 3 Mal links blinken 0 Prozent<br \/>\n<strong>Modus 4:<\/strong> 1 rechtes Blinken 100 Prozent<\/p>\n<p>F\u00fcr den Modus 3: 0 Prozent m\u00fcssen Sie den Modus einschalten, dann das Auto ausschalten und f\u00fcr 2 Minuten verriegeln und dann starten und fahren.&#8220;<\/p>\n<h4>Was ist der Mileage Blocker?<\/h4>\n<p>Der Lamborghini Aventador Mileage Blocker wurde entwickelt, um den Kilometerstand f\u00fcr Leistungstests zu stoppen. Er funktioniert sowohl mit Meilen als auch mit Kilometern und ist f\u00fcr Diesel, Benziner, PHEVs und Elektrofahrzeuge geeignet. <\/p>\n<p><strong>Wichtiger Hinweis:<\/strong> Wir verkaufen keine Tools zur Kilometerkorrektur, da diese f\u00fcr betr\u00fcgerische Zwecke gedacht sind und nur den Kilometerstand ver\u00e4ndern k\u00f6nnen, ohne den Kilometerstand vollst\u00e4ndig umzukehren.<\/p>\n<p>Der Einbau ist bei den verschiedenen Modellen \u00e4hnlich und erfordert keine umfassenden Kenntnisse im Automobilbereich. Schlie\u00dfen Sie es zwischen Tachometer und Kombiinstrument an und genie\u00dfen Sie die Vorteile. <\/p>\n<p><strong>Flexibel:<\/strong> Kann jederzeit aktiviert oder deaktiviert werden, egal ob das Fahrzeug steht oder sich bewegt.<\/p>\n<\/div>\n<\/div>\n<\/div>\n<\/div>\n<\/div>\n<\/div>\n<\/div>\n<\/div>\n","protected":false},"excerpt":{"rendered":"<div class=\"flex-shrink-0 flex flex-col relative items-end\">\n<div class=\"pt-0\">\n<div class=\"gizmo-bot-avatar flex h-8 w-8 items-center justify-center overflow-hidden rounded-full\">\n<div class=\"relative p-1 rounded-sm flex items-center justify-center bg-token-main-surface-primary text-token-text-primary h-8 w-8\">\n<p>Bevor Sie bestellen, lesen Sie bitte die folgenden wichtigen Details zur Aktivierung des Moduls, zu Fehlermeldungen und zur Funktionalit\u00e4t.<\/p>\n<p><strong>  F\u00fcr Modelle, die zwischen 2011-2020 erschienen sind, einschlie\u00dflich Lamborghini Aventador SVJ.  <\/strong>Schnelle und benutzerfreundliche Einrichtung. Funktioniert, ohne nach dem Entfernen Spuren zu hinterlassen. Kann w\u00e4hrend der Fahrt aktiviert oder deaktiviert werden. Hergestellt mit hochwertigen Steckern und hitzebest\u00e4ndigen Kabeln. Beachten Sie, dass Tachometer und Assistenzsysteme w\u00e4hrend der Verwendung m\u00f6glicherweise nicht funktionieren.    <\/p>\n<p class=\"p1\"><b> \u2705 Nahtlose Integration<\/b><b><\/b><\/p>\n<p class=\"p1\">\u2705<b> Einfache Installation<\/b><b><\/b><\/p>\n<p class=\"p1\">\u2705<b> Genaue Verwaltung des Kilometerstandes<\/b><b><\/b><\/p>\n<p class=\"p1\"><b> \u2705 Betrieb im Tarnkappenmodus<\/b><b><\/b><\/p>\n<p class=\"p1\"><span class=\"s1\">\u2705<\/span><b> Lebenslanger Support und Updates<\/b><\/p>\n<\/div>\n<\/div>\n<\/div>\n<\/div>\n","protected":false},"featured_media":792,"comment_status":"open","ping_status":"closed","template":"","meta":[],"product_brand":[],"product_cat":[692],"product_tag":[],"class_list":{"0":"post-6477","1":"product","2":"type-product","3":"status-publish","4":"has-post-thumbnail","6":"product_cat-lamborghini","8":"first","9":"instock","10":"taxable","11":"shipping-taxable","12":"purchasable","13":"product-type-variable"},"yoast_head":"<!-- This site is optimized with the Yoast SEO plugin v27.5 - https:\/\/yoast.com\/product\/yoast-seo-wordpress\/ -->\n<title>Lamborghini Aventador \/ Aventador SVJ Mileage Blocker (KM stopper) \u2192 KM Block<\/title>\n<meta name=\"description\" content=\"Buy a Lamborghini Aventador \/ Aventador SVJ Mileage Blocker for the Best Prices \u2713 Free Shipping \u2713 Incl. Installation Guides\" \/>\n<meta name=\"robots\" content=\"index, follow, max-snippet:-1, max-image-preview:large, max-video-preview:-1\" \/>\n<meta property=\"og:locale\" content=\"de_DE\" \/>\n<meta property=\"og:type\" content=\"article\" \/>\n<meta property=\"og:title\" content=\"Lamborghini Aventador \/ Aventador SVJ Mileage Blocker (KM stopper) \u2192 KM Block\" \/>\n<meta property=\"og:description\" content=\"Buy a Lamborghini Aventador \/ Aventador SVJ Mileage Blocker for the Best Prices \u2713 Free Shipping \u2713 Incl. Installation Guides\" \/>\n<meta property=\"og:url\" content=\"https:\/\/kmblock.com\/de\/product\/lamborghini-aventador-aventador-svj\/\" \/>\n<meta property=\"og:site_name\" content=\"KM Block\" \/>\n<meta property=\"article:modified_time\" content=\"2025-11-09T10:18:36+00:00\" \/>\n<meta property=\"og:image\" content=\"https:\/\/kmblock.com\/wp-content\/uploads\/2024\/09\/Lamborghini-Aventador-Aventador-SVJ.jpg\" \/>\n\t<meta property=\"og:image:width\" content=\"800\" \/>\n\t<meta property=\"og:image:height\" content=\"800\" \/>\n\t<meta property=\"og:image:type\" content=\"image\/jpeg\" \/>\n<meta name=\"twitter:card\" content=\"summary_large_image\" \/>\n<meta name=\"twitter:label1\" content=\"Gesch\u00e4tzte Lesezeit\" \/>\n\t<meta name=\"twitter:data1\" content=\"1\u00a0Minute\" \/>\n<script type=\"application\/ld+json\" class=\"yoast-schema-graph\">{\"@context\":\"https:\\\/\\\/schema.org\",\"@graph\":[{\"@type\":\"WebPage\",\"@id\":\"https:\\\/\\\/kmblock.com\\\/de\\\/product\\\/lamborghini-aventador-aventador-svj\\\/\",\"url\":\"https:\\\/\\\/kmblock.com\\\/de\\\/product\\\/lamborghini-aventador-aventador-svj\\\/\",\"name\":\"Lamborghini Aventador \\\/ Aventador SVJ Mileage Blocker (KM stopper) \u2192 KM Block\",\"isPartOf\":{\"@id\":\"https:\\\/\\\/kmblock.com\\\/de\\\/#website\"},\"primaryImageOfPage\":{\"@id\":\"https:\\\/\\\/kmblock.com\\\/de\\\/product\\\/lamborghini-aventador-aventador-svj\\\/#primaryimage\"},\"image\":{\"@id\":\"https:\\\/\\\/kmblock.com\\\/de\\\/product\\\/lamborghini-aventador-aventador-svj\\\/#primaryimage\"},\"thumbnailUrl\":\"https:\\\/\\\/kmblock.com\\\/wp-content\\\/uploads\\\/2024\\\/09\\\/Lamborghini-Aventador-Aventador-SVJ.jpg\",\"datePublished\":\"2024-09-21T17:25:44+00:00\",\"dateModified\":\"2025-11-09T10:18:36+00:00\",\"description\":\"Buy a Lamborghini Aventador \\\/ Aventador SVJ Mileage Blocker for the Best Prices \u2713 Free Shipping \u2713 Incl. Installation Guides\",\"breadcrumb\":{\"@id\":\"https:\\\/\\\/kmblock.com\\\/de\\\/product\\\/lamborghini-aventador-aventador-svj\\\/#breadcrumb\"},\"inLanguage\":\"de\",\"potentialAction\":[{\"@type\":\"ReadAction\",\"target\":[\"https:\\\/\\\/kmblock.com\\\/de\\\/product\\\/lamborghini-aventador-aventador-svj\\\/\"]}]},{\"@type\":\"ImageObject\",\"inLanguage\":\"de\",\"@id\":\"https:\\\/\\\/kmblock.com\\\/de\\\/product\\\/lamborghini-aventador-aventador-svj\\\/#primaryimage\",\"url\":\"https:\\\/\\\/kmblock.com\\\/wp-content\\\/uploads\\\/2024\\\/09\\\/Lamborghini-Aventador-Aventador-SVJ.jpg\",\"contentUrl\":\"https:\\\/\\\/kmblock.com\\\/wp-content\\\/uploads\\\/2024\\\/09\\\/Lamborghini-Aventador-Aventador-SVJ.jpg\",\"width\":800,\"height\":800,\"caption\":\"Lamborghini Aventador \\\/ Aventador SVJ\"},{\"@type\":\"BreadcrumbList\",\"@id\":\"https:\\\/\\\/kmblock.com\\\/de\\\/product\\\/lamborghini-aventador-aventador-svj\\\/#breadcrumb\",\"itemListElement\":[{\"@type\":\"ListItem\",\"position\":1,\"name\":\"Startseite\",\"item\":\"https:\\\/\\\/kmblock.com\\\/de\\\/\"},{\"@type\":\"ListItem\",\"position\":2,\"name\":\"Produkte\",\"item\":\"https:\\\/\\\/kmblock.com\\\/de\\\/shop\\\/\"},{\"@type\":\"ListItem\",\"position\":3,\"name\":\"Lamborghini Aventador \\\/ Aventador SVJ\"}]},{\"@type\":\"WebSite\",\"@id\":\"https:\\\/\\\/kmblock.com\\\/de\\\/#website\",\"url\":\"https:\\\/\\\/kmblock.com\\\/de\\\/\",\"name\":\"KM Block\",\"description\":\"\",\"publisher\":{\"@id\":\"https:\\\/\\\/kmblock.com\\\/de\\\/#organization\"},\"potentialAction\":[{\"@type\":\"SearchAction\",\"target\":{\"@type\":\"EntryPoint\",\"urlTemplate\":\"https:\\\/\\\/kmblock.com\\\/de\\\/?s={search_term_string}\"},\"query-input\":{\"@type\":\"PropertyValueSpecification\",\"valueRequired\":true,\"valueName\":\"search_term_string\"}}],\"inLanguage\":\"de\"},{\"@type\":\"Organization\",\"@id\":\"https:\\\/\\\/kmblock.com\\\/de\\\/#organization\",\"name\":\"KM-Block\",\"url\":\"https:\\\/\\\/kmblock.com\\\/de\\\/\",\"logo\":{\"@type\":\"ImageObject\",\"inLanguage\":\"de\",\"@id\":\"https:\\\/\\\/kmblock.com\\\/de\\\/#\\\/schema\\\/logo\\\/image\\\/\",\"url\":\"https:\\\/\\\/kmblock.com\\\/wp-content\\\/uploads\\\/2024\\\/08\\\/main-logo.png\",\"contentUrl\":\"https:\\\/\\\/kmblock.com\\\/wp-content\\\/uploads\\\/2024\\\/08\\\/main-logo.png\",\"width\":186,\"height\":28,\"caption\":\"KM-Block\"},\"image\":{\"@id\":\"https:\\\/\\\/kmblock.com\\\/de\\\/#\\\/schema\\\/logo\\\/image\\\/\"}}]}<\/script>\n<!-- \/ Yoast SEO plugin. -->","yoast_head_json":{"title":"Lamborghini Aventador \/ Aventador SVJ Mileage Blocker (KM stopper) \u2192 KM Block","description":"Buy a Lamborghini Aventador \/ Aventador SVJ Mileage Blocker for the Best Prices \u2713 Free Shipping \u2713 Incl. Installation Guides","robots":{"index":"index","follow":"follow","max-snippet":"max-snippet:-1","max-image-preview":"max-image-preview:large","max-video-preview":"max-video-preview:-1"},"og_locale":"de_DE","og_type":"article","og_title":"Lamborghini Aventador \/ Aventador SVJ Mileage Blocker (KM stopper) \u2192 KM Block","og_description":"Buy a Lamborghini Aventador \/ Aventador SVJ Mileage Blocker for the Best Prices \u2713 Free Shipping \u2713 Incl. Installation Guides","og_url":"https:\/\/kmblock.com\/de\/product\/lamborghini-aventador-aventador-svj\/","og_site_name":"KM Block","article_modified_time":"2025-11-09T10:18:36+00:00","og_image":[{"width":800,"height":800,"url":"https:\/\/kmblock.com\/wp-content\/uploads\/2024\/09\/Lamborghini-Aventador-Aventador-SVJ.jpg","type":"image\/jpeg"}],"twitter_card":"summary_large_image","twitter_misc":{"Gesch\u00e4tzte Lesezeit":"1\u00a0Minute"},"schema":{"@context":"https:\/\/schema.org","@graph":[{"@type":"WebPage","@id":"https:\/\/kmblock.com\/de\/product\/lamborghini-aventador-aventador-svj\/","url":"https:\/\/kmblock.com\/de\/product\/lamborghini-aventador-aventador-svj\/","name":"Lamborghini Aventador \/ Aventador SVJ Mileage Blocker (KM stopper) \u2192 KM Block","isPartOf":{"@id":"https:\/\/kmblock.com\/de\/#website"},"primaryImageOfPage":{"@id":"https:\/\/kmblock.com\/de\/product\/lamborghini-aventador-aventador-svj\/#primaryimage"},"image":{"@id":"https:\/\/kmblock.com\/de\/product\/lamborghini-aventador-aventador-svj\/#primaryimage"},"thumbnailUrl":"https:\/\/kmblock.com\/wp-content\/uploads\/2024\/09\/Lamborghini-Aventador-Aventador-SVJ.jpg","datePublished":"2024-09-21T17:25:44+00:00","dateModified":"2025-11-09T10:18:36+00:00","description":"Buy a Lamborghini Aventador \/ Aventador SVJ Mileage Blocker for the Best Prices \u2713 Free Shipping \u2713 Incl. Installation Guides","breadcrumb":{"@id":"https:\/\/kmblock.com\/de\/product\/lamborghini-aventador-aventador-svj\/#breadcrumb"},"inLanguage":"de","potentialAction":[{"@type":"ReadAction","target":["https:\/\/kmblock.com\/de\/product\/lamborghini-aventador-aventador-svj\/"]}]},{"@type":"ImageObject","inLanguage":"de","@id":"https:\/\/kmblock.com\/de\/product\/lamborghini-aventador-aventador-svj\/#primaryimage","url":"https:\/\/kmblock.com\/wp-content\/uploads\/2024\/09\/Lamborghini-Aventador-Aventador-SVJ.jpg","contentUrl":"https:\/\/kmblock.com\/wp-content\/uploads\/2024\/09\/Lamborghini-Aventador-Aventador-SVJ.jpg","width":800,"height":800,"caption":"Lamborghini Aventador \/ Aventador SVJ"},{"@type":"BreadcrumbList","@id":"https:\/\/kmblock.com\/de\/product\/lamborghini-aventador-aventador-svj\/#breadcrumb","itemListElement":[{"@type":"ListItem","position":1,"name":"Startseite","item":"https:\/\/kmblock.com\/de\/"},{"@type":"ListItem","position":2,"name":"Produkte","item":"https:\/\/kmblock.com\/de\/shop\/"},{"@type":"ListItem","position":3,"name":"Lamborghini Aventador \/ Aventador SVJ"}]},{"@type":"WebSite","@id":"https:\/\/kmblock.com\/de\/#website","url":"https:\/\/kmblock.com\/de\/","name":"KM Block","description":"","publisher":{"@id":"https:\/\/kmblock.com\/de\/#organization"},"potentialAction":[{"@type":"SearchAction","target":{"@type":"EntryPoint","urlTemplate":"https:\/\/kmblock.com\/de\/?s={search_term_string}"},"query-input":{"@type":"PropertyValueSpecification","valueRequired":true,"valueName":"search_term_string"}}],"inLanguage":"de"},{"@type":"Organization","@id":"https:\/\/kmblock.com\/de\/#organization","name":"KM-Block","url":"https:\/\/kmblock.com\/de\/","logo":{"@type":"ImageObject","inLanguage":"de","@id":"https:\/\/kmblock.com\/de\/#\/schema\/logo\/image\/","url":"https:\/\/kmblock.com\/wp-content\/uploads\/2024\/08\/main-logo.png","contentUrl":"https:\/\/kmblock.com\/wp-content\/uploads\/2024\/08\/main-logo.png","width":186,"height":28,"caption":"KM-Block"},"image":{"@id":"https:\/\/kmblock.com\/de\/#\/schema\/logo\/image\/"}}]}},"_links":{"self":[{"href":"https:\/\/kmblock.com\/de\/wp-json\/wp\/v2\/product\/6477","targetHints":{"allow":["GET"]}}],"collection":[{"href":"https:\/\/kmblock.com\/de\/wp-json\/wp\/v2\/product"}],"about":[{"href":"https:\/\/kmblock.com\/de\/wp-json\/wp\/v2\/types\/product"}],"replies":[{"embeddable":true,"href":"https:\/\/kmblock.com\/de\/wp-json\/wp\/v2\/comments?post=6477"}],"wp:featuredmedia":[{"embeddable":true,"href":"https:\/\/kmblock.com\/de\/wp-json\/wp\/v2\/media\/792"}],"wp:attachment":[{"href":"https:\/\/kmblock.com\/de\/wp-json\/wp\/v2\/media?parent=6477"}],"wp:term":[{"taxonomy":"product_brand","embeddable":true,"href":"https:\/\/kmblock.com\/de\/wp-json\/wp\/v2\/product_brand?post=6477"},{"taxonomy":"product_cat","embeddable":true,"href":"https:\/\/kmblock.com\/de\/wp-json\/wp\/v2\/product_cat?post=6477"},{"taxonomy":"product_tag","embeddable":true,"href":"https:\/\/kmblock.com\/de\/wp-json\/wp\/v2\/product_tag?post=6477"}],"curies":[{"name":"wp","href":"https:\/\/api.w.org\/{rel}","templated":true}]}}