{"id":6427,"date":"2024-09-22T12:33:08","date_gmt":"2024-09-22T12:33:08","guid":{"rendered":"https:\/\/kmblock.com\/product\/land-rover-range-rover-sport\/"},"modified":"2025-11-09T09:59:20","modified_gmt":"2025-11-09T09:59:20","slug":"land-rover-range-rover-sport","status":"publish","type":"product","link":"https:\/\/kmblock.com\/de\/product\/land-rover-range-rover-sport\/","title":{"rendered":"Land Rover Range Rover Sport"},"content":{"rendered":"<div class=\"flex max-w-full flex-col flex-grow\">\n<div class=\"min-h-[20px] text-message flex w-full flex-col items-end gap-2 whitespace-normal break-words [.text-message+&amp;]:mt-5\" dir=\"auto\" data-message-author-role=\"assistant\" data-message-id=\"486fbb14-d9b0-4abf-8aac-69dd9ef3f888\">\n<div class=\"flex w-full flex-col gap-1 empty:hidden first:pt-[3px]\">\n<div class=\"markdown prose w-full break-words dark:prose-invert dark\">\n<div class=\"flex max-w-full flex-col flex-grow\">\n<div class=\"min-h-[20px] text-message flex w-full flex-col items-end gap-2 whitespace-normal break-words [.text-message+&amp;]:mt-5\" dir=\"auto\" data-message-author-role=\"assistant\" data-message-id=\"583787e4-ced2-4497-934b-fd13934d3b5f\">\n<div class=\"flex w-full flex-col gap-1 empty:hidden first:pt-[3px]\">\n<div class=\"markdown prose w-full break-words dark:prose-invert dark\">\n<h3>KILOMETERSTANDSBLOCKER F\u00dcR LAND ROVER RANGE ROVER<\/h3>\n<p>Der <strong>Land Rover Range Rover Mileage Blocker<\/strong>, der auch als Kilometerz\u00e4hler-Blocker, Kilometerz\u00e4hler-Stopper, Dosen-Blocker, Kilometerz\u00e4hler-Stopper, Dosen-Filter oder Werkzeug zur Korrektur des Kilometerstandes bezeichnet wird, ist f\u00fcr alle <strong>Land Rover Range Rover Modelle<\/strong> gedacht <strong>, die seit 2015 auf den Markt gekommen sind<\/strong>.<\/p>\n<hr>\n<h3><strong>Spezifikationen<\/strong><\/h3>\n<ul>\n<li><strong>Einfache DIY-Installation<\/strong>: Schneller und unkomplizierter Aufbau.<\/li>\n<li><strong>W\u00e4hrend der Bewegung aktivieren<\/strong>: Schalten Sie das Ger\u00e4t ein oder aus, ohne anzuhalten.<\/li>\n<li><strong>Hinterl\u00e4sst keine Spuren<\/strong>: Kein L\u00f6ten oder Schneiden von Kabeln erforderlich.<\/li>\n<li><strong>Hochwertige Komponenten<\/strong>: Lieferung mit hochwertigen Steckern und hitzebest\u00e4ndigen Kabeln.<\/li>\n<li><strong>Benutzerfreundliche Bedienung<\/strong>: Gesteuert mit mehreren Tastenkombinationen.<\/li>\n<li><strong>Gespeicherte Einstellungen<\/strong>: Einmal ausgew\u00e4hlt, werden die Einstellungen dauerhaft gespeichert.<\/li>\n<li><strong>Tempomat-Funktionalit\u00e4t<\/strong>: Arbeitet ohne Unterbrechung weiter.<\/li>\n<li><strong>Keine Fehlermeldungen<\/strong>: Tachometer und Navigationspanel bleiben fehlerfrei.<\/li>\n<li><strong>Stabilit\u00e4t des Kilometerstandes<\/strong>: Das Entfernen des Moduls verhindert eine spontane Erh\u00f6hung des Kilometerstandes.<\/li>\n<li><strong>Getarnte Leistung<\/strong>: Diagnosetester k\u00f6nnen einen ver\u00e4nderten Kilometerstand nicht erkennen.<\/li>\n<li><strong>Nahtlose Integration<\/strong>: Tachometer und Assistenzsysteme funktionieren einwandfrei.<\/li>\n<li><strong>Pr\u00e4zise Installation<\/strong>: Die Passfl\u00e4che und die Rillen am Stecker sorgen f\u00fcr eine reibungslose Installation.<\/li>\n<li><strong>Genauigkeit bei der \u00c4nderung des Kilometerstandes<\/strong>: Erlaubt eine Abweichung von bis zu 1% f\u00fcr den ge\u00e4nderten Kilometerstand.<\/li>\n<\/ul>\n<hr>\n<h3><strong>Aktivierung &amp; Deaktivierung<\/strong><\/h3>\n<p>Schalten Sie es ein, indem Sie die Stummschalttaste 7 Sekunden lang gedr\u00fcckt halten. Gibt kein Signal, ist aber eingeschaltet. <\/p>\n<p><strong>Modus Ein:<\/strong> z\u00e4hlt 0% der Meilen. Alles funktioniert ordnungsgem\u00e4\u00df. <\/p>\n<p><strong>Modus Aus:<\/strong> Z\u00e4hlt 100% der Laufleistung. Alles funktioniert gut&#8220; <\/p>\n<\/div>\n<p>Schalten Sie das Fernlicht ein, indem Sie es 5 Mal schnell bet\u00e4tigen. Das Blinklicht blinkt. <\/p>\n<p><strong>Modus Ein:<\/strong> Blinker blinkt links. Z\u00e4hlt 0% der Meilen. Alles funktioniert ordnungsgem\u00e4\u00df.  <\/p>\n<p><strong>Modus Aus:<\/strong> Der Blinker blinkt nach rechts. Z\u00e4hlt 100% des Kilometerstands. Alles funktioniert gut  <\/p>\n<div class=\"markdown prose w-full break-words dark:prose-invert dark\">\n<hr>\n<h3><strong>Was ist der Land Rover Range Rover Kilometerz\u00e4hler-Blocker?<\/strong><\/h3>\n<p>Der <strong>Land Rover Range Rover Mileage Blocker\/Odometer Blocker<\/strong> verhindert die Aufzeichnung von zus\u00e4tzlichen Kilometern beim Testen der Fahrzeugleistung. Dieses bei KM Block erh\u00e4ltliche Modul verf\u00fcgt \u00fcber eine auf jedes Modell zugeschnittene Software f\u00fcr optimale Leistung und funktioniert unabh\u00e4ngig davon, ob Ihr Kilometerz\u00e4hler in Meilen oder Kilometern misst. Es ist kompatibel mit Diesel-, Benzin-, Plug-in-Hybrid-Elektrofahrzeugen (PHEVs) und Elektroautos.  <\/p>\n<p><strong>Wichtiger Hinweis<\/strong>: Wir verkaufen keine Tools zur Kilometerkorrektur f\u00fcr Land Rover Range Rover, da diese f\u00fcr unehrliche Zwecke gedacht sind und lediglich den Kilometerstand vom Kilometerz\u00e4hler l\u00f6schen. Sie versuchen in der Regel, die zur\u00fcckgelegte Strecke wiederherzustellen, aber aufgrund der vielen Datenspeicher in den Fahrzeugen gelingt es solchen Tools oft nicht, den Kilometerstand vollst\u00e4ndig umzukehren. <\/p>\n<p>Wir bieten eine Reihe von Mileage Stopper Ger\u00e4ten f\u00fcr verschiedene Fahrzeuge an. Die Installation ist unkompliziert und erfordert keine fortgeschrittenen Kenntnisse in der Fahrzeugwartung. Schlie\u00dfen Sie das Modul einfach zwischen dem Tachometeranschluss und dem Kombiinstrument an, um seine Vorteile zu nutzen. <\/p>\n<p>Der <strong>Land Rover Range Rover Mileage Blocker<\/strong> kann jederzeit aktiviert oder deaktiviert werden, egal ob Ihr Fahrzeug f\u00e4hrt oder steht.<\/p>\n<\/div>\n<\/div>\n<\/div>\n<\/div>\n<\/div>\n<\/div>\n<\/div>\n<\/div>\n","protected":false},"excerpt":{"rendered":"<div class=\"flex-shrink-0 flex flex-col relative items-end\">\n<div class=\"pt-0\">\n<div class=\"gizmo-bot-avatar flex h-8 w-8 items-center justify-center overflow-hidden rounded-full\">\n<div class=\"relative p-1 rounded-sm flex items-center justify-center bg-token-main-surface-primary text-token-text-primary h-8 w-8\">\n<p>Bitte lesen Sie vor der Bestellung die folgenden wichtigen Details zur Aktivierung des Moduls, zu Fehlermeldungen und zur Funktionalit\u00e4t.<\/p>\n<p> MILEAGE<strong>BLOCKER F\u00dcR LAND ROVER MODELLE, die seit 2015 auf den Markt gekommen sind. <\/strong><span style=\"font-family: -apple-system, BlinkMacSystemFont, 'Segoe UI', Roboto, 'Helvetica Neue', Arial, 'Noto Sans', sans-serif, 'Apple Color Emoji', 'Segoe UI Emoji', 'Segoe UI Symbol', 'Noto Color Emoji'\">Die neuesten Modelle sind nur mit &#8222;langem Kabel&#8220; und &#8222;mit App&#8220; Option erh\u00e4ltlich.<\/span><span style=\"font-family: -apple-system, BlinkMacSystemFont, 'Segoe UI', Roboto, 'Helvetica Neue', Arial, 'Noto Sans', sans-serif, 'Apple Color Emoji', 'Segoe UI Emoji', 'Segoe UI Symbol', 'Noto Color Emoji'\"> Konzipiert f\u00fcr den Einbau zum Selbermachen.<\/span><span style=\"font-family: -apple-system, BlinkMacSystemFont, 'Segoe UI', Roboto, 'Helvetica Neue', Arial, 'Noto Sans', sans-serif, 'Apple Color Emoji', 'Segoe UI Emoji', 'Segoe UI Symbol', 'Noto Color Emoji'\"> Funktioniert, ohne Spuren zu hinterlassen.<\/span><span style=\"font-family: -apple-system, BlinkMacSystemFont, 'Segoe UI', Roboto, 'Helvetica Neue', Arial, 'Noto Sans', sans-serif, 'Apple Color Emoji', 'Segoe UI Emoji', 'Segoe UI Symbol', 'Noto Color Emoji'\"> Kann w\u00e4hrend der Fahrt aktiviert werden. <\/span><span style=\"font-family: -apple-system, BlinkMacSystemFont, 'Segoe UI', Roboto, 'Helvetica Neue', Arial, 'Noto Sans', sans-serif, 'Apple Color Emoji', 'Segoe UI Emoji', 'Segoe UI Symbol', 'Noto Color Emoji'\">Tachometer und alle Assistenzsysteme funktionieren einwandfrei.<\/span><span style=\"font-family: -apple-system, BlinkMacSystemFont, 'Segoe UI', Roboto, 'Helvetica Neue', Arial, 'Noto Sans', sans-serif, 'Apple Color Emoji', 'Segoe UI Emoji', 'Segoe UI Symbol', 'Noto Color Emoji'\"> Mit Premium-Steckern und hitzebest\u00e4ndigen Kabeln.<\/span><\/p>\n<\/div>\n<p class=\"p1\"><b> \u2705 Nahtlose Integration<\/b><b><\/b><\/p>\n<p class=\"p1\">\u2705<b> Einfache Installation<\/b><b><\/b><\/p>\n<p class=\"p1\">\u2705<b> Genaue Verwaltung des Kilometerstandes<\/b><b><\/b><\/p>\n<p class=\"p1\"><b> \u2705 Betrieb im Tarnkappenmodus<\/b><b><\/b><\/p>\n<p class=\"p1\"><span class=\"s1\">\u2705<\/span><b> Lebenslanger Support und Updates<\/b><\/p>\n<\/div>\n<\/div>\n<\/div>\n","protected":false},"featured_media":818,"comment_status":"open","ping_status":"closed","template":"","meta":[],"product_brand":[],"product_cat":[683],"product_tag":[],"class_list":{"0":"post-6427","1":"product","2":"type-product","3":"status-publish","4":"has-post-thumbnail","6":"product_cat-land-rover","8":"first","9":"instock","10":"taxable","11":"shipping-taxable","12":"purchasable","13":"product-type-variable"},"yoast_head":"<!-- This site is optimized with the Yoast SEO plugin v27.5 - https:\/\/yoast.com\/product\/yoast-seo-wordpress\/ -->\n<title>Land Rover Range Rover Sport Mileage Blocker (KM stopper) \u2192 KM Block<\/title>\n<meta name=\"description\" content=\"Buy a Land Rover Range Rover Sport Mileage Blocker for the Best Prices \u2713 Free Shipping \u2713 Incl. Installation Guides\" \/>\n<meta name=\"robots\" content=\"index, follow, max-snippet:-1, max-image-preview:large, max-video-preview:-1\" \/>\n<meta property=\"og:locale\" content=\"de_DE\" \/>\n<meta property=\"og:type\" content=\"article\" \/>\n<meta property=\"og:title\" content=\"Land Rover Range Rover Sport Mileage Blocker (KM stopper) \u2192 KM Block\" \/>\n<meta property=\"og:description\" content=\"Buy a Land Rover Range Rover Sport Mileage Blocker for the Best Prices \u2713 Free Shipping \u2713 Incl. Installation Guides\" \/>\n<meta property=\"og:url\" content=\"https:\/\/kmblock.com\/de\/product\/land-rover-range-rover-sport\/\" \/>\n<meta property=\"og:site_name\" content=\"KM Block\" \/>\n<meta property=\"article:modified_time\" content=\"2025-11-09T09:59:20+00:00\" \/>\n<meta property=\"og:image\" content=\"https:\/\/kmblock.com\/wp-content\/uploads\/2024\/09\/Land-Rover-Range-Rover-Sport.webp\" \/>\n\t<meta property=\"og:image:width\" content=\"800\" \/>\n\t<meta property=\"og:image:height\" content=\"800\" \/>\n\t<meta property=\"og:image:type\" content=\"image\/webp\" \/>\n<meta name=\"twitter:card\" content=\"summary_large_image\" \/>\n<meta name=\"twitter:label1\" content=\"Gesch\u00e4tzte Lesezeit\" \/>\n\t<meta name=\"twitter:data1\" content=\"2\u00a0Minuten\" \/>\n<script type=\"application\/ld+json\" class=\"yoast-schema-graph\">{\"@context\":\"https:\\\/\\\/schema.org\",\"@graph\":[{\"@type\":\"WebPage\",\"@id\":\"https:\\\/\\\/kmblock.com\\\/de\\\/product\\\/land-rover-range-rover-sport\\\/\",\"url\":\"https:\\\/\\\/kmblock.com\\\/de\\\/product\\\/land-rover-range-rover-sport\\\/\",\"name\":\"Land Rover Range Rover Sport Mileage Blocker (KM stopper) \u2192 KM Block\",\"isPartOf\":{\"@id\":\"https:\\\/\\\/kmblock.com\\\/de\\\/#website\"},\"primaryImageOfPage\":{\"@id\":\"https:\\\/\\\/kmblock.com\\\/de\\\/product\\\/land-rover-range-rover-sport\\\/#primaryimage\"},\"image\":{\"@id\":\"https:\\\/\\\/kmblock.com\\\/de\\\/product\\\/land-rover-range-rover-sport\\\/#primaryimage\"},\"thumbnailUrl\":\"https:\\\/\\\/kmblock.com\\\/wp-content\\\/uploads\\\/2024\\\/09\\\/Land-Rover-Range-Rover-Sport.webp\",\"datePublished\":\"2024-09-22T12:33:08+00:00\",\"dateModified\":\"2025-11-09T09:59:20+00:00\",\"description\":\"Buy a Land Rover Range Rover Sport Mileage Blocker for the Best Prices \u2713 Free Shipping \u2713 Incl. Installation Guides\",\"breadcrumb\":{\"@id\":\"https:\\\/\\\/kmblock.com\\\/de\\\/product\\\/land-rover-range-rover-sport\\\/#breadcrumb\"},\"inLanguage\":\"de\",\"potentialAction\":[{\"@type\":\"ReadAction\",\"target\":[\"https:\\\/\\\/kmblock.com\\\/de\\\/product\\\/land-rover-range-rover-sport\\\/\"]}]},{\"@type\":\"ImageObject\",\"inLanguage\":\"de\",\"@id\":\"https:\\\/\\\/kmblock.com\\\/de\\\/product\\\/land-rover-range-rover-sport\\\/#primaryimage\",\"url\":\"https:\\\/\\\/kmblock.com\\\/wp-content\\\/uploads\\\/2024\\\/09\\\/Land-Rover-Range-Rover-Sport.webp\",\"contentUrl\":\"https:\\\/\\\/kmblock.com\\\/wp-content\\\/uploads\\\/2024\\\/09\\\/Land-Rover-Range-Rover-Sport.webp\",\"width\":800,\"height\":800,\"caption\":\"Land Rover Range Rover Sport\"},{\"@type\":\"BreadcrumbList\",\"@id\":\"https:\\\/\\\/kmblock.com\\\/de\\\/product\\\/land-rover-range-rover-sport\\\/#breadcrumb\",\"itemListElement\":[{\"@type\":\"ListItem\",\"position\":1,\"name\":\"Startseite\",\"item\":\"https:\\\/\\\/kmblock.com\\\/de\\\/\"},{\"@type\":\"ListItem\",\"position\":2,\"name\":\"Produkte\",\"item\":\"https:\\\/\\\/kmblock.com\\\/de\\\/shop\\\/\"},{\"@type\":\"ListItem\",\"position\":3,\"name\":\"Land Rover Range Rover Sport\"}]},{\"@type\":\"WebSite\",\"@id\":\"https:\\\/\\\/kmblock.com\\\/de\\\/#website\",\"url\":\"https:\\\/\\\/kmblock.com\\\/de\\\/\",\"name\":\"KM Block\",\"description\":\"\",\"publisher\":{\"@id\":\"https:\\\/\\\/kmblock.com\\\/de\\\/#organization\"},\"potentialAction\":[{\"@type\":\"SearchAction\",\"target\":{\"@type\":\"EntryPoint\",\"urlTemplate\":\"https:\\\/\\\/kmblock.com\\\/de\\\/?s={search_term_string}\"},\"query-input\":{\"@type\":\"PropertyValueSpecification\",\"valueRequired\":true,\"valueName\":\"search_term_string\"}}],\"inLanguage\":\"de\"},{\"@type\":\"Organization\",\"@id\":\"https:\\\/\\\/kmblock.com\\\/de\\\/#organization\",\"name\":\"KM-Block\",\"url\":\"https:\\\/\\\/kmblock.com\\\/de\\\/\",\"logo\":{\"@type\":\"ImageObject\",\"inLanguage\":\"de\",\"@id\":\"https:\\\/\\\/kmblock.com\\\/de\\\/#\\\/schema\\\/logo\\\/image\\\/\",\"url\":\"https:\\\/\\\/kmblock.com\\\/wp-content\\\/uploads\\\/2024\\\/08\\\/main-logo.png\",\"contentUrl\":\"https:\\\/\\\/kmblock.com\\\/wp-content\\\/uploads\\\/2024\\\/08\\\/main-logo.png\",\"width\":186,\"height\":28,\"caption\":\"KM-Block\"},\"image\":{\"@id\":\"https:\\\/\\\/kmblock.com\\\/de\\\/#\\\/schema\\\/logo\\\/image\\\/\"}}]}<\/script>\n<!-- \/ Yoast SEO plugin. -->","yoast_head_json":{"title":"Land Rover Range Rover Sport Mileage Blocker (KM stopper) \u2192 KM Block","description":"Buy a Land Rover Range Rover Sport Mileage Blocker for the Best Prices \u2713 Free Shipping \u2713 Incl. Installation Guides","robots":{"index":"index","follow":"follow","max-snippet":"max-snippet:-1","max-image-preview":"max-image-preview:large","max-video-preview":"max-video-preview:-1"},"og_locale":"de_DE","og_type":"article","og_title":"Land Rover Range Rover Sport Mileage Blocker (KM stopper) \u2192 KM Block","og_description":"Buy a Land Rover Range Rover Sport Mileage Blocker for the Best Prices \u2713 Free Shipping \u2713 Incl. Installation Guides","og_url":"https:\/\/kmblock.com\/de\/product\/land-rover-range-rover-sport\/","og_site_name":"KM Block","article_modified_time":"2025-11-09T09:59:20+00:00","og_image":[{"width":800,"height":800,"url":"https:\/\/kmblock.com\/wp-content\/uploads\/2024\/09\/Land-Rover-Range-Rover-Sport.webp","type":"image\/webp"}],"twitter_card":"summary_large_image","twitter_misc":{"Gesch\u00e4tzte Lesezeit":"2\u00a0Minuten"},"schema":{"@context":"https:\/\/schema.org","@graph":[{"@type":"WebPage","@id":"https:\/\/kmblock.com\/de\/product\/land-rover-range-rover-sport\/","url":"https:\/\/kmblock.com\/de\/product\/land-rover-range-rover-sport\/","name":"Land Rover Range Rover Sport Mileage Blocker (KM stopper) \u2192 KM Block","isPartOf":{"@id":"https:\/\/kmblock.com\/de\/#website"},"primaryImageOfPage":{"@id":"https:\/\/kmblock.com\/de\/product\/land-rover-range-rover-sport\/#primaryimage"},"image":{"@id":"https:\/\/kmblock.com\/de\/product\/land-rover-range-rover-sport\/#primaryimage"},"thumbnailUrl":"https:\/\/kmblock.com\/wp-content\/uploads\/2024\/09\/Land-Rover-Range-Rover-Sport.webp","datePublished":"2024-09-22T12:33:08+00:00","dateModified":"2025-11-09T09:59:20+00:00","description":"Buy a Land Rover Range Rover Sport Mileage Blocker for the Best Prices \u2713 Free Shipping \u2713 Incl. Installation Guides","breadcrumb":{"@id":"https:\/\/kmblock.com\/de\/product\/land-rover-range-rover-sport\/#breadcrumb"},"inLanguage":"de","potentialAction":[{"@type":"ReadAction","target":["https:\/\/kmblock.com\/de\/product\/land-rover-range-rover-sport\/"]}]},{"@type":"ImageObject","inLanguage":"de","@id":"https:\/\/kmblock.com\/de\/product\/land-rover-range-rover-sport\/#primaryimage","url":"https:\/\/kmblock.com\/wp-content\/uploads\/2024\/09\/Land-Rover-Range-Rover-Sport.webp","contentUrl":"https:\/\/kmblock.com\/wp-content\/uploads\/2024\/09\/Land-Rover-Range-Rover-Sport.webp","width":800,"height":800,"caption":"Land Rover Range Rover Sport"},{"@type":"BreadcrumbList","@id":"https:\/\/kmblock.com\/de\/product\/land-rover-range-rover-sport\/#breadcrumb","itemListElement":[{"@type":"ListItem","position":1,"name":"Startseite","item":"https:\/\/kmblock.com\/de\/"},{"@type":"ListItem","position":2,"name":"Produkte","item":"https:\/\/kmblock.com\/de\/shop\/"},{"@type":"ListItem","position":3,"name":"Land Rover Range Rover Sport"}]},{"@type":"WebSite","@id":"https:\/\/kmblock.com\/de\/#website","url":"https:\/\/kmblock.com\/de\/","name":"KM Block","description":"","publisher":{"@id":"https:\/\/kmblock.com\/de\/#organization"},"potentialAction":[{"@type":"SearchAction","target":{"@type":"EntryPoint","urlTemplate":"https:\/\/kmblock.com\/de\/?s={search_term_string}"},"query-input":{"@type":"PropertyValueSpecification","valueRequired":true,"valueName":"search_term_string"}}],"inLanguage":"de"},{"@type":"Organization","@id":"https:\/\/kmblock.com\/de\/#organization","name":"KM-Block","url":"https:\/\/kmblock.com\/de\/","logo":{"@type":"ImageObject","inLanguage":"de","@id":"https:\/\/kmblock.com\/de\/#\/schema\/logo\/image\/","url":"https:\/\/kmblock.com\/wp-content\/uploads\/2024\/08\/main-logo.png","contentUrl":"https:\/\/kmblock.com\/wp-content\/uploads\/2024\/08\/main-logo.png","width":186,"height":28,"caption":"KM-Block"},"image":{"@id":"https:\/\/kmblock.com\/de\/#\/schema\/logo\/image\/"}}]}},"_links":{"self":[{"href":"https:\/\/kmblock.com\/de\/wp-json\/wp\/v2\/product\/6427","targetHints":{"allow":["GET"]}}],"collection":[{"href":"https:\/\/kmblock.com\/de\/wp-json\/wp\/v2\/product"}],"about":[{"href":"https:\/\/kmblock.com\/de\/wp-json\/wp\/v2\/types\/product"}],"replies":[{"embeddable":true,"href":"https:\/\/kmblock.com\/de\/wp-json\/wp\/v2\/comments?post=6427"}],"wp:featuredmedia":[{"embeddable":true,"href":"https:\/\/kmblock.com\/de\/wp-json\/wp\/v2\/media\/818"}],"wp:attachment":[{"href":"https:\/\/kmblock.com\/de\/wp-json\/wp\/v2\/media?parent=6427"}],"wp:term":[{"taxonomy":"product_brand","embeddable":true,"href":"https:\/\/kmblock.com\/de\/wp-json\/wp\/v2\/product_brand?post=6427"},{"taxonomy":"product_cat","embeddable":true,"href":"https:\/\/kmblock.com\/de\/wp-json\/wp\/v2\/product_cat?post=6427"},{"taxonomy":"product_tag","embeddable":true,"href":"https:\/\/kmblock.com\/de\/wp-json\/wp\/v2\/product_tag?post=6427"}],"curies":[{"name":"wp","href":"https:\/\/api.w.org\/{rel}","templated":true}]}}