{"id":6426,"date":"2024-09-21T17:58:22","date_gmt":"2024-09-21T17:58:22","guid":{"rendered":"https:\/\/kmblock.com\/product\/lamborghini-urus\/"},"modified":"2025-11-10T10:52:16","modified_gmt":"2025-11-10T10:52:16","slug":"lamborghini-urus","status":"publish","type":"product","link":"https:\/\/kmblock.com\/de\/product\/lamborghini-urus\/","title":{"rendered":"Lamborghini Urus"},"content":{"rendered":"<div class=\"flex max-w-full flex-col flex-grow\">\n<div class=\"min-h-[20px] text-message flex w-full flex-col items-end gap-2 whitespace-normal break-words [.text-message+&amp;]:mt-5\" dir=\"auto\" data-message-author-role=\"assistant\" data-message-id=\"486fbb14-d9b0-4abf-8aac-69dd9ef3f888\">\n<div class=\"flex w-full flex-col gap-1 empty:hidden first:pt-[3px]\">\n<div class=\"markdown prose w-full break-words dark:prose-invert dark\">\n<div class=\"flex max-w-full flex-col flex-grow\">\n<div class=\"min-h-[20px] text-message flex w-full flex-col items-end gap-2 whitespace-normal break-words [.text-message+&amp;]:mt-5\" dir=\"auto\" data-message-author-role=\"assistant\" data-message-id=\"583787e4-ced2-4497-934b-fd13934d3b5f\">\n<div class=\"flex w-full flex-col gap-1 empty:hidden first:pt-[3px]\">\n<div class=\"markdown prose w-full break-words dark:prose-invert dark\">\n<h3>Kilometerstand-Blocker f\u00fcr Lamborghini Urus<\/h3>\n<p>Der <strong>Mileage Blocker f\u00fcr Lamborghini Urus &#8211; auch<\/strong>bekannt als Odometer Blocker, Can Blocker, Mileage Stopper oder Trip Odometer &#8211; ist ein innovatives Tool, das die Aufzeichnung des Kilometerstandes Ihres Fahrzeugs w\u00e4hrend der Tests verhindert.<\/p>\n<h4>Kompatibilit\u00e4t<\/h4>\n<ul>\n<li>Geeignet f\u00fcr <strong>alle Lamborghini Urus Modelle<\/strong>, die seit 2018 ver\u00f6ffentlicht wurden.<\/li>\n<\/ul>\n<h4>Spezifikationen<\/h4>\n<ul>\n<li><strong>DIY-Installation:<\/strong> Einfach selbst zu installieren, keine professionelle Hilfe erforderlich.<\/li>\n<li><strong>Hochwertige Komponenten:<\/strong> Mit hochwertigen Steckern und hitzebest\u00e4ndigen Kabeln.<\/li>\n<li><strong>Mehrere Modi:<\/strong> Bietet verschiedene Modi, um Ihren Bed\u00fcrfnissen gerecht zu werden, einschlie\u00dflich teilweisem und vollst\u00e4ndigem Anhalten der Kilometerleistung.<\/li>\n<li><strong>Aktivieren Sie die Funktion ohne den Tachometer:<\/strong> Kann ein- oder ausgeschaltet werden, auch wenn der Tachometer inaktiv ist.<\/li>\n<li><strong>Hinterl\u00e4sst keine Spuren:<\/strong> Die Entfernung hinterl\u00e4sst keine Spuren &#8211; kein L\u00f6ten oder Schneiden von Kabeln erforderlich.<\/li>\n<li><strong>Einfache Bedienung:<\/strong> Wechseln Sie den Modus mit ein paar einfachen Tastenkombinationen.<\/li>\n<li><strong>Einfache, sichere Installation:<\/strong> Die Steckfl\u00e4che und die Rillen am Stecker sorgen f\u00fcr einen reibungslosen Ablauf.<\/li>\n<li><strong>Der Tempomat funktioniert weiterhin.<\/strong><\/li>\n<li><strong>Keine Erh\u00f6hung der Kilometerleistung nach dem Ausbau.<\/strong><\/li>\n<li><strong>Nicht nachweisbar durch Diagnosetester:<\/strong> Das Ger\u00e4t sorgt daf\u00fcr, dass der ge\u00e4nderte Kilometerstand nicht entdeckt wird.<\/li>\n<li><strong>Fehlerfrei:<\/strong> Es werden keine Fehlermeldungen auf dem Tachometer oder dem Navigationspanel angezeigt.<\/li>\n<li><strong>Wichtiges Update (nach 2020):<\/strong> Bei einigen Fahrzeugen, die nach 2020 gebaut wurden, kann die Motorkontrollleuchte ausgel\u00f6st werden, wenn das Ger\u00e4t aktiviert wird.<\/li>\n<\/ul>\n<h4>Wichtiges Update<\/h4>\n<ul>\n<li>Wenn Ihr Fahrzeug k\u00fcrzlich ein Update vom Hersteller erhalten hat, funktionieren nur die <strong>Modi 3 (Voller Stopp)<\/strong> und <strong>4 (Voller Z\u00e4hler)<\/strong>. Um sie zu aktivieren, schalten Sie das Fahrzeug f\u00fcnfmal hintereinander aus. <\/li>\n<li>Beim Kauf erhalten Sie eine PDF-Datei mit detaillierten Anweisungen.<\/li>\n<\/ul>\n<h4>Modi<\/h4>\n<p>Bet\u00e4tigen Sie die Taste &#8218;ok&#8216; am Lenker. Halten Sie die Taste gedr\u00fcckt, bis der Blinker zu blinken beginnt. <\/p>\n<p><strong>Modus 1:<\/strong> 1 Blinken links 20 Prozent<br \/>\n<strong>Modus 2:<\/strong> 2 linke Blinkzeichen 10 Prozent<br \/>\n<strong>Modus 3:<\/strong> 3 Mal links blinken 0 Prozent<br \/>\n<strong>Modus 4:<\/strong> 1 rechtes Blinken 100 Prozent<\/p>\n<p>F\u00fcr den Modus 3: 0 Prozent m\u00fcssen Sie den Modus einschalten, dann das Auto ausschalten und f\u00fcr 2 Minuten verriegeln und dann starten und fahren.&#8220;<\/p>\n<h4>Was ist der Lamborghini Urus Kilometerz\u00e4hler-Blocker?<\/h4>\n<p>Der <strong>Lamborghini Urus Mileage Blocker<\/strong> verhindert die unn\u00f6tige Anh\u00e4ufung von Kilometern und testet gleichzeitig die Leistung des Fahrzeugs. Er funktioniert sowohl bei Diesel-Benzin-Motoren als auch bei Hybrid-\/Elektrofahrzeugen (PHEVs) problemlos. Dieses mit Pr\u00e4zision entwickelte Tool gew\u00e4hrleistet eine genaue Leistung bei allen Lamborghini Modellen.  <\/p>\n<p>Bitte beachten Sie, dass es sich hierbei <strong>nicht um ein Tool zur Kilometerstandskorrektur<\/strong> handelt, das oft f\u00fcr betr\u00fcgerische Zwecke wie das Zur\u00fcckdrehen von Kilometerz\u00e4hlern verwendet wird. Der Mileage Blocker verhindert lediglich, dass w\u00e4hrend des Tests zus\u00e4tzliche Kilometer aufgezeichnet werden, und er ist nicht dazu gedacht, die im Fahrzeug gespeicherten Kilometerdaten zu manipulieren. <\/p>\n<h4>Installation<\/h4>\n<p>Der Mileage Blocker ist auch ohne fortgeschrittene Fahrzeugkenntnisse einfach zu installieren. Er wird zwischen dem Tachometer und dem Kombiinstrument angeschlossen, so dass keine dauerhaften Ver\u00e4nderungen an Ihrem Auto vorgenommen werden m\u00fcssen. <\/p>\n<p>Der <strong>Lamborghini Urus Mileage Blocker<\/strong> bietet eine sichere und effiziente M\u00f6glichkeit, den Kilometerstand w\u00e4hrend der Tests zu \u00fcberwachen und zu kontrollieren. So k\u00f6nnen Sie sicherstellen, dass Ihr Fahrzeug optimal funktioniert und gleichzeitig genaue Aufzeichnungen gef\u00fchrt werden.<\/p>\n<\/div>\n<\/div>\n<\/div>\n<\/div>\n<\/div>\n<\/div>\n<\/div>\n<\/div>\n","protected":false},"excerpt":{"rendered":"<div class=\"flex-shrink-0 flex flex-col relative items-end\">\n<div class=\"pt-0\">\n<div class=\"gizmo-bot-avatar flex h-8 w-8 items-center justify-center overflow-hidden rounded-full\">\n<div class=\"relative p-1 rounded-sm flex items-center justify-center bg-token-main-surface-primary text-token-text-primary h-8 w-8\">\n<p>Bevor Sie bestellen, lesen Sie bitte die folgenden wichtigen Informationen zur Aktivierung des Moduls, zu Fehlermeldungen und zur Funktionalit\u00e4t.<\/p>\n<p>F\u00fcr <strong>Lamborghini Urus Modelle, die seit 2018 auf den Markt gekommen sind<\/strong>, beachten Sie bitte die folgenden wichtigen Details. Stellen Sie die Kompatibilit\u00e4t sicher, indem Sie den Steckertyp Ihres Fahrzeugs \u00fcberpr\u00fcfen: entweder <strong>18 Pin<\/strong> oder <strong>32 Pin<\/strong>, bevor Sie Ihre Bestellung aufgeben. Das Ger\u00e4t wurde f\u00fcr eine einfache Installation zum Selbermachen entwickelt, ohne dass Sie die Hilfe eines Experten ben\u00f6tigen. Mit hochwertigen Steckern und hitzebest\u00e4ndigen Kabeln f\u00fcr lang anhaltende Leistung. Der Tachometer und die Assistenzprogramme funktionieren auch nach dem Einbau des Moduls einwandfrei.    <\/p>\n<p class=\"p1\"><b> \u2705 Nahtlose Integration<\/b><b><\/b><\/p>\n<p class=\"p1\">\u2705<b> Einfache Installation<\/b><b><\/b><\/p>\n<p class=\"p1\">\u2705<b> Genaue Verwaltung des Kilometerstandes<\/b><b><\/b><\/p>\n<p class=\"p1\"><b> \u2705 Betrieb im Tarnkappenmodus<\/b><b><\/b><\/p>\n<p class=\"p1\"><span class=\"s1\">\u2705<\/span><b> Lebenslanger Support und Updates<\/b><\/p>\n<\/div>\n<\/div>\n<\/div>\n<\/div>\n","protected":false},"featured_media":796,"comment_status":"open","ping_status":"closed","template":"","meta":[],"product_brand":[],"product_cat":[692],"product_tag":[],"class_list":{"0":"post-6426","1":"product","2":"type-product","3":"status-publish","4":"has-post-thumbnail","6":"product_cat-lamborghini","8":"first","9":"instock","10":"taxable","11":"shipping-taxable","12":"purchasable","13":"product-type-variable"},"yoast_head":"<!-- This site is optimized with the Yoast SEO plugin v27.5 - https:\/\/yoast.com\/product\/yoast-seo-wordpress\/ -->\n<title>Lamborghini Urus Mileage Blocker (KM stopper) \u2192 KM Block<\/title>\n<meta name=\"description\" content=\"Buy a Lamborghini Urus Mileage Blocker for the Best Prices \u2713 Free Shipping \u2713 Incl. Installation Guides\" \/>\n<meta name=\"robots\" content=\"index, follow, max-snippet:-1, max-image-preview:large, max-video-preview:-1\" \/>\n<meta property=\"og:locale\" content=\"de_DE\" \/>\n<meta property=\"og:type\" content=\"article\" \/>\n<meta property=\"og:title\" content=\"Lamborghini Urus Mileage Blocker (KM stopper) \u2192 KM Block\" \/>\n<meta property=\"og:description\" content=\"Buy a Lamborghini Urus Mileage Blocker for the Best Prices \u2713 Free Shipping \u2713 Incl. Installation Guides\" \/>\n<meta property=\"og:url\" content=\"https:\/\/kmblock.com\/de\/product\/lamborghini-urus\/\" \/>\n<meta property=\"og:site_name\" content=\"KM Block\" \/>\n<meta property=\"article:modified_time\" content=\"2025-11-10T10:52:16+00:00\" \/>\n<meta property=\"og:image\" content=\"https:\/\/kmblock.com\/wp-content\/uploads\/2024\/09\/Lamborghini-Urus.jpg\" \/>\n\t<meta property=\"og:image:width\" content=\"800\" \/>\n\t<meta property=\"og:image:height\" content=\"800\" \/>\n\t<meta property=\"og:image:type\" content=\"image\/jpeg\" \/>\n<meta name=\"twitter:card\" content=\"summary_large_image\" \/>\n<meta name=\"twitter:label1\" content=\"Gesch\u00e4tzte Lesezeit\" \/>\n\t<meta name=\"twitter:data1\" content=\"3\u00a0Minuten\" \/>\n<script type=\"application\/ld+json\" class=\"yoast-schema-graph\">{\"@context\":\"https:\\\/\\\/schema.org\",\"@graph\":[{\"@type\":\"WebPage\",\"@id\":\"https:\\\/\\\/kmblock.com\\\/de\\\/product\\\/lamborghini-urus\\\/\",\"url\":\"https:\\\/\\\/kmblock.com\\\/de\\\/product\\\/lamborghini-urus\\\/\",\"name\":\"Lamborghini Urus Mileage Blocker (KM stopper) \u2192 KM Block\",\"isPartOf\":{\"@id\":\"https:\\\/\\\/kmblock.com\\\/de\\\/#website\"},\"primaryImageOfPage\":{\"@id\":\"https:\\\/\\\/kmblock.com\\\/de\\\/product\\\/lamborghini-urus\\\/#primaryimage\"},\"image\":{\"@id\":\"https:\\\/\\\/kmblock.com\\\/de\\\/product\\\/lamborghini-urus\\\/#primaryimage\"},\"thumbnailUrl\":\"https:\\\/\\\/kmblock.com\\\/wp-content\\\/uploads\\\/2024\\\/09\\\/Lamborghini-Urus.jpg\",\"datePublished\":\"2024-09-21T17:58:22+00:00\",\"dateModified\":\"2025-11-10T10:52:16+00:00\",\"description\":\"Buy a Lamborghini Urus Mileage Blocker for the Best Prices \u2713 Free Shipping \u2713 Incl. Installation Guides\",\"breadcrumb\":{\"@id\":\"https:\\\/\\\/kmblock.com\\\/de\\\/product\\\/lamborghini-urus\\\/#breadcrumb\"},\"inLanguage\":\"de\",\"potentialAction\":[{\"@type\":\"ReadAction\",\"target\":[\"https:\\\/\\\/kmblock.com\\\/de\\\/product\\\/lamborghini-urus\\\/\"]}]},{\"@type\":\"ImageObject\",\"inLanguage\":\"de\",\"@id\":\"https:\\\/\\\/kmblock.com\\\/de\\\/product\\\/lamborghini-urus\\\/#primaryimage\",\"url\":\"https:\\\/\\\/kmblock.com\\\/wp-content\\\/uploads\\\/2024\\\/09\\\/Lamborghini-Urus.jpg\",\"contentUrl\":\"https:\\\/\\\/kmblock.com\\\/wp-content\\\/uploads\\\/2024\\\/09\\\/Lamborghini-Urus.jpg\",\"width\":800,\"height\":800,\"caption\":\"Lamborghini Urus\"},{\"@type\":\"BreadcrumbList\",\"@id\":\"https:\\\/\\\/kmblock.com\\\/de\\\/product\\\/lamborghini-urus\\\/#breadcrumb\",\"itemListElement\":[{\"@type\":\"ListItem\",\"position\":1,\"name\":\"Startseite\",\"item\":\"https:\\\/\\\/kmblock.com\\\/de\\\/\"},{\"@type\":\"ListItem\",\"position\":2,\"name\":\"Produkte\",\"item\":\"https:\\\/\\\/kmblock.com\\\/de\\\/shop\\\/\"},{\"@type\":\"ListItem\",\"position\":3,\"name\":\"Lamborghini Urus\"}]},{\"@type\":\"WebSite\",\"@id\":\"https:\\\/\\\/kmblock.com\\\/de\\\/#website\",\"url\":\"https:\\\/\\\/kmblock.com\\\/de\\\/\",\"name\":\"KM Block\",\"description\":\"\",\"publisher\":{\"@id\":\"https:\\\/\\\/kmblock.com\\\/de\\\/#organization\"},\"potentialAction\":[{\"@type\":\"SearchAction\",\"target\":{\"@type\":\"EntryPoint\",\"urlTemplate\":\"https:\\\/\\\/kmblock.com\\\/de\\\/?s={search_term_string}\"},\"query-input\":{\"@type\":\"PropertyValueSpecification\",\"valueRequired\":true,\"valueName\":\"search_term_string\"}}],\"inLanguage\":\"de\"},{\"@type\":\"Organization\",\"@id\":\"https:\\\/\\\/kmblock.com\\\/de\\\/#organization\",\"name\":\"KM-Block\",\"url\":\"https:\\\/\\\/kmblock.com\\\/de\\\/\",\"logo\":{\"@type\":\"ImageObject\",\"inLanguage\":\"de\",\"@id\":\"https:\\\/\\\/kmblock.com\\\/de\\\/#\\\/schema\\\/logo\\\/image\\\/\",\"url\":\"https:\\\/\\\/kmblock.com\\\/wp-content\\\/uploads\\\/2024\\\/08\\\/main-logo.png\",\"contentUrl\":\"https:\\\/\\\/kmblock.com\\\/wp-content\\\/uploads\\\/2024\\\/08\\\/main-logo.png\",\"width\":186,\"height\":28,\"caption\":\"KM-Block\"},\"image\":{\"@id\":\"https:\\\/\\\/kmblock.com\\\/de\\\/#\\\/schema\\\/logo\\\/image\\\/\"}}]}<\/script>\n<!-- \/ Yoast SEO plugin. -->","yoast_head_json":{"title":"Lamborghini Urus Mileage Blocker (KM stopper) \u2192 KM Block","description":"Buy a Lamborghini Urus Mileage Blocker for the Best Prices \u2713 Free Shipping \u2713 Incl. Installation Guides","robots":{"index":"index","follow":"follow","max-snippet":"max-snippet:-1","max-image-preview":"max-image-preview:large","max-video-preview":"max-video-preview:-1"},"og_locale":"de_DE","og_type":"article","og_title":"Lamborghini Urus Mileage Blocker (KM stopper) \u2192 KM Block","og_description":"Buy a Lamborghini Urus Mileage Blocker for the Best Prices \u2713 Free Shipping \u2713 Incl. Installation Guides","og_url":"https:\/\/kmblock.com\/de\/product\/lamborghini-urus\/","og_site_name":"KM Block","article_modified_time":"2025-11-10T10:52:16+00:00","og_image":[{"width":800,"height":800,"url":"https:\/\/kmblock.com\/wp-content\/uploads\/2024\/09\/Lamborghini-Urus.jpg","type":"image\/jpeg"}],"twitter_card":"summary_large_image","twitter_misc":{"Gesch\u00e4tzte Lesezeit":"3\u00a0Minuten"},"schema":{"@context":"https:\/\/schema.org","@graph":[{"@type":"WebPage","@id":"https:\/\/kmblock.com\/de\/product\/lamborghini-urus\/","url":"https:\/\/kmblock.com\/de\/product\/lamborghini-urus\/","name":"Lamborghini Urus Mileage Blocker (KM stopper) \u2192 KM Block","isPartOf":{"@id":"https:\/\/kmblock.com\/de\/#website"},"primaryImageOfPage":{"@id":"https:\/\/kmblock.com\/de\/product\/lamborghini-urus\/#primaryimage"},"image":{"@id":"https:\/\/kmblock.com\/de\/product\/lamborghini-urus\/#primaryimage"},"thumbnailUrl":"https:\/\/kmblock.com\/wp-content\/uploads\/2024\/09\/Lamborghini-Urus.jpg","datePublished":"2024-09-21T17:58:22+00:00","dateModified":"2025-11-10T10:52:16+00:00","description":"Buy a Lamborghini Urus Mileage Blocker for the Best Prices \u2713 Free Shipping \u2713 Incl. Installation Guides","breadcrumb":{"@id":"https:\/\/kmblock.com\/de\/product\/lamborghini-urus\/#breadcrumb"},"inLanguage":"de","potentialAction":[{"@type":"ReadAction","target":["https:\/\/kmblock.com\/de\/product\/lamborghini-urus\/"]}]},{"@type":"ImageObject","inLanguage":"de","@id":"https:\/\/kmblock.com\/de\/product\/lamborghini-urus\/#primaryimage","url":"https:\/\/kmblock.com\/wp-content\/uploads\/2024\/09\/Lamborghini-Urus.jpg","contentUrl":"https:\/\/kmblock.com\/wp-content\/uploads\/2024\/09\/Lamborghini-Urus.jpg","width":800,"height":800,"caption":"Lamborghini Urus"},{"@type":"BreadcrumbList","@id":"https:\/\/kmblock.com\/de\/product\/lamborghini-urus\/#breadcrumb","itemListElement":[{"@type":"ListItem","position":1,"name":"Startseite","item":"https:\/\/kmblock.com\/de\/"},{"@type":"ListItem","position":2,"name":"Produkte","item":"https:\/\/kmblock.com\/de\/shop\/"},{"@type":"ListItem","position":3,"name":"Lamborghini Urus"}]},{"@type":"WebSite","@id":"https:\/\/kmblock.com\/de\/#website","url":"https:\/\/kmblock.com\/de\/","name":"KM Block","description":"","publisher":{"@id":"https:\/\/kmblock.com\/de\/#organization"},"potentialAction":[{"@type":"SearchAction","target":{"@type":"EntryPoint","urlTemplate":"https:\/\/kmblock.com\/de\/?s={search_term_string}"},"query-input":{"@type":"PropertyValueSpecification","valueRequired":true,"valueName":"search_term_string"}}],"inLanguage":"de"},{"@type":"Organization","@id":"https:\/\/kmblock.com\/de\/#organization","name":"KM-Block","url":"https:\/\/kmblock.com\/de\/","logo":{"@type":"ImageObject","inLanguage":"de","@id":"https:\/\/kmblock.com\/de\/#\/schema\/logo\/image\/","url":"https:\/\/kmblock.com\/wp-content\/uploads\/2024\/08\/main-logo.png","contentUrl":"https:\/\/kmblock.com\/wp-content\/uploads\/2024\/08\/main-logo.png","width":186,"height":28,"caption":"KM-Block"},"image":{"@id":"https:\/\/kmblock.com\/de\/#\/schema\/logo\/image\/"}}]}},"_links":{"self":[{"href":"https:\/\/kmblock.com\/de\/wp-json\/wp\/v2\/product\/6426","targetHints":{"allow":["GET"]}}],"collection":[{"href":"https:\/\/kmblock.com\/de\/wp-json\/wp\/v2\/product"}],"about":[{"href":"https:\/\/kmblock.com\/de\/wp-json\/wp\/v2\/types\/product"}],"replies":[{"embeddable":true,"href":"https:\/\/kmblock.com\/de\/wp-json\/wp\/v2\/comments?post=6426"}],"wp:featuredmedia":[{"embeddable":true,"href":"https:\/\/kmblock.com\/de\/wp-json\/wp\/v2\/media\/796"}],"wp:attachment":[{"href":"https:\/\/kmblock.com\/de\/wp-json\/wp\/v2\/media?parent=6426"}],"wp:term":[{"taxonomy":"product_brand","embeddable":true,"href":"https:\/\/kmblock.com\/de\/wp-json\/wp\/v2\/product_brand?post=6426"},{"taxonomy":"product_cat","embeddable":true,"href":"https:\/\/kmblock.com\/de\/wp-json\/wp\/v2\/product_cat?post=6426"},{"taxonomy":"product_tag","embeddable":true,"href":"https:\/\/kmblock.com\/de\/wp-json\/wp\/v2\/product_tag?post=6426"}],"curies":[{"name":"wp","href":"https:\/\/api.w.org\/{rel}","templated":true}]}}