{"id":6405,"date":"2024-09-22T13:00:18","date_gmt":"2024-09-22T13:00:18","guid":{"rendered":"https:\/\/kmblock.com\/product\/land-rover-velar\/"},"modified":"2025-11-09T09:55:58","modified_gmt":"2025-11-09T09:55:58","slug":"land-rover-velar","status":"publish","type":"product","link":"https:\/\/kmblock.com\/de\/product\/land-rover-velar\/","title":{"rendered":"Land Rover Velar"},"content":{"rendered":"<div class=\"flex max-w-full flex-col flex-grow\">\n<div class=\"min-h-[20px] text-message flex w-full flex-col items-end gap-2 whitespace-normal break-words [.text-message+&amp;]:mt-5\" dir=\"auto\" data-message-author-role=\"assistant\" data-message-id=\"486fbb14-d9b0-4abf-8aac-69dd9ef3f888\">\n<div class=\"flex w-full flex-col gap-1 empty:hidden first:pt-[3px]\">\n<div class=\"markdown prose w-full break-words dark:prose-invert dark\">\n<div class=\"flex max-w-full flex-col flex-grow\">\n<div class=\"min-h-[20px] text-message flex w-full flex-col items-end gap-2 whitespace-normal break-words [.text-message+&amp;]:mt-5\" dir=\"auto\" data-message-author-role=\"assistant\" data-message-id=\"583787e4-ced2-4497-934b-fd13934d3b5f\">\n<div class=\"flex w-full flex-col gap-1 empty:hidden first:pt-[3px]\">\n<div class=\"markdown prose w-full break-words dark:prose-invert dark\">\n<h3>KILOMETERSTANDSBLOCKER F\u00dcR LAND ROVER VELAR<\/h3>\n<p>Der <strong>Land Rover Velar Mileage Blocker<\/strong> wird auch als Odometer Blocker, Odometer Stopper, Can Blocker, Mileage Stopper, Trip Odometer, Can Filter und gelegentlich auch als Mileage Correction Tool bezeichnet.<\/p>\n<p><strong>Kompatibilit\u00e4t<\/strong>: Dieses Ger\u00e4t ist f\u00fcr alle Land Rover Velar Modelle geeignet, die seit 2018 ver\u00f6ffentlicht wurden.<\/p>\n<hr>\n<h3>SPEZIFIKATIONEN<\/h3>\n<ul>\n<li><strong>DIY-Installation<\/strong>: Schnelle und einfache Installation ohne professionelle Hilfe.<\/li>\n<li><strong>In-Motion-Aktivierung<\/strong>: Kann w\u00e4hrend der Fahrt ein- und ausgeschaltet werden.<\/li>\n<li><strong>R\u00fcckstandsfreier Betrieb<\/strong>: Es ist kein L\u00f6ten oder Schneiden von Dr\u00e4hten erforderlich.<\/li>\n<li><strong>Hochwertige Komponenten<\/strong>: Mit hochwertigen Steckern und hitzebest\u00e4ndigen Kabeln.<\/li>\n<li><strong>Benutzerfreundlich<\/strong>: Mehrere Tastenkombinationen sorgen f\u00fcr eine einfache Bedienung.<\/li>\n<li><strong>Unsichtbar f\u00fcr Diagnoseger\u00e4te<\/strong>: \u00c4nderungen des Kilometerstandes k\u00f6nnen von Diagnosetestern nicht erkannt werden.<\/li>\n<li><strong>Permanente Einstellungen<\/strong>: Einmal ausgew\u00e4hlt, werden die Einstellungen auf unbestimmte Zeit gespeichert.<\/li>\n<li><strong>Tempomat-Funktionalit\u00e4t<\/strong>: Der Tempomat funktioniert nahtlos und ohne Unterbrechung.<\/li>\n<li><strong>Keine Fehlermeldungen<\/strong>: Der Tachometer und das Navigationspanel bleiben fehlerfrei.<\/li>\n<li><strong>Integrit\u00e4t des Kilometerstandes<\/strong>: Nach dem Ausbau des Moduls erh\u00f6ht sich der Kilometerstand nicht unerwartet.<\/li>\n<li><strong>Reibungslose Installation<\/strong>: Das Design des Steckers gew\u00e4hrleistet eine einfache Installation.<\/li>\n<li><strong>Abweichung beim Kilometerstand<\/strong>: Bei der \u00c4nderung des Gesamtkilometerstandes ist eine Abweichung von bis zu 1% zul\u00e4ssig, wobei es sich bei den Angaben zum gestoppten Kilometerstand um N\u00e4herungswerte handelt.<\/li>\n<\/ul>\n<hr>\n<h3>AKTIVIERUNG &amp; DEAKTIVIERUNG<\/h3>\n<p>Schalten Sie es ein, indem Sie die Stummschalttaste 7 Sekunden lang gedr\u00fcckt halten. Gibt kein Signal, ist aber eingeschaltet. <\/p>\n<p><strong>Modus Ein:<\/strong> z\u00e4hlt 0% der Meilen. Alles funktioniert ordnungsgem\u00e4\u00df. <\/p>\n<p><strong>Modus Aus:<\/strong> Z\u00e4hlt 100% der Laufleistung. Alles funktioniert gut&#8220; <\/p>\n<hr>\n<h3>\u00dcBER DEN LAND ROVER VELAR KILOMETERZ\u00c4HLER-BLOCKER<\/h3>\n<p>Der <strong>Land Rover Velar Mileage Blocker \/ Odometer Blocker<\/strong> wurde entwickelt, um die Ansammlung von Kilometern bei Leistungstests zu verhindern. Dieses bei KM Block erh\u00e4ltliche Modul verf\u00fcgt \u00fcber eine einzigartige, auf jedes Modell zugeschnittene Software, die einen einwandfreien Betrieb gew\u00e4hrleistet. Es funktioniert sowohl f\u00fcr Meilen als auch f\u00fcr Kilometer und f\u00fcr Diesel, Benziner, Plug-in-Hybrid-Elektrofahrzeuge (PHEVs) und Elektroautos.  <\/p>\n<p><strong>Wichtiger Hinweis<\/strong>: Wir verkaufen keine Tools zur Kilometerkorrektur f\u00fcr den Land Rover Velar, da diese f\u00fcr betr\u00fcgerische Zwecke gedacht sind, wie z.B. das Zur\u00fccksetzen des Kilometerz\u00e4hlers. Diese Tools k\u00f6nnen den Kilometerstand nicht vollst\u00e4ndig l\u00f6schen, da es mehrere Datenspeicher in den Fahrzeugen gibt. <\/p>\n<p>Unser Angebot an Mileage Stopper-Ger\u00e4ten ist vielf\u00e4ltig, und die Installation ist unkompliziert: Schlie\u00dfen Sie das Modul einfach zwischen dem Tachoanschluss und dem Kombiinstrument an, um von seinen Vorteilen zu profitieren.<\/p>\n<p>Der <strong>Land Rover Velar Mileage Blocker<\/strong> kann jederzeit aktiviert oder deaktiviert werden, egal ob das Fahrzeug in Bewegung ist oder steht.<\/p>\n<\/div>\n<\/div>\n<\/div>\n<\/div>\n<\/div>\n<\/div>\n<\/div>\n<\/div>\n","protected":false},"excerpt":{"rendered":"<div class=\"flex-shrink-0 flex flex-col relative items-end\">\n<div class=\"pt-0\">\n<div class=\"gizmo-bot-avatar flex h-8 w-8 items-center justify-center overflow-hidden rounded-full\">\n<div class=\"relative p-1 rounded-sm flex items-center justify-center bg-token-main-surface-primary text-token-text-primary h-8 w-8\">\n<p>Bevor Sie bestellen, lesen Sie bitte die folgenden wichtigen Details zur Aktivierung des Moduls, zu Fehlermeldungen und zur Funktionalit\u00e4t.<\/p>\n<p><strong>F\u00dcR MODELLE, DIE SEIT 2018 VER\u00d6FFENTLICHT WURDEN.<\/strong>  Einfach und leicht selbst zu installieren. Funktioniert, ohne Spuren zu hinterlassen. Kann w\u00e4hrend der Fahrt aktiviert werden. Tachometer und alle Assistenzsysteme funktionieren einwandfrei. Mit hochwertigen Steckern und hitzebest\u00e4ndigen Kabeln.    <\/p>\n<p class=\"p1\"><b> \u2705 Nahtlose Integration<\/b><b><\/b><\/p>\n<p class=\"p1\">\u2705<b> Einfache Installation<\/b><b><\/b><\/p>\n<p class=\"p1\">\u2705<b> Genaue Verwaltung des Kilometerstandes<\/b><b><\/b><\/p>\n<p class=\"p1\"><b> \u2705 Betrieb im Tarnkappenmodus<\/b><b><\/b><\/p>\n<p class=\"p1\"><span class=\"s1\">\u2705<\/span><b> Lebenslanger Support und Updates<\/b><\/p>\n<\/div>\n<\/div>\n<\/div>\n<\/div>\n","protected":false},"featured_media":820,"comment_status":"open","ping_status":"closed","template":"","meta":[],"product_brand":[],"product_cat":[683],"product_tag":[],"class_list":{"0":"post-6405","1":"product","2":"type-product","3":"status-publish","4":"has-post-thumbnail","6":"product_cat-land-rover","8":"first","9":"instock","10":"taxable","11":"shipping-taxable","12":"purchasable","13":"product-type-variable"},"yoast_head":"<!-- This site is optimized with the Yoast SEO plugin v27.5 - https:\/\/yoast.com\/product\/yoast-seo-wordpress\/ -->\n<title>Land Rover Velar Mileage Blocker (KM stopper) \u2192 KM Block<\/title>\n<meta name=\"description\" content=\"Buy a Land Rover Velar Mileage Blocker for the Best Prices \u2713 Free Shipping \u2713 Incl. Installation Guides\" \/>\n<meta name=\"robots\" content=\"index, follow, max-snippet:-1, max-image-preview:large, max-video-preview:-1\" \/>\n<meta property=\"og:locale\" content=\"de_DE\" \/>\n<meta property=\"og:type\" content=\"article\" \/>\n<meta property=\"og:title\" content=\"Land Rover Velar Mileage Blocker (KM stopper) \u2192 KM Block\" \/>\n<meta property=\"og:description\" content=\"Buy a Land Rover Velar Mileage Blocker for the Best Prices \u2713 Free Shipping \u2713 Incl. Installation Guides\" \/>\n<meta property=\"og:url\" content=\"https:\/\/kmblock.com\/de\/product\/land-rover-velar\/\" \/>\n<meta property=\"og:site_name\" content=\"KM Block\" \/>\n<meta property=\"article:modified_time\" content=\"2025-11-09T09:55:58+00:00\" \/>\n<meta property=\"og:image\" content=\"https:\/\/kmblock.com\/wp-content\/uploads\/2024\/09\/Land-Rover-Velar.webp\" \/>\n\t<meta property=\"og:image:width\" content=\"800\" \/>\n\t<meta property=\"og:image:height\" content=\"800\" \/>\n\t<meta property=\"og:image:type\" content=\"image\/webp\" \/>\n<meta name=\"twitter:card\" content=\"summary_large_image\" \/>\n<meta name=\"twitter:label1\" content=\"Gesch\u00e4tzte Lesezeit\" \/>\n\t<meta name=\"twitter:data1\" content=\"2\u00a0Minuten\" \/>\n<script type=\"application\/ld+json\" class=\"yoast-schema-graph\">{\"@context\":\"https:\\\/\\\/schema.org\",\"@graph\":[{\"@type\":\"WebPage\",\"@id\":\"https:\\\/\\\/kmblock.com\\\/de\\\/product\\\/land-rover-velar\\\/\",\"url\":\"https:\\\/\\\/kmblock.com\\\/de\\\/product\\\/land-rover-velar\\\/\",\"name\":\"Land Rover Velar Mileage Blocker (KM stopper) \u2192 KM Block\",\"isPartOf\":{\"@id\":\"https:\\\/\\\/kmblock.com\\\/de\\\/#website\"},\"primaryImageOfPage\":{\"@id\":\"https:\\\/\\\/kmblock.com\\\/de\\\/product\\\/land-rover-velar\\\/#primaryimage\"},\"image\":{\"@id\":\"https:\\\/\\\/kmblock.com\\\/de\\\/product\\\/land-rover-velar\\\/#primaryimage\"},\"thumbnailUrl\":\"https:\\\/\\\/kmblock.com\\\/wp-content\\\/uploads\\\/2024\\\/09\\\/Land-Rover-Velar.webp\",\"datePublished\":\"2024-09-22T13:00:18+00:00\",\"dateModified\":\"2025-11-09T09:55:58+00:00\",\"description\":\"Buy a Land Rover Velar Mileage Blocker for the Best Prices \u2713 Free Shipping \u2713 Incl. Installation Guides\",\"breadcrumb\":{\"@id\":\"https:\\\/\\\/kmblock.com\\\/de\\\/product\\\/land-rover-velar\\\/#breadcrumb\"},\"inLanguage\":\"de\",\"potentialAction\":[{\"@type\":\"ReadAction\",\"target\":[\"https:\\\/\\\/kmblock.com\\\/de\\\/product\\\/land-rover-velar\\\/\"]}]},{\"@type\":\"ImageObject\",\"inLanguage\":\"de\",\"@id\":\"https:\\\/\\\/kmblock.com\\\/de\\\/product\\\/land-rover-velar\\\/#primaryimage\",\"url\":\"https:\\\/\\\/kmblock.com\\\/wp-content\\\/uploads\\\/2024\\\/09\\\/Land-Rover-Velar.webp\",\"contentUrl\":\"https:\\\/\\\/kmblock.com\\\/wp-content\\\/uploads\\\/2024\\\/09\\\/Land-Rover-Velar.webp\",\"width\":800,\"height\":800,\"caption\":\"Land Rover Velar\"},{\"@type\":\"BreadcrumbList\",\"@id\":\"https:\\\/\\\/kmblock.com\\\/de\\\/product\\\/land-rover-velar\\\/#breadcrumb\",\"itemListElement\":[{\"@type\":\"ListItem\",\"position\":1,\"name\":\"Startseite\",\"item\":\"https:\\\/\\\/kmblock.com\\\/de\\\/\"},{\"@type\":\"ListItem\",\"position\":2,\"name\":\"Produkte\",\"item\":\"https:\\\/\\\/kmblock.com\\\/de\\\/shop\\\/\"},{\"@type\":\"ListItem\",\"position\":3,\"name\":\"Land Rover Velar\"}]},{\"@type\":\"WebSite\",\"@id\":\"https:\\\/\\\/kmblock.com\\\/de\\\/#website\",\"url\":\"https:\\\/\\\/kmblock.com\\\/de\\\/\",\"name\":\"KM Block\",\"description\":\"\",\"publisher\":{\"@id\":\"https:\\\/\\\/kmblock.com\\\/de\\\/#organization\"},\"potentialAction\":[{\"@type\":\"SearchAction\",\"target\":{\"@type\":\"EntryPoint\",\"urlTemplate\":\"https:\\\/\\\/kmblock.com\\\/de\\\/?s={search_term_string}\"},\"query-input\":{\"@type\":\"PropertyValueSpecification\",\"valueRequired\":true,\"valueName\":\"search_term_string\"}}],\"inLanguage\":\"de\"},{\"@type\":\"Organization\",\"@id\":\"https:\\\/\\\/kmblock.com\\\/de\\\/#organization\",\"name\":\"KM-Block\",\"url\":\"https:\\\/\\\/kmblock.com\\\/de\\\/\",\"logo\":{\"@type\":\"ImageObject\",\"inLanguage\":\"de\",\"@id\":\"https:\\\/\\\/kmblock.com\\\/de\\\/#\\\/schema\\\/logo\\\/image\\\/\",\"url\":\"https:\\\/\\\/kmblock.com\\\/wp-content\\\/uploads\\\/2024\\\/08\\\/main-logo.png\",\"contentUrl\":\"https:\\\/\\\/kmblock.com\\\/wp-content\\\/uploads\\\/2024\\\/08\\\/main-logo.png\",\"width\":186,\"height\":28,\"caption\":\"KM-Block\"},\"image\":{\"@id\":\"https:\\\/\\\/kmblock.com\\\/de\\\/#\\\/schema\\\/logo\\\/image\\\/\"}}]}<\/script>\n<!-- \/ Yoast SEO plugin. -->","yoast_head_json":{"title":"Land Rover Velar Mileage Blocker (KM stopper) \u2192 KM Block","description":"Buy a Land Rover Velar Mileage Blocker for the Best Prices \u2713 Free Shipping \u2713 Incl. Installation Guides","robots":{"index":"index","follow":"follow","max-snippet":"max-snippet:-1","max-image-preview":"max-image-preview:large","max-video-preview":"max-video-preview:-1"},"og_locale":"de_DE","og_type":"article","og_title":"Land Rover Velar Mileage Blocker (KM stopper) \u2192 KM Block","og_description":"Buy a Land Rover Velar Mileage Blocker for the Best Prices \u2713 Free Shipping \u2713 Incl. Installation Guides","og_url":"https:\/\/kmblock.com\/de\/product\/land-rover-velar\/","og_site_name":"KM Block","article_modified_time":"2025-11-09T09:55:58+00:00","og_image":[{"width":800,"height":800,"url":"https:\/\/kmblock.com\/wp-content\/uploads\/2024\/09\/Land-Rover-Velar.webp","type":"image\/webp"}],"twitter_card":"summary_large_image","twitter_misc":{"Gesch\u00e4tzte Lesezeit":"2\u00a0Minuten"},"schema":{"@context":"https:\/\/schema.org","@graph":[{"@type":"WebPage","@id":"https:\/\/kmblock.com\/de\/product\/land-rover-velar\/","url":"https:\/\/kmblock.com\/de\/product\/land-rover-velar\/","name":"Land Rover Velar Mileage Blocker (KM stopper) \u2192 KM Block","isPartOf":{"@id":"https:\/\/kmblock.com\/de\/#website"},"primaryImageOfPage":{"@id":"https:\/\/kmblock.com\/de\/product\/land-rover-velar\/#primaryimage"},"image":{"@id":"https:\/\/kmblock.com\/de\/product\/land-rover-velar\/#primaryimage"},"thumbnailUrl":"https:\/\/kmblock.com\/wp-content\/uploads\/2024\/09\/Land-Rover-Velar.webp","datePublished":"2024-09-22T13:00:18+00:00","dateModified":"2025-11-09T09:55:58+00:00","description":"Buy a Land Rover Velar Mileage Blocker for the Best Prices \u2713 Free Shipping \u2713 Incl. Installation Guides","breadcrumb":{"@id":"https:\/\/kmblock.com\/de\/product\/land-rover-velar\/#breadcrumb"},"inLanguage":"de","potentialAction":[{"@type":"ReadAction","target":["https:\/\/kmblock.com\/de\/product\/land-rover-velar\/"]}]},{"@type":"ImageObject","inLanguage":"de","@id":"https:\/\/kmblock.com\/de\/product\/land-rover-velar\/#primaryimage","url":"https:\/\/kmblock.com\/wp-content\/uploads\/2024\/09\/Land-Rover-Velar.webp","contentUrl":"https:\/\/kmblock.com\/wp-content\/uploads\/2024\/09\/Land-Rover-Velar.webp","width":800,"height":800,"caption":"Land Rover Velar"},{"@type":"BreadcrumbList","@id":"https:\/\/kmblock.com\/de\/product\/land-rover-velar\/#breadcrumb","itemListElement":[{"@type":"ListItem","position":1,"name":"Startseite","item":"https:\/\/kmblock.com\/de\/"},{"@type":"ListItem","position":2,"name":"Produkte","item":"https:\/\/kmblock.com\/de\/shop\/"},{"@type":"ListItem","position":3,"name":"Land Rover Velar"}]},{"@type":"WebSite","@id":"https:\/\/kmblock.com\/de\/#website","url":"https:\/\/kmblock.com\/de\/","name":"KM Block","description":"","publisher":{"@id":"https:\/\/kmblock.com\/de\/#organization"},"potentialAction":[{"@type":"SearchAction","target":{"@type":"EntryPoint","urlTemplate":"https:\/\/kmblock.com\/de\/?s={search_term_string}"},"query-input":{"@type":"PropertyValueSpecification","valueRequired":true,"valueName":"search_term_string"}}],"inLanguage":"de"},{"@type":"Organization","@id":"https:\/\/kmblock.com\/de\/#organization","name":"KM-Block","url":"https:\/\/kmblock.com\/de\/","logo":{"@type":"ImageObject","inLanguage":"de","@id":"https:\/\/kmblock.com\/de\/#\/schema\/logo\/image\/","url":"https:\/\/kmblock.com\/wp-content\/uploads\/2024\/08\/main-logo.png","contentUrl":"https:\/\/kmblock.com\/wp-content\/uploads\/2024\/08\/main-logo.png","width":186,"height":28,"caption":"KM-Block"},"image":{"@id":"https:\/\/kmblock.com\/de\/#\/schema\/logo\/image\/"}}]}},"_links":{"self":[{"href":"https:\/\/kmblock.com\/de\/wp-json\/wp\/v2\/product\/6405","targetHints":{"allow":["GET"]}}],"collection":[{"href":"https:\/\/kmblock.com\/de\/wp-json\/wp\/v2\/product"}],"about":[{"href":"https:\/\/kmblock.com\/de\/wp-json\/wp\/v2\/types\/product"}],"replies":[{"embeddable":true,"href":"https:\/\/kmblock.com\/de\/wp-json\/wp\/v2\/comments?post=6405"}],"wp:featuredmedia":[{"embeddable":true,"href":"https:\/\/kmblock.com\/de\/wp-json\/wp\/v2\/media\/820"}],"wp:attachment":[{"href":"https:\/\/kmblock.com\/de\/wp-json\/wp\/v2\/media?parent=6405"}],"wp:term":[{"taxonomy":"product_brand","embeddable":true,"href":"https:\/\/kmblock.com\/de\/wp-json\/wp\/v2\/product_brand?post=6405"},{"taxonomy":"product_cat","embeddable":true,"href":"https:\/\/kmblock.com\/de\/wp-json\/wp\/v2\/product_cat?post=6405"},{"taxonomy":"product_tag","embeddable":true,"href":"https:\/\/kmblock.com\/de\/wp-json\/wp\/v2\/product_tag?post=6405"}],"curies":[{"name":"wp","href":"https:\/\/api.w.org\/{rel}","templated":true}]}}