{"id":6404,"date":"2024-09-22T12:10:12","date_gmt":"2024-09-22T12:10:12","guid":{"rendered":"https:\/\/kmblock.com\/product\/land-rover-defender\/"},"modified":"2024-09-22T12:10:12","modified_gmt":"2024-09-22T12:10:12","slug":"land-rover-defender","status":"publish","type":"product","link":"https:\/\/kmblock.com\/de\/product\/land-rover-defender\/","title":{"rendered":"Land Rover Defender"},"content":{"rendered":"<div class=\"flex max-w-full flex-col flex-grow\">\n<div class=\"min-h-[20px] text-message flex w-full flex-col items-end gap-2 whitespace-normal break-words [.text-message+&amp;]:mt-5\" dir=\"auto\" data-message-author-role=\"assistant\" data-message-id=\"486fbb14-d9b0-4abf-8aac-69dd9ef3f888\">\n<div class=\"flex w-full flex-col gap-1 empty:hidden first:pt-[3px]\">\n<div class=\"markdown prose w-full break-words dark:prose-invert dark\">\n<div class=\"flex max-w-full flex-col flex-grow\">\n<div class=\"min-h-[20px] text-message flex w-full flex-col items-end gap-2 whitespace-normal break-words [.text-message+&amp;]:mt-5\" dir=\"auto\" data-message-author-role=\"assistant\" data-message-id=\"583787e4-ced2-4497-934b-fd13934d3b5f\">\n<div class=\"flex w-full flex-col gap-1 empty:hidden first:pt-[3px]\">\n<div class=\"markdown prose w-full break-words dark:prose-invert dark\">\n<h3>KILOMETERSTANDSBLOCKER F\u00dcR LAND ROVER DEFENDER<\/h3>\n<p>Der <strong>Land Rover Defender Mileage Blocker<\/strong>, auch bekannt als Odometer Blocker, Odometer Stopper oder Can Blocker, ist ein Hilfsmittel, das die Erfassung des Kilometerstandes bei Fahrzeugtests unterbindet.<\/p>\n<p><strong>Dieses Ger\u00e4t ist mit allen Land Rover Defender Modellen kompatibel, die ab 2020 auf den Markt kommen.<\/strong><\/p>\n<h3>SPEZIFIKATIONEN<\/h3>\n<ul>\n<li><strong>Einfache DIY-Installation:<\/strong> Schnelle Einrichtung ohne professionelle Hilfe.<\/li>\n<li><strong>Aktivierung w\u00e4hrend der Fahrt:<\/strong> Das Ger\u00e4t kann w\u00e4hrend der Fahrt ein- oder ausgeschaltet werden.<\/li>\n<li><strong>Keine Spuren hinterlassen:<\/strong> Sie m\u00fcssen weder l\u00f6ten noch Kabel abschneiden; schlie\u00dfen Sie es einfach an.<\/li>\n<li><strong>Erstklassige Ausf\u00fchrung:<\/strong> Ausgestattet mit hochwertigen Steckern und hitzebest\u00e4ndigen Kabeln.<\/li>\n<li><strong>Nicht nachweisbar durch Diagnostik:<\/strong> Diagnosetools k\u00f6nnen den ge\u00e4nderten Kilometerstand nicht erkennen.<\/li>\n<li><strong>Einstellungsspeicher:<\/strong> Einmal ausgew\u00e4hlt, bleiben die Einstellungen gespeichert, ohne dass eine Neukonfiguration erforderlich ist.<\/li>\n<li><strong>Kompatibilit\u00e4t mit dem Tempomat:<\/strong> Der Tempomat funktioniert nahtlos mit dem installierten Modul.<\/li>\n<li><strong>Keine Fehlermeldungen:<\/strong> Keine Warnleuchten oder Fehler auf dem Tachometer oder dem Navigationssystem.<\/li>\n<li><strong>Genauigkeit nach der Entnahme:<\/strong> Nach dem Entfernen des Ger\u00e4ts erh\u00f6ht sich der Kilometerstand nicht automatisch.<\/li>\n<li><strong>Nahtlose Integration:<\/strong> Der Tachometer und andere Assistenzsysteme funktionieren weiterhin perfekt.<\/li>\n<li><strong>Reibungslose Installation:<\/strong> Die Passfl\u00e4che und die Rillen am Stecker sorgen f\u00fcr eine m\u00fchelose Installation.<\/li>\n<li><strong>Genauigkeit:<\/strong> Der Kilometerstand kann je nach Nutzung eine leichte Abweichung von bis zu 1% aufweisen.<\/li>\n<\/ul>\n<div id=\"docs-editor-container\" dir=\"ltr\">\n<div id=\"docs-editor\" class=\"\">\n<div id=\"waffle-grid-container\" dir=\"ltr\">\n<div id=\"254576576-grid-container\" class=\"grid-container\" dir=\"ltr\">\n<div id=\"254576576-grid-table-container\">\n<div class=\"grid-table-container\"><strong>  Modi:<\/strong><\/div>\n<\/div>\n<\/div>\n<\/div>\n<\/div>\n<\/div>\n<div dir=\"ltr\">\n<div class=\"input-box\">\n<div id=\"waffle-rich-text-editor\" class=\"cell-input editable\" dir=\"ltr\" role=\"combobox\" aria-label=\"C8\">\n<p>Schalten Sie es ein, indem Sie die Stummschalttaste 7 Sekunden lang gedr\u00fcckt halten. Gibt kein Signal, ist aber eingeschaltet. <\/p>\n<p><strong>Modus Ein:<\/strong> z\u00e4hlt 0% der Meilen. Alles funktioniert ordnungsgem\u00e4\u00df. <\/p>\n<p><strong>Modus Aus:<\/strong> Z\u00e4hlt 100% der Laufleistung. Alles funktioniert gut&#8220; <\/p>\n<p>&nbsp;<\/p>\n<p>Schalten Sie das Fernlicht ein, indem Sie es 5 Mal schnell bet\u00e4tigen. Das Blinklicht blinkt. <\/p>\n<p><strong>Modus Ein:<\/strong> Blinker blinkt links. Z\u00e4hlt 0% der Meilen. Alles funktioniert ordnungsgem\u00e4\u00df.  <\/p>\n<p><strong>Modus Aus:<\/strong> Der Blinker blinkt nach rechts. Z\u00e4hlt 100% des Kilometerstands. Alles funktioniert gut  <\/p>\n<\/div>\n<\/div>\n<\/div>\n<hr>\n<h3>Was ist ein Land Rover Defender Kilometerz\u00e4hler-Blocker oder ein Werkzeug zur Korrektur des Kilometerstandes?<\/h3>\n<p>Der <strong>Land Rover Defender Mileage Blocker<\/strong> wird verwendet, um die Aufzeichnung des Kilometerstandes w\u00e4hrend Leistungstests zu stoppen. Das von KM Block entwickelte Ger\u00e4t ist mit einer pr\u00e4zisen, modellspezifischen Software ausgestattet, um einen reibungslosen Betrieb zu gew\u00e4hrleisten, unabh\u00e4ngig davon, ob Ihr Kilometerz\u00e4hler den Kilometerstand in Meilen oder Kilometern anzeigt. Das Ger\u00e4t ist vollst\u00e4ndig kompatibel mit Diesel-, Benzin-, Hybrid- (PHEV) und Elektromotoren.  <\/p>\n<p><strong>Bitte beachten Sie:<\/strong> Wir verkaufen keine Ger\u00e4te zur Kilometerkorrektur f\u00fcr betr\u00fcgerische Zwecke, wie z.B. das Zur\u00fccksetzen des Kilometerstandes. Ger\u00e4te zur Kilometerkorrektur k\u00f6nnen nur die auf dem Kilometerz\u00e4hler gespeicherten Werte \u00e4ndern, w\u00e4hrend moderne Autos mehrere Speichereinheiten enthalten, so dass es unm\u00f6glich ist, den aufgezeichneten Kilometerstand vollst\u00e4ndig umzukehren. <\/p>\n<hr>\n<p>KM Block bietet eine Reihe von <strong>Mileage Stopper-Ger\u00e4ten<\/strong> f\u00fcr verschiedene Fahrzeuge an. Die Installation ist unkompliziert und erfordert keine fortgeschrittenen technischen Kenntnisse. Schlie\u00dfen Sie das Ger\u00e4t einfach zwischen dem Tachoanschluss und dem Kombiinstrument an und genie\u00dfen Sie seine Vorteile.  <\/p>\n<p>Der <strong>Land Rover Defender Mileage Blocker<\/strong> kann jederzeit aktiviert oder deaktiviert werden, egal ob das Fahrzeug f\u00e4hrt oder steht.<\/p>\n<\/div>\n<\/div>\n<\/div>\n<\/div>\n<\/div>\n<\/div>\n<\/div>\n<\/div>\n","protected":false},"excerpt":{"rendered":"<div class=\"flex-shrink-0 flex flex-col relative items-end\">\n<div class=\"pt-0\">\n<div class=\"gizmo-bot-avatar flex h-8 w-8 items-center justify-center overflow-hidden rounded-full\">\n<div class=\"relative p-1 rounded-sm flex items-center justify-center bg-token-main-surface-primary text-token-text-primary h-8 w-8\">\n<p>Bevor Sie bestellen, lesen Sie bitte die folgenden wichtigen Details zur Aktivierung des Moduls, zu Fehlermeldungen und zur Funktionalit\u00e4t.<\/p>\n<p><strong>F\u00dcR LAND ROVER DEFENDER MODELLE AB 2020:<\/strong> Einfach und leicht ohne professionelle Hilfe zu installieren. Das Modul hinterl\u00e4sst nach dem Ausbau keine Spuren. Kann w\u00e4hrend der Fahrt aktiviert oder deaktiviert werden. Tachometer und alle Assistenzsysteme funktionieren weiterhin perfekt und ohne Unterbrechung. Hergestellt mit hochwertigen Steckern und hitzebest\u00e4ndigen Kabeln f\u00fcr lange Haltbarkeit.    <\/p>\n<p class=\"p1\"><b> \u2705 Nahtlose Integration<\/b><b><\/b><\/p>\n<p class=\"p1\">\u2705<b> Einfache Installation<\/b><b><\/b><\/p>\n<p class=\"p1\">\u2705<b> Genaue Verwaltung des Kilometerstandes<\/b><b><\/b><\/p>\n<p class=\"p1\"><b> \u2705 Betrieb im Tarnkappenmodus<\/b><b><\/b><\/p>\n<p class=\"p1\"><span class=\"s1\">\u2705<\/span><b> Lebenslanger Support und Updates<\/b><\/p>\n<\/div>\n<\/div>\n<\/div>\n<\/div>\n","protected":false},"featured_media":810,"comment_status":"open","ping_status":"closed","template":"","meta":[],"product_brand":[],"product_cat":[683],"product_tag":[],"class_list":{"0":"post-6404","1":"product","2":"type-product","3":"status-publish","4":"has-post-thumbnail","6":"product_cat-land-rover","8":"first","9":"instock","10":"taxable","11":"shipping-taxable","12":"purchasable","13":"product-type-variable"},"yoast_head":"<!-- This site is optimized with the Yoast SEO plugin v27.5 - https:\/\/yoast.com\/product\/yoast-seo-wordpress\/ -->\n<title>Land Rover Defender Mileage Blocker (KM stopper) \u2192 KM Block<\/title>\n<meta name=\"description\" content=\"Buy a Land Rover Defender Mileage Blocker for the Best Prices \u2713 Free Shipping \u2713 Incl. Installation Guides\" \/>\n<meta name=\"robots\" content=\"index, follow, max-snippet:-1, max-image-preview:large, max-video-preview:-1\" \/>\n<meta property=\"og:locale\" content=\"de_DE\" \/>\n<meta property=\"og:type\" content=\"article\" \/>\n<meta property=\"og:title\" content=\"Land Rover Defender Mileage Blocker (KM stopper) \u2192 KM Block\" \/>\n<meta property=\"og:description\" content=\"Buy a Land Rover Defender Mileage Blocker for the Best Prices \u2713 Free Shipping \u2713 Incl. Installation Guides\" \/>\n<meta property=\"og:url\" content=\"https:\/\/kmblock.com\/de\/product\/land-rover-defender\/\" \/>\n<meta property=\"og:site_name\" content=\"KM Block\" \/>\n<meta property=\"og:image\" content=\"https:\/\/kmblock.com\/wp-content\/uploads\/2024\/09\/Land-Rover-Defender.webp\" \/>\n\t<meta property=\"og:image:width\" content=\"800\" \/>\n\t<meta property=\"og:image:height\" content=\"800\" \/>\n\t<meta property=\"og:image:type\" content=\"image\/webp\" \/>\n<meta name=\"twitter:card\" content=\"summary_large_image\" \/>\n<meta name=\"twitter:label1\" content=\"Gesch\u00e4tzte Lesezeit\" \/>\n\t<meta name=\"twitter:data1\" content=\"2\u00a0Minuten\" \/>\n<script type=\"application\/ld+json\" class=\"yoast-schema-graph\">{\"@context\":\"https:\\\/\\\/schema.org\",\"@graph\":[{\"@type\":\"WebPage\",\"@id\":\"https:\\\/\\\/kmblock.com\\\/de\\\/product\\\/land-rover-defender\\\/\",\"url\":\"https:\\\/\\\/kmblock.com\\\/de\\\/product\\\/land-rover-defender\\\/\",\"name\":\"Land Rover Defender Mileage Blocker (KM stopper) \u2192 KM Block\",\"isPartOf\":{\"@id\":\"https:\\\/\\\/kmblock.com\\\/de\\\/#website\"},\"primaryImageOfPage\":{\"@id\":\"https:\\\/\\\/kmblock.com\\\/de\\\/product\\\/land-rover-defender\\\/#primaryimage\"},\"image\":{\"@id\":\"https:\\\/\\\/kmblock.com\\\/de\\\/product\\\/land-rover-defender\\\/#primaryimage\"},\"thumbnailUrl\":\"https:\\\/\\\/kmblock.com\\\/wp-content\\\/uploads\\\/2024\\\/09\\\/Land-Rover-Defender.webp\",\"datePublished\":\"2024-09-22T12:10:12+00:00\",\"description\":\"Buy a Land Rover Defender Mileage Blocker for the Best Prices \u2713 Free Shipping \u2713 Incl. Installation Guides\",\"breadcrumb\":{\"@id\":\"https:\\\/\\\/kmblock.com\\\/de\\\/product\\\/land-rover-defender\\\/#breadcrumb\"},\"inLanguage\":\"de\",\"potentialAction\":[{\"@type\":\"ReadAction\",\"target\":[\"https:\\\/\\\/kmblock.com\\\/de\\\/product\\\/land-rover-defender\\\/\"]}]},{\"@type\":\"ImageObject\",\"inLanguage\":\"de\",\"@id\":\"https:\\\/\\\/kmblock.com\\\/de\\\/product\\\/land-rover-defender\\\/#primaryimage\",\"url\":\"https:\\\/\\\/kmblock.com\\\/wp-content\\\/uploads\\\/2024\\\/09\\\/Land-Rover-Defender.webp\",\"contentUrl\":\"https:\\\/\\\/kmblock.com\\\/wp-content\\\/uploads\\\/2024\\\/09\\\/Land-Rover-Defender.webp\",\"width\":800,\"height\":800,\"caption\":\"Land Rover Defender\"},{\"@type\":\"BreadcrumbList\",\"@id\":\"https:\\\/\\\/kmblock.com\\\/de\\\/product\\\/land-rover-defender\\\/#breadcrumb\",\"itemListElement\":[{\"@type\":\"ListItem\",\"position\":1,\"name\":\"Startseite\",\"item\":\"https:\\\/\\\/kmblock.com\\\/de\\\/\"},{\"@type\":\"ListItem\",\"position\":2,\"name\":\"Produkte\",\"item\":\"https:\\\/\\\/kmblock.com\\\/de\\\/shop\\\/\"},{\"@type\":\"ListItem\",\"position\":3,\"name\":\"Land Rover Defender\"}]},{\"@type\":\"WebSite\",\"@id\":\"https:\\\/\\\/kmblock.com\\\/de\\\/#website\",\"url\":\"https:\\\/\\\/kmblock.com\\\/de\\\/\",\"name\":\"KM Block\",\"description\":\"\",\"publisher\":{\"@id\":\"https:\\\/\\\/kmblock.com\\\/de\\\/#organization\"},\"potentialAction\":[{\"@type\":\"SearchAction\",\"target\":{\"@type\":\"EntryPoint\",\"urlTemplate\":\"https:\\\/\\\/kmblock.com\\\/de\\\/?s={search_term_string}\"},\"query-input\":{\"@type\":\"PropertyValueSpecification\",\"valueRequired\":true,\"valueName\":\"search_term_string\"}}],\"inLanguage\":\"de\"},{\"@type\":\"Organization\",\"@id\":\"https:\\\/\\\/kmblock.com\\\/de\\\/#organization\",\"name\":\"KM-Block\",\"url\":\"https:\\\/\\\/kmblock.com\\\/de\\\/\",\"logo\":{\"@type\":\"ImageObject\",\"inLanguage\":\"de\",\"@id\":\"https:\\\/\\\/kmblock.com\\\/de\\\/#\\\/schema\\\/logo\\\/image\\\/\",\"url\":\"https:\\\/\\\/kmblock.com\\\/wp-content\\\/uploads\\\/2024\\\/08\\\/main-logo.png\",\"contentUrl\":\"https:\\\/\\\/kmblock.com\\\/wp-content\\\/uploads\\\/2024\\\/08\\\/main-logo.png\",\"width\":186,\"height\":28,\"caption\":\"KM-Block\"},\"image\":{\"@id\":\"https:\\\/\\\/kmblock.com\\\/de\\\/#\\\/schema\\\/logo\\\/image\\\/\"}}]}<\/script>\n<!-- \/ Yoast SEO plugin. -->","yoast_head_json":{"title":"Land Rover Defender Mileage Blocker (KM stopper) \u2192 KM Block","description":"Buy a Land Rover Defender Mileage Blocker for the Best Prices \u2713 Free Shipping \u2713 Incl. Installation Guides","robots":{"index":"index","follow":"follow","max-snippet":"max-snippet:-1","max-image-preview":"max-image-preview:large","max-video-preview":"max-video-preview:-1"},"og_locale":"de_DE","og_type":"article","og_title":"Land Rover Defender Mileage Blocker (KM stopper) \u2192 KM Block","og_description":"Buy a Land Rover Defender Mileage Blocker for the Best Prices \u2713 Free Shipping \u2713 Incl. Installation Guides","og_url":"https:\/\/kmblock.com\/de\/product\/land-rover-defender\/","og_site_name":"KM Block","og_image":[{"width":800,"height":800,"url":"https:\/\/kmblock.com\/wp-content\/uploads\/2024\/09\/Land-Rover-Defender.webp","type":"image\/webp"}],"twitter_card":"summary_large_image","twitter_misc":{"Gesch\u00e4tzte Lesezeit":"2\u00a0Minuten"},"schema":{"@context":"https:\/\/schema.org","@graph":[{"@type":"WebPage","@id":"https:\/\/kmblock.com\/de\/product\/land-rover-defender\/","url":"https:\/\/kmblock.com\/de\/product\/land-rover-defender\/","name":"Land Rover Defender Mileage Blocker (KM stopper) \u2192 KM Block","isPartOf":{"@id":"https:\/\/kmblock.com\/de\/#website"},"primaryImageOfPage":{"@id":"https:\/\/kmblock.com\/de\/product\/land-rover-defender\/#primaryimage"},"image":{"@id":"https:\/\/kmblock.com\/de\/product\/land-rover-defender\/#primaryimage"},"thumbnailUrl":"https:\/\/kmblock.com\/wp-content\/uploads\/2024\/09\/Land-Rover-Defender.webp","datePublished":"2024-09-22T12:10:12+00:00","description":"Buy a Land Rover Defender Mileage Blocker for the Best Prices \u2713 Free Shipping \u2713 Incl. Installation Guides","breadcrumb":{"@id":"https:\/\/kmblock.com\/de\/product\/land-rover-defender\/#breadcrumb"},"inLanguage":"de","potentialAction":[{"@type":"ReadAction","target":["https:\/\/kmblock.com\/de\/product\/land-rover-defender\/"]}]},{"@type":"ImageObject","inLanguage":"de","@id":"https:\/\/kmblock.com\/de\/product\/land-rover-defender\/#primaryimage","url":"https:\/\/kmblock.com\/wp-content\/uploads\/2024\/09\/Land-Rover-Defender.webp","contentUrl":"https:\/\/kmblock.com\/wp-content\/uploads\/2024\/09\/Land-Rover-Defender.webp","width":800,"height":800,"caption":"Land Rover Defender"},{"@type":"BreadcrumbList","@id":"https:\/\/kmblock.com\/de\/product\/land-rover-defender\/#breadcrumb","itemListElement":[{"@type":"ListItem","position":1,"name":"Startseite","item":"https:\/\/kmblock.com\/de\/"},{"@type":"ListItem","position":2,"name":"Produkte","item":"https:\/\/kmblock.com\/de\/shop\/"},{"@type":"ListItem","position":3,"name":"Land Rover Defender"}]},{"@type":"WebSite","@id":"https:\/\/kmblock.com\/de\/#website","url":"https:\/\/kmblock.com\/de\/","name":"KM Block","description":"","publisher":{"@id":"https:\/\/kmblock.com\/de\/#organization"},"potentialAction":[{"@type":"SearchAction","target":{"@type":"EntryPoint","urlTemplate":"https:\/\/kmblock.com\/de\/?s={search_term_string}"},"query-input":{"@type":"PropertyValueSpecification","valueRequired":true,"valueName":"search_term_string"}}],"inLanguage":"de"},{"@type":"Organization","@id":"https:\/\/kmblock.com\/de\/#organization","name":"KM-Block","url":"https:\/\/kmblock.com\/de\/","logo":{"@type":"ImageObject","inLanguage":"de","@id":"https:\/\/kmblock.com\/de\/#\/schema\/logo\/image\/","url":"https:\/\/kmblock.com\/wp-content\/uploads\/2024\/08\/main-logo.png","contentUrl":"https:\/\/kmblock.com\/wp-content\/uploads\/2024\/08\/main-logo.png","width":186,"height":28,"caption":"KM-Block"},"image":{"@id":"https:\/\/kmblock.com\/de\/#\/schema\/logo\/image\/"}}]}},"_links":{"self":[{"href":"https:\/\/kmblock.com\/de\/wp-json\/wp\/v2\/product\/6404","targetHints":{"allow":["GET"]}}],"collection":[{"href":"https:\/\/kmblock.com\/de\/wp-json\/wp\/v2\/product"}],"about":[{"href":"https:\/\/kmblock.com\/de\/wp-json\/wp\/v2\/types\/product"}],"replies":[{"embeddable":true,"href":"https:\/\/kmblock.com\/de\/wp-json\/wp\/v2\/comments?post=6404"}],"wp:featuredmedia":[{"embeddable":true,"href":"https:\/\/kmblock.com\/de\/wp-json\/wp\/v2\/media\/810"}],"wp:attachment":[{"href":"https:\/\/kmblock.com\/de\/wp-json\/wp\/v2\/media?parent=6404"}],"wp:term":[{"taxonomy":"product_brand","embeddable":true,"href":"https:\/\/kmblock.com\/de\/wp-json\/wp\/v2\/product_brand?post=6404"},{"taxonomy":"product_cat","embeddable":true,"href":"https:\/\/kmblock.com\/de\/wp-json\/wp\/v2\/product_cat?post=6404"},{"taxonomy":"product_tag","embeddable":true,"href":"https:\/\/kmblock.com\/de\/wp-json\/wp\/v2\/product_tag?post=6404"}],"curies":[{"name":"wp","href":"https:\/\/api.w.org\/{rel}","templated":true}]}}