{"id":6375,"date":"2024-09-22T12:13:19","date_gmt":"2024-09-22T12:13:19","guid":{"rendered":"https:\/\/kmblock.com\/product\/land-rover-discovery\/"},"modified":"2025-11-10T10:57:20","modified_gmt":"2025-11-10T10:57:20","slug":"land-rover-discovery","status":"publish","type":"product","link":"https:\/\/kmblock.com\/de\/product\/land-rover-discovery\/","title":{"rendered":"Land Rover Discovery"},"content":{"rendered":"<div class=\"flex max-w-full flex-col flex-grow\">\n<div class=\"min-h-[20px] text-message flex w-full flex-col items-end gap-2 whitespace-normal break-words [.text-message+&amp;]:mt-5\" dir=\"auto\" data-message-author-role=\"assistant\" data-message-id=\"486fbb14-d9b0-4abf-8aac-69dd9ef3f888\">\n<div class=\"flex w-full flex-col gap-1 empty:hidden first:pt-[3px]\">\n<div class=\"markdown prose w-full break-words dark:prose-invert dark\">\n<div class=\"flex max-w-full flex-col flex-grow\">\n<div class=\"min-h-[20px] text-message flex w-full flex-col items-end gap-2 whitespace-normal break-words [.text-message+&amp;]:mt-5\" dir=\"auto\" data-message-author-role=\"assistant\" data-message-id=\"583787e4-ced2-4497-934b-fd13934d3b5f\">\n<div class=\"flex w-full flex-col gap-1 empty:hidden first:pt-[3px]\">\n<div class=\"markdown prose w-full break-words dark:prose-invert dark\">\n<h3>KILOMETERSTAND-BLOCKER F\u00dcR LAND ROVER DISCOVERY<\/h3>\n<p>Der <strong>Land Rover Discovery Mileage Blocker<\/strong> ist auch bekannt als: Kilometerz\u00e4hler-Blocker, Kilometerz\u00e4hler-Stopper, Dosen-Blocker, Kilometerz\u00e4hler-Stopper, Dosen-Filter oder manchmal auch als Werkzeug zur Korrektur des Kilometerstandes.<\/p>\n<p><strong>DIESES GER\u00c4T IST F\u00dcR ALLE LAND ROVER DISCOVERY MODELLE GEEIGNET, DIE SEIT 2015 AUF DEN MARKT GEKOMMEN SIND.<\/strong><\/p>\n<hr>\n<h3>SPEZIFIKATIONEN:<\/h3>\n<ul>\n<li><strong>DIY-Installation<\/strong>: Einfache und schnelle Installation ohne professionelle Hilfe.<\/li>\n<li><strong>Unterwegs einschalten<\/strong>: Kann w\u00e4hrend der Fahrt ein- oder ausgeschaltet werden.<\/li>\n<li><strong>Hinterl\u00e4sst keine Spuren<\/strong>: Es ist kein L\u00f6ten oder Schneiden von Kabeln erforderlich, so dass nach dem Entfernen keine Spuren zur\u00fcckbleiben.<\/li>\n<li><strong>Erstklassige Qualit\u00e4t<\/strong>: Ausgestattet mit erstklassigen Steckern und hitzebest\u00e4ndigen Kabeln.<\/li>\n<li><strong>Einfach zu bedienen<\/strong>: Steuern Sie das Ger\u00e4t mit Tastenkombinationen.<\/li>\n<li><strong>Von der Diagnose nicht nachweisbar<\/strong>: Fahrzeugdiagnosetools k\u00f6nnen den durch den Mileage Stopper ver\u00e4nderten Kilometerstand nicht erkennen.<\/li>\n<li><strong>Dauerhafte Einstellungen<\/strong>: Die Einstellungen bleiben dauerhaft gespeichert.<\/li>\n<li><strong>Der Tempomat ist nicht beeintr\u00e4chtigt<\/strong>: Der Tempomat funktioniert weiterhin ohne Probleme.<\/li>\n<li><strong>Fehlerfrei<\/strong>: Keine Fehlermeldungen auf dem Tachometer oder dem Navigationssystem.<\/li>\n<li><strong>Keine spontane Erh\u00f6hung des Kilometerstandes<\/strong>: Nach dem Ausbau des Moduls bleibt der Kilometerstand unver\u00e4ndert.<\/li>\n<li><strong>Einwandfreier Tachometer und Assistenzsysteme<\/strong>: Alle Systeme arbeiten st\u00f6rungsfrei.<\/li>\n<li><strong>Reibungslose Installation<\/strong>: Passende Fl\u00e4chen und Rillen sorgen f\u00fcr eine m\u00fchelose Installation.<\/li>\n<li><strong>Geringe Abweichung<\/strong>: Das Ger\u00e4t erlaubt eine geringf\u00fcgige Abweichung von bis zu 1% beim Kilometerstand. N\u00e4herungswerte k\u00f6nnen aufgrund verschiedener Faktoren leicht variieren. <\/li>\n<\/ul>\n<hr>\n<h3>AKTIVIERUNG &amp; DEAKTIVIERUNG<\/h3>\n<ul>\n<li>Schalten Sie es ein, indem Sie die Stummschalttaste 7 Sekunden lang gedr\u00fcckt halten. Gibt kein Signal, ist aber eingeschaltet<strong>.Modus Ein:<\/strong> z\u00e4hlt 0% der Kilometer. Alles funktioniert einwandfrei<strong>.Modus Aus:<\/strong> Z\u00e4hlt 100% der Kilometer. Alles funktioniert einwandfrei&#8220;   <\/li>\n<li>Schalten Sie ein, indem Sie das Fernlicht 5 Mal schnell bet\u00e4tigen.<strong>Modus Ein:<\/strong> Der Blinker blinkt nach links. 0 % der Kilometer werden gez\u00e4hlt. Alles funktioniert einwandfrei<strong>.Modus Aus:<\/strong> Der Blinker blinkt nach rechts. Z\u00e4hlt 100% des Kilometerstands. Alles funktioniert einwandfrei     <\/li>\n<\/ul>\n<hr>\n<h3>Was ist der Land Rover Discovery Kilometerz\u00e4hler-Blocker oder das Tool zur Korrektur des Kilometerstandes?<\/h3>\n<p>Der <strong>Land Rover Discovery Mileage Blocker<\/strong> wurde entwickelt, um zu verhindern, dass der Kilometerstand bei Fahrzeugtests aufgezeichnet wird. Er wird von unseren Experten so programmiert, dass er f\u00fcr jedes Modell einwandfrei funktioniert. Egal, ob Ihr Fahrzeug den Kilometerstand in Meilen oder Kilometern aufzeichnet, das Tool funktioniert genauso effizient. Es funktioniert perfekt mit Diesel- und Benzinmotoren sowie mit Plug-in-Hybrid-Elektrofahrzeugen (PHEVs) und Elektrofahrzeugen.   <\/p>\n<p>Bitte beachten Sie, dass <strong>wir keine Tools zur Kilometerkorrektur verkaufen<\/strong>. Diese Tools werden f\u00fcr unethische Zwecke verwendet, z. B. um den Kilometerstand zur\u00fcckzudrehen, was von den Datenspeichern der Autos noch erkannt werden kann. Unser <strong>Mileage Stopper<\/strong> hingegen vermeidet diese Probleme und ist f\u00fcr legitime Testzwecke konzipiert.  <\/p>\n<hr>\n<p>Wir bieten eine Reihe von Mileage Stopper Ger\u00e4ten f\u00fcr verschiedene Fahrzeuge an. Der Einbau ist einfach und erfordert keine fortgeschrittenen Fahrzeugkenntnisse. Schlie\u00dfen Sie es einfach zwischen Tachometer und Kombiinstrument an, um von diesem fortschrittlichen Modul zu profitieren.  <\/p>\n<p>Der <strong>Land Rover Discovery Mileage Blocker<\/strong> kann jederzeit aktiviert oder deaktiviert werden, egal ob das Fahrzeug in Bewegung ist oder steht.<\/p>\n<\/div>\n<\/div>\n<\/div>\n<\/div>\n<\/div>\n<\/div>\n<\/div>\n<\/div>\n","protected":false},"excerpt":{"rendered":"<div class=\"flex-shrink-0 flex flex-col relative items-end\">\n<div class=\"pt-0\">\n<div class=\"gizmo-bot-avatar flex h-8 w-8 items-center justify-center overflow-hidden rounded-full\">\n<div class=\"relative p-1 rounded-sm flex items-center justify-center bg-token-main-surface-primary text-token-text-primary h-8 w-8\">\n<p>Bevor Sie bestellen, lesen Sie bitte die folgenden wichtigen Details zur Aktivierung des Moduls, zu Fehlermeldungen und zur Funktionalit\u00e4t.<\/p>\n<p><strong>F\u00dcR LAND ROVER DISCOVERY MODELLE, DIE SEIT 2015 ERSCHIENEN SIND:<\/strong> Vergewissern Sie sich, dass Sie die Produktauswahl vervollst\u00e4ndigen, um die richtige Option anhand der Bilder auszuw\u00e4hlen. Die neuesten Modelle sind nur mit den Optionen &#8222;langes Kabel&#8220; und &#8222;mit App&#8220; erh\u00e4ltlich. Das Produkt ist f\u00fcr eine einfache Installation zum Selbermachen konzipiert. Einmal installiert, funktioniert das Ger\u00e4t, ohne Spuren zu hinterlassen. Das Ger\u00e4t kann ein- und ausgeschaltet werden, auch wenn das Fahrzeug in Bewegung ist. Der Tachometer und alle Assistenzsysteme funktionieren weiterhin einwandfrei, wenn das Ger\u00e4t installiert ist. Ausgestattet mit qualitativ hochwertigen Steckern und hitzebest\u00e4ndigen Kabeln f\u00fcr eine zuverl\u00e4ssige Leistung.      <\/p>\n<p class=\"p1\"><b> \u2705 Nahtlose Integration<\/b><b><\/b><\/p>\n<p class=\"p1\">\u2705<b> Einfache Installation<\/b><b><\/b><\/p>\n<p class=\"p1\">\u2705<b> Genaue Verwaltung des Kilometerstandes<\/b><b><\/b><\/p>\n<p class=\"p1\"><b> \u2705 Betrieb im Tarnkappenmodus<\/b><b><\/b><\/p>\n<p class=\"p1\"><span class=\"s1\">\u2705<\/span><b> Lebenslanger Support und Updates<\/b><\/p>\n<\/div>\n<\/div>\n<\/div>\n<\/div>\n","protected":false},"featured_media":812,"comment_status":"open","ping_status":"closed","template":"","meta":[],"product_brand":[],"product_cat":[683],"product_tag":[],"class_list":{"0":"post-6375","1":"product","2":"type-product","3":"status-publish","4":"has-post-thumbnail","6":"product_cat-land-rover","8":"first","9":"instock","10":"taxable","11":"shipping-taxable","12":"purchasable","13":"product-type-variable"},"yoast_head":"<!-- This site is optimized with the Yoast SEO plugin v27.5 - https:\/\/yoast.com\/product\/yoast-seo-wordpress\/ -->\n<title>Land Rover Discovery Mileage Blocker (KM stopper) \u2192 KM Block<\/title>\n<meta name=\"description\" content=\"Buy a Land Rover Discovery Mileage Blocker for the Best Prices \u2713 Free Shipping \u2713 Incl. Installation Guides\" \/>\n<meta name=\"robots\" content=\"index, follow, max-snippet:-1, max-image-preview:large, max-video-preview:-1\" \/>\n<meta property=\"og:locale\" content=\"de_DE\" \/>\n<meta property=\"og:type\" content=\"article\" \/>\n<meta property=\"og:title\" content=\"Land Rover Discovery Mileage Blocker (KM stopper) \u2192 KM Block\" \/>\n<meta property=\"og:description\" content=\"Buy a Land Rover Discovery Mileage Blocker for the Best Prices \u2713 Free Shipping \u2713 Incl. Installation Guides\" \/>\n<meta property=\"og:url\" content=\"https:\/\/kmblock.com\/de\/product\/land-rover-discovery\/\" \/>\n<meta property=\"og:site_name\" content=\"KM Block\" \/>\n<meta property=\"article:modified_time\" content=\"2025-11-10T10:57:20+00:00\" \/>\n<meta property=\"og:image\" content=\"https:\/\/kmblock.com\/wp-content\/uploads\/2024\/09\/Land-Rover-Discovery-.jpg\" \/>\n\t<meta property=\"og:image:width\" content=\"800\" \/>\n\t<meta property=\"og:image:height\" content=\"800\" \/>\n\t<meta property=\"og:image:type\" content=\"image\/jpeg\" \/>\n<meta name=\"twitter:card\" content=\"summary_large_image\" \/>\n<meta name=\"twitter:label1\" content=\"Gesch\u00e4tzte Lesezeit\" \/>\n\t<meta name=\"twitter:data1\" content=\"2\u00a0Minuten\" \/>\n<script type=\"application\/ld+json\" class=\"yoast-schema-graph\">{\"@context\":\"https:\\\/\\\/schema.org\",\"@graph\":[{\"@type\":\"WebPage\",\"@id\":\"https:\\\/\\\/kmblock.com\\\/de\\\/product\\\/land-rover-discovery\\\/\",\"url\":\"https:\\\/\\\/kmblock.com\\\/de\\\/product\\\/land-rover-discovery\\\/\",\"name\":\"Land Rover Discovery Mileage Blocker (KM stopper) \u2192 KM Block\",\"isPartOf\":{\"@id\":\"https:\\\/\\\/kmblock.com\\\/de\\\/#website\"},\"primaryImageOfPage\":{\"@id\":\"https:\\\/\\\/kmblock.com\\\/de\\\/product\\\/land-rover-discovery\\\/#primaryimage\"},\"image\":{\"@id\":\"https:\\\/\\\/kmblock.com\\\/de\\\/product\\\/land-rover-discovery\\\/#primaryimage\"},\"thumbnailUrl\":\"https:\\\/\\\/kmblock.com\\\/wp-content\\\/uploads\\\/2024\\\/09\\\/Land-Rover-Discovery-.jpg\",\"datePublished\":\"2024-09-22T12:13:19+00:00\",\"dateModified\":\"2025-11-10T10:57:20+00:00\",\"description\":\"Buy a Land Rover Discovery Mileage Blocker for the Best Prices \u2713 Free Shipping \u2713 Incl. Installation Guides\",\"breadcrumb\":{\"@id\":\"https:\\\/\\\/kmblock.com\\\/de\\\/product\\\/land-rover-discovery\\\/#breadcrumb\"},\"inLanguage\":\"de\",\"potentialAction\":[{\"@type\":\"ReadAction\",\"target\":[\"https:\\\/\\\/kmblock.com\\\/de\\\/product\\\/land-rover-discovery\\\/\"]}]},{\"@type\":\"ImageObject\",\"inLanguage\":\"de\",\"@id\":\"https:\\\/\\\/kmblock.com\\\/de\\\/product\\\/land-rover-discovery\\\/#primaryimage\",\"url\":\"https:\\\/\\\/kmblock.com\\\/wp-content\\\/uploads\\\/2024\\\/09\\\/Land-Rover-Discovery-.jpg\",\"contentUrl\":\"https:\\\/\\\/kmblock.com\\\/wp-content\\\/uploads\\\/2024\\\/09\\\/Land-Rover-Discovery-.jpg\",\"width\":800,\"height\":800,\"caption\":\"Land Rover Discovery\"},{\"@type\":\"BreadcrumbList\",\"@id\":\"https:\\\/\\\/kmblock.com\\\/de\\\/product\\\/land-rover-discovery\\\/#breadcrumb\",\"itemListElement\":[{\"@type\":\"ListItem\",\"position\":1,\"name\":\"Startseite\",\"item\":\"https:\\\/\\\/kmblock.com\\\/de\\\/\"},{\"@type\":\"ListItem\",\"position\":2,\"name\":\"Produkte\",\"item\":\"https:\\\/\\\/kmblock.com\\\/de\\\/shop\\\/\"},{\"@type\":\"ListItem\",\"position\":3,\"name\":\"Land Rover Discovery\"}]},{\"@type\":\"WebSite\",\"@id\":\"https:\\\/\\\/kmblock.com\\\/de\\\/#website\",\"url\":\"https:\\\/\\\/kmblock.com\\\/de\\\/\",\"name\":\"KM Block\",\"description\":\"\",\"publisher\":{\"@id\":\"https:\\\/\\\/kmblock.com\\\/de\\\/#organization\"},\"potentialAction\":[{\"@type\":\"SearchAction\",\"target\":{\"@type\":\"EntryPoint\",\"urlTemplate\":\"https:\\\/\\\/kmblock.com\\\/de\\\/?s={search_term_string}\"},\"query-input\":{\"@type\":\"PropertyValueSpecification\",\"valueRequired\":true,\"valueName\":\"search_term_string\"}}],\"inLanguage\":\"de\"},{\"@type\":\"Organization\",\"@id\":\"https:\\\/\\\/kmblock.com\\\/de\\\/#organization\",\"name\":\"KM-Block\",\"url\":\"https:\\\/\\\/kmblock.com\\\/de\\\/\",\"logo\":{\"@type\":\"ImageObject\",\"inLanguage\":\"de\",\"@id\":\"https:\\\/\\\/kmblock.com\\\/de\\\/#\\\/schema\\\/logo\\\/image\\\/\",\"url\":\"https:\\\/\\\/kmblock.com\\\/wp-content\\\/uploads\\\/2024\\\/08\\\/main-logo.png\",\"contentUrl\":\"https:\\\/\\\/kmblock.com\\\/wp-content\\\/uploads\\\/2024\\\/08\\\/main-logo.png\",\"width\":186,\"height\":28,\"caption\":\"KM-Block\"},\"image\":{\"@id\":\"https:\\\/\\\/kmblock.com\\\/de\\\/#\\\/schema\\\/logo\\\/image\\\/\"}}]}<\/script>\n<!-- \/ Yoast SEO plugin. -->","yoast_head_json":{"title":"Land Rover Discovery Mileage Blocker (KM stopper) \u2192 KM Block","description":"Buy a Land Rover Discovery Mileage Blocker for the Best Prices \u2713 Free Shipping \u2713 Incl. Installation Guides","robots":{"index":"index","follow":"follow","max-snippet":"max-snippet:-1","max-image-preview":"max-image-preview:large","max-video-preview":"max-video-preview:-1"},"og_locale":"de_DE","og_type":"article","og_title":"Land Rover Discovery Mileage Blocker (KM stopper) \u2192 KM Block","og_description":"Buy a Land Rover Discovery Mileage Blocker for the Best Prices \u2713 Free Shipping \u2713 Incl. Installation Guides","og_url":"https:\/\/kmblock.com\/de\/product\/land-rover-discovery\/","og_site_name":"KM Block","article_modified_time":"2025-11-10T10:57:20+00:00","og_image":[{"width":800,"height":800,"url":"https:\/\/kmblock.com\/wp-content\/uploads\/2024\/09\/Land-Rover-Discovery-.jpg","type":"image\/jpeg"}],"twitter_card":"summary_large_image","twitter_misc":{"Gesch\u00e4tzte Lesezeit":"2\u00a0Minuten"},"schema":{"@context":"https:\/\/schema.org","@graph":[{"@type":"WebPage","@id":"https:\/\/kmblock.com\/de\/product\/land-rover-discovery\/","url":"https:\/\/kmblock.com\/de\/product\/land-rover-discovery\/","name":"Land Rover Discovery Mileage Blocker (KM stopper) \u2192 KM Block","isPartOf":{"@id":"https:\/\/kmblock.com\/de\/#website"},"primaryImageOfPage":{"@id":"https:\/\/kmblock.com\/de\/product\/land-rover-discovery\/#primaryimage"},"image":{"@id":"https:\/\/kmblock.com\/de\/product\/land-rover-discovery\/#primaryimage"},"thumbnailUrl":"https:\/\/kmblock.com\/wp-content\/uploads\/2024\/09\/Land-Rover-Discovery-.jpg","datePublished":"2024-09-22T12:13:19+00:00","dateModified":"2025-11-10T10:57:20+00:00","description":"Buy a Land Rover Discovery Mileage Blocker for the Best Prices \u2713 Free Shipping \u2713 Incl. Installation Guides","breadcrumb":{"@id":"https:\/\/kmblock.com\/de\/product\/land-rover-discovery\/#breadcrumb"},"inLanguage":"de","potentialAction":[{"@type":"ReadAction","target":["https:\/\/kmblock.com\/de\/product\/land-rover-discovery\/"]}]},{"@type":"ImageObject","inLanguage":"de","@id":"https:\/\/kmblock.com\/de\/product\/land-rover-discovery\/#primaryimage","url":"https:\/\/kmblock.com\/wp-content\/uploads\/2024\/09\/Land-Rover-Discovery-.jpg","contentUrl":"https:\/\/kmblock.com\/wp-content\/uploads\/2024\/09\/Land-Rover-Discovery-.jpg","width":800,"height":800,"caption":"Land Rover Discovery"},{"@type":"BreadcrumbList","@id":"https:\/\/kmblock.com\/de\/product\/land-rover-discovery\/#breadcrumb","itemListElement":[{"@type":"ListItem","position":1,"name":"Startseite","item":"https:\/\/kmblock.com\/de\/"},{"@type":"ListItem","position":2,"name":"Produkte","item":"https:\/\/kmblock.com\/de\/shop\/"},{"@type":"ListItem","position":3,"name":"Land Rover Discovery"}]},{"@type":"WebSite","@id":"https:\/\/kmblock.com\/de\/#website","url":"https:\/\/kmblock.com\/de\/","name":"KM Block","description":"","publisher":{"@id":"https:\/\/kmblock.com\/de\/#organization"},"potentialAction":[{"@type":"SearchAction","target":{"@type":"EntryPoint","urlTemplate":"https:\/\/kmblock.com\/de\/?s={search_term_string}"},"query-input":{"@type":"PropertyValueSpecification","valueRequired":true,"valueName":"search_term_string"}}],"inLanguage":"de"},{"@type":"Organization","@id":"https:\/\/kmblock.com\/de\/#organization","name":"KM-Block","url":"https:\/\/kmblock.com\/de\/","logo":{"@type":"ImageObject","inLanguage":"de","@id":"https:\/\/kmblock.com\/de\/#\/schema\/logo\/image\/","url":"https:\/\/kmblock.com\/wp-content\/uploads\/2024\/08\/main-logo.png","contentUrl":"https:\/\/kmblock.com\/wp-content\/uploads\/2024\/08\/main-logo.png","width":186,"height":28,"caption":"KM-Block"},"image":{"@id":"https:\/\/kmblock.com\/de\/#\/schema\/logo\/image\/"}}]}},"_links":{"self":[{"href":"https:\/\/kmblock.com\/de\/wp-json\/wp\/v2\/product\/6375","targetHints":{"allow":["GET"]}}],"collection":[{"href":"https:\/\/kmblock.com\/de\/wp-json\/wp\/v2\/product"}],"about":[{"href":"https:\/\/kmblock.com\/de\/wp-json\/wp\/v2\/types\/product"}],"replies":[{"embeddable":true,"href":"https:\/\/kmblock.com\/de\/wp-json\/wp\/v2\/comments?post=6375"}],"wp:featuredmedia":[{"embeddable":true,"href":"https:\/\/kmblock.com\/de\/wp-json\/wp\/v2\/media\/812"}],"wp:attachment":[{"href":"https:\/\/kmblock.com\/de\/wp-json\/wp\/v2\/media?parent=6375"}],"wp:term":[{"taxonomy":"product_brand","embeddable":true,"href":"https:\/\/kmblock.com\/de\/wp-json\/wp\/v2\/product_brand?post=6375"},{"taxonomy":"product_cat","embeddable":true,"href":"https:\/\/kmblock.com\/de\/wp-json\/wp\/v2\/product_cat?post=6375"},{"taxonomy":"product_tag","embeddable":true,"href":"https:\/\/kmblock.com\/de\/wp-json\/wp\/v2\/product_tag?post=6375"}],"curies":[{"name":"wp","href":"https:\/\/api.w.org\/{rel}","templated":true}]}}