{"id":6343,"date":"2024-09-22T13:11:41","date_gmt":"2024-09-22T13:11:41","guid":{"rendered":"https:\/\/kmblock.com\/product\/porsche-718-boxster-typ-982\/"},"modified":"2025-11-09T09:42:21","modified_gmt":"2025-11-09T09:42:21","slug":"porsche-718-boxster-typ-982","status":"publish","type":"product","link":"https:\/\/kmblock.com\/de\/product\/porsche-718-boxster-typ-982\/","title":{"rendered":"Porsche 718 Boxster Typ 982"},"content":{"rendered":"<div class=\"flex max-w-full flex-col flex-grow\">\n<div class=\"min-h-[20px] text-message flex w-full flex-col items-end gap-2 whitespace-normal break-words [.text-message+&amp;]:mt-5\" dir=\"auto\" data-message-author-role=\"assistant\" data-message-id=\"486fbb14-d9b0-4abf-8aac-69dd9ef3f888\">\n<div class=\"flex w-full flex-col gap-1 empty:hidden first:pt-[3px]\">\n<div class=\"markdown prose w-full break-words dark:prose-invert dark\">\n<div class=\"flex max-w-full flex-col flex-grow\">\n<div class=\"min-h-[20px] text-message flex w-full flex-col items-end gap-2 whitespace-normal break-words [.text-message+&amp;]:mt-5\" dir=\"auto\" data-message-author-role=\"assistant\" data-message-id=\"583787e4-ced2-4497-934b-fd13934d3b5f\">\n<div class=\"flex w-full flex-col gap-1 empty:hidden first:pt-[3px]\">\n<div class=\"markdown prose w-full break-words dark:prose-invert dark\">\n<h3>KILOMETERSTANDSBLOCKER F\u00dcR PORSCHE 718 BOXSTER TYP 982<\/h3>\n<p>Der Porsche 718 Boxster Typ 982 Mileage Blocker ist auch unter verschiedenen Namen bekannt, darunter Odometer Blocker, Odometer Stopper, Can Blocker, Mileage Stopper, Trip Odometer und Mileage Correction Tool.<\/p>\n<p><strong>Kompatibilit\u00e4t<\/strong><br \/>\nDieses Ger\u00e4t ist f\u00fcr alle Porsche 718, 719 und 721 Boxster Typ 982 Modelle geeignet, die seit 2016 auf den Markt gekommen sind.<\/p>\n<h3>Spezifikationen<\/h3>\n<ul>\n<li><strong>Schnelle DIY-Installation<\/strong>: Sie m\u00fcssen keine ECUs \u00f6ffnen.<\/li>\n<li><strong>In-Motion-Aktivierung<\/strong>: Kann w\u00e4hrend der Fahrt ein- und ausgeschaltet werden.<\/li>\n<li><strong>Mehrere Modi<\/strong>: W\u00e4hlen Sie aus verschiedenen Einstellungen.<\/li>\n<li><strong>Fehlerfreier Betrieb<\/strong>: Es erscheinen keine Fehlermeldungen auf dem Tachometer oder dem Navigationspanel.<\/li>\n<li><strong>R\u00fcckstandsfreie Installation<\/strong>: Kein L\u00f6ten oder Schneiden von Kabeln erforderlich.<\/li>\n<li><strong>Dauerhafte Einstellungen<\/strong>: Wenn Sie diese Option w\u00e4hlen, werden die Einstellungen bedingungslos gespeichert.<\/li>\n<li><strong>Nicht nachweisbare Ver\u00e4nderungen<\/strong>: Diagnosetester k\u00f6nnen die vom Mileage Stopper vorgenommenen \u00c4nderungen nicht erkennen.<\/li>\n<li><strong>Reibungslose Installation<\/strong>: Die Verbindungsfl\u00e4che und die Rillen am Stecker sorgen f\u00fcr eine problemlose Installation.<\/li>\n<li><strong>Hochwertige Komponenten<\/strong>: Mit hochwertigen Steckern und hitzebest\u00e4ndigen Kabeln.<\/li>\n<li><strong>Benutzerfreundlich<\/strong>: Einfach mit Tastenkombinationen zu bedienen.<\/li>\n<li><strong>Stabilit\u00e4t des Kilometerstandes<\/strong>: Nach dem Ausbau des Moduls erh\u00f6ht sich der Kilometerstand nicht spontan.<\/li>\n<li><strong>Abweichung zulassen<\/strong>: Modi, die den Kilometerstand ver\u00e4ndern, haben eine Abweichung von bis zu 1% der gefahrenen Strecke. Die Angaben zum gestoppten Kilometerstand sind ungef\u00e4hre Angaben und k\u00f6nnen leicht variieren. <\/li>\n<\/ul>\n<h3>Aktivierung &amp; Deaktivierung<\/h3>\n<p>Aktivieren&#8220;, indem Sie beide &#8218;Return-Tasten&#8216; gleichzeitig dr\u00fccken.<\/p>\n<p><strong>Modus Ein:<\/strong> beide blinken einmal. Z\u00e4hlt 0% der Meilen. Alles funktioniert ordnungsgem\u00e4\u00df.  <\/p>\n<p><strong>Modus Aus:<\/strong> beide Blinker blinken einmal. Z\u00e4hlt 100% der Kilometer. Alles funktioniert ordnungsgem\u00e4\u00df.&#8220;  <\/p>\n<h3>Was ist der Porsche 718 Boxster Typ 982 Kilometerz\u00e4hler-Blocker oder das Werkzeug zur Korrektur des Kilometerstandes?<\/h3>\n<p>Der Porsche 718 \/ 719 \/ 721 Boxster Typ 982 Mileage Blocker \/ Odometer Blocker wurde entwickelt, um die Kilometerz\u00e4hlung zu unterbrechen, w\u00e4hrend Sie die Leistung Ihres Fahrzeugs testen. Bei KM Block k\u00f6nnen Sie ein speziell f\u00fcr Ihr Fahrzeug entwickeltes Modul erwerben. Unsere Software ist darauf zugeschnitten, einen einwandfreien Betrieb zu gew\u00e4hrleisten, unabh\u00e4ngig davon, ob Ihr digitaler Kilometerz\u00e4hler in Meilen oder Kilometern misst.  <\/p>\n<p>Bitte beachten Sie, dass wir keine Tools zur Kilometerkorrektur f\u00fcr den Porsche 718 \/ 719 \/ 721 Boxster Typ 982 verkaufen, da diese f\u00fcr betr\u00fcgerische Zwecke gedacht sind und nur den Kilometerstand vom Kilometerz\u00e4hler entfernen k\u00f6nnen. Normalerweise werden sie verwendet, um die zur\u00fcckgelegte Strecke zu korrigieren, aber moderne Fahrzeuge enthalten mehrere Datenspeicher, so dass es f\u00fcr Rollback-Tools schwierig ist, den Kilometerstand vollst\u00e4ndig zu l\u00f6schen. <\/p>\n<p>Entdecken Sie auf unserer Website unser breites Angebot an Mileage Stopper-Ger\u00e4ten f\u00fcr verschiedene Fahrzeuge. Der Mileage Blocker ist mit Diesel- und Benzinmotoren sowie mit Plug-in-Hybrid-Elektrofahrzeugen (PHEVs) und Elektroautos kompatibel. F\u00fcr die Installation sind keine speziellen Kenntnisse erforderlich. Schlie\u00dfen Sie ihn einfach zwischen dem Tachoanschluss und dem Kombiinstrument an, um alle Vorteile des Moduls zu nutzen.  <\/p>\n<p>Der Porsche 718 \/ 719 \/ 721 Boxster Typ 982 Mileage Blocker kann jederzeit aktiviert oder deaktiviert werden, egal ob das Fahrzeug f\u00e4hrt oder steht.<\/p>\n<\/div>\n<\/div>\n<\/div>\n<\/div>\n<\/div>\n<\/div>\n<\/div>\n<\/div>\n","protected":false},"excerpt":{"rendered":"<div class=\"flex-shrink-0 flex flex-col relative items-end\">\n<div class=\"pt-0\">\n<div class=\"gizmo-bot-avatar flex h-8 w-8 items-center justify-center overflow-hidden rounded-full\">\n<div class=\"relative p-1 rounded-sm flex items-center justify-center bg-token-main-surface-primary text-token-text-primary h-8 w-8\">\n<p>Bevor Sie bestellen, lesen Sie bitte die folgenden wichtigen Details zur Aktivierung des Moduls, zu Fehlermeldungen und zur Funktionalit\u00e4t.<\/p>\n<div class=\"flex max-w-full flex-col flex-grow\">\n<div class=\"min-h-[20px] text-message flex w-full flex-col items-end gap-2 whitespace-normal break-words [.text-message+&amp;]:mt-5\" dir=\"auto\" data-message-author-role=\"assistant\" data-message-id=\"fa49fe5c-62a3-4d02-842e-7a1021d9fec1\">\n<div class=\"flex w-full flex-col gap-1 empty:hidden first:pt-[3px]\">\n<div class=\"markdown prose w-full break-words dark:prose-invert dark\">\n<p><strong>F\u00dcR MODELLE, DIE SEIT 2016 VER\u00d6FFENTLICHT WURDEN.  <\/strong>Die Assistenzsysteme funktionieren nicht, w\u00e4hrend die Geschwindigkeitsanzeige je nach gew\u00e4hltem Modus arbeitet. Einfache Do-it-yourself-Installation. Kann w\u00e4hrend der Fahrt aktiviert werden. Mit hochwertigen Steckern und hitzebest\u00e4ndigen Kabeln.   <\/p>\n<p class=\"p1\"><b> \u2705 Nahtlose Integration<\/b><b><\/b><\/p>\n<p class=\"p1\">\u2705<b> Einfache Installation<\/b><b><\/b><\/p>\n<p class=\"p1\">\u2705<b> Genaue Verwaltung des Kilometerstandes<\/b><b><\/b><\/p>\n<p class=\"p1\"><b> \u2705 Betrieb im Tarnkappenmodus<\/b><b><\/b><\/p>\n<p class=\"p1\"><span class=\"s1\">\u2705<\/span><b> Lebenslanger Support und Updates<\/b><\/p>\n<p>&nbsp;<\/p>\n<\/div>\n<\/div>\n<\/div>\n<\/div>\n<div class=\"mb-2 flex gap-3 empty:hidden -ml-2\">\n<div class=\"items-center justify-start rounded-xl p-1 flex\"><\/div>\n<\/div>\n<\/div>\n<\/div>\n<\/div>\n<\/div>\n","protected":false},"featured_media":824,"comment_status":"open","ping_status":"closed","template":"","meta":[],"product_brand":[],"product_cat":[662],"product_tag":[],"class_list":{"0":"post-6343","1":"product","2":"type-product","3":"status-publish","4":"has-post-thumbnail","6":"product_cat-porsche","8":"first","9":"instock","10":"taxable","11":"shipping-taxable","12":"purchasable","13":"product-type-variable"},"yoast_head":"<!-- This site is optimized with the Yoast SEO plugin v27.5 - https:\/\/yoast.com\/product\/yoast-seo-wordpress\/ -->\n<title>Porsche 718 Boxster Typ 982 Mileage Blocker (KM stopper) \u2192 KM Block<\/title>\n<meta name=\"description\" content=\"Buy a Porsche 718 Boxster Typ 982 Mileage Blocker for the Best Prices \u2713 Free Shipping \u2713 Incl. Installation Guides\" \/>\n<meta name=\"robots\" content=\"index, follow, max-snippet:-1, max-image-preview:large, max-video-preview:-1\" \/>\n<meta property=\"og:locale\" content=\"de_DE\" \/>\n<meta property=\"og:type\" content=\"article\" \/>\n<meta property=\"og:title\" content=\"Porsche 718 Boxster Typ 982 Mileage Blocker (KM stopper) \u2192 KM Block\" \/>\n<meta property=\"og:description\" content=\"Buy a Porsche 718 Boxster Typ 982 Mileage Blocker for the Best Prices \u2713 Free Shipping \u2713 Incl. Installation Guides\" \/>\n<meta property=\"og:url\" content=\"https:\/\/kmblock.com\/de\/product\/porsche-718-boxster-typ-982\/\" \/>\n<meta property=\"og:site_name\" content=\"KM Block\" \/>\n<meta property=\"article:modified_time\" content=\"2025-11-09T09:42:21+00:00\" \/>\n<meta property=\"og:image\" content=\"https:\/\/kmblock.com\/wp-content\/uploads\/2024\/09\/Porsche-718-Boxster-Type-982.jpg\" \/>\n\t<meta property=\"og:image:width\" content=\"800\" \/>\n\t<meta property=\"og:image:height\" content=\"800\" \/>\n\t<meta property=\"og:image:type\" content=\"image\/jpeg\" \/>\n<meta name=\"twitter:card\" content=\"summary_large_image\" \/>\n<meta name=\"twitter:label1\" content=\"Gesch\u00e4tzte Lesezeit\" \/>\n\t<meta name=\"twitter:data1\" content=\"2\u00a0Minuten\" \/>\n<script type=\"application\/ld+json\" class=\"yoast-schema-graph\">{\"@context\":\"https:\\\/\\\/schema.org\",\"@graph\":[{\"@type\":\"WebPage\",\"@id\":\"https:\\\/\\\/kmblock.com\\\/de\\\/product\\\/porsche-718-boxster-typ-982\\\/\",\"url\":\"https:\\\/\\\/kmblock.com\\\/de\\\/product\\\/porsche-718-boxster-typ-982\\\/\",\"name\":\"Porsche 718 Boxster Typ 982 Mileage Blocker (KM stopper) \u2192 KM Block\",\"isPartOf\":{\"@id\":\"https:\\\/\\\/kmblock.com\\\/de\\\/#website\"},\"primaryImageOfPage\":{\"@id\":\"https:\\\/\\\/kmblock.com\\\/de\\\/product\\\/porsche-718-boxster-typ-982\\\/#primaryimage\"},\"image\":{\"@id\":\"https:\\\/\\\/kmblock.com\\\/de\\\/product\\\/porsche-718-boxster-typ-982\\\/#primaryimage\"},\"thumbnailUrl\":\"https:\\\/\\\/kmblock.com\\\/wp-content\\\/uploads\\\/2024\\\/09\\\/Porsche-718-Boxster-Type-982.jpg\",\"datePublished\":\"2024-09-22T13:11:41+00:00\",\"dateModified\":\"2025-11-09T09:42:21+00:00\",\"description\":\"Buy a Porsche 718 Boxster Typ 982 Mileage Blocker for the Best Prices \u2713 Free Shipping \u2713 Incl. Installation Guides\",\"breadcrumb\":{\"@id\":\"https:\\\/\\\/kmblock.com\\\/de\\\/product\\\/porsche-718-boxster-typ-982\\\/#breadcrumb\"},\"inLanguage\":\"de\",\"potentialAction\":[{\"@type\":\"ReadAction\",\"target\":[\"https:\\\/\\\/kmblock.com\\\/de\\\/product\\\/porsche-718-boxster-typ-982\\\/\"]}]},{\"@type\":\"ImageObject\",\"inLanguage\":\"de\",\"@id\":\"https:\\\/\\\/kmblock.com\\\/de\\\/product\\\/porsche-718-boxster-typ-982\\\/#primaryimage\",\"url\":\"https:\\\/\\\/kmblock.com\\\/wp-content\\\/uploads\\\/2024\\\/09\\\/Porsche-718-Boxster-Type-982.jpg\",\"contentUrl\":\"https:\\\/\\\/kmblock.com\\\/wp-content\\\/uploads\\\/2024\\\/09\\\/Porsche-718-Boxster-Type-982.jpg\",\"width\":800,\"height\":800,\"caption\":\"Porsche 718 Boxster Type 982\"},{\"@type\":\"BreadcrumbList\",\"@id\":\"https:\\\/\\\/kmblock.com\\\/de\\\/product\\\/porsche-718-boxster-typ-982\\\/#breadcrumb\",\"itemListElement\":[{\"@type\":\"ListItem\",\"position\":1,\"name\":\"Startseite\",\"item\":\"https:\\\/\\\/kmblock.com\\\/de\\\/\"},{\"@type\":\"ListItem\",\"position\":2,\"name\":\"Produkte\",\"item\":\"https:\\\/\\\/kmblock.com\\\/de\\\/shop\\\/\"},{\"@type\":\"ListItem\",\"position\":3,\"name\":\"Porsche 718 Boxster Typ 982\"}]},{\"@type\":\"WebSite\",\"@id\":\"https:\\\/\\\/kmblock.com\\\/de\\\/#website\",\"url\":\"https:\\\/\\\/kmblock.com\\\/de\\\/\",\"name\":\"KM Block\",\"description\":\"\",\"publisher\":{\"@id\":\"https:\\\/\\\/kmblock.com\\\/de\\\/#organization\"},\"potentialAction\":[{\"@type\":\"SearchAction\",\"target\":{\"@type\":\"EntryPoint\",\"urlTemplate\":\"https:\\\/\\\/kmblock.com\\\/de\\\/?s={search_term_string}\"},\"query-input\":{\"@type\":\"PropertyValueSpecification\",\"valueRequired\":true,\"valueName\":\"search_term_string\"}}],\"inLanguage\":\"de\"},{\"@type\":\"Organization\",\"@id\":\"https:\\\/\\\/kmblock.com\\\/de\\\/#organization\",\"name\":\"KM-Block\",\"url\":\"https:\\\/\\\/kmblock.com\\\/de\\\/\",\"logo\":{\"@type\":\"ImageObject\",\"inLanguage\":\"de\",\"@id\":\"https:\\\/\\\/kmblock.com\\\/de\\\/#\\\/schema\\\/logo\\\/image\\\/\",\"url\":\"https:\\\/\\\/kmblock.com\\\/wp-content\\\/uploads\\\/2024\\\/08\\\/main-logo.png\",\"contentUrl\":\"https:\\\/\\\/kmblock.com\\\/wp-content\\\/uploads\\\/2024\\\/08\\\/main-logo.png\",\"width\":186,\"height\":28,\"caption\":\"KM-Block\"},\"image\":{\"@id\":\"https:\\\/\\\/kmblock.com\\\/de\\\/#\\\/schema\\\/logo\\\/image\\\/\"}}]}<\/script>\n<!-- \/ Yoast SEO plugin. -->","yoast_head_json":{"title":"Porsche 718 Boxster Typ 982 Mileage Blocker (KM stopper) \u2192 KM Block","description":"Buy a Porsche 718 Boxster Typ 982 Mileage Blocker for the Best Prices \u2713 Free Shipping \u2713 Incl. Installation Guides","robots":{"index":"index","follow":"follow","max-snippet":"max-snippet:-1","max-image-preview":"max-image-preview:large","max-video-preview":"max-video-preview:-1"},"og_locale":"de_DE","og_type":"article","og_title":"Porsche 718 Boxster Typ 982 Mileage Blocker (KM stopper) \u2192 KM Block","og_description":"Buy a Porsche 718 Boxster Typ 982 Mileage Blocker for the Best Prices \u2713 Free Shipping \u2713 Incl. Installation Guides","og_url":"https:\/\/kmblock.com\/de\/product\/porsche-718-boxster-typ-982\/","og_site_name":"KM Block","article_modified_time":"2025-11-09T09:42:21+00:00","og_image":[{"width":800,"height":800,"url":"https:\/\/kmblock.com\/wp-content\/uploads\/2024\/09\/Porsche-718-Boxster-Type-982.jpg","type":"image\/jpeg"}],"twitter_card":"summary_large_image","twitter_misc":{"Gesch\u00e4tzte Lesezeit":"2\u00a0Minuten"},"schema":{"@context":"https:\/\/schema.org","@graph":[{"@type":"WebPage","@id":"https:\/\/kmblock.com\/de\/product\/porsche-718-boxster-typ-982\/","url":"https:\/\/kmblock.com\/de\/product\/porsche-718-boxster-typ-982\/","name":"Porsche 718 Boxster Typ 982 Mileage Blocker (KM stopper) \u2192 KM Block","isPartOf":{"@id":"https:\/\/kmblock.com\/de\/#website"},"primaryImageOfPage":{"@id":"https:\/\/kmblock.com\/de\/product\/porsche-718-boxster-typ-982\/#primaryimage"},"image":{"@id":"https:\/\/kmblock.com\/de\/product\/porsche-718-boxster-typ-982\/#primaryimage"},"thumbnailUrl":"https:\/\/kmblock.com\/wp-content\/uploads\/2024\/09\/Porsche-718-Boxster-Type-982.jpg","datePublished":"2024-09-22T13:11:41+00:00","dateModified":"2025-11-09T09:42:21+00:00","description":"Buy a Porsche 718 Boxster Typ 982 Mileage Blocker for the Best Prices \u2713 Free Shipping \u2713 Incl. Installation Guides","breadcrumb":{"@id":"https:\/\/kmblock.com\/de\/product\/porsche-718-boxster-typ-982\/#breadcrumb"},"inLanguage":"de","potentialAction":[{"@type":"ReadAction","target":["https:\/\/kmblock.com\/de\/product\/porsche-718-boxster-typ-982\/"]}]},{"@type":"ImageObject","inLanguage":"de","@id":"https:\/\/kmblock.com\/de\/product\/porsche-718-boxster-typ-982\/#primaryimage","url":"https:\/\/kmblock.com\/wp-content\/uploads\/2024\/09\/Porsche-718-Boxster-Type-982.jpg","contentUrl":"https:\/\/kmblock.com\/wp-content\/uploads\/2024\/09\/Porsche-718-Boxster-Type-982.jpg","width":800,"height":800,"caption":"Porsche 718 Boxster Type 982"},{"@type":"BreadcrumbList","@id":"https:\/\/kmblock.com\/de\/product\/porsche-718-boxster-typ-982\/#breadcrumb","itemListElement":[{"@type":"ListItem","position":1,"name":"Startseite","item":"https:\/\/kmblock.com\/de\/"},{"@type":"ListItem","position":2,"name":"Produkte","item":"https:\/\/kmblock.com\/de\/shop\/"},{"@type":"ListItem","position":3,"name":"Porsche 718 Boxster Typ 982"}]},{"@type":"WebSite","@id":"https:\/\/kmblock.com\/de\/#website","url":"https:\/\/kmblock.com\/de\/","name":"KM Block","description":"","publisher":{"@id":"https:\/\/kmblock.com\/de\/#organization"},"potentialAction":[{"@type":"SearchAction","target":{"@type":"EntryPoint","urlTemplate":"https:\/\/kmblock.com\/de\/?s={search_term_string}"},"query-input":{"@type":"PropertyValueSpecification","valueRequired":true,"valueName":"search_term_string"}}],"inLanguage":"de"},{"@type":"Organization","@id":"https:\/\/kmblock.com\/de\/#organization","name":"KM-Block","url":"https:\/\/kmblock.com\/de\/","logo":{"@type":"ImageObject","inLanguage":"de","@id":"https:\/\/kmblock.com\/de\/#\/schema\/logo\/image\/","url":"https:\/\/kmblock.com\/wp-content\/uploads\/2024\/08\/main-logo.png","contentUrl":"https:\/\/kmblock.com\/wp-content\/uploads\/2024\/08\/main-logo.png","width":186,"height":28,"caption":"KM-Block"},"image":{"@id":"https:\/\/kmblock.com\/de\/#\/schema\/logo\/image\/"}}]}},"_links":{"self":[{"href":"https:\/\/kmblock.com\/de\/wp-json\/wp\/v2\/product\/6343","targetHints":{"allow":["GET"]}}],"collection":[{"href":"https:\/\/kmblock.com\/de\/wp-json\/wp\/v2\/product"}],"about":[{"href":"https:\/\/kmblock.com\/de\/wp-json\/wp\/v2\/types\/product"}],"replies":[{"embeddable":true,"href":"https:\/\/kmblock.com\/de\/wp-json\/wp\/v2\/comments?post=6343"}],"wp:featuredmedia":[{"embeddable":true,"href":"https:\/\/kmblock.com\/de\/wp-json\/wp\/v2\/media\/824"}],"wp:attachment":[{"href":"https:\/\/kmblock.com\/de\/wp-json\/wp\/v2\/media?parent=6343"}],"wp:term":[{"taxonomy":"product_brand","embeddable":true,"href":"https:\/\/kmblock.com\/de\/wp-json\/wp\/v2\/product_brand?post=6343"},{"taxonomy":"product_cat","embeddable":true,"href":"https:\/\/kmblock.com\/de\/wp-json\/wp\/v2\/product_cat?post=6343"},{"taxonomy":"product_tag","embeddable":true,"href":"https:\/\/kmblock.com\/de\/wp-json\/wp\/v2\/product_tag?post=6343"}],"curies":[{"name":"wp","href":"https:\/\/api.w.org\/{rel}","templated":true}]}}