{"id":6313,"date":"2024-09-22T13:16:05","date_gmt":"2024-09-22T13:16:05","guid":{"rendered":"https:\/\/kmblock.com\/product\/porsche-718-cayman-typ-982\/"},"modified":"2024-09-22T13:16:05","modified_gmt":"2024-09-22T13:16:05","slug":"porsche-718-cayman-typ-982","status":"publish","type":"product","link":"https:\/\/kmblock.com\/de\/product\/porsche-718-cayman-typ-982\/","title":{"rendered":"Porsche 718 Cayman Typ 982"},"content":{"rendered":"<div class=\"flex max-w-full flex-col flex-grow\">\n<div class=\"min-h-[20px] text-message flex w-full flex-col items-end gap-2 whitespace-normal break-words [.text-message+&amp;]:mt-5\" dir=\"auto\" data-message-author-role=\"assistant\" data-message-id=\"486fbb14-d9b0-4abf-8aac-69dd9ef3f888\">\n<div class=\"flex w-full flex-col gap-1 empty:hidden first:pt-[3px]\">\n<div class=\"markdown prose w-full break-words dark:prose-invert dark\">\n<div class=\"flex max-w-full flex-col flex-grow\">\n<div class=\"min-h-[20px] text-message flex w-full flex-col items-end gap-2 whitespace-normal break-words [.text-message+&amp;]:mt-5\" dir=\"auto\" data-message-author-role=\"assistant\" data-message-id=\"583787e4-ced2-4497-934b-fd13934d3b5f\">\n<div class=\"flex w-full flex-col gap-1 empty:hidden first:pt-[3px]\">\n<div class=\"markdown prose w-full break-words dark:prose-invert dark\">\n<h3>KILOMETERSTANDSBLOCKER F\u00dcR PORSCHE 718 CAYMAN TYP 982<\/h3>\n<p>Der <strong>Porsche 718 Cayman Typ 982 Mileage Blocker &#8211; auch<\/strong>bekannt als Odometer Blocker, Odometer Stopper, Can Blocker, Mileage Stopper, Trip Odometer, Can Filter oder manchmal auch als Mileage Correction Tool &#8211; ist f\u00fcr alle Porsche 718 Cayman Typ 982 Modelle geeignet, die seit 2016 auf den Markt kamen.<\/p>\n<h4>SPEZIFIKATIONEN<\/h4>\n<ul>\n<li><strong>Schnelle DIY-Installation<\/strong> &#8211; keine professionelle Hilfe erforderlich.<\/li>\n<li><strong>Aktivieren oder deaktivieren Sie die Funktion w\u00e4hrend der Fahrt<\/strong>.<\/li>\n<li><strong>Kein L\u00f6ten oder Schneiden von Kabeln<\/strong>, so dass es keine Spuren von Ver\u00e4nderungen gibt.<\/li>\n<li><strong>Nicht nachweisbar durch Diagnosetests<\/strong>.<\/li>\n<li>Mehrere Modi zur Steuerung der Aufzeichnung von Kilometern.<\/li>\n<li><strong>Nahtlose Installation<\/strong> &#8211; Die Passfl\u00e4che und die Rillen am Stecker sorgen f\u00fcr einen reibungslosen Ablauf.<\/li>\n<li>Ausgestattet mit <strong>qualitativ hochwertigen Steckern<\/strong> und <strong>hitzebest\u00e4ndigen Kabeln<\/strong>.<\/li>\n<li>Einfach zu bedienen mit <strong>Tastenkombinationen<\/strong> zur Steuerung.<\/li>\n<li>Stellen Sie sie einmal ein &#8211; die Einstellungen<strong>werden dauerhaft gespeichert<\/strong>.<\/li>\n<li><strong>Der Kilometerstand erh\u00f6ht sich<\/strong> nach dem Ausbau des Moduls <strong>nicht<\/strong>.<\/li>\n<li><strong>Keine Fehlermeldungen<\/strong> auf dem Tachometer oder dem Navigationspanel.<\/li>\n<li><strong>Genaue Kontrolle des Kilometerstandes<\/strong> &#8211; Abweichung innerhalb von 1% f\u00fcr die Modi, die den Kilometerstand ver\u00e4ndern. Geringf\u00fcgige Abweichungen k\u00f6nnen auftreten. <\/li>\n<\/ul>\n<h4>AKTIVIERUNG &amp; DEAKTIVIERUNG<\/h4>\n<p>&#8222;Aktivieren&#8220; Sie die Funktion, indem Sie die Return-Taste 10 Sekunden lang dr\u00fccken.<\/p>\n<p><strong>Modus Ein<\/strong>: blinkt einmal nach links. Z\u00e4hlt 0% des Kilometerstandes. Alles funktioniert ordnungsgem\u00e4\u00df.  <\/p>\n<p><strong>Modus Aus:<\/strong> Das Blinklicht blinkt einmal nach rechts. Z\u00e4hlt 100% der Kilometer. Alles funktioniert ordnungsgem\u00e4\u00df.&#8220;&#8220;<\/p>\n<p>Der <strong>Porsche 718 Cayman Typ 982 Kilometerstopper<\/strong> merkt sich die zuletzt vorgenommenen Einstellungen, so dass Sie ihn nicht jedes Mal neu einstellen m\u00fcssen, wenn Sie das Fahrzeug starten. Er funktioniert unabh\u00e4ngig davon, ob das Fahrzeug in Bewegung ist oder stillsteht. <\/p>\n<hr>\n<h4>Was ist der Porsche 718 Cayman Typ 982 Kilometerz\u00e4hler-Blocker oder das Werkzeug zur Kilometerstandskorrektur?<\/h4>\n<p>Der <strong>Porsche 718 Cayman Typ 982 Mileage Blocker\/Odometer Blocker<\/strong> wurde entwickelt, um die Aufzeichnung des Kilometerstandes w\u00e4hrend Leistungstests zu stoppen. Wir von <strong>KM Block<\/strong> bieten qualitativ hochwertige Module an, die aus Originalbauteilen hergestellt werden. Die Software jedes Moduls ist auf bestimmte Marken und Modelle zugeschnitten, so dass eine nahtlose Funktionalit\u00e4t gew\u00e4hrleistet ist, unabh\u00e4ngig davon, ob Ihr Kilometerz\u00e4hler in Meilen oder Kilometern aufzeichnet.  <\/p>\n<p>Bitte beachten Sie, dass wir keine Tools zur <strong>Kilometerkorrektur<\/strong> verkaufen, die f\u00fcr betr\u00fcgerische Zwecke wie das Zur\u00fccksetzen oder L\u00f6schen von Kilometerst\u00e4nden gedacht sind. Solche Tools k\u00f6nnen den Kilometerstand nicht auf allen Datenspeichern eines Fahrzeugs vollst\u00e4ndig r\u00fcckg\u00e4ngig machen. <\/p>\n<p>Wir bieten eine gro\u00dfe Auswahl an <strong>Mileage Stopper-Ger\u00e4ten<\/strong>, die mit Diesel-, Benzin-, Plug-in-Hybrid-Elektrofahrzeugen (PHEVs) und Elektroautos kompatibel sind. Die Installation ist ganz einfach: Schlie\u00dfen Sie das Modul einfach zwischen Tachometer und Kombiinstrument an und genie\u00dfen Sie alle Vorteile. <\/p>\n<p>Der <strong>Porsche 718 Cayman Typ 982 Mileage Blocker<\/strong> kann jederzeit aktiviert oder deaktiviert werden, egal ob das Fahrzeug f\u00e4hrt oder steht.<\/p>\n<\/div>\n<\/div>\n<\/div>\n<\/div>\n<\/div>\n<\/div>\n<\/div>\n<\/div>\n","protected":false},"excerpt":{"rendered":"<div class=\"flex-shrink-0 flex flex-col relative items-end\">\n<div class=\"pt-0\">\n<div class=\"gizmo-bot-avatar flex h-8 w-8 items-center justify-center overflow-hidden rounded-full\">\n<div class=\"relative p-1 rounded-sm flex items-center justify-center bg-token-main-surface-primary text-token-text-primary h-8 w-8\">\n<p>Bevor Sie bestellen, lesen Sie bitte die folgenden wichtigen Details zur Aktivierung des Moduls, zu Fehlermeldungen und zur Funktionalit\u00e4t.<\/p>\n<div class=\"flex max-w-full flex-col flex-grow\">\n<div class=\"min-h-[20px] text-message flex w-full flex-col items-end gap-2 whitespace-normal break-words [.text-message+&amp;]:mt-5\" dir=\"auto\" data-message-author-role=\"assistant\" data-message-id=\"fa49fe5c-62a3-4d02-842e-7a1021d9fec1\">\n<div class=\"flex w-full flex-col gap-1 empty:hidden first:pt-[3px]\">\n<div class=\"markdown prose w-full break-words dark:prose-invert dark\">\n<p><strong>F\u00dcR MODELLE, DIE SEIT 2016 VER\u00d6FFENTLICHT WURDEN:<\/strong> Die Assistenzsysteme sind deaktiviert, aber die Geschwindigkeitsanzeige funktioniert je nach gew\u00e4hltem Modus. Einfache DIY-Installation. Kann w\u00e4hrend der Fahrt aktiviert werden. Mit qualitativ hochwertigen Steckern und hitzebest\u00e4ndigen Kabeln.   <\/p>\n<p class=\"p1\"><b> \u2705 Nahtlose Integration<\/b><b><\/b><\/p>\n<p class=\"p1\">\u2705<b> Einfache Installation<\/b><b><\/b><\/p>\n<p class=\"p1\">\u2705<b> Genaue Verwaltung des Kilometerstandes<\/b><b><\/b><\/p>\n<p class=\"p1\"><b> \u2705 Betrieb im Tarnkappenmodus<\/b><b><\/b><\/p>\n<p class=\"p1\"><span class=\"s1\">\u2705<\/span><b> Lebenslanger Support und Updates<\/b><\/p>\n<\/div>\n<\/div>\n<\/div>\n<\/div>\n<\/div>\n<\/div>\n<\/div>\n<\/div>\n","protected":false},"featured_media":824,"comment_status":"open","ping_status":"closed","template":"","meta":[],"product_brand":[],"product_cat":[662],"product_tag":[],"class_list":{"0":"post-6313","1":"product","2":"type-product","3":"status-publish","4":"has-post-thumbnail","6":"product_cat-porsche","8":"first","9":"instock","10":"taxable","11":"shipping-taxable","12":"purchasable","13":"product-type-variable"},"yoast_head":"<!-- This site is optimized with the Yoast SEO plugin v27.5 - https:\/\/yoast.com\/product\/yoast-seo-wordpress\/ -->\n<title>Porsche 718 Cayman Typ 982 Mileage Blocker (KM stopper) \u2192 KM Block<\/title>\n<meta name=\"description\" content=\"Buy a Porsche 718 Cayman Typ 982 Mileage Blocker for the Best Prices \u2713 Free Shipping \u2713 Incl. Installation Guides\" \/>\n<meta name=\"robots\" content=\"index, follow, max-snippet:-1, max-image-preview:large, max-video-preview:-1\" \/>\n<meta property=\"og:locale\" content=\"de_DE\" \/>\n<meta property=\"og:type\" content=\"article\" \/>\n<meta property=\"og:title\" content=\"Porsche 718 Cayman Typ 982 Mileage Blocker (KM stopper) \u2192 KM Block\" \/>\n<meta property=\"og:description\" content=\"Buy a Porsche 718 Cayman Typ 982 Mileage Blocker for the Best Prices \u2713 Free Shipping \u2713 Incl. Installation Guides\" \/>\n<meta property=\"og:url\" content=\"https:\/\/kmblock.com\/de\/product\/porsche-718-cayman-typ-982\/\" \/>\n<meta property=\"og:site_name\" content=\"KM Block\" \/>\n<meta property=\"og:image\" content=\"https:\/\/kmblock.com\/wp-content\/uploads\/2024\/09\/Porsche-718-Boxster-Type-982.jpg\" \/>\n\t<meta property=\"og:image:width\" content=\"800\" \/>\n\t<meta property=\"og:image:height\" content=\"800\" \/>\n\t<meta property=\"og:image:type\" content=\"image\/jpeg\" \/>\n<meta name=\"twitter:card\" content=\"summary_large_image\" \/>\n<meta name=\"twitter:label1\" content=\"Gesch\u00e4tzte Lesezeit\" \/>\n\t<meta name=\"twitter:data1\" content=\"2\u00a0Minuten\" \/>\n<script type=\"application\/ld+json\" class=\"yoast-schema-graph\">{\"@context\":\"https:\\\/\\\/schema.org\",\"@graph\":[{\"@type\":\"WebPage\",\"@id\":\"https:\\\/\\\/kmblock.com\\\/de\\\/product\\\/porsche-718-cayman-typ-982\\\/\",\"url\":\"https:\\\/\\\/kmblock.com\\\/de\\\/product\\\/porsche-718-cayman-typ-982\\\/\",\"name\":\"Porsche 718 Cayman Typ 982 Mileage Blocker (KM stopper) \u2192 KM Block\",\"isPartOf\":{\"@id\":\"https:\\\/\\\/kmblock.com\\\/de\\\/#website\"},\"primaryImageOfPage\":{\"@id\":\"https:\\\/\\\/kmblock.com\\\/de\\\/product\\\/porsche-718-cayman-typ-982\\\/#primaryimage\"},\"image\":{\"@id\":\"https:\\\/\\\/kmblock.com\\\/de\\\/product\\\/porsche-718-cayman-typ-982\\\/#primaryimage\"},\"thumbnailUrl\":\"https:\\\/\\\/kmblock.com\\\/wp-content\\\/uploads\\\/2024\\\/09\\\/Porsche-718-Boxster-Type-982.jpg\",\"datePublished\":\"2024-09-22T13:16:05+00:00\",\"description\":\"Buy a Porsche 718 Cayman Typ 982 Mileage Blocker for the Best Prices \u2713 Free Shipping \u2713 Incl. Installation Guides\",\"breadcrumb\":{\"@id\":\"https:\\\/\\\/kmblock.com\\\/de\\\/product\\\/porsche-718-cayman-typ-982\\\/#breadcrumb\"},\"inLanguage\":\"de\",\"potentialAction\":[{\"@type\":\"ReadAction\",\"target\":[\"https:\\\/\\\/kmblock.com\\\/de\\\/product\\\/porsche-718-cayman-typ-982\\\/\"]}]},{\"@type\":\"ImageObject\",\"inLanguage\":\"de\",\"@id\":\"https:\\\/\\\/kmblock.com\\\/de\\\/product\\\/porsche-718-cayman-typ-982\\\/#primaryimage\",\"url\":\"https:\\\/\\\/kmblock.com\\\/wp-content\\\/uploads\\\/2024\\\/09\\\/Porsche-718-Boxster-Type-982.jpg\",\"contentUrl\":\"https:\\\/\\\/kmblock.com\\\/wp-content\\\/uploads\\\/2024\\\/09\\\/Porsche-718-Boxster-Type-982.jpg\",\"width\":800,\"height\":800,\"caption\":\"Porsche 718 Boxster Type 982\"},{\"@type\":\"BreadcrumbList\",\"@id\":\"https:\\\/\\\/kmblock.com\\\/de\\\/product\\\/porsche-718-cayman-typ-982\\\/#breadcrumb\",\"itemListElement\":[{\"@type\":\"ListItem\",\"position\":1,\"name\":\"Startseite\",\"item\":\"https:\\\/\\\/kmblock.com\\\/de\\\/\"},{\"@type\":\"ListItem\",\"position\":2,\"name\":\"Produkte\",\"item\":\"https:\\\/\\\/kmblock.com\\\/de\\\/shop\\\/\"},{\"@type\":\"ListItem\",\"position\":3,\"name\":\"Porsche 718 Cayman Typ 982\"}]},{\"@type\":\"WebSite\",\"@id\":\"https:\\\/\\\/kmblock.com\\\/de\\\/#website\",\"url\":\"https:\\\/\\\/kmblock.com\\\/de\\\/\",\"name\":\"KM Block\",\"description\":\"\",\"publisher\":{\"@id\":\"https:\\\/\\\/kmblock.com\\\/de\\\/#organization\"},\"potentialAction\":[{\"@type\":\"SearchAction\",\"target\":{\"@type\":\"EntryPoint\",\"urlTemplate\":\"https:\\\/\\\/kmblock.com\\\/de\\\/?s={search_term_string}\"},\"query-input\":{\"@type\":\"PropertyValueSpecification\",\"valueRequired\":true,\"valueName\":\"search_term_string\"}}],\"inLanguage\":\"de\"},{\"@type\":\"Organization\",\"@id\":\"https:\\\/\\\/kmblock.com\\\/de\\\/#organization\",\"name\":\"KM-Block\",\"url\":\"https:\\\/\\\/kmblock.com\\\/de\\\/\",\"logo\":{\"@type\":\"ImageObject\",\"inLanguage\":\"de\",\"@id\":\"https:\\\/\\\/kmblock.com\\\/de\\\/#\\\/schema\\\/logo\\\/image\\\/\",\"url\":\"https:\\\/\\\/kmblock.com\\\/wp-content\\\/uploads\\\/2024\\\/08\\\/main-logo.png\",\"contentUrl\":\"https:\\\/\\\/kmblock.com\\\/wp-content\\\/uploads\\\/2024\\\/08\\\/main-logo.png\",\"width\":186,\"height\":28,\"caption\":\"KM-Block\"},\"image\":{\"@id\":\"https:\\\/\\\/kmblock.com\\\/de\\\/#\\\/schema\\\/logo\\\/image\\\/\"}}]}<\/script>\n<!-- \/ Yoast SEO plugin. -->","yoast_head_json":{"title":"Porsche 718 Cayman Typ 982 Mileage Blocker (KM stopper) \u2192 KM Block","description":"Buy a Porsche 718 Cayman Typ 982 Mileage Blocker for the Best Prices \u2713 Free Shipping \u2713 Incl. Installation Guides","robots":{"index":"index","follow":"follow","max-snippet":"max-snippet:-1","max-image-preview":"max-image-preview:large","max-video-preview":"max-video-preview:-1"},"og_locale":"de_DE","og_type":"article","og_title":"Porsche 718 Cayman Typ 982 Mileage Blocker (KM stopper) \u2192 KM Block","og_description":"Buy a Porsche 718 Cayman Typ 982 Mileage Blocker for the Best Prices \u2713 Free Shipping \u2713 Incl. Installation Guides","og_url":"https:\/\/kmblock.com\/de\/product\/porsche-718-cayman-typ-982\/","og_site_name":"KM Block","og_image":[{"width":800,"height":800,"url":"https:\/\/kmblock.com\/wp-content\/uploads\/2024\/09\/Porsche-718-Boxster-Type-982.jpg","type":"image\/jpeg"}],"twitter_card":"summary_large_image","twitter_misc":{"Gesch\u00e4tzte Lesezeit":"2\u00a0Minuten"},"schema":{"@context":"https:\/\/schema.org","@graph":[{"@type":"WebPage","@id":"https:\/\/kmblock.com\/de\/product\/porsche-718-cayman-typ-982\/","url":"https:\/\/kmblock.com\/de\/product\/porsche-718-cayman-typ-982\/","name":"Porsche 718 Cayman Typ 982 Mileage Blocker (KM stopper) \u2192 KM Block","isPartOf":{"@id":"https:\/\/kmblock.com\/de\/#website"},"primaryImageOfPage":{"@id":"https:\/\/kmblock.com\/de\/product\/porsche-718-cayman-typ-982\/#primaryimage"},"image":{"@id":"https:\/\/kmblock.com\/de\/product\/porsche-718-cayman-typ-982\/#primaryimage"},"thumbnailUrl":"https:\/\/kmblock.com\/wp-content\/uploads\/2024\/09\/Porsche-718-Boxster-Type-982.jpg","datePublished":"2024-09-22T13:16:05+00:00","description":"Buy a Porsche 718 Cayman Typ 982 Mileage Blocker for the Best Prices \u2713 Free Shipping \u2713 Incl. Installation Guides","breadcrumb":{"@id":"https:\/\/kmblock.com\/de\/product\/porsche-718-cayman-typ-982\/#breadcrumb"},"inLanguage":"de","potentialAction":[{"@type":"ReadAction","target":["https:\/\/kmblock.com\/de\/product\/porsche-718-cayman-typ-982\/"]}]},{"@type":"ImageObject","inLanguage":"de","@id":"https:\/\/kmblock.com\/de\/product\/porsche-718-cayman-typ-982\/#primaryimage","url":"https:\/\/kmblock.com\/wp-content\/uploads\/2024\/09\/Porsche-718-Boxster-Type-982.jpg","contentUrl":"https:\/\/kmblock.com\/wp-content\/uploads\/2024\/09\/Porsche-718-Boxster-Type-982.jpg","width":800,"height":800,"caption":"Porsche 718 Boxster Type 982"},{"@type":"BreadcrumbList","@id":"https:\/\/kmblock.com\/de\/product\/porsche-718-cayman-typ-982\/#breadcrumb","itemListElement":[{"@type":"ListItem","position":1,"name":"Startseite","item":"https:\/\/kmblock.com\/de\/"},{"@type":"ListItem","position":2,"name":"Produkte","item":"https:\/\/kmblock.com\/de\/shop\/"},{"@type":"ListItem","position":3,"name":"Porsche 718 Cayman Typ 982"}]},{"@type":"WebSite","@id":"https:\/\/kmblock.com\/de\/#website","url":"https:\/\/kmblock.com\/de\/","name":"KM Block","description":"","publisher":{"@id":"https:\/\/kmblock.com\/de\/#organization"},"potentialAction":[{"@type":"SearchAction","target":{"@type":"EntryPoint","urlTemplate":"https:\/\/kmblock.com\/de\/?s={search_term_string}"},"query-input":{"@type":"PropertyValueSpecification","valueRequired":true,"valueName":"search_term_string"}}],"inLanguage":"de"},{"@type":"Organization","@id":"https:\/\/kmblock.com\/de\/#organization","name":"KM-Block","url":"https:\/\/kmblock.com\/de\/","logo":{"@type":"ImageObject","inLanguage":"de","@id":"https:\/\/kmblock.com\/de\/#\/schema\/logo\/image\/","url":"https:\/\/kmblock.com\/wp-content\/uploads\/2024\/08\/main-logo.png","contentUrl":"https:\/\/kmblock.com\/wp-content\/uploads\/2024\/08\/main-logo.png","width":186,"height":28,"caption":"KM-Block"},"image":{"@id":"https:\/\/kmblock.com\/de\/#\/schema\/logo\/image\/"}}]}},"_links":{"self":[{"href":"https:\/\/kmblock.com\/de\/wp-json\/wp\/v2\/product\/6313","targetHints":{"allow":["GET"]}}],"collection":[{"href":"https:\/\/kmblock.com\/de\/wp-json\/wp\/v2\/product"}],"about":[{"href":"https:\/\/kmblock.com\/de\/wp-json\/wp\/v2\/types\/product"}],"replies":[{"embeddable":true,"href":"https:\/\/kmblock.com\/de\/wp-json\/wp\/v2\/comments?post=6313"}],"wp:featuredmedia":[{"embeddable":true,"href":"https:\/\/kmblock.com\/de\/wp-json\/wp\/v2\/media\/824"}],"wp:attachment":[{"href":"https:\/\/kmblock.com\/de\/wp-json\/wp\/v2\/media?parent=6313"}],"wp:term":[{"taxonomy":"product_brand","embeddable":true,"href":"https:\/\/kmblock.com\/de\/wp-json\/wp\/v2\/product_brand?post=6313"},{"taxonomy":"product_cat","embeddable":true,"href":"https:\/\/kmblock.com\/de\/wp-json\/wp\/v2\/product_cat?post=6313"},{"taxonomy":"product_tag","embeddable":true,"href":"https:\/\/kmblock.com\/de\/wp-json\/wp\/v2\/product_tag?post=6313"}],"curies":[{"name":"wp","href":"https:\/\/api.w.org\/{rel}","templated":true}]}}