{"id":6280,"date":"2024-09-22T13:29:44","date_gmt":"2024-09-22T13:29:44","guid":{"rendered":"https:\/\/kmblock.com\/product\/porsche-721-boxster-typ-982\/"},"modified":"2024-09-22T13:29:44","modified_gmt":"2024-09-22T13:29:44","slug":"porsche-721-boxster-typ-982","status":"publish","type":"product","link":"https:\/\/kmblock.com\/de\/product\/porsche-721-boxster-typ-982\/","title":{"rendered":"Porsche 721 Boxster Typ 982"},"content":{"rendered":"<div class=\"flex max-w-full flex-col flex-grow\">\n<div class=\"min-h-[20px] text-message flex w-full flex-col items-end gap-2 whitespace-normal break-words [.text-message+&amp;]:mt-5\" dir=\"auto\" data-message-author-role=\"assistant\" data-message-id=\"486fbb14-d9b0-4abf-8aac-69dd9ef3f888\">\n<div class=\"flex w-full flex-col gap-1 empty:hidden first:pt-[3px]\">\n<div class=\"markdown prose w-full break-words dark:prose-invert dark\">\n<div class=\"flex max-w-full flex-col flex-grow\">\n<div class=\"min-h-[20px] text-message flex w-full flex-col items-end gap-2 whitespace-normal break-words [.text-message+&amp;]:mt-5\" dir=\"auto\" data-message-author-role=\"assistant\" data-message-id=\"583787e4-ced2-4497-934b-fd13934d3b5f\">\n<div class=\"flex w-full flex-col gap-1 empty:hidden first:pt-[3px]\">\n<div class=\"markdown prose w-full break-words dark:prose-invert dark\">\n<div class=\"flex-1 overflow-hidden\">\n<div class=\"h-full\">\n<div class=\"react-scroll-to-bottom--css-edlrf-79elbk h-full\">\n<div class=\"react-scroll-to-bottom--css-edlrf-1n7m0yu\">\n<div class=\"flex flex-col text-sm md:pb-9\">\n<article class=\"w-full text-token-text-primary focus-visible:outline-2 focus-visible:outline-offset-[-4px]\" dir=\"auto\" data-testid=\"conversation-turn-171\" data-scroll-anchor=\"true\">\n<div class=\"text-base py-[18px] px-3 md:px-4 m-auto w-full md:px-5 lg:px-4 xl:px-5\">\n<div class=\"mx-auto flex flex-1 gap-4 text-base md:gap-5 lg:gap-6 md:max-w-3xl lg:max-w-[40rem] xl:max-w-[48rem]\">\n<div class=\"group\/conversation-turn relative flex w-full min-w-0 flex-col agent-turn\">\n<div class=\"flex-col gap-1 md:gap-3\">\n<div class=\"flex max-w-full flex-col flex-grow\">\n<div class=\"min-h-[20px] text-message flex w-full flex-col items-end gap-2 whitespace-normal break-words [.text-message+&amp;]:mt-5\" dir=\"auto\" data-message-author-role=\"assistant\" data-message-id=\"c587c539-d375-471b-ba08-a0c42b7a5935\">\n<div class=\"flex w-full flex-col gap-1 empty:hidden first:pt-[3px]\">\n<div class=\"markdown prose w-full break-words dark:prose-invert dark\">\n<div class=\"flex max-w-full flex-col flex-grow\">\n<div class=\"min-h-[20px] text-message flex w-full flex-col items-end gap-2 whitespace-normal break-words [.text-message+&amp;]:mt-5\" dir=\"auto\" data-message-author-role=\"assistant\" data-message-id=\"f2e7ca64-e326-43ac-9cc2-b5e20ed1c815\">\n<div class=\"flex w-full flex-col gap-1 empty:hidden first:pt-[3px]\">\n<div class=\"markdown prose w-full break-words dark:prose-invert dark\">\n<p><strong>KILOMETERSTANDSBLOCKER F\u00dcR PORSCHE 718 BOXSTER TYP 982<\/strong><\/p>\n<p>Der Porsche 718 Boxster Typ 982 Mileage Blocker, manchmal auch als Odometer Blocker, Odometer Stopper, CAN Blocker, Mileage Stopper, Trip Odometer, CAN Filter und gelegentlich auch als Mileage Correction Tool bezeichnet, ist ein vielseitiges Ger\u00e4t, das f\u00fcr alle Porsche 718\/719\/721 Boxster Typ 982 Modelle ab 2016 geeignet ist.<\/p>\n<h3><strong>SPEZIFIKATIONEN:<\/strong><\/h3>\n<ul>\n<li><strong>Einfache DIY-Installation<\/strong>: Das \u00d6ffnen von Steuerger\u00e4ten ist nicht erforderlich und daher problemlos m\u00f6glich.<\/li>\n<li><strong>Aktivieren oder Deaktivieren bei Bewegung<\/strong>: Kann gesteuert werden, w\u00e4hrend sich das Auto bewegt.<\/li>\n<li><strong>Mehrere Modi<\/strong>: W\u00e4hlen Sie aus verschiedenen Modi f\u00fcr verschiedene Stufen der Kilometerkontrolle.<\/li>\n<li><strong>Fehlerfrei<\/strong>: Es erscheinen keine Fehlermeldungen auf dem Tachometer oder dem Navigationspanel.<\/li>\n<li><strong>Keine R\u00fcckst\u00e4nde<\/strong>: Kein L\u00f6ten oder Schneiden von Kabeln erforderlich, hinterl\u00e4sst keine Spuren.<\/li>\n<li><strong>Voreingestellte Einstellungen<\/strong>: W\u00e4hlen Sie Ihre Einstellungen einmal aus und speichern Sie sie dauerhaft.<\/li>\n<li><strong>Unauffindbar durch Diagnosetester<\/strong>: Das Ger\u00e4t funktioniert, ohne von Diagnosetools entdeckt zu werden.<\/li>\n<li><strong>Hochwertige Komponenten<\/strong>: Mit hochwertigen Steckern und hitzebest\u00e4ndigen Kabeln f\u00fcr lange Haltbarkeit.<\/li>\n<li><strong>Reibungslose Installation<\/strong>: Passende Fl\u00e4chen und Rillen am Stecker sorgen f\u00fcr eine nahtlose Installation.<\/li>\n<li><strong>Keine Erh\u00f6hung des Kilometerstandes nach dem Ausbau<\/strong>: Nach dem Ausbau des Moduls wird der Kilometerstand nicht spontan ansteigen.<\/li>\n<li><strong>Minimale Abweichung<\/strong>: Bei Modi, die den Kilometerstand vollst\u00e4ndig aufheben, kann es zu einer geringf\u00fcgigen Abweichung von bis zu 1% der gefahrenen Strecke kommen.<\/li>\n<\/ul>\n<h3><strong>AKTIVIERUNG &amp; DEAKTIVIERUNG:<\/strong><\/h3>\n<p>&#8222;Aktivieren&#8220; Sie die Funktion, indem Sie die Return-Taste 10 Sekunden lang dr\u00fccken.<\/p>\n<p><strong>Modus Ein:<\/strong> blinkt einmal nach links. Z\u00e4hlt 0% des Kilometerstandes. Alles funktioniert ordnungsgem\u00e4\u00df.  <\/p>\n<p><strong>Modus Aus:<\/strong> Das Blinklicht blinkt einmal nach rechts. Z\u00e4hlt 100% der Kilometer. Alles funktioniert ordnungsgem\u00e4\u00df.&#8220;&#8220;<\/p>\n<h3><strong>ZUS\u00c4TZLICHE INFORMATIONEN:<\/strong><\/h3>\n<p>Das Ger\u00e4t kann jederzeit aktiviert oder deaktiviert werden, unabh\u00e4ngig davon, ob das Auto steht oder sich bewegt.<\/p>\n<h3><strong>Was ist der Porsche 718 Boxster Typ 982 Kilometerz\u00e4hler-Blocker oder das Werkzeug zur Korrektur des Kilometerstandes?<\/strong><\/h3>\n<p>Mit dem Porsche 718 Boxster Typ 982 Mileage Blocker, auch bekannt als Odometer Blocker, k\u00f6nnen Sie die Aufzeichnung des Kilometerstandes stoppen, w\u00e4hrend Sie die Leistung des Fahrzeugs testen. Wir von KM Block bieten hochwertige Module mit einzigartigen Komponenten. Unsere Programmierer erstellen die Software speziell f\u00fcr jede Fahrzeugmarke und jedes Modell, um eine einwandfreie Funktion zu gew\u00e4hrleisten. Egal, ob Ihr Auto den Kilometerstand in Meilen oder Kilometern misst, das Ger\u00e4t arbeitet effizient.   <\/p>\n<p><strong>Wichtig<\/strong>: Wir verkaufen keine Tools zur Kilometerkorrektur f\u00fcr Porsche 718\/719\/721 Boxster Typ 982, da diese in der Regel f\u00fcr unethische Zwecke wie das Zur\u00fcckdrehen oder \u00c4ndern von Kilometerst\u00e4nden verwendet werden. Diese Tools sind zwar dazu gedacht, den Kilometerstand zu manipulieren, aber moderne Fahrzeuge speichern den Kilometerstand in verschiedenen Einheiten, so dass ein vollst\u00e4ndiges Rollback unm\u00f6glich ist. <\/p>\n<p>Der Mileage Blocker ist kompatibel mit Diesel-, Benzin-, Plug-in-Hybrid-Elektrofahrzeugen (PHEVs) und Elektroautos. Die Installation ist ganz einfach: Schlie\u00dfen Sie das Modul einfach zwischen Tachometer und Kombiinstrument an. Genie\u00dfen Sie alle Vorteile dieses fortschrittlichen Tools.  <\/p>\n<p>Der Porsche 718\/719\/721 Boxster Typ 982 Mileage Blocker kann jederzeit verwendet werden, egal ob das Fahrzeug in Bewegung ist oder steht.<\/p>\n<\/div>\n<\/div>\n<\/div>\n<\/div>\n<\/div>\n<\/div>\n<\/div>\n<\/div>\n<\/div>\n<\/div>\n<\/div>\n<\/div>\n<\/article>\n<\/div>\n<\/div>\n<\/div>\n<\/div>\n<\/div>\n<\/div>\n<\/div>\n<\/div>\n<\/div>\n<\/div>\n<\/div>\n<\/div>\n<\/div>\n","protected":false},"excerpt":{"rendered":"<div class=\"flex-shrink-0 flex flex-col relative items-end\">\n<div class=\"pt-0\">\n<div class=\"gizmo-bot-avatar flex h-8 w-8 items-center justify-center overflow-hidden rounded-full\">\n<div class=\"relative p-1 rounded-sm flex items-center justify-center bg-token-main-surface-primary text-token-text-primary h-8 w-8\">\n<p>Bevor Sie bestellen, lesen Sie bitte die folgenden wichtigen Details zur Aktivierung des Moduls, zu Fehlermeldungen und zur Funktionalit\u00e4t.<\/p>\n<div class=\"flex max-w-full flex-col flex-grow\">\n<div class=\"min-h-[20px] text-message flex w-full flex-col items-end gap-2 whitespace-normal break-words [.text-message+&amp;]:mt-5\" dir=\"auto\" data-message-author-role=\"assistant\" data-message-id=\"fa49fe5c-62a3-4d02-842e-7a1021d9fec1\">\n<div class=\"flex w-full flex-col gap-1 empty:hidden first:pt-[3px]\">\n<div class=\"markdown prose w-full break-words dark:prose-invert dark\">\n<p><strong>F\u00dcR MODELLE, DIE SEIT 2016 VER\u00d6FFENTLICHT WURDEN:<\/strong> Die Assistenzsysteme funktionieren nicht, aber die Geschwindigkeitsanzeige funktioniert je nach dem gew\u00e4hlten Modus. Einfache Einrichtung zum Selbermachen. Kann w\u00e4hrend der Fahrt aktiviert oder deaktiviert werden. Ausgestattet mit hochwertigen Steckern und hitzebest\u00e4ndigen Kabeln f\u00fcr zuverl\u00e4ssige Leistung.   <\/p>\n<p class=\"p1\"><b> \u2705 Nahtlose Integration<\/b><b><\/b><\/p>\n<p class=\"p1\">\u2705<b> Einfache Installation<\/b><b><\/b><\/p>\n<p class=\"p1\">\u2705<b> Genaue Verwaltung des Kilometerstandes<\/b><b><\/b><\/p>\n<p class=\"p1\"><b> \u2705 Betrieb im Tarnkappenmodus<\/b><b><\/b><\/p>\n<p class=\"p1\"><span class=\"s1\">\u2705<\/span><b> Lebenslanger Support und Updates<\/b><\/p>\n<\/div>\n<\/div>\n<\/div>\n<\/div>\n<\/div>\n<\/div>\n<\/div>\n<\/div>\n","protected":false},"featured_media":829,"comment_status":"open","ping_status":"closed","template":"","meta":[],"product_brand":[],"product_cat":[662],"product_tag":[],"class_list":{"0":"post-6280","1":"product","2":"type-product","3":"status-publish","4":"has-post-thumbnail","6":"product_cat-porsche","8":"first","9":"instock","10":"taxable","11":"shipping-taxable","12":"purchasable","13":"product-type-variable"},"yoast_head":"<!-- This site is optimized with the Yoast SEO plugin v27.5 - https:\/\/yoast.com\/product\/yoast-seo-wordpress\/ -->\n<title>Porsche 721 Boxster Typ 982 Mileage Blocker (KM stopper) \u2192 KM Block<\/title>\n<meta name=\"description\" content=\"Buy a Porsche 721 Boxster Typ 982 Mileage Blocker for the Best Prices \u2713 Free Shipping \u2713 Incl. Installation Guides\" \/>\n<meta name=\"robots\" content=\"index, follow, max-snippet:-1, max-image-preview:large, max-video-preview:-1\" \/>\n<meta property=\"og:locale\" content=\"de_DE\" \/>\n<meta property=\"og:type\" content=\"article\" \/>\n<meta property=\"og:title\" content=\"Porsche 721 Boxster Typ 982 Mileage Blocker (KM stopper) \u2192 KM Block\" \/>\n<meta property=\"og:description\" content=\"Buy a Porsche 721 Boxster Typ 982 Mileage Blocker for the Best Prices \u2713 Free Shipping \u2713 Incl. Installation Guides\" \/>\n<meta property=\"og:url\" content=\"https:\/\/kmblock.com\/de\/product\/porsche-721-boxster-typ-982\/\" \/>\n<meta property=\"og:site_name\" content=\"KM Block\" \/>\n<meta property=\"og:image\" content=\"https:\/\/kmblock.com\/wp-content\/uploads\/2024\/09\/Porsche-721-Boxster-Type-982.jpg\" \/>\n\t<meta property=\"og:image:width\" content=\"800\" \/>\n\t<meta property=\"og:image:height\" content=\"800\" \/>\n\t<meta property=\"og:image:type\" content=\"image\/jpeg\" \/>\n<meta name=\"twitter:card\" content=\"summary_large_image\" \/>\n<meta name=\"twitter:label1\" content=\"Gesch\u00e4tzte Lesezeit\" \/>\n\t<meta name=\"twitter:data1\" content=\"2\u00a0Minuten\" \/>\n<script type=\"application\/ld+json\" class=\"yoast-schema-graph\">{\"@context\":\"https:\\\/\\\/schema.org\",\"@graph\":[{\"@type\":\"WebPage\",\"@id\":\"https:\\\/\\\/kmblock.com\\\/de\\\/product\\\/porsche-721-boxster-typ-982\\\/\",\"url\":\"https:\\\/\\\/kmblock.com\\\/de\\\/product\\\/porsche-721-boxster-typ-982\\\/\",\"name\":\"Porsche 721 Boxster Typ 982 Mileage Blocker (KM stopper) \u2192 KM Block\",\"isPartOf\":{\"@id\":\"https:\\\/\\\/kmblock.com\\\/de\\\/#website\"},\"primaryImageOfPage\":{\"@id\":\"https:\\\/\\\/kmblock.com\\\/de\\\/product\\\/porsche-721-boxster-typ-982\\\/#primaryimage\"},\"image\":{\"@id\":\"https:\\\/\\\/kmblock.com\\\/de\\\/product\\\/porsche-721-boxster-typ-982\\\/#primaryimage\"},\"thumbnailUrl\":\"https:\\\/\\\/kmblock.com\\\/wp-content\\\/uploads\\\/2024\\\/09\\\/Porsche-721-Boxster-Type-982.jpg\",\"datePublished\":\"2024-09-22T13:29:44+00:00\",\"description\":\"Buy a Porsche 721 Boxster Typ 982 Mileage Blocker for the Best Prices \u2713 Free Shipping \u2713 Incl. Installation Guides\",\"breadcrumb\":{\"@id\":\"https:\\\/\\\/kmblock.com\\\/de\\\/product\\\/porsche-721-boxster-typ-982\\\/#breadcrumb\"},\"inLanguage\":\"de\",\"potentialAction\":[{\"@type\":\"ReadAction\",\"target\":[\"https:\\\/\\\/kmblock.com\\\/de\\\/product\\\/porsche-721-boxster-typ-982\\\/\"]}]},{\"@type\":\"ImageObject\",\"inLanguage\":\"de\",\"@id\":\"https:\\\/\\\/kmblock.com\\\/de\\\/product\\\/porsche-721-boxster-typ-982\\\/#primaryimage\",\"url\":\"https:\\\/\\\/kmblock.com\\\/wp-content\\\/uploads\\\/2024\\\/09\\\/Porsche-721-Boxster-Type-982.jpg\",\"contentUrl\":\"https:\\\/\\\/kmblock.com\\\/wp-content\\\/uploads\\\/2024\\\/09\\\/Porsche-721-Boxster-Type-982.jpg\",\"width\":800,\"height\":800,\"caption\":\"Porsche 721 Boxster Type 982\"},{\"@type\":\"BreadcrumbList\",\"@id\":\"https:\\\/\\\/kmblock.com\\\/de\\\/product\\\/porsche-721-boxster-typ-982\\\/#breadcrumb\",\"itemListElement\":[{\"@type\":\"ListItem\",\"position\":1,\"name\":\"Startseite\",\"item\":\"https:\\\/\\\/kmblock.com\\\/de\\\/\"},{\"@type\":\"ListItem\",\"position\":2,\"name\":\"Produkte\",\"item\":\"https:\\\/\\\/kmblock.com\\\/de\\\/shop\\\/\"},{\"@type\":\"ListItem\",\"position\":3,\"name\":\"Porsche 721 Boxster Typ 982\"}]},{\"@type\":\"WebSite\",\"@id\":\"https:\\\/\\\/kmblock.com\\\/de\\\/#website\",\"url\":\"https:\\\/\\\/kmblock.com\\\/de\\\/\",\"name\":\"KM Block\",\"description\":\"\",\"publisher\":{\"@id\":\"https:\\\/\\\/kmblock.com\\\/de\\\/#organization\"},\"potentialAction\":[{\"@type\":\"SearchAction\",\"target\":{\"@type\":\"EntryPoint\",\"urlTemplate\":\"https:\\\/\\\/kmblock.com\\\/de\\\/?s={search_term_string}\"},\"query-input\":{\"@type\":\"PropertyValueSpecification\",\"valueRequired\":true,\"valueName\":\"search_term_string\"}}],\"inLanguage\":\"de\"},{\"@type\":\"Organization\",\"@id\":\"https:\\\/\\\/kmblock.com\\\/de\\\/#organization\",\"name\":\"KM-Block\",\"url\":\"https:\\\/\\\/kmblock.com\\\/de\\\/\",\"logo\":{\"@type\":\"ImageObject\",\"inLanguage\":\"de\",\"@id\":\"https:\\\/\\\/kmblock.com\\\/de\\\/#\\\/schema\\\/logo\\\/image\\\/\",\"url\":\"https:\\\/\\\/kmblock.com\\\/wp-content\\\/uploads\\\/2024\\\/08\\\/main-logo.png\",\"contentUrl\":\"https:\\\/\\\/kmblock.com\\\/wp-content\\\/uploads\\\/2024\\\/08\\\/main-logo.png\",\"width\":186,\"height\":28,\"caption\":\"KM-Block\"},\"image\":{\"@id\":\"https:\\\/\\\/kmblock.com\\\/de\\\/#\\\/schema\\\/logo\\\/image\\\/\"}}]}<\/script>\n<!-- \/ Yoast SEO plugin. -->","yoast_head_json":{"title":"Porsche 721 Boxster Typ 982 Mileage Blocker (KM stopper) \u2192 KM Block","description":"Buy a Porsche 721 Boxster Typ 982 Mileage Blocker for the Best Prices \u2713 Free Shipping \u2713 Incl. Installation Guides","robots":{"index":"index","follow":"follow","max-snippet":"max-snippet:-1","max-image-preview":"max-image-preview:large","max-video-preview":"max-video-preview:-1"},"og_locale":"de_DE","og_type":"article","og_title":"Porsche 721 Boxster Typ 982 Mileage Blocker (KM stopper) \u2192 KM Block","og_description":"Buy a Porsche 721 Boxster Typ 982 Mileage Blocker for the Best Prices \u2713 Free Shipping \u2713 Incl. Installation Guides","og_url":"https:\/\/kmblock.com\/de\/product\/porsche-721-boxster-typ-982\/","og_site_name":"KM Block","og_image":[{"width":800,"height":800,"url":"https:\/\/kmblock.com\/wp-content\/uploads\/2024\/09\/Porsche-721-Boxster-Type-982.jpg","type":"image\/jpeg"}],"twitter_card":"summary_large_image","twitter_misc":{"Gesch\u00e4tzte Lesezeit":"2\u00a0Minuten"},"schema":{"@context":"https:\/\/schema.org","@graph":[{"@type":"WebPage","@id":"https:\/\/kmblock.com\/de\/product\/porsche-721-boxster-typ-982\/","url":"https:\/\/kmblock.com\/de\/product\/porsche-721-boxster-typ-982\/","name":"Porsche 721 Boxster Typ 982 Mileage Blocker (KM stopper) \u2192 KM Block","isPartOf":{"@id":"https:\/\/kmblock.com\/de\/#website"},"primaryImageOfPage":{"@id":"https:\/\/kmblock.com\/de\/product\/porsche-721-boxster-typ-982\/#primaryimage"},"image":{"@id":"https:\/\/kmblock.com\/de\/product\/porsche-721-boxster-typ-982\/#primaryimage"},"thumbnailUrl":"https:\/\/kmblock.com\/wp-content\/uploads\/2024\/09\/Porsche-721-Boxster-Type-982.jpg","datePublished":"2024-09-22T13:29:44+00:00","description":"Buy a Porsche 721 Boxster Typ 982 Mileage Blocker for the Best Prices \u2713 Free Shipping \u2713 Incl. Installation Guides","breadcrumb":{"@id":"https:\/\/kmblock.com\/de\/product\/porsche-721-boxster-typ-982\/#breadcrumb"},"inLanguage":"de","potentialAction":[{"@type":"ReadAction","target":["https:\/\/kmblock.com\/de\/product\/porsche-721-boxster-typ-982\/"]}]},{"@type":"ImageObject","inLanguage":"de","@id":"https:\/\/kmblock.com\/de\/product\/porsche-721-boxster-typ-982\/#primaryimage","url":"https:\/\/kmblock.com\/wp-content\/uploads\/2024\/09\/Porsche-721-Boxster-Type-982.jpg","contentUrl":"https:\/\/kmblock.com\/wp-content\/uploads\/2024\/09\/Porsche-721-Boxster-Type-982.jpg","width":800,"height":800,"caption":"Porsche 721 Boxster Type 982"},{"@type":"BreadcrumbList","@id":"https:\/\/kmblock.com\/de\/product\/porsche-721-boxster-typ-982\/#breadcrumb","itemListElement":[{"@type":"ListItem","position":1,"name":"Startseite","item":"https:\/\/kmblock.com\/de\/"},{"@type":"ListItem","position":2,"name":"Produkte","item":"https:\/\/kmblock.com\/de\/shop\/"},{"@type":"ListItem","position":3,"name":"Porsche 721 Boxster Typ 982"}]},{"@type":"WebSite","@id":"https:\/\/kmblock.com\/de\/#website","url":"https:\/\/kmblock.com\/de\/","name":"KM Block","description":"","publisher":{"@id":"https:\/\/kmblock.com\/de\/#organization"},"potentialAction":[{"@type":"SearchAction","target":{"@type":"EntryPoint","urlTemplate":"https:\/\/kmblock.com\/de\/?s={search_term_string}"},"query-input":{"@type":"PropertyValueSpecification","valueRequired":true,"valueName":"search_term_string"}}],"inLanguage":"de"},{"@type":"Organization","@id":"https:\/\/kmblock.com\/de\/#organization","name":"KM-Block","url":"https:\/\/kmblock.com\/de\/","logo":{"@type":"ImageObject","inLanguage":"de","@id":"https:\/\/kmblock.com\/de\/#\/schema\/logo\/image\/","url":"https:\/\/kmblock.com\/wp-content\/uploads\/2024\/08\/main-logo.png","contentUrl":"https:\/\/kmblock.com\/wp-content\/uploads\/2024\/08\/main-logo.png","width":186,"height":28,"caption":"KM-Block"},"image":{"@id":"https:\/\/kmblock.com\/de\/#\/schema\/logo\/image\/"}}]}},"_links":{"self":[{"href":"https:\/\/kmblock.com\/de\/wp-json\/wp\/v2\/product\/6280","targetHints":{"allow":["GET"]}}],"collection":[{"href":"https:\/\/kmblock.com\/de\/wp-json\/wp\/v2\/product"}],"about":[{"href":"https:\/\/kmblock.com\/de\/wp-json\/wp\/v2\/types\/product"}],"replies":[{"embeddable":true,"href":"https:\/\/kmblock.com\/de\/wp-json\/wp\/v2\/comments?post=6280"}],"wp:featuredmedia":[{"embeddable":true,"href":"https:\/\/kmblock.com\/de\/wp-json\/wp\/v2\/media\/829"}],"wp:attachment":[{"href":"https:\/\/kmblock.com\/de\/wp-json\/wp\/v2\/media?parent=6280"}],"wp:term":[{"taxonomy":"product_brand","embeddable":true,"href":"https:\/\/kmblock.com\/de\/wp-json\/wp\/v2\/product_brand?post=6280"},{"taxonomy":"product_cat","embeddable":true,"href":"https:\/\/kmblock.com\/de\/wp-json\/wp\/v2\/product_cat?post=6280"},{"taxonomy":"product_tag","embeddable":true,"href":"https:\/\/kmblock.com\/de\/wp-json\/wp\/v2\/product_tag?post=6280"}],"curies":[{"name":"wp","href":"https:\/\/api.w.org\/{rel}","templated":true}]}}