{"id":6260,"date":"2024-09-22T13:34:10","date_gmt":"2024-09-22T13:34:10","guid":{"rendered":"https:\/\/kmblock.com\/product\/porsche-991-991-2\/"},"modified":"2024-09-22T13:34:10","modified_gmt":"2024-09-22T13:34:10","slug":"porsche-991-991-2","status":"publish","type":"product","link":"https:\/\/kmblock.com\/de\/product\/porsche-991-991-2\/","title":{"rendered":"Porsche 991 &amp; 991\/2"},"content":{"rendered":"<div class=\"flex max-w-full flex-col flex-grow\">\n<div class=\"min-h-[20px] text-message flex w-full flex-col items-end gap-2 whitespace-normal break-words [.text-message+&amp;]:mt-5\" dir=\"auto\" data-message-author-role=\"assistant\" data-message-id=\"486fbb14-d9b0-4abf-8aac-69dd9ef3f888\">\n<div class=\"flex w-full flex-col gap-1 empty:hidden first:pt-[3px]\">\n<div class=\"markdown prose w-full break-words dark:prose-invert dark\">\n<div class=\"flex max-w-full flex-col flex-grow\">\n<div class=\"min-h-[20px] text-message flex w-full flex-col items-end gap-2 whitespace-normal break-words [.text-message+&amp;]:mt-5\" dir=\"auto\" data-message-author-role=\"assistant\" data-message-id=\"583787e4-ced2-4497-934b-fd13934d3b5f\">\n<div class=\"flex w-full flex-col gap-1 empty:hidden first:pt-[3px]\">\n<div class=\"markdown prose w-full break-words dark:prose-invert dark\">\n<div class=\"flex-1 overflow-hidden\">\n<div class=\"h-full\">\n<div class=\"react-scroll-to-bottom--css-edlrf-79elbk h-full\">\n<div class=\"react-scroll-to-bottom--css-edlrf-1n7m0yu\">\n<div class=\"flex flex-col text-sm md:pb-9\">\n<article class=\"w-full text-token-text-primary focus-visible:outline-2 focus-visible:outline-offset-[-4px]\" dir=\"auto\" data-testid=\"conversation-turn-171\" data-scroll-anchor=\"true\">\n<div class=\"text-base py-[18px] px-3 md:px-4 m-auto w-full md:px-5 lg:px-4 xl:px-5\">\n<div class=\"mx-auto flex flex-1 gap-4 text-base md:gap-5 lg:gap-6 md:max-w-3xl lg:max-w-[40rem] xl:max-w-[48rem]\">\n<div class=\"group\/conversation-turn relative flex w-full min-w-0 flex-col agent-turn\">\n<div class=\"flex-col gap-1 md:gap-3\">\n<div class=\"flex max-w-full flex-col flex-grow\">\n<div class=\"min-h-[20px] text-message flex w-full flex-col items-end gap-2 whitespace-normal break-words [.text-message+&amp;]:mt-5\" dir=\"auto\" data-message-author-role=\"assistant\" data-message-id=\"c587c539-d375-471b-ba08-a0c42b7a5935\">\n<div class=\"flex w-full flex-col gap-1 empty:hidden first:pt-[3px]\">\n<div class=\"markdown prose w-full break-words dark:prose-invert dark\">\n<div class=\"flex max-w-full flex-col flex-grow\">\n<div class=\"min-h-[20px] text-message flex w-full flex-col items-end gap-2 whitespace-normal break-words [.text-message+&amp;]:mt-5\" dir=\"auto\" data-message-author-role=\"assistant\" data-message-id=\"f2e7ca64-e326-43ac-9cc2-b5e20ed1c815\">\n<div class=\"flex w-full flex-col gap-1 empty:hidden first:pt-[3px]\">\n<div class=\"markdown prose w-full break-words dark:prose-invert dark\">\n<div class=\"flex max-w-full flex-col flex-grow\">\n<div class=\"min-h-[20px] text-message flex w-full flex-col items-end gap-2 whitespace-normal break-words [.text-message+&amp;]:mt-5\" dir=\"auto\" data-message-author-role=\"assistant\" data-message-id=\"ad6c8a64-6b87-4f7b-87fc-7b2974512196\">\n<div class=\"flex w-full flex-col gap-1 empty:hidden first:pt-[3px]\">\n<div class=\"markdown prose w-full break-words dark:prose-invert dark\">\n<h3><strong>KILOMETERSTANDSBLOCKER F\u00dcR PORSCHE 991 &amp; 991\/2<\/strong><\/h3>\n<p>Der <strong>Porsche 991 &amp; 991\/2 Mileage Blocker<\/strong>, auch bekannt als Odometer Blocker, Odometer Stopper, Can Blocker, Mileage Stopper, Trip Odometer oder Can Filter, ist ein spezielles Werkzeug, das zur Verwaltung der Aufzeichnung des Kilometerstandes verwendet wird. Dieses Ger\u00e4t ist mit allen <strong>Porsche 991 &amp; 991\/2 Modellen kompatibel, die zwischen 2011 und 2019 hergestellt wurden<\/strong>. <\/p>\n<h3><strong>SPEZIFIKATIONEN:<\/strong><\/h3>\n<ul>\n<li>Schnelle und einfache DIY-Installation.<\/li>\n<li>Kann w\u00e4hrend der Bewegung aktiviert und deaktiviert werden.<\/li>\n<li>Kein Schneiden oder L\u00f6ten erforderlich, so dass keine Spuren der Installation zur\u00fcckbleiben.<\/li>\n<li>Diagnosetools k\u00f6nnen die vom Porsche 991 &amp; 991\/2 Mileage Stopper vorgenommenen \u00c4nderungen am Kilometerstand nicht erkennen.<\/li>\n<li>Die Steckfl\u00e4che und die Rillen am Stecker garantieren eine reibungslose Installation.<\/li>\n<li>Wird mit hochwertigen Steckern und hitzebest\u00e4ndigen Kabeln geliefert.<\/li>\n<li>Einfache Bedienung \u00fcber den Hebel des Scheibenwischers.<\/li>\n<li>Die Einstellungen werden dauerhaft gespeichert, Sie m\u00fcssen sie nicht neu konfigurieren.<\/li>\n<li>Nachdem Sie das Modul entfernt haben, erh\u00f6ht sich der Kilometerstand nicht automatisch.<\/li>\n<li>Die Assistenzsysteme sind deaktiviert, aber die Geschwindigkeitsanzeige funktioniert entsprechend dem gew\u00e4hlten Modus.<\/li>\n<li>Keine Fehlermeldungen auf dem Tachometer oder dem Navigationspanel.<\/li>\n<li>Bei \u00c4nderungen des Kilometerstandes ist eine Abweichung von bis zu 1% zul\u00e4ssig, wobei es sich hierbei nur um N\u00e4herungswerte handelt.<\/li>\n<\/ul>\n<h3><strong>AKTIVIERUNG &amp; DEAKTIVIERUNG:<\/strong><\/h3>\n<p>&#8222;Aktivieren&#8220;, indem Sie beide &#8218;Return-Tasten&#8216; gleichzeitig dr\u00fccken.<\/p>\n<p><strong>Modus Ein<\/strong>: beide blinken einmal. Z\u00e4hlt 0% der Meilen. Alles funktioniert ordnungsgem\u00e4\u00df.  <\/p>\n<p><strong>Modus Aus<\/strong>: beide Blinker blinken einmal. Z\u00e4hlt 100% der Kilometer. Alles funktioniert einwandfrei.&#8220;&#8220;<\/p>\n<p><strong>WAS IST EIN PORSCHE 991 &amp; 991\/2 KILOMETERZ\u00c4HLER-BLOCKER ODER EIN WERKZEUG ZUR KILOMETERKORREKTUR?<\/strong> Der <strong>Porsche 991 &amp; 991\/2 Kilometerz\u00e4hler-Blocker\/Odometer Blocker<\/strong> wurde entwickelt, um die Aufzeichnung des Kilometerstandes w\u00e4hrend der Fahrzeugleistungspr\u00fcfung zu stoppen. Bei <strong>KM Block<\/strong> finden Sie die besten Module, die mit Originalbauteilen entwickelt wurden. Unsere Programmierer erstellen eine Software, die auf jede Automarke und jedes Modell zugeschnitten ist, um eine einwandfreie Funktionalit\u00e4t zu gew\u00e4hrleisten. Das Ger\u00e4t funktioniert gleicherma\u00dfen gut, unabh\u00e4ngig davon, ob Ihr digitaler Kilometerz\u00e4hler Meilen oder Kilometer aufzeichnet. Installieren Sie einfach das Modul und verwenden Sie Tastenkombinationen, um zwischen den Modi zu wechseln.    <\/p>\n<p>Hinweis: <strong>Wir verkaufen keine Tools zur Kilometerkorrektur f\u00fcr Porsche 991 &amp; 991\/2<\/strong>, die f\u00fcr unlautere Zwecke bestimmt sind. Tools zur Kilometerkorrektur werden in der Regel verwendet, um den Kilometerstand zur\u00fcckzusetzen oder zu l\u00f6schen, aber moderne Autos speichern die Daten an mehreren Stellen, was eine vollst\u00e4ndige Umkehrung des Kilometerstands unm\u00f6glich macht. <\/p>\n<p>Auf unserer Website bieten wir eine gro\u00dfe Auswahl an <strong>Mileage Stopper-Ger\u00e4ten<\/strong> f\u00fcr verschiedene Fahrzeuge an. Diese Ger\u00e4te eignen sich sowohl f\u00fcr Benzin- und Dieselmotoren als auch f\u00fcr Plug-in-Hybrid-Elektrofahrzeuge (PHEVs) und Elektroautos. F\u00fcr die Installation sind keine Kenntnisse der Fahrzeugwartung erforderlich. Schlie\u00dfen Sie das Modul einfach zwischen dem Tachoanschluss und dem Kombiinstrument an und genie\u00dfen Sie die Vorteile des Moduls.   <\/p>\n<p>Der <strong>Porsche 991 &amp; 991\/2 Mileage Blocker<\/strong> kann jederzeit aktiviert oder deaktiviert werden, unabh\u00e4ngig davon, ob das Fahrzeug in Bewegung ist oder steht.<\/p>\n<\/div>\n<\/div>\n<\/div>\n<\/div>\n<div class=\"mb-2 flex gap-3 empty:hidden -ml-2\">\n<div class=\"items-center justify-start rounded-xl p-1 flex\">\n<div class=\"flex items-center\">\n<div class=\"flex items-center pb-0\"><\/div>\n<\/div>\n<\/div>\n<\/div>\n<\/div>\n<\/div>\n<\/div>\n<\/div>\n<\/div>\n<\/div>\n<\/div>\n<\/div>\n<\/div>\n<\/div>\n<\/div>\n<\/div>\n<\/article>\n<\/div>\n<\/div>\n<\/div>\n<\/div>\n<\/div>\n<\/div>\n<\/div>\n<\/div>\n<\/div>\n<\/div>\n<\/div>\n<\/div>\n<\/div>\n","protected":false},"excerpt":{"rendered":"<div class=\"flex-shrink-0 flex flex-col relative items-end\">\n<div class=\"pt-0\">\n<div class=\"gizmo-bot-avatar flex h-8 w-8 items-center justify-center overflow-hidden rounded-full\">\n<div class=\"relative p-1 rounded-sm flex items-center justify-center bg-token-main-surface-primary text-token-text-primary h-8 w-8\">\n<p>Bevor Sie bestellen, lesen Sie bitte die folgenden wichtigen Details zur Aktivierung des Moduls, zu Fehlermeldungen und zur Funktionalit\u00e4t.<\/p>\n<div class=\"flex max-w-full flex-col flex-grow\">\n<div class=\"min-h-[20px] text-message flex w-full flex-col items-end gap-2 whitespace-normal break-words [.text-message+&amp;]:mt-5\" dir=\"auto\" data-message-author-role=\"assistant\" data-message-id=\"fa49fe5c-62a3-4d02-842e-7a1021d9fec1\">\n<div class=\"flex w-full flex-col gap-1 empty:hidden first:pt-[3px]\">\n<div class=\"markdown prose w-full break-words dark:prose-invert dark\">\n<p><strong>F\u00dcR MODELLE, DIE ZWISCHEN 2011 und 2019 erschienen sind:<\/strong> Die Assistenzsysteme sind deaktiviert, aber die Geschwindigkeitsanzeige funktioniert je nach gew\u00e4hltem Modus. Einfache Do-it-yourself-Installation. Nicht zur\u00fcckverfolgbare Leistung. Kann aktiviert werden, w\u00e4hrend das Fahrzeug in Bewegung ist.   <\/p>\n<p class=\"p1\"><b> \u2705 Nahtlose Integration<\/b><b><\/b><\/p>\n<p class=\"p1\">\u2705<b> Einfache Installation<\/b><b><\/b><\/p>\n<p class=\"p1\">\u2705<b> Genaue Verwaltung des Kilometerstandes<\/b><b><\/b><\/p>\n<p class=\"p1\"><b> \u2705 Betrieb im Tarnkappenmodus<\/b><b><\/b><\/p>\n<p class=\"p1\"><span class=\"s1\">\u2705<\/span><b> Lebenslanger Support und Updates<\/b><\/p>\n<\/div>\n<\/div>\n<\/div>\n<\/div>\n<\/div>\n<\/div>\n<\/div>\n<\/div>\n","protected":false},"featured_media":831,"comment_status":"open","ping_status":"closed","template":"","meta":[],"product_brand":[],"product_cat":[662],"product_tag":[],"class_list":{"0":"post-6260","1":"product","2":"type-product","3":"status-publish","4":"has-post-thumbnail","6":"product_cat-porsche","8":"first","9":"instock","10":"taxable","11":"shipping-taxable","12":"purchasable","13":"product-type-variable"},"yoast_head":"<!-- This site is optimized with the Yoast SEO plugin v27.5 - https:\/\/yoast.com\/product\/yoast-seo-wordpress\/ -->\n<title>Porsche 991 &amp; 991\/2 Mileage Blocker (KM stopper) \u2192 KM Block<\/title>\n<meta name=\"description\" content=\"Buy a Porsche 991 &amp; 991\/2 Mileage Blocker for the Best Prices \u2713 Free Shipping \u2713 Incl. Installation Guides\" \/>\n<meta name=\"robots\" content=\"index, follow, max-snippet:-1, max-image-preview:large, max-video-preview:-1\" \/>\n<meta property=\"og:locale\" content=\"de_DE\" \/>\n<meta property=\"og:type\" content=\"article\" \/>\n<meta property=\"og:title\" content=\"Porsche 991 &amp; 991\/2 Mileage Blocker (KM stopper) \u2192 KM Block\" \/>\n<meta property=\"og:description\" content=\"Buy a Porsche 991 &amp; 991\/2 Mileage Blocker for the Best Prices \u2713 Free Shipping \u2713 Incl. Installation Guides\" \/>\n<meta property=\"og:url\" content=\"https:\/\/kmblock.com\/de\/product\/porsche-991-991-2\/\" \/>\n<meta property=\"og:site_name\" content=\"KM Block\" \/>\n<meta property=\"og:image\" content=\"https:\/\/kmblock.com\/wp-content\/uploads\/2024\/09\/Porsche-991-9912.jpg\" \/>\n\t<meta property=\"og:image:width\" content=\"800\" \/>\n\t<meta property=\"og:image:height\" content=\"800\" \/>\n\t<meta property=\"og:image:type\" content=\"image\/jpeg\" \/>\n<meta name=\"twitter:card\" content=\"summary_large_image\" \/>\n<meta name=\"twitter:label1\" content=\"Gesch\u00e4tzte Lesezeit\" \/>\n\t<meta name=\"twitter:data1\" content=\"2\u00a0Minuten\" \/>\n<script type=\"application\/ld+json\" class=\"yoast-schema-graph\">{\"@context\":\"https:\\\/\\\/schema.org\",\"@graph\":[{\"@type\":\"WebPage\",\"@id\":\"https:\\\/\\\/kmblock.com\\\/de\\\/product\\\/porsche-991-991-2\\\/\",\"url\":\"https:\\\/\\\/kmblock.com\\\/de\\\/product\\\/porsche-991-991-2\\\/\",\"name\":\"Porsche 991 &amp; 991\\\/2 Mileage Blocker (KM stopper) \u2192 KM Block\",\"isPartOf\":{\"@id\":\"https:\\\/\\\/kmblock.com\\\/de\\\/#website\"},\"primaryImageOfPage\":{\"@id\":\"https:\\\/\\\/kmblock.com\\\/de\\\/product\\\/porsche-991-991-2\\\/#primaryimage\"},\"image\":{\"@id\":\"https:\\\/\\\/kmblock.com\\\/de\\\/product\\\/porsche-991-991-2\\\/#primaryimage\"},\"thumbnailUrl\":\"https:\\\/\\\/kmblock.com\\\/wp-content\\\/uploads\\\/2024\\\/09\\\/Porsche-991-9912.jpg\",\"datePublished\":\"2024-09-22T13:34:10+00:00\",\"description\":\"Buy a Porsche 991 &amp; 991\\\/2 Mileage Blocker for the Best Prices \u2713 Free Shipping \u2713 Incl. Installation Guides\",\"breadcrumb\":{\"@id\":\"https:\\\/\\\/kmblock.com\\\/de\\\/product\\\/porsche-991-991-2\\\/#breadcrumb\"},\"inLanguage\":\"de\",\"potentialAction\":[{\"@type\":\"ReadAction\",\"target\":[\"https:\\\/\\\/kmblock.com\\\/de\\\/product\\\/porsche-991-991-2\\\/\"]}]},{\"@type\":\"ImageObject\",\"inLanguage\":\"de\",\"@id\":\"https:\\\/\\\/kmblock.com\\\/de\\\/product\\\/porsche-991-991-2\\\/#primaryimage\",\"url\":\"https:\\\/\\\/kmblock.com\\\/wp-content\\\/uploads\\\/2024\\\/09\\\/Porsche-991-9912.jpg\",\"contentUrl\":\"https:\\\/\\\/kmblock.com\\\/wp-content\\\/uploads\\\/2024\\\/09\\\/Porsche-991-9912.jpg\",\"width\":800,\"height\":800,\"caption\":\"Porsche 991 &991\\\/2\"},{\"@type\":\"BreadcrumbList\",\"@id\":\"https:\\\/\\\/kmblock.com\\\/de\\\/product\\\/porsche-991-991-2\\\/#breadcrumb\",\"itemListElement\":[{\"@type\":\"ListItem\",\"position\":1,\"name\":\"Startseite\",\"item\":\"https:\\\/\\\/kmblock.com\\\/de\\\/\"},{\"@type\":\"ListItem\",\"position\":2,\"name\":\"Produkte\",\"item\":\"https:\\\/\\\/kmblock.com\\\/de\\\/shop\\\/\"},{\"@type\":\"ListItem\",\"position\":3,\"name\":\"Porsche 991 &amp; 991\\\/2\"}]},{\"@type\":\"WebSite\",\"@id\":\"https:\\\/\\\/kmblock.com\\\/de\\\/#website\",\"url\":\"https:\\\/\\\/kmblock.com\\\/de\\\/\",\"name\":\"KM Block\",\"description\":\"\",\"publisher\":{\"@id\":\"https:\\\/\\\/kmblock.com\\\/de\\\/#organization\"},\"potentialAction\":[{\"@type\":\"SearchAction\",\"target\":{\"@type\":\"EntryPoint\",\"urlTemplate\":\"https:\\\/\\\/kmblock.com\\\/de\\\/?s={search_term_string}\"},\"query-input\":{\"@type\":\"PropertyValueSpecification\",\"valueRequired\":true,\"valueName\":\"search_term_string\"}}],\"inLanguage\":\"de\"},{\"@type\":\"Organization\",\"@id\":\"https:\\\/\\\/kmblock.com\\\/de\\\/#organization\",\"name\":\"KM-Block\",\"url\":\"https:\\\/\\\/kmblock.com\\\/de\\\/\",\"logo\":{\"@type\":\"ImageObject\",\"inLanguage\":\"de\",\"@id\":\"https:\\\/\\\/kmblock.com\\\/de\\\/#\\\/schema\\\/logo\\\/image\\\/\",\"url\":\"https:\\\/\\\/kmblock.com\\\/wp-content\\\/uploads\\\/2024\\\/08\\\/main-logo.png\",\"contentUrl\":\"https:\\\/\\\/kmblock.com\\\/wp-content\\\/uploads\\\/2024\\\/08\\\/main-logo.png\",\"width\":186,\"height\":28,\"caption\":\"KM-Block\"},\"image\":{\"@id\":\"https:\\\/\\\/kmblock.com\\\/de\\\/#\\\/schema\\\/logo\\\/image\\\/\"}}]}<\/script>\n<!-- \/ Yoast SEO plugin. -->","yoast_head_json":{"title":"Porsche 991 &amp; 991\/2 Mileage Blocker (KM stopper) \u2192 KM Block","description":"Buy a Porsche 991 &amp; 991\/2 Mileage Blocker for the Best Prices \u2713 Free Shipping \u2713 Incl. Installation Guides","robots":{"index":"index","follow":"follow","max-snippet":"max-snippet:-1","max-image-preview":"max-image-preview:large","max-video-preview":"max-video-preview:-1"},"og_locale":"de_DE","og_type":"article","og_title":"Porsche 991 &amp; 991\/2 Mileage Blocker (KM stopper) \u2192 KM Block","og_description":"Buy a Porsche 991 &amp; 991\/2 Mileage Blocker for the Best Prices \u2713 Free Shipping \u2713 Incl. Installation Guides","og_url":"https:\/\/kmblock.com\/de\/product\/porsche-991-991-2\/","og_site_name":"KM Block","og_image":[{"width":800,"height":800,"url":"https:\/\/kmblock.com\/wp-content\/uploads\/2024\/09\/Porsche-991-9912.jpg","type":"image\/jpeg"}],"twitter_card":"summary_large_image","twitter_misc":{"Gesch\u00e4tzte Lesezeit":"2\u00a0Minuten"},"schema":{"@context":"https:\/\/schema.org","@graph":[{"@type":"WebPage","@id":"https:\/\/kmblock.com\/de\/product\/porsche-991-991-2\/","url":"https:\/\/kmblock.com\/de\/product\/porsche-991-991-2\/","name":"Porsche 991 &amp; 991\/2 Mileage Blocker (KM stopper) \u2192 KM Block","isPartOf":{"@id":"https:\/\/kmblock.com\/de\/#website"},"primaryImageOfPage":{"@id":"https:\/\/kmblock.com\/de\/product\/porsche-991-991-2\/#primaryimage"},"image":{"@id":"https:\/\/kmblock.com\/de\/product\/porsche-991-991-2\/#primaryimage"},"thumbnailUrl":"https:\/\/kmblock.com\/wp-content\/uploads\/2024\/09\/Porsche-991-9912.jpg","datePublished":"2024-09-22T13:34:10+00:00","description":"Buy a Porsche 991 &amp; 991\/2 Mileage Blocker for the Best Prices \u2713 Free Shipping \u2713 Incl. Installation Guides","breadcrumb":{"@id":"https:\/\/kmblock.com\/de\/product\/porsche-991-991-2\/#breadcrumb"},"inLanguage":"de","potentialAction":[{"@type":"ReadAction","target":["https:\/\/kmblock.com\/de\/product\/porsche-991-991-2\/"]}]},{"@type":"ImageObject","inLanguage":"de","@id":"https:\/\/kmblock.com\/de\/product\/porsche-991-991-2\/#primaryimage","url":"https:\/\/kmblock.com\/wp-content\/uploads\/2024\/09\/Porsche-991-9912.jpg","contentUrl":"https:\/\/kmblock.com\/wp-content\/uploads\/2024\/09\/Porsche-991-9912.jpg","width":800,"height":800,"caption":"Porsche 991 &991\/2"},{"@type":"BreadcrumbList","@id":"https:\/\/kmblock.com\/de\/product\/porsche-991-991-2\/#breadcrumb","itemListElement":[{"@type":"ListItem","position":1,"name":"Startseite","item":"https:\/\/kmblock.com\/de\/"},{"@type":"ListItem","position":2,"name":"Produkte","item":"https:\/\/kmblock.com\/de\/shop\/"},{"@type":"ListItem","position":3,"name":"Porsche 991 &amp; 991\/2"}]},{"@type":"WebSite","@id":"https:\/\/kmblock.com\/de\/#website","url":"https:\/\/kmblock.com\/de\/","name":"KM Block","description":"","publisher":{"@id":"https:\/\/kmblock.com\/de\/#organization"},"potentialAction":[{"@type":"SearchAction","target":{"@type":"EntryPoint","urlTemplate":"https:\/\/kmblock.com\/de\/?s={search_term_string}"},"query-input":{"@type":"PropertyValueSpecification","valueRequired":true,"valueName":"search_term_string"}}],"inLanguage":"de"},{"@type":"Organization","@id":"https:\/\/kmblock.com\/de\/#organization","name":"KM-Block","url":"https:\/\/kmblock.com\/de\/","logo":{"@type":"ImageObject","inLanguage":"de","@id":"https:\/\/kmblock.com\/de\/#\/schema\/logo\/image\/","url":"https:\/\/kmblock.com\/wp-content\/uploads\/2024\/08\/main-logo.png","contentUrl":"https:\/\/kmblock.com\/wp-content\/uploads\/2024\/08\/main-logo.png","width":186,"height":28,"caption":"KM-Block"},"image":{"@id":"https:\/\/kmblock.com\/de\/#\/schema\/logo\/image\/"}}]}},"_links":{"self":[{"href":"https:\/\/kmblock.com\/de\/wp-json\/wp\/v2\/product\/6260","targetHints":{"allow":["GET"]}}],"collection":[{"href":"https:\/\/kmblock.com\/de\/wp-json\/wp\/v2\/product"}],"about":[{"href":"https:\/\/kmblock.com\/de\/wp-json\/wp\/v2\/types\/product"}],"replies":[{"embeddable":true,"href":"https:\/\/kmblock.com\/de\/wp-json\/wp\/v2\/comments?post=6260"}],"wp:featuredmedia":[{"embeddable":true,"href":"https:\/\/kmblock.com\/de\/wp-json\/wp\/v2\/media\/831"}],"wp:attachment":[{"href":"https:\/\/kmblock.com\/de\/wp-json\/wp\/v2\/media?parent=6260"}],"wp:term":[{"taxonomy":"product_brand","embeddable":true,"href":"https:\/\/kmblock.com\/de\/wp-json\/wp\/v2\/product_brand?post=6260"},{"taxonomy":"product_cat","embeddable":true,"href":"https:\/\/kmblock.com\/de\/wp-json\/wp\/v2\/product_cat?post=6260"},{"taxonomy":"product_tag","embeddable":true,"href":"https:\/\/kmblock.com\/de\/wp-json\/wp\/v2\/product_tag?post=6260"}],"curies":[{"name":"wp","href":"https:\/\/api.w.org\/{rel}","templated":true}]}}