{"id":6242,"date":"2024-09-23T05:13:47","date_gmt":"2024-09-23T05:13:47","guid":{"rendered":"https:\/\/kmblock.com\/product\/porsche-boxster-typ-981\/"},"modified":"2024-09-23T05:13:47","modified_gmt":"2024-09-23T05:13:47","slug":"porsche-boxster-typ-981","status":"publish","type":"product","link":"https:\/\/kmblock.com\/de\/product\/porsche-boxster-typ-981\/","title":{"rendered":"Porsche Boxster Typ 981"},"content":{"rendered":"<div class=\"flex max-w-full flex-col flex-grow\">\n<div class=\"min-h-[20px] text-message flex w-full flex-col items-end gap-2 whitespace-normal break-words [.text-message+&amp;]:mt-5\" dir=\"auto\" data-message-author-role=\"assistant\" data-message-id=\"486fbb14-d9b0-4abf-8aac-69dd9ef3f888\">\n<div class=\"flex w-full flex-col gap-1 empty:hidden first:pt-[3px]\">\n<div class=\"markdown prose w-full break-words dark:prose-invert dark\">\n<div class=\"flex max-w-full flex-col flex-grow\">\n<div class=\"min-h-[20px] text-message flex w-full flex-col items-end gap-2 whitespace-normal break-words [.text-message+&amp;]:mt-5\" dir=\"auto\" data-message-author-role=\"assistant\" data-message-id=\"583787e4-ced2-4497-934b-fd13934d3b5f\">\n<div class=\"flex w-full flex-col gap-1 empty:hidden first:pt-[3px]\">\n<div class=\"markdown prose w-full break-words dark:prose-invert dark\">\n<div class=\"flex-1 overflow-hidden\">\n<div class=\"h-full\">\n<div class=\"react-scroll-to-bottom--css-edlrf-79elbk h-full\">\n<div class=\"react-scroll-to-bottom--css-edlrf-1n7m0yu\">\n<div class=\"flex flex-col text-sm md:pb-9\">\n<article class=\"w-full text-token-text-primary focus-visible:outline-2 focus-visible:outline-offset-[-4px]\" dir=\"auto\" data-testid=\"conversation-turn-171\" data-scroll-anchor=\"true\">\n<div class=\"text-base py-[18px] px-3 md:px-4 m-auto w-full md:px-5 lg:px-4 xl:px-5\">\n<div class=\"mx-auto flex flex-1 gap-4 text-base md:gap-5 lg:gap-6 md:max-w-3xl lg:max-w-[40rem] xl:max-w-[48rem]\">\n<div class=\"group\/conversation-turn relative flex w-full min-w-0 flex-col agent-turn\">\n<div class=\"flex-col gap-1 md:gap-3\">\n<div class=\"flex max-w-full flex-col flex-grow\">\n<div class=\"min-h-[20px] text-message flex w-full flex-col items-end gap-2 whitespace-normal break-words [.text-message+&amp;]:mt-5\" dir=\"auto\" data-message-author-role=\"assistant\" data-message-id=\"c587c539-d375-471b-ba08-a0c42b7a5935\">\n<div class=\"flex w-full flex-col gap-1 empty:hidden first:pt-[3px]\">\n<div class=\"markdown prose w-full break-words dark:prose-invert dark\">\n<div class=\"flex max-w-full flex-col flex-grow\">\n<div class=\"min-h-[20px] text-message flex w-full flex-col items-end gap-2 whitespace-normal break-words [.text-message+&amp;]:mt-5\" dir=\"auto\" data-message-author-role=\"assistant\" data-message-id=\"f2e7ca64-e326-43ac-9cc2-b5e20ed1c815\">\n<div class=\"flex w-full flex-col gap-1 empty:hidden first:pt-[3px]\">\n<div class=\"markdown prose w-full break-words dark:prose-invert dark\">\n<div class=\"flex max-w-full flex-col flex-grow\">\n<div class=\"min-h-[20px] text-message flex w-full flex-col items-end gap-2 whitespace-normal break-words [.text-message+&amp;]:mt-5\" dir=\"auto\" data-message-author-role=\"assistant\" data-message-id=\"ad6c8a64-6b87-4f7b-87fc-7b2974512196\">\n<div class=\"flex w-full flex-col gap-1 empty:hidden first:pt-[3px]\">\n<div class=\"markdown prose w-full break-words dark:prose-invert dark\">\n<h3><strong>KILOMETERSTAND-BLOCKER F\u00dcR PORSCHE 992 GT3 \/ RS<\/strong><\/h3>\n<p>Der Porsche 992 GT3 \/ RS Mileage Blocker, der auch als Odometer Blocker, Odometer Stopper, CAN Blocker, Mileage Stopper, Trip Odometer, CAN Filter oder in manchen F\u00e4llen auch als Mileage Correction Tool bezeichnet wird, ist speziell f\u00fcr alle Porsche 992 GT3 \/ RS Modelle konzipiert.<\/p>\n<h3>Spezifikationen:<\/h3>\n<ul>\n<li><strong>Aktivieren\/Deaktivieren w\u00e4hrend der Fahrt:<\/strong> Kann w\u00e4hrend der Fahrt ein- oder ausgeschaltet werden.<\/li>\n<li><strong>Fehlerfreier Betrieb:<\/strong> Es erscheinen keine Fehlermeldungen auf dem Tachometer oder dem Navigationspanel.<\/li>\n<li><strong>DIY-Installation:<\/strong> Einfacher Installationsprozess, der keine Hilfe von Experten erfordert.<\/li>\n<li><strong>Benutzerfreundlich:<\/strong> Einfache Bedienung durch voreingestellte Tastenkombinationen.<\/li>\n<li><strong>Erstklassige Ausf\u00fchrung:<\/strong> Mit hochwertigen Steckern und hitzebest\u00e4ndigen Kabeln f\u00fcr lange Haltbarkeit.<\/li>\n<li><strong>Hinterl\u00e4sst keine Spuren:<\/strong> Kein L\u00f6ten oder Schneiden von Kabeln erforderlich, so dass keine Spuren zur\u00fcckbleiben.<\/li>\n<li><strong>Nicht nachweisbar:<\/strong> Diagnosetools k\u00f6nnen die vom Porsche 992 Mileage Blocker vorgenommenen \u00c4nderungen des Kilometerstandes nicht erkennen.<\/li>\n<li><strong>Einfache Installation:<\/strong> Die Passfl\u00e4che und die Rillen am Stecker sorgen f\u00fcr eine reibungslose Installation.<\/li>\n<li><strong>Mehrere Modi:<\/strong> W\u00e4hlen Sie aus mehreren Modi, um Ihren Bed\u00fcrfnissen gerecht zu werden.<\/li>\n<li><strong>Kein Springen des Kilometerstandes nach dem Ausbau:<\/strong> Nach dem Ausbau erh\u00f6ht sich der Kilometerstand nicht unerwartet.<\/li>\n<li><strong>Einwandfreie Systemfunktionalit\u00e4t:<\/strong> Tachometer und alle Assistenzsysteme funktionieren w\u00e4hrend des Gebrauchs einwandfrei.<\/li>\n<li><strong>Genauigkeit:<\/strong> Bei Modi, die den Kilometerstand vollst\u00e4ndig stoppen, kann es aufgrund von leichten Messabweichungen zu Abweichungen von bis zu 1% der tats\u00e4chlichen Entfernung kommen.<\/li>\n<\/ul>\n<h3>Aktivierung &amp; Deaktivierung:<\/h3>\n<p>&#8222;Aktivieren&#8220;, indem Sie beide &#8218;Return-Tasten&#8216; gleichzeitig dr\u00fccken.<\/p>\n<p><strong>Modus Ein:<\/strong> beide blinken einmal. Z\u00e4hlt 0% der Meilen. Alles funktioniert ordnungsgem\u00e4\u00df.  <\/p>\n<p><strong>Modus Aus:<\/strong> beide Blinker blinken einmal. Z\u00e4hlt 100% der Kilometer. Alles funktioniert einwandfrei.&#8220;&#8220;<\/p>\n<h3>Was ist der Porsche 992 GT3 \/ RS Kilometerstandsblocker?<\/h3>\n<p>Der Porsche 992 GT3 \/ RS Mileage Blocker wurde entwickelt, um die Aufzeichnung des Kilometerstandes bei Leistungstests zu verhindern. Bei KM Block k\u00f6nnen Sie dieses Premium-Modul erwerben, das aus Originalbauteilen besteht. Jedes Modul ist mit einer speziell f\u00fcr das jeweilige Modell geschriebenen Software ausgestattet, die eine einwandfreie Funktion gew\u00e4hrleistet. Ganz gleich, ob Ihr Fahrzeug die Entfernung in Meilen oder Kilometern misst, dieses Tool funktioniert perfekt.   <\/p>\n<p><strong>Bitte beachten Sie:<\/strong> Wir verkaufen keine Tools zur Kilometerkorrektur f\u00fcr betr\u00fcgerische Zwecke, wie z.B. das Zur\u00fcckdrehen des Kilometerz\u00e4hlers. Diese Tools entfernen nur den Kilometerstand auf dem Tacho, k\u00f6nnen aber nicht den Kilometerstand in den Datenspeichern des Fahrzeugs umkehren. <\/p>\n<h3>Kompatibilit\u00e4t:<\/h3>\n<p>Der Mileage Blocker funktioniert nahtlos mit Diesel-Benzinmotoren, Plug-in-Hybrid-Elektrofahrzeugen (PHEVs) und Elektroautos. Die Installation ist unkompliziert und kann in etwa einer Stunde abgeschlossen werden. Stecken Sie ihn einfach zwischen den Anschluss des Tachometers und das Kombiinstrument und schon k\u00f6nnen Sie seine Vorteile genie\u00dfen.  <\/p>\n<p>Der Porsche 992 GT3 \/ RS Mileage Blocker kann jederzeit, auch w\u00e4hrend der Fahrt, aktiviert oder deaktiviert werden.<\/p>\n<\/div>\n<\/div>\n<\/div>\n<\/div>\n<\/div>\n<\/div>\n<\/div>\n<\/div>\n<\/div>\n<\/div>\n<\/div>\n<\/div>\n<\/div>\n<\/div>\n<\/div>\n<\/div>\n<\/article>\n<\/div>\n<\/div>\n<\/div>\n<\/div>\n<\/div>\n<\/div>\n<\/div>\n<\/div>\n<\/div>\n<\/div>\n<\/div>\n<\/div>\n<\/div>\n","protected":false},"excerpt":{"rendered":"<div class=\"flex-shrink-0 flex flex-col relative items-end\">\n<div class=\"pt-0\">\n<div class=\"gizmo-bot-avatar flex h-8 w-8 items-center justify-center overflow-hidden rounded-full\">\n<div class=\"relative p-1 rounded-sm flex items-center justify-center bg-token-main-surface-primary text-token-text-primary h-8 w-8\">\n<p>Bevor Sie bestellen, lesen Sie bitte die folgenden wichtigen Details zur Aktivierung des Moduls, zu Fehlermeldungen und zur Funktionalit\u00e4t.<\/p>\n<div class=\"flex max-w-full flex-col flex-grow\">\n<div class=\"min-h-[20px] text-message flex w-full flex-col items-end gap-2 whitespace-normal break-words [.text-message+&amp;]:mt-5\" dir=\"auto\" data-message-author-role=\"assistant\" data-message-id=\"fa49fe5c-62a3-4d02-842e-7a1021d9fec1\">\n<div class=\"flex w-full flex-col gap-1 empty:hidden first:pt-[3px]\">\n<div class=\"markdown prose w-full break-words dark:prose-invert dark\">\n<p><strong>F\u00dcR MODELLE, DIE ZWISCHEN 2012-2016 VER\u00d6FFENTLICHT WURDEN.  <\/strong>Die Assistenzsysteme sind inaktiv, w\u00e4hrend die Geschwindigkeitsanzeige je nach gew\u00e4hltem Modus funktioniert. Einfache Do-it-yourself-Installation. Kann aktiviert werden, w\u00e4hrend das Fahrzeug f\u00e4hrt. Inklusive hochwertiger Stecker und hitzebest\u00e4ndiger Kabel.   <\/p>\n<p class=\"p1\"><b> \u2705 Nahtlose Integration<\/b><b><\/b><\/p>\n<p class=\"p1\">\u2705<b> Einfache Installation<\/b><b><\/b><\/p>\n<p class=\"p1\">\u2705<b> Genaue Verwaltung des Kilometerstandes<\/b><b><\/b><\/p>\n<p class=\"p1\"><b> \u2705 Betrieb im Tarnkappenmodus<\/b><b><\/b><\/p>\n<p class=\"p1\"><span class=\"s1\">\u2705<\/span><b> Lebenslanger Support und Updates<\/b><\/p>\n<\/div>\n<\/div>\n<\/div>\n<\/div>\n<\/div>\n<\/div>\n<\/div>\n<\/div>\n","protected":false},"featured_media":845,"comment_status":"open","ping_status":"closed","template":"","meta":[],"product_brand":[],"product_cat":[662],"product_tag":[],"class_list":{"0":"post-6242","1":"product","2":"type-product","3":"status-publish","4":"has-post-thumbnail","6":"product_cat-porsche","8":"first","9":"instock","10":"taxable","11":"shipping-taxable","12":"purchasable","13":"product-type-variable"},"yoast_head":"<!-- This site is optimized with the Yoast SEO plugin v27.5 - https:\/\/yoast.com\/product\/yoast-seo-wordpress\/ -->\n<title>Porsche Boxster Typ 981 Mileage Blocker (KM stopper) \u2192 KM Block<\/title>\n<meta name=\"description\" content=\"Buy a Porsche Boxster Typ 981 Mileage Blocker for the Best Prices \u2713 Free Shipping \u2713 Incl. Installation Guides\" \/>\n<meta name=\"robots\" content=\"index, follow, max-snippet:-1, max-image-preview:large, max-video-preview:-1\" \/>\n<meta property=\"og:locale\" content=\"de_DE\" \/>\n<meta property=\"og:type\" content=\"article\" \/>\n<meta property=\"og:title\" content=\"Porsche Boxster Typ 981 Mileage Blocker (KM stopper) \u2192 KM Block\" \/>\n<meta property=\"og:description\" content=\"Buy a Porsche Boxster Typ 981 Mileage Blocker for the Best Prices \u2713 Free Shipping \u2713 Incl. Installation Guides\" \/>\n<meta property=\"og:url\" content=\"https:\/\/kmblock.com\/de\/product\/porsche-boxster-typ-981\/\" \/>\n<meta property=\"og:site_name\" content=\"KM Block\" \/>\n<meta property=\"og:image\" content=\"https:\/\/kmblock.com\/wp-content\/uploads\/2024\/09\/Porsche-Boxster-Type-981.jpg\" \/>\n\t<meta property=\"og:image:width\" content=\"800\" \/>\n\t<meta property=\"og:image:height\" content=\"800\" \/>\n\t<meta property=\"og:image:type\" content=\"image\/jpeg\" \/>\n<meta name=\"twitter:card\" content=\"summary_large_image\" \/>\n<meta name=\"twitter:label1\" content=\"Gesch\u00e4tzte Lesezeit\" \/>\n\t<meta name=\"twitter:data1\" content=\"2\u00a0Minuten\" \/>\n<script type=\"application\/ld+json\" class=\"yoast-schema-graph\">{\"@context\":\"https:\\\/\\\/schema.org\",\"@graph\":[{\"@type\":\"WebPage\",\"@id\":\"https:\\\/\\\/kmblock.com\\\/de\\\/product\\\/porsche-boxster-typ-981\\\/\",\"url\":\"https:\\\/\\\/kmblock.com\\\/de\\\/product\\\/porsche-boxster-typ-981\\\/\",\"name\":\"Porsche Boxster Typ 981 Mileage Blocker (KM stopper) \u2192 KM Block\",\"isPartOf\":{\"@id\":\"https:\\\/\\\/kmblock.com\\\/de\\\/#website\"},\"primaryImageOfPage\":{\"@id\":\"https:\\\/\\\/kmblock.com\\\/de\\\/product\\\/porsche-boxster-typ-981\\\/#primaryimage\"},\"image\":{\"@id\":\"https:\\\/\\\/kmblock.com\\\/de\\\/product\\\/porsche-boxster-typ-981\\\/#primaryimage\"},\"thumbnailUrl\":\"https:\\\/\\\/kmblock.com\\\/wp-content\\\/uploads\\\/2024\\\/09\\\/Porsche-Boxster-Type-981.jpg\",\"datePublished\":\"2024-09-23T05:13:47+00:00\",\"description\":\"Buy a Porsche Boxster Typ 981 Mileage Blocker for the Best Prices \u2713 Free Shipping \u2713 Incl. Installation Guides\",\"breadcrumb\":{\"@id\":\"https:\\\/\\\/kmblock.com\\\/de\\\/product\\\/porsche-boxster-typ-981\\\/#breadcrumb\"},\"inLanguage\":\"de\",\"potentialAction\":[{\"@type\":\"ReadAction\",\"target\":[\"https:\\\/\\\/kmblock.com\\\/de\\\/product\\\/porsche-boxster-typ-981\\\/\"]}]},{\"@type\":\"ImageObject\",\"inLanguage\":\"de\",\"@id\":\"https:\\\/\\\/kmblock.com\\\/de\\\/product\\\/porsche-boxster-typ-981\\\/#primaryimage\",\"url\":\"https:\\\/\\\/kmblock.com\\\/wp-content\\\/uploads\\\/2024\\\/09\\\/Porsche-Boxster-Type-981.jpg\",\"contentUrl\":\"https:\\\/\\\/kmblock.com\\\/wp-content\\\/uploads\\\/2024\\\/09\\\/Porsche-Boxster-Type-981.jpg\",\"width\":800,\"height\":800,\"caption\":\"Porsche Boxster Type 981\"},{\"@type\":\"BreadcrumbList\",\"@id\":\"https:\\\/\\\/kmblock.com\\\/de\\\/product\\\/porsche-boxster-typ-981\\\/#breadcrumb\",\"itemListElement\":[{\"@type\":\"ListItem\",\"position\":1,\"name\":\"Startseite\",\"item\":\"https:\\\/\\\/kmblock.com\\\/de\\\/\"},{\"@type\":\"ListItem\",\"position\":2,\"name\":\"Produkte\",\"item\":\"https:\\\/\\\/kmblock.com\\\/de\\\/shop\\\/\"},{\"@type\":\"ListItem\",\"position\":3,\"name\":\"Porsche Boxster Typ 981\"}]},{\"@type\":\"WebSite\",\"@id\":\"https:\\\/\\\/kmblock.com\\\/de\\\/#website\",\"url\":\"https:\\\/\\\/kmblock.com\\\/de\\\/\",\"name\":\"KM Block\",\"description\":\"\",\"publisher\":{\"@id\":\"https:\\\/\\\/kmblock.com\\\/de\\\/#organization\"},\"potentialAction\":[{\"@type\":\"SearchAction\",\"target\":{\"@type\":\"EntryPoint\",\"urlTemplate\":\"https:\\\/\\\/kmblock.com\\\/de\\\/?s={search_term_string}\"},\"query-input\":{\"@type\":\"PropertyValueSpecification\",\"valueRequired\":true,\"valueName\":\"search_term_string\"}}],\"inLanguage\":\"de\"},{\"@type\":\"Organization\",\"@id\":\"https:\\\/\\\/kmblock.com\\\/de\\\/#organization\",\"name\":\"KM-Block\",\"url\":\"https:\\\/\\\/kmblock.com\\\/de\\\/\",\"logo\":{\"@type\":\"ImageObject\",\"inLanguage\":\"de\",\"@id\":\"https:\\\/\\\/kmblock.com\\\/de\\\/#\\\/schema\\\/logo\\\/image\\\/\",\"url\":\"https:\\\/\\\/kmblock.com\\\/wp-content\\\/uploads\\\/2024\\\/08\\\/main-logo.png\",\"contentUrl\":\"https:\\\/\\\/kmblock.com\\\/wp-content\\\/uploads\\\/2024\\\/08\\\/main-logo.png\",\"width\":186,\"height\":28,\"caption\":\"KM-Block\"},\"image\":{\"@id\":\"https:\\\/\\\/kmblock.com\\\/de\\\/#\\\/schema\\\/logo\\\/image\\\/\"}}]}<\/script>\n<!-- \/ Yoast SEO plugin. -->","yoast_head_json":{"title":"Porsche Boxster Typ 981 Mileage Blocker (KM stopper) \u2192 KM Block","description":"Buy a Porsche Boxster Typ 981 Mileage Blocker for the Best Prices \u2713 Free Shipping \u2713 Incl. Installation Guides","robots":{"index":"index","follow":"follow","max-snippet":"max-snippet:-1","max-image-preview":"max-image-preview:large","max-video-preview":"max-video-preview:-1"},"og_locale":"de_DE","og_type":"article","og_title":"Porsche Boxster Typ 981 Mileage Blocker (KM stopper) \u2192 KM Block","og_description":"Buy a Porsche Boxster Typ 981 Mileage Blocker for the Best Prices \u2713 Free Shipping \u2713 Incl. Installation Guides","og_url":"https:\/\/kmblock.com\/de\/product\/porsche-boxster-typ-981\/","og_site_name":"KM Block","og_image":[{"width":800,"height":800,"url":"https:\/\/kmblock.com\/wp-content\/uploads\/2024\/09\/Porsche-Boxster-Type-981.jpg","type":"image\/jpeg"}],"twitter_card":"summary_large_image","twitter_misc":{"Gesch\u00e4tzte Lesezeit":"2\u00a0Minuten"},"schema":{"@context":"https:\/\/schema.org","@graph":[{"@type":"WebPage","@id":"https:\/\/kmblock.com\/de\/product\/porsche-boxster-typ-981\/","url":"https:\/\/kmblock.com\/de\/product\/porsche-boxster-typ-981\/","name":"Porsche Boxster Typ 981 Mileage Blocker (KM stopper) \u2192 KM Block","isPartOf":{"@id":"https:\/\/kmblock.com\/de\/#website"},"primaryImageOfPage":{"@id":"https:\/\/kmblock.com\/de\/product\/porsche-boxster-typ-981\/#primaryimage"},"image":{"@id":"https:\/\/kmblock.com\/de\/product\/porsche-boxster-typ-981\/#primaryimage"},"thumbnailUrl":"https:\/\/kmblock.com\/wp-content\/uploads\/2024\/09\/Porsche-Boxster-Type-981.jpg","datePublished":"2024-09-23T05:13:47+00:00","description":"Buy a Porsche Boxster Typ 981 Mileage Blocker for the Best Prices \u2713 Free Shipping \u2713 Incl. Installation Guides","breadcrumb":{"@id":"https:\/\/kmblock.com\/de\/product\/porsche-boxster-typ-981\/#breadcrumb"},"inLanguage":"de","potentialAction":[{"@type":"ReadAction","target":["https:\/\/kmblock.com\/de\/product\/porsche-boxster-typ-981\/"]}]},{"@type":"ImageObject","inLanguage":"de","@id":"https:\/\/kmblock.com\/de\/product\/porsche-boxster-typ-981\/#primaryimage","url":"https:\/\/kmblock.com\/wp-content\/uploads\/2024\/09\/Porsche-Boxster-Type-981.jpg","contentUrl":"https:\/\/kmblock.com\/wp-content\/uploads\/2024\/09\/Porsche-Boxster-Type-981.jpg","width":800,"height":800,"caption":"Porsche Boxster Type 981"},{"@type":"BreadcrumbList","@id":"https:\/\/kmblock.com\/de\/product\/porsche-boxster-typ-981\/#breadcrumb","itemListElement":[{"@type":"ListItem","position":1,"name":"Startseite","item":"https:\/\/kmblock.com\/de\/"},{"@type":"ListItem","position":2,"name":"Produkte","item":"https:\/\/kmblock.com\/de\/shop\/"},{"@type":"ListItem","position":3,"name":"Porsche Boxster Typ 981"}]},{"@type":"WebSite","@id":"https:\/\/kmblock.com\/de\/#website","url":"https:\/\/kmblock.com\/de\/","name":"KM Block","description":"","publisher":{"@id":"https:\/\/kmblock.com\/de\/#organization"},"potentialAction":[{"@type":"SearchAction","target":{"@type":"EntryPoint","urlTemplate":"https:\/\/kmblock.com\/de\/?s={search_term_string}"},"query-input":{"@type":"PropertyValueSpecification","valueRequired":true,"valueName":"search_term_string"}}],"inLanguage":"de"},{"@type":"Organization","@id":"https:\/\/kmblock.com\/de\/#organization","name":"KM-Block","url":"https:\/\/kmblock.com\/de\/","logo":{"@type":"ImageObject","inLanguage":"de","@id":"https:\/\/kmblock.com\/de\/#\/schema\/logo\/image\/","url":"https:\/\/kmblock.com\/wp-content\/uploads\/2024\/08\/main-logo.png","contentUrl":"https:\/\/kmblock.com\/wp-content\/uploads\/2024\/08\/main-logo.png","width":186,"height":28,"caption":"KM-Block"},"image":{"@id":"https:\/\/kmblock.com\/de\/#\/schema\/logo\/image\/"}}]}},"_links":{"self":[{"href":"https:\/\/kmblock.com\/de\/wp-json\/wp\/v2\/product\/6242","targetHints":{"allow":["GET"]}}],"collection":[{"href":"https:\/\/kmblock.com\/de\/wp-json\/wp\/v2\/product"}],"about":[{"href":"https:\/\/kmblock.com\/de\/wp-json\/wp\/v2\/types\/product"}],"replies":[{"embeddable":true,"href":"https:\/\/kmblock.com\/de\/wp-json\/wp\/v2\/comments?post=6242"}],"wp:featuredmedia":[{"embeddable":true,"href":"https:\/\/kmblock.com\/de\/wp-json\/wp\/v2\/media\/845"}],"wp:attachment":[{"href":"https:\/\/kmblock.com\/de\/wp-json\/wp\/v2\/media?parent=6242"}],"wp:term":[{"taxonomy":"product_brand","embeddable":true,"href":"https:\/\/kmblock.com\/de\/wp-json\/wp\/v2\/product_brand?post=6242"},{"taxonomy":"product_cat","embeddable":true,"href":"https:\/\/kmblock.com\/de\/wp-json\/wp\/v2\/product_cat?post=6242"},{"taxonomy":"product_tag","embeddable":true,"href":"https:\/\/kmblock.com\/de\/wp-json\/wp\/v2\/product_tag?post=6242"}],"curies":[{"name":"wp","href":"https:\/\/api.w.org\/{rel}","templated":true}]}}