{"id":6206,"date":"2024-09-23T22:58:43","date_gmt":"2024-09-23T22:58:43","guid":{"rendered":"https:\/\/kmblock.com\/product\/porsche-cayenne-3-typ-po536-9ya-facelift\/"},"modified":"2024-09-23T22:58:43","modified_gmt":"2024-09-23T22:58:43","slug":"porsche-cayenne-3-typ-po536-9ya-facelift","status":"publish","type":"product","link":"https:\/\/kmblock.com\/de\/product\/porsche-cayenne-3-typ-po536-9ya-facelift\/","title":{"rendered":"Porsche Cayenne 3 Typ PO536\/9YA\/ Facelift"},"content":{"rendered":"<div class=\"flex max-w-full flex-col flex-grow\">\n<div class=\"min-h-[20px] text-message flex w-full flex-col items-end gap-2 whitespace-normal break-words [.text-message+&amp;]:mt-5\" dir=\"auto\" data-message-author-role=\"assistant\" data-message-id=\"486fbb14-d9b0-4abf-8aac-69dd9ef3f888\">\n<div class=\"flex w-full flex-col gap-1 empty:hidden first:pt-[3px]\">\n<div class=\"markdown prose w-full break-words dark:prose-invert dark\">\n<div class=\"flex max-w-full flex-col flex-grow\">\n<div class=\"min-h-[20px] text-message flex w-full flex-col items-end gap-2 whitespace-normal break-words [.text-message+&amp;]:mt-5\" dir=\"auto\" data-message-author-role=\"assistant\" data-message-id=\"583787e4-ced2-4497-934b-fd13934d3b5f\">\n<div class=\"flex w-full flex-col gap-1 empty:hidden first:pt-[3px]\">\n<div class=\"markdown prose w-full break-words dark:prose-invert dark\">\n<div class=\"flex-1 overflow-hidden\">\n<div class=\"h-full\">\n<div class=\"react-scroll-to-bottom--css-edlrf-79elbk h-full\">\n<div class=\"react-scroll-to-bottom--css-edlrf-1n7m0yu\">\n<div class=\"flex flex-col text-sm md:pb-9\">\n<article class=\"w-full text-token-text-primary focus-visible:outline-2 focus-visible:outline-offset-[-4px]\" dir=\"auto\" data-testid=\"conversation-turn-171\" data-scroll-anchor=\"true\">\n<div class=\"text-base py-[18px] px-3 md:px-4 m-auto w-full md:px-5 lg:px-4 xl:px-5\">\n<div class=\"mx-auto flex flex-1 gap-4 text-base md:gap-5 lg:gap-6 md:max-w-3xl lg:max-w-[40rem] xl:max-w-[48rem]\">\n<div class=\"group\/conversation-turn relative flex w-full min-w-0 flex-col agent-turn\">\n<div class=\"flex-col gap-1 md:gap-3\">\n<div class=\"flex max-w-full flex-col flex-grow\">\n<div class=\"min-h-[20px] text-message flex w-full flex-col items-end gap-2 whitespace-normal break-words [.text-message+&amp;]:mt-5\" dir=\"auto\" data-message-author-role=\"assistant\" data-message-id=\"c587c539-d375-471b-ba08-a0c42b7a5935\">\n<div class=\"flex w-full flex-col gap-1 empty:hidden first:pt-[3px]\">\n<div class=\"markdown prose w-full break-words dark:prose-invert dark\">\n<div class=\"flex max-w-full flex-col flex-grow\">\n<div class=\"min-h-[20px] text-message flex w-full flex-col items-end gap-2 whitespace-normal break-words [.text-message+&amp;]:mt-5\" dir=\"auto\" data-message-author-role=\"assistant\" data-message-id=\"f2e7ca64-e326-43ac-9cc2-b5e20ed1c815\">\n<div class=\"flex w-full flex-col gap-1 empty:hidden first:pt-[3px]\">\n<div class=\"markdown prose w-full break-words dark:prose-invert dark\">\n<div class=\"flex max-w-full flex-col flex-grow\">\n<div class=\"min-h-[20px] text-message flex w-full flex-col items-end gap-2 whitespace-normal break-words [.text-message+&amp;]:mt-5\" dir=\"auto\" data-message-author-role=\"assistant\" data-message-id=\"ad6c8a64-6b87-4f7b-87fc-7b2974512196\">\n<div class=\"flex w-full flex-col gap-1 empty:hidden first:pt-[3px]\">\n<div class=\"markdown prose w-full break-words dark:prose-invert dark\">\n<article class=\"w-full text-token-text-primary focus-visible:outline-2 focus-visible:outline-offset-[-4px]\" dir=\"auto\" data-testid=\"conversation-turn-199\" data-scroll-anchor=\"false\">\n<div class=\"text-base py-[18px] px-3 md:px-4 m-auto w-full md:px-5 lg:px-4 xl:px-5\">\n<div class=\"mx-auto flex flex-1 gap-4 text-base md:gap-5 lg:gap-6 md:max-w-3xl lg:max-w-[40rem] xl:max-w-[48rem]\">\n<div class=\"group\/conversation-turn relative flex w-full min-w-0 flex-col agent-turn\">\n<div class=\"flex-col gap-1 md:gap-3\">\n<div class=\"flex max-w-full flex-col flex-grow\">\n<div class=\"min-h-[20px] text-message flex w-full flex-col items-end gap-2 whitespace-normal break-words [.text-message+&amp;]:mt-5\" dir=\"auto\" data-message-author-role=\"assistant\" data-message-id=\"4fd93bff-878b-4241-b932-ea672f024f90\">\n<div class=\"flex w-full flex-col gap-1 empty:hidden first:pt-[3px]\">\n<div class=\"markdown prose w-full break-words dark:prose-invert dark\">\n<h3><strong>Kilometerz\u00e4hler f\u00fcr PORSCHE CAYENNE 3 TYP PO536 \/ 9YA \/ Facelift<\/strong><\/h3>\n<p>Der <strong>Porsche Cayenne 3 Typ PO536 \/ 9YA \/ Facelift Mileage Blocker<\/strong> ist auch bekannt als Odometer Blocker, Mileage Stopper, Can Blocker und in einigen F\u00e4llen auch als Mileage Correction Tool. Dieses Ger\u00e4t wurde speziell f\u00fcr Porsche Cayenne 3 Typ PO536 \/ 9YA \/ Facelift Modelle ab 2017 entwickelt.<\/p>\n<h3>Spezifikationen:<\/h3>\n<ul>\n<li><strong>DIY-Installation:<\/strong> Schnelle und einfache Einrichtung, keine besonderen Kenntnisse erforderlich.<\/li>\n<li><strong>Keine Spuren hinterlassen:<\/strong> Kein L\u00f6ten oder Schneiden von Kabeln.<\/li>\n<li><strong>Verdeckter Betrieb:<\/strong> Unauffindbar durch Diagnosetools.<\/li>\n<li><strong>Mehrere Modi:<\/strong> Wechseln Sie zwischen verschiedenen Modi f\u00fcr eine individuelle Nutzung.<\/li>\n<li><strong>Hochwertige Komponenten:<\/strong> Mit hochwertigen Steckern und hitzebest\u00e4ndigen Kabeln.<\/li>\n<li><strong>Nahtlose Installation:<\/strong> Passende Fl\u00e4chen und Rillen auf dem Stecker sorgen f\u00fcr einen reibungslosen Ablauf.<\/li>\n<li><strong>In-Motion-Aktivierung:<\/strong> Kann auch w\u00e4hrend der Fahrt ein- oder ausgeschaltet werden.<\/li>\n<li><strong>Keine Fehler:<\/strong> Es werden keine Fehlermeldungen auf dem Tachometer oder dem Navigationspanel angezeigt.<\/li>\n<li><strong>Genauigkeit:<\/strong> Bei Modi, die den Kilometerstand anhalten, kann eine geringe Abweichung (bis zu 1%) auftreten.<\/li>\n<\/ul>\n<h3>Aktivierung &amp; Deaktivierung:<\/h3>\n<p>&#8222;Aktivieren&#8220; Sie die Funktion, indem Sie die Return-Taste 10 Sekunden lang dr\u00fccken.<\/p>\n<p><strong>Modus Ein<\/strong>: blinkt einmal nach links. Z\u00e4hlt 0% der zur\u00fcckgelegten Kilometer. Alles funktioniert einwandfrei.<\/p>\n<p><strong>Modus Aus:<\/strong> Das Blinklicht blinkt einmal nach rechts. Z\u00e4hlt 100% der Kilometer. Alles funktioniert ordnungsgem\u00e4\u00df.&#8220;&#8220;<\/p>\n<h3>Wichtige Merkmale:<\/h3>\n<ul>\n<li><strong>Dauerhafte Einstellungen:<\/strong> Zuvor vorgenommene Einstellungen werden beibehalten.<\/li>\n<li><strong>Vielseitig einsetzbar:<\/strong> Funktioniert sowohl bei fahrendem als auch bei stehendem Auto.<\/li>\n<\/ul>\n<h3>Was ist ein Mileage Blocker?<\/h3>\n<p>Der <strong>Porsche Cayenne 3 Typ PO536 \/ 9YA \/ Facelift Mileage Blocker<\/strong> ist f\u00fcr den Einsatz bei Fahrzeugleistungstests konzipiert und erm\u00f6glicht es Ihnen, die Aufzeichnung des Kilometerstands zu stoppen. Dieses Tool wird mit Originalbauteilen hergestellt, und unsere Programmierer stellen sicher, dass es mit Ihrem spezifischen Modell einwandfrei funktioniert, unabh\u00e4ngig davon, ob der Kilometerz\u00e4hler Meilen oder Kilometer anzeigt.<\/p>\n<h3>Wichtiger Hinweis:<\/h3>\n<p>Wir verkaufen keine Tools zur Kilometerkorrektur f\u00fcr betr\u00fcgerische Zwecke, wie z.B. das Zur\u00fcckdrehen des Kilometerz\u00e4hlers. Fahrzeuge verf\u00fcgen heute \u00fcber mehrere Datenspeicher, und Tools zum Zur\u00fccksetzen des Kilometerstandes k\u00f6nnen nicht alle aufgezeichneten Kilometer r\u00fcckg\u00e4ngig machen.<\/p>\n<h3>Gro\u00dfe Auswahl an Ger\u00e4ten:<\/h3>\n<p>Wir bieten Mileage Stopper f\u00fcr verschiedene Modelle an, darunter Diesel-, Benzin-, Plug-in-Hybrid- und Elektrofahrzeuge. Die Installation ist ganz einfach: Schlie\u00dfen Sie ihn einfach zwischen dem Tachometeranschluss und dem Kombiinstrument an und genie\u00dfen Sie die Vorteile.<\/p>\n<p>Der <strong>Porsche Cayenne 3 Typ PO536 \/ 9YA \/ Facelift Mileage Blocker<\/strong> kann jederzeit aktiviert oder deaktiviert werden, unabh\u00e4ngig davon, ob das Fahrzeug f\u00e4hrt oder steht.<\/p>\n<\/div>\n<\/div>\n<\/div>\n<\/div>\n<\/div>\n<\/div>\n<\/div>\n<\/div>\n<\/article>\n<\/div>\n<\/div>\n<\/div>\n<\/div>\n<\/div>\n<\/div>\n<\/div>\n<\/div>\n<\/div>\n<\/div>\n<\/div>\n<\/div>\n<\/div>\n<\/div>\n<\/div>\n<\/div>\n<\/article>\n<\/div>\n<\/div>\n<\/div>\n<\/div>\n<\/div>\n<\/div>\n<\/div>\n<\/div>\n<\/div>\n<\/div>\n<\/div>\n<\/div>\n<\/div>\n","protected":false},"excerpt":{"rendered":"<div class=\"flex-shrink-0 flex flex-col relative items-end\">\n<div class=\"pt-0\">\n<div class=\"gizmo-bot-avatar flex h-8 w-8 items-center justify-center overflow-hidden rounded-full\">\n<div class=\"relative p-1 rounded-sm flex items-center justify-center bg-token-main-surface-primary text-token-text-primary h-8 w-8\">\n<p>Bevor Sie bestellen, lesen Sie bitte die folgenden wichtigen Details zur Aktivierung des Moduls, zu Fehlermeldungen und zur Funktionalit\u00e4t.<\/p>\n<div class=\"flex max-w-full flex-col flex-grow\">\n<div class=\"min-h-[20px] text-message flex w-full flex-col items-end gap-2 whitespace-normal break-words [.text-message+&amp;]:mt-5\" dir=\"auto\" data-message-author-role=\"assistant\" data-message-id=\"fa49fe5c-62a3-4d02-842e-7a1021d9fec1\">\n<div class=\"flex w-full flex-col gap-1 empty:hidden first:pt-[3px]\">\n<div class=\"markdown prose w-full break-words dark:prose-invert dark\">\n<p><strong>F\u00dcR MODELLE, DIE SEIT 2017 VER\u00d6FFENTLICHT WURDEN.  <\/strong>Einfache Einrichtung ohne spezielle Werkzeuge oder F\u00e4higkeiten. Hinterl\u00e4sst bei der Verwendung keine erkennbaren Spuren.  Kann w\u00e4hrend der Fahrt ein- oder ausgeschaltet werden. Tachometer und alle Assistenzsysteme bleiben voll funktionsf\u00e4hig. Ausgestattet mit hochwertigen Steckern und hitzebest\u00e4ndigen Kabeln f\u00fcr eine lange Lebensdauer. <\/p>\n<p class=\"p1\"><b> \u2705 Nahtlose Integration<\/b><b><\/b><\/p>\n<p class=\"p1\">\u2705<b> Einfache Installation<\/b><b><\/b><\/p>\n<p class=\"p1\">\u2705<b> Genaue Verwaltung des Kilometerstandes<\/b><b><\/b><\/p>\n<p class=\"p1\"><b> \u2705 Betrieb im Tarnkappenmodus<\/b><b><\/b><\/p>\n<p class=\"p1\"><span class=\"s1\">\u2705<\/span><b> Lebenslanger Support und Updates<\/b><\/p>\n<\/div>\n<\/div>\n<\/div>\n<\/div>\n<\/div>\n<\/div>\n<\/div>\n<\/div>\n","protected":false},"featured_media":850,"comment_status":"open","ping_status":"closed","template":"","meta":[],"product_brand":[],"product_cat":[662],"product_tag":[],"class_list":{"0":"post-6206","1":"product","2":"type-product","3":"status-publish","4":"has-post-thumbnail","6":"product_cat-porsche","8":"first","9":"instock","10":"taxable","11":"shipping-taxable","12":"purchasable","13":"product-type-variable"},"yoast_head":"<!-- This site is optimized with the Yoast SEO plugin v27.5 - https:\/\/yoast.com\/product\/yoast-seo-wordpress\/ -->\n<title>Porsche Cayenne 3 Typ PO536\/9YA\/ Facelift Mileage Blocker (KM stopper) \u2192 KM Block<\/title>\n<meta name=\"description\" content=\"Buy a Porsche Cayenne 3 Typ PO536\/9YA\/ Facelift Mileage Blocker for the Best Prices \u2713 Free Shipping \u2713 Incl. Installation Guides\" \/>\n<meta name=\"robots\" content=\"index, follow, max-snippet:-1, max-image-preview:large, max-video-preview:-1\" \/>\n<meta property=\"og:locale\" content=\"de_DE\" \/>\n<meta property=\"og:type\" content=\"article\" \/>\n<meta property=\"og:title\" content=\"Porsche Cayenne 3 Typ PO536\/9YA\/ Facelift Mileage Blocker (KM stopper) \u2192 KM Block\" \/>\n<meta property=\"og:description\" content=\"Buy a Porsche Cayenne 3 Typ PO536\/9YA\/ Facelift Mileage Blocker for the Best Prices \u2713 Free Shipping \u2713 Incl. Installation Guides\" \/>\n<meta property=\"og:url\" content=\"https:\/\/kmblock.com\/de\/product\/porsche-cayenne-3-typ-po536-9ya-facelift\/\" \/>\n<meta property=\"og:site_name\" content=\"KM Block\" \/>\n<meta property=\"og:image\" content=\"https:\/\/kmblock.com\/wp-content\/uploads\/2024\/09\/Porsche-Cayenne-3-Type-PO536.9YA.-facelift.webp\" \/>\n\t<meta property=\"og:image:width\" content=\"800\" \/>\n\t<meta property=\"og:image:height\" content=\"800\" \/>\n\t<meta property=\"og:image:type\" content=\"image\/webp\" \/>\n<meta name=\"twitter:card\" content=\"summary_large_image\" \/>\n<meta name=\"twitter:label1\" content=\"Gesch\u00e4tzte Lesezeit\" \/>\n\t<meta name=\"twitter:data1\" content=\"2\u00a0Minuten\" \/>\n<script type=\"application\/ld+json\" class=\"yoast-schema-graph\">{\"@context\":\"https:\\\/\\\/schema.org\",\"@graph\":[{\"@type\":\"WebPage\",\"@id\":\"https:\\\/\\\/kmblock.com\\\/de\\\/product\\\/porsche-cayenne-3-typ-po536-9ya-facelift\\\/\",\"url\":\"https:\\\/\\\/kmblock.com\\\/de\\\/product\\\/porsche-cayenne-3-typ-po536-9ya-facelift\\\/\",\"name\":\"Porsche Cayenne 3 Typ PO536\\\/9YA\\\/ Facelift Mileage Blocker (KM stopper) \u2192 KM Block\",\"isPartOf\":{\"@id\":\"https:\\\/\\\/kmblock.com\\\/de\\\/#website\"},\"primaryImageOfPage\":{\"@id\":\"https:\\\/\\\/kmblock.com\\\/de\\\/product\\\/porsche-cayenne-3-typ-po536-9ya-facelift\\\/#primaryimage\"},\"image\":{\"@id\":\"https:\\\/\\\/kmblock.com\\\/de\\\/product\\\/porsche-cayenne-3-typ-po536-9ya-facelift\\\/#primaryimage\"},\"thumbnailUrl\":\"https:\\\/\\\/kmblock.com\\\/wp-content\\\/uploads\\\/2024\\\/09\\\/Porsche-Cayenne-3-Type-PO536.9YA.-facelift.webp\",\"datePublished\":\"2024-09-23T22:58:43+00:00\",\"description\":\"Buy a Porsche Cayenne 3 Typ PO536\\\/9YA\\\/ Facelift Mileage Blocker for the Best Prices \u2713 Free Shipping \u2713 Incl. Installation Guides\",\"breadcrumb\":{\"@id\":\"https:\\\/\\\/kmblock.com\\\/de\\\/product\\\/porsche-cayenne-3-typ-po536-9ya-facelift\\\/#breadcrumb\"},\"inLanguage\":\"de\",\"potentialAction\":[{\"@type\":\"ReadAction\",\"target\":[\"https:\\\/\\\/kmblock.com\\\/de\\\/product\\\/porsche-cayenne-3-typ-po536-9ya-facelift\\\/\"]}]},{\"@type\":\"ImageObject\",\"inLanguage\":\"de\",\"@id\":\"https:\\\/\\\/kmblock.com\\\/de\\\/product\\\/porsche-cayenne-3-typ-po536-9ya-facelift\\\/#primaryimage\",\"url\":\"https:\\\/\\\/kmblock.com\\\/wp-content\\\/uploads\\\/2024\\\/09\\\/Porsche-Cayenne-3-Type-PO536.9YA.-facelift.webp\",\"contentUrl\":\"https:\\\/\\\/kmblock.com\\\/wp-content\\\/uploads\\\/2024\\\/09\\\/Porsche-Cayenne-3-Type-PO536.9YA.-facelift.webp\",\"width\":800,\"height\":800,\"caption\":\"Porsche Cayenne 3 Type PO536\\\/9YA\\\/ facelift\"},{\"@type\":\"BreadcrumbList\",\"@id\":\"https:\\\/\\\/kmblock.com\\\/de\\\/product\\\/porsche-cayenne-3-typ-po536-9ya-facelift\\\/#breadcrumb\",\"itemListElement\":[{\"@type\":\"ListItem\",\"position\":1,\"name\":\"Startseite\",\"item\":\"https:\\\/\\\/kmblock.com\\\/de\\\/\"},{\"@type\":\"ListItem\",\"position\":2,\"name\":\"Produkte\",\"item\":\"https:\\\/\\\/kmblock.com\\\/de\\\/shop\\\/\"},{\"@type\":\"ListItem\",\"position\":3,\"name\":\"Porsche Cayenne 3 Typ PO536\\\/9YA\\\/ Facelift\"}]},{\"@type\":\"WebSite\",\"@id\":\"https:\\\/\\\/kmblock.com\\\/de\\\/#website\",\"url\":\"https:\\\/\\\/kmblock.com\\\/de\\\/\",\"name\":\"KM Block\",\"description\":\"\",\"publisher\":{\"@id\":\"https:\\\/\\\/kmblock.com\\\/de\\\/#organization\"},\"potentialAction\":[{\"@type\":\"SearchAction\",\"target\":{\"@type\":\"EntryPoint\",\"urlTemplate\":\"https:\\\/\\\/kmblock.com\\\/de\\\/?s={search_term_string}\"},\"query-input\":{\"@type\":\"PropertyValueSpecification\",\"valueRequired\":true,\"valueName\":\"search_term_string\"}}],\"inLanguage\":\"de\"},{\"@type\":\"Organization\",\"@id\":\"https:\\\/\\\/kmblock.com\\\/de\\\/#organization\",\"name\":\"KM-Block\",\"url\":\"https:\\\/\\\/kmblock.com\\\/de\\\/\",\"logo\":{\"@type\":\"ImageObject\",\"inLanguage\":\"de\",\"@id\":\"https:\\\/\\\/kmblock.com\\\/de\\\/#\\\/schema\\\/logo\\\/image\\\/\",\"url\":\"https:\\\/\\\/kmblock.com\\\/wp-content\\\/uploads\\\/2024\\\/08\\\/main-logo.png\",\"contentUrl\":\"https:\\\/\\\/kmblock.com\\\/wp-content\\\/uploads\\\/2024\\\/08\\\/main-logo.png\",\"width\":186,\"height\":28,\"caption\":\"KM-Block\"},\"image\":{\"@id\":\"https:\\\/\\\/kmblock.com\\\/de\\\/#\\\/schema\\\/logo\\\/image\\\/\"}}]}<\/script>\n<!-- \/ Yoast SEO plugin. -->","yoast_head_json":{"title":"Porsche Cayenne 3 Typ PO536\/9YA\/ Facelift Mileage Blocker (KM stopper) \u2192 KM Block","description":"Buy a Porsche Cayenne 3 Typ PO536\/9YA\/ Facelift Mileage Blocker for the Best Prices \u2713 Free Shipping \u2713 Incl. Installation Guides","robots":{"index":"index","follow":"follow","max-snippet":"max-snippet:-1","max-image-preview":"max-image-preview:large","max-video-preview":"max-video-preview:-1"},"og_locale":"de_DE","og_type":"article","og_title":"Porsche Cayenne 3 Typ PO536\/9YA\/ Facelift Mileage Blocker (KM stopper) \u2192 KM Block","og_description":"Buy a Porsche Cayenne 3 Typ PO536\/9YA\/ Facelift Mileage Blocker for the Best Prices \u2713 Free Shipping \u2713 Incl. Installation Guides","og_url":"https:\/\/kmblock.com\/de\/product\/porsche-cayenne-3-typ-po536-9ya-facelift\/","og_site_name":"KM Block","og_image":[{"width":800,"height":800,"url":"https:\/\/kmblock.com\/wp-content\/uploads\/2024\/09\/Porsche-Cayenne-3-Type-PO536.9YA.-facelift.webp","type":"image\/webp"}],"twitter_card":"summary_large_image","twitter_misc":{"Gesch\u00e4tzte Lesezeit":"2\u00a0Minuten"},"schema":{"@context":"https:\/\/schema.org","@graph":[{"@type":"WebPage","@id":"https:\/\/kmblock.com\/de\/product\/porsche-cayenne-3-typ-po536-9ya-facelift\/","url":"https:\/\/kmblock.com\/de\/product\/porsche-cayenne-3-typ-po536-9ya-facelift\/","name":"Porsche Cayenne 3 Typ PO536\/9YA\/ Facelift Mileage Blocker (KM stopper) \u2192 KM Block","isPartOf":{"@id":"https:\/\/kmblock.com\/de\/#website"},"primaryImageOfPage":{"@id":"https:\/\/kmblock.com\/de\/product\/porsche-cayenne-3-typ-po536-9ya-facelift\/#primaryimage"},"image":{"@id":"https:\/\/kmblock.com\/de\/product\/porsche-cayenne-3-typ-po536-9ya-facelift\/#primaryimage"},"thumbnailUrl":"https:\/\/kmblock.com\/wp-content\/uploads\/2024\/09\/Porsche-Cayenne-3-Type-PO536.9YA.-facelift.webp","datePublished":"2024-09-23T22:58:43+00:00","description":"Buy a Porsche Cayenne 3 Typ PO536\/9YA\/ Facelift Mileage Blocker for the Best Prices \u2713 Free Shipping \u2713 Incl. Installation Guides","breadcrumb":{"@id":"https:\/\/kmblock.com\/de\/product\/porsche-cayenne-3-typ-po536-9ya-facelift\/#breadcrumb"},"inLanguage":"de","potentialAction":[{"@type":"ReadAction","target":["https:\/\/kmblock.com\/de\/product\/porsche-cayenne-3-typ-po536-9ya-facelift\/"]}]},{"@type":"ImageObject","inLanguage":"de","@id":"https:\/\/kmblock.com\/de\/product\/porsche-cayenne-3-typ-po536-9ya-facelift\/#primaryimage","url":"https:\/\/kmblock.com\/wp-content\/uploads\/2024\/09\/Porsche-Cayenne-3-Type-PO536.9YA.-facelift.webp","contentUrl":"https:\/\/kmblock.com\/wp-content\/uploads\/2024\/09\/Porsche-Cayenne-3-Type-PO536.9YA.-facelift.webp","width":800,"height":800,"caption":"Porsche Cayenne 3 Type PO536\/9YA\/ facelift"},{"@type":"BreadcrumbList","@id":"https:\/\/kmblock.com\/de\/product\/porsche-cayenne-3-typ-po536-9ya-facelift\/#breadcrumb","itemListElement":[{"@type":"ListItem","position":1,"name":"Startseite","item":"https:\/\/kmblock.com\/de\/"},{"@type":"ListItem","position":2,"name":"Produkte","item":"https:\/\/kmblock.com\/de\/shop\/"},{"@type":"ListItem","position":3,"name":"Porsche Cayenne 3 Typ PO536\/9YA\/ Facelift"}]},{"@type":"WebSite","@id":"https:\/\/kmblock.com\/de\/#website","url":"https:\/\/kmblock.com\/de\/","name":"KM Block","description":"","publisher":{"@id":"https:\/\/kmblock.com\/de\/#organization"},"potentialAction":[{"@type":"SearchAction","target":{"@type":"EntryPoint","urlTemplate":"https:\/\/kmblock.com\/de\/?s={search_term_string}"},"query-input":{"@type":"PropertyValueSpecification","valueRequired":true,"valueName":"search_term_string"}}],"inLanguage":"de"},{"@type":"Organization","@id":"https:\/\/kmblock.com\/de\/#organization","name":"KM-Block","url":"https:\/\/kmblock.com\/de\/","logo":{"@type":"ImageObject","inLanguage":"de","@id":"https:\/\/kmblock.com\/de\/#\/schema\/logo\/image\/","url":"https:\/\/kmblock.com\/wp-content\/uploads\/2024\/08\/main-logo.png","contentUrl":"https:\/\/kmblock.com\/wp-content\/uploads\/2024\/08\/main-logo.png","width":186,"height":28,"caption":"KM-Block"},"image":{"@id":"https:\/\/kmblock.com\/de\/#\/schema\/logo\/image\/"}}]}},"_links":{"self":[{"href":"https:\/\/kmblock.com\/de\/wp-json\/wp\/v2\/product\/6206","targetHints":{"allow":["GET"]}}],"collection":[{"href":"https:\/\/kmblock.com\/de\/wp-json\/wp\/v2\/product"}],"about":[{"href":"https:\/\/kmblock.com\/de\/wp-json\/wp\/v2\/types\/product"}],"replies":[{"embeddable":true,"href":"https:\/\/kmblock.com\/de\/wp-json\/wp\/v2\/comments?post=6206"}],"wp:featuredmedia":[{"embeddable":true,"href":"https:\/\/kmblock.com\/de\/wp-json\/wp\/v2\/media\/850"}],"wp:attachment":[{"href":"https:\/\/kmblock.com\/de\/wp-json\/wp\/v2\/media?parent=6206"}],"wp:term":[{"taxonomy":"product_brand","embeddable":true,"href":"https:\/\/kmblock.com\/de\/wp-json\/wp\/v2\/product_brand?post=6206"},{"taxonomy":"product_cat","embeddable":true,"href":"https:\/\/kmblock.com\/de\/wp-json\/wp\/v2\/product_cat?post=6206"},{"taxonomy":"product_tag","embeddable":true,"href":"https:\/\/kmblock.com\/de\/wp-json\/wp\/v2\/product_tag?post=6206"}],"curies":[{"name":"wp","href":"https:\/\/api.w.org\/{rel}","templated":true}]}}