{"id":6135,"date":"2024-09-24T12:11:46","date_gmt":"2024-09-24T12:11:46","guid":{"rendered":"https:\/\/kmblock.com\/product\/rolls-royce-phantom-viii\/"},"modified":"2025-11-09T08:08:44","modified_gmt":"2025-11-09T08:08:44","slug":"rolls-royce-phantom-viii","status":"publish","type":"product","link":"https:\/\/kmblock.com\/de\/product\/rolls-royce-phantom-viii\/","title":{"rendered":"Rolls Royce Phantom VIII"},"content":{"rendered":"<div class=\"flex max-w-full flex-col flex-grow\">\n<div class=\"min-h-[20px] text-message flex w-full flex-col items-end gap-2 whitespace-normal break-words [.text-message+&amp;]:mt-5\" dir=\"auto\" data-message-author-role=\"assistant\" data-message-id=\"486fbb14-d9b0-4abf-8aac-69dd9ef3f888\">\n<div class=\"flex w-full flex-col gap-1 empty:hidden first:pt-[3px]\">\n<div class=\"markdown prose w-full break-words dark:prose-invert dark\">\n<div class=\"flex max-w-full flex-col flex-grow\">\n<div class=\"min-h-[20px] text-message flex w-full flex-col items-end gap-2 whitespace-normal break-words [.text-message+&amp;]:mt-5\" dir=\"auto\" data-message-author-role=\"assistant\" data-message-id=\"583787e4-ced2-4497-934b-fd13934d3b5f\">\n<div class=\"flex w-full flex-col gap-1 empty:hidden first:pt-[3px]\">\n<div class=\"markdown prose w-full break-words dark:prose-invert dark\">\n<div class=\"flex-1 overflow-hidden\">\n<div class=\"h-full\">\n<div class=\"react-scroll-to-bottom--css-edlrf-79elbk h-full\">\n<div class=\"react-scroll-to-bottom--css-edlrf-1n7m0yu\">\n<div class=\"flex flex-col text-sm md:pb-9\">\n<article class=\"w-full text-token-text-primary focus-visible:outline-2 focus-visible:outline-offset-[-4px]\" dir=\"auto\" data-testid=\"conversation-turn-171\" data-scroll-anchor=\"true\">\n<div class=\"text-base py-[18px] px-3 md:px-4 m-auto w-full md:px-5 lg:px-4 xl:px-5\">\n<div class=\"mx-auto flex flex-1 gap-4 text-base md:gap-5 lg:gap-6 md:max-w-3xl lg:max-w-[40rem] xl:max-w-[48rem]\">\n<div class=\"group\/conversation-turn relative flex w-full min-w-0 flex-col agent-turn\">\n<div class=\"flex-col gap-1 md:gap-3\">\n<div class=\"flex max-w-full flex-col flex-grow\">\n<div class=\"min-h-[20px] text-message flex w-full flex-col items-end gap-2 whitespace-normal break-words [.text-message+&amp;]:mt-5\" dir=\"auto\" data-message-author-role=\"assistant\" data-message-id=\"c587c539-d375-471b-ba08-a0c42b7a5935\">\n<div class=\"flex w-full flex-col gap-1 empty:hidden first:pt-[3px]\">\n<div class=\"markdown prose w-full break-words dark:prose-invert dark\">\n<div class=\"flex max-w-full flex-col flex-grow\">\n<div class=\"min-h-[20px] text-message flex w-full flex-col items-end gap-2 whitespace-normal break-words [.text-message+&amp;]:mt-5\" dir=\"auto\" data-message-author-role=\"assistant\" data-message-id=\"f2e7ca64-e326-43ac-9cc2-b5e20ed1c815\">\n<div class=\"flex w-full flex-col gap-1 empty:hidden first:pt-[3px]\">\n<div class=\"markdown prose w-full break-words dark:prose-invert dark\">\n<div class=\"flex max-w-full flex-col flex-grow\">\n<div class=\"min-h-[20px] text-message flex w-full flex-col items-end gap-2 whitespace-normal break-words [.text-message+&amp;]:mt-5\" dir=\"auto\" data-message-author-role=\"assistant\" data-message-id=\"ad6c8a64-6b87-4f7b-87fc-7b2974512196\">\n<div class=\"flex w-full flex-col gap-1 empty:hidden first:pt-[3px]\">\n<div class=\"markdown prose w-full break-words dark:prose-invert dark\">\n<article class=\"w-full text-token-text-primary focus-visible:outline-2 focus-visible:outline-offset-[-4px]\" dir=\"auto\" data-testid=\"conversation-turn-199\" data-scroll-anchor=\"false\">\n<div class=\"text-base py-[18px] px-3 md:px-4 m-auto w-full md:px-5 lg:px-4 xl:px-5\">\n<div class=\"mx-auto flex flex-1 gap-4 text-base md:gap-5 lg:gap-6 md:max-w-3xl lg:max-w-[40rem] xl:max-w-[48rem]\">\n<div class=\"group\/conversation-turn relative flex w-full min-w-0 flex-col agent-turn\">\n<div class=\"flex-col gap-1 md:gap-3\">\n<div class=\"flex max-w-full flex-col flex-grow\">\n<h3><strong>KILOMETERZ\u00c4HLER F\u00dcR ROLLS ROYCE PHANTOM VIII<\/strong><\/h3>\n<p>Der Rolls Royce Phantom VIII Mileage Blocker, auch bekannt als Odometer Blocker, Odometer Stopper, Can Blocker, Mileage Stopper, Trip Odometer, Can Filter oder Mileage Correction Tool, wurde f\u00fcr alle Rolls Royce Phantom VIII Modelle entwickelt, die seit 2018 ver\u00f6ffentlicht wurden.<\/p>\n<h3><strong>Spezifikationen<\/strong><\/h3>\n<ul>\n<li><strong>Geschwindigkeitsanzeige und Assistenzsysteme<\/strong> funktionieren in bestimmten Modi.<\/li>\n<li><strong>DIY-Installation<\/strong> mit klaren Anweisungen, kein L\u00f6ten oder Schneiden von Kabeln erforderlich.<\/li>\n<li><strong>Die Steckfl\u00e4che und die Rillen am Stecker<\/strong> sorgen f\u00fcr eine reibungslose Installation.<\/li>\n<li>Mehrere Betriebsmodi f\u00fcr eine individuelle Anpassung der Laufleistung.<\/li>\n<li><strong>Qualitativ hochwertige Stecker und hitzebest\u00e4ndige Kabel<\/strong> sorgen f\u00fcr Langlebigkeit.<\/li>\n<li>Einfache Bedienung mit <strong>mehreren Tastenkombinationen<\/strong>.<\/li>\n<li>Der <strong>Tempomat<\/strong> und der <strong>Spurhalteassistent<\/strong> funktionieren im aktivierten Zustand.<\/li>\n<li><strong>Ausgew\u00e4hlte Einstellungen werden<\/strong> auch nach der Deaktivierung des Moduls <strong>gespeichert<\/strong>.<\/li>\n<li><strong>Keine Fehlermeldungen<\/strong> vom Toter-Winkel-Assistenten, Tempomat oder dem Navigationspanel.<\/li>\n<li>Nach dem Entfernen des Moduls erh\u00f6ht sich der Kilometerstand nicht unerwartet.<\/li>\n<li>Aufgrund von Umwelteinfl\u00fcssen ist eine Abweichung von <strong>bis zu 1%<\/strong> bei der ge\u00e4nderten Laufleistung m\u00f6glich.<\/li>\n<\/ul>\n<h3><strong>Aktivierung &amp; Deaktivierung<\/strong><\/h3>\n<p><span data-sheets-root=\"1\">&#8220; Aktivieren durch Dr\u00fccken von *BC mit Modus *.<br \/>\n<strong>Modus 1:<\/strong> 1 Blinken nach links 30 Prozent<\/span><\/p>\n<p><strong>Modus 2<\/strong>: 2 Blinksignale nach links 0 Prozent (keine Geschwindigkeit)<\/p>\n<p><strong>Modus 3<\/strong>: 3 Blinksignale nach links 0 Prozent ( Geschwindigkeit, funktioniert nur ohne Update)<\/p>\n<p><strong>Modus 4<\/strong>: 1 Blinken nach rechts 100 Prozent&#8220;<\/p>\n<h3><strong>Verwendung<\/strong><\/h3>\n<p>Der Mileage Blocker kann w\u00e4hrend der Fahrt oder im Stand aktiviert oder deaktiviert werden, je nach Fahrzeug. Das Ger\u00e4t beh\u00e4lt die zuletzt verwendeten Einstellungen bei, so dass Sie es nicht vor jeder Fahrt neu einstellen m\u00fcssen. <\/p>\n<h3><strong>Was ist ein Mileage Blocker?<\/strong><\/h3>\n<p>Der Rolls Royce Phantom VIII Mileage Blocker verhindert, dass der Kilometerstand bei Leistungstests gez\u00e4hlt wird. Dieses von <g id=\"gid_0\">KM Block<\/g> entwickelte Tool wird f\u00fcr jedes Fahrzeug angepasst, um eine einwandfreie Leistung zu gew\u00e4hrleisten. Es funktioniert unabh\u00e4ngig davon, ob der Kilometerz\u00e4hler Meilen oder Kilometer anzeigt.  <\/p>\n<p><strong>Wichtiger Hinweis<\/strong>:<br \/>\nWir bieten keine Tools zur Kilometerkorrektur an, die f\u00fcr betr\u00fcgerische Zwecke entwickelt wurden (wie z.B. das Zur\u00fcckdrehen des Kilometerz\u00e4hlers). Diese Tools k\u00f6nnen den Kilometerstand nicht vollst\u00e4ndig r\u00fcckg\u00e4ngig machen, da die Fahrzeuge \u00fcber mehrere Datenspeichersysteme verf\u00fcgen. <\/p>\n<p>Unser <strong>Mileage Blocker<\/strong> funktioniert bei Benzin- und Dieselmotoren, Plug-in-Hybrid-Elektrofahrzeugen (PHEVs) und Elektroautos. Die Installation ist einfach und erfordert kein technisches Fachwissen &#8211; schlie\u00dfen Sie das Ger\u00e4t einfach zwischen Tachometer und Kombiinstrument an. <\/p>\n<p>Der <strong>Rolls Royce Phantom VIII Mileage Blocker<\/strong> ist ideal f\u00fcr kontrollierte Leistungstests an Ihrem Fahrzeug.<\/p>\n<\/div>\n<\/div>\n<\/div>\n<\/div>\n<\/div>\n<\/article>\n<\/div>\n<\/div>\n<\/div>\n<\/div>\n<\/div>\n<\/div>\n<\/div>\n<\/div>\n<\/div>\n<\/div>\n<\/div>\n<\/div>\n<\/div>\n<\/div>\n<\/div>\n<\/div>\n<\/article>\n<\/div>\n<\/div>\n<\/div>\n<\/div>\n<\/div>\n<\/div>\n<\/div>\n<\/div>\n<\/div>\n<\/div>\n<\/div>\n<\/div>\n<\/div>\n","protected":false},"excerpt":{"rendered":"<div class=\"flex-shrink-0 flex flex-col relative items-end\">\n<div class=\"pt-0\">\n<div class=\"gizmo-bot-avatar flex h-8 w-8 items-center justify-center overflow-hidden rounded-full\">\n<div class=\"relative p-1 rounded-sm flex items-center justify-center bg-token-main-surface-primary text-token-text-primary h-8 w-8\">\n<p>Bevor Sie bestellen, lesen Sie bitte die folgenden wichtigen Details zur Aktivierung des Moduls, zu Fehlermeldungen und zur Funktionalit\u00e4t.<\/p>\n<div class=\"flex max-w-full flex-col flex-grow\">\n<div class=\"min-h-[20px] text-message flex w-full flex-col items-end gap-2 whitespace-normal break-words [.text-message+&amp;]:mt-5\" dir=\"auto\" data-message-author-role=\"assistant\" data-message-id=\"fa49fe5c-62a3-4d02-842e-7a1021d9fec1\">\n<div class=\"flex w-full flex-col gap-1 empty:hidden first:pt-[3px]\">\n<div class=\"markdown prose w-full break-words dark:prose-invert dark\">\n<p><strong>F\u00dcR MODELLE, DIE SEIT 2018 VER\u00d6FFENTLICHT WURDEN.<\/strong><\/p>\n<p>Geschwindigkeitsanzeige und Assistenzprogramme funktionieren (in ausgew\u00e4hlten Modi verf\u00fcgbar). Keine Fehlermeldungen durch Toter-Winkel-Assistenten oder Tempomat-Ausf\u00e4lle. Einfacher Do-it-yourself-Einbau. Hergestellt mit hochwertigen Steckern und hitzebest\u00e4ndigen Kabeln.   <\/p>\n<p class=\"p1\"><b> \u2705 Nahtlose Integration<\/b><b><\/b><\/p>\n<p class=\"p1\">\u2705<b> Einfache Installation<\/b><b><\/b><\/p>\n<p class=\"p1\">\u2705<b> Genaue Verwaltung des Kilometerstandes<\/b><b><\/b><\/p>\n<p class=\"p1\"><b> \u2705 Betrieb im Tarnkappenmodus<\/b><b><\/b><\/p>\n<p class=\"p1\"><span class=\"s1\">\u2705<\/span><b> Lebenslanger Support und Updates<\/b><\/p>\n<\/div>\n<\/div>\n<\/div>\n<\/div>\n<\/div>\n<\/div>\n<\/div>\n<\/div>\n","protected":false},"featured_media":6140,"comment_status":"open","ping_status":"closed","template":"","meta":[],"product_brand":[],"product_cat":[665],"product_tag":[],"class_list":{"0":"post-6135","1":"product","2":"type-product","3":"status-publish","4":"has-post-thumbnail","6":"product_cat-rolls-royce","8":"first","9":"instock","10":"taxable","11":"shipping-taxable","12":"purchasable","13":"product-type-variable"},"yoast_head":"<!-- This site is optimized with the Yoast SEO plugin v27.5 - https:\/\/yoast.com\/product\/yoast-seo-wordpress\/ -->\n<title>Rolls Royce Phantom VIII Mileage Blocker (KM stopper) \u2192 KM Block<\/title>\n<meta name=\"description\" content=\"Buy a Rolls Royce Phantom VIII Mileage Blocker for the Best Prices \u2713 Free Shipping \u2713 Incl. Installation Guides\" \/>\n<meta name=\"robots\" content=\"index, follow, max-snippet:-1, max-image-preview:large, max-video-preview:-1\" \/>\n<meta property=\"og:locale\" content=\"de_DE\" \/>\n<meta property=\"og:type\" content=\"article\" \/>\n<meta property=\"og:title\" content=\"Rolls Royce Phantom VIII Mileage Blocker (KM stopper) \u2192 KM Block\" \/>\n<meta property=\"og:description\" content=\"Buy a Rolls Royce Phantom VIII Mileage Blocker for the Best Prices \u2713 Free Shipping \u2713 Incl. Installation Guides\" \/>\n<meta property=\"og:url\" content=\"https:\/\/kmblock.com\/de\/product\/rolls-royce-phantom-viii\/\" \/>\n<meta property=\"og:site_name\" content=\"KM Block\" \/>\n<meta property=\"article:modified_time\" content=\"2025-11-09T08:08:44+00:00\" \/>\n<meta property=\"og:image\" content=\"https:\/\/kmblock.com\/wp-content\/uploads\/2024\/09\/Rolls-Royce-Phantom-VIII.jpg.webp\" \/>\n\t<meta property=\"og:image:width\" content=\"800\" \/>\n\t<meta property=\"og:image:height\" content=\"800\" \/>\n\t<meta property=\"og:image:type\" content=\"image\/webp\" \/>\n<meta name=\"twitter:card\" content=\"summary_large_image\" \/>\n<meta name=\"twitter:label1\" content=\"Gesch\u00e4tzte Lesezeit\" \/>\n\t<meta name=\"twitter:data1\" content=\"2\u00a0Minuten\" \/>\n<script type=\"application\/ld+json\" class=\"yoast-schema-graph\">{\"@context\":\"https:\\\/\\\/schema.org\",\"@graph\":[{\"@type\":\"WebPage\",\"@id\":\"https:\\\/\\\/kmblock.com\\\/de\\\/product\\\/rolls-royce-phantom-viii\\\/\",\"url\":\"https:\\\/\\\/kmblock.com\\\/de\\\/product\\\/rolls-royce-phantom-viii\\\/\",\"name\":\"Rolls Royce Phantom VIII Mileage Blocker (KM stopper) \u2192 KM Block\",\"isPartOf\":{\"@id\":\"https:\\\/\\\/kmblock.com\\\/de\\\/#website\"},\"primaryImageOfPage\":{\"@id\":\"https:\\\/\\\/kmblock.com\\\/de\\\/product\\\/rolls-royce-phantom-viii\\\/#primaryimage\"},\"image\":{\"@id\":\"https:\\\/\\\/kmblock.com\\\/de\\\/product\\\/rolls-royce-phantom-viii\\\/#primaryimage\"},\"thumbnailUrl\":\"https:\\\/\\\/kmblock.com\\\/wp-content\\\/uploads\\\/2024\\\/09\\\/Rolls-Royce-Phantom-VIII.jpg.webp\",\"datePublished\":\"2024-09-24T12:11:46+00:00\",\"dateModified\":\"2025-11-09T08:08:44+00:00\",\"description\":\"Buy a Rolls Royce Phantom VIII Mileage Blocker for the Best Prices \u2713 Free Shipping \u2713 Incl. Installation Guides\",\"breadcrumb\":{\"@id\":\"https:\\\/\\\/kmblock.com\\\/de\\\/product\\\/rolls-royce-phantom-viii\\\/#breadcrumb\"},\"inLanguage\":\"de\",\"potentialAction\":[{\"@type\":\"ReadAction\",\"target\":[\"https:\\\/\\\/kmblock.com\\\/de\\\/product\\\/rolls-royce-phantom-viii\\\/\"]}]},{\"@type\":\"ImageObject\",\"inLanguage\":\"de\",\"@id\":\"https:\\\/\\\/kmblock.com\\\/de\\\/product\\\/rolls-royce-phantom-viii\\\/#primaryimage\",\"url\":\"https:\\\/\\\/kmblock.com\\\/wp-content\\\/uploads\\\/2024\\\/09\\\/Rolls-Royce-Phantom-VIII.jpg.webp\",\"contentUrl\":\"https:\\\/\\\/kmblock.com\\\/wp-content\\\/uploads\\\/2024\\\/09\\\/Rolls-Royce-Phantom-VIII.jpg.webp\",\"width\":800,\"height\":800},{\"@type\":\"BreadcrumbList\",\"@id\":\"https:\\\/\\\/kmblock.com\\\/de\\\/product\\\/rolls-royce-phantom-viii\\\/#breadcrumb\",\"itemListElement\":[{\"@type\":\"ListItem\",\"position\":1,\"name\":\"Startseite\",\"item\":\"https:\\\/\\\/kmblock.com\\\/de\\\/\"},{\"@type\":\"ListItem\",\"position\":2,\"name\":\"Produkte\",\"item\":\"https:\\\/\\\/kmblock.com\\\/de\\\/shop\\\/\"},{\"@type\":\"ListItem\",\"position\":3,\"name\":\"Rolls Royce Phantom VIII\"}]},{\"@type\":\"WebSite\",\"@id\":\"https:\\\/\\\/kmblock.com\\\/de\\\/#website\",\"url\":\"https:\\\/\\\/kmblock.com\\\/de\\\/\",\"name\":\"KM Block\",\"description\":\"\",\"publisher\":{\"@id\":\"https:\\\/\\\/kmblock.com\\\/de\\\/#organization\"},\"potentialAction\":[{\"@type\":\"SearchAction\",\"target\":{\"@type\":\"EntryPoint\",\"urlTemplate\":\"https:\\\/\\\/kmblock.com\\\/de\\\/?s={search_term_string}\"},\"query-input\":{\"@type\":\"PropertyValueSpecification\",\"valueRequired\":true,\"valueName\":\"search_term_string\"}}],\"inLanguage\":\"de\"},{\"@type\":\"Organization\",\"@id\":\"https:\\\/\\\/kmblock.com\\\/de\\\/#organization\",\"name\":\"KM-Block\",\"url\":\"https:\\\/\\\/kmblock.com\\\/de\\\/\",\"logo\":{\"@type\":\"ImageObject\",\"inLanguage\":\"de\",\"@id\":\"https:\\\/\\\/kmblock.com\\\/de\\\/#\\\/schema\\\/logo\\\/image\\\/\",\"url\":\"https:\\\/\\\/kmblock.com\\\/wp-content\\\/uploads\\\/2024\\\/08\\\/main-logo.png\",\"contentUrl\":\"https:\\\/\\\/kmblock.com\\\/wp-content\\\/uploads\\\/2024\\\/08\\\/main-logo.png\",\"width\":186,\"height\":28,\"caption\":\"KM-Block\"},\"image\":{\"@id\":\"https:\\\/\\\/kmblock.com\\\/de\\\/#\\\/schema\\\/logo\\\/image\\\/\"}}]}<\/script>\n<!-- \/ Yoast SEO plugin. -->","yoast_head_json":{"title":"Rolls Royce Phantom VIII Mileage Blocker (KM stopper) \u2192 KM Block","description":"Buy a Rolls Royce Phantom VIII Mileage Blocker for the Best Prices \u2713 Free Shipping \u2713 Incl. Installation Guides","robots":{"index":"index","follow":"follow","max-snippet":"max-snippet:-1","max-image-preview":"max-image-preview:large","max-video-preview":"max-video-preview:-1"},"og_locale":"de_DE","og_type":"article","og_title":"Rolls Royce Phantom VIII Mileage Blocker (KM stopper) \u2192 KM Block","og_description":"Buy a Rolls Royce Phantom VIII Mileage Blocker for the Best Prices \u2713 Free Shipping \u2713 Incl. Installation Guides","og_url":"https:\/\/kmblock.com\/de\/product\/rolls-royce-phantom-viii\/","og_site_name":"KM Block","article_modified_time":"2025-11-09T08:08:44+00:00","og_image":[{"width":800,"height":800,"url":"https:\/\/kmblock.com\/wp-content\/uploads\/2024\/09\/Rolls-Royce-Phantom-VIII.jpg.webp","type":"image\/webp"}],"twitter_card":"summary_large_image","twitter_misc":{"Gesch\u00e4tzte Lesezeit":"2\u00a0Minuten"},"schema":{"@context":"https:\/\/schema.org","@graph":[{"@type":"WebPage","@id":"https:\/\/kmblock.com\/de\/product\/rolls-royce-phantom-viii\/","url":"https:\/\/kmblock.com\/de\/product\/rolls-royce-phantom-viii\/","name":"Rolls Royce Phantom VIII Mileage Blocker (KM stopper) \u2192 KM Block","isPartOf":{"@id":"https:\/\/kmblock.com\/de\/#website"},"primaryImageOfPage":{"@id":"https:\/\/kmblock.com\/de\/product\/rolls-royce-phantom-viii\/#primaryimage"},"image":{"@id":"https:\/\/kmblock.com\/de\/product\/rolls-royce-phantom-viii\/#primaryimage"},"thumbnailUrl":"https:\/\/kmblock.com\/wp-content\/uploads\/2024\/09\/Rolls-Royce-Phantom-VIII.jpg.webp","datePublished":"2024-09-24T12:11:46+00:00","dateModified":"2025-11-09T08:08:44+00:00","description":"Buy a Rolls Royce Phantom VIII Mileage Blocker for the Best Prices \u2713 Free Shipping \u2713 Incl. Installation Guides","breadcrumb":{"@id":"https:\/\/kmblock.com\/de\/product\/rolls-royce-phantom-viii\/#breadcrumb"},"inLanguage":"de","potentialAction":[{"@type":"ReadAction","target":["https:\/\/kmblock.com\/de\/product\/rolls-royce-phantom-viii\/"]}]},{"@type":"ImageObject","inLanguage":"de","@id":"https:\/\/kmblock.com\/de\/product\/rolls-royce-phantom-viii\/#primaryimage","url":"https:\/\/kmblock.com\/wp-content\/uploads\/2024\/09\/Rolls-Royce-Phantom-VIII.jpg.webp","contentUrl":"https:\/\/kmblock.com\/wp-content\/uploads\/2024\/09\/Rolls-Royce-Phantom-VIII.jpg.webp","width":800,"height":800},{"@type":"BreadcrumbList","@id":"https:\/\/kmblock.com\/de\/product\/rolls-royce-phantom-viii\/#breadcrumb","itemListElement":[{"@type":"ListItem","position":1,"name":"Startseite","item":"https:\/\/kmblock.com\/de\/"},{"@type":"ListItem","position":2,"name":"Produkte","item":"https:\/\/kmblock.com\/de\/shop\/"},{"@type":"ListItem","position":3,"name":"Rolls Royce Phantom VIII"}]},{"@type":"WebSite","@id":"https:\/\/kmblock.com\/de\/#website","url":"https:\/\/kmblock.com\/de\/","name":"KM Block","description":"","publisher":{"@id":"https:\/\/kmblock.com\/de\/#organization"},"potentialAction":[{"@type":"SearchAction","target":{"@type":"EntryPoint","urlTemplate":"https:\/\/kmblock.com\/de\/?s={search_term_string}"},"query-input":{"@type":"PropertyValueSpecification","valueRequired":true,"valueName":"search_term_string"}}],"inLanguage":"de"},{"@type":"Organization","@id":"https:\/\/kmblock.com\/de\/#organization","name":"KM-Block","url":"https:\/\/kmblock.com\/de\/","logo":{"@type":"ImageObject","inLanguage":"de","@id":"https:\/\/kmblock.com\/de\/#\/schema\/logo\/image\/","url":"https:\/\/kmblock.com\/wp-content\/uploads\/2024\/08\/main-logo.png","contentUrl":"https:\/\/kmblock.com\/wp-content\/uploads\/2024\/08\/main-logo.png","width":186,"height":28,"caption":"KM-Block"},"image":{"@id":"https:\/\/kmblock.com\/de\/#\/schema\/logo\/image\/"}}]}},"_links":{"self":[{"href":"https:\/\/kmblock.com\/de\/wp-json\/wp\/v2\/product\/6135","targetHints":{"allow":["GET"]}}],"collection":[{"href":"https:\/\/kmblock.com\/de\/wp-json\/wp\/v2\/product"}],"about":[{"href":"https:\/\/kmblock.com\/de\/wp-json\/wp\/v2\/types\/product"}],"replies":[{"embeddable":true,"href":"https:\/\/kmblock.com\/de\/wp-json\/wp\/v2\/comments?post=6135"}],"wp:featuredmedia":[{"embeddable":true,"href":"https:\/\/kmblock.com\/de\/wp-json\/wp\/v2\/media\/6140"}],"wp:attachment":[{"href":"https:\/\/kmblock.com\/de\/wp-json\/wp\/v2\/media?parent=6135"}],"wp:term":[{"taxonomy":"product_brand","embeddable":true,"href":"https:\/\/kmblock.com\/de\/wp-json\/wp\/v2\/product_brand?post=6135"},{"taxonomy":"product_cat","embeddable":true,"href":"https:\/\/kmblock.com\/de\/wp-json\/wp\/v2\/product_cat?post=6135"},{"taxonomy":"product_tag","embeddable":true,"href":"https:\/\/kmblock.com\/de\/wp-json\/wp\/v2\/product_tag?post=6135"}],"curies":[{"name":"wp","href":"https:\/\/api.w.org\/{rel}","templated":true}]}}