{"id":6045,"date":"2024-09-24T13:51:01","date_gmt":"2024-09-24T13:51:01","guid":{"rendered":"https:\/\/kmblock.com\/product\/seat-leon-sportstourer\/"},"modified":"2025-11-09T08:40:34","modified_gmt":"2025-11-09T08:40:34","slug":"seat-leon-sportstourer","status":"publish","type":"product","link":"https:\/\/kmblock.com\/de\/product\/seat-leon-sportstourer\/","title":{"rendered":"Seat Leon Sportstourer"},"content":{"rendered":"<div class=\"flex max-w-full flex-col flex-grow\">\n<div class=\"min-h-[20px] text-message flex w-full flex-col items-end gap-2 whitespace-normal break-words [.text-message+&amp;]:mt-5\" dir=\"auto\" data-message-author-role=\"assistant\" data-message-id=\"486fbb14-d9b0-4abf-8aac-69dd9ef3f888\">\n<div class=\"flex w-full flex-col gap-1 empty:hidden first:pt-[3px]\">\n<div class=\"markdown prose w-full break-words dark:prose-invert dark\">\n<div class=\"flex max-w-full flex-col flex-grow\">\n<div class=\"min-h-[20px] text-message flex w-full flex-col items-end gap-2 whitespace-normal break-words [.text-message+&amp;]:mt-5\" dir=\"auto\" data-message-author-role=\"assistant\" data-message-id=\"583787e4-ced2-4497-934b-fd13934d3b5f\">\n<div class=\"flex w-full flex-col gap-1 empty:hidden first:pt-[3px]\">\n<div class=\"markdown prose w-full break-words dark:prose-invert dark\">\n<div class=\"flex-1 overflow-hidden\">\n<div class=\"h-full\">\n<div class=\"react-scroll-to-bottom--css-edlrf-79elbk h-full\">\n<div class=\"react-scroll-to-bottom--css-edlrf-1n7m0yu\">\n<div class=\"flex flex-col text-sm md:pb-9\">\n<article class=\"w-full text-token-text-primary focus-visible:outline-2 focus-visible:outline-offset-[-4px]\" dir=\"auto\" data-testid=\"conversation-turn-171\" data-scroll-anchor=\"true\">\n<div class=\"text-base py-[18px] px-3 md:px-4 m-auto w-full md:px-5 lg:px-4 xl:px-5\">\n<div class=\"mx-auto flex flex-1 gap-4 text-base md:gap-5 lg:gap-6 md:max-w-3xl lg:max-w-[40rem] xl:max-w-[48rem]\">\n<div class=\"group\/conversation-turn relative flex w-full min-w-0 flex-col agent-turn\">\n<div class=\"flex-col gap-1 md:gap-3\">\n<div class=\"flex max-w-full flex-col flex-grow\">\n<div class=\"min-h-[20px] text-message flex w-full flex-col items-end gap-2 whitespace-normal break-words [.text-message+&amp;]:mt-5\" dir=\"auto\" data-message-author-role=\"assistant\" data-message-id=\"c587c539-d375-471b-ba08-a0c42b7a5935\">\n<div class=\"flex w-full flex-col gap-1 empty:hidden first:pt-[3px]\">\n<div class=\"markdown prose w-full break-words dark:prose-invert dark\">\n<div class=\"flex max-w-full flex-col flex-grow\">\n<div class=\"min-h-[20px] text-message flex w-full flex-col items-end gap-2 whitespace-normal break-words [.text-message+&amp;]:mt-5\" dir=\"auto\" data-message-author-role=\"assistant\" data-message-id=\"f2e7ca64-e326-43ac-9cc2-b5e20ed1c815\">\n<div class=\"flex w-full flex-col gap-1 empty:hidden first:pt-[3px]\">\n<div class=\"markdown prose w-full break-words dark:prose-invert dark\">\n<div class=\"flex max-w-full flex-col flex-grow\">\n<div class=\"min-h-[20px] text-message flex w-full flex-col items-end gap-2 whitespace-normal break-words [.text-message+&amp;]:mt-5\" dir=\"auto\" data-message-author-role=\"assistant\" data-message-id=\"ad6c8a64-6b87-4f7b-87fc-7b2974512196\">\n<div class=\"flex w-full flex-col gap-1 empty:hidden first:pt-[3px]\">\n<div class=\"markdown prose w-full break-words dark:prose-invert dark\">\n<article class=\"w-full text-token-text-primary focus-visible:outline-2 focus-visible:outline-offset-[-4px]\" dir=\"auto\" data-testid=\"conversation-turn-199\" data-scroll-anchor=\"false\">\n<div class=\"text-base py-[18px] px-3 md:px-4 m-auto w-full md:px-5 lg:px-4 xl:px-5\">\n<div class=\"mx-auto flex flex-1 gap-4 text-base md:gap-5 lg:gap-6 md:max-w-3xl lg:max-w-[40rem] xl:max-w-[48rem]\">\n<div class=\"group\/conversation-turn relative flex w-full min-w-0 flex-col agent-turn\">\n<div class=\"flex-col gap-1 md:gap-3\">\n<div class=\"flex max-w-full flex-col flex-grow\">\n<div class=\"flex max-w-full flex-col flex-grow\">\n<div class=\"min-h-[20px] text-message flex w-full flex-col items-end gap-2 whitespace-normal break-words [.text-message+&amp;]:mt-5\" dir=\"auto\" data-message-author-role=\"assistant\" data-message-id=\"81975351-cc56-42c9-9397-4e8d72670779\">\n<div class=\"flex w-full flex-col gap-1 empty:hidden first:pt-[3px]\">\n<div class=\"markdown prose w-full break-words dark:prose-invert dark\">\n<div class=\"flex-1 overflow-hidden\">\n<div class=\"h-full\">\n<div class=\"react-scroll-to-bottom--css-agaqu-79elbk h-full\">\n<div class=\"react-scroll-to-bottom--css-agaqu-1n7m0yu\">\n<div class=\"flex flex-col text-sm md:pb-9\">\n<article class=\"w-full text-token-text-primary focus-visible:outline-2 focus-visible:outline-offset-[-4px]\" dir=\"auto\" data-testid=\"conversation-turn-275\" data-scroll-anchor=\"true\">\n<div class=\"text-base py-[18px] px-3 md:px-4 m-auto w-full md:px-5 lg:px-4 xl:px-5\">\n<div class=\"mx-auto flex flex-1 gap-4 text-base md:gap-5 lg:gap-6 md:max-w-3xl lg:max-w-[40rem] xl:max-w-[48rem]\">\n<div class=\"group\/conversation-turn relative flex w-full min-w-0 flex-col agent-turn\">\n<div class=\"flex-col gap-1 md:gap-3\">\n<div class=\"flex max-w-full flex-col flex-grow\">\n<div class=\"min-h-[20px] text-message flex w-full flex-col items-end gap-2 whitespace-normal break-words [.text-message+&amp;]:mt-5\" dir=\"auto\" data-message-author-role=\"assistant\" data-message-id=\"52f1d1d2-af92-46ce-b685-329119136ee3\">\n<div class=\"flex w-full flex-col gap-1 empty:hidden first:pt-[3px]\">\n<div class=\"markdown prose w-full break-words dark:prose-invert dark\">\n<h3><strong>KILOMETERZ\u00c4HLER F\u00dcR SEAT LEON SPORTSTOURER<\/strong><\/h3>\n<p>Der <strong>Seat Leon Sportstourer Mileage Blocker &#8211; manchmal<\/strong>auch als Odometer Blocker, Odometer Stopper, Can Blocker, Mileage Stopper, Trip Odometer oder Can Filter bezeichnet &#8211; ist f\u00fcr alle <strong>Seat Leon Sportstourer<\/strong> Modelle geeignet, die seit 2012 auf den Markt kamen.<\/p>\n<h3><strong>SPEZIFIKATIONEN<\/strong><\/h3>\n<ul>\n<li><strong>Do-it-yourself (DIY) Installation<\/strong>: Schnelle und einfache Einrichtung ohne professionelle Hilfe.<\/li>\n<li><strong>Hochwertige Komponenten<\/strong>: Inklusive originaler Premium-Stecker und hitzebest\u00e4ndiger Kabel.<\/li>\n<li><strong>Einwandfreie Funktion von Tachometer und Assistenzsystemen<\/strong>: Keine Interferenzen mit Geschwindigkeitsanzeigen oder Fahrhilfen.<\/li>\n<li><strong>Gespeicherte Einstellungen<\/strong>: Sobald die Einstellungen konfiguriert sind, bleiben sie unver\u00e4ndert, auch nachdem das Modul entfernt wurde.<\/li>\n<li><strong>Keine spontane Erh\u00f6hung des Kilometerstandes<\/strong>: Nach dem Ausbau erh\u00f6ht sich der Kilometerstand nicht von alleine.<\/li>\n<li><strong>Mehrere Modi<\/strong>: W\u00e4hlen Sie aus einer Vielzahl von Modi, die Ihren Fahrbed\u00fcrfnissen entsprechen.<\/li>\n<li><strong>Keine physischen Ver\u00e4nderungen erforderlich<\/strong>: Kein L\u00f6ten oder Schneiden von Kabeln erforderlich.<\/li>\n<li><strong>Von Diagnosetestern nicht nachweisbar<\/strong>: Der ge\u00e4nderte Kilometerstand wird von Diagnosetools nicht erkannt.<\/li>\n<li><strong>Keine Fehlermeldungen<\/strong>: Es werden keine Fehler auf dem Tachometer oder dem Navigationspanel angezeigt.<\/li>\n<li><strong>Reibungslose Installation<\/strong>: Passende Fl\u00e4chen und Rillen sorgen f\u00fcr eine einfache und sichere Installation.<\/li>\n<li><strong>Geringf\u00fcgige Abweichungen beim Kilometerstand<\/strong>: Bei Modi, die den Kilometerstand vollst\u00e4ndig ausblenden, kann es zu einer Abweichung von bis zu 1% von der tats\u00e4chlich gefahrenen Strecke kommen.<\/li>\n<\/ul>\n<h3><strong>AKTIVIERUNG &amp; DEAKTIVIERUNG<\/strong><\/h3>\n<p><span data-sheets-root=\"1\">&#8222;Dr\u00fccken Sie mit der &#8218;ok&#8216;-Bedienung am Lenkrad und halten Sie sie gedr\u00fcckt, bis der Blinker blinkt.<\/span><\/p>\n<p><strong>Modus 1:<\/strong> 1 Blinken links 18 Prozent (alles funktioniert, Geschwindigkeitsregelung usw.)<\/p>\n<p><strong>Modus 2<\/strong>: 2 Blinksignale links 0 Prozent (keine Geschwindigkeit, keine Tankanzeige)<\/p>\n<p><strong>Modus 3<\/strong>: 1 Blinken rechts 100 Prozent (Original)&#8220;<\/p>\n<p>Der Seat Leon Sportstourer Kilometerstopper speichert die zuvor vorgenommenen Einstellungen, so dass Sie ihn nicht vor jeder Fahrt neu konfigurieren m\u00fcssen.<\/p>\n<h3><strong>Was ist der Seat Leon Sportstourer Mileage Blocker?<\/strong><\/h3>\n<p>Der <strong>Seat Leon Sportstourer Mileage Blocker<\/strong> wurde entwickelt, um die Erfassung des Kilometerstandes bei Leistungstests zu verhindern. Es ist \u00fcber KM Block erh\u00e4ltlich, verf\u00fcgt \u00fcber hochwertige Komponenten und funktioniert sowohl bei Diesel- und Benzinmotoren als auch bei Plug-in-Hybrid-Elektrofahrzeugen (PHEVs) und Elektroautos. Das Ger\u00e4t unterst\u00fctzt Kilometerz\u00e4hler, die sowohl Meilen als auch Kilometer anzeigen.<\/p>\n<p>Obwohl es f\u00fcr Leistungstests einwandfrei funktioniert, sollte dieses Ger\u00e4t nicht mit den Ger\u00e4ten <strong>zur Kilometerstandskorrektur<\/strong> verwechselt werden, die illegal sind, um die Kilometerst\u00e4nde zu betr\u00fcgerischen Zwecken zu ver\u00e4ndern. Tools zur Kilometerstandskorrektur k\u00f6nnen nur die Daten des Kilometerz\u00e4hlers entfernen, aber den in modernen Autos \u00fcber mehrere Dateneinheiten gespeicherten Kilometerstand nicht vollst\u00e4ndig umkehren.<\/p>\n<h3><strong>Warum sollten Sie sich f\u00fcr Seat Leon Sportstourer Mileage Blocker entscheiden?<\/strong><\/h3>\n<p>Dieses Ger\u00e4t ist einfach zu installieren, hoch funktionell und kann an verschiedene Fahrzeugmodelle angepasst werden. Es ist ein ideales Werkzeug, um die Leistung eines Autos in einer kontrollierten Umgebung zu testen und gleichzeitig unn\u00f6tige Kilometerst\u00e4nde zu vermeiden.<\/p>\n<\/div>\n<\/div>\n<\/div>\n<\/div>\n<\/div>\n<\/div>\n<\/div>\n<\/div>\n<\/article>\n<\/div>\n<\/div>\n<\/div>\n<\/div>\n<\/div>\n<\/div>\n<\/div>\n<\/div>\n<\/div>\n<\/div>\n<\/div>\n<\/div>\n<\/div>\n<\/div>\n<\/article>\n<\/div>\n<\/div>\n<\/div>\n<\/div>\n<\/div>\n<\/div>\n<\/div>\n<\/div>\n<\/div>\n<\/div>\n<\/div>\n<\/div>\n<\/div>\n<\/div>\n<\/div>\n<\/div>\n<\/article>\n<\/div>\n<\/div>\n<\/div>\n<\/div>\n<\/div>\n<\/div>\n<\/div>\n<\/div>\n<\/div>\n<\/div>\n<\/div>\n<\/div>\n<\/div>\n","protected":false},"excerpt":{"rendered":"<div class=\"flex-shrink-0 flex flex-col relative items-end\">\n<div class=\"pt-0\">\n<div class=\"gizmo-bot-avatar flex h-8 w-8 items-center justify-center overflow-hidden rounded-full\">\n<div class=\"relative p-1 rounded-sm flex items-center justify-center bg-token-main-surface-primary text-token-text-primary h-8 w-8\">\n<p>Bevor Sie bestellen, lesen Sie bitte die folgenden wichtigen Details zur Aktivierung des Moduls, zu Fehlermeldungen und zur Funktionalit\u00e4t.<\/p>\n<div class=\"flex max-w-full flex-col flex-grow\">\n<div class=\"min-h-[20px] text-message flex w-full flex-col items-end gap-2 whitespace-normal break-words [.text-message+&amp;]:mt-5\" dir=\"auto\" data-message-author-role=\"assistant\" data-message-id=\"fa49fe5c-62a3-4d02-842e-7a1021d9fec1\">\n<div class=\"flex w-full flex-col gap-1 empty:hidden first:pt-[3px]\">\n<div class=\"markdown prose w-full break-words dark:prose-invert dark\">\n<p><strong>F\u00dcR MODELLE, DIE SEIT 2012 VER\u00d6FFENTLICHT WURDEN: <\/strong>Einfache, schnelle Einrichtung ohne professionelle Hilfe. Garantiert keine Erkennung durch Diagnosetools. Bietet eine lange Lebensdauer. Geschwindigkeitsanzeiger und Fahrerassistenzsysteme funktionieren perfekt.   <\/p>\n<p class=\"p1\"><b> \u2705 Nahtlose Integration<\/b><b><\/b><\/p>\n<p class=\"p1\">\u2705<b> Einfache Installation<\/b><b><\/b><\/p>\n<p class=\"p1\">\u2705<b> Genaue Verwaltung des Kilometerstandes<\/b><b><\/b><\/p>\n<p class=\"p1\"><b> \u2705 Betrieb im Tarnkappenmodus<\/b><b><\/b><\/p>\n<p class=\"p1\"><span class=\"s1\">\u2705<\/span><b> Lebenslanger Support und Updates<\/b><\/p>\n<\/div>\n<\/div>\n<\/div>\n<\/div>\n<\/div>\n<\/div>\n<\/div>\n<\/div>\n","protected":false},"featured_media":885,"comment_status":"open","ping_status":"closed","template":"","meta":[],"product_brand":[],"product_cat":[652],"product_tag":[],"class_list":{"0":"post-6045","1":"product","2":"type-product","3":"status-publish","4":"has-post-thumbnail","6":"product_cat-seat","8":"first","9":"instock","10":"taxable","11":"shipping-taxable","12":"purchasable","13":"product-type-variable"},"yoast_head":"<!-- This site is optimized with the Yoast SEO plugin v26.8 - https:\/\/yoast.com\/product\/yoast-seo-wordpress\/ -->\n<title>Seat Leon Sportstourer Mileage Blocker (KM stopper) \u2192 KM Block<\/title>\n<meta name=\"description\" content=\"Buy a Seat Leon Sportstourer Mileage Blocker for the Best Prices \u2713 Free Shipping \u2713 Incl. Installation Guides\" \/>\n<meta name=\"robots\" content=\"index, follow, max-snippet:-1, max-image-preview:large, max-video-preview:-1\" \/>\n<meta property=\"og:locale\" content=\"de_DE\" \/>\n<meta property=\"og:type\" content=\"article\" \/>\n<meta property=\"og:title\" content=\"Seat Leon Sportstourer Mileage Blocker (KM stopper) \u2192 KM Block\" \/>\n<meta property=\"og:description\" content=\"Buy a Seat Leon Sportstourer Mileage Blocker for the Best Prices \u2713 Free Shipping \u2713 Incl. Installation Guides\" \/>\n<meta property=\"og:url\" content=\"https:\/\/kmblock.com\/de\/product\/seat-leon-sportstourer\/\" \/>\n<meta property=\"og:site_name\" content=\"KM Block\" \/>\n<meta property=\"article:modified_time\" content=\"2025-11-09T08:40:34+00:00\" \/>\n<meta property=\"og:image\" content=\"https:\/\/kmblock.com\/wp-content\/uploads\/2024\/09\/Seat-Leon-Sportstourer.jpg\" \/>\n\t<meta property=\"og:image:width\" content=\"800\" \/>\n\t<meta property=\"og:image:height\" content=\"800\" \/>\n\t<meta property=\"og:image:type\" content=\"image\/jpeg\" \/>\n<meta name=\"twitter:card\" content=\"summary_large_image\" \/>\n<meta name=\"twitter:label1\" content=\"Gesch\u00e4tzte Lesezeit\" \/>\n\t<meta name=\"twitter:data1\" content=\"2\u00a0Minuten\" \/>\n<script type=\"application\/ld+json\" class=\"yoast-schema-graph\">{\"@context\":\"https:\/\/schema.org\",\"@graph\":[{\"@type\":\"WebPage\",\"@id\":\"https:\/\/kmblock.com\/de\/product\/seat-leon-sportstourer\/\",\"url\":\"https:\/\/kmblock.com\/de\/product\/seat-leon-sportstourer\/\",\"name\":\"Seat Leon Sportstourer Mileage Blocker (KM stopper) \u2192 KM Block\",\"isPartOf\":{\"@id\":\"https:\/\/kmblock.com\/de\/#website\"},\"primaryImageOfPage\":{\"@id\":\"https:\/\/kmblock.com\/de\/product\/seat-leon-sportstourer\/#primaryimage\"},\"image\":{\"@id\":\"https:\/\/kmblock.com\/de\/product\/seat-leon-sportstourer\/#primaryimage\"},\"thumbnailUrl\":\"https:\/\/kmblock.com\/wp-content\/uploads\/2024\/09\/Seat-Leon-Sportstourer.jpg\",\"datePublished\":\"2024-09-24T13:51:01+00:00\",\"dateModified\":\"2025-11-09T08:40:34+00:00\",\"description\":\"Buy a Seat Leon Sportstourer Mileage Blocker for the Best Prices \u2713 Free Shipping \u2713 Incl. Installation Guides\",\"breadcrumb\":{\"@id\":\"https:\/\/kmblock.com\/de\/product\/seat-leon-sportstourer\/#breadcrumb\"},\"inLanguage\":\"de\",\"potentialAction\":[{\"@type\":\"ReadAction\",\"target\":[\"https:\/\/kmblock.com\/de\/product\/seat-leon-sportstourer\/\"]}]},{\"@type\":\"ImageObject\",\"inLanguage\":\"de\",\"@id\":\"https:\/\/kmblock.com\/de\/product\/seat-leon-sportstourer\/#primaryimage\",\"url\":\"https:\/\/kmblock.com\/wp-content\/uploads\/2024\/09\/Seat-Leon-Sportstourer.jpg\",\"contentUrl\":\"https:\/\/kmblock.com\/wp-content\/uploads\/2024\/09\/Seat-Leon-Sportstourer.jpg\",\"width\":800,\"height\":800,\"caption\":\"Seat Leon Sportstourer\"},{\"@type\":\"BreadcrumbList\",\"@id\":\"https:\/\/kmblock.com\/de\/product\/seat-leon-sportstourer\/#breadcrumb\",\"itemListElement\":[{\"@type\":\"ListItem\",\"position\":1,\"name\":\"Startseite\",\"item\":\"https:\/\/kmblock.com\/de\/\"},{\"@type\":\"ListItem\",\"position\":2,\"name\":\"Produkte\",\"item\":\"https:\/\/kmblock.com\/de\/shop\/\"},{\"@type\":\"ListItem\",\"position\":3,\"name\":\"Seat Leon Sportstourer\"}]},{\"@type\":\"WebSite\",\"@id\":\"https:\/\/kmblock.com\/de\/#website\",\"url\":\"https:\/\/kmblock.com\/de\/\",\"name\":\"KM Block\",\"description\":\"\",\"publisher\":{\"@id\":\"https:\/\/kmblock.com\/de\/#organization\"},\"potentialAction\":[{\"@type\":\"SearchAction\",\"target\":{\"@type\":\"EntryPoint\",\"urlTemplate\":\"https:\/\/kmblock.com\/de\/?s={search_term_string}\"},\"query-input\":{\"@type\":\"PropertyValueSpecification\",\"valueRequired\":true,\"valueName\":\"search_term_string\"}}],\"inLanguage\":\"de\"},{\"@type\":\"Organization\",\"@id\":\"https:\/\/kmblock.com\/de\/#organization\",\"name\":\"KM-Block\",\"url\":\"https:\/\/kmblock.com\/de\/\",\"logo\":{\"@type\":\"ImageObject\",\"inLanguage\":\"de\",\"@id\":\"https:\/\/kmblock.com\/de\/#\/schema\/logo\/image\/\",\"url\":\"https:\/\/kmblock.com\/wp-content\/uploads\/2024\/08\/main-logo.png\",\"contentUrl\":\"https:\/\/kmblock.com\/wp-content\/uploads\/2024\/08\/main-logo.png\",\"width\":186,\"height\":28,\"caption\":\"KM-Block\"},\"image\":{\"@id\":\"https:\/\/kmblock.com\/de\/#\/schema\/logo\/image\/\"}}]}<\/script>\n<!-- \/ Yoast SEO plugin. -->","yoast_head_json":{"title":"Seat Leon Sportstourer Mileage Blocker (KM stopper) \u2192 KM Block","description":"Buy a Seat Leon Sportstourer Mileage Blocker for the Best Prices \u2713 Free Shipping \u2713 Incl. Installation Guides","robots":{"index":"index","follow":"follow","max-snippet":"max-snippet:-1","max-image-preview":"max-image-preview:large","max-video-preview":"max-video-preview:-1"},"og_locale":"de_DE","og_type":"article","og_title":"Seat Leon Sportstourer Mileage Blocker (KM stopper) \u2192 KM Block","og_description":"Buy a Seat Leon Sportstourer Mileage Blocker for the Best Prices \u2713 Free Shipping \u2713 Incl. Installation Guides","og_url":"https:\/\/kmblock.com\/de\/product\/seat-leon-sportstourer\/","og_site_name":"KM Block","article_modified_time":"2025-11-09T08:40:34+00:00","og_image":[{"width":800,"height":800,"url":"https:\/\/kmblock.com\/wp-content\/uploads\/2024\/09\/Seat-Leon-Sportstourer.jpg","type":"image\/jpeg"}],"twitter_card":"summary_large_image","twitter_misc":{"Gesch\u00e4tzte Lesezeit":"2\u00a0Minuten"},"schema":{"@context":"https:\/\/schema.org","@graph":[{"@type":"WebPage","@id":"https:\/\/kmblock.com\/de\/product\/seat-leon-sportstourer\/","url":"https:\/\/kmblock.com\/de\/product\/seat-leon-sportstourer\/","name":"Seat Leon Sportstourer Mileage Blocker (KM stopper) \u2192 KM Block","isPartOf":{"@id":"https:\/\/kmblock.com\/de\/#website"},"primaryImageOfPage":{"@id":"https:\/\/kmblock.com\/de\/product\/seat-leon-sportstourer\/#primaryimage"},"image":{"@id":"https:\/\/kmblock.com\/de\/product\/seat-leon-sportstourer\/#primaryimage"},"thumbnailUrl":"https:\/\/kmblock.com\/wp-content\/uploads\/2024\/09\/Seat-Leon-Sportstourer.jpg","datePublished":"2024-09-24T13:51:01+00:00","dateModified":"2025-11-09T08:40:34+00:00","description":"Buy a Seat Leon Sportstourer Mileage Blocker for the Best Prices \u2713 Free Shipping \u2713 Incl. Installation Guides","breadcrumb":{"@id":"https:\/\/kmblock.com\/de\/product\/seat-leon-sportstourer\/#breadcrumb"},"inLanguage":"de","potentialAction":[{"@type":"ReadAction","target":["https:\/\/kmblock.com\/de\/product\/seat-leon-sportstourer\/"]}]},{"@type":"ImageObject","inLanguage":"de","@id":"https:\/\/kmblock.com\/de\/product\/seat-leon-sportstourer\/#primaryimage","url":"https:\/\/kmblock.com\/wp-content\/uploads\/2024\/09\/Seat-Leon-Sportstourer.jpg","contentUrl":"https:\/\/kmblock.com\/wp-content\/uploads\/2024\/09\/Seat-Leon-Sportstourer.jpg","width":800,"height":800,"caption":"Seat Leon Sportstourer"},{"@type":"BreadcrumbList","@id":"https:\/\/kmblock.com\/de\/product\/seat-leon-sportstourer\/#breadcrumb","itemListElement":[{"@type":"ListItem","position":1,"name":"Startseite","item":"https:\/\/kmblock.com\/de\/"},{"@type":"ListItem","position":2,"name":"Produkte","item":"https:\/\/kmblock.com\/de\/shop\/"},{"@type":"ListItem","position":3,"name":"Seat Leon Sportstourer"}]},{"@type":"WebSite","@id":"https:\/\/kmblock.com\/de\/#website","url":"https:\/\/kmblock.com\/de\/","name":"KM Block","description":"","publisher":{"@id":"https:\/\/kmblock.com\/de\/#organization"},"potentialAction":[{"@type":"SearchAction","target":{"@type":"EntryPoint","urlTemplate":"https:\/\/kmblock.com\/de\/?s={search_term_string}"},"query-input":{"@type":"PropertyValueSpecification","valueRequired":true,"valueName":"search_term_string"}}],"inLanguage":"de"},{"@type":"Organization","@id":"https:\/\/kmblock.com\/de\/#organization","name":"KM-Block","url":"https:\/\/kmblock.com\/de\/","logo":{"@type":"ImageObject","inLanguage":"de","@id":"https:\/\/kmblock.com\/de\/#\/schema\/logo\/image\/","url":"https:\/\/kmblock.com\/wp-content\/uploads\/2024\/08\/main-logo.png","contentUrl":"https:\/\/kmblock.com\/wp-content\/uploads\/2024\/08\/main-logo.png","width":186,"height":28,"caption":"KM-Block"},"image":{"@id":"https:\/\/kmblock.com\/de\/#\/schema\/logo\/image\/"}}]}},"_links":{"self":[{"href":"https:\/\/kmblock.com\/de\/wp-json\/wp\/v2\/product\/6045","targetHints":{"allow":["GET"]}}],"collection":[{"href":"https:\/\/kmblock.com\/de\/wp-json\/wp\/v2\/product"}],"about":[{"href":"https:\/\/kmblock.com\/de\/wp-json\/wp\/v2\/types\/product"}],"replies":[{"embeddable":true,"href":"https:\/\/kmblock.com\/de\/wp-json\/wp\/v2\/comments?post=6045"}],"wp:featuredmedia":[{"embeddable":true,"href":"https:\/\/kmblock.com\/de\/wp-json\/wp\/v2\/media\/885"}],"wp:attachment":[{"href":"https:\/\/kmblock.com\/de\/wp-json\/wp\/v2\/media?parent=6045"}],"wp:term":[{"taxonomy":"product_brand","embeddable":true,"href":"https:\/\/kmblock.com\/de\/wp-json\/wp\/v2\/product_brand?post=6045"},{"taxonomy":"product_cat","embeddable":true,"href":"https:\/\/kmblock.com\/de\/wp-json\/wp\/v2\/product_cat?post=6045"},{"taxonomy":"product_tag","embeddable":true,"href":"https:\/\/kmblock.com\/de\/wp-json\/wp\/v2\/product_tag?post=6045"}],"curies":[{"name":"wp","href":"https:\/\/api.w.org\/{rel}","templated":true}]}}