{"id":5918,"date":"2024-09-24T15:27:31","date_gmt":"2024-09-24T15:27:31","guid":{"rendered":"https:\/\/kmblock.com\/product\/volkswagen-crafter-1-gen\/"},"modified":"2024-09-24T15:27:31","modified_gmt":"2024-09-24T15:27:31","slug":"volkswagen-crafter-1-gen","status":"publish","type":"product","link":"https:\/\/kmblock.com\/de\/product\/volkswagen-crafter-1-gen\/","title":{"rendered":"Volkswagen Crafter (1. Gen.)"},"content":{"rendered":"<div class=\"flex max-w-full flex-col flex-grow\">\n<div class=\"min-h-[20px] text-message flex w-full flex-col items-end gap-2 whitespace-normal break-words [.text-message+&amp;]:mt-5\" dir=\"auto\" data-message-author-role=\"assistant\" data-message-id=\"dde2b1e7-73d5-4b38-a86a-9b11f4412e3d\">\n<div class=\"flex w-full flex-col gap-1 empty:hidden first:pt-[3px]\">\n<div class=\"markdown prose w-full break-words dark:prose-invert dark\">\n<h3><strong>Kilometerz\u00e4hler f\u00fcr Volkswagen Crafter (1. Gen.)<\/strong><\/h3>\n<p>Der Mileage Blocker f\u00fcr Volkswagen Crafter (1. Gen.), auch als Kilometerz\u00e4hler-Blocker, Kilometerz\u00e4hler-Stopper, CAN-Blocker, Kilometerz\u00e4hler-Stopper, Tageskilometerz\u00e4hler oder CAN-Filter bezeichnet, wurde entwickelt, um die Aufzeichnung des Kilometerstandes bei Fahrzeugtests zu verwalten und zu kontrollieren. Er ist mit allen Volkswagen Crafter (1. Generation) Modellen kompatibel, die zwischen 2006 und 2016 ver\u00f6ffentlicht wurden. <\/p>\n<h3>Spezifikationen:<\/h3>\n<ul>\n<li><strong>DIY-Installation<\/strong>: Schnelle und einfache Installation mit einfacher Anleitung.<\/li>\n<li><strong>Erstklassige Komponenten<\/strong>: Hochwertige Stecker und hitzebest\u00e4ndige Kabel sorgen f\u00fcr eine lang anhaltende Leistung.<\/li>\n<li><strong>Diagnostic Safe<\/strong>: Diagnosetools k\u00f6nnen keine \u00c4nderungen des Kilometerstandes erkennen.<\/li>\n<li><strong>Keine R\u00fcckst\u00e4nde<\/strong>: Nach dem Entfernen ist kein L\u00f6ten oder Schneiden des Kabels erforderlich, es bleiben keine Spuren zur\u00fcck.<\/li>\n<li><strong>Benutzerfreundlich<\/strong>: Einfache Bedienung mit Tastenkombinationen zum Umschalten zwischen den Modi.<\/li>\n<li><strong>Fehlerfrei<\/strong>: Es werden keine Fehlermeldungen auf dem Tachometer oder dem Navigationspanel angezeigt.<\/li>\n<li><strong>Reibungslose Installation<\/strong>: Die Passfl\u00e4che und die Rillen am Stecker sorgen f\u00fcr eine nahtlose Installation.<\/li>\n<li><strong>Stabile Einstellungen<\/strong>: Einmal eingestellt, werden die Einstellungen dauerhaft gespeichert, auch nach dem Entfernen.<\/li>\n<li><strong>Systemkompatibilit\u00e4t<\/strong>: Die Assistenzsysteme funktionieren einwandfrei, aber der Tachometer ist in einigen Modi deaktiviert.<\/li>\n<li><strong>Aktivierung w\u00e4hrend der Fahrt<\/strong>: Das Ger\u00e4t kann w\u00e4hrend der Fahrt oder im Stand aktiviert oder deaktiviert werden.<\/li>\n<\/ul>\n<h3>Aktivierung &amp; Deaktivierung:<\/h3>\n<p><span data-sheets-root=\"1\">&#8222;Dr\u00fccken Sie mit der &#8218;ok&#8216;-Bedienung am Lenkrad und halten Sie sie gedr\u00fcckt, bis der Blinker blinkt.<\/span><\/p>\n<p><strong>Modus 1:<\/strong> 1 Blinken links 18 Prozent (alles funktioniert, Geschwindigkeitsregelung usw.)<\/p>\n<p><strong>Modus 2:<\/strong> 2 Mal Blinken links 0 Prozent (keine Geschwindigkeit, keine Tankanzeige)<\/p>\n<p><strong>Modus 3:<\/strong> 1 Blinken rechts 100 Prozent (Original)&#8220;<\/p>\n<p>Einmal aktiviert, beh\u00e4lt der Volkswagen Crafter Kilometerstopper die zuletzt verwendeten Einstellungen bei, so dass Sie ihn nicht vor jeder Fahrt neu konfigurieren m\u00fcssen. Das Ger\u00e4t kann jederzeit ein- und ausgeschaltet werden, auch w\u00e4hrend der Fahrt. <\/p>\n<h3><strong>Was ist der Volkswagen Crafter Kilometerz\u00e4hler-Blocker oder das Tool zur Kilometerstandskorrektur?<\/strong><\/h3>\n<p>Mit dem Volkswagen Crafter Mileage Blocker k\u00f6nnen Sie verhindern, dass der Kilometerstand beim Testen der Fahrzeugleistung aufgezeichnet wird. Dieses bei KM Block erh\u00e4ltliche Ger\u00e4t besteht aus hochwertigen Originalbauteilen. Es funktioniert einwandfrei, unabh\u00e4ngig davon, ob der digitale Kilometerz\u00e4hler des Fahrzeugs den Kilometerstand in Meilen oder Kilometern z\u00e4hlt.  <\/p>\n<p>Unsere Software wurde speziell f\u00fcr jede Fahrzeugmarke und jedes Modell entwickelt, um einen reibungslosen Betrieb zu gew\u00e4hrleisten. Der Mileage Blocker funktioniert bei allen Motortypen, einschlie\u00dflich Diesel, Benzin, Plug-in Hybrid Electric Vehicles (PHEVs) und Elektroautos. <\/p>\n<p>Bitte beachten Sie, dass wir keine Ger\u00e4te zur Kilometerkorrektur f\u00fcr den Volkswagen Crafter verkaufen. Diese Ger\u00e4te werden zu betr\u00fcgerischen Zwecken verwendet, z.B. zum Zur\u00fccksetzen oder Entfernen von Kilometern. Moderne Autos haben mehrere Datenspeichersysteme, so dass Rollback-Tools den aufgezeichneten Kilometerstand nicht vollst\u00e4ndig r\u00fcckg\u00e4ngig machen k\u00f6nnen.  <\/p>\n<p>Wir bieten eine breite Palette von Mileage Stopper-Ger\u00e4ten an, die alle den gleichen unkomplizierten Installationsprozess haben. Schlie\u00dfen Sie das Modul einfach zwischen dem Tachometer und dem Kombiinstrument an, um die Vorteile dieses Tools zu nutzen. <\/p>\n<p>Der Volkswagen Crafter Mileage Blocker kann jederzeit aktiviert oder deaktiviert werden, egal ob das Fahrzeug steht oder sich bewegt.<\/p>\n<\/div>\n<\/div>\n<\/div>\n<\/div>\n","protected":false},"excerpt":{"rendered":"<div class=\"flex-shrink-0 flex flex-col relative items-end\">\n<div class=\"pt-0\">\n<div class=\"gizmo-bot-avatar flex h-8 w-8 items-center justify-center overflow-hidden rounded-full\">\n<div class=\"relative p-1 rounded-sm flex items-center justify-center bg-token-main-surface-primary text-token-text-primary h-8 w-8\">Bevor Sie bestellen, lesen Sie bitte sorgf\u00e4ltig den Aktivierungsprozess des Moduls und die wichtigen Hinweise zu m\u00f6glichen Fehlermeldungen und zur Systemfunktionalit\u00e4t unten durch<strong>.F\u00dcR MODELLE, DIE ZWISCHEN 2006-2016 VERKAUFT WURDEN. <\/strong>Die Geschwindigkeitsanzeige und die Assistenzsysteme funktionieren nicht in bestimmten Modi. Einfache Do-it-yourself-Installation ohne Spezialwerkzeug.  Kann w\u00e4hrend der Fahrt aktiviert oder deaktiviert werden. Ausgestattet mit qualitativ hochwertigen Steckern und hitzebest\u00e4ndigen Kabeln f\u00fcr Langlebigkeit und Zuverl\u00e4ssigkeit.<\/p>\n<p class=\"p1\"><b> \u2705 Nahtlose Integration<\/b><b><\/b><\/p>\n<p class=\"p1\">\u2705<b> Einfache Installation<\/b><b><\/b><\/p>\n<p class=\"p1\">\u2705<b> Genaue Verwaltung des Kilometerstandes<\/b><b><\/b><\/p>\n<p class=\"p1\"><b> \u2705 Betrieb im Tarnkappenmodus<\/b><b><\/b><\/p>\n<p class=\"p1\"><span class=\"s1\">\u2705<\/span><b> Lebenslanger Support und Updates<\/b><\/p>\n<\/div>\n<\/div>\n<\/div>\n<\/div>\n","protected":false},"featured_media":908,"comment_status":"open","ping_status":"closed","template":"","meta":[],"product_brand":[],"product_cat":[634],"product_tag":[],"class_list":{"0":"post-5918","1":"product","2":"type-product","3":"status-publish","4":"has-post-thumbnail","6":"product_cat-volkswagen","8":"first","9":"instock","10":"taxable","11":"shipping-taxable","12":"purchasable","13":"product-type-variable"},"yoast_head":"<!-- This site is optimized with the Yoast SEO plugin v27.5 - https:\/\/yoast.com\/product\/yoast-seo-wordpress\/ -->\n<title>Volkswagen Crafter (1. Gen.) Mileage Blocker (KM stopper) \u2192 KM Block<\/title>\n<meta name=\"description\" content=\"Buy a Volkswagen Crafter (1. Gen.) Mileage Blocker for the Best Prices \u2713 Free Shipping \u2713 Incl. Installation Guides\" \/>\n<meta name=\"robots\" content=\"index, follow, max-snippet:-1, max-image-preview:large, max-video-preview:-1\" \/>\n<meta property=\"og:locale\" content=\"de_DE\" \/>\n<meta property=\"og:type\" content=\"article\" \/>\n<meta property=\"og:title\" content=\"Volkswagen Crafter (1. Gen.) Mileage Blocker (KM stopper) \u2192 KM Block\" \/>\n<meta property=\"og:description\" content=\"Buy a Volkswagen Crafter (1. Gen.) Mileage Blocker for the Best Prices \u2713 Free Shipping \u2713 Incl. Installation Guides\" \/>\n<meta property=\"og:url\" content=\"https:\/\/kmblock.com\/de\/product\/volkswagen-crafter-1-gen\/\" \/>\n<meta property=\"og:site_name\" content=\"KM Block\" \/>\n<meta property=\"og:image\" content=\"https:\/\/kmblock.com\/wp-content\/uploads\/2024\/09\/Volkswagen-Crafter-1st-600x600-1.jpg\" \/>\n\t<meta property=\"og:image:width\" content=\"600\" \/>\n\t<meta property=\"og:image:height\" content=\"600\" \/>\n\t<meta property=\"og:image:type\" content=\"image\/jpeg\" \/>\n<meta name=\"twitter:card\" content=\"summary_large_image\" \/>\n<meta name=\"twitter:label1\" content=\"Gesch\u00e4tzte Lesezeit\" \/>\n\t<meta name=\"twitter:data1\" content=\"2\u00a0Minuten\" \/>\n<script type=\"application\/ld+json\" class=\"yoast-schema-graph\">{\"@context\":\"https:\\\/\\\/schema.org\",\"@graph\":[{\"@type\":\"WebPage\",\"@id\":\"https:\\\/\\\/kmblock.com\\\/de\\\/product\\\/volkswagen-crafter-1-gen\\\/\",\"url\":\"https:\\\/\\\/kmblock.com\\\/de\\\/product\\\/volkswagen-crafter-1-gen\\\/\",\"name\":\"Volkswagen Crafter (1. Gen.) Mileage Blocker (KM stopper) \u2192 KM Block\",\"isPartOf\":{\"@id\":\"https:\\\/\\\/kmblock.com\\\/de\\\/#website\"},\"primaryImageOfPage\":{\"@id\":\"https:\\\/\\\/kmblock.com\\\/de\\\/product\\\/volkswagen-crafter-1-gen\\\/#primaryimage\"},\"image\":{\"@id\":\"https:\\\/\\\/kmblock.com\\\/de\\\/product\\\/volkswagen-crafter-1-gen\\\/#primaryimage\"},\"thumbnailUrl\":\"https:\\\/\\\/kmblock.com\\\/wp-content\\\/uploads\\\/2024\\\/09\\\/Volkswagen-Crafter-1st-600x600-1.jpg\",\"datePublished\":\"2024-09-24T15:27:31+00:00\",\"description\":\"Buy a Volkswagen Crafter (1. Gen.) Mileage Blocker for the Best Prices \u2713 Free Shipping \u2713 Incl. Installation Guides\",\"breadcrumb\":{\"@id\":\"https:\\\/\\\/kmblock.com\\\/de\\\/product\\\/volkswagen-crafter-1-gen\\\/#breadcrumb\"},\"inLanguage\":\"de\",\"potentialAction\":[{\"@type\":\"ReadAction\",\"target\":[\"https:\\\/\\\/kmblock.com\\\/de\\\/product\\\/volkswagen-crafter-1-gen\\\/\"]}]},{\"@type\":\"ImageObject\",\"inLanguage\":\"de\",\"@id\":\"https:\\\/\\\/kmblock.com\\\/de\\\/product\\\/volkswagen-crafter-1-gen\\\/#primaryimage\",\"url\":\"https:\\\/\\\/kmblock.com\\\/wp-content\\\/uploads\\\/2024\\\/09\\\/Volkswagen-Crafter-1st-600x600-1.jpg\",\"contentUrl\":\"https:\\\/\\\/kmblock.com\\\/wp-content\\\/uploads\\\/2024\\\/09\\\/Volkswagen-Crafter-1st-600x600-1.jpg\",\"width\":600,\"height\":600,\"caption\":\"Volkswagen-Crafter-1st-600x600\"},{\"@type\":\"BreadcrumbList\",\"@id\":\"https:\\\/\\\/kmblock.com\\\/de\\\/product\\\/volkswagen-crafter-1-gen\\\/#breadcrumb\",\"itemListElement\":[{\"@type\":\"ListItem\",\"position\":1,\"name\":\"Startseite\",\"item\":\"https:\\\/\\\/kmblock.com\\\/de\\\/\"},{\"@type\":\"ListItem\",\"position\":2,\"name\":\"Produkte\",\"item\":\"https:\\\/\\\/kmblock.com\\\/de\\\/shop\\\/\"},{\"@type\":\"ListItem\",\"position\":3,\"name\":\"Volkswagen Crafter (1. Gen.)\"}]},{\"@type\":\"WebSite\",\"@id\":\"https:\\\/\\\/kmblock.com\\\/de\\\/#website\",\"url\":\"https:\\\/\\\/kmblock.com\\\/de\\\/\",\"name\":\"KM Block\",\"description\":\"\",\"publisher\":{\"@id\":\"https:\\\/\\\/kmblock.com\\\/de\\\/#organization\"},\"potentialAction\":[{\"@type\":\"SearchAction\",\"target\":{\"@type\":\"EntryPoint\",\"urlTemplate\":\"https:\\\/\\\/kmblock.com\\\/de\\\/?s={search_term_string}\"},\"query-input\":{\"@type\":\"PropertyValueSpecification\",\"valueRequired\":true,\"valueName\":\"search_term_string\"}}],\"inLanguage\":\"de\"},{\"@type\":\"Organization\",\"@id\":\"https:\\\/\\\/kmblock.com\\\/de\\\/#organization\",\"name\":\"KM-Block\",\"url\":\"https:\\\/\\\/kmblock.com\\\/de\\\/\",\"logo\":{\"@type\":\"ImageObject\",\"inLanguage\":\"de\",\"@id\":\"https:\\\/\\\/kmblock.com\\\/de\\\/#\\\/schema\\\/logo\\\/image\\\/\",\"url\":\"https:\\\/\\\/kmblock.com\\\/wp-content\\\/uploads\\\/2024\\\/08\\\/main-logo.png\",\"contentUrl\":\"https:\\\/\\\/kmblock.com\\\/wp-content\\\/uploads\\\/2024\\\/08\\\/main-logo.png\",\"width\":186,\"height\":28,\"caption\":\"KM-Block\"},\"image\":{\"@id\":\"https:\\\/\\\/kmblock.com\\\/de\\\/#\\\/schema\\\/logo\\\/image\\\/\"}}]}<\/script>\n<!-- \/ Yoast SEO plugin. -->","yoast_head_json":{"title":"Volkswagen Crafter (1. Gen.) Mileage Blocker (KM stopper) \u2192 KM Block","description":"Buy a Volkswagen Crafter (1. Gen.) Mileage Blocker for the Best Prices \u2713 Free Shipping \u2713 Incl. Installation Guides","robots":{"index":"index","follow":"follow","max-snippet":"max-snippet:-1","max-image-preview":"max-image-preview:large","max-video-preview":"max-video-preview:-1"},"og_locale":"de_DE","og_type":"article","og_title":"Volkswagen Crafter (1. Gen.) Mileage Blocker (KM stopper) \u2192 KM Block","og_description":"Buy a Volkswagen Crafter (1. Gen.) Mileage Blocker for the Best Prices \u2713 Free Shipping \u2713 Incl. Installation Guides","og_url":"https:\/\/kmblock.com\/de\/product\/volkswagen-crafter-1-gen\/","og_site_name":"KM Block","og_image":[{"width":600,"height":600,"url":"https:\/\/kmblock.com\/wp-content\/uploads\/2024\/09\/Volkswagen-Crafter-1st-600x600-1.jpg","type":"image\/jpeg"}],"twitter_card":"summary_large_image","twitter_misc":{"Gesch\u00e4tzte Lesezeit":"2\u00a0Minuten"},"schema":{"@context":"https:\/\/schema.org","@graph":[{"@type":"WebPage","@id":"https:\/\/kmblock.com\/de\/product\/volkswagen-crafter-1-gen\/","url":"https:\/\/kmblock.com\/de\/product\/volkswagen-crafter-1-gen\/","name":"Volkswagen Crafter (1. Gen.) Mileage Blocker (KM stopper) \u2192 KM Block","isPartOf":{"@id":"https:\/\/kmblock.com\/de\/#website"},"primaryImageOfPage":{"@id":"https:\/\/kmblock.com\/de\/product\/volkswagen-crafter-1-gen\/#primaryimage"},"image":{"@id":"https:\/\/kmblock.com\/de\/product\/volkswagen-crafter-1-gen\/#primaryimage"},"thumbnailUrl":"https:\/\/kmblock.com\/wp-content\/uploads\/2024\/09\/Volkswagen-Crafter-1st-600x600-1.jpg","datePublished":"2024-09-24T15:27:31+00:00","description":"Buy a Volkswagen Crafter (1. Gen.) Mileage Blocker for the Best Prices \u2713 Free Shipping \u2713 Incl. Installation Guides","breadcrumb":{"@id":"https:\/\/kmblock.com\/de\/product\/volkswagen-crafter-1-gen\/#breadcrumb"},"inLanguage":"de","potentialAction":[{"@type":"ReadAction","target":["https:\/\/kmblock.com\/de\/product\/volkswagen-crafter-1-gen\/"]}]},{"@type":"ImageObject","inLanguage":"de","@id":"https:\/\/kmblock.com\/de\/product\/volkswagen-crafter-1-gen\/#primaryimage","url":"https:\/\/kmblock.com\/wp-content\/uploads\/2024\/09\/Volkswagen-Crafter-1st-600x600-1.jpg","contentUrl":"https:\/\/kmblock.com\/wp-content\/uploads\/2024\/09\/Volkswagen-Crafter-1st-600x600-1.jpg","width":600,"height":600,"caption":"Volkswagen-Crafter-1st-600x600"},{"@type":"BreadcrumbList","@id":"https:\/\/kmblock.com\/de\/product\/volkswagen-crafter-1-gen\/#breadcrumb","itemListElement":[{"@type":"ListItem","position":1,"name":"Startseite","item":"https:\/\/kmblock.com\/de\/"},{"@type":"ListItem","position":2,"name":"Produkte","item":"https:\/\/kmblock.com\/de\/shop\/"},{"@type":"ListItem","position":3,"name":"Volkswagen Crafter (1. Gen.)"}]},{"@type":"WebSite","@id":"https:\/\/kmblock.com\/de\/#website","url":"https:\/\/kmblock.com\/de\/","name":"KM Block","description":"","publisher":{"@id":"https:\/\/kmblock.com\/de\/#organization"},"potentialAction":[{"@type":"SearchAction","target":{"@type":"EntryPoint","urlTemplate":"https:\/\/kmblock.com\/de\/?s={search_term_string}"},"query-input":{"@type":"PropertyValueSpecification","valueRequired":true,"valueName":"search_term_string"}}],"inLanguage":"de"},{"@type":"Organization","@id":"https:\/\/kmblock.com\/de\/#organization","name":"KM-Block","url":"https:\/\/kmblock.com\/de\/","logo":{"@type":"ImageObject","inLanguage":"de","@id":"https:\/\/kmblock.com\/de\/#\/schema\/logo\/image\/","url":"https:\/\/kmblock.com\/wp-content\/uploads\/2024\/08\/main-logo.png","contentUrl":"https:\/\/kmblock.com\/wp-content\/uploads\/2024\/08\/main-logo.png","width":186,"height":28,"caption":"KM-Block"},"image":{"@id":"https:\/\/kmblock.com\/de\/#\/schema\/logo\/image\/"}}]}},"_links":{"self":[{"href":"https:\/\/kmblock.com\/de\/wp-json\/wp\/v2\/product\/5918","targetHints":{"allow":["GET"]}}],"collection":[{"href":"https:\/\/kmblock.com\/de\/wp-json\/wp\/v2\/product"}],"about":[{"href":"https:\/\/kmblock.com\/de\/wp-json\/wp\/v2\/types\/product"}],"replies":[{"embeddable":true,"href":"https:\/\/kmblock.com\/de\/wp-json\/wp\/v2\/comments?post=5918"}],"wp:featuredmedia":[{"embeddable":true,"href":"https:\/\/kmblock.com\/de\/wp-json\/wp\/v2\/media\/908"}],"wp:attachment":[{"href":"https:\/\/kmblock.com\/de\/wp-json\/wp\/v2\/media?parent=5918"}],"wp:term":[{"taxonomy":"product_brand","embeddable":true,"href":"https:\/\/kmblock.com\/de\/wp-json\/wp\/v2\/product_brand?post=5918"},{"taxonomy":"product_cat","embeddable":true,"href":"https:\/\/kmblock.com\/de\/wp-json\/wp\/v2\/product_cat?post=5918"},{"taxonomy":"product_tag","embeddable":true,"href":"https:\/\/kmblock.com\/de\/wp-json\/wp\/v2\/product_tag?post=5918"}],"curies":[{"name":"wp","href":"https:\/\/api.w.org\/{rel}","templated":true}]}}