{"id":5889,"date":"2024-09-24T15:32:17","date_gmt":"2024-09-24T15:32:17","guid":{"rendered":"https:\/\/kmblock.com\/product\/volkswagen-crafter-2-generation\/"},"modified":"2024-09-24T15:32:17","modified_gmt":"2024-09-24T15:32:17","slug":"volkswagen-crafter-2-generation","status":"publish","type":"product","link":"https:\/\/kmblock.com\/de\/product\/volkswagen-crafter-2-generation\/","title":{"rendered":"Volkswagen Crafter (2. Generation)"},"content":{"rendered":"<h3>MILEAGE BLOCKER F\u00dcR VOLKSWAGEN CRAFTER (2nd GEN)<\/h3>\n<p>Der <strong>Volkswagen Crafter (2. Generation)<\/strong> Mileage Blocker, der auch als Kilometerz\u00e4hler-Blocker, Kilometerz\u00e4hler-Stopper, Dosen-Blocker, Kilometerz\u00e4hler-Stopper, Tageskilometerz\u00e4hler oder Dosenfilter bezeichnet wird, ist mit allen <strong>Volkswagen Crafter (2. Generation)<\/strong> Modellen kompatibel, die seit 2017 auf den Markt gekommen sind.<\/p>\n<h4>SPEZIFIKATIONEN<\/h4>\n<ul>\n<li><strong>Einfache DIY-Installation<\/strong>: Installieren Sie es mit einer einfachen Anleitung ohne Spezialwerkzeug.<\/li>\n<li><strong>Mehrere Modi<\/strong>: W\u00e4hlen Sie aus verschiedenen Betriebsmodi, die auf Ihre Bed\u00fcrfnisse zugeschnitten sind.<\/li>\n<li><strong>Qualitativ hochwertige Komponenten<\/strong>: Ausgestattet mit hochwertigen Steckern und hitzebest\u00e4ndigen Kabeln f\u00fcr lange Haltbarkeit.<\/li>\n<li><strong>Nicht zur\u00fcckverfolgbare Modifikation<\/strong>: Kein L\u00f6ten oder Schneiden von Kabeln erforderlich, hinterl\u00e4sst keine Spuren nach dem Entfernen.<\/li>\n<li><strong>Benutzerfreundliche Bedienung<\/strong>: Einfach zu bedienen mit mehreren Tastenkombinationen.<\/li>\n<li><strong>Aktivierung w\u00e4hrend der Fahrt<\/strong>: Kann w\u00e4hrend der Fahrt ein- und ausgeschaltet werden.<\/li>\n<li><strong>Reibungslose Installation<\/strong>: Die Verbindungsfl\u00e4che und die Rillen am Stecker sorgen f\u00fcr eine problemlose Installation.<\/li>\n<li><strong>Stabilit\u00e4t des Kilometerstandes<\/strong>: Nach dem Ausbau des Moduls erh\u00f6ht sich der Kilometerstand nicht spontan.<\/li>\n<li><strong>Diagnosewiderstand<\/strong>: \u00c4nderungen des Kilometerstandes sind von Diagnosetestern nicht nachweisbar.<\/li>\n<li><strong>Permanente Einstellungen<\/strong>: Einmal ausgew\u00e4hlt, werden die Einstellungen bedingungslos gespeichert.<\/li>\n<li><strong>Einwandfreie Funktionalit\u00e4t<\/strong>: Tachometer und Assistenzsysteme funktionieren ohne Probleme.<\/li>\n<li><strong>Fehlerfreie Anzeige<\/strong>: Keine Fehlermeldungen auf dem Tachometer oder dem Navigationspanel.<\/li>\n<li><strong>Motorkontrollleuchte<\/strong>: Die Aktivierung kann bei Fahrzeugen ab Ende 2020 die Motorkontrollleuchte ausl\u00f6sen.<\/li>\n<\/ul>\n<h4>AKTIVIERUNG &amp; DEAKTIVIERUNG<\/h4>\n<p><span data-sheets-root=\"1\">&#8222;Dr\u00fccken Sie mit der &#8218;ok&#8216;-Bedienung am Lenkrad und halten Sie sie gedr\u00fcckt, bis der Blinker blinkt.<\/span><\/p>\n<p><strong>Modus 1<\/strong>: 1 Blinken links 18 Prozent (alles funktioniert, Geschwindigkeitsregelung usw.)<\/p>\n<p><strong>Modus 2<\/strong>: 2 Blinksignale links 0 Prozent (keine Geschwindigkeit, keine Tankanzeige)<\/p>\n<p><strong>Modus 3<\/strong>: 1 Blinken rechts 100 Prozent (Original)&#8220;<\/p>\n<p>Der <strong>Volkswagen Crafter Kilometerstopper<\/strong> beh\u00e4lt die zuletzt vorgenommenen Einstellungen bei, so dass Sie diese vor der Fahrt nicht neu konfigurieren m\u00fcssen.<\/p>\n<h4>WAS IST DER VOLKSWAGEN CRAFTER KILOMETERZ\u00c4HLER-BLOCKER?<\/h4>\n<p>Mit dem <strong>Volkswagen Crafter Mileage Blocker \/ Odometer Blocker<\/strong> k\u00f6nnen Sie die Aufzeichnung des Kilometerstandes stoppen, w\u00e4hrend Sie die Leistung Ihres Fahrzeugs testen. Dieses bei <strong>KM Block<\/strong> erh\u00e4ltliche Modul besteht aus Originalbauteilen und ist unabh\u00e4ngig davon wirksam, ob Ihr digitaler Kilometerz\u00e4hler den Kilometerstand in Meilen oder Kilometern (km) anzeigt. Unsere Programmierer entwickeln Software, die auf jede Marke und jedes Modell zugeschnitten ist, um eine einwandfreie Funktion zu gew\u00e4hrleisten.  <\/p>\n<p>Dieser Mileage Blocker funktioniert problemlos bei Diesel- und Benzinmotoren, Plug-in-Hybrid-Elektrofahrzeugen (PHEVs) und Elektroautos. Die Installation ist einfach: Schlie\u00dfen Sie ihn zwischen dem Tachoanschluss und dem Kombiinstrument an, um alle Vorteile dieses einzigartigen Moduls zu nutzen. <\/p>\n<p><strong>Hinweis<\/strong>: Wir verkaufen keine Tools zur Kilometerkorrektur f\u00fcr den Volkswagen Crafter, da sie f\u00fcr betr\u00fcgerische Zwecke gedacht sind und lediglich den Kilometerstand auf dem Tacho l\u00f6schen. Solche Tools werden oft verwendet, um die zur\u00fcckgelegte Strecke zu korrigieren. Moderne Fahrzeuge haben jedoch mehrere Datenspeicher, so dass es unm\u00f6glich ist, den Kilometerstand vollst\u00e4ndig r\u00fcckg\u00e4ngig zu machen.  <\/p>\n<p>Unser Sortiment umfasst verschiedene Mileage Stopper f\u00fcr unterschiedliche Fahrzeuge, die alle f\u00fcr eine einfache Installation ohne tiefgreifende Kfz-Kenntnisse konzipiert sind. Aktivieren oder deaktivieren Sie den <strong>Volkswagen Crafter Mileage Blocker<\/strong> jederzeit, egal ob das Fahrzeug f\u00e4hrt oder steht. <\/p>\n","protected":false},"excerpt":{"rendered":"<div class=\"flex-shrink-0 flex flex-col relative items-end\">\n<div class=\"pt-0\">\n<div class=\"gizmo-bot-avatar flex h-8 w-8 items-center justify-center overflow-hidden rounded-full\">\n<div class=\"relative p-1 rounded-sm flex items-center justify-center bg-token-main-surface-primary text-token-text-primary h-8 w-8\">\n<p>Bevor Sie bestellen, lesen Sie bitte sorgf\u00e4ltig den Prozess der Modulaktivierung und die wichtigen Hinweise zu m\u00f6glichen Fehlermeldungen und zur Systemfunktionalit\u00e4t unten.<\/p>\n<p><strong>F\u00fcr Modelle, die seit 2017 ver\u00f6ffentlicht wurden:<\/strong> Installieren Sie das Ger\u00e4t m\u00fchelos selbst, es ist keine professionelle Hilfe erforderlich. Erleben Sie diskrete Funktionalit\u00e4t, ohne Spuren zu hinterlassen. Aktivieren oder deaktivieren Sie das Ger\u00e4t w\u00e4hrend der Fahrt f\u00fcr maximalen Komfort. Hochwertige Stecker und hitzebest\u00e4ndige Kabel sorgen f\u00fcr Langlebigkeit. Genie\u00dfen Sie die nahtlose Integration mit Ihrem Tachometer und allen Assistenzprogrammen.    <\/p>\n<p class=\"p1\"><b> \u2705 Nahtlose Integration<\/b><b><\/b><\/p>\n<p class=\"p1\">\u2705<b> Einfache Installation<\/b><b><\/b><\/p>\n<p class=\"p1\">\u2705<b> Genaue Verwaltung des Kilometerstandes<\/b><b><\/b><\/p>\n<p class=\"p1\"><b> \u2705 Betrieb im Tarnkappenmodus<\/b><b><\/b><\/p>\n<p class=\"p1\"><span class=\"s1\">\u2705<\/span><b> Lebenslanger Support und Updates<\/b><\/p>\n<\/div>\n<\/div>\n<\/div>\n<\/div>\n","protected":false},"featured_media":911,"comment_status":"open","ping_status":"closed","template":"","meta":[],"product_brand":[],"product_cat":[634],"product_tag":[],"class_list":{"0":"post-5889","1":"product","2":"type-product","3":"status-publish","4":"has-post-thumbnail","6":"product_cat-volkswagen","8":"first","9":"instock","10":"taxable","11":"shipping-taxable","12":"purchasable","13":"product-type-variable"},"yoast_head":"<!-- This site is optimized with the Yoast SEO plugin v27.5 - https:\/\/yoast.com\/product\/yoast-seo-wordpress\/ -->\n<title>Volkswagen Crafter (2. Generation) Mileage Blocker (KM stopper) \u2192 KM Block<\/title>\n<meta name=\"description\" content=\"Buy a Volkswagen Crafter (2. Generation) Mileage Blocker for the Best Prices \u2713 Free Shipping \u2713 Incl. Installation Guides\" \/>\n<meta name=\"robots\" content=\"index, follow, max-snippet:-1, max-image-preview:large, max-video-preview:-1\" \/>\n<meta property=\"og:locale\" content=\"de_DE\" \/>\n<meta property=\"og:type\" content=\"article\" \/>\n<meta property=\"og:title\" content=\"Volkswagen Crafter (2. Generation) Mileage Blocker (KM stopper) \u2192 KM Block\" \/>\n<meta property=\"og:description\" content=\"Buy a Volkswagen Crafter (2. Generation) Mileage Blocker for the Best Prices \u2713 Free Shipping \u2713 Incl. Installation Guides\" \/>\n<meta property=\"og:url\" content=\"https:\/\/kmblock.com\/de\/product\/volkswagen-crafter-2-generation\/\" \/>\n<meta property=\"og:site_name\" content=\"KM Block\" \/>\n<meta property=\"og:image\" content=\"https:\/\/kmblock.com\/wp-content\/uploads\/2024\/09\/VW-Crafter-Stop-Mileage-Freezer-MAN-TGE-600x600-1.jpg\" \/>\n\t<meta property=\"og:image:width\" content=\"600\" \/>\n\t<meta property=\"og:image:height\" content=\"600\" \/>\n\t<meta property=\"og:image:type\" content=\"image\/jpeg\" \/>\n<meta name=\"twitter:card\" content=\"summary_large_image\" \/>\n<meta name=\"twitter:label1\" content=\"Gesch\u00e4tzte Lesezeit\" \/>\n\t<meta name=\"twitter:data1\" content=\"2\u00a0Minuten\" \/>\n<script type=\"application\/ld+json\" class=\"yoast-schema-graph\">{\"@context\":\"https:\\\/\\\/schema.org\",\"@graph\":[{\"@type\":\"WebPage\",\"@id\":\"https:\\\/\\\/kmblock.com\\\/de\\\/product\\\/volkswagen-crafter-2-generation\\\/\",\"url\":\"https:\\\/\\\/kmblock.com\\\/de\\\/product\\\/volkswagen-crafter-2-generation\\\/\",\"name\":\"Volkswagen Crafter (2. Generation) Mileage Blocker (KM stopper) \u2192 KM Block\",\"isPartOf\":{\"@id\":\"https:\\\/\\\/kmblock.com\\\/de\\\/#website\"},\"primaryImageOfPage\":{\"@id\":\"https:\\\/\\\/kmblock.com\\\/de\\\/product\\\/volkswagen-crafter-2-generation\\\/#primaryimage\"},\"image\":{\"@id\":\"https:\\\/\\\/kmblock.com\\\/de\\\/product\\\/volkswagen-crafter-2-generation\\\/#primaryimage\"},\"thumbnailUrl\":\"https:\\\/\\\/kmblock.com\\\/wp-content\\\/uploads\\\/2024\\\/09\\\/VW-Crafter-Stop-Mileage-Freezer-MAN-TGE-600x600-1.jpg\",\"datePublished\":\"2024-09-24T15:32:17+00:00\",\"description\":\"Buy a Volkswagen Crafter (2. Generation) Mileage Blocker for the Best Prices \u2713 Free Shipping \u2713 Incl. Installation Guides\",\"breadcrumb\":{\"@id\":\"https:\\\/\\\/kmblock.com\\\/de\\\/product\\\/volkswagen-crafter-2-generation\\\/#breadcrumb\"},\"inLanguage\":\"de\",\"potentialAction\":[{\"@type\":\"ReadAction\",\"target\":[\"https:\\\/\\\/kmblock.com\\\/de\\\/product\\\/volkswagen-crafter-2-generation\\\/\"]}]},{\"@type\":\"ImageObject\",\"inLanguage\":\"de\",\"@id\":\"https:\\\/\\\/kmblock.com\\\/de\\\/product\\\/volkswagen-crafter-2-generation\\\/#primaryimage\",\"url\":\"https:\\\/\\\/kmblock.com\\\/wp-content\\\/uploads\\\/2024\\\/09\\\/VW-Crafter-Stop-Mileage-Freezer-MAN-TGE-600x600-1.jpg\",\"contentUrl\":\"https:\\\/\\\/kmblock.com\\\/wp-content\\\/uploads\\\/2024\\\/09\\\/VW-Crafter-Stop-Mileage-Freezer-MAN-TGE-600x600-1.jpg\",\"width\":600,\"height\":600,\"caption\":\"VW-Crafter-Stop-Mileage-Freezer-MAN-TGE-600x600\"},{\"@type\":\"BreadcrumbList\",\"@id\":\"https:\\\/\\\/kmblock.com\\\/de\\\/product\\\/volkswagen-crafter-2-generation\\\/#breadcrumb\",\"itemListElement\":[{\"@type\":\"ListItem\",\"position\":1,\"name\":\"Startseite\",\"item\":\"https:\\\/\\\/kmblock.com\\\/de\\\/\"},{\"@type\":\"ListItem\",\"position\":2,\"name\":\"Produkte\",\"item\":\"https:\\\/\\\/kmblock.com\\\/de\\\/shop\\\/\"},{\"@type\":\"ListItem\",\"position\":3,\"name\":\"Volkswagen Crafter (2. Generation)\"}]},{\"@type\":\"WebSite\",\"@id\":\"https:\\\/\\\/kmblock.com\\\/de\\\/#website\",\"url\":\"https:\\\/\\\/kmblock.com\\\/de\\\/\",\"name\":\"KM Block\",\"description\":\"\",\"publisher\":{\"@id\":\"https:\\\/\\\/kmblock.com\\\/de\\\/#organization\"},\"potentialAction\":[{\"@type\":\"SearchAction\",\"target\":{\"@type\":\"EntryPoint\",\"urlTemplate\":\"https:\\\/\\\/kmblock.com\\\/de\\\/?s={search_term_string}\"},\"query-input\":{\"@type\":\"PropertyValueSpecification\",\"valueRequired\":true,\"valueName\":\"search_term_string\"}}],\"inLanguage\":\"de\"},{\"@type\":\"Organization\",\"@id\":\"https:\\\/\\\/kmblock.com\\\/de\\\/#organization\",\"name\":\"KM-Block\",\"url\":\"https:\\\/\\\/kmblock.com\\\/de\\\/\",\"logo\":{\"@type\":\"ImageObject\",\"inLanguage\":\"de\",\"@id\":\"https:\\\/\\\/kmblock.com\\\/de\\\/#\\\/schema\\\/logo\\\/image\\\/\",\"url\":\"https:\\\/\\\/kmblock.com\\\/wp-content\\\/uploads\\\/2024\\\/08\\\/main-logo.png\",\"contentUrl\":\"https:\\\/\\\/kmblock.com\\\/wp-content\\\/uploads\\\/2024\\\/08\\\/main-logo.png\",\"width\":186,\"height\":28,\"caption\":\"KM-Block\"},\"image\":{\"@id\":\"https:\\\/\\\/kmblock.com\\\/de\\\/#\\\/schema\\\/logo\\\/image\\\/\"}}]}<\/script>\n<!-- \/ Yoast SEO plugin. -->","yoast_head_json":{"title":"Volkswagen Crafter (2. Generation) Mileage Blocker (KM stopper) \u2192 KM Block","description":"Buy a Volkswagen Crafter (2. Generation) Mileage Blocker for the Best Prices \u2713 Free Shipping \u2713 Incl. Installation Guides","robots":{"index":"index","follow":"follow","max-snippet":"max-snippet:-1","max-image-preview":"max-image-preview:large","max-video-preview":"max-video-preview:-1"},"og_locale":"de_DE","og_type":"article","og_title":"Volkswagen Crafter (2. Generation) Mileage Blocker (KM stopper) \u2192 KM Block","og_description":"Buy a Volkswagen Crafter (2. Generation) Mileage Blocker for the Best Prices \u2713 Free Shipping \u2713 Incl. Installation Guides","og_url":"https:\/\/kmblock.com\/de\/product\/volkswagen-crafter-2-generation\/","og_site_name":"KM Block","og_image":[{"width":600,"height":600,"url":"https:\/\/kmblock.com\/wp-content\/uploads\/2024\/09\/VW-Crafter-Stop-Mileage-Freezer-MAN-TGE-600x600-1.jpg","type":"image\/jpeg"}],"twitter_card":"summary_large_image","twitter_misc":{"Gesch\u00e4tzte Lesezeit":"2\u00a0Minuten"},"schema":{"@context":"https:\/\/schema.org","@graph":[{"@type":"WebPage","@id":"https:\/\/kmblock.com\/de\/product\/volkswagen-crafter-2-generation\/","url":"https:\/\/kmblock.com\/de\/product\/volkswagen-crafter-2-generation\/","name":"Volkswagen Crafter (2. Generation) Mileage Blocker (KM stopper) \u2192 KM Block","isPartOf":{"@id":"https:\/\/kmblock.com\/de\/#website"},"primaryImageOfPage":{"@id":"https:\/\/kmblock.com\/de\/product\/volkswagen-crafter-2-generation\/#primaryimage"},"image":{"@id":"https:\/\/kmblock.com\/de\/product\/volkswagen-crafter-2-generation\/#primaryimage"},"thumbnailUrl":"https:\/\/kmblock.com\/wp-content\/uploads\/2024\/09\/VW-Crafter-Stop-Mileage-Freezer-MAN-TGE-600x600-1.jpg","datePublished":"2024-09-24T15:32:17+00:00","description":"Buy a Volkswagen Crafter (2. Generation) Mileage Blocker for the Best Prices \u2713 Free Shipping \u2713 Incl. Installation Guides","breadcrumb":{"@id":"https:\/\/kmblock.com\/de\/product\/volkswagen-crafter-2-generation\/#breadcrumb"},"inLanguage":"de","potentialAction":[{"@type":"ReadAction","target":["https:\/\/kmblock.com\/de\/product\/volkswagen-crafter-2-generation\/"]}]},{"@type":"ImageObject","inLanguage":"de","@id":"https:\/\/kmblock.com\/de\/product\/volkswagen-crafter-2-generation\/#primaryimage","url":"https:\/\/kmblock.com\/wp-content\/uploads\/2024\/09\/VW-Crafter-Stop-Mileage-Freezer-MAN-TGE-600x600-1.jpg","contentUrl":"https:\/\/kmblock.com\/wp-content\/uploads\/2024\/09\/VW-Crafter-Stop-Mileage-Freezer-MAN-TGE-600x600-1.jpg","width":600,"height":600,"caption":"VW-Crafter-Stop-Mileage-Freezer-MAN-TGE-600x600"},{"@type":"BreadcrumbList","@id":"https:\/\/kmblock.com\/de\/product\/volkswagen-crafter-2-generation\/#breadcrumb","itemListElement":[{"@type":"ListItem","position":1,"name":"Startseite","item":"https:\/\/kmblock.com\/de\/"},{"@type":"ListItem","position":2,"name":"Produkte","item":"https:\/\/kmblock.com\/de\/shop\/"},{"@type":"ListItem","position":3,"name":"Volkswagen Crafter (2. Generation)"}]},{"@type":"WebSite","@id":"https:\/\/kmblock.com\/de\/#website","url":"https:\/\/kmblock.com\/de\/","name":"KM Block","description":"","publisher":{"@id":"https:\/\/kmblock.com\/de\/#organization"},"potentialAction":[{"@type":"SearchAction","target":{"@type":"EntryPoint","urlTemplate":"https:\/\/kmblock.com\/de\/?s={search_term_string}"},"query-input":{"@type":"PropertyValueSpecification","valueRequired":true,"valueName":"search_term_string"}}],"inLanguage":"de"},{"@type":"Organization","@id":"https:\/\/kmblock.com\/de\/#organization","name":"KM-Block","url":"https:\/\/kmblock.com\/de\/","logo":{"@type":"ImageObject","inLanguage":"de","@id":"https:\/\/kmblock.com\/de\/#\/schema\/logo\/image\/","url":"https:\/\/kmblock.com\/wp-content\/uploads\/2024\/08\/main-logo.png","contentUrl":"https:\/\/kmblock.com\/wp-content\/uploads\/2024\/08\/main-logo.png","width":186,"height":28,"caption":"KM-Block"},"image":{"@id":"https:\/\/kmblock.com\/de\/#\/schema\/logo\/image\/"}}]}},"_links":{"self":[{"href":"https:\/\/kmblock.com\/de\/wp-json\/wp\/v2\/product\/5889","targetHints":{"allow":["GET"]}}],"collection":[{"href":"https:\/\/kmblock.com\/de\/wp-json\/wp\/v2\/product"}],"about":[{"href":"https:\/\/kmblock.com\/de\/wp-json\/wp\/v2\/types\/product"}],"replies":[{"embeddable":true,"href":"https:\/\/kmblock.com\/de\/wp-json\/wp\/v2\/comments?post=5889"}],"wp:featuredmedia":[{"embeddable":true,"href":"https:\/\/kmblock.com\/de\/wp-json\/wp\/v2\/media\/911"}],"wp:attachment":[{"href":"https:\/\/kmblock.com\/de\/wp-json\/wp\/v2\/media?parent=5889"}],"wp:term":[{"taxonomy":"product_brand","embeddable":true,"href":"https:\/\/kmblock.com\/de\/wp-json\/wp\/v2\/product_brand?post=5889"},{"taxonomy":"product_cat","embeddable":true,"href":"https:\/\/kmblock.com\/de\/wp-json\/wp\/v2\/product_cat?post=5889"},{"taxonomy":"product_tag","embeddable":true,"href":"https:\/\/kmblock.com\/de\/wp-json\/wp\/v2\/product_tag?post=5889"}],"curies":[{"name":"wp","href":"https:\/\/api.w.org\/{rel}","templated":true}]}}