{"id":5880,"date":"2024-09-24T15:36:33","date_gmt":"2024-09-24T15:36:33","guid":{"rendered":"https:\/\/kmblock.com\/product\/volkswagen-golf-vi\/"},"modified":"2024-09-24T15:36:33","modified_gmt":"2024-09-24T15:36:33","slug":"volkswagen-golf-vi","status":"publish","type":"product","link":"https:\/\/kmblock.com\/de\/product\/volkswagen-golf-vi\/","title":{"rendered":"Volkswagen Golf VI"},"content":{"rendered":"<h3>Laufleistungssperre f\u00fcr Volkswagen Golf VI<\/h3>\n<p>Der <g id=\"gid_0\">Volkswagen Golf VI Mileage Blocker<\/g>, der auch als <g id=\"gid_1\">Kilometerz\u00e4hler-Blocker<\/g>, <g id=\"gid_2\">Kilometerz\u00e4hler-Stopper<\/g>, <g id=\"gid_3\">Dosen-Blocker<\/g>, <strong>Kilometerz\u00e4hler-Stopper<\/strong>, <strong>Dosen-Filter<\/strong> oder manchmal auch als <strong>Kilometerz\u00e4hler-Korrekturwerkzeug<\/strong> bezeichnet wird, wurde speziell f\u00fcr alle Volkswagen Golf VI-Modelle entwickelt, die zwischen <strong>2008-2012<\/strong> auf den Markt kamen.     <\/p>\n<h4>Spezifikationen<\/h4>\n<ul>\n<li><strong>DIY-Installation<\/strong>: Einfach und geradlinig, f\u00fcr eine leichte Installation konzipiert.<\/li>\n<li><strong>Benutzerfreundliche Bedienung<\/strong>: Bedienung mit verschiedenen Tastenkombinationen f\u00fcr die Modusauswahl.<\/li>\n<li><strong>Spurenfreie Funktionalit\u00e4t<\/strong>: Kein L\u00f6ten oder Schneiden von Kabeln erforderlich, hinterl\u00e4sst keine Spuren nach dem Entfernen.<\/li>\n<li><strong>Fehlerfreie Leistung<\/strong>: Keine Fehlermeldungen auf dem Tachometer oder dem Navigationspanel.<\/li>\n<li><strong>In-Motion-Aktivierung<\/strong>: Schalten Sie das Ger\u00e4t ganz einfach w\u00e4hrend der Fahrt ein und aus.<\/li>\n<li><strong>Hochwertige Komponenten<\/strong>: Ausgestattet mit qualitativ hochwertigen Steckern und hitzebest\u00e4ndigen Kabeln.<\/li>\n<li><strong>Unver\u00e4nderter Kilometerstand nach dem Ausbau<\/strong>: Der Kilometerstand erh\u00f6ht sich nicht spontan, wenn das Modul entfernt wird.<\/li>\n<li><strong>Diagnostische Widerstandsf\u00e4higkeit<\/strong>: Die ver\u00e4nderte Laufleistung bleibt f\u00fcr Diagnosetester unauffindbar.<\/li>\n<li><strong>Mehrere Modi<\/strong>: W\u00e4hlen Sie aus verschiedenen Modi, die auf Ihre Bed\u00fcrfnisse zugeschnitten sind.<\/li>\n<li><strong>Tachometer und Assistenzsysteme<\/strong>: Beachten Sie, dass der Tachometer und die Assistenzsysteme nicht funktionieren, solange der Blocker aktiv ist.<\/li>\n<li><strong>Reibungslose Installation<\/strong>: Die Passfl\u00e4che und die Rillen am Stecker sorgen f\u00fcr eine einfache und sichere Installation.<\/li>\n<\/ul>\n<h4>Aktivierung &amp; Deaktivierung<\/h4>\n<p><span data-sheets-root=\"1\">&#8222;Dr\u00fccken Sie mit der &#8218;ok&#8216;-Bedienung am Lenkrad und halten Sie sie gedr\u00fcckt, bis der Blinker blinkt.<\/span><\/p>\n<p><strong>Modus 1: <\/strong>1 Blinken links 18 Prozent (alles funktioniert, Geschwindigkeitsregelung usw.)<\/p>\n<p><strong>Modus 2<\/strong>: 2 Blinksignale links 0 Prozent (keine Geschwindigkeit, keine Tankanzeige)<\/p>\n<p><strong>Modus 3<\/strong>: 1 Blinken rechts 100 Prozent (Original)&#8220;<\/p>\n<p>Der <strong>Volkswagen Golf VI Kilometerstopper<\/strong> beh\u00e4lt die zuvor vorgenommenen Einstellungen bei, d.h. Sie m\u00fcssen die Einstellungen nicht jedes Mal anpassen, wenn Sie Ihr Auto starten.<\/p>\n<p>Das Ger\u00e4t kann jederzeit aktiviert oder deaktiviert werden, egal ob das Fahrzeug in Bewegung ist oder steht.<\/p>\n<h4>Was ist der Volkswagen Golf VI Kilometerz\u00e4hler-Blocker?<\/h4>\n<p>Der <strong>Volkswagen Golf VI Mileage Blocker<\/strong> \/ <strong>Odometer Blocker<\/strong> wurde entwickelt, um die Aufzeichnung des Kilometerstandes Ihres Fahrzeugs bei Leistungstests zu verhindern. Bei KM Block finden Sie ein hochwertiges Modul, das mit Originalbauteilen ausgestattet ist. Egal, ob Ihr digitaler Kilometerz\u00e4hler in Meilen oder Kilometern misst, dieses Ger\u00e4t arbeitet effizient. Unser Team passt die Software f\u00fcr jede Fahrzeugmarke und jedes Modell an, um eine einwandfreie Leistung zu gew\u00e4hrleisten. Der Mileage Blocker ist kompatibel mit Diesel-, Benzin-, Plug-in-Hybrid-Elektrofahrzeugen (PHEVs) und Elektroautos.    <\/p>\n<p><strong>Wichtiger Hinweis<\/strong>: Wir bieten keine Tools zur Kilometerkorrektur f\u00fcr den Volkswagen Golf VI an, da diese oft missbraucht werden, um die Kilometerst\u00e4nde betr\u00fcgerisch zu manipulieren. Solche Tools k\u00f6nnen zwar die zur\u00fcckgelegte Strecke wiederherstellen, aber moderne Fahrzeuge verf\u00fcgen \u00fcber mehrere Datenspeichersysteme, so dass ein vollst\u00e4ndiges Rollback unwirksam ist. <\/p>\n<p>Entdecken Sie unsere gro\u00dfe Auswahl an Mileage Stopper Ger\u00e4ten f\u00fcr verschiedene Fahrzeuge. Der Installationsprozess ist bei allen Modellen gleich und erfordert keine speziellen Kenntnisse in der Fahrzeugwartung. Schlie\u00dfen Sie das Modul einfach zwischen dem Tachoanschluss und dem Kombiinstrument an, und schon profitieren Sie von dieser innovativen L\u00f6sung.  <\/p>\n<p>Der <strong>Volkswagen Golf VI Mileage Blocker<\/strong> kann jederzeit aktiviert oder deaktiviert werden, egal ob das Fahrzeug in Bewegung ist oder steht.<\/p>\n","protected":false},"excerpt":{"rendered":"<div class=\"flex-shrink-0 flex flex-col relative items-end\">\n<div class=\"pt-0\">\n<div class=\"gizmo-bot-avatar flex h-8 w-8 items-center justify-center overflow-hidden rounded-full\">\n<div class=\"relative p-1 rounded-sm flex items-center justify-center bg-token-main-surface-primary text-token-text-primary h-8 w-8\">\n<p>Bevor Sie bestellen, lesen Sie bitte sorgf\u00e4ltig den Prozess der Modulaktivierung und die wichtigen Hinweise zu m\u00f6glichen Fehlermeldungen und zur Systemfunktionalit\u00e4t unten.<\/p>\n<p>Hauptmerkmale f\u00fcr Volkswagen Golf VI (Modelle 2008-2012): Nicht funktionsf\u00e4hige Geschwindigkeitsanzeige und Assistenzsysteme: W\u00e4hrend der Mileage Blocker aktiv ist, funktionieren der Tacho und die Assistenzsysteme nicht. Entwickelt f\u00fcr die einfache, selbst\u00e4ndige Einrichtung. Das Ger\u00e4t kann w\u00e4hrend der Fahrt aktiviert oder deaktiviert werden. Ausgestattet mit hochwertigen Steckern und hitzebest\u00e4ndigen Kabeln f\u00fcr l\u00e4ngere Haltbarkeit.   <\/p>\n<p class=\"p1\"><b> \u2705 Nahtlose Integration<\/b><b><\/b><\/p>\n<p class=\"p1\">\u2705<b> Einfache Installation<\/b><b><\/b><\/p>\n<p class=\"p1\">\u2705<b> Genaue Verwaltung des Kilometerstandes<\/b><b><\/b><\/p>\n<p class=\"p1\"><b> \u2705 Betrieb im Tarnkappenmodus<\/b><b><\/b><\/p>\n<p class=\"p1\"><span class=\"s1\">\u2705<\/span><b> Lebenslanger Support und Updates<\/b><\/p>\n<\/div>\n<\/div>\n<\/div>\n<\/div>\n","protected":false},"featured_media":915,"comment_status":"open","ping_status":"closed","template":"","meta":[],"product_brand":[],"product_cat":[634],"product_tag":[],"class_list":{"0":"post-5880","1":"product","2":"type-product","3":"status-publish","4":"has-post-thumbnail","6":"product_cat-volkswagen","8":"first","9":"instock","10":"taxable","11":"shipping-taxable","12":"purchasable","13":"product-type-variable"},"yoast_head":"<!-- This site is optimized with the Yoast SEO plugin v27.5 - https:\/\/yoast.com\/product\/yoast-seo-wordpress\/ -->\n<title>Volkswagen Golf VI Mileage Blocker (KM stopper) \u2192 KM Block<\/title>\n<meta name=\"description\" content=\"Buy a Volkswagen Golf VI Mileage Blocker for the Best Prices \u2713 Free Shipping \u2713 Incl. Installation Guides\" \/>\n<meta name=\"robots\" content=\"index, follow, max-snippet:-1, max-image-preview:large, max-video-preview:-1\" \/>\n<meta property=\"og:locale\" content=\"de_DE\" \/>\n<meta property=\"og:type\" content=\"article\" \/>\n<meta property=\"og:title\" content=\"Volkswagen Golf VI Mileage Blocker (KM stopper) \u2192 KM Block\" \/>\n<meta property=\"og:description\" content=\"Buy a Volkswagen Golf VI Mileage Blocker for the Best Prices \u2713 Free Shipping \u2713 Incl. Installation Guides\" \/>\n<meta property=\"og:url\" content=\"https:\/\/kmblock.com\/de\/product\/volkswagen-golf-vi\/\" \/>\n<meta property=\"og:site_name\" content=\"KM Block\" \/>\n<meta property=\"og:image\" content=\"https:\/\/kmblock.com\/wp-content\/uploads\/2024\/09\/VW-Golf-6-600x600-1.webp\" \/>\n\t<meta property=\"og:image:width\" content=\"600\" \/>\n\t<meta property=\"og:image:height\" content=\"600\" \/>\n\t<meta property=\"og:image:type\" content=\"image\/webp\" \/>\n<meta name=\"twitter:card\" content=\"summary_large_image\" \/>\n<meta name=\"twitter:label1\" content=\"Gesch\u00e4tzte Lesezeit\" \/>\n\t<meta name=\"twitter:data1\" content=\"3\u00a0Minuten\" \/>\n<script type=\"application\/ld+json\" class=\"yoast-schema-graph\">{\"@context\":\"https:\\\/\\\/schema.org\",\"@graph\":[{\"@type\":\"WebPage\",\"@id\":\"https:\\\/\\\/kmblock.com\\\/de\\\/product\\\/volkswagen-golf-vi\\\/\",\"url\":\"https:\\\/\\\/kmblock.com\\\/de\\\/product\\\/volkswagen-golf-vi\\\/\",\"name\":\"Volkswagen Golf VI Mileage Blocker (KM stopper) \u2192 KM Block\",\"isPartOf\":{\"@id\":\"https:\\\/\\\/kmblock.com\\\/de\\\/#website\"},\"primaryImageOfPage\":{\"@id\":\"https:\\\/\\\/kmblock.com\\\/de\\\/product\\\/volkswagen-golf-vi\\\/#primaryimage\"},\"image\":{\"@id\":\"https:\\\/\\\/kmblock.com\\\/de\\\/product\\\/volkswagen-golf-vi\\\/#primaryimage\"},\"thumbnailUrl\":\"https:\\\/\\\/kmblock.com\\\/wp-content\\\/uploads\\\/2024\\\/09\\\/VW-Golf-6-600x600-1.webp\",\"datePublished\":\"2024-09-24T15:36:33+00:00\",\"description\":\"Buy a Volkswagen Golf VI Mileage Blocker for the Best Prices \u2713 Free Shipping \u2713 Incl. Installation Guides\",\"breadcrumb\":{\"@id\":\"https:\\\/\\\/kmblock.com\\\/de\\\/product\\\/volkswagen-golf-vi\\\/#breadcrumb\"},\"inLanguage\":\"de\",\"potentialAction\":[{\"@type\":\"ReadAction\",\"target\":[\"https:\\\/\\\/kmblock.com\\\/de\\\/product\\\/volkswagen-golf-vi\\\/\"]}]},{\"@type\":\"ImageObject\",\"inLanguage\":\"de\",\"@id\":\"https:\\\/\\\/kmblock.com\\\/de\\\/product\\\/volkswagen-golf-vi\\\/#primaryimage\",\"url\":\"https:\\\/\\\/kmblock.com\\\/wp-content\\\/uploads\\\/2024\\\/09\\\/VW-Golf-6-600x600-1.webp\",\"contentUrl\":\"https:\\\/\\\/kmblock.com\\\/wp-content\\\/uploads\\\/2024\\\/09\\\/VW-Golf-6-600x600-1.webp\",\"width\":600,\"height\":600,\"caption\":\"VW-Golf-6-600x600\"},{\"@type\":\"BreadcrumbList\",\"@id\":\"https:\\\/\\\/kmblock.com\\\/de\\\/product\\\/volkswagen-golf-vi\\\/#breadcrumb\",\"itemListElement\":[{\"@type\":\"ListItem\",\"position\":1,\"name\":\"Startseite\",\"item\":\"https:\\\/\\\/kmblock.com\\\/de\\\/\"},{\"@type\":\"ListItem\",\"position\":2,\"name\":\"Produkte\",\"item\":\"https:\\\/\\\/kmblock.com\\\/de\\\/shop\\\/\"},{\"@type\":\"ListItem\",\"position\":3,\"name\":\"Volkswagen Golf VI\"}]},{\"@type\":\"WebSite\",\"@id\":\"https:\\\/\\\/kmblock.com\\\/de\\\/#website\",\"url\":\"https:\\\/\\\/kmblock.com\\\/de\\\/\",\"name\":\"KM Block\",\"description\":\"\",\"publisher\":{\"@id\":\"https:\\\/\\\/kmblock.com\\\/de\\\/#organization\"},\"potentialAction\":[{\"@type\":\"SearchAction\",\"target\":{\"@type\":\"EntryPoint\",\"urlTemplate\":\"https:\\\/\\\/kmblock.com\\\/de\\\/?s={search_term_string}\"},\"query-input\":{\"@type\":\"PropertyValueSpecification\",\"valueRequired\":true,\"valueName\":\"search_term_string\"}}],\"inLanguage\":\"de\"},{\"@type\":\"Organization\",\"@id\":\"https:\\\/\\\/kmblock.com\\\/de\\\/#organization\",\"name\":\"KM-Block\",\"url\":\"https:\\\/\\\/kmblock.com\\\/de\\\/\",\"logo\":{\"@type\":\"ImageObject\",\"inLanguage\":\"de\",\"@id\":\"https:\\\/\\\/kmblock.com\\\/de\\\/#\\\/schema\\\/logo\\\/image\\\/\",\"url\":\"https:\\\/\\\/kmblock.com\\\/wp-content\\\/uploads\\\/2024\\\/08\\\/main-logo.png\",\"contentUrl\":\"https:\\\/\\\/kmblock.com\\\/wp-content\\\/uploads\\\/2024\\\/08\\\/main-logo.png\",\"width\":186,\"height\":28,\"caption\":\"KM-Block\"},\"image\":{\"@id\":\"https:\\\/\\\/kmblock.com\\\/de\\\/#\\\/schema\\\/logo\\\/image\\\/\"}}]}<\/script>\n<!-- \/ Yoast SEO plugin. -->","yoast_head_json":{"title":"Volkswagen Golf VI Mileage Blocker (KM stopper) \u2192 KM Block","description":"Buy a Volkswagen Golf VI Mileage Blocker for the Best Prices \u2713 Free Shipping \u2713 Incl. Installation Guides","robots":{"index":"index","follow":"follow","max-snippet":"max-snippet:-1","max-image-preview":"max-image-preview:large","max-video-preview":"max-video-preview:-1"},"og_locale":"de_DE","og_type":"article","og_title":"Volkswagen Golf VI Mileage Blocker (KM stopper) \u2192 KM Block","og_description":"Buy a Volkswagen Golf VI Mileage Blocker for the Best Prices \u2713 Free Shipping \u2713 Incl. Installation Guides","og_url":"https:\/\/kmblock.com\/de\/product\/volkswagen-golf-vi\/","og_site_name":"KM Block","og_image":[{"width":600,"height":600,"url":"https:\/\/kmblock.com\/wp-content\/uploads\/2024\/09\/VW-Golf-6-600x600-1.webp","type":"image\/webp"}],"twitter_card":"summary_large_image","twitter_misc":{"Gesch\u00e4tzte Lesezeit":"3\u00a0Minuten"},"schema":{"@context":"https:\/\/schema.org","@graph":[{"@type":"WebPage","@id":"https:\/\/kmblock.com\/de\/product\/volkswagen-golf-vi\/","url":"https:\/\/kmblock.com\/de\/product\/volkswagen-golf-vi\/","name":"Volkswagen Golf VI Mileage Blocker (KM stopper) \u2192 KM Block","isPartOf":{"@id":"https:\/\/kmblock.com\/de\/#website"},"primaryImageOfPage":{"@id":"https:\/\/kmblock.com\/de\/product\/volkswagen-golf-vi\/#primaryimage"},"image":{"@id":"https:\/\/kmblock.com\/de\/product\/volkswagen-golf-vi\/#primaryimage"},"thumbnailUrl":"https:\/\/kmblock.com\/wp-content\/uploads\/2024\/09\/VW-Golf-6-600x600-1.webp","datePublished":"2024-09-24T15:36:33+00:00","description":"Buy a Volkswagen Golf VI Mileage Blocker for the Best Prices \u2713 Free Shipping \u2713 Incl. Installation Guides","breadcrumb":{"@id":"https:\/\/kmblock.com\/de\/product\/volkswagen-golf-vi\/#breadcrumb"},"inLanguage":"de","potentialAction":[{"@type":"ReadAction","target":["https:\/\/kmblock.com\/de\/product\/volkswagen-golf-vi\/"]}]},{"@type":"ImageObject","inLanguage":"de","@id":"https:\/\/kmblock.com\/de\/product\/volkswagen-golf-vi\/#primaryimage","url":"https:\/\/kmblock.com\/wp-content\/uploads\/2024\/09\/VW-Golf-6-600x600-1.webp","contentUrl":"https:\/\/kmblock.com\/wp-content\/uploads\/2024\/09\/VW-Golf-6-600x600-1.webp","width":600,"height":600,"caption":"VW-Golf-6-600x600"},{"@type":"BreadcrumbList","@id":"https:\/\/kmblock.com\/de\/product\/volkswagen-golf-vi\/#breadcrumb","itemListElement":[{"@type":"ListItem","position":1,"name":"Startseite","item":"https:\/\/kmblock.com\/de\/"},{"@type":"ListItem","position":2,"name":"Produkte","item":"https:\/\/kmblock.com\/de\/shop\/"},{"@type":"ListItem","position":3,"name":"Volkswagen Golf VI"}]},{"@type":"WebSite","@id":"https:\/\/kmblock.com\/de\/#website","url":"https:\/\/kmblock.com\/de\/","name":"KM Block","description":"","publisher":{"@id":"https:\/\/kmblock.com\/de\/#organization"},"potentialAction":[{"@type":"SearchAction","target":{"@type":"EntryPoint","urlTemplate":"https:\/\/kmblock.com\/de\/?s={search_term_string}"},"query-input":{"@type":"PropertyValueSpecification","valueRequired":true,"valueName":"search_term_string"}}],"inLanguage":"de"},{"@type":"Organization","@id":"https:\/\/kmblock.com\/de\/#organization","name":"KM-Block","url":"https:\/\/kmblock.com\/de\/","logo":{"@type":"ImageObject","inLanguage":"de","@id":"https:\/\/kmblock.com\/de\/#\/schema\/logo\/image\/","url":"https:\/\/kmblock.com\/wp-content\/uploads\/2024\/08\/main-logo.png","contentUrl":"https:\/\/kmblock.com\/wp-content\/uploads\/2024\/08\/main-logo.png","width":186,"height":28,"caption":"KM-Block"},"image":{"@id":"https:\/\/kmblock.com\/de\/#\/schema\/logo\/image\/"}}]}},"_links":{"self":[{"href":"https:\/\/kmblock.com\/de\/wp-json\/wp\/v2\/product\/5880","targetHints":{"allow":["GET"]}}],"collection":[{"href":"https:\/\/kmblock.com\/de\/wp-json\/wp\/v2\/product"}],"about":[{"href":"https:\/\/kmblock.com\/de\/wp-json\/wp\/v2\/types\/product"}],"replies":[{"embeddable":true,"href":"https:\/\/kmblock.com\/de\/wp-json\/wp\/v2\/comments?post=5880"}],"wp:featuredmedia":[{"embeddable":true,"href":"https:\/\/kmblock.com\/de\/wp-json\/wp\/v2\/media\/915"}],"wp:attachment":[{"href":"https:\/\/kmblock.com\/de\/wp-json\/wp\/v2\/media?parent=5880"}],"wp:term":[{"taxonomy":"product_brand","embeddable":true,"href":"https:\/\/kmblock.com\/de\/wp-json\/wp\/v2\/product_brand?post=5880"},{"taxonomy":"product_cat","embeddable":true,"href":"https:\/\/kmblock.com\/de\/wp-json\/wp\/v2\/product_cat?post=5880"},{"taxonomy":"product_tag","embeddable":true,"href":"https:\/\/kmblock.com\/de\/wp-json\/wp\/v2\/product_tag?post=5880"}],"curies":[{"name":"wp","href":"https:\/\/api.w.org\/{rel}","templated":true}]}}