{"id":5818,"date":"2024-09-24T15:39:44","date_gmt":"2024-09-24T15:39:44","guid":{"rendered":"https:\/\/kmblock.com\/product\/volkswagen-golf-vii\/"},"modified":"2024-09-24T15:39:44","modified_gmt":"2024-09-24T15:39:44","slug":"volkswagen-golf-vii","status":"publish","type":"product","link":"https:\/\/kmblock.com\/de\/product\/volkswagen-golf-vii\/","title":{"rendered":"Volkswagen Golf VII"},"content":{"rendered":"<h3>Laufleistungssperre f\u00fcr Volkswagen Golf VII<\/h3>\n<p>Der <strong>Volkswagen Golf VII Mileage Blocker &#8211; oft<\/strong>auch als Odometer Blocker, Odometer Stopper, Can Blocker, Mileage Stopper, Trip Odometer, Can Filter oder sogar als Mileage Correction Tool bezeichnet &#8211; wurde f\u00fcr alle <strong>Volkswagen Golf VII<\/strong> Modelle entwickelt, die zwischen <strong>2012-2020<\/strong> auf den Markt kamen.<\/p>\n<h3>Spezifikationen<\/h3>\n<ul>\n<li><strong>Do-it-yourself (DIY) Installation<\/strong> f\u00fcr die Bequemlichkeit des Benutzers.<\/li>\n<li><strong>Mehrere Betriebsmodi<\/strong> f\u00fcr eine vielseitige Verwendung.<\/li>\n<li>Eine <strong>reibungslose Installation<\/strong> wird durch die Gegenfl\u00e4che und die Rippen am Stecker gew\u00e4hrleistet.<\/li>\n<li><strong>Es<\/strong> werden <strong>keine Fehlermeldungen<\/strong> auf dem Tachometer oder dem Navigationspanel angezeigt.<\/li>\n<li><strong>Unverfolgbare Entfernung &#8211; kein<\/strong>L\u00f6ten oder Schneiden von Kabeln erforderlich.<\/li>\n<li><strong>Qualitativ hochwertige Stecker<\/strong> und hitzebest\u00e4ndige Kabel f\u00fcr lange Haltbarkeit.<\/li>\n<li><strong>Einfache Bedienung<\/strong> mit mehreren Tastenkombinationen.<\/li>\n<li>Nach dem Entfernen des Moduls <strong>bleibt der Kilometerstand unber\u00fchrt<\/strong>.<\/li>\n<li><strong>Diagnosetester<\/strong> k\u00f6nnen die vom Mileage Blocker vorgenommenen \u00c4nderungen nicht erkennen.<\/li>\n<li><strong>Dauerhafte Einstellungen &#8211; einmal<\/strong>ausgew\u00e4hlt, bleiben sie f\u00fcr die zuk\u00fcnftige Verwendung gespeichert.<\/li>\n<li><strong>Tachometer und Assistenzsysteme<\/strong> funktionieren einwandfrei.<\/li>\n<li>Achtung: Die Aktivierung des Ger\u00e4ts kann bei Modellen ab Ende 2020 die Motorkontrollleuchte ausl\u00f6sen.<\/li>\n<\/ul>\n<h3>Aktivierung &amp; Deaktivierung<\/h3>\n<p><span data-sheets-root=\"1\">&#8222;Dr\u00fccken Sie mit der &#8218;ok&#8216;-Bedienung am Lenkrad und halten Sie sie gedr\u00fcckt, bis der Blinker blinkt.<\/span><\/p>\n<p><strong>Modus 1:<\/strong> 1 Blinken links 18 Prozent (alles funktioniert, Geschwindigkeitsregelung usw.)<\/p>\n<p><strong>Modus 2<\/strong>: 2 Blinksignale links 0 Prozent (keine Geschwindigkeit, keine Tankanzeige)<\/p>\n<p><strong>Modus 3<\/strong>: 1 Blinken rechts 100 Prozent (Original)&#8220;<\/p>\n<p>Der <strong>Volkswagen Golf VII Kilometerstopper<\/strong> beh\u00e4lt immer die zuletzt vorgenommenen Einstellungen bei, so dass Sie beim n\u00e4chsten Start Ihres Fahrzeugs keine neuen Einstellungen vornehmen m\u00fcssen.<\/p>\n<h3>Was ist der Volkswagen Golf VII Kilometerz\u00e4hler-Blocker?<\/h3>\n<p>Der <strong>Volkswagen Golf VII Mileage Blocker\/Odometer Blocker<\/strong> wurde speziell entwickelt, um das Z\u00e4hlen von Kilometern zu stoppen, w\u00e4hrend die Leistung des Fahrzeugs getestet wird. Dieses Tool ist sowohl mit Diesel- und Benzinmotoren als auch mit Plug-in-Hybrid-Elektrofahrzeugen (PHEVs) und Elektroautos kompatibel. Bei KM Block k\u00f6nnen Sie ein hochwertiges Modul aus Originalbauteilen erwerben. Unabh\u00e4ngig davon, ob der Kilometerz\u00e4hler Ihres Fahrzeugs in Meilen oder Kilometern misst, funktioniert das Ger\u00e4t effektiv. Unsere Entwickler erstellen eine ma\u00dfgeschneiderte Software f\u00fcr jeden Hersteller und jedes Modell, um eine einwandfreie Funktion zu gew\u00e4hrleisten.<\/p>\n<p>Bitte beachten Sie, dass wir keine Tools zur Kilometerkorrektur f\u00fcr den Volkswagen Golf VII verkaufen, da diese f\u00fcr betr\u00fcgerische Zwecke gedacht sind und lediglich die Kilometerst\u00e4nde ver\u00e4ndern. Diese Tools versuchen oft, den Kilometerstand zur\u00fcckzuspulen oder zur\u00fcckzudrehen, schaffen es aber nicht, alle Datenspeichereinheiten in einem Fahrzeug genau einzustellen. <\/p>\n<p>Wir bieten eine gro\u00dfe Auswahl an Mileage Stopper f\u00fcr verschiedene Fahrzeuge an. Die Installation ist unkompliziert und erfordert keine umfassenden Kenntnisse der Fahrzeugwartung. Schlie\u00dfen Sie das Modul einfach zwischen dem Tachoanschluss und dem Kombiinstrument an, um die Vorteile dieses innovativen Ger\u00e4ts zu nutzen.  <\/p>\n<p>Der <strong>Volkswagen Golf VII Mileage Blocker<\/strong> ist ein au\u00dfergew\u00f6hnliches Werkzeug, mit dem Sie die Leistung Ihres Autos in einer kontrollierten Umgebung testen k\u00f6nnen.<\/p>\n","protected":false},"excerpt":{"rendered":"<div class=\"flex-shrink-0 flex flex-col relative items-end\">\n<div class=\"pt-0\">\n<div class=\"gizmo-bot-avatar flex h-8 w-8 items-center justify-center overflow-hidden rounded-full\">\n<div class=\"relative p-1 rounded-sm flex items-center justify-center bg-token-main-surface-primary text-token-text-primary h-8 w-8\">\n<p>Bevor Sie bestellen, lesen Sie bitte sorgf\u00e4ltig den Prozess der Modulaktivierung und die wichtigen Hinweise zu m\u00f6glichen Fehlermeldungen und zur Systemfunktionalit\u00e4t unten.<\/p>\n<p><strong>F\u00fcr Modelle, die seit 2012-2020 ver\u00f6ffentlicht wurden.  <\/strong>Installieren Sie das Ger\u00e4t ganz einfach selbst, ohne professionelle Hilfe. Genie\u00dfen Sie die diskrete Funktionalit\u00e4t, die nach dem Entfernen keine Spuren hinterl\u00e4sst. Mit hochwertigen Steckern und hitzebest\u00e4ndigen Kabeln f\u00fcr lange Haltbarkeit. Der Tachometer und die Assistenzsysteme funktionieren nahtlos und ohne Probleme.   <\/p>\n<p class=\"p1\"><b> \u2705 Nahtlose Integration<\/b><b><\/b><\/p>\n<p class=\"p1\">\u2705<b> Einfache Installation<\/b><b><\/b><\/p>\n<p class=\"p1\">\u2705<b> Genaue Verwaltung des Kilometerstandes<\/b><b><\/b><\/p>\n<p class=\"p1\"><b> \u2705 Betrieb im Tarnkappenmodus<\/b><b><\/b><\/p>\n<p class=\"p1\"><span class=\"s1\">\u2705<\/span><b> Lebenslanger Support und Updates<\/b><\/p>\n<\/div>\n<\/div>\n<\/div>\n<\/div>\n","protected":false},"featured_media":917,"comment_status":"open","ping_status":"closed","template":"","meta":[],"product_brand":[],"product_cat":[634],"product_tag":[],"class_list":{"0":"post-5818","1":"product","2":"type-product","3":"status-publish","4":"has-post-thumbnail","6":"product_cat-volkswagen","8":"first","9":"instock","10":"taxable","11":"shipping-taxable","12":"purchasable","13":"product-type-variable"},"yoast_head":"<!-- This site is optimized with the Yoast SEO plugin v27.5 - https:\/\/yoast.com\/product\/yoast-seo-wordpress\/ -->\n<title>Volkswagen Golf VII Mileage Blocker (KM stopper) \u2192 KM Block<\/title>\n<meta name=\"description\" content=\"Buy a Volkswagen Golf VII Mileage Blocker for the Best Prices \u2713 Free Shipping \u2713 Incl. Installation Guides\" \/>\n<meta name=\"robots\" content=\"index, follow, max-snippet:-1, max-image-preview:large, max-video-preview:-1\" \/>\n<meta property=\"og:locale\" content=\"de_DE\" \/>\n<meta property=\"og:type\" content=\"article\" \/>\n<meta property=\"og:title\" content=\"Volkswagen Golf VII Mileage Blocker (KM stopper) \u2192 KM Block\" \/>\n<meta property=\"og:description\" content=\"Buy a Volkswagen Golf VII Mileage Blocker for the Best Prices \u2713 Free Shipping \u2713 Incl. Installation Guides\" \/>\n<meta property=\"og:url\" content=\"https:\/\/kmblock.com\/de\/product\/volkswagen-golf-vii\/\" \/>\n<meta property=\"og:site_name\" content=\"KM Block\" \/>\n<meta property=\"og:image\" content=\"https:\/\/kmblock.com\/wp-content\/uploads\/2024\/09\/VW-Golf-7-600x600-1.jpg\" \/>\n\t<meta property=\"og:image:width\" content=\"600\" \/>\n\t<meta property=\"og:image:height\" content=\"600\" \/>\n\t<meta property=\"og:image:type\" content=\"image\/jpeg\" \/>\n<meta name=\"twitter:card\" content=\"summary_large_image\" \/>\n<meta name=\"twitter:label1\" content=\"Gesch\u00e4tzte Lesezeit\" \/>\n\t<meta name=\"twitter:data1\" content=\"2\u00a0Minuten\" \/>\n<script type=\"application\/ld+json\" class=\"yoast-schema-graph\">{\"@context\":\"https:\\\/\\\/schema.org\",\"@graph\":[{\"@type\":\"WebPage\",\"@id\":\"https:\\\/\\\/kmblock.com\\\/de\\\/product\\\/volkswagen-golf-vii\\\/\",\"url\":\"https:\\\/\\\/kmblock.com\\\/de\\\/product\\\/volkswagen-golf-vii\\\/\",\"name\":\"Volkswagen Golf VII Mileage Blocker (KM stopper) \u2192 KM Block\",\"isPartOf\":{\"@id\":\"https:\\\/\\\/kmblock.com\\\/de\\\/#website\"},\"primaryImageOfPage\":{\"@id\":\"https:\\\/\\\/kmblock.com\\\/de\\\/product\\\/volkswagen-golf-vii\\\/#primaryimage\"},\"image\":{\"@id\":\"https:\\\/\\\/kmblock.com\\\/de\\\/product\\\/volkswagen-golf-vii\\\/#primaryimage\"},\"thumbnailUrl\":\"https:\\\/\\\/kmblock.com\\\/wp-content\\\/uploads\\\/2024\\\/09\\\/VW-Golf-7-600x600-1.jpg\",\"datePublished\":\"2024-09-24T15:39:44+00:00\",\"description\":\"Buy a Volkswagen Golf VII Mileage Blocker for the Best Prices \u2713 Free Shipping \u2713 Incl. Installation Guides\",\"breadcrumb\":{\"@id\":\"https:\\\/\\\/kmblock.com\\\/de\\\/product\\\/volkswagen-golf-vii\\\/#breadcrumb\"},\"inLanguage\":\"de\",\"potentialAction\":[{\"@type\":\"ReadAction\",\"target\":[\"https:\\\/\\\/kmblock.com\\\/de\\\/product\\\/volkswagen-golf-vii\\\/\"]}]},{\"@type\":\"ImageObject\",\"inLanguage\":\"de\",\"@id\":\"https:\\\/\\\/kmblock.com\\\/de\\\/product\\\/volkswagen-golf-vii\\\/#primaryimage\",\"url\":\"https:\\\/\\\/kmblock.com\\\/wp-content\\\/uploads\\\/2024\\\/09\\\/VW-Golf-7-600x600-1.jpg\",\"contentUrl\":\"https:\\\/\\\/kmblock.com\\\/wp-content\\\/uploads\\\/2024\\\/09\\\/VW-Golf-7-600x600-1.jpg\",\"width\":600,\"height\":600,\"caption\":\"VW-Golf-7-600x600\"},{\"@type\":\"BreadcrumbList\",\"@id\":\"https:\\\/\\\/kmblock.com\\\/de\\\/product\\\/volkswagen-golf-vii\\\/#breadcrumb\",\"itemListElement\":[{\"@type\":\"ListItem\",\"position\":1,\"name\":\"Startseite\",\"item\":\"https:\\\/\\\/kmblock.com\\\/de\\\/\"},{\"@type\":\"ListItem\",\"position\":2,\"name\":\"Produkte\",\"item\":\"https:\\\/\\\/kmblock.com\\\/de\\\/shop\\\/\"},{\"@type\":\"ListItem\",\"position\":3,\"name\":\"Volkswagen Golf VII\"}]},{\"@type\":\"WebSite\",\"@id\":\"https:\\\/\\\/kmblock.com\\\/de\\\/#website\",\"url\":\"https:\\\/\\\/kmblock.com\\\/de\\\/\",\"name\":\"KM Block\",\"description\":\"\",\"publisher\":{\"@id\":\"https:\\\/\\\/kmblock.com\\\/de\\\/#organization\"},\"potentialAction\":[{\"@type\":\"SearchAction\",\"target\":{\"@type\":\"EntryPoint\",\"urlTemplate\":\"https:\\\/\\\/kmblock.com\\\/de\\\/?s={search_term_string}\"},\"query-input\":{\"@type\":\"PropertyValueSpecification\",\"valueRequired\":true,\"valueName\":\"search_term_string\"}}],\"inLanguage\":\"de\"},{\"@type\":\"Organization\",\"@id\":\"https:\\\/\\\/kmblock.com\\\/de\\\/#organization\",\"name\":\"KM-Block\",\"url\":\"https:\\\/\\\/kmblock.com\\\/de\\\/\",\"logo\":{\"@type\":\"ImageObject\",\"inLanguage\":\"de\",\"@id\":\"https:\\\/\\\/kmblock.com\\\/de\\\/#\\\/schema\\\/logo\\\/image\\\/\",\"url\":\"https:\\\/\\\/kmblock.com\\\/wp-content\\\/uploads\\\/2024\\\/08\\\/main-logo.png\",\"contentUrl\":\"https:\\\/\\\/kmblock.com\\\/wp-content\\\/uploads\\\/2024\\\/08\\\/main-logo.png\",\"width\":186,\"height\":28,\"caption\":\"KM-Block\"},\"image\":{\"@id\":\"https:\\\/\\\/kmblock.com\\\/de\\\/#\\\/schema\\\/logo\\\/image\\\/\"}}]}<\/script>\n<!-- \/ Yoast SEO plugin. -->","yoast_head_json":{"title":"Volkswagen Golf VII Mileage Blocker (KM stopper) \u2192 KM Block","description":"Buy a Volkswagen Golf VII Mileage Blocker for the Best Prices \u2713 Free Shipping \u2713 Incl. Installation Guides","robots":{"index":"index","follow":"follow","max-snippet":"max-snippet:-1","max-image-preview":"max-image-preview:large","max-video-preview":"max-video-preview:-1"},"og_locale":"de_DE","og_type":"article","og_title":"Volkswagen Golf VII Mileage Blocker (KM stopper) \u2192 KM Block","og_description":"Buy a Volkswagen Golf VII Mileage Blocker for the Best Prices \u2713 Free Shipping \u2713 Incl. Installation Guides","og_url":"https:\/\/kmblock.com\/de\/product\/volkswagen-golf-vii\/","og_site_name":"KM Block","og_image":[{"width":600,"height":600,"url":"https:\/\/kmblock.com\/wp-content\/uploads\/2024\/09\/VW-Golf-7-600x600-1.jpg","type":"image\/jpeg"}],"twitter_card":"summary_large_image","twitter_misc":{"Gesch\u00e4tzte Lesezeit":"2\u00a0Minuten"},"schema":{"@context":"https:\/\/schema.org","@graph":[{"@type":"WebPage","@id":"https:\/\/kmblock.com\/de\/product\/volkswagen-golf-vii\/","url":"https:\/\/kmblock.com\/de\/product\/volkswagen-golf-vii\/","name":"Volkswagen Golf VII Mileage Blocker (KM stopper) \u2192 KM Block","isPartOf":{"@id":"https:\/\/kmblock.com\/de\/#website"},"primaryImageOfPage":{"@id":"https:\/\/kmblock.com\/de\/product\/volkswagen-golf-vii\/#primaryimage"},"image":{"@id":"https:\/\/kmblock.com\/de\/product\/volkswagen-golf-vii\/#primaryimage"},"thumbnailUrl":"https:\/\/kmblock.com\/wp-content\/uploads\/2024\/09\/VW-Golf-7-600x600-1.jpg","datePublished":"2024-09-24T15:39:44+00:00","description":"Buy a Volkswagen Golf VII Mileage Blocker for the Best Prices \u2713 Free Shipping \u2713 Incl. Installation Guides","breadcrumb":{"@id":"https:\/\/kmblock.com\/de\/product\/volkswagen-golf-vii\/#breadcrumb"},"inLanguage":"de","potentialAction":[{"@type":"ReadAction","target":["https:\/\/kmblock.com\/de\/product\/volkswagen-golf-vii\/"]}]},{"@type":"ImageObject","inLanguage":"de","@id":"https:\/\/kmblock.com\/de\/product\/volkswagen-golf-vii\/#primaryimage","url":"https:\/\/kmblock.com\/wp-content\/uploads\/2024\/09\/VW-Golf-7-600x600-1.jpg","contentUrl":"https:\/\/kmblock.com\/wp-content\/uploads\/2024\/09\/VW-Golf-7-600x600-1.jpg","width":600,"height":600,"caption":"VW-Golf-7-600x600"},{"@type":"BreadcrumbList","@id":"https:\/\/kmblock.com\/de\/product\/volkswagen-golf-vii\/#breadcrumb","itemListElement":[{"@type":"ListItem","position":1,"name":"Startseite","item":"https:\/\/kmblock.com\/de\/"},{"@type":"ListItem","position":2,"name":"Produkte","item":"https:\/\/kmblock.com\/de\/shop\/"},{"@type":"ListItem","position":3,"name":"Volkswagen Golf VII"}]},{"@type":"WebSite","@id":"https:\/\/kmblock.com\/de\/#website","url":"https:\/\/kmblock.com\/de\/","name":"KM Block","description":"","publisher":{"@id":"https:\/\/kmblock.com\/de\/#organization"},"potentialAction":[{"@type":"SearchAction","target":{"@type":"EntryPoint","urlTemplate":"https:\/\/kmblock.com\/de\/?s={search_term_string}"},"query-input":{"@type":"PropertyValueSpecification","valueRequired":true,"valueName":"search_term_string"}}],"inLanguage":"de"},{"@type":"Organization","@id":"https:\/\/kmblock.com\/de\/#organization","name":"KM-Block","url":"https:\/\/kmblock.com\/de\/","logo":{"@type":"ImageObject","inLanguage":"de","@id":"https:\/\/kmblock.com\/de\/#\/schema\/logo\/image\/","url":"https:\/\/kmblock.com\/wp-content\/uploads\/2024\/08\/main-logo.png","contentUrl":"https:\/\/kmblock.com\/wp-content\/uploads\/2024\/08\/main-logo.png","width":186,"height":28,"caption":"KM-Block"},"image":{"@id":"https:\/\/kmblock.com\/de\/#\/schema\/logo\/image\/"}}]}},"_links":{"self":[{"href":"https:\/\/kmblock.com\/de\/wp-json\/wp\/v2\/product\/5818","targetHints":{"allow":["GET"]}}],"collection":[{"href":"https:\/\/kmblock.com\/de\/wp-json\/wp\/v2\/product"}],"about":[{"href":"https:\/\/kmblock.com\/de\/wp-json\/wp\/v2\/types\/product"}],"replies":[{"embeddable":true,"href":"https:\/\/kmblock.com\/de\/wp-json\/wp\/v2\/comments?post=5818"}],"wp:featuredmedia":[{"embeddable":true,"href":"https:\/\/kmblock.com\/de\/wp-json\/wp\/v2\/media\/917"}],"wp:attachment":[{"href":"https:\/\/kmblock.com\/de\/wp-json\/wp\/v2\/media?parent=5818"}],"wp:term":[{"taxonomy":"product_brand","embeddable":true,"href":"https:\/\/kmblock.com\/de\/wp-json\/wp\/v2\/product_brand?post=5818"},{"taxonomy":"product_cat","embeddable":true,"href":"https:\/\/kmblock.com\/de\/wp-json\/wp\/v2\/product_cat?post=5818"},{"taxonomy":"product_tag","embeddable":true,"href":"https:\/\/kmblock.com\/de\/wp-json\/wp\/v2\/product_tag?post=5818"}],"curies":[{"name":"wp","href":"https:\/\/api.w.org\/{rel}","templated":true}]}}