{"id":7347,"date":"2024-08-06T14:54:30","date_gmt":"2024-08-06T14:54:30","guid":{"rendered":"https:\/\/kmblock.com\/ueber-uns\/"},"modified":"2025-10-20T18:46:43","modified_gmt":"2025-10-20T18:46:43","slug":"ueber-uns","status":"publish","type":"page","link":"https:\/\/kmblock.com\/de\/ueber-uns\/","title":{"rendered":"\u00dcber uns"},"content":{"rendered":"\t\t<div data-elementor-type=\"wp-page\" data-elementor-id=\"7347\" class=\"elementor elementor-7347 elementor-10\" data-elementor-post-type=\"page\">\n\t\t\t\t\t\t<section class=\"elementor-section elementor-top-section elementor-element elementor-element-736d1b34 elementor-section-height-min-height elementor-section-boxed elementor-section-height-default elementor-section-items-middle\" data-id=\"736d1b34\" data-element_type=\"section\" data-e-type=\"section\" data-settings=\"{&quot;background_background&quot;:&quot;classic&quot;}\">\n\t\t\t\t\t\t\t<div class=\"elementor-background-overlay\"><\/div>\n\t\t\t\t\t\t\t<div class=\"elementor-container elementor-column-gap-default\">\n\t\t\t\t\t<div class=\"elementor-column elementor-col-100 elementor-top-column elementor-element elementor-element-363dafe2\" data-id=\"363dafe2\" data-element_type=\"column\" data-e-type=\"column\">\n\t\t\t<div class=\"elementor-widget-wrap elementor-element-populated\">\n\t\t\t\t\t\t<div class=\"elementor-element elementor-element-c57407f elementor-headline--style-highlight elementor-widget elementor-widget-animated-headline\" data-id=\"c57407f\" data-element_type=\"widget\" data-e-type=\"widget\" data-settings=\"{&quot;marker&quot;:&quot;underline&quot;,&quot;headline_style&quot;:&quot;highlight&quot;,&quot;loop&quot;:&quot;yes&quot;,&quot;highlight_animation_duration&quot;:1200,&quot;highlight_iteration_delay&quot;:8000}\" data-widget_type=\"animated-headline.default\">\n\t\t\t\t<div class=\"elementor-widget-container\">\n\t\t\t\t\t\t\t<h1 class=\"elementor-headline\">\n\t\t\t\t<span class=\"elementor-headline-dynamic-wrapper elementor-headline-text-wrapper\">\n\t\t\t\t<\/span>\n\t\t\t\t<\/h1>\n\t\t\t\t\t\t<\/div>\n\t\t\t\t<\/div>\n\t\t\t\t<div class=\"elementor-element elementor-element-a8eef43 elementor-widget elementor-widget-text-editor\" data-id=\"a8eef43\" data-element_type=\"widget\" data-e-type=\"widget\" data-widget_type=\"text-editor.default\">\n\t\t\t\t<div class=\"elementor-widget-container\">\n\t\t\t\t\t\t\t\t\t<p>Ihr zuverl\u00e4ssiger Partner f\u00fcr Meilen- und Kilometerblocker<\/p>\t\t\t\t\t\t\t\t<\/div>\n\t\t\t\t<\/div>\n\t\t\t\t<div class=\"elementor-element elementor-element-224bad4a elementor-widget__width-initial elementor-fixed elementor-widget elementor-widget-button\" data-id=\"224bad4a\" data-element_type=\"widget\" data-e-type=\"widget\" data-settings=\"{&quot;_position&quot;:&quot;fixed&quot;}\" data-widget_type=\"button.default\">\n\t\t\t\t<div class=\"elementor-widget-container\">\n\t\t\t\t\t\t\t\t\t<div class=\"elementor-button-wrapper\">\n\t\t\t\t\t<a class=\"elementor-button elementor-button-link elementor-size-md\" href=\"#\">\n\t\t\t\t\t\t<span class=\"elementor-button-content-wrapper\">\n\t\t\t\t\t\t<span class=\"elementor-button-icon\">\n\t\t\t\t<svg aria-hidden=\"true\" class=\"e-font-icon-svg e-fas-envelope\" viewBox=\"0 0 512 512\" xmlns=\"http:\/\/www.w3.org\/2000\/svg\"><path d=\"M502.3 190.8c3.9-3.1 9.7-.2 9.7 4.7V400c0 26.5-21.5 48-48 48H48c-26.5 0-48-21.5-48-48V195.6c0-5 5.7-7.8 9.7-4.7 22.4 17.4 52.1 39.5 154.1 113.6 21.1 15.4 56.7 47.8 92.2 47.6 35.7.3 72-32.8 92.3-47.6 102-74.1 131.6-96.3 154-113.7zM256 320c23.2.4 56.6-29.2 73.4-41.4 132.7-96.3 142.8-104.7 173.4-128.7 5.8-4.5 9.2-11.5 9.2-18.9v-19c0-26.5-21.5-48-48-48H48C21.5 64 0 85.5 0 112v19c0 7.4 3.4 14.3 9.2 18.9 30.6 23.9 40.7 32.4 173.4 128.7 16.8 12.2 50.2 41.8 73.4 41.4z\"><\/path><\/svg>\t\t\t<\/span>\n\t\t\t\t\t\t\t\t<\/span>\n\t\t\t\t\t<\/a>\n\t\t\t\t<\/div>\n\t\t\t\t\t\t\t\t<\/div>\n\t\t\t\t<\/div>\n\t\t\t\t\t<\/div>\n\t\t<\/div>\n\t\t\t\t\t<\/div>\n\t\t<\/section>\n\t\t\t\t<section class=\"elementor-section elementor-top-section elementor-element elementor-element-edcfcf4 elementor-section-boxed elementor-section-height-default elementor-section-height-default\" data-id=\"edcfcf4\" data-element_type=\"section\" data-e-type=\"section\">\n\t\t\t\t\t\t<div class=\"elementor-container elementor-column-gap-default\">\n\t\t\t\t\t<div class=\"elementor-column elementor-col-100 elementor-top-column elementor-element elementor-element-652d0ad\" data-id=\"652d0ad\" data-element_type=\"column\" data-e-type=\"column\">\n\t\t\t<div class=\"elementor-widget-wrap elementor-element-populated\">\n\t\t\t\t\t\t<div class=\"elementor-element elementor-element-25915eb elementor-widget elementor-widget-timeline-widget-addon\" data-id=\"25915eb\" data-element_type=\"widget\" data-e-type=\"widget\" data-widget_type=\"timeline-widget-addon.default\">\n\t\t\t\t<div class=\"elementor-widget-container\">\n\t\t\t\t\t<!-- ========= Timeline Widget Addon For Elementor 1.6.24 ========= -->\n<div id=\"twae-wrapper-25915eb\" class=\"twae-vertical twae-wrapper  twae-vertical-right\">   \n    <div class=\"twae-start\"><\/div>    \n    <div id=\"twea-timeline-25915eb\" class=\"twae-timeline\" ><!-- Start of Story Repeater Content --><div id=\"story-043b367\" class=\"twae-story twae-repeater-item twae-story-right twae-story-no-icon\"><!-- Story Icon --><div class=\"twae-icon\"><svg aria-hidden=\"true\" class=\"e-font-icon-svg e-far-flag\" viewBox=\"0 0 512 512\" xmlns=\"http:\/\/www.w3.org\/2000\/svg\"><path d=\"M336.174 80c-49.132 0-93.305-32-161.913-32-31.301 0-58.303 6.482-80.721 15.168a48.04 48.04 0 0 0 2.142-20.727C93.067 19.575 74.167 1.594 51.201.104 23.242-1.71 0 20.431 0 48c0 17.764 9.657 33.262 24 41.562V496c0 8.837 7.163 16 16 16h16c8.837 0 16-7.163 16-16v-83.443C109.869 395.28 143.259 384 199.826 384c49.132 0 93.305 32 161.913 32 58.479 0 101.972-22.617 128.548-39.981C503.846 367.161 512 352.051 512 335.855V95.937c0-34.459-35.264-57.768-66.904-44.117C409.193 67.309 371.641 80 336.174 80zM464 336c-21.783 15.412-60.824 32-102.261 32-59.945 0-102.002-32-161.913-32-43.361 0-96.379 9.403-127.826 24V128c21.784-15.412 60.824-32 102.261-32 59.945 0 102.002 32 161.913 32 43.271 0 96.32-17.366 127.826-32v240z\"><\/path><\/svg><\/div><!-- Story Arrow --><div class=\"twae-arrow\"><\/div><!-- Start of Story Content --><div class=\"twae-content\"><!-- Story Title --><div class=\"twae-title\">1. Umfassende Installationsanleitungen<\/div><!-- Story Description --><div class=\"twae-description\"><p data-pm-slice=\"1 1 []\">Wir verstehen, dass die Installation eines Kilometerz\u00e4hlers entmutigend erscheinen kann. Deshalb bieten wir detaillierte Schritt-f\u00fcr-Schritt-Anleitungen f\u00fcr verschiedene Fahrzeugmodelle. Unsere Anleitungen sind benutzerfreundlich gestaltet, so dass auch Personen mit geringen technischen Kenntnissen unsere Produkte problemlos installieren k\u00f6nnen. Jede Anleitung enth\u00e4lt klare Anweisungen, Bilder und Tipps, damit Sie die Arbeit gleich beim ersten Mal richtig erledigen k\u00f6nnen.   <\/p>\n<\/div><\/div><\/div><!-- Start of Story Repeater Content --><div id=\"story-71c8579\" class=\"twae-story twae-repeater-item twae-story-right twae-story-no-icon\"><!-- Story Icon --><div class=\"twae-icon\"><svg aria-hidden=\"true\" class=\"e-font-icon-svg e-far-flag\" viewBox=\"0 0 512 512\" xmlns=\"http:\/\/www.w3.org\/2000\/svg\"><path d=\"M336.174 80c-49.132 0-93.305-32-161.913-32-31.301 0-58.303 6.482-80.721 15.168a48.04 48.04 0 0 0 2.142-20.727C93.067 19.575 74.167 1.594 51.201.104 23.242-1.71 0 20.431 0 48c0 17.764 9.657 33.262 24 41.562V496c0 8.837 7.163 16 16 16h16c8.837 0 16-7.163 16-16v-83.443C109.869 395.28 143.259 384 199.826 384c49.132 0 93.305 32 161.913 32 58.479 0 101.972-22.617 128.548-39.981C503.846 367.161 512 352.051 512 335.855V95.937c0-34.459-35.264-57.768-66.904-44.117C409.193 67.309 371.641 80 336.174 80zM464 336c-21.783 15.412-60.824 32-102.261 32-59.945 0-102.002-32-161.913-32-43.361 0-96.379 9.403-127.826 24V128c21.784-15.412 60.824-32 102.261-32 59.945 0 102.002 32 161.913 32 43.271 0 96.32-17.366 127.826-32v240z\"><\/path><\/svg><\/div><!-- Story Arrow --><div class=\"twae-arrow\"><\/div><!-- Start of Story Content --><div class=\"twae-content\"><!-- Story Title --><div class=\"twae-title\">2. Au\u00dfergew\u00f6hnliche Kundenbetreuung<\/div><!-- Story Description --><div class=\"twae-description\"><p data-pm-slice=\"1 1 []\">Bei KM Block sind wir stolz auf unseren au\u00dfergew\u00f6hnlichen Kundenservice. Unser Expertenteam steht Ihnen vor, w\u00e4hrend und nach Ihrem Kauf zur Seite. Ganz gleich, ob Sie Fragen dazu haben, welches Produkt das richtige f\u00fcr Ihr Fahrzeug ist, ob Sie Hilfe bei der Installation ben\u00f6tigen oder ob Sie nach der Installation Unterst\u00fctzung brauchen, unser engagiertes Support-Team ist f\u00fcr Sie da.  <\/p>\n<\/div><\/div><\/div><!-- Start of Story Repeater Content --><div id=\"story-fb1d25d\" class=\"twae-story twae-repeater-item twae-story-right twae-story-no-icon\"><!-- Story Icon --><div class=\"twae-icon\"><svg aria-hidden=\"true\" class=\"e-font-icon-svg e-far-flag\" viewBox=\"0 0 512 512\" xmlns=\"http:\/\/www.w3.org\/2000\/svg\"><path d=\"M336.174 80c-49.132 0-93.305-32-161.913-32-31.301 0-58.303 6.482-80.721 15.168a48.04 48.04 0 0 0 2.142-20.727C93.067 19.575 74.167 1.594 51.201.104 23.242-1.71 0 20.431 0 48c0 17.764 9.657 33.262 24 41.562V496c0 8.837 7.163 16 16 16h16c8.837 0 16-7.163 16-16v-83.443C109.869 395.28 143.259 384 199.826 384c49.132 0 93.305 32 161.913 32 58.479 0 101.972-22.617 128.548-39.981C503.846 367.161 512 352.051 512 335.855V95.937c0-34.459-35.264-57.768-66.904-44.117C409.193 67.309 371.641 80 336.174 80zM464 336c-21.783 15.412-60.824 32-102.261 32-59.945 0-102.002-32-161.913-32-43.361 0-96.379 9.403-127.826 24V128c21.784-15.412 60.824-32 102.261-32 59.945 0 102.002 32 161.913 32 43.271 0 96.32-17.366 127.826-32v240z\"><\/path><\/svg><\/div><!-- Story Arrow --><div class=\"twae-arrow\"><\/div><!-- Start of Story Content --><div class=\"twae-content\"><!-- Story Title --><div class=\"twae-title\">3. Konsultation vor dem Verkauf<\/div><!-- Story Description --><div class=\"twae-description\"><p data-pm-slice=\"1 1 []\">Sie sind sich nicht sicher, welcher Kilometerstand-Blocker f\u00fcr Ihr Auto am besten geeignet ist? Unsere kompetenten Kundendienstmitarbeiter beraten Sie gerne pers\u00f6nlich, damit Sie eine fundierte Entscheidung treffen k\u00f6nnen. Wir nehmen uns die Zeit, um Ihre Bed\u00fcrfnisse zu verstehen und Ihnen die perfekte L\u00f6sung f\u00fcr Ihr Fahrzeug zu empfehlen.  <\/p>\n<\/div><\/div><\/div><!-- Start of Story Repeater Content --><div id=\"story-b9ac33e\" class=\"twae-story twae-repeater-item twae-story-right twae-story-no-icon\"><!-- Story Icon --><div class=\"twae-icon\"><svg aria-hidden=\"true\" class=\"e-font-icon-svg e-far-flag\" viewBox=\"0 0 512 512\" xmlns=\"http:\/\/www.w3.org\/2000\/svg\"><path d=\"M336.174 80c-49.132 0-93.305-32-161.913-32-31.301 0-58.303 6.482-80.721 15.168a48.04 48.04 0 0 0 2.142-20.727C93.067 19.575 74.167 1.594 51.201.104 23.242-1.71 0 20.431 0 48c0 17.764 9.657 33.262 24 41.562V496c0 8.837 7.163 16 16 16h16c8.837 0 16-7.163 16-16v-83.443C109.869 395.28 143.259 384 199.826 384c49.132 0 93.305 32 161.913 32 58.479 0 101.972-22.617 128.548-39.981C503.846 367.161 512 352.051 512 335.855V95.937c0-34.459-35.264-57.768-66.904-44.117C409.193 67.309 371.641 80 336.174 80zM464 336c-21.783 15.412-60.824 32-102.261 32-59.945 0-102.002-32-161.913-32-43.361 0-96.379 9.403-127.826 24V128c21.784-15.412 60.824-32 102.261-32 59.945 0 102.002 32 161.913 32 43.271 0 96.32-17.366 127.826-32v240z\"><\/path><\/svg><\/div><!-- Story Arrow --><div class=\"twae-arrow\"><\/div><!-- Start of Story Content --><div class=\"twae-content\"><!-- Story Title --><div class=\"twae-title\">4. Unterst\u00fctzung nach dem Verkauf<\/div><!-- Story Description --><div class=\"twae-description\"><p data-pm-slice=\"1 1 []\">Unser Engagement f\u00fcr Sie endet nicht mit dem Verkauf. Wir bieten Ihnen fortlaufende Unterst\u00fctzung, um sicherzustellen, dass Sie mit Ihrem Kauf rundum zufrieden sind. Wenn Sie Probleme oder Fragen zu Ihrem Kilometerz\u00e4hler haben, ist unser Team nur einen Anruf oder eine E-Mail entfernt, um Ihnen die n\u00f6tige Unterst\u00fctzung zu geben.  <\/p>\n<\/div><\/div><\/div><!-- Start of Story Repeater Content --><div id=\"story-c10656b\" class=\"twae-story twae-repeater-item twae-story-right twae-story-no-icon\"><!-- Story Icon --><div class=\"twae-icon\"><svg aria-hidden=\"true\" class=\"e-font-icon-svg e-far-flag\" viewBox=\"0 0 512 512\" xmlns=\"http:\/\/www.w3.org\/2000\/svg\"><path d=\"M336.174 80c-49.132 0-93.305-32-161.913-32-31.301 0-58.303 6.482-80.721 15.168a48.04 48.04 0 0 0 2.142-20.727C93.067 19.575 74.167 1.594 51.201.104 23.242-1.71 0 20.431 0 48c0 17.764 9.657 33.262 24 41.562V496c0 8.837 7.163 16 16 16h16c8.837 0 16-7.163 16-16v-83.443C109.869 395.28 143.259 384 199.826 384c49.132 0 93.305 32 161.913 32 58.479 0 101.972-22.617 128.548-39.981C503.846 367.161 512 352.051 512 335.855V95.937c0-34.459-35.264-57.768-66.904-44.117C409.193 67.309 371.641 80 336.174 80zM464 336c-21.783 15.412-60.824 32-102.261 32-59.945 0-102.002-32-161.913-32-43.361 0-96.379 9.403-127.826 24V128c21.784-15.412 60.824-32 102.261-32 59.945 0 102.002 32 161.913 32 43.271 0 96.32-17.366 127.826-32v240z\"><\/path><\/svg><\/div><!-- Story Arrow --><div class=\"twae-arrow\"><\/div><!-- Start of Story Content --><div class=\"twae-content\"><!-- Story Title --><div class=\"twae-title\">5. Qualit\u00e4t und Verl\u00e4sslichkeit<\/div><!-- Story Description --><div class=\"twae-description\"><p data-pm-slice=\"1 1 []\">Wir bieten nur Produkte an, die unseren hohen Anspr\u00fcchen an Qualit\u00e4t und Zuverl\u00e4ssigkeit gerecht werden. Jeder Kilometerz\u00e4hler wird gr\u00fcndlich getestet, um sicherzustellen, dass er h\u00e4lt, was er verspricht. Wenn Sie bei KM Block kaufen, k\u00f6nnen Sie darauf vertrauen, dass Sie ein Produkt erhalten, das hervorragende Ergebnisse liefert.  <\/p>\n<\/div><\/div><\/div><!-- Start of Story Repeater Content --><div id=\"story-d31f0c7\" class=\"twae-story twae-repeater-item twae-story-right twae-story-no-icon\"><!-- Story Icon --><div class=\"twae-icon\"><svg aria-hidden=\"true\" class=\"e-font-icon-svg e-far-flag\" viewBox=\"0 0 512 512\" xmlns=\"http:\/\/www.w3.org\/2000\/svg\"><path d=\"M336.174 80c-49.132 0-93.305-32-161.913-32-31.301 0-58.303 6.482-80.721 15.168a48.04 48.04 0 0 0 2.142-20.727C93.067 19.575 74.167 1.594 51.201.104 23.242-1.71 0 20.431 0 48c0 17.764 9.657 33.262 24 41.562V496c0 8.837 7.163 16 16 16h16c8.837 0 16-7.163 16-16v-83.443C109.869 395.28 143.259 384 199.826 384c49.132 0 93.305 32 161.913 32 58.479 0 101.972-22.617 128.548-39.981C503.846 367.161 512 352.051 512 335.855V95.937c0-34.459-35.264-57.768-66.904-44.117C409.193 67.309 371.641 80 336.174 80zM464 336c-21.783 15.412-60.824 32-102.261 32-59.945 0-102.002-32-161.913-32-43.361 0-96.379 9.403-127.826 24V128c21.784-15.412 60.824-32 102.261-32 59.945 0 102.002 32 161.913 32 43.271 0 96.32-17.366 127.826-32v240z\"><\/path><\/svg><\/div><!-- Story Arrow --><div class=\"twae-arrow\"><\/div><!-- Start of Story Content --><div class=\"twae-content\"><!-- Story Title --><div class=\"twae-title\">6. Kundenorientierter Ansatz<\/div><!-- Story Description --><div class=\"twae-description\"><p data-pm-slice=\"1 1 []\">Ihre Zufriedenheit ist unsere oberste Priorit\u00e4t. Wir h\u00f6ren unseren Kunden zu und verbessern unsere Produkte und Dienstleistungen kontinuierlich auf der Grundlage Ihres Feedbacks. Wir sind bestrebt, Ihre Erwartungen zu \u00fcbertreffen und dauerhafte Beziehungen zu unseren Kunden aufzubauen.  <\/p>\n<\/div><\/div><\/div><\/div>\n    <div class=\"twae-end\"><\/div>\n    <\/div>\t\t\t\t<\/div>\n\t\t\t\t<\/div>\n\t\t\t\t\t<\/div>\n\t\t<\/div>\n\t\t\t\t\t<\/div>\n\t\t<\/section>\n\t\t\t\t<\/div>\n\t\t","protected":false},"excerpt":{"rendered":"<p>Ihr zuverl\u00e4ssiger Partner f\u00fcr Meilen- und Kilometerblocker 1. Umfassende Installationsanleitungen Wir verstehen, dass die Installation eines Kilometerz\u00e4hlers entmutigend erscheinen kann. Deshalb bieten wir detaillierte Schritt-f\u00fcr-Schritt-Anleitungen f\u00fcr verschiedene Fahrzeugmodelle. Unsere Anleitungen sind benutzerfreundlich gestaltet, so dass auch Personen mit geringen technischen Kenntnissen unsere Produkte problemlos installieren k\u00f6nnen. Jede Anleitung enth\u00e4lt klare Anweisungen, Bilder und Tipps, damit [&hellip;]<\/p>\n","protected":false},"author":6,"featured_media":0,"parent":0,"menu_order":0,"comment_status":"closed","ping_status":"closed","template":"elementor_header_footer","meta":{"footnotes":""},"class_list":["post-7347","page","type-page","status-publish","hentry"],"yoast_head":"<!-- This site is optimized with the Yoast SEO plugin v27.5 - https:\/\/yoast.com\/product\/yoast-seo-wordpress\/ -->\n<title>\u00dcber uns - KM Block<\/title>\n<meta name=\"robots\" content=\"index, follow, max-snippet:-1, max-image-preview:large, max-video-preview:-1\" \/>\n<meta property=\"og:locale\" content=\"de_DE\" \/>\n<meta property=\"og:type\" content=\"article\" \/>\n<meta property=\"og:title\" content=\"\u00dcber uns - KM Block\" \/>\n<meta property=\"og:description\" content=\"Ihr zuverl\u00e4ssiger Partner f\u00fcr Meilen- und Kilometerblocker 1. Umfassende Installationsanleitungen Wir verstehen, dass die Installation eines Kilometerz\u00e4hlers entmutigend erscheinen kann. Deshalb bieten wir detaillierte Schritt-f\u00fcr-Schritt-Anleitungen f\u00fcr verschiedene Fahrzeugmodelle. Unsere Anleitungen sind benutzerfreundlich gestaltet, so dass auch Personen mit geringen technischen Kenntnissen unsere Produkte problemlos installieren k\u00f6nnen. Jede Anleitung enth\u00e4lt klare Anweisungen, Bilder und Tipps, damit [&hellip;]\" \/>\n<meta property=\"og:url\" content=\"https:\/\/kmblock.com\/de\/ueber-uns\/\" \/>\n<meta property=\"og:site_name\" content=\"KM Block\" \/>\n<meta property=\"article:modified_time\" content=\"2025-10-20T18:46:43+00:00\" \/>\n<meta name=\"twitter:card\" content=\"summary_large_image\" \/>\n<meta name=\"twitter:label1\" content=\"Gesch\u00e4tzte Lesezeit\" \/>\n\t<meta name=\"twitter:data1\" content=\"2\u00a0Minuten\" \/>\n<script type=\"application\/ld+json\" class=\"yoast-schema-graph\">{\"@context\":\"https:\\\/\\\/schema.org\",\"@graph\":[{\"@type\":\"WebPage\",\"@id\":\"https:\\\/\\\/kmblock.com\\\/de\\\/ueber-uns\\\/\",\"url\":\"https:\\\/\\\/kmblock.com\\\/de\\\/ueber-uns\\\/\",\"name\":\"\u00dcber uns - KM Block\",\"isPartOf\":{\"@id\":\"https:\\\/\\\/kmblock.com\\\/de\\\/#website\"},\"datePublished\":\"2024-08-06T14:54:30+00:00\",\"dateModified\":\"2025-10-20T18:46:43+00:00\",\"breadcrumb\":{\"@id\":\"https:\\\/\\\/kmblock.com\\\/de\\\/ueber-uns\\\/#breadcrumb\"},\"inLanguage\":\"de\",\"potentialAction\":[{\"@type\":\"ReadAction\",\"target\":[\"https:\\\/\\\/kmblock.com\\\/de\\\/ueber-uns\\\/\"]}]},{\"@type\":\"BreadcrumbList\",\"@id\":\"https:\\\/\\\/kmblock.com\\\/de\\\/ueber-uns\\\/#breadcrumb\",\"itemListElement\":[{\"@type\":\"ListItem\",\"position\":1,\"name\":\"Startseite\",\"item\":\"https:\\\/\\\/kmblock.com\\\/de\\\/\"},{\"@type\":\"ListItem\",\"position\":2,\"name\":\"\u00dcber uns\"}]},{\"@type\":\"WebSite\",\"@id\":\"https:\\\/\\\/kmblock.com\\\/de\\\/#website\",\"url\":\"https:\\\/\\\/kmblock.com\\\/de\\\/\",\"name\":\"KM Block\",\"description\":\"\",\"publisher\":{\"@id\":\"https:\\\/\\\/kmblock.com\\\/de\\\/#organization\"},\"potentialAction\":[{\"@type\":\"SearchAction\",\"target\":{\"@type\":\"EntryPoint\",\"urlTemplate\":\"https:\\\/\\\/kmblock.com\\\/de\\\/?s={search_term_string}\"},\"query-input\":{\"@type\":\"PropertyValueSpecification\",\"valueRequired\":true,\"valueName\":\"search_term_string\"}}],\"inLanguage\":\"de\"},{\"@type\":\"Organization\",\"@id\":\"https:\\\/\\\/kmblock.com\\\/de\\\/#organization\",\"name\":\"KM-Block\",\"url\":\"https:\\\/\\\/kmblock.com\\\/de\\\/\",\"logo\":{\"@type\":\"ImageObject\",\"inLanguage\":\"de\",\"@id\":\"https:\\\/\\\/kmblock.com\\\/de\\\/#\\\/schema\\\/logo\\\/image\\\/\",\"url\":\"https:\\\/\\\/kmblock.com\\\/wp-content\\\/uploads\\\/2024\\\/08\\\/main-logo.png\",\"contentUrl\":\"https:\\\/\\\/kmblock.com\\\/wp-content\\\/uploads\\\/2024\\\/08\\\/main-logo.png\",\"width\":186,\"height\":28,\"caption\":\"KM-Block\"},\"image\":{\"@id\":\"https:\\\/\\\/kmblock.com\\\/de\\\/#\\\/schema\\\/logo\\\/image\\\/\"}}]}<\/script>\n<!-- \/ Yoast SEO plugin. -->","yoast_head_json":{"title":"\u00dcber uns - KM Block","robots":{"index":"index","follow":"follow","max-snippet":"max-snippet:-1","max-image-preview":"max-image-preview:large","max-video-preview":"max-video-preview:-1"},"og_locale":"de_DE","og_type":"article","og_title":"\u00dcber uns - KM Block","og_description":"Ihr zuverl\u00e4ssiger Partner f\u00fcr Meilen- und Kilometerblocker 1. Umfassende Installationsanleitungen Wir verstehen, dass die Installation eines Kilometerz\u00e4hlers entmutigend erscheinen kann. Deshalb bieten wir detaillierte Schritt-f\u00fcr-Schritt-Anleitungen f\u00fcr verschiedene Fahrzeugmodelle. Unsere Anleitungen sind benutzerfreundlich gestaltet, so dass auch Personen mit geringen technischen Kenntnissen unsere Produkte problemlos installieren k\u00f6nnen. Jede Anleitung enth\u00e4lt klare Anweisungen, Bilder und Tipps, damit [&hellip;]","og_url":"https:\/\/kmblock.com\/de\/ueber-uns\/","og_site_name":"KM Block","article_modified_time":"2025-10-20T18:46:43+00:00","twitter_card":"summary_large_image","twitter_misc":{"Gesch\u00e4tzte Lesezeit":"2\u00a0Minuten"},"schema":{"@context":"https:\/\/schema.org","@graph":[{"@type":"WebPage","@id":"https:\/\/kmblock.com\/de\/ueber-uns\/","url":"https:\/\/kmblock.com\/de\/ueber-uns\/","name":"\u00dcber uns - KM Block","isPartOf":{"@id":"https:\/\/kmblock.com\/de\/#website"},"datePublished":"2024-08-06T14:54:30+00:00","dateModified":"2025-10-20T18:46:43+00:00","breadcrumb":{"@id":"https:\/\/kmblock.com\/de\/ueber-uns\/#breadcrumb"},"inLanguage":"de","potentialAction":[{"@type":"ReadAction","target":["https:\/\/kmblock.com\/de\/ueber-uns\/"]}]},{"@type":"BreadcrumbList","@id":"https:\/\/kmblock.com\/de\/ueber-uns\/#breadcrumb","itemListElement":[{"@type":"ListItem","position":1,"name":"Startseite","item":"https:\/\/kmblock.com\/de\/"},{"@type":"ListItem","position":2,"name":"\u00dcber uns"}]},{"@type":"WebSite","@id":"https:\/\/kmblock.com\/de\/#website","url":"https:\/\/kmblock.com\/de\/","name":"KM Block","description":"","publisher":{"@id":"https:\/\/kmblock.com\/de\/#organization"},"potentialAction":[{"@type":"SearchAction","target":{"@type":"EntryPoint","urlTemplate":"https:\/\/kmblock.com\/de\/?s={search_term_string}"},"query-input":{"@type":"PropertyValueSpecification","valueRequired":true,"valueName":"search_term_string"}}],"inLanguage":"de"},{"@type":"Organization","@id":"https:\/\/kmblock.com\/de\/#organization","name":"KM-Block","url":"https:\/\/kmblock.com\/de\/","logo":{"@type":"ImageObject","inLanguage":"de","@id":"https:\/\/kmblock.com\/de\/#\/schema\/logo\/image\/","url":"https:\/\/kmblock.com\/wp-content\/uploads\/2024\/08\/main-logo.png","contentUrl":"https:\/\/kmblock.com\/wp-content\/uploads\/2024\/08\/main-logo.png","width":186,"height":28,"caption":"KM-Block"},"image":{"@id":"https:\/\/kmblock.com\/de\/#\/schema\/logo\/image\/"}}]}},"_links":{"self":[{"href":"https:\/\/kmblock.com\/de\/wp-json\/wp\/v2\/pages\/7347","targetHints":{"allow":["GET"]}}],"collection":[{"href":"https:\/\/kmblock.com\/de\/wp-json\/wp\/v2\/pages"}],"about":[{"href":"https:\/\/kmblock.com\/de\/wp-json\/wp\/v2\/types\/page"}],"author":[{"embeddable":true,"href":"https:\/\/kmblock.com\/de\/wp-json\/wp\/v2\/users\/6"}],"replies":[{"embeddable":true,"href":"https:\/\/kmblock.com\/de\/wp-json\/wp\/v2\/comments?post=7347"}],"version-history":[{"count":1,"href":"https:\/\/kmblock.com\/de\/wp-json\/wp\/v2\/pages\/7347\/revisions"}],"predecessor-version":[{"id":7349,"href":"https:\/\/kmblock.com\/de\/wp-json\/wp\/v2\/pages\/7347\/revisions\/7349"}],"wp:attachment":[{"href":"https:\/\/kmblock.com\/de\/wp-json\/wp\/v2\/media?parent=7347"}],"curies":[{"name":"wp","href":"https:\/\/api.w.org\/{rel}","templated":true}]}}