{"id":7339,"date":"2024-08-12T00:44:58","date_gmt":"2024-08-12T00:44:58","guid":{"rendered":"https:\/\/kmblock.com\/bedingungen-und-konditionen\/"},"modified":"2025-10-20T18:46:44","modified_gmt":"2025-10-20T18:46:44","slug":"bedingungen-und-konditionen","status":"publish","type":"page","link":"https:\/\/kmblock.com\/de\/bedingungen-und-konditionen\/","title":{"rendered":"Bedingungen und Konditionen"},"content":{"rendered":"\t\t<div data-elementor-type=\"wp-page\" data-elementor-id=\"7339\" class=\"elementor elementor-7339 elementor-438\" data-elementor-post-type=\"page\">\n\t\t\t\t\t\t<section class=\"elementor-section elementor-top-section elementor-element elementor-element-e733f46 elementor-section-boxed elementor-section-height-default elementor-section-height-default\" data-id=\"e733f46\" data-element_type=\"section\" data-e-type=\"section\">\n\t\t\t\t\t\t<div class=\"elementor-container elementor-column-gap-default\">\n\t\t\t\t\t<div class=\"elementor-column elementor-col-100 elementor-top-column elementor-element elementor-element-7325ed8\" data-id=\"7325ed8\" data-element_type=\"column\" data-e-type=\"column\">\n\t\t\t<div class=\"elementor-widget-wrap elementor-element-populated\">\n\t\t\t\t\t\t<div class=\"elementor-element elementor-element-b8d7b1d elementor-widget-tablet__width-initial elementor-widget elementor-widget-text-editor\" data-id=\"b8d7b1d\" data-element_type=\"widget\" data-e-type=\"widget\" data-widget_type=\"text-editor.default\">\n\t\t\t\t<div class=\"elementor-widget-container\">\n\t\t\t\t\t\t\t\t\t<h1>Bedingungen und Konditionen<\/h1><p data-pm-slice=\"1 1 []\"><strong>1. Umfang<\/strong><\/p><p>1.1 Diese Gesch\u00e4ftsbedingungen regeln die Gesch\u00e4ftsbeziehung zwischen KMblock.com (im Folgenden &#8222;Verk\u00e4ufer&#8220; genannt) und seinen Kunden (im Folgenden &#8222;Kunde&#8220; genannt) f\u00fcr alle Transaktionen, die \u00fcber die Website des Verk\u00e4ufers abgewickelt werden.<\/p><p>1.2 Der Kundendienst ist werktags von 10:00 bis 22:00 Uhr per E-Mail unter <a href=\"mailto:info@kmblock.com\">info@kmblock.com erreichbar .<\/a><\/p><p>1.3 Ein &#8222;Verbraucher&#8220; ist definiert als jede nat\u00fcrliche Person, die ein Rechtsgesch\u00e4ft zu Zwecken abschlie\u00dft, die nicht \u00fcberwiegend ihrer gewerblichen oder beruflichen T\u00e4tigkeit zugerechnet werden k\u00f6nnen.<\/p><p>1.4 Vom Kunden vorgeschlagene abweichende Bedingungen werden nicht anerkannt, es sei denn, sie werden vom Verk\u00e4ufer ausdr\u00fccklich akzeptiert.<\/p><div><strong>2. Angebote und Servicebeschreibungen<\/strong><\/div><p>2.1 Die auf KMblock.com angezeigten Produkte sind unverbindliche Aufforderungen zur Bestellung. Die Leistungsbeschreibungen auf der Website stellen keine Garantie oder Gew\u00e4hrleistung dar, es sei denn, dies ist ausdr\u00fccklich angegeben. <\/p><p>2.2 Alle Angebote sind g\u00fcltig &#8222;solange der Vorrat reicht&#8220;, sofern nicht anders angegeben.<\/p><div><strong>3. Bestellvorgang und Vertragsabschluss<\/strong><\/div><p>3.1 Kunden k\u00f6nnen Produkte ausw\u00e4hlen und sie in den Warenkorb legen. Die Bestellung wird abgeschlossen, indem Sie auf die Schaltfl\u00e4che [Bestellung aufgeben] klicken. <\/p><p>3.2 Der Kunde erh\u00e4lt eine automatische E-Mail zur Best\u00e4tigung des Eingangs der Bestellung. Diese Best\u00e4tigung stellt keine Annahme der Bestellung dar. Der Vertrag kommt erst zustande, wenn der Verk\u00e4ufer die Waren versendet oder den Versand per E-Mail best\u00e4tigt.  <\/p><p>3.3 Wenn Sie Vorkasse w\u00e4hlen und die Zahlung nicht innerhalb von 10 Kalendertagen eingegangen ist, beh\u00e4lt sich der Verk\u00e4ufer das Recht vor, die Bestellung zu stornieren.<\/p><div><strong>4. Preise und Versandkosten<\/strong><\/div><p>4.1 Alle Preise enthalten die gesetzliche Mehrwertsteuer.<\/p><p>4.2 Die Versandkosten werden separat berechnet und w\u00e4hrend des Bestellvorgangs angezeigt. F\u00fcr internationale Sendungen k\u00f6nnen zus\u00e4tzliche Z\u00f6lle oder Einfuhrsteuern anfallen. <\/p><div><strong>5. Lieferung und Verf\u00fcgbarkeit von Waren<\/strong><\/div><p>5.1 Die Bestellungen werden nach Zahlungseingang versandt (wenn Sie Vorkasse gew\u00e4hlt haben).<\/p><p>5.2 Wenn die Lieferung trotz dreier Versuche durch das Verschulden des Kunden fehlschl\u00e4gt, beh\u00e4lt sich der Verk\u00e4ufer das Recht vor, den Vertrag zu stornieren. Bereits geleistete Zahlungen werden abz\u00fcglich der Versandkosten zur\u00fcckerstattet. <\/p><p>5.3 Wenn ein Produkt aufgrund von Problemen beim Lieferanten, die au\u00dferhalb der Kontrolle des Verk\u00e4ufers liegen, nicht verf\u00fcgbar ist, kann der Verk\u00e4ufer die Bestellung stornieren und dem Kunden den Kaufpreis erstatten.<\/p><p>5.4 Kunden werden w\u00e4hrend des Bestellvorgangs \u00fcber Lieferzeiten und -beschr\u00e4nkungen informiert.<\/p><div><strong>6. R\u00fcckerstattung und R\u00fcckgabe<\/strong><\/div><p>6.1 Kunden k\u00f6nnen ihre Bestellung innerhalb von 30 Tagen nach Erhalt ohne Angabe von Gr\u00fcnden stornieren. Dazu m\u00fcssen sie den Verk\u00e4ufer schriftlich benachrichtigen (z.B. per E-Mail oder Brief). <\/p><p>6.2 Die Produkte m\u00fcssen unge\u00f6ffnet, unbenutzt und in der Originalverpackung zur\u00fcckgeschickt werden. R\u00fccksendungen werden nur bearbeitet, nachdem der Verk\u00e4ufer eine R\u00fcckgabeberechtigungsnummer erteilt hat. <\/p><p>6.3 Die R\u00fcckerstattung erfolgt ohne Versandkosten, Z\u00f6lle und Einfuhrsteuern. Die R\u00fcckerstattung erfolgt, nachdem der Verk\u00e4ufer die zur\u00fcckgegebenen Waren erhalten und gepr\u00fcft hat. <\/p><div><strong>7. Zahlungsvereinbarungen<\/strong><\/div><p>7.1 Kunden k\u00f6nnen w\u00e4hrend des Bestellvorgangs aus den verf\u00fcgbaren Zahlungsmethoden w\u00e4hlen.<\/p><p>7.2 Die Zahlung per Rechnung muss innerhalb von 30 Tagen nach Erhalt der Waren erfolgen. Alle anderen Zahlungen m\u00fcssen im Voraus geleistet werden. <\/p><p>7.3 Auf versp\u00e4tete Zahlungen werden gesetzliche Verzugszinsen erhoben. Dar\u00fcber hinaus kann ein weiterer Schadenersatz wegen versp\u00e4teter Zahlung geltend gemacht werden. <\/p><div><strong>8. Beibehaltung des Titels<\/strong><\/div><p>8.1 Die Waren bleiben bis zur vollst\u00e4ndigen Bezahlung Eigentum des Verk\u00e4ufers.<\/p><div><strong>9. M\u00e4ngelgew\u00e4hrleistung und Garantie<\/strong><\/div><p>9.1 Die Gew\u00e4hrleistungsrechte richten sich nach den gesetzlichen Bestimmungen.<\/p><p>9.2 Zus\u00e4tzliche Garantien gelten nur, wenn sie ausdr\u00fccklich auf der Produktseite angegeben sind.<\/p><div><strong>10. Haftung<\/strong><\/div><p>10.1 Der Verk\u00e4ufer haftet f\u00fcr Sch\u00e4den, die durch Vorsatz oder grobe Fahrl\u00e4ssigkeit verursacht wurden.<\/p><p>10.2 F\u00fcr leichte Fahrl\u00e4ssigkeit haftet der Verk\u00e4ufer nur bei Verletzung wesentlicher Vertragspflichten und beschr\u00e4nkt auf vorhersehbare Sch\u00e4den.<\/p><p>10.3 Die Haftung f\u00fcr Sch\u00e4den aus der Verletzung des Lebens, des K\u00f6rpers oder der Gesundheit bleibt hiervon unber\u00fchrt.<\/p><p><strong>11. Speicherung des Vertragstextes<\/strong><\/p><p>11.1 Kunden k\u00f6nnen den Vertragstext ausdrucken, bevor sie ihre Bestellung abschlie\u00dfen.<\/p><p>11.2 Die Bestelldaten und -bedingungen werden dem Kunden per E-Mail zugesandt, nachdem die Bestellung best\u00e4tigt wurde.<\/p><p>11.3 Die Vertr\u00e4ge werden vom Verk\u00e4ufer gespeichert, sind aber aus Sicherheitsgr\u00fcnden nicht online zug\u00e4nglich.<\/p><div> <\/div><p><strong>12. Schlussbestimmungen<\/strong><\/p><p>12.1 Gerichtsstand f\u00fcr alle Streitigkeiten ist der Sitz des Verk\u00e4ufers, wenn der Kunde ein Kaufmann ist.<\/p><p>12.2 Die Vertragssprache ist Niederl\u00e4ndisch und Englisch.<\/p><p>12.3 Die Online-Streitbeilegungsplattform der Europ\u00e4ischen Kommission finden Sie unter <a href=\"http:\/\/ec.europa.eu\/consumers\/odr\/\">http:\/\/ec.europa.eu\/consumers\/odr\/.<\/a> Der Verk\u00e4ufer ist nicht verpflichtet, an einem Streitbeilegungsverfahren vor einer Verbraucherschlichtungsstelle teilzunehmen. <\/p>\t\t\t\t\t\t\t\t<\/div>\n\t\t\t\t<\/div>\n\t\t\t\t\t<\/div>\n\t\t<\/div>\n\t\t\t\t\t<\/div>\n\t\t<\/section>\n\t\t\t\t<\/div>\n\t\t","protected":false},"excerpt":{"rendered":"<p>Bedingungen und Konditionen 1. Umfang 1.1 Diese Gesch\u00e4ftsbedingungen regeln die Gesch\u00e4ftsbeziehung zwischen KMblock.com (im Folgenden &#8222;Verk\u00e4ufer&#8220; genannt) und seinen Kunden (im Folgenden &#8222;Kunde&#8220; genannt) f\u00fcr alle Transaktionen, die \u00fcber die Website des Verk\u00e4ufers abgewickelt werden. 1.2 Der Kundendienst ist werktags von 10:00 bis 22:00 Uhr per E-Mail unter info@kmblock.com erreichbar . 1.3 Ein &#8222;Verbraucher&#8220; ist [&hellip;]<\/p>\n","protected":false},"author":6,"featured_media":0,"parent":0,"menu_order":0,"comment_status":"closed","ping_status":"closed","template":"elementor_header_footer","meta":{"footnotes":""},"class_list":["post-7339","page","type-page","status-publish","hentry"],"yoast_head":"<!-- This site is optimized with the Yoast SEO plugin v27.5 - https:\/\/yoast.com\/product\/yoast-seo-wordpress\/ -->\n<title>Bedingungen und Konditionen - KM Block<\/title>\n<meta name=\"robots\" content=\"index, follow, max-snippet:-1, max-image-preview:large, max-video-preview:-1\" \/>\n<meta property=\"og:locale\" content=\"de_DE\" \/>\n<meta property=\"og:type\" content=\"article\" \/>\n<meta property=\"og:title\" content=\"Bedingungen und Konditionen - KM Block\" \/>\n<meta property=\"og:description\" content=\"Bedingungen und Konditionen 1. Umfang 1.1 Diese Gesch\u00e4ftsbedingungen regeln die Gesch\u00e4ftsbeziehung zwischen KMblock.com (im Folgenden &#8222;Verk\u00e4ufer&#8220; genannt) und seinen Kunden (im Folgenden &#8222;Kunde&#8220; genannt) f\u00fcr alle Transaktionen, die \u00fcber die Website des Verk\u00e4ufers abgewickelt werden. 1.2 Der Kundendienst ist werktags von 10:00 bis 22:00 Uhr per E-Mail unter info@kmblock.com erreichbar . 1.3 Ein &#8222;Verbraucher&#8220; ist [&hellip;]\" \/>\n<meta property=\"og:url\" content=\"https:\/\/kmblock.com\/de\/bedingungen-und-konditionen\/\" \/>\n<meta property=\"og:site_name\" content=\"KM Block\" \/>\n<meta property=\"article:modified_time\" content=\"2025-10-20T18:46:44+00:00\" \/>\n<meta name=\"twitter:card\" content=\"summary_large_image\" \/>\n<meta name=\"twitter:label1\" content=\"Gesch\u00e4tzte Lesezeit\" \/>\n\t<meta name=\"twitter:data1\" content=\"4\u00a0Minuten\" \/>\n<script type=\"application\/ld+json\" class=\"yoast-schema-graph\">{\"@context\":\"https:\\\/\\\/schema.org\",\"@graph\":[{\"@type\":\"WebPage\",\"@id\":\"https:\\\/\\\/kmblock.com\\\/de\\\/bedingungen-und-konditionen\\\/\",\"url\":\"https:\\\/\\\/kmblock.com\\\/de\\\/bedingungen-und-konditionen\\\/\",\"name\":\"Bedingungen und Konditionen - KM Block\",\"isPartOf\":{\"@id\":\"https:\\\/\\\/kmblock.com\\\/de\\\/#website\"},\"datePublished\":\"2024-08-12T00:44:58+00:00\",\"dateModified\":\"2025-10-20T18:46:44+00:00\",\"breadcrumb\":{\"@id\":\"https:\\\/\\\/kmblock.com\\\/de\\\/bedingungen-und-konditionen\\\/#breadcrumb\"},\"inLanguage\":\"de\",\"potentialAction\":[{\"@type\":\"ReadAction\",\"target\":[\"https:\\\/\\\/kmblock.com\\\/de\\\/bedingungen-und-konditionen\\\/\"]}]},{\"@type\":\"BreadcrumbList\",\"@id\":\"https:\\\/\\\/kmblock.com\\\/de\\\/bedingungen-und-konditionen\\\/#breadcrumb\",\"itemListElement\":[{\"@type\":\"ListItem\",\"position\":1,\"name\":\"Startseite\",\"item\":\"https:\\\/\\\/kmblock.com\\\/de\\\/\"},{\"@type\":\"ListItem\",\"position\":2,\"name\":\"Bedingungen und Konditionen\"}]},{\"@type\":\"WebSite\",\"@id\":\"https:\\\/\\\/kmblock.com\\\/de\\\/#website\",\"url\":\"https:\\\/\\\/kmblock.com\\\/de\\\/\",\"name\":\"KM Block\",\"description\":\"\",\"publisher\":{\"@id\":\"https:\\\/\\\/kmblock.com\\\/de\\\/#organization\"},\"potentialAction\":[{\"@type\":\"SearchAction\",\"target\":{\"@type\":\"EntryPoint\",\"urlTemplate\":\"https:\\\/\\\/kmblock.com\\\/de\\\/?s={search_term_string}\"},\"query-input\":{\"@type\":\"PropertyValueSpecification\",\"valueRequired\":true,\"valueName\":\"search_term_string\"}}],\"inLanguage\":\"de\"},{\"@type\":\"Organization\",\"@id\":\"https:\\\/\\\/kmblock.com\\\/de\\\/#organization\",\"name\":\"KM-Block\",\"url\":\"https:\\\/\\\/kmblock.com\\\/de\\\/\",\"logo\":{\"@type\":\"ImageObject\",\"inLanguage\":\"de\",\"@id\":\"https:\\\/\\\/kmblock.com\\\/de\\\/#\\\/schema\\\/logo\\\/image\\\/\",\"url\":\"https:\\\/\\\/kmblock.com\\\/wp-content\\\/uploads\\\/2024\\\/08\\\/main-logo.png\",\"contentUrl\":\"https:\\\/\\\/kmblock.com\\\/wp-content\\\/uploads\\\/2024\\\/08\\\/main-logo.png\",\"width\":186,\"height\":28,\"caption\":\"KM-Block\"},\"image\":{\"@id\":\"https:\\\/\\\/kmblock.com\\\/de\\\/#\\\/schema\\\/logo\\\/image\\\/\"}}]}<\/script>\n<!-- \/ Yoast SEO plugin. -->","yoast_head_json":{"title":"Bedingungen und Konditionen - KM Block","robots":{"index":"index","follow":"follow","max-snippet":"max-snippet:-1","max-image-preview":"max-image-preview:large","max-video-preview":"max-video-preview:-1"},"og_locale":"de_DE","og_type":"article","og_title":"Bedingungen und Konditionen - KM Block","og_description":"Bedingungen und Konditionen 1. Umfang 1.1 Diese Gesch\u00e4ftsbedingungen regeln die Gesch\u00e4ftsbeziehung zwischen KMblock.com (im Folgenden &#8222;Verk\u00e4ufer&#8220; genannt) und seinen Kunden (im Folgenden &#8222;Kunde&#8220; genannt) f\u00fcr alle Transaktionen, die \u00fcber die Website des Verk\u00e4ufers abgewickelt werden. 1.2 Der Kundendienst ist werktags von 10:00 bis 22:00 Uhr per E-Mail unter info@kmblock.com erreichbar . 1.3 Ein &#8222;Verbraucher&#8220; ist [&hellip;]","og_url":"https:\/\/kmblock.com\/de\/bedingungen-und-konditionen\/","og_site_name":"KM Block","article_modified_time":"2025-10-20T18:46:44+00:00","twitter_card":"summary_large_image","twitter_misc":{"Gesch\u00e4tzte Lesezeit":"4\u00a0Minuten"},"schema":{"@context":"https:\/\/schema.org","@graph":[{"@type":"WebPage","@id":"https:\/\/kmblock.com\/de\/bedingungen-und-konditionen\/","url":"https:\/\/kmblock.com\/de\/bedingungen-und-konditionen\/","name":"Bedingungen und Konditionen - KM Block","isPartOf":{"@id":"https:\/\/kmblock.com\/de\/#website"},"datePublished":"2024-08-12T00:44:58+00:00","dateModified":"2025-10-20T18:46:44+00:00","breadcrumb":{"@id":"https:\/\/kmblock.com\/de\/bedingungen-und-konditionen\/#breadcrumb"},"inLanguage":"de","potentialAction":[{"@type":"ReadAction","target":["https:\/\/kmblock.com\/de\/bedingungen-und-konditionen\/"]}]},{"@type":"BreadcrumbList","@id":"https:\/\/kmblock.com\/de\/bedingungen-und-konditionen\/#breadcrumb","itemListElement":[{"@type":"ListItem","position":1,"name":"Startseite","item":"https:\/\/kmblock.com\/de\/"},{"@type":"ListItem","position":2,"name":"Bedingungen und Konditionen"}]},{"@type":"WebSite","@id":"https:\/\/kmblock.com\/de\/#website","url":"https:\/\/kmblock.com\/de\/","name":"KM Block","description":"","publisher":{"@id":"https:\/\/kmblock.com\/de\/#organization"},"potentialAction":[{"@type":"SearchAction","target":{"@type":"EntryPoint","urlTemplate":"https:\/\/kmblock.com\/de\/?s={search_term_string}"},"query-input":{"@type":"PropertyValueSpecification","valueRequired":true,"valueName":"search_term_string"}}],"inLanguage":"de"},{"@type":"Organization","@id":"https:\/\/kmblock.com\/de\/#organization","name":"KM-Block","url":"https:\/\/kmblock.com\/de\/","logo":{"@type":"ImageObject","inLanguage":"de","@id":"https:\/\/kmblock.com\/de\/#\/schema\/logo\/image\/","url":"https:\/\/kmblock.com\/wp-content\/uploads\/2024\/08\/main-logo.png","contentUrl":"https:\/\/kmblock.com\/wp-content\/uploads\/2024\/08\/main-logo.png","width":186,"height":28,"caption":"KM-Block"},"image":{"@id":"https:\/\/kmblock.com\/de\/#\/schema\/logo\/image\/"}}]}},"_links":{"self":[{"href":"https:\/\/kmblock.com\/de\/wp-json\/wp\/v2\/pages\/7339","targetHints":{"allow":["GET"]}}],"collection":[{"href":"https:\/\/kmblock.com\/de\/wp-json\/wp\/v2\/pages"}],"about":[{"href":"https:\/\/kmblock.com\/de\/wp-json\/wp\/v2\/types\/page"}],"author":[{"embeddable":true,"href":"https:\/\/kmblock.com\/de\/wp-json\/wp\/v2\/users\/6"}],"replies":[{"embeddable":true,"href":"https:\/\/kmblock.com\/de\/wp-json\/wp\/v2\/comments?post=7339"}],"version-history":[{"count":1,"href":"https:\/\/kmblock.com\/de\/wp-json\/wp\/v2\/pages\/7339\/revisions"}],"predecessor-version":[{"id":7341,"href":"https:\/\/kmblock.com\/de\/wp-json\/wp\/v2\/pages\/7339\/revisions\/7341"}],"wp:attachment":[{"href":"https:\/\/kmblock.com\/de\/wp-json\/wp\/v2\/media?parent=7339"}],"curies":[{"name":"wp","href":"https:\/\/api.w.org\/{rel}","templated":true}]}}